              {"id":4150,"date":"2014-10-17T18:46:42","date_gmt":"2014-10-17T18:46:42","guid":{"rendered":"http:\/\/ausasteel.irantzu.com\/aceros-especiales-2\/"},"modified":"2019-06-19T11:12:30","modified_gmt":"2019-06-19T11:12:30","slug":"aciers-speciaux","status":"publish","type":"page","link":"https:\/\/www.ausasteel.com\/fr\/aciers\/aciers-speciaux\/","title":{"rendered":"Aciers sp\u00e9ciaux"},"content":{"rendered":"<div class=\"wpb-content-wrapper\"><div class=\"row\">\n<div class=\"container\">\n<h1>Aciers sp\u00e9ciaux<\/h1>\n<h3>Les <strong>aciers sp\u00e9ciaux<\/strong> -aciers lamin\u00e9s et aciers forg\u00e9s- offrent une <strong>grande versatilit\u00e9 d&#8217;utilisation<\/strong> et sont des <strong>aciers de tr\u00e8s bonne acceptation.<\/strong> Ils offrent de nombreuses possibilit\u00e9s d&#8217;utilisation dans tous les secteurs industriels.<\/h3>\n<div class=\"container_imagen\">\n<img decoding=\"async\" alt=\"Aciers sp\u00e9ciaux\" title=\"Aciers sp\u00e9ciaux\" src=\"\/wp-content\/uploads\/2014\/10\/Aciers-Speciaux-AUSA.jpg\">\n<\/div>\n<\/div>\n<\/div>\n<div class=\"row\">\n<div class=\"container gris\">\n[vc_widget_sidebar show_bg=&#8221;false&#8221; sidebar_id=&#8221;sidebar_4&#8243;]\n<\/div>\n<\/div>\n<div class=\"row\" id=\"ventajas\">\n<div class=\"container\">\n<h2>Avantages<\/h2>\n<p>Notre <strong>objectif est de r\u00e9pondre aux besoins de nos clients<\/strong> et nous le faisons en nous appuyant sur le <strong>professionnalisme <\/strong>de notre \u00e9quipe humaine, la <strong>sp\u00e9cialisation<\/strong> en aciers de qualit\u00e9 et la <strong>proximit\u00e9<\/strong> avec nos clients.<\/p>\n<div class=\"cuadro\">\n[vc_column width=&#8221;1\/1&#8243;]<section id=\"benefits-grid-1\" class=\"benefits-grid wf-container icons-bg\"><div class=\"wf-cell wf-1-4\"><div class=\"borders\"><div class=\"text-normal\"><span class=\"benefits-grid-ico\"><img loading=\"lazy\" decoding=\"async\" src=\"https:\/\/www.ausasteel.com\/wp-content\/uploads\/2018\/08\/calidad-2.png\" width=\"200\" height=\"200\"  alt=\"\" \/><\/span><h4>QUALIT\u00c9<\/h4><p>Nous poss\u00e9dons un <strong>strict syst\u00e8me de qualit\u00e9<\/strong> qui contr\u00f4le tous les proc\u00e9d\u00e9s et techniques garantissant un mat\u00e9riau de qualit\u00e9 homog\u00e8ne. AUSA est certifi\u00e9e par la norme <a title=\"ISO_9001\" href=\"\/fr\/information-technique\/certificats-ausa\/certificats-iso\/\" target=\"_blank\" rel=\"noopener\">ISO 9001:2015.<\/a><\/p><!-- AddThis Advanced Settings generic via filter on the_content --><\/div><\/div><\/div><div class=\"wf-cell wf-1-4\"><div class=\"borders\"><div class=\"text-normal\"><span class=\"benefits-grid-ico\"><img loading=\"lazy\" decoding=\"async\" src=\"https:\/\/www.ausasteel.com\/wp-content\/uploads\/2018\/08\/stock_mueble-2.png\" width=\"200\" height=\"200\"  alt=\"\" \/><\/span><h4>STOCK<\/h4><p>Nous poss\u00e9dons aujourd&#8217;hui <strong>plus<\/strong> <strong>100.000 tonnes<\/strong> d&#8217;aciers sp\u00e9ciaux en stock r\u00e9partis dans nos centres d&#8217;approvisionnement, ce qui <strong>garantit un approvisionnement imm\u00e9diat.<\/strong><\/p><!-- AddThis Advanced Settings generic via filter on the_content --><\/div><\/div><\/div><div class=\"wf-cell wf-1-4\"><div class=\"borders\"><div class=\"text-normal\"><span class=\"benefits-grid-ico\"><img loading=\"lazy\" decoding=\"async\" src=\"https:\/\/www.ausasteel.com\/wp-content\/uploads\/2018\/08\/experiencia-2.png\" width=\"200\" height=\"200\"  alt=\"\" \/><\/span><h4>Exp\u00e9rience<\/h4><p>Depuis 1.957, nous fournissons des <strong>aciers sp\u00e9ciaux<\/strong> aux entreprises industrielles de tout type de secteurs: automobile, forge, machine-outil, moulistes, d\u00e9colletage, a\u00e9ronautique, agriculture&#8230;<\/p><!-- AddThis Advanced Settings generic via filter on the_content --><\/div><\/div><\/div><\/section>[vc_column]\n<\/div>\n<\/div>\n<\/div>\n<div class=\"row gris\" id=\"informacion_tecnica\">\n<div class=\"container\">\n<h2>Information technique<\/h2>\n<p>[vc_widget_sidebar show_bg=&#8221;false&#8221; sidebar_id=&#8221;sidebar_26&#8243;]\n<\/p><\/div>\n<\/div>\n<p><!--\n\n[vc_row margin_top=\"0\" margin_bottom=\"0\" padding_left=\"40\" padding_right=\"40\" bg_position=\"top\" bg_repeat=\"no-repeat\" bg_cover=\"false\" bg_attachment=\"false\" padding_top=\"40\" padding_bottom=\"40\" parallax_speed=\"0.1\" el_class=\"dt-fancy-title\"][vc_column width=\"1\/1\"][vc_column_text]\n\n\n<h2>Approvisionnement en aciers sp\u00e9ciaux<\/h2>\n\n\n[\/vc_column_text][\/vc_column][\/vc_row][vc_row padding_left=\"40\" padding_right=\"40\" bg_position=\"top\" bg_repeat=\"no-repeat\" bg_cover=\"false\" bg_attachment=\"false\" padding_top=\"40\" padding_bottom=\"40\" parallax_speed=\"0.1\" el_class=\"texto-image\" margin_top=\"0\" margin_bottom=\"40\"][vc_column width=\"1\/2\"][vc_column_text el_class=\"description-text\"]Les <strong>aciers sp\u00e9ciaux<\/strong> -aciers lamin\u00e9s et aciers forg\u00e9s- offrent une <strong>grande versatilit\u00e9 d'utilisation<\/strong> et sont des <strong>aciers de tr\u00e8s bonne acceptation.<\/strong> Ils offrent de nombreuses possibilit\u00e9s d'utilisation dans tous les secteurs industriels.\n\nChez <strong>AUSA,<\/strong> nous sommes sp\u00e9cialis\u00e9s dans l'<strong>approvisionnement en aciers sp\u00e9ciaux.<\/strong> Nous nous <strong>d\u00e9marquons<\/strong> par le fait d'offrir un bon <strong>service de livraison<\/strong> (situation strat\u00e9gique de nos entrep\u00f4ts et propre flotte de camions), un large <strong>stock<\/strong> et par la <strong>qualit\u00e9<\/strong> homog\u00e8ne de nos aciers sp\u00e9ciaux.\n\nLes <strong>types d'aciers sp\u00e9ciaux<\/strong> que nous fournissons sont : aciers au carbone, aciers alli\u00e9s trempe et revenu, aciers de c\u00e9mentation, barre perfor\u00e9e, aciers \u00e0 roulements, aciers \u00e0 ressorts, aciers \u00e0 outils travail \u00e0 froid, aciers \u00e0 outils travail \u00e0 chaud, aciers \u00e0 usinage facile, aciers inoxydables et aciers au bore.[\/vc_column_text][\/vc_column][vc_column width=\"1\/2\"][vc_column_text]<img loading=\"lazy\" decoding=\"async\" class=\"alignnone size-full wp-image-11204\" src=\"https:\/\/www.ausasteel.com\/wp-content\/uploads\/2014\/10\/Aciers-Speciaux-AUSA.jpg\" alt=\"Aciers-Speciaux-AUSA\" width=\"400\" height=\"400\" srcset=\"https:\/\/www.ausasteel.com\/wp-content\/uploads\/2014\/10\/Aciers-Speciaux-AUSA.jpg 400w, https:\/\/www.ausasteel.com\/wp-content\/uploads\/2014\/10\/Aciers-Speciaux-AUSA-150x150.jpg 150w, https:\/\/www.ausasteel.com\/wp-content\/uploads\/2014\/10\/Aciers-Speciaux-AUSA-300x300.jpg 300w\" sizes=\"auto, (max-width: 400px) 100vw, 400px\" \/>[\/vc_column_text][\/vc_column][\/vc_row][vc_row margin_top=\"0\" margin_bottom=\"0\" padding_left=\"40\" padding_right=\"40\" bg_position=\"top\" bg_repeat=\"no-repeat\" bg_cover=\"false\" bg_attachment=\"false\" padding_top=\"40\" padding_bottom=\"40\" parallax_speed=\"0.1\" el_class=\"dt-fancy-title\" animation=\"right-to-left\"][vc_column width=\"1\/1\"][vc_column_text]\n\n\n<h2>Avantages de nos aciers sp\u00e9ciaux<\/h2>\n\n\n[\/vc_column_text][\/vc_column][\/vc_row][vc_row margin_top=\"0\" margin_bottom=\"40\" padding_left=\"40\" padding_right=\"40\" bg_position=\"top\" bg_repeat=\"no-repeat\" bg_cover=\"false\" bg_attachment=\"false\" padding_top=\"40\" padding_bottom=\"40\" parallax_speed=\"0.1\" animation=\"scale-up\"][vc_column width=\"1\/1\"][dt_benefits_vc columns=\"2\" style=\"3\" dividers=\"true\" image_background=\"false\" image_background_color=\"#ffffff\" target_blank=\"false\" header_size=\"h1\" content_size=\"normal\" number=\"2\" orderby=\"date\" order=\"desc\" animation=\"bottom\" category=\"aceros-especiales,ventajas-de-nuestros-aceros-especiales\"][vc_column_text]Nous offrons des services compl\u00e9mentaires de <strong>coupe et calibrage<\/strong> \u00e0 nos clients.[\/vc_column_text][\/vc_column][\/vc_row][vc_row margin_top=\"0\" margin_bottom=\"0\" padding_left=\"40\" padding_right=\"40\" bg_position=\"top\" bg_repeat=\"no-repeat\" bg_cover=\"false\" bg_attachment=\"false\" padding_top=\"40\" padding_bottom=\"40\" parallax_speed=\"0.1\" el_class=\"dt-fancy-title\" animation=\"left-to-right\"][vc_column width=\"1\/1\"][vc_column_text]\n\n\n<h2>Exp\u00e9rience<\/h2>\n\n\n[\/vc_column_text][\/vc_column][\/vc_row][vc_row margin_top=\"0\" margin_bottom=\"0\" padding_left=\"40\" padding_right=\"40\" animation=\"fade-in\" bg_position=\"top\" bg_repeat=\"no-repeat\" bg_cover=\"false\" bg_attachment=\"false\" padding_top=\"40\" padding_bottom=\"40\" parallax_speed=\"0.1\"][vc_column width=\"1\/1\"][vc_column_text css_animation=\"bottom-to-top\"]Depuis 1.957, nous fournissons des <strong>aciers sp\u00e9ciaux<\/strong> aux entreprises industrielles de tout type de secteurs : automobile, forge, machine-outil, moulistes, d\u00e9colletage, a\u00e9ronautique, agriculture...\n\nNotre <strong>objectif est de r\u00e9pondre aux besoins de nos clients<\/strong> et nous le faisons en nous appuyant sur le <strong>professionnalisme <\/strong>de notre \u00e9quipe humaine, la <strong>sp\u00e9cialisation<\/strong> en aciers de qualit\u00e9 et la <strong>proximit\u00e9<\/strong> avec nos clients.[\/vc_column_text][\/vc_column][\/vc_row][vc_row margin_top=\"50px\" margin_bottom=\"50px\" bg_position=\"top\" bg_repeat=\"no-repeat\" bg_cover=\"false\" bg_attachment=\"false\" padding_top=\"40\" padding_bottom=\"40\" parallax_speed=\"0.1\" padding_left=\"40\" padding_right=\"40\"][vc_column width=\"1\/1\" el_class=\"solicita-presupuesto\"][vc_raw_js]JTNDYSUyMG9uY2xpY2slM0QlMjJqUXVlcnklMjglMjdodG1sJTJDJTIwYm9keSUyNyUyOS5hbmltYXRlJTI4JTdCc2Nyb2xsVG9wJTNBalF1ZXJ5JTI4JTI3JTIzeW91ci1uYW1lJTI3JTI5Lm9mZnNldCUyOCUyOS50b3AlMjAtJTIwMjUwJTdEJTJDMTAwMCUyQyUyMGZ1bmN0aW9uJTI4JTI5JTdCalF1ZXJ5JTI4JTI3JTIzeW91ci1uYW1lJTI3JTI5LmZvY3VzJTI4JTI5JTNCalF1ZXJ5JTI4JTI3JTIzdGV4dC0xMiUyNyUyOS5hdHRyJTI4JTI3c3R5bGUlMjclMkMlMjdib3gtc2hhZG93JTNBMCUyMDAlMjAyMHB4JTIwJTIzYWFhJTNCJTI3JTI5JTNCc2V0VGltZW91dCUyOGZ1bmN0aW9uJTI4JTI5JTdCalF1ZXJ5JTI4JTI3JTIzdGV4dC0xMiUyNyUyOS5hdHRyJTI4JTI3c3R5bGUlMjclMkMlMjdib3gtc2hhZG93JTNBMCUzQiUyNyUyOSUzQiU3RCUyQzEwMDAlMjklM0IlN0QlMjklM0JyZXR1cm4lMjBmYWxzZSUzQiUyMiUyMGNsYXNzJTNEJTIyZHQtYnRuJTIwZHQtYnRuLWwlMjIlMjBzdHlsZSUzRCUyMmZvbnQtd2VpZ2h0JTNBJTIwYm9sZCUzQiUyMHBhZGRpbmctbGVmdCUzQSUyMDMwcHglM0IlMjBwYWRkaW5nLXJpZ2h0JTNBJTIwMzBweCUzQiUyMHRleHQtYWxpZ24lM0ElMjBjZW50ZXIlM0IlMjIlMjBocmVmJTNEJTIyJTIzJTIyJTNFRGVtYW5kZXolMjB1biUyMGRldmlzJTNDJTJGYSUzRQ==[\/vc_raw_js][\/vc_column][\/vc_row][vc_row margin_top=\"40px\" margin_bottom=\"40px\" type=\"1\" bg_color=\"#f6f6f6\" bg_position=\"top\" bg_repeat=\"no-repeat\" bg_cover=\"true\" bg_attachment=\"false\" padding_top=\"50px\" padding_bottom=\"100px\" parallax_speed=\"0.1\" padding_left=\"40\" padding_right=\"40\" el_class=\"descarga-catalogos a-center\" animation=\"scale-up\"][vc_column width=\"1\/1\"][vc_column_text]\n\n\n<h2>T\u00e9l\u00e9chargez en PDF nos aciers sp\u00e9ciaux<\/h2>\n\n\n[\/vc_column_text][vc_column_text el_class=\"pdf-catalogo\" css=\".vc_custom_1504625497254{margin-top: 20px !important;}\"]\n\n\n<p style=\"text-align: center; font-size: 20px;\"><strong><a href=\"https:\/\/www.ausasteel.com\/wp-content\/uploads\/2017\/09\/Aceros-Especiales-AUSA1.pdf\" target=\"_blank\">Catalogue aciers sp\u00e9ciaux AUSA<\/a><\/strong><\/p>\n\n\n[\/vc_column_text][\/vc_column][\/vc_row][vc_row margin_top=\"0\" margin_bottom=\"0\" padding_left=\"40\" padding_right=\"40\" bg_position=\"top\" bg_repeat=\"no-repeat\" bg_cover=\"false\" bg_attachment=\"false\" padding_top=\"40\" padding_bottom=\"40\" parallax_speed=\"0.1\" el_class=\"dt-fancy-title\"][vc_column width=\"1\/1\"][vc_column_text]\n\n\n<h2>\u00bfQuels types d'aciers sp\u00e9ciaux travaille AUSA?<\/h2>\n\n\n[\/vc_column_text][\/vc_column][\/vc_row][vc_row margin_top=\"0\" margin_bottom=\"30\" padding_left=\"40\" padding_right=\"40\" bg_position=\"top\" bg_repeat=\"no-repeat\" bg_cover=\"false\" bg_attachment=\"false\" padding_top=\"40\" padding_bottom=\"40\" parallax_speed=\"0.1\" animation=\"fade-in\" el_class=\"dest\"][vc_column width=\"1\/1\"][vc_column_text]\n\n\n<p style=\"text-align: center;\"><strong>AUSA <\/strong>travaille avec diff\u00e9rentes qualit\u00e9s d'aciers sp\u00e9ciaux. Les propri\u00e9t\u00e9s, applications, composition chimique, \u00e9quivalences, traitements thermiques et dimensions varient en fonction de la qualit\u00e9 choisie.<\/p>\n\n\n[\/vc_column_text][\/vc_column][\/vc_row][vc_row el_class=\"menu-inferior\" margin_top=\"0\" margin_bottom=\"40px\" padding_left=\"40\" padding_right=\"40\" bg_position=\"top\" bg_repeat=\"no-repeat\" bg_cover=\"false\" bg_attachment=\"false\" padding_top=\"40\" padding_bottom=\"40\" parallax_speed=\"0.1\" animation=\"fade-in\"][vc_column width=\"1\/1\"][vc_widget_sidebar show_bg=\"false\" sidebar_id=\"sidebar_4\"][\/vc_column][\/vc_row]\n\n--><\/p>\n<\/div>","protected":false},"excerpt":{"rendered":"<p>Aciers sp\u00e9ciaux Les aciers sp\u00e9ciaux -aciers lamin\u00e9s et aciers forg\u00e9s- offrent une grande versatilit\u00e9 d&#8217;utilisation et sont des aciers de tr\u00e8s bonne acceptation. Ils offrent de nombreuses possibilit\u00e9s d&#8217;utilisation dans tous les secteurs industriels. [vc_widget_sidebar show_bg=&#8221;false&#8221; sidebar_id=&#8221;sidebar_4&#8243;] Avantages Notre objectif est de r\u00e9pondre aux besoins de nos clients et nous le faisons en nous appuyant&hellip;<!-- AddThis Advanced Settings generic via filter on get_the_excerpt --><\/p>\n","protected":false},"author":1,"featured_media":0,"parent":13726,"menu_order":0,"comment_status":"closed","ping_status":"closed","template":"","meta":{"footnotes":""},"class_list":["post-4150","page","type-page","status-publish","hentry"],"yoast_head":"<!-- This site is optimized with the Yoast SEO plugin v26.6 - https:\/\/yoast.com\/wordpress\/plugins\/seo\/ -->\n<title>Aciers sp\u00e9ciaux - AUSA special steels<\/title>\n<meta name=\"robots\" content=\"index, follow, max-snippet:-1, max-image-preview:large, max-video-preview:-1\" \/>\n<link rel=\"canonical\" href=\"https:\/\/www.ausasteel.com\/fr\/aciers\/aciers-speciaux\/\" \/>\n<meta property=\"og:locale\" content=\"fr_FR\" \/>\n<meta property=\"og:type\" content=\"article\" \/>\n<meta property=\"og:title\" content=\"Aciers sp\u00e9ciaux - AUSA special steels\" \/>\n<meta property=\"og:description\" content=\"Aciers sp\u00e9ciaux Les aciers sp\u00e9ciaux -aciers lamin\u00e9s et aciers forg\u00e9s- offrent une grande versatilit\u00e9 d&#8217;utilisation et sont des aciers de tr\u00e8s bonne acceptation. Ils offrent de nombreuses possibilit\u00e9s d&#8217;utilisation dans tous les secteurs industriels. [vc_widget_sidebar show_bg=&#8221;false&#8221; sidebar_id=&#8221;sidebar_4&#8243;] Avantages Notre objectif est de r\u00e9pondre aux besoins de nos clients et nous le faisons en nous appuyant&hellip;\" \/>\n<meta property=\"og:url\" content=\"https:\/\/www.ausasteel.com\/fr\/aciers\/aciers-speciaux\/\" \/>\n<meta property=\"og:site_name\" content=\"AUSA special steels\" \/>\n<meta property=\"article:modified_time\" content=\"2019-06-19T11:12:30+00:00\" \/>\n<meta property=\"og:image\" content=\"https:\/\/www.ausasteel.com\/wp-content\/uploads\/2014\/10\/Aciers-Speciaux-AUSA.jpg\" \/>\n<meta name=\"twitter:label1\" content=\"Est. reading time\" \/>\n\t<meta name=\"twitter:data1\" content=\"1 minute\" \/>\n<script type=\"application\/ld+json\" class=\"yoast-schema-graph\">{\"@context\":\"https:\/\/schema.org\",\"@graph\":[{\"@type\":\"WebPage\",\"@id\":\"https:\/\/www.ausasteel.com\/fr\/aciers\/aciers-speciaux\/\",\"url\":\"https:\/\/www.ausasteel.com\/fr\/aciers\/aciers-speciaux\/\",\"name\":\"Aciers sp\u00e9ciaux - AUSA special steels\",\"isPartOf\":{\"@id\":\"https:\/\/www.ausasteel.com\/fr\/#website\"},\"primaryImageOfPage\":{\"@id\":\"https:\/\/www.ausasteel.com\/fr\/aciers\/aciers-speciaux\/#primaryimage\"},\"image\":{\"@id\":\"https:\/\/www.ausasteel.com\/fr\/aciers\/aciers-speciaux\/#primaryimage\"},\"thumbnailUrl\":\"https:\/\/www.ausasteel.com\/wp-content\/uploads\/2014\/10\/Aciers-Speciaux-AUSA.jpg\",\"datePublished\":\"2014-10-17T18:46:42+00:00\",\"dateModified\":\"2019-06-19T11:12:30+00:00\",\"breadcrumb\":{\"@id\":\"https:\/\/www.ausasteel.com\/fr\/aciers\/aciers-speciaux\/#breadcrumb\"},\"inLanguage\":\"fr-FR\",\"potentialAction\":[{\"@type\":\"ReadAction\",\"target\":[\"https:\/\/www.ausasteel.com\/fr\/aciers\/aciers-speciaux\/\"]}]},{\"@type\":\"ImageObject\",\"inLanguage\":\"fr-FR\",\"@id\":\"https:\/\/www.ausasteel.com\/fr\/aciers\/aciers-speciaux\/#primaryimage\",\"url\":\"https:\/\/www.ausasteel.com\/wp-content\/uploads\/2014\/10\/Aciers-Speciaux-AUSA.jpg\",\"contentUrl\":\"https:\/\/www.ausasteel.com\/wp-content\/uploads\/2014\/10\/Aciers-Speciaux-AUSA.jpg\"},{\"@type\":\"BreadcrumbList\",\"@id\":\"https:\/\/www.ausasteel.com\/fr\/aciers\/aciers-speciaux\/#breadcrumb\",\"itemListElement\":[{\"@type\":\"ListItem\",\"position\":1,\"name\":\"Portada\",\"item\":\"https:\/\/www.ausasteel.com\/fr\/\"},{\"@type\":\"ListItem\",\"position\":2,\"name\":\"Aciers\",\"item\":\"https:\/\/www.ausasteel.com\/fr\/aciers\/\"},{\"@type\":\"ListItem\",\"position\":3,\"name\":\"Aciers sp\u00e9ciaux\"}]},{\"@type\":\"WebSite\",\"@id\":\"https:\/\/www.ausasteel.com\/fr\/#website\",\"url\":\"https:\/\/www.ausasteel.com\/fr\/\",\"name\":\"AUSA special steels\",\"description\":\"AUSA special steels\",\"potentialAction\":[{\"@type\":\"SearchAction\",\"target\":{\"@type\":\"EntryPoint\",\"urlTemplate\":\"https:\/\/www.ausasteel.com\/fr\/?s={search_term_string}\"},\"query-input\":{\"@type\":\"PropertyValueSpecification\",\"valueRequired\":true,\"valueName\":\"search_term_string\"}}],\"inLanguage\":\"fr-FR\"}]}<\/script>\n<!-- \/ Yoast SEO plugin. -->","yoast_head_json":{"title":"Aciers sp\u00e9ciaux - AUSA special steels","robots":{"index":"index","follow":"follow","max-snippet":"max-snippet:-1","max-image-preview":"max-image-preview:large","max-video-preview":"max-video-preview:-1"},"canonical":"https:\/\/www.ausasteel.com\/fr\/aciers\/aciers-speciaux\/","og_locale":"fr_FR","og_type":"article","og_title":"Aciers sp\u00e9ciaux - AUSA special steels","og_description":"Aciers sp\u00e9ciaux Les aciers sp\u00e9ciaux -aciers lamin\u00e9s et aciers forg\u00e9s- offrent une grande versatilit\u00e9 d&#8217;utilisation et sont des aciers de tr\u00e8s bonne acceptation. Ils offrent de nombreuses possibilit\u00e9s d&#8217;utilisation dans tous les secteurs industriels. [vc_widget_sidebar show_bg=&#8221;false&#8221; sidebar_id=&#8221;sidebar_4&#8243;] Avantages Notre objectif est de r\u00e9pondre aux besoins de nos clients et nous le faisons en nous appuyant&hellip;","og_url":"https:\/\/www.ausasteel.com\/fr\/aciers\/aciers-speciaux\/","og_site_name":"AUSA special steels","article_modified_time":"2019-06-19T11:12:30+00:00","og_image":[{"url":"https:\/\/www.ausasteel.com\/wp-content\/uploads\/2014\/10\/Aciers-Speciaux-AUSA.jpg","type":"","width":"","height":""}],"twitter_misc":{"Est. reading time":"1 minute"},"schema":{"@context":"https:\/\/schema.org","@graph":[{"@type":"WebPage","@id":"https:\/\/www.ausasteel.com\/fr\/aciers\/aciers-speciaux\/","url":"https:\/\/www.ausasteel.com\/fr\/aciers\/aciers-speciaux\/","name":"Aciers sp\u00e9ciaux - AUSA special steels","isPartOf":{"@id":"https:\/\/www.ausasteel.com\/fr\/#website"},"primaryImageOfPage":{"@id":"https:\/\/www.ausasteel.com\/fr\/aciers\/aciers-speciaux\/#primaryimage"},"image":{"@id":"https:\/\/www.ausasteel.com\/fr\/aciers\/aciers-speciaux\/#primaryimage"},"thumbnailUrl":"https:\/\/www.ausasteel.com\/wp-content\/uploads\/2014\/10\/Aciers-Speciaux-AUSA.jpg","datePublished":"2014-10-17T18:46:42+00:00","dateModified":"2019-06-19T11:12:30+00:00","breadcrumb":{"@id":"https:\/\/www.ausasteel.com\/fr\/aciers\/aciers-speciaux\/#breadcrumb"},"inLanguage":"fr-FR","potentialAction":[{"@type":"ReadAction","target":["https:\/\/www.ausasteel.com\/fr\/aciers\/aciers-speciaux\/"]}]},{"@type":"ImageObject","inLanguage":"fr-FR","@id":"https:\/\/www.ausasteel.com\/fr\/aciers\/aciers-speciaux\/#primaryimage","url":"https:\/\/www.ausasteel.com\/wp-content\/uploads\/2014\/10\/Aciers-Speciaux-AUSA.jpg","contentUrl":"https:\/\/www.ausasteel.com\/wp-content\/uploads\/2014\/10\/Aciers-Speciaux-AUSA.jpg"},{"@type":"BreadcrumbList","@id":"https:\/\/www.ausasteel.com\/fr\/aciers\/aciers-speciaux\/#breadcrumb","itemListElement":[{"@type":"ListItem","position":1,"name":"Portada","item":"https:\/\/www.ausasteel.com\/fr\/"},{"@type":"ListItem","position":2,"name":"Aciers","item":"https:\/\/www.ausasteel.com\/fr\/aciers\/"},{"@type":"ListItem","position":3,"name":"Aciers sp\u00e9ciaux"}]},{"@type":"WebSite","@id":"https:\/\/www.ausasteel.com\/fr\/#website","url":"https:\/\/www.ausasteel.com\/fr\/","name":"AUSA special steels","description":"AUSA special steels","potentialAction":[{"@type":"SearchAction","target":{"@type":"EntryPoint","urlTemplate":"https:\/\/www.ausasteel.com\/fr\/?s={search_term_string}"},"query-input":{"@type":"PropertyValueSpecification","valueRequired":true,"valueName":"search_term_string"}}],"inLanguage":"fr-FR"}]}},"_links":{"self":[{"href":"https:\/\/www.ausasteel.com\/fr\/wp-json\/wp\/v2\/pages\/4150","targetHints":{"allow":["GET"]}}],"collection":[{"href":"https:\/\/www.ausasteel.com\/fr\/wp-json\/wp\/v2\/pages"}],"about":[{"href":"https:\/\/www.ausasteel.com\/fr\/wp-json\/wp\/v2\/types\/page"}],"author":[{"embeddable":true,"href":"https:\/\/www.ausasteel.com\/fr\/wp-json\/wp\/v2\/users\/1"}],"replies":[{"embeddable":true,"href":"https:\/\/www.ausasteel.com\/fr\/wp-json\/wp\/v2\/comments?post=4150"}],"version-history":[{"count":14,"href":"https:\/\/www.ausasteel.com\/fr\/wp-json\/wp\/v2\/pages\/4150\/revisions"}],"predecessor-version":[{"id":15598,"href":"https:\/\/www.ausasteel.com\/fr\/wp-json\/wp\/v2\/pages\/4150\/revisions\/15598"}],"up":[{"embeddable":true,"href":"https:\/\/www.ausasteel.com\/fr\/wp-json\/wp\/v2\/pages\/13726"}],"wp:attachment":[{"href":"https:\/\/www.ausasteel.com\/fr\/wp-json\/wp\/v2\/media?parent=4150"}],"curies":[{"name":"wp","href":"https:\/\/api.w.org\/{rel}","templated":true}]}}