        {"id":4146,"date":"2014-10-25T09:41:31","date_gmt":"2014-10-25T09:41:31","guid":{"rendered":"http:\/\/ausasteel.irantzu.com\/informacion-sobre-cookies-2\/"},"modified":"2014-12-04T21:14:19","modified_gmt":"2014-12-04T21:14:19","slug":"information-sur-les-cookies","status":"publish","type":"page","link":"https:\/\/www.ausasteel.com\/fr\/information-sur-les-cookies\/","title":{"rendered":"Information sur les cookies"},"content":{"rendered":"<div class=\"wpb-content-wrapper\"><p>[vc_row][vc_column]<\/p>\n<div class=\"standard-arrow list-divider\">Les sites Web ont l&#8217;obligation de s&#8217;adapter \u00e0 la nouvelle <strong>normative sur les cookies<\/strong> de la Loi 34\/2002 concernant les services de la soci\u00e9t\u00e9 de l&#8217;information et commerce \u00e9lectronique..<\/p>\n<p>Le t\u00e9l\u00e9chargement de ce type d&#8217;\u00e9l\u00e9ments suppose la capacit\u00e9 \u00e0 <strong>compiler l&#8217;information<\/strong> de l&#8217;activit\u00e9 de l&#8217;utilisateur et a des implications concernant sa confidentialit\u00e9.<\/p>\n<p>La normative impose l&#8217;<strong>obligation d&#8217;obtenir le consentement<\/strong> inform\u00e9 des utilisateurs pour accepter l&#8217;utilisation des cookies sur les sites Web.<\/p>\n<h2>Que sont les cookies?<\/h2>\n<p>Les cookies sont de <strong>petits fichiers qui se t\u00e9l\u00e9chargent<\/strong> sur l&#8217;ordinateur de l&#8217;utilisateur lorsque celui-ci navigue sur les sites Web, et qui permettent de reconna\u00eetre le navigateur d&#8217;un utilisateur, ils ne contiennent pas, ni de compilent d&#8217;information.<\/p>\n<p>Ils sont utilis\u00e9s par exemple pour garder l&#8217;utilisateur identifi\u00e9 sur un compte, ainsi il n&#8217;a pas besoin de s&#8217;identifier chaque fois qu&#8217;il souhaite y acc\u00e9der.<\/p>\n<p>Chez AUSA, nous utilisons les <strong>types de cookies<\/strong> suivants :<\/p>\n<ul>\n<li><strong>Session<\/strong> : la finalit\u00e9 est d&#8217;enregistrer les entr\u00e9es de donn\u00e9es de l&#8217;utilisateur sur le site Web lorsqu&#8217;il remplit un formulaire.<\/li>\n<li><strong>Plug-in des r\u00e9seaux sociaux<\/strong> : il permet \u00e0 l&#8217;utilisateur de partager les contenus avec les membres d&#8217;un certain r\u00e9seau social. Le propri\u00e9taire est le r\u00e9seau social qui met le cookie (Facebook Inc, Twitter Inc, etc).<\/li>\n<li><strong>Google Analytics<\/strong>: pour r\u00e9aliser les statistiques d&#8217;utilisation du site Web, nous utilisons les cookies dans le but de conna\u00eetre le niveau de r\u00e9currence de nos visiteurs et les contenus qui r\u00e9sultent les plus int\u00e9ressants. Ainsi nous pouvons concentrer nos efforts \u00e0 am\u00e9liorer les zones les plus visit\u00e9es et faire que l&#8217;utilisateur trouve plus facilement ce qu&#8217;il cherche. Sur le site Web, l&#8217;information de la visite peut \u00eatre utilis\u00e9e pour r\u00e9aliser des \u00e9valuations et des calculs statistiques sur des donn\u00e9es anonymes, comme pour garantir la continuit\u00e9 du service ou pour r\u00e9aliser des am\u00e9liorations. Pour plus de d\u00e9tails, consultez sur le lien suivant, la <a href=\"http:\/\/www.google.com\/intl\/fr\/policies\/privacy\/\" target=\"_blank\">politique de confidentialit\u00e9<\/a>.<\/li>\n<\/ul>\n<h2>Comment d\u00e9sactiver les cookies ?<\/h2>\n<p>Tous les navigateurs permettent de r\u00e9aliser des changements qui permettent de d\u00e9sactiver la configuration des cookies. Ces r\u00e9glages se trouvent dans les &#8220;<strong>options<\/strong>&#8221; ou &#8220;<strong>pr\u00e9f\u00e9rences<\/strong>&#8221; du menu du navigateur.<\/p>\n<p>Ci-apr\u00e8s, nous vous indiquons les liens o\u00f9 se trouvent les instructions pour <strong>d\u00e9sactiver les cookies<\/strong> sous les diff\u00e9rents navigateurs.<\/p>\n<p>D\u00e9sactiver les cookies implique de perdre la fonctionnalit\u00e9 sur beaucoup de site web.<\/p>\n<p><a href=\"https:\/\/support.google.com\/chrome\/answer\/95647?hl=fr\" target=\"_blank\">Instructions pour d\u00e9sactiver sous Google Chrome <\/a>.<\/p>\n<p><a href=\"http:\/\/windows.microsoft.com\/fr-fr\/internet-explorer\/delete-manage-cookies#ie=ie-11\" target=\"_blank\">Instructions pour d\u00e9sactiver sous Internet Explorer <\/a>.<\/p>\n<p><a href=\"http:\/\/support.apple.com\/kb\/PH5042\" target=\"_blank\">Instructions pour d\u00e9sactiver sous Safari<\/a>.<\/p>\n<p><a href=\"https:\/\/support.mozilla.org\/en-US\/kb\/cookies-information-websites-store-on-your-computer?redirectlocale=en-US&amp;redirectslug=Cookies\" target=\"_blank\">Instructions pour d\u00e9sactiver sous Firefox<\/a>.<\/p>\n<p>Nos politiques g\u00e9n\u00e9rales de confidentialit\u00e9 en <a title=\"Conditions l\u00e9gales\" href=\"https:\/\/www.ausasteel.com\/fr\/conditions-legales\/\" target=\"_blank\">conditions l\u00e9gales et conditions d&#8217;utilisation<\/a>.<\/div>\n<p>[\/vc_column][\/vc_row]<\/p>\n<\/div><!-- AddThis Advanced Settings generic via filter on the_content -->","protected":false},"excerpt":{"rendered":"<p>[vc_row][vc_column][\/vc_column][\/vc_row]<!-- AddThis Advanced Settings generic via filter on get_the_excerpt --><\/p>\n","protected":false},"author":1,"featured_media":0,"parent":0,"menu_order":0,"comment_status":"closed","ping_status":"open","template":"","meta":{"footnotes":""},"class_list":["post-4146","page","type-page","status-publish","hentry"],"yoast_head":"<!-- This site is optimized with the Yoast SEO plugin v26.6 - https:\/\/yoast.com\/wordpress\/plugins\/seo\/ -->\n<title>Information sur les cookies - AUSA special steels<\/title>\n<meta name=\"robots\" content=\"index, follow, max-snippet:-1, max-image-preview:large, max-video-preview:-1\" \/>\n<link rel=\"canonical\" href=\"https:\/\/www.ausasteel.com\/fr\/information-sur-les-cookies\/\" \/>\n<meta property=\"og:locale\" content=\"fr_FR\" \/>\n<meta property=\"og:type\" content=\"article\" \/>\n<meta property=\"og:title\" content=\"Information sur les cookies - AUSA special steels\" \/>\n<meta property=\"og:description\" content=\"[vc_row][vc_column][\/vc_column][\/vc_row]\" \/>\n<meta property=\"og:url\" content=\"https:\/\/www.ausasteel.com\/fr\/information-sur-les-cookies\/\" \/>\n<meta property=\"og:site_name\" content=\"AUSA special steels\" \/>\n<meta property=\"article:modified_time\" content=\"2014-12-04T21:14:19+00:00\" \/>\n<meta name=\"twitter:label1\" content=\"Est. reading time\" \/>\n\t<meta name=\"twitter:data1\" content=\"2 minutes\" \/>\n<script type=\"application\/ld+json\" class=\"yoast-schema-graph\">{\"@context\":\"https:\/\/schema.org\",\"@graph\":[{\"@type\":\"WebPage\",\"@id\":\"https:\/\/www.ausasteel.com\/fr\/information-sur-les-cookies\/\",\"url\":\"https:\/\/www.ausasteel.com\/fr\/information-sur-les-cookies\/\",\"name\":\"Information sur les cookies - AUSA special steels\",\"isPartOf\":{\"@id\":\"https:\/\/www.ausasteel.com\/fr\/#website\"},\"datePublished\":\"2014-10-25T09:41:31+00:00\",\"dateModified\":\"2014-12-04T21:14:19+00:00\",\"breadcrumb\":{\"@id\":\"https:\/\/www.ausasteel.com\/fr\/information-sur-les-cookies\/#breadcrumb\"},\"inLanguage\":\"fr-FR\",\"potentialAction\":[{\"@type\":\"ReadAction\",\"target\":[\"https:\/\/www.ausasteel.com\/fr\/information-sur-les-cookies\/\"]}]},{\"@type\":\"BreadcrumbList\",\"@id\":\"https:\/\/www.ausasteel.com\/fr\/information-sur-les-cookies\/#breadcrumb\",\"itemListElement\":[{\"@type\":\"ListItem\",\"position\":1,\"name\":\"Portada\",\"item\":\"https:\/\/www.ausasteel.com\/fr\/\"},{\"@type\":\"ListItem\",\"position\":2,\"name\":\"Information sur les cookies\"}]},{\"@type\":\"WebSite\",\"@id\":\"https:\/\/www.ausasteel.com\/fr\/#website\",\"url\":\"https:\/\/www.ausasteel.com\/fr\/\",\"name\":\"AUSA special steels\",\"description\":\"AUSA special steels\",\"potentialAction\":[{\"@type\":\"SearchAction\",\"target\":{\"@type\":\"EntryPoint\",\"urlTemplate\":\"https:\/\/www.ausasteel.com\/fr\/?s={search_term_string}\"},\"query-input\":{\"@type\":\"PropertyValueSpecification\",\"valueRequired\":true,\"valueName\":\"search_term_string\"}}],\"inLanguage\":\"fr-FR\"}]}<\/script>\n<!-- \/ Yoast SEO plugin. -->","yoast_head_json":{"title":"Information sur les cookies - AUSA special steels","robots":{"index":"index","follow":"follow","max-snippet":"max-snippet:-1","max-image-preview":"max-image-preview:large","max-video-preview":"max-video-preview:-1"},"canonical":"https:\/\/www.ausasteel.com\/fr\/information-sur-les-cookies\/","og_locale":"fr_FR","og_type":"article","og_title":"Information sur les cookies - AUSA special steels","og_description":"[vc_row][vc_column][\/vc_column][\/vc_row]","og_url":"https:\/\/www.ausasteel.com\/fr\/information-sur-les-cookies\/","og_site_name":"AUSA special steels","article_modified_time":"2014-12-04T21:14:19+00:00","twitter_misc":{"Est. reading time":"2 minutes"},"schema":{"@context":"https:\/\/schema.org","@graph":[{"@type":"WebPage","@id":"https:\/\/www.ausasteel.com\/fr\/information-sur-les-cookies\/","url":"https:\/\/www.ausasteel.com\/fr\/information-sur-les-cookies\/","name":"Information sur les cookies - AUSA special steels","isPartOf":{"@id":"https:\/\/www.ausasteel.com\/fr\/#website"},"datePublished":"2014-10-25T09:41:31+00:00","dateModified":"2014-12-04T21:14:19+00:00","breadcrumb":{"@id":"https:\/\/www.ausasteel.com\/fr\/information-sur-les-cookies\/#breadcrumb"},"inLanguage":"fr-FR","potentialAction":[{"@type":"ReadAction","target":["https:\/\/www.ausasteel.com\/fr\/information-sur-les-cookies\/"]}]},{"@type":"BreadcrumbList","@id":"https:\/\/www.ausasteel.com\/fr\/information-sur-les-cookies\/#breadcrumb","itemListElement":[{"@type":"ListItem","position":1,"name":"Portada","item":"https:\/\/www.ausasteel.com\/fr\/"},{"@type":"ListItem","position":2,"name":"Information sur les cookies"}]},{"@type":"WebSite","@id":"https:\/\/www.ausasteel.com\/fr\/#website","url":"https:\/\/www.ausasteel.com\/fr\/","name":"AUSA special steels","description":"AUSA special steels","potentialAction":[{"@type":"SearchAction","target":{"@type":"EntryPoint","urlTemplate":"https:\/\/www.ausasteel.com\/fr\/?s={search_term_string}"},"query-input":{"@type":"PropertyValueSpecification","valueRequired":true,"valueName":"search_term_string"}}],"inLanguage":"fr-FR"}]}},"_links":{"self":[{"href":"https:\/\/www.ausasteel.com\/fr\/wp-json\/wp\/v2\/pages\/4146","targetHints":{"allow":["GET"]}}],"collection":[{"href":"https:\/\/www.ausasteel.com\/fr\/wp-json\/wp\/v2\/pages"}],"about":[{"href":"https:\/\/www.ausasteel.com\/fr\/wp-json\/wp\/v2\/types\/page"}],"author":[{"embeddable":true,"href":"https:\/\/www.ausasteel.com\/fr\/wp-json\/wp\/v2\/users\/1"}],"replies":[{"embeddable":true,"href":"https:\/\/www.ausasteel.com\/fr\/wp-json\/wp\/v2\/comments?post=4146"}],"version-history":[{"count":4,"href":"https:\/\/www.ausasteel.com\/fr\/wp-json\/wp\/v2\/pages\/4146\/revisions"}],"predecessor-version":[{"id":5951,"href":"https:\/\/www.ausasteel.com\/fr\/wp-json\/wp\/v2\/pages\/4146\/revisions\/5951"}],"wp:attachment":[{"href":"https:\/\/www.ausasteel.com\/fr\/wp-json\/wp\/v2\/media?parent=4146"}],"curies":[{"name":"wp","href":"https:\/\/api.w.org\/{rel}","templated":true}]}}