        {"id":4138,"date":"2014-10-24T09:30:12","date_gmt":"2014-10-24T09:30:12","guid":{"rendered":"http:\/\/ausasteel.irantzu.com\/contacto-2\/"},"modified":"2018-09-07T10:23:32","modified_gmt":"2018-09-07T10:23:32","slug":"contact","status":"publish","type":"page","link":"https:\/\/www.ausasteel.com\/fr\/contact\/","title":{"rendered":"Contact"},"content":{"rendered":"<div class=\"wpb-content-wrapper\"><p>[vc_row margin_top=&#8221;0&#8243; margin_bottom=&#8221;20px&#8221; padding_left=&#8221;40&#8243; padding_right=&#8221;40&#8243; bg_position=&#8221;top&#8221; bg_repeat=&#8221;no-repeat&#8221; bg_cover=&#8221;false&#8221; bg_attachment=&#8221;false&#8221; padding_top=&#8221;40&#8243; padding_bottom=&#8221;40&#8243; parallax_speed=&#8221;0.1&#8243;][vc_column width=&#8221;1\/1&#8243;][vc_column_text]<\/p>\n<h1>Contact<\/h1>\n<p>Si vous avez des questions ou doutes sur nos produits, services ou si vous souhaitez simplement plus d&#8217;information, <strong>remplissez le formulaire suivant.<\/strong><\/p>\n<p><strong>Nous lisons tous les messages<\/strong> re\u00e7us et nous tentons d&#8217;y r\u00e9pondre dans un d\u00e9lai de 24h, les jours ouvr\u00e9s.[\/vc_column_text][\/vc_column][\/vc_row][vc_row][vc_column width=&#8221;2\/3&#8243;]\n<div class=\"wpcf7 no-js\" id=\"wpcf7-f3054-o1\" lang=\"fr-FR\" dir=\"ltr\" data-wpcf7-id=\"3054\">\n<div class=\"screen-reader-response\"><p role=\"status\" aria-live=\"polite\" aria-atomic=\"true\"><\/p> <ul><\/ul><\/div>\n<form action=\"\/fr\/wp-json\/wp\/v2\/pages\/4138#wpcf7-f3054-o1\" method=\"post\" class=\"wpcf7-form init\" aria-label=\"Contact form\" novalidate=\"novalidate\" data-status=\"init\">\n<fieldset class=\"hidden-fields-container\"><input type=\"hidden\" name=\"_wpcf7\" value=\"3054\" \/><input type=\"hidden\" name=\"_wpcf7_version\" value=\"6.1.4\" \/><input type=\"hidden\" name=\"_wpcf7_locale\" value=\"fr_FR\" \/><input type=\"hidden\" name=\"_wpcf7_unit_tag\" value=\"wpcf7-f3054-o1\" \/><input type=\"hidden\" name=\"_wpcf7_container_post\" value=\"0\" \/><input type=\"hidden\" name=\"_wpcf7_posted_data_hash\" value=\"\" \/><input type=\"hidden\" name=\"_wpcf7dtx_version\" value=\"5.0.4\" \/><input type=\"hidden\" name=\"_wpcf7_recaptcha_response\" value=\"\" \/>\n<\/fieldset>\n<p class=\"form-group form-consulta\" >Type de demande:\n<\/p>\n<p><span class=\"wpcf7-form-control-wrap\" data-name=\"menu-761\"><select class=\"wpcf7-form-control wpcf7-select wpcf7-validates-as-required\" aria-required=\"true\" aria-invalid=\"false\" name=\"menu-761\"><option value=\"information\">information<\/option><option value=\"devis\">devis<\/option><option value=\"RR.HH\">RR.HH<\/option><\/select><\/span>\n<\/p>\n<p class=\"form-group form-num\">*Nom\n<\/p>\n<p><span class=\"wpcf7-form-control-wrap\" data-name=\"your-name\"><input size=\"40\" maxlength=\"400\" class=\"wpcf7-form-control wpcf7-text wpcf7-validates-as-required\" id=\"your-name\" aria-required=\"true\" aria-invalid=\"false\" value=\"\" type=\"text\" name=\"your-name\" \/><\/span>\n<\/p>\n<p class=\"form-group form-email\">*Email\n<\/p>\n<p><span class=\"wpcf7-form-control-wrap\" data-name=\"your-email\"><input size=\"40\" maxlength=\"400\" class=\"wpcf7-form-control wpcf7-email wpcf7-validates-as-required wpcf7-text wpcf7-validates-as-email\" aria-required=\"true\" aria-invalid=\"false\" placeholder=\"&#x74;&#x75;&#x40;&#x65;&#x6d;&#x61;&#x69;&#x6c;&#x2e;&#x63;&#x6f;&#x6d;\" value=\"\" type=\"email\" name=\"your-email\" \/><\/span>\n<\/p>\n<p class=\"form-group form-tlf\">T\u00e9l\u00e9phone\n<\/p>\n<p><span class=\"wpcf7-form-control-wrap\" data-name=\"tel-913\"><input size=\"40\" maxlength=\"400\" class=\"wpcf7-form-control wpcf7-tel wpcf7-text wpcf7-validates-as-tel\" aria-invalid=\"false\" value=\"\" type=\"tel\" name=\"tel-913\" \/><\/span>\n<\/p>\n<p class=\"form-group form-txt entero\">*\u00c9crivez ici votre demande\n<\/p>\n<p><span class=\"wpcf7-form-control-wrap\" data-name=\"your-message\"><textarea cols=\"40\" rows=\"10\" maxlength=\"2000\" class=\"wpcf7-form-control wpcf7-textarea wpcf7-validates-as-required\" aria-required=\"true\" aria-invalid=\"false\" name=\"your-message\"><\/textarea><\/span>\n<\/p>\n<p class=\"form-group form-politica entero\"><span class=\"wpcf7-form-control-wrap\" data-name=\"checkbox-593\"><span class=\"wpcf7-form-control wpcf7-checkbox wpcf7-validates-as-required wpcf7-exclusive-checkbox\"><span class=\"wpcf7-list-item first last\"><input type=\"checkbox\" name=\"checkbox-593\" value=\"J&#039;ai lu et j&#039;accepte\" \/><span class=\"wpcf7-list-item-label\">J&#039;ai lu et j&#039;accepte<\/span><\/span><\/span><\/span><a id=\"boton-politica\" style=\"text-decoration:underline!important;\" href=\"#cuadro-politica\" title=\"conditions l\u00e9gales et la politique de protection des donn\u00e9es personnelles.\">les conditions l\u00e9gales et la politique de protection des donn\u00e9es personnelles.<\/a>\n<\/p>\n<p id=\"cuadro-politica\" class=\"cuadro-politica entero\"><b>Responsable:<\/b> AUSA PROCESOS Y ESTUDIOS, S.A.<br \/>\n<b>Objet:<\/b> Gestion des requ\u00eates et des requ\u00eates effectu\u00e9es.<br \/>\n<b>L\u00e9gitimation:<\/b> Consentement obtenu, int\u00e9r\u00eat l\u00e9gitime et respect des r\u00e9glementations.<br \/>\n<b>Destinataires:<\/b> Fournisseurs de services tiers, y compris les transferts internationaux.<br \/>\n<b>Droits:<\/b> Acc\u00e8s, rectification, suppression, limitation du traitement, portabilit\u00e9 des donn\u00e9es ou opposition, y compris opposition \u00e0 des d\u00e9cisions individuelles automatis\u00e9es.<br \/>\n<b>Provenance:<\/b> Utilisateur.\n<\/p>\n<p><a style =\"text-decoration:underline!important;\" href=\"\/fr\/conditions-legales\/\" rel=\"nofollow\" target=\"_blank\" title=\"Les conditions l\u00e9gales et la politique de protection des donn\u00e9es personnelles\">En savoir plus<\/a>\n<\/p>\n\n<p class=\"form-buton\"><input class=\"wpcf7-form-control wpcf7-submit has-spinner\" type=\"submit\" value=\"Envoyer\" \/>\n<\/p><p style=\"display: none !important;\" class=\"akismet-fields-container\" data-prefix=\"_wpcf7_ak_\"><label>&#916;<textarea name=\"_wpcf7_ak_hp_textarea\" cols=\"45\" rows=\"8\" maxlength=\"100\"><\/textarea><\/label><input type=\"hidden\" id=\"ak_js_1\" name=\"_wpcf7_ak_js\" value=\"245\"\/><script>document.getElementById( \"ak_js_1\" ).setAttribute( \"value\", ( new Date() ).getTime() );<\/script><\/p><div class=\"wpcf7-response-output\" aria-hidden=\"true\"><\/div>\n<\/form>\n<\/div>\n[\/vc_column][vc_column width=&#8221;1\/3&#8243;][vc_column_text]<a href=\"https:\/\/www.ausasteel.com\/wp-content\/uploads\/2015\/05\/AUSA-Special-Steels01.jpg\" data-rel=\"lightbox-gallery-OCtB7Chg\" data-rl_title=\"\" data-rl_caption=\"\" title=\"\"><img loading=\"lazy\" decoding=\"async\" class=\"aligncenter wp-image-9849 size-full\" src=\"https:\/\/www.ausasteel.com\/wp-content\/uploads\/2015\/05\/AUSA-Special-Steels01.jpg\" alt=\"AUSA Vitoria, Espagne\" width=\"400\" height=\"400\" srcset=\"https:\/\/www.ausasteel.com\/wp-content\/uploads\/2015\/05\/AUSA-Special-Steels01.jpg 400w, https:\/\/www.ausasteel.com\/wp-content\/uploads\/2015\/05\/AUSA-Special-Steels01-150x150.jpg 150w, https:\/\/www.ausasteel.com\/wp-content\/uploads\/2015\/05\/AUSA-Special-Steels01-300x300.jpg 300w\" sizes=\"auto, (max-width: 400px) 100vw, 400px\" \/><\/a><\/p>\n<p><a href=\"https:\/\/www.ausasteel.com\/wp-content\/uploads\/2015\/05\/AUSA-Special-Steels02.jpg\" data-rel=\"lightbox-gallery-OCtB7Chg\" data-rl_title=\"\" data-rl_caption=\"\" title=\"\"><img loading=\"lazy\" decoding=\"async\" class=\"aligncenter wp-image-9854 size-full\" src=\"https:\/\/www.ausasteel.com\/wp-content\/uploads\/2015\/05\/AUSA-Special-Steels02.jpg\" alt=\"AUSA Vitoria, Espagne\" width=\"400\" height=\"400\" srcset=\"https:\/\/www.ausasteel.com\/wp-content\/uploads\/2015\/05\/AUSA-Special-Steels02.jpg 400w, https:\/\/www.ausasteel.com\/wp-content\/uploads\/2015\/05\/AUSA-Special-Steels02-150x150.jpg 150w, https:\/\/www.ausasteel.com\/wp-content\/uploads\/2015\/05\/AUSA-Special-Steels02-300x300.jpg 300w\" sizes=\"auto, (max-width: 400px) 100vw, 400px\" \/><\/a>[\/vc_column_text][\/vc_column][\/vc_row]<\/p>\n<\/div><!-- AddThis Advanced Settings generic via filter on the_content -->","protected":false},"excerpt":{"rendered":"<p>[vc_row margin_top=&#8221;0&#8243; margin_bottom=&#8221;20px&#8221; padding_left=&#8221;40&#8243; padding_right=&#8221;40&#8243; bg_position=&#8221;top&#8221; bg_repeat=&#8221;no-repeat&#8221; bg_cover=&#8221;false&#8221; bg_attachment=&#8221;false&#8221; padding_top=&#8221;40&#8243; padding_bottom=&#8221;40&#8243; parallax_speed=&#8221;0.1&#8243;][vc_column width=&#8221;1\/1&#8243;][vc_column_text] Contact Si vous avez des questions ou doutes sur nos produits, services ou si vous souhaitez simplement plus d&#8217;information, remplissez le formulaire suivant. Nous lisons tous les messages re\u00e7us et nous tentons d&#8217;y r\u00e9pondre dans un d\u00e9lai de 24h, les jours ouvr\u00e9s.[\/vc_column_text][\/vc_column][\/vc_row][vc_row][vc_column&hellip;<!-- AddThis Advanced Settings generic via filter on get_the_excerpt --><\/p>\n","protected":false},"author":1,"featured_media":0,"parent":0,"menu_order":0,"comment_status":"closed","ping_status":"open","template":"","meta":{"footnotes":""},"class_list":["post-4138","page","type-page","status-publish","hentry"],"yoast_head":"<!-- This site is optimized with the Yoast SEO plugin v26.6 - https:\/\/yoast.com\/wordpress\/plugins\/seo\/ -->\n<title>Contact - AUSA special steels<\/title>\n<meta name=\"robots\" content=\"index, follow, max-snippet:-1, max-image-preview:large, max-video-preview:-1\" \/>\n<link rel=\"canonical\" href=\"https:\/\/www.ausasteel.com\/fr\/contact\/\" \/>\n<meta property=\"og:locale\" content=\"fr_FR\" \/>\n<meta property=\"og:type\" content=\"article\" \/>\n<meta property=\"og:title\" content=\"Contact - AUSA special steels\" \/>\n<meta property=\"og:description\" content=\"[vc_row margin_top=&#8221;0&#8243; margin_bottom=&#8221;20px&#8221; padding_left=&#8221;40&#8243; padding_right=&#8221;40&#8243; bg_position=&#8221;top&#8221; bg_repeat=&#8221;no-repeat&#8221; bg_cover=&#8221;false&#8221; bg_attachment=&#8221;false&#8221; padding_top=&#8221;40&#8243; padding_bottom=&#8221;40&#8243; parallax_speed=&#8221;0.1&#8243;][vc_column width=&#8221;1\/1&#8243;][vc_column_text] Contact Si vous avez des questions ou doutes sur nos produits, services ou si vous souhaitez simplement plus d&#8217;information, remplissez le formulaire suivant. Nous lisons tous les messages re\u00e7us et nous tentons d&#8217;y r\u00e9pondre dans un d\u00e9lai de 24h, les jours ouvr\u00e9s.[\/vc_column_text][\/vc_column][\/vc_row][vc_row][vc_column&hellip;\" \/>\n<meta property=\"og:url\" content=\"https:\/\/www.ausasteel.com\/fr\/contact\/\" \/>\n<meta property=\"og:site_name\" content=\"AUSA special steels\" \/>\n<meta property=\"article:modified_time\" content=\"2018-09-07T10:23:32+00:00\" \/>\n<meta property=\"og:image\" content=\"https:\/\/www.ausasteel.com\/wp-content\/uploads\/2015\/05\/AUSA-Special-Steels01.jpg\" \/>\n<meta name=\"twitter:label1\" content=\"Est. reading time\" \/>\n\t<meta name=\"twitter:data1\" content=\"1 minute\" \/>\n<script type=\"application\/ld+json\" class=\"yoast-schema-graph\">{\"@context\":\"https:\/\/schema.org\",\"@graph\":[{\"@type\":\"WebPage\",\"@id\":\"https:\/\/www.ausasteel.com\/fr\/contact\/\",\"url\":\"https:\/\/www.ausasteel.com\/fr\/contact\/\",\"name\":\"Contact - AUSA special steels\",\"isPartOf\":{\"@id\":\"https:\/\/www.ausasteel.com\/fr\/#website\"},\"primaryImageOfPage\":{\"@id\":\"https:\/\/www.ausasteel.com\/fr\/contact\/#primaryimage\"},\"image\":{\"@id\":\"https:\/\/www.ausasteel.com\/fr\/contact\/#primaryimage\"},\"thumbnailUrl\":\"https:\/\/www.ausasteel.com\/wp-content\/uploads\/2015\/05\/AUSA-Special-Steels01.jpg\",\"datePublished\":\"2014-10-24T09:30:12+00:00\",\"dateModified\":\"2018-09-07T10:23:32+00:00\",\"breadcrumb\":{\"@id\":\"https:\/\/www.ausasteel.com\/fr\/contact\/#breadcrumb\"},\"inLanguage\":\"fr-FR\",\"potentialAction\":[{\"@type\":\"ReadAction\",\"target\":[\"https:\/\/www.ausasteel.com\/fr\/contact\/\"]}]},{\"@type\":\"ImageObject\",\"inLanguage\":\"fr-FR\",\"@id\":\"https:\/\/www.ausasteel.com\/fr\/contact\/#primaryimage\",\"url\":\"https:\/\/www.ausasteel.com\/wp-content\/uploads\/2015\/05\/AUSA-Special-Steels01.jpg\",\"contentUrl\":\"https:\/\/www.ausasteel.com\/wp-content\/uploads\/2015\/05\/AUSA-Special-Steels01.jpg\"},{\"@type\":\"BreadcrumbList\",\"@id\":\"https:\/\/www.ausasteel.com\/fr\/contact\/#breadcrumb\",\"itemListElement\":[{\"@type\":\"ListItem\",\"position\":1,\"name\":\"Portada\",\"item\":\"https:\/\/www.ausasteel.com\/fr\/\"},{\"@type\":\"ListItem\",\"position\":2,\"name\":\"Contact\"}]},{\"@type\":\"WebSite\",\"@id\":\"https:\/\/www.ausasteel.com\/fr\/#website\",\"url\":\"https:\/\/www.ausasteel.com\/fr\/\",\"name\":\"AUSA special steels\",\"description\":\"AUSA special steels\",\"potentialAction\":[{\"@type\":\"SearchAction\",\"target\":{\"@type\":\"EntryPoint\",\"urlTemplate\":\"https:\/\/www.ausasteel.com\/fr\/?s={search_term_string}\"},\"query-input\":{\"@type\":\"PropertyValueSpecification\",\"valueRequired\":true,\"valueName\":\"search_term_string\"}}],\"inLanguage\":\"fr-FR\"}]}<\/script>\n<!-- \/ Yoast SEO plugin. -->","yoast_head_json":{"title":"Contact - AUSA special steels","robots":{"index":"index","follow":"follow","max-snippet":"max-snippet:-1","max-image-preview":"max-image-preview:large","max-video-preview":"max-video-preview:-1"},"canonical":"https:\/\/www.ausasteel.com\/fr\/contact\/","og_locale":"fr_FR","og_type":"article","og_title":"Contact - AUSA special steels","og_description":"[vc_row margin_top=&#8221;0&#8243; margin_bottom=&#8221;20px&#8221; padding_left=&#8221;40&#8243; padding_right=&#8221;40&#8243; bg_position=&#8221;top&#8221; bg_repeat=&#8221;no-repeat&#8221; bg_cover=&#8221;false&#8221; bg_attachment=&#8221;false&#8221; padding_top=&#8221;40&#8243; padding_bottom=&#8221;40&#8243; parallax_speed=&#8221;0.1&#8243;][vc_column width=&#8221;1\/1&#8243;][vc_column_text] Contact Si vous avez des questions ou doutes sur nos produits, services ou si vous souhaitez simplement plus d&#8217;information, remplissez le formulaire suivant. Nous lisons tous les messages re\u00e7us et nous tentons d&#8217;y r\u00e9pondre dans un d\u00e9lai de 24h, les jours ouvr\u00e9s.[\/vc_column_text][\/vc_column][\/vc_row][vc_row][vc_column&hellip;","og_url":"https:\/\/www.ausasteel.com\/fr\/contact\/","og_site_name":"AUSA special steels","article_modified_time":"2018-09-07T10:23:32+00:00","og_image":[{"url":"https:\/\/www.ausasteel.com\/wp-content\/uploads\/2015\/05\/AUSA-Special-Steels01.jpg","type":"","width":"","height":""}],"twitter_misc":{"Est. reading time":"1 minute"},"schema":{"@context":"https:\/\/schema.org","@graph":[{"@type":"WebPage","@id":"https:\/\/www.ausasteel.com\/fr\/contact\/","url":"https:\/\/www.ausasteel.com\/fr\/contact\/","name":"Contact - AUSA special steels","isPartOf":{"@id":"https:\/\/www.ausasteel.com\/fr\/#website"},"primaryImageOfPage":{"@id":"https:\/\/www.ausasteel.com\/fr\/contact\/#primaryimage"},"image":{"@id":"https:\/\/www.ausasteel.com\/fr\/contact\/#primaryimage"},"thumbnailUrl":"https:\/\/www.ausasteel.com\/wp-content\/uploads\/2015\/05\/AUSA-Special-Steels01.jpg","datePublished":"2014-10-24T09:30:12+00:00","dateModified":"2018-09-07T10:23:32+00:00","breadcrumb":{"@id":"https:\/\/www.ausasteel.com\/fr\/contact\/#breadcrumb"},"inLanguage":"fr-FR","potentialAction":[{"@type":"ReadAction","target":["https:\/\/www.ausasteel.com\/fr\/contact\/"]}]},{"@type":"ImageObject","inLanguage":"fr-FR","@id":"https:\/\/www.ausasteel.com\/fr\/contact\/#primaryimage","url":"https:\/\/www.ausasteel.com\/wp-content\/uploads\/2015\/05\/AUSA-Special-Steels01.jpg","contentUrl":"https:\/\/www.ausasteel.com\/wp-content\/uploads\/2015\/05\/AUSA-Special-Steels01.jpg"},{"@type":"BreadcrumbList","@id":"https:\/\/www.ausasteel.com\/fr\/contact\/#breadcrumb","itemListElement":[{"@type":"ListItem","position":1,"name":"Portada","item":"https:\/\/www.ausasteel.com\/fr\/"},{"@type":"ListItem","position":2,"name":"Contact"}]},{"@type":"WebSite","@id":"https:\/\/www.ausasteel.com\/fr\/#website","url":"https:\/\/www.ausasteel.com\/fr\/","name":"AUSA special steels","description":"AUSA special steels","potentialAction":[{"@type":"SearchAction","target":{"@type":"EntryPoint","urlTemplate":"https:\/\/www.ausasteel.com\/fr\/?s={search_term_string}"},"query-input":{"@type":"PropertyValueSpecification","valueRequired":true,"valueName":"search_term_string"}}],"inLanguage":"fr-FR"}]}},"_links":{"self":[{"href":"https:\/\/www.ausasteel.com\/fr\/wp-json\/wp\/v2\/pages\/4138","targetHints":{"allow":["GET"]}}],"collection":[{"href":"https:\/\/www.ausasteel.com\/fr\/wp-json\/wp\/v2\/pages"}],"about":[{"href":"https:\/\/www.ausasteel.com\/fr\/wp-json\/wp\/v2\/types\/page"}],"author":[{"embeddable":true,"href":"https:\/\/www.ausasteel.com\/fr\/wp-json\/wp\/v2\/users\/1"}],"replies":[{"embeddable":true,"href":"https:\/\/www.ausasteel.com\/fr\/wp-json\/wp\/v2\/comments?post=4138"}],"version-history":[{"count":6,"href":"https:\/\/www.ausasteel.com\/fr\/wp-json\/wp\/v2\/pages\/4138\/revisions"}],"predecessor-version":[{"id":14237,"href":"https:\/\/www.ausasteel.com\/fr\/wp-json\/wp\/v2\/pages\/4138\/revisions\/14237"}],"wp:attachment":[{"href":"https:\/\/www.ausasteel.com\/fr\/wp-json\/wp\/v2\/media?parent=4138"}],"curies":[{"name":"wp","href":"https:\/\/api.w.org\/{rel}","templated":true}]}}