    {"id":4057,"date":"2014-10-18T17:17:07","date_gmt":"2014-10-18T17:17:07","guid":{"rendered":"http:\/\/ausasteel.irantzu.com\/inicio-3\/"},"modified":"2019-09-03T13:36:52","modified_gmt":"2019-09-03T13:36:52","slug":"inicio","status":"publish","type":"page","link":"https:\/\/www.ausasteel.com\/fr\/","title":{"rendered":"Home"},"content":{"rendered":"<div class=\"wpb-content-wrapper\"><div class=\"home\">\n<div id=\"intro_ausa\" class=\"row\">\n<div class=\"container\">\n<div class=\"col-md-12 titulo_seccion\">\n<h2>AUSA<\/h2>\n<h3>A partner for your ideas<\/h3>\n<\/div>\n<\/div>\n<div class=\"container\">\n<div class=\"col-md-6 bloque_enlace\">\n<div><img decoding=\"async\" src=\"\/wp-content\/uploads\/2018\/08\/aceros_especiales.jpg\" alt=\"Aciers sp\u00e9ciaux\" \/><a class=\"caja_enlace\" title=\"Aciers sp\u00e9ciaux\" href=\"\/fr\/aciers-speciaux\/\"><br \/>\n<span class=\"titulo_caja\">Aciers sp\u00e9ciaux<\/span><br \/>\n<span class=\"texto_caja\">Large gamme d\u2019<strong>aciers lamin\u00e9s et aciers forg\u00e9s en stock et service de livraison imm\u00e9diate.<\/strong><\/span><br \/>\n<span class=\"btn_ausa\">Consultez nos aciers sp\u00e9ciaux<\/span><br \/>\n<\/a><\/div>\n<\/div>\n<div class=\"col-md-6 bloque_enlace\">\n<div><img decoding=\"async\" src=\"\/wp-content\/uploads\/2018\/08\/aceros_calibrados.jpg\" alt=\"Aciers \u00e9tir\u00e9s\" \/><a class=\"caja_enlace\" title=\"Aciers \u00e9tir\u00e9s \" href=\"\/fr\/aciers-etires\/\"><br \/>\n<span class=\"titulo_caja\">Aciers \u00e9tir\u00e9s<\/span><br \/>\n<span class=\"texto_caja\">Nous fabriquons des aciers \u00e9tir\u00e9s \u00e0 froid. <strong>Stock important et service imm\u00e9diat.<\/strong><\/span><br \/>\n<span class=\"btn_ausa\">Voir nos aciers \u00e9tir\u00e9s<\/span><br \/>\n<\/a><\/div>\n<\/div>\n<\/div>\n<\/div>\n<div id=\"informacion_tecnica\" class=\"row\">\n<div class=\"container\">\n<div class=\"col-md-12 titulo\">\n<h2>Information Technique<\/h2>\n<\/div>\n<\/div>\n<div class=\"container herramientas\">\n<div class=\"col-md-6 bloque_enlace_outline\">\n<div><a class=\"caja_enlace\" title=\"Calculatrice de poids\" href=\"\/fr\/information-technique\/calculatrice-de-poids\/\"><br \/>\n<span class=\"col-md-8\"><br \/>\n<span class=\"titulo_caja\">Calculatrice de poids<\/span><br \/>\n<span class=\"texto_caja\">Calculez le <strong>poids th\u00e9orique du mat\u00e9riau<\/strong> ainsi que son <strong>prix par tonne<\/strong>.<\/span><br \/>\n<span class=\"btn_ausa_outline\">Aller \u00e0 la calculatrice de poids<\/span><br \/>\n<\/span><br \/>\n<span class=\"col-md-4\"><br \/>\n<img decoding=\"async\" title=\"Calculatrice de poids\" src=\"\/img\/icons\/calculadora_naranja.svg\" alt=\"Calculatrice de poids\" \/><br \/>\n<\/span><br \/>\n<\/a><\/div>\n<\/div>\n<div class=\"col-md-6 bloque_enlace_outline\">\n<div><a class=\"caja_enlace\" title=\"Tol\u00e9rances dimensionnelles\" href=\"\/fr\/information-technique\/tolerances-dimensionnelles\/\"><br \/>\n<span class=\"col-md-8\"><br \/>\n<span class=\"titulo_caja\">Tol\u00e9rances dimensionnelles<\/span><br \/>\n<span class=\"texto_caja\">Classification des limites sup\u00e9rieures et inf\u00e9rieures des mat\u00e9riaux selon Norme.<\/span><br \/>\n<span class=\"btn_ausa_outline\">Aller aux tol\u00e9rances dimensionnelles <\/span><br \/>\n<\/span><br \/>\n<span class=\"col-md-4\"><br \/>\n<img decoding=\"async\" title=\"Tol\u00e9rances dimensionnelles\" src=\"\/img\/icons\/calibre_naranja.svg\" alt=\"Tol\u00e9rances dimensionnelles\" \/><br \/>\n<\/span><br \/>\n<\/a><\/div>\n<\/div>\n<\/div>\n<\/div>\n<div id=\"contacta\" class=\"row\">\n<div class=\"container\">\n<div class=\"col-md-12 titulo\">\n<h2>Contactez-nous et envoyez-nous votre demande<\/h2>\n<\/div>\n<div>\n<p>Vous avez un doute sur nos mat\u00e9riaux ? Vous avez besoin d\u2019un devis?<br \/>\n<a class=\"btn_ausa\" title=\"Contacter\" href=\"\/fr\/contact\">Contacter<\/a><\/p>\n<\/div>\n<\/div>\n<\/div>\n<div id=\"historia\" class=\"row\">\n<div class=\"container columna_imagen\">\n<div class=\"col-md-6\">\n<div class=\"titulo\">\n<h2>Approvisionnement d\u2019aciers sp\u00e9ciaux et fabrication des aciers \u00e9tir\u00e9s depuis 1957<\/h2>\n<h3>Chez <b>AUSA<\/b>, nous travaillons pour tous les <strong>secteurs industriels<\/strong>: machine-outil, forge, automobile, moulistes, a\u00e9ronautique, ferroviaire, agriculture, etc.<\/h3>\n<\/div>\n<div>\n<p>Nous sommes des sp\u00e9cialistes dans la <strong>distribution d\u2019aciers sp\u00e9ciaux<\/strong> -aciers lamin\u00e9s et aciers forg\u00e9s durant leur transformation et coupe- et dans la <strong>fabrication d\u2019aciers \u00e9tir\u00e9s<\/strong> \u00e0 froid.<\/p>\n<p>Nous nous <strong>d\u00e9marquons<\/strong> gr\u00e2ce \u00e0 notre service logistique (propre flotte de camions), notre <strong>stock important<\/strong> et par <strong>l\u2019homog\u00e9n\u00e9it\u00e9<\/strong> et <strong>la qualit\u00e9 de nos aciers sp\u00e9ciaux<\/strong>.<\/p>\n<p>Nous poss\u00e9dons des centres d\u2019approvisionnement \u00e0 <strong>Vitoria<\/strong>, <strong>Barcelone, Valence, Zaragosse, S\u00e9ville, Valladolid <\/strong>et<strong> Madrid (Espagne)<\/strong>, <a href=\"\/fr\/au-sujet-de-ausa\/liege-belgique\/\"><strong>Li\u00e8ge<\/strong><\/a> (Belgique) et <strong>Galati<\/strong> (Roumanie) qui garantissent la ponctualit\u00e9 du mat\u00e9riel dans vos installations.<\/p>\n<p><strong>AUSA<\/strong> poss\u00e8de une structure qui lui permet d\u2019agir dans le monde entier.<\/p>\n<p><a class=\"btn_ausa_invertido\" title=\"Consultez nos aciers sp\u00e9ciaux\" href=\"\/fr\/aciers-speciaux\/\">Consultez nos aciers sp\u00e9ciaux<\/a><a class=\"btn_ausa_invertido\" title=\"Voir nos aciers \u00e9tir\u00e9s\" href=\"\/fr\/aciers-etires\/\">Voir nos aciers \u00e9tir\u00e9s<\/a><\/p>\n<\/div>\n<\/div>\n<div class=\"col-md-6\">\n<div class=\"container_imagen\"><img decoding=\"async\" src=\"\/wp-content\/uploads\/2014\/10\/Aceros-Especiales-Calibrados-AUSA.jpg\" alt=\"Approvisionnement d\u2019aciers sp\u00e9ciaux et fabrication des aciers \u00e9tir\u00e9s depuis 1957\" \/><\/div>\n<\/div>\n<\/div>\n<\/div>\n<div id=\"caracteristicas\" class=\"row\">\n<div class=\"container\">\n<div class=\"col-md-3 col-sm-6\">\n<div class=\"icono\"><img decoding=\"async\" class=\"wp-image-2744 size-full alignnone\" title=\"Stock\" src=\"\/img\/icons\/stock.svg\" alt=\"Stock\" \/><\/div>\n<p><strong>Stock important de mat\u00e9riaux et grande vari\u00e9t\u00e9 de r\u00e9f\u00e9rences<\/strong> dans nos centres d\u2019approvisionnement.<\/p>\n<\/div>\n<div class=\"col-md-3 col-sm-6\">\n<div class=\"icono\"><img decoding=\"async\" class=\"wp-image-2744 size-full alignnone\" title=\"Fleet\" src=\"\/img\/icons\/transporte.svg\" alt=\"Fleet\" \/><\/div>\n<p><strong>Propre flotte de camions<\/strong> et <strong>service imm\u00e9diat.<\/strong><\/p>\n<\/div>\n<div class=\"col-md-3 col-sm-6\">\n<div class=\"icono\"><img decoding=\"async\" class=\"wp-image-2744 size-full alignnone\" title=\"Team\" src=\"\/img\/icons\/equipo.svg\" alt=\"Team\" \/><\/div>\n<p><strong>\u00c9quipe humaine<\/strong> form\u00e9e par des professionnels avec une grande exp\u00e9rience dans leur domaine.<\/p>\n<\/div>\n<div class=\"col-md-3 col-sm-6\">\n<div class=\"icono\"><img decoding=\"async\" class=\"wp-image-2744 size-full alignnone\" title=\"Quality\" src=\"\/img\/icons\/iso.svg\" alt=\"Quality\" \/><\/div>\n<p><strong>Strict syst\u00e8me de gestion de qualit\u00e9<\/strong> selon Norme ISO 9001:2008.<\/p>\n<\/div>\n<\/div>\n<\/div>\n<div id=\"blog\" class=\"row\">\n<div class=\"container\">\n<div class=\"col-md-12 titulo\">\n<h2 style=\"text-align: center;\">Notre blog<\/h2>\n<\/div>\n<div class=\"col-md-12\"><div class=\"wf-container shortcode-blog-posts description-under-image iso-grid\" data-padding=\"20px\" data-width=\"370px\">\n<div class=\"wf-cell\" data-date=\"2018-01-25T14:35:17+00:00\" data-name=\"ISO9001: 2015 Quoi de neuf?\" data-post-id=\"13094\">\n<article class=\"post-13094 post type-post status-publish format-standard has-post-thumbnail hentry category-articles-fr tag-ausa tag-iso-9001 tag-steel\">\n\n\t<div class=\"blog-media wf-td\"><p><a href=\"https:\/\/www.ausasteel.com\/fr\/iso9001-2015-quoi-neuf\/\" class=\"alignnone rollover\" ><img loading=\"lazy\" decoding=\"async\" class=\"preload-me\" src=\"https:\/\/www.ausasteel.com\/wp-content\/uploads\/2018\/01\/infografi\u0301a-ausa3A-555x395.jpg\" alt=\"\" title=\"infografi\u0301a-ausa3A\" width=\"555\" height=\"395\"  \/><\/a><\/p><\/div>\n\t<div class=\"blog-content wf-td\">\n\t\t<h2 class=\"entry-title\">\n\t\t\t<a href=\"https:\/\/www.ausasteel.com\/fr\/iso9001-2015-quoi-neuf\/\" title=\"ISO9001: 2015 Quoi de neuf?\" rel=\"bookmark\">ISO9001: 2015 Quoi de neuf?<\/a>\n\t\t<\/h2>\n\n\t\t\n\t\t      <p>Apr\u00e8s l&#8217;article &#8220;Acier et normes ISO&#8221; o\u00f9 nous avons discut\u00e9 de la normalisation par l&#8217;organisation internationale ISO dans des produits tels que l&#8217;acier, nous pr\u00e9sentons ci-dessous les principales implications de la r\u00e9vision de la norme ISO la plus r\u00e9pandue: ISO 9001. La norme ISO 9001, choisie par la plupart des entreprises pour certifier leur syst\u00e8me&hellip;<!-- AddThis Advanced Settings generic via filter on get_the_excerpt --><\/p>\n\n\t\t<div class=\"post-format entry-meta\">&nbsp;<\/div>\n\t\t<a href=\"https:\/\/www.ausasteel.com\/fr\/iso9001-2015-quoi-neuf\/\" class=\"details more-link\" rel=\"nofollow\">Continuer la lecture<\/a>\n\t\t\t<\/div>\n<\/article><!-- #post-13094 -->\n\n<\/div>\n<div class=\"wf-cell\" data-date=\"2017-11-16T15:03:27+00:00\" data-name=\"5 CLES DE L&#039;ACIER AUJOURD&#039;HUI\" data-post-id=\"12687\">\n<article class=\"post-12687 post type-post status-publish format-standard has-post-thumbnail hentry category-articles-fr category-blog-fr\">\n\n\t<div class=\"blog-media wf-td\"><p><a href=\"https:\/\/www.ausasteel.com\/fr\/5-cles-de-lacier-aujourdhui\/\" class=\"alignnone rollover\" ><img loading=\"lazy\" decoding=\"async\" class=\"preload-me\" src=\"https:\/\/www.ausasteel.com\/wp-content\/uploads\/2017\/11\/5-CLES-DE-LACIER-AUJOURDHUI-web-555x385.jpg\" alt=\"\" title=\"5-CLES-DE-L&#8217;ACIER-AUJOURD&#8217;HUI-web\" width=\"555\" height=\"385\"  \/><\/a><\/p><\/div>\n\t<div class=\"blog-content wf-td\">\n\t\t<h2 class=\"entry-title\">\n\t\t\t<a href=\"https:\/\/www.ausasteel.com\/fr\/5-cles-de-lacier-aujourdhui\/\" title=\"5 CLES DE L&#8217;ACIER AUJOURD&#8217;HUI\" rel=\"bookmark\">5 CLES DE L&#8217;ACIER AUJOURD&#8217;HUI<\/a>\n\t\t<\/h2>\n\n\t\t\n\t\t  <div class=\"wpb-content-wrapper\"><p>[vc_row][vc_column width=&#8221;1\/1&#8243;][vc_column_text]<a href=\"https:\/\/www.ausasteel.com\/wp-content\/uploads\/2017\/11\/5-CLES-DE-LACIER-AUJOURDHUI.jpg\" data-rel=\"lightbox-gallery-bGlnaHRib3gtZ2FsbGVyeS1oYlN0SDd3WA==\" data-rl_title=\"\" data-rl_caption=\"\" data-rl_title=\"\" data-rl_caption=\"\" title=\"\"><img loading=\"lazy\" decoding=\"async\" class=\"alignnone size-full wp-image-12688\" src=\"https:\/\/www.ausasteel.com\/wp-content\/uploads\/2017\/11\/5-CLES-DE-LACIER-AUJOURDHUI.jpg\" alt=\"5-CLES-DE-L'ACIER-AUJOURD'HUI\" width=\"1200\" height=\"1697\" srcset=\"https:\/\/www.ausasteel.com\/wp-content\/uploads\/2017\/11\/5-CLES-DE-LACIER-AUJOURDHUI.jpg 1200w, https:\/\/www.ausasteel.com\/wp-content\/uploads\/2017\/11\/5-CLES-DE-LACIER-AUJOURDHUI-212x300.jpg 212w, https:\/\/www.ausasteel.com\/wp-content\/uploads\/2017\/11\/5-CLES-DE-LACIER-AUJOURDHUI-724x1024.jpg 724w\" sizes=\"auto, (max-width: 1200px) 100vw, 1200px\" \/><\/a>[\/vc_column_text][\/vc_column][\/vc_row]<\/p>\n<\/div><!-- AddThis Advanced Settings generic via filter on the_content -->\n\t\t<div class=\"post-format entry-meta\">&nbsp;<\/div>\n\t\t\n\t\t\t<\/div>\n<\/article><!-- #post-12687 -->\n\n<\/div>\n<div class=\"wf-cell\" data-date=\"2017-10-09T16:20:45+00:00\" data-name=\"CONNAISSEMENT EN 5 ETAPES\" data-post-id=\"12635\">\n<article class=\"post-12635 post type-post status-publish format-standard has-post-thumbnail hentry category-articles-fr\">\n\n\t<div class=\"blog-media wf-td\"><p><a href=\"https:\/\/www.ausasteel.com\/fr\/connaissement-en-5-etapes\/\" class=\"alignnone rollover\" ><img loading=\"lazy\" decoding=\"async\" class=\"preload-me\" src=\"https:\/\/www.ausasteel.com\/wp-content\/uploads\/2017\/10\/bill-of-lading-FR-555x370.jpg\" alt=\"\" title=\"bill-of-lading-FR\" width=\"555\" height=\"370\"  \/><\/a><\/p><\/div>\n\t<div class=\"blog-content wf-td\">\n\t\t<h2 class=\"entry-title\">\n\t\t\t<a href=\"https:\/\/www.ausasteel.com\/fr\/connaissement-en-5-etapes\/\" title=\"CONNAISSEMENT EN 5 ETAPES\" rel=\"bookmark\">CONNAISSEMENT EN 5 ETAPES<\/a>\n\t\t<\/h2>\n\n\t\t\n\t\t      <p>\u00a0 Plus de 80% du transport international de marchandises, y compris l&#8217;acier, est effectu\u00e9 par mer *, principalement pour des raisons \u00e9conomiques. La cargaison s\u00e8che, y compris l&#8217;acier, cro\u00eet plus vite que le PIB mondial. Le connaissement, \u00e9tant B \/ L (abr\u00e9viation de \u00ab\u3000Bill of Lading\u3000\u00bb en anglais), est l&#8217;un des documents essentiels utilis\u00e9s pour&hellip;<!-- AddThis Advanced Settings generic via filter on get_the_excerpt --><\/p>\n\n\t\t<div class=\"post-format entry-meta\">&nbsp;<\/div>\n\t\t<a href=\"https:\/\/www.ausasteel.com\/fr\/connaissement-en-5-etapes\/\" class=\"details more-link\" rel=\"nofollow\">Continuer la lecture<\/a>\n\t\t\t<\/div>\n<\/article><!-- #post-12635 -->\n\n<\/div><\/div><\/div>\n<\/div>\n<\/div>\n<\/div>\n<\/div>","protected":false},"excerpt":{"rendered":"<p>AUSA A partner for your ideas Aciers sp\u00e9ciaux Large gamme d\u2019aciers lamin\u00e9s et aciers forg\u00e9s en stock et service de livraison imm\u00e9diate. Consultez nos aciers sp\u00e9ciaux Aciers \u00e9tir\u00e9s Nous fabriquons des aciers \u00e9tir\u00e9s \u00e0 froid. Stock important et service imm\u00e9diat. Voir nos aciers \u00e9tir\u00e9s Information Technique Calculatrice de poids Calculez le poids th\u00e9orique du mat\u00e9riau&hellip;<!-- AddThis Advanced Settings generic via filter on get_the_excerpt --><\/p>\n","protected":false},"author":1,"featured_media":0,"parent":0,"menu_order":0,"comment_status":"closed","ping_status":"closed","template":"","meta":{"footnotes":""},"class_list":["post-4057","page","type-page","status-publish","hentry"],"yoast_head":"<!-- This site is optimized with the Yoast SEO plugin v26.6 - https:\/\/yoast.com\/wordpress\/plugins\/seo\/ -->\n<title>Fourniture de Specialty Steel et de l&#039;acier calibr\u00e9 - AUSA<\/title>\n<meta name=\"description\" content=\"Premier fournisseur d&#039;aciers sp\u00e9ciaux et des aciers soci\u00e9t\u00e9 calibr\u00e9s. Grand stock de mati\u00e8res flotte de camions et ISO 9001: 2008.\" \/>\n<meta name=\"robots\" content=\"index, follow, max-snippet:-1, max-image-preview:large, max-video-preview:-1\" \/>\n<link rel=\"canonical\" href=\"https:\/\/www.ausasteel.com\/fr\/\" \/>\n<meta property=\"og:locale\" content=\"fr_FR\" \/>\n<meta property=\"og:type\" content=\"article\" \/>\n<meta property=\"og:title\" content=\"Fourniture de Specialty Steel et de l&#039;acier calibr\u00e9 - AUSA\" \/>\n<meta property=\"og:description\" content=\"Premier fournisseur d&#039;aciers sp\u00e9ciaux et des aciers soci\u00e9t\u00e9 calibr\u00e9s. Grand stock de mati\u00e8res flotte de camions et ISO 9001: 2008.\" \/>\n<meta property=\"og:url\" content=\"https:\/\/www.ausasteel.com\/fr\/\" \/>\n<meta property=\"og:site_name\" content=\"AUSA special steels\" \/>\n<meta property=\"article:modified_time\" content=\"2019-09-03T13:36:52+00:00\" \/>\n<meta name=\"twitter:label1\" content=\"Est. reading time\" \/>\n\t<meta name=\"twitter:data1\" content=\"2 minutes\" \/>\n<script type=\"application\/ld+json\" class=\"yoast-schema-graph\">{\"@context\":\"https:\/\/schema.org\",\"@graph\":[{\"@type\":\"WebPage\",\"@id\":\"https:\/\/www.ausasteel.com\/fr\/\",\"url\":\"https:\/\/www.ausasteel.com\/fr\/\",\"name\":\"Fourniture de Specialty Steel et de l'acier calibr\u00e9 - AUSA\",\"isPartOf\":{\"@id\":\"https:\/\/www.ausasteel.com\/fr\/#website\"},\"datePublished\":\"2014-10-18T17:17:07+00:00\",\"dateModified\":\"2019-09-03T13:36:52+00:00\",\"description\":\"Premier fournisseur d'aciers sp\u00e9ciaux et des aciers soci\u00e9t\u00e9 calibr\u00e9s. Grand stock de mati\u00e8res flotte de camions et ISO 9001: 2008.\",\"breadcrumb\":{\"@id\":\"https:\/\/www.ausasteel.com\/fr\/#breadcrumb\"},\"inLanguage\":\"fr-FR\",\"potentialAction\":[{\"@type\":\"ReadAction\",\"target\":[\"https:\/\/www.ausasteel.com\/fr\/\"]}]},{\"@type\":\"BreadcrumbList\",\"@id\":\"https:\/\/www.ausasteel.com\/fr\/#breadcrumb\",\"itemListElement\":[{\"@type\":\"ListItem\",\"position\":1,\"name\":\"Portada\",\"item\":\"https:\/\/www.ausasteel.com\/fr\/\"},{\"@type\":\"ListItem\",\"position\":2,\"name\":\"Home\"}]},{\"@type\":\"WebSite\",\"@id\":\"https:\/\/www.ausasteel.com\/fr\/#website\",\"url\":\"https:\/\/www.ausasteel.com\/fr\/\",\"name\":\"AUSA special steels\",\"description\":\"AUSA special steels\",\"potentialAction\":[{\"@type\":\"SearchAction\",\"target\":{\"@type\":\"EntryPoint\",\"urlTemplate\":\"https:\/\/www.ausasteel.com\/fr\/?s={search_term_string}\"},\"query-input\":{\"@type\":\"PropertyValueSpecification\",\"valueRequired\":true,\"valueName\":\"search_term_string\"}}],\"inLanguage\":\"fr-FR\"}]}<\/script>\n<!-- \/ Yoast SEO plugin. -->","yoast_head_json":{"title":"Fourniture de Specialty Steel et de l'acier calibr\u00e9 - AUSA","description":"Premier fournisseur d'aciers sp\u00e9ciaux et des aciers soci\u00e9t\u00e9 calibr\u00e9s. Grand stock de mati\u00e8res flotte de camions et ISO 9001: 2008.","robots":{"index":"index","follow":"follow","max-snippet":"max-snippet:-1","max-image-preview":"max-image-preview:large","max-video-preview":"max-video-preview:-1"},"canonical":"https:\/\/www.ausasteel.com\/fr\/","og_locale":"fr_FR","og_type":"article","og_title":"Fourniture de Specialty Steel et de l'acier calibr\u00e9 - AUSA","og_description":"Premier fournisseur d'aciers sp\u00e9ciaux et des aciers soci\u00e9t\u00e9 calibr\u00e9s. Grand stock de mati\u00e8res flotte de camions et ISO 9001: 2008.","og_url":"https:\/\/www.ausasteel.com\/fr\/","og_site_name":"AUSA special steels","article_modified_time":"2019-09-03T13:36:52+00:00","twitter_misc":{"Est. reading time":"2 minutes"},"schema":{"@context":"https:\/\/schema.org","@graph":[{"@type":"WebPage","@id":"https:\/\/www.ausasteel.com\/fr\/","url":"https:\/\/www.ausasteel.com\/fr\/","name":"Fourniture de Specialty Steel et de l'acier calibr\u00e9 - AUSA","isPartOf":{"@id":"https:\/\/www.ausasteel.com\/fr\/#website"},"datePublished":"2014-10-18T17:17:07+00:00","dateModified":"2019-09-03T13:36:52+00:00","description":"Premier fournisseur d'aciers sp\u00e9ciaux et des aciers soci\u00e9t\u00e9 calibr\u00e9s. Grand stock de mati\u00e8res flotte de camions et ISO 9001: 2008.","breadcrumb":{"@id":"https:\/\/www.ausasteel.com\/fr\/#breadcrumb"},"inLanguage":"fr-FR","potentialAction":[{"@type":"ReadAction","target":["https:\/\/www.ausasteel.com\/fr\/"]}]},{"@type":"BreadcrumbList","@id":"https:\/\/www.ausasteel.com\/fr\/#breadcrumb","itemListElement":[{"@type":"ListItem","position":1,"name":"Portada","item":"https:\/\/www.ausasteel.com\/fr\/"},{"@type":"ListItem","position":2,"name":"Home"}]},{"@type":"WebSite","@id":"https:\/\/www.ausasteel.com\/fr\/#website","url":"https:\/\/www.ausasteel.com\/fr\/","name":"AUSA special steels","description":"AUSA special steels","potentialAction":[{"@type":"SearchAction","target":{"@type":"EntryPoint","urlTemplate":"https:\/\/www.ausasteel.com\/fr\/?s={search_term_string}"},"query-input":{"@type":"PropertyValueSpecification","valueRequired":true,"valueName":"search_term_string"}}],"inLanguage":"fr-FR"}]}},"_links":{"self":[{"href":"https:\/\/www.ausasteel.com\/fr\/wp-json\/wp\/v2\/pages\/4057","targetHints":{"allow":["GET"]}}],"collection":[{"href":"https:\/\/www.ausasteel.com\/fr\/wp-json\/wp\/v2\/pages"}],"about":[{"href":"https:\/\/www.ausasteel.com\/fr\/wp-json\/wp\/v2\/types\/page"}],"author":[{"embeddable":true,"href":"https:\/\/www.ausasteel.com\/fr\/wp-json\/wp\/v2\/users\/1"}],"replies":[{"embeddable":true,"href":"https:\/\/www.ausasteel.com\/fr\/wp-json\/wp\/v2\/comments?post=4057"}],"version-history":[{"count":34,"href":"https:\/\/www.ausasteel.com\/fr\/wp-json\/wp\/v2\/pages\/4057\/revisions"}],"predecessor-version":[{"id":15833,"href":"https:\/\/www.ausasteel.com\/fr\/wp-json\/wp\/v2\/pages\/4057\/revisions\/15833"}],"wp:attachment":[{"href":"https:\/\/www.ausasteel.com\/fr\/wp-json\/wp\/v2\/media?parent=4057"}],"curies":[{"name":"wp","href":"https:\/\/api.w.org\/{rel}","templated":true}]}}