              {"id":2984,"date":"2014-10-24T09:29:28","date_gmt":"2014-10-24T09:29:28","guid":{"rendered":"http:\/\/ausasteel.irantzu.com\/?page_id=2984"},"modified":"2019-06-19T11:13:45","modified_gmt":"2019-06-19T11:13:45","slug":"aciers-etires","status":"publish","type":"page","link":"https:\/\/www.ausasteel.com\/fr\/aciers\/aciers-etires\/","title":{"rendered":"Aciers \u00e9tir\u00e9s"},"content":{"rendered":"<div class=\"row\">\n<div class=\"container\">\n<h1>Aciers \u00e9tir\u00e9s<\/h1>\n<h3>Les <strong>aciers \u00e9tir\u00e9s<\/strong> pr\u00e9sentent une <strong>grande pr\u00e9cision dimensionnelle,<\/strong> ont une <strong>bonne usinabilit\u00e9<\/strong> et sont \u00e0 <strong>usinage facile.<\/strong> Ce sont des aciers tr\u00e8s utilis\u00e9s pour permettre de r\u00e9duire les co\u00fbts de production de mani\u00e8re tr\u00e8s consid\u00e9rable.<\/h3>\n<div class=\"container_imagen\">\n<img decoding=\"async\" alt=\"Aciers \u00e9tir\u00e9s\" title=\"Aciers \u00e9tir\u00e9s\" src=\"\/wp-content\/uploads\/2014\/10\/Aciers-Etires-AUSA.jpg\">\n<\/div>\n<\/div>\n<\/div>\n<div class=\"row\">\n<div class=\"container gris\">\n[vc_widget_sidebar show_bg=&#8221;false&#8221; sidebar_id=&#8221;sidebar_11&#8243;]\n<\/div>\n<\/div>\n<div class=\"row\" id=\"ventajas\">\n<div class=\"container\">\n<h2>Avantages<\/h2>\n<p>Chez AUSA nous sommes sp\u00e9cialis\u00e9s dans la<strong> fabrication et l\u2019approvisionnement en aciers \u00e9tir\u00e9s.<\/strong> Nous nous <strong>d\u00e9marquons<\/strong> par le fait d\u2019offrir un grand <strong>service de livraison<\/strong> (situation strat\u00e9gique de nos usines d\u2019\u00e9tirage et propre flotte de camions), un vaste <strong>stock<\/strong> et pour la <strong>qualit\u00e9<\/strong> de nos aciers \u00e9tir\u00e9s.<\/p>\n<p>Les <strong>types d\u2019aciers \u00e9tir\u00e9s<\/strong> que nous fournissons sont : <strong>aciers \u00e9tir\u00e9s \u00e0 usinage facile<\/strong>, <strong>aciers \u00e9tir\u00e9s au carbone <\/strong>et <strong>aciers \u00e9tir\u00e9s inoxydables<\/strong>.<\/p>\n<div class=\"cuadro\">\n[vc_column width=&#8221;1\/1&#8243;]<section id=\"benefits-grid-1\" class=\"benefits-grid wf-container icons-bg\"><div class=\"wf-cell wf-1-4\"><div class=\"borders\"><div class=\"text-normal\"><span class=\"benefits-grid-ico\"><img loading=\"lazy\" decoding=\"async\" src=\"https:\/\/www.ausasteel.com\/wp-content\/uploads\/2018\/08\/calidad-2.png\" width=\"200\" height=\"200\"  alt=\"\" \/><\/span><h4>QUALIT\u00c9<\/h4><p>Nous poss\u00e9dons des usines de fabrication d&#8217;aciers \u00e9tir\u00e9s \u00e0 Vitoria (Espagne), Li\u00e8ge (Belgique) et Galati (Roumanie) caract\u00e9ris\u00e9es par leur <strong>strict syst\u00e8me de qualit\u00e9<\/strong> qui contr\u00f4le tous les proc\u00e9d\u00e9s et techniques, garantissant un mat\u00e9riau de premi\u00e8re qualit\u00e9. <strong>AUSA <\/strong>est certifi\u00e9e par la norme\u00a0<a title=\"http:\/\/fr.wikipedia.org\/wiki\/ISO_9001\" href=\"\/fr\/information-technique\/certificats-ausa\/certificats-iso\/\" target=\"_blank\" rel=\"noopener\">ISO 9001:2015<\/a>.<\/p><!-- AddThis Advanced Settings generic via filter on the_content --><\/div><\/div><\/div><div class=\"wf-cell wf-1-4\"><div class=\"borders\"><div class=\"text-normal\"><span class=\"benefits-grid-ico\"><img loading=\"lazy\" decoding=\"async\" src=\"https:\/\/www.ausasteel.com\/wp-content\/uploads\/2018\/08\/stock_mueble-2.png\" width=\"200\" height=\"200\"  alt=\"\" \/><\/span><h4>STOCK<\/h4><p>Nous poss\u00e9dons aujourd&#8217;hui <strong>plus 10.000 tonnes <\/strong>d&#8217;aciers \u00e9tir\u00e9s en stock qui garantissent un approvisionnement imm\u00e9diat.<\/p><!-- AddThis Advanced Settings generic via filter on the_content --><\/div><\/div><\/div><div class=\"wf-cell wf-1-4\"><div class=\"borders\"><div class=\"text-normal\"><span class=\"benefits-grid-ico\"><img loading=\"lazy\" decoding=\"async\" src=\"https:\/\/www.ausasteel.com\/wp-content\/uploads\/2018\/08\/experiencia-2.png\" width=\"200\" height=\"200\"  alt=\"\" \/><\/span><h4>Exp\u00e9rience<\/h4><p><strong>Depuis 1.992 nous fabriquons des aciers \u00e9tir\u00e9s<\/strong> pour des entreprises industrielles de tous types de secteurs : automobile, d\u00e9colletage, machine-outil, etc.<\/p><!-- AddThis Advanced Settings generic via filter on the_content --><\/div><\/div><\/div><\/section>[vc_column]\n<\/div>\n<\/div>\n<\/div>\n<div class=\"row gris\" id=\"informacion_tecnica\">\n<div class=\"container\">\n<h2>Information technique<\/h2>\n<p>[vc_widget_sidebar show_bg=&#8221;false&#8221; sidebar_id=&#8221;sidebar_26&#8243;]\n<\/p><\/div>\n<\/div>","protected":false},"excerpt":{"rendered":"<p>Aciers \u00e9tir\u00e9s Les aciers \u00e9tir\u00e9s pr\u00e9sentent une grande pr\u00e9cision dimensionnelle, ont une bonne usinabilit\u00e9 et sont \u00e0 usinage facile. Ce sont des aciers tr\u00e8s utilis\u00e9s pour permettre de r\u00e9duire les co\u00fbts de production de mani\u00e8re tr\u00e8s consid\u00e9rable. [vc_widget_sidebar show_bg=&#8221;false&#8221; sidebar_id=&#8221;sidebar_11&#8243;] Avantages Chez AUSA nous sommes sp\u00e9cialis\u00e9s dans la fabrication et l\u2019approvisionnement en aciers \u00e9tir\u00e9s. Nous&hellip;<!-- AddThis Advanced Settings generic via filter on get_the_excerpt --><\/p>\n","protected":false},"author":1,"featured_media":0,"parent":13726,"menu_order":0,"comment_status":"closed","ping_status":"closed","template":"","meta":{"footnotes":""},"class_list":["post-2984","page","type-page","status-publish","hentry"],"yoast_head":"<!-- This site is optimized with the Yoast SEO plugin v26.6 - https:\/\/yoast.com\/wordpress\/plugins\/seo\/ -->\n<title>Aciers \u00e9tir\u00e9s - AUSA special steels<\/title>\n<meta name=\"robots\" content=\"index, follow, max-snippet:-1, max-image-preview:large, max-video-preview:-1\" \/>\n<link rel=\"canonical\" href=\"https:\/\/www.ausasteel.com\/fr\/aciers\/aciers-etires\/\" \/>\n<meta property=\"og:locale\" content=\"fr_FR\" \/>\n<meta property=\"og:type\" content=\"article\" \/>\n<meta property=\"og:title\" content=\"Aciers \u00e9tir\u00e9s - AUSA special steels\" \/>\n<meta property=\"og:description\" content=\"Aciers \u00e9tir\u00e9s Les aciers \u00e9tir\u00e9s pr\u00e9sentent une grande pr\u00e9cision dimensionnelle, ont une bonne usinabilit\u00e9 et sont \u00e0 usinage facile. Ce sont des aciers tr\u00e8s utilis\u00e9s pour permettre de r\u00e9duire les co\u00fbts de production de mani\u00e8re tr\u00e8s consid\u00e9rable. [vc_widget_sidebar show_bg=&#8221;false&#8221; sidebar_id=&#8221;sidebar_11&#8243;] Avantages Chez AUSA nous sommes sp\u00e9cialis\u00e9s dans la fabrication et l\u2019approvisionnement en aciers \u00e9tir\u00e9s. Nous&hellip;\" \/>\n<meta property=\"og:url\" content=\"https:\/\/www.ausasteel.com\/fr\/aciers\/aciers-etires\/\" \/>\n<meta property=\"og:site_name\" content=\"AUSA special steels\" \/>\n<meta property=\"article:modified_time\" content=\"2019-06-19T11:13:45+00:00\" \/>\n<meta name=\"twitter:label1\" content=\"Est. reading time\" \/>\n\t<meta name=\"twitter:data1\" content=\"1 minute\" \/>\n<script type=\"application\/ld+json\" class=\"yoast-schema-graph\">{\"@context\":\"https:\/\/schema.org\",\"@graph\":[{\"@type\":\"WebPage\",\"@id\":\"https:\/\/www.ausasteel.com\/fr\/aciers\/aciers-etires\/\",\"url\":\"https:\/\/www.ausasteel.com\/fr\/aciers\/aciers-etires\/\",\"name\":\"Aciers \u00e9tir\u00e9s - AUSA special steels\",\"isPartOf\":{\"@id\":\"https:\/\/www.ausasteel.com\/fr\/#website\"},\"datePublished\":\"2014-10-24T09:29:28+00:00\",\"dateModified\":\"2019-06-19T11:13:45+00:00\",\"breadcrumb\":{\"@id\":\"https:\/\/www.ausasteel.com\/fr\/aciers\/aciers-etires\/#breadcrumb\"},\"inLanguage\":\"fr-FR\",\"potentialAction\":[{\"@type\":\"ReadAction\",\"target\":[\"https:\/\/www.ausasteel.com\/fr\/aciers\/aciers-etires\/\"]}]},{\"@type\":\"BreadcrumbList\",\"@id\":\"https:\/\/www.ausasteel.com\/fr\/aciers\/aciers-etires\/#breadcrumb\",\"itemListElement\":[{\"@type\":\"ListItem\",\"position\":1,\"name\":\"Portada\",\"item\":\"https:\/\/www.ausasteel.com\/fr\/\"},{\"@type\":\"ListItem\",\"position\":2,\"name\":\"Aciers\",\"item\":\"https:\/\/www.ausasteel.com\/fr\/aciers\/\"},{\"@type\":\"ListItem\",\"position\":3,\"name\":\"Aciers \u00e9tir\u00e9s\"}]},{\"@type\":\"WebSite\",\"@id\":\"https:\/\/www.ausasteel.com\/fr\/#website\",\"url\":\"https:\/\/www.ausasteel.com\/fr\/\",\"name\":\"AUSA special steels\",\"description\":\"AUSA special steels\",\"potentialAction\":[{\"@type\":\"SearchAction\",\"target\":{\"@type\":\"EntryPoint\",\"urlTemplate\":\"https:\/\/www.ausasteel.com\/fr\/?s={search_term_string}\"},\"query-input\":{\"@type\":\"PropertyValueSpecification\",\"valueRequired\":true,\"valueName\":\"search_term_string\"}}],\"inLanguage\":\"fr-FR\"}]}<\/script>\n<!-- \/ Yoast SEO plugin. -->","yoast_head_json":{"title":"Aciers \u00e9tir\u00e9s - AUSA special steels","robots":{"index":"index","follow":"follow","max-snippet":"max-snippet:-1","max-image-preview":"max-image-preview:large","max-video-preview":"max-video-preview:-1"},"canonical":"https:\/\/www.ausasteel.com\/fr\/aciers\/aciers-etires\/","og_locale":"fr_FR","og_type":"article","og_title":"Aciers \u00e9tir\u00e9s - AUSA special steels","og_description":"Aciers \u00e9tir\u00e9s Les aciers \u00e9tir\u00e9s pr\u00e9sentent une grande pr\u00e9cision dimensionnelle, ont une bonne usinabilit\u00e9 et sont \u00e0 usinage facile. Ce sont des aciers tr\u00e8s utilis\u00e9s pour permettre de r\u00e9duire les co\u00fbts de production de mani\u00e8re tr\u00e8s consid\u00e9rable. [vc_widget_sidebar show_bg=&#8221;false&#8221; sidebar_id=&#8221;sidebar_11&#8243;] Avantages Chez AUSA nous sommes sp\u00e9cialis\u00e9s dans la fabrication et l\u2019approvisionnement en aciers \u00e9tir\u00e9s. Nous&hellip;","og_url":"https:\/\/www.ausasteel.com\/fr\/aciers\/aciers-etires\/","og_site_name":"AUSA special steels","article_modified_time":"2019-06-19T11:13:45+00:00","twitter_misc":{"Est. reading time":"1 minute"},"schema":{"@context":"https:\/\/schema.org","@graph":[{"@type":"WebPage","@id":"https:\/\/www.ausasteel.com\/fr\/aciers\/aciers-etires\/","url":"https:\/\/www.ausasteel.com\/fr\/aciers\/aciers-etires\/","name":"Aciers \u00e9tir\u00e9s - AUSA special steels","isPartOf":{"@id":"https:\/\/www.ausasteel.com\/fr\/#website"},"datePublished":"2014-10-24T09:29:28+00:00","dateModified":"2019-06-19T11:13:45+00:00","breadcrumb":{"@id":"https:\/\/www.ausasteel.com\/fr\/aciers\/aciers-etires\/#breadcrumb"},"inLanguage":"fr-FR","potentialAction":[{"@type":"ReadAction","target":["https:\/\/www.ausasteel.com\/fr\/aciers\/aciers-etires\/"]}]},{"@type":"BreadcrumbList","@id":"https:\/\/www.ausasteel.com\/fr\/aciers\/aciers-etires\/#breadcrumb","itemListElement":[{"@type":"ListItem","position":1,"name":"Portada","item":"https:\/\/www.ausasteel.com\/fr\/"},{"@type":"ListItem","position":2,"name":"Aciers","item":"https:\/\/www.ausasteel.com\/fr\/aciers\/"},{"@type":"ListItem","position":3,"name":"Aciers \u00e9tir\u00e9s"}]},{"@type":"WebSite","@id":"https:\/\/www.ausasteel.com\/fr\/#website","url":"https:\/\/www.ausasteel.com\/fr\/","name":"AUSA special steels","description":"AUSA special steels","potentialAction":[{"@type":"SearchAction","target":{"@type":"EntryPoint","urlTemplate":"https:\/\/www.ausasteel.com\/fr\/?s={search_term_string}"},"query-input":{"@type":"PropertyValueSpecification","valueRequired":true,"valueName":"search_term_string"}}],"inLanguage":"fr-FR"}]}},"_links":{"self":[{"href":"https:\/\/www.ausasteel.com\/fr\/wp-json\/wp\/v2\/pages\/2984","targetHints":{"allow":["GET"]}}],"collection":[{"href":"https:\/\/www.ausasteel.com\/fr\/wp-json\/wp\/v2\/pages"}],"about":[{"href":"https:\/\/www.ausasteel.com\/fr\/wp-json\/wp\/v2\/types\/page"}],"author":[{"embeddable":true,"href":"https:\/\/www.ausasteel.com\/fr\/wp-json\/wp\/v2\/users\/1"}],"replies":[{"embeddable":true,"href":"https:\/\/www.ausasteel.com\/fr\/wp-json\/wp\/v2\/comments?post=2984"}],"version-history":[{"count":12,"href":"https:\/\/www.ausasteel.com\/fr\/wp-json\/wp\/v2\/pages\/2984\/revisions"}],"predecessor-version":[{"id":15599,"href":"https:\/\/www.ausasteel.com\/fr\/wp-json\/wp\/v2\/pages\/2984\/revisions\/15599"}],"up":[{"embeddable":true,"href":"https:\/\/www.ausasteel.com\/fr\/wp-json\/wp\/v2\/pages\/13726"}],"wp:attachment":[{"href":"https:\/\/www.ausasteel.com\/fr\/wp-json\/wp\/v2\/media?parent=2984"}],"curies":[{"name":"wp","href":"https:\/\/api.w.org\/{rel}","templated":true}]}}