        {"id":14063,"date":"2017-03-15T11:12:33","date_gmt":"2017-03-15T11:12:33","guid":{"rendered":"http:\/\/ausasteel.irantzu.com\/certificado-rohs-2\/"},"modified":"2018-10-01T10:53:42","modified_gmt":"2018-10-01T10:53:42","slug":"certificado-rohs","status":"publish","type":"page","link":"https:\/\/www.ausasteel.com\/fr\/information-technique\/certificats-ausa\/certificado-rohs\/","title":{"rendered":"La Directive RoHS"},"content":{"rendered":"<div class=\"wpb-content-wrapper\"><div class=\"row\">\n<div class=\"container\">\n<h1>La Directive RoHS<\/h1>\n<div id=\"bloque-descarga\">\n<h4>T\u00e9l\u00e9chargez La Directive RoHS<\/h4>\n<p><a class=\"btn_ausa\" target=\"_blank\" href=\"\/wp-content\/uploads\/2017\/05\/Declaracion-ROHS-AUSA-Special-Steels-EN.pdf\"><strong>T\u00e9l\u00e9chargez La Directive<\/strong><\/a><\/p>\n<\/div>\n<\/div>\n<\/div>\n<p>[vc_row][vc_column width=&#8221;1\/1&#8243;][vc_column_text]<\/p>\n<h3>Vous pouvez \u00eatre interess\u00e9 pour libre&#8230;<\/h3>\n<div class =\"row\">\n<div class=\"col-md-5\">\n<p style=\"text-align: justify;\"><a href=\"\/fr\/la-directive-rohs-et-son-application-dans-lacier\/\"><img loading=\"lazy\" decoding=\"async\" class=\"alignnone wp-image-11708 size-medium\" src=\"\/wp-content\/uploads\/2017\/03\/Normativa-RoSH-300x200.jpg\" alt=\"\" width=\"300\" height=\"200\" srcset=\"https:\/\/www.ausasteel.com\/wp-content\/uploads\/2017\/03\/Normativa-RoSH-300x200.jpg 300w, https:\/\/www.ausasteel.com\/wp-content\/uploads\/2017\/03\/Normativa-RoSH.jpg 900w\" sizes=\"auto, (max-width: 300px) 100vw, 300px\" \/><\/a><\/p>\n<\/div>\n<div class=\"col-md-7\">\n<p>Dans notre blog, nous expliquons dans l\u2019article suivant quel est <strong>qu\u00e9 consiste <\/strong>le Directive RoHS, les substances r\u00e9glement\u00e9es, les concentrations autoris\u00e9es et quel est le r\u00f4le de l\u2019acier dans RoHS.<\/p>\n<p style=\"text-align: justify;\">\u2013 <a href=\"\/fr\/la-directive-rohs-et-son-application-dans-lacier\/\">La Directive ROHS et son application dans l\u2019acier.<\/a><\/p>\n<\/div>\n<\/div>\n<\/div><!-- AddThis Advanced Settings generic via filter on the_content -->","protected":false},"excerpt":{"rendered":"<p>La Directive RoHS T\u00e9l\u00e9chargez La Directive RoHS T\u00e9l\u00e9chargez La Directive [vc_row][vc_column width=&#8221;1\/1&#8243;][vc_column_text] Vous pouvez \u00eatre interess\u00e9 pour libre&#8230; Dans notre blog, nous expliquons dans l\u2019article suivant quel est qu\u00e9 consiste le Directive RoHS, les substances r\u00e9glement\u00e9es, les concentrations autoris\u00e9es et quel est le r\u00f4le de l\u2019acier dans RoHS. \u2013 La Directive ROHS et son application&hellip;<!-- AddThis Advanced Settings generic via filter on get_the_excerpt --><\/p>\n","protected":false},"author":10,"featured_media":0,"parent":14746,"menu_order":0,"comment_status":"closed","ping_status":"open","template":"","meta":{"footnotes":""},"class_list":["post-14063","page","type-page","status-publish","hentry"],"yoast_head":"<!-- This site is optimized with the Yoast SEO plugin v26.6 - https:\/\/yoast.com\/wordpress\/plugins\/seo\/ -->\n<title>La Directive RoHS - AUSA special steels<\/title>\n<meta name=\"robots\" content=\"index, nofollow, max-snippet:-1, max-image-preview:large, max-video-preview:-1\" \/>\n<link rel=\"canonical\" href=\"https:\/\/www.ausasteel.com\/fr\/information-technique\/certificats-ausa\/certificado-rohs\/\" \/>\n<meta property=\"og:locale\" content=\"fr_FR\" \/>\n<meta property=\"og:type\" content=\"article\" \/>\n<meta property=\"og:title\" content=\"La Directive RoHS - AUSA special steels\" \/>\n<meta property=\"og:description\" content=\"La Directive RoHS T\u00e9l\u00e9chargez La Directive RoHS T\u00e9l\u00e9chargez La Directive [vc_row][vc_column width=&#8221;1\/1&#8243;][vc_column_text] Vous pouvez \u00eatre interess\u00e9 pour libre&#8230; Dans notre blog, nous expliquons dans l\u2019article suivant quel est qu\u00e9 consiste le Directive RoHS, les substances r\u00e9glement\u00e9es, les concentrations autoris\u00e9es et quel est le r\u00f4le de l\u2019acier dans RoHS. \u2013 La Directive ROHS et son application&hellip;\" \/>\n<meta property=\"og:url\" content=\"https:\/\/www.ausasteel.com\/fr\/information-technique\/certificats-ausa\/certificado-rohs\/\" \/>\n<meta property=\"og:site_name\" content=\"AUSA special steels\" \/>\n<meta property=\"article:modified_time\" content=\"2018-10-01T10:53:42+00:00\" \/>\n<script type=\"application\/ld+json\" class=\"yoast-schema-graph\">{\"@context\":\"https:\/\/schema.org\",\"@graph\":[{\"@type\":\"WebPage\",\"@id\":\"https:\/\/www.ausasteel.com\/fr\/information-technique\/certificats-ausa\/certificado-rohs\/\",\"url\":\"https:\/\/www.ausasteel.com\/fr\/information-technique\/certificats-ausa\/certificado-rohs\/\",\"name\":\"La Directive RoHS - AUSA special steels\",\"isPartOf\":{\"@id\":\"https:\/\/www.ausasteel.com\/fr\/#website\"},\"datePublished\":\"2017-03-15T11:12:33+00:00\",\"dateModified\":\"2018-10-01T10:53:42+00:00\",\"breadcrumb\":{\"@id\":\"https:\/\/www.ausasteel.com\/fr\/information-technique\/certificats-ausa\/certificado-rohs\/#breadcrumb\"},\"inLanguage\":\"fr-FR\",\"potentialAction\":[{\"@type\":\"ReadAction\",\"target\":[\"https:\/\/www.ausasteel.com\/fr\/information-technique\/certificats-ausa\/certificado-rohs\/\"]}]},{\"@type\":\"BreadcrumbList\",\"@id\":\"https:\/\/www.ausasteel.com\/fr\/information-technique\/certificats-ausa\/certificado-rohs\/#breadcrumb\",\"itemListElement\":[{\"@type\":\"ListItem\",\"position\":1,\"name\":\"Portada\",\"item\":\"https:\/\/www.ausasteel.com\/fr\/\"},{\"@type\":\"ListItem\",\"position\":2,\"name\":\"Information technique\",\"item\":\"https:\/\/www.ausasteel.com\/fr\/information-technique\/\"},{\"@type\":\"ListItem\",\"position\":3,\"name\":\"Protegido: Certificats &#8211; AUSA\",\"item\":\"https:\/\/www.ausasteel.com\/fr\/information-technique\/certificats-ausa\/\"},{\"@type\":\"ListItem\",\"position\":4,\"name\":\"La Directive RoHS\"}]},{\"@type\":\"WebSite\",\"@id\":\"https:\/\/www.ausasteel.com\/fr\/#website\",\"url\":\"https:\/\/www.ausasteel.com\/fr\/\",\"name\":\"AUSA special steels\",\"description\":\"AUSA special steels\",\"potentialAction\":[{\"@type\":\"SearchAction\",\"target\":{\"@type\":\"EntryPoint\",\"urlTemplate\":\"https:\/\/www.ausasteel.com\/fr\/?s={search_term_string}\"},\"query-input\":{\"@type\":\"PropertyValueSpecification\",\"valueRequired\":true,\"valueName\":\"search_term_string\"}}],\"inLanguage\":\"fr-FR\"}]}<\/script>\n<!-- \/ Yoast SEO plugin. -->","yoast_head_json":{"title":"La Directive RoHS - AUSA special steels","robots":{"index":"index","follow":"nofollow","max-snippet":"max-snippet:-1","max-image-preview":"max-image-preview:large","max-video-preview":"max-video-preview:-1"},"canonical":"https:\/\/www.ausasteel.com\/fr\/information-technique\/certificats-ausa\/certificado-rohs\/","og_locale":"fr_FR","og_type":"article","og_title":"La Directive RoHS - AUSA special steels","og_description":"La Directive RoHS T\u00e9l\u00e9chargez La Directive RoHS T\u00e9l\u00e9chargez La Directive [vc_row][vc_column width=&#8221;1\/1&#8243;][vc_column_text] Vous pouvez \u00eatre interess\u00e9 pour libre&#8230; Dans notre blog, nous expliquons dans l\u2019article suivant quel est qu\u00e9 consiste le Directive RoHS, les substances r\u00e9glement\u00e9es, les concentrations autoris\u00e9es et quel est le r\u00f4le de l\u2019acier dans RoHS. \u2013 La Directive ROHS et son application&hellip;","og_url":"https:\/\/www.ausasteel.com\/fr\/information-technique\/certificats-ausa\/certificado-rohs\/","og_site_name":"AUSA special steels","article_modified_time":"2018-10-01T10:53:42+00:00","schema":{"@context":"https:\/\/schema.org","@graph":[{"@type":"WebPage","@id":"https:\/\/www.ausasteel.com\/fr\/information-technique\/certificats-ausa\/certificado-rohs\/","url":"https:\/\/www.ausasteel.com\/fr\/information-technique\/certificats-ausa\/certificado-rohs\/","name":"La Directive RoHS - AUSA special steels","isPartOf":{"@id":"https:\/\/www.ausasteel.com\/fr\/#website"},"datePublished":"2017-03-15T11:12:33+00:00","dateModified":"2018-10-01T10:53:42+00:00","breadcrumb":{"@id":"https:\/\/www.ausasteel.com\/fr\/information-technique\/certificats-ausa\/certificado-rohs\/#breadcrumb"},"inLanguage":"fr-FR","potentialAction":[{"@type":"ReadAction","target":["https:\/\/www.ausasteel.com\/fr\/information-technique\/certificats-ausa\/certificado-rohs\/"]}]},{"@type":"BreadcrumbList","@id":"https:\/\/www.ausasteel.com\/fr\/information-technique\/certificats-ausa\/certificado-rohs\/#breadcrumb","itemListElement":[{"@type":"ListItem","position":1,"name":"Portada","item":"https:\/\/www.ausasteel.com\/fr\/"},{"@type":"ListItem","position":2,"name":"Information technique","item":"https:\/\/www.ausasteel.com\/fr\/information-technique\/"},{"@type":"ListItem","position":3,"name":"Protegido: Certificats &#8211; AUSA","item":"https:\/\/www.ausasteel.com\/fr\/information-technique\/certificats-ausa\/"},{"@type":"ListItem","position":4,"name":"La Directive RoHS"}]},{"@type":"WebSite","@id":"https:\/\/www.ausasteel.com\/fr\/#website","url":"https:\/\/www.ausasteel.com\/fr\/","name":"AUSA special steels","description":"AUSA special steels","potentialAction":[{"@type":"SearchAction","target":{"@type":"EntryPoint","urlTemplate":"https:\/\/www.ausasteel.com\/fr\/?s={search_term_string}"},"query-input":{"@type":"PropertyValueSpecification","valueRequired":true,"valueName":"search_term_string"}}],"inLanguage":"fr-FR"}]}},"_links":{"self":[{"href":"https:\/\/www.ausasteel.com\/fr\/wp-json\/wp\/v2\/pages\/14063","targetHints":{"allow":["GET"]}}],"collection":[{"href":"https:\/\/www.ausasteel.com\/fr\/wp-json\/wp\/v2\/pages"}],"about":[{"href":"https:\/\/www.ausasteel.com\/fr\/wp-json\/wp\/v2\/types\/page"}],"author":[{"embeddable":true,"href":"https:\/\/www.ausasteel.com\/fr\/wp-json\/wp\/v2\/users\/10"}],"replies":[{"embeddable":true,"href":"https:\/\/www.ausasteel.com\/fr\/wp-json\/wp\/v2\/comments?post=14063"}],"version-history":[{"count":8,"href":"https:\/\/www.ausasteel.com\/fr\/wp-json\/wp\/v2\/pages\/14063\/revisions"}],"predecessor-version":[{"id":14760,"href":"https:\/\/www.ausasteel.com\/fr\/wp-json\/wp\/v2\/pages\/14063\/revisions\/14760"}],"up":[{"embeddable":true,"href":"https:\/\/www.ausasteel.com\/fr\/wp-json\/wp\/v2\/pages\/14746"}],"wp:attachment":[{"href":"https:\/\/www.ausasteel.com\/fr\/wp-json\/wp\/v2\/media?parent=14063"}],"curies":[{"name":"wp","href":"https:\/\/api.w.org\/{rel}","templated":true}]}}