        {"id":13726,"date":"2018-08-27T08:34:33","date_gmt":"2018-08-27T08:34:33","guid":{"rendered":"http:\/\/ausasteel.irantzu.com\/?page_id=13726"},"modified":"2019-09-04T11:02:10","modified_gmt":"2019-09-04T11:02:10","slug":"aciers","status":"publish","type":"page","link":"https:\/\/www.ausasteel.com\/fr\/aciers\/","title":{"rendered":"Aciers"},"content":{"rendered":"<div class=\"row\">\n<div class=\"container\">\n<h1>Aciers<\/h1>\n<h3>Chez <strong>AUSA<\/strong>, nous travaillons pour tous les <strong>secteurs industriels<\/strong> : machine-outil, forge, automobile, moulistes, a\u00e9ronautique, ferroviaire, agriculture, etc.<\/h3>\n<div class=\"container_imagen\"><img decoding=\"async\" title=\"Aciers - Ausa\" src=\"\/wp-content\/uploads\/2014\/10\/Aceros-Calibrados-AUSA.jpg\" alt=\"Aciers - Ausa\" \/><\/div>\n<p>Nous sommes des sp\u00e9cialistes dans la <strong>distribution d\u2019aciers sp\u00e9ciaux<\/strong> -aciers lamin\u00e9s et aciers forg\u00e9s durant leur transformation et coupe- et dans la <strong>fabrication d\u2019aciers \u00e9tir\u00e9s<\/strong> \u00e0 froid.<\/p>\n<p>Nous nous <strong>d\u00e9marquons<\/strong> gr\u00e2ce \u00e0 notre service logistique (propre flotte de camions), notre <strong>stock important<\/strong> et par <strong>l\u2019homog\u00e9n\u00e9it\u00e9<\/strong> et <strong>la qualit\u00e9 de nos aciers sp\u00e9ciaux<\/strong>.<\/p>\n<p>Nous poss\u00e9dons des centres d\u2019approvisionnement \u00e0 <strong>Vitoria<\/strong>, <strong>Barcelone, Valence, Zaragosse, S\u00e9ville, Valladolid <\/strong>et<strong> Madrid (Espagne)<\/strong>, <a href=\"\/fr\/au-sujet-de-ausa\/liege-belgique\/\"><strong>Li\u00e8ge<\/strong><\/a> (Belgique) et <strong>Galati<\/strong> (Roumanie) qui garantissent la ponctualit\u00e9 du mat\u00e9riel dans vos installations.<\/p>\n<p><strong>AUSA<\/strong> poss\u00e8de une structure qui lui permet d\u2019agir dans le monde entier.<\/p>\n<\/div>\n<\/div>\n<div class=\"row\">\n<div class=\"container bloques_enlaces\">\n<div class=\"col-md-6 bloque_enlace\">\n<div><img decoding=\"async\" src=\"\/wp-content\/uploads\/2018\/08\/aceros_especiales.jpg\" alt=\"Aciers sp\u00e9ciaux\" \/><a class=\"caja_enlace\" title=\"Aciers sp\u00e9ciaux\" href=\"\/fr\/aciers-speciaux\/\"><br \/>\n<span class=\"titulo_caja\">Aciers sp\u00e9ciaux<\/span><br \/>\n<span class=\"texto_caja\">Large gamme d\u2019<strong>aciers lamin\u00e9s et aciers forg\u00e9s en stock et service de livraison imm\u00e9diate.<\/strong><\/span><br \/>\n<span class=\"btn_ausa\">Consultez nos aciers sp\u00e9ciaux<\/span><br \/>\n<\/a><\/div>\n<\/div>\n<div class=\"col-md-6 bloque_enlace\">\n<div><img decoding=\"async\" src=\"\/wp-content\/uploads\/2018\/08\/aceros_calibrados.jpg\" alt=\"Aciers \u00e9tir\u00e9s\" \/><a class=\"caja_enlace\" title=\"Aciers \u00e9tir\u00e9s \" href=\"\/fr\/aciers-etires\/\"><br \/>\n<span class=\"titulo_caja\">Aciers \u00e9tir\u00e9s<\/span><br \/>\n<span class=\"texto_caja\">Nous fabriquons des aciers \u00e9tir\u00e9s \u00e0 froid. <strong>Stock important et service imm\u00e9diat.<\/strong><\/span><br \/>\n<span class=\"btn_ausa\">Voir nos aciers \u00e9tir\u00e9s<\/span><br \/>\n<\/a><\/div>\n<\/div>\n<\/div>\n<\/div>\n<div id=\"informacion_tecnica\" class=\"row gris\">\n<div class=\"container\">\n<h2>Information technique<\/h2>\n<p>[vc_widget_sidebar show_bg=&#8221;false&#8221; sidebar_id=&#8221;sidebar_26&#8243;]<\/p>\n<\/div>\n<\/div><!-- AddThis Advanced Settings generic via filter on the_content -->","protected":false},"excerpt":{"rendered":"<p>Aciers Chez AUSA, nous travaillons pour tous les secteurs industriels : machine-outil, forge, automobile, moulistes, a\u00e9ronautique, ferroviaire, agriculture, etc. Nous sommes des sp\u00e9cialistes dans la distribution d\u2019aciers sp\u00e9ciaux -aciers lamin\u00e9s et aciers forg\u00e9s durant leur transformation et coupe- et dans la fabrication d\u2019aciers \u00e9tir\u00e9s \u00e0 froid. Nous nous d\u00e9marquons gr\u00e2ce \u00e0 notre service logistique (propre&hellip;<!-- AddThis Advanced Settings generic via filter on get_the_excerpt --><\/p>\n","protected":false},"author":12,"featured_media":0,"parent":0,"menu_order":0,"comment_status":"closed","ping_status":"closed","template":"","meta":{"footnotes":""},"class_list":["post-13726","page","type-page","status-publish","hentry"],"yoast_head":"<!-- This site is optimized with the Yoast SEO plugin v26.6 - https:\/\/yoast.com\/wordpress\/plugins\/seo\/ -->\n<title>Aciers - AUSA special steels<\/title>\n<meta name=\"robots\" content=\"index, follow, max-snippet:-1, max-image-preview:large, max-video-preview:-1\" \/>\n<link rel=\"canonical\" href=\"https:\/\/www.ausasteel.com\/fr\/aciers\/\" \/>\n<meta property=\"og:locale\" content=\"fr_FR\" \/>\n<meta property=\"og:type\" content=\"article\" \/>\n<meta property=\"og:title\" content=\"Aciers - AUSA special steels\" \/>\n<meta property=\"og:description\" content=\"Aciers Chez AUSA, nous travaillons pour tous les secteurs industriels : machine-outil, forge, automobile, moulistes, a\u00e9ronautique, ferroviaire, agriculture, etc. Nous sommes des sp\u00e9cialistes dans la distribution d\u2019aciers sp\u00e9ciaux -aciers lamin\u00e9s et aciers forg\u00e9s durant leur transformation et coupe- et dans la fabrication d\u2019aciers \u00e9tir\u00e9s \u00e0 froid. Nous nous d\u00e9marquons gr\u00e2ce \u00e0 notre service logistique (propre&hellip;\" \/>\n<meta property=\"og:url\" content=\"https:\/\/www.ausasteel.com\/fr\/aciers\/\" \/>\n<meta property=\"og:site_name\" content=\"AUSA special steels\" \/>\n<meta property=\"article:modified_time\" content=\"2019-09-04T11:02:10+00:00\" \/>\n<meta name=\"twitter:label1\" content=\"Est. reading time\" \/>\n\t<meta name=\"twitter:data1\" content=\"1 minute\" \/>\n<script type=\"application\/ld+json\" class=\"yoast-schema-graph\">{\"@context\":\"https:\/\/schema.org\",\"@graph\":[{\"@type\":\"WebPage\",\"@id\":\"https:\/\/www.ausasteel.com\/fr\/aciers\/\",\"url\":\"https:\/\/www.ausasteel.com\/fr\/aciers\/\",\"name\":\"Aciers - AUSA special steels\",\"isPartOf\":{\"@id\":\"https:\/\/www.ausasteel.com\/fr\/#website\"},\"datePublished\":\"2018-08-27T08:34:33+00:00\",\"dateModified\":\"2019-09-04T11:02:10+00:00\",\"breadcrumb\":{\"@id\":\"https:\/\/www.ausasteel.com\/fr\/aciers\/#breadcrumb\"},\"inLanguage\":\"fr-FR\",\"potentialAction\":[{\"@type\":\"ReadAction\",\"target\":[\"https:\/\/www.ausasteel.com\/fr\/aciers\/\"]}]},{\"@type\":\"BreadcrumbList\",\"@id\":\"https:\/\/www.ausasteel.com\/fr\/aciers\/#breadcrumb\",\"itemListElement\":[{\"@type\":\"ListItem\",\"position\":1,\"name\":\"Portada\",\"item\":\"https:\/\/www.ausasteel.com\/fr\/\"},{\"@type\":\"ListItem\",\"position\":2,\"name\":\"Aciers\"}]},{\"@type\":\"WebSite\",\"@id\":\"https:\/\/www.ausasteel.com\/fr\/#website\",\"url\":\"https:\/\/www.ausasteel.com\/fr\/\",\"name\":\"AUSA special steels\",\"description\":\"AUSA special steels\",\"potentialAction\":[{\"@type\":\"SearchAction\",\"target\":{\"@type\":\"EntryPoint\",\"urlTemplate\":\"https:\/\/www.ausasteel.com\/fr\/?s={search_term_string}\"},\"query-input\":{\"@type\":\"PropertyValueSpecification\",\"valueRequired\":true,\"valueName\":\"search_term_string\"}}],\"inLanguage\":\"fr-FR\"}]}<\/script>\n<!-- \/ Yoast SEO plugin. -->","yoast_head_json":{"title":"Aciers - AUSA special steels","robots":{"index":"index","follow":"follow","max-snippet":"max-snippet:-1","max-image-preview":"max-image-preview:large","max-video-preview":"max-video-preview:-1"},"canonical":"https:\/\/www.ausasteel.com\/fr\/aciers\/","og_locale":"fr_FR","og_type":"article","og_title":"Aciers - AUSA special steels","og_description":"Aciers Chez AUSA, nous travaillons pour tous les secteurs industriels : machine-outil, forge, automobile, moulistes, a\u00e9ronautique, ferroviaire, agriculture, etc. Nous sommes des sp\u00e9cialistes dans la distribution d\u2019aciers sp\u00e9ciaux -aciers lamin\u00e9s et aciers forg\u00e9s durant leur transformation et coupe- et dans la fabrication d\u2019aciers \u00e9tir\u00e9s \u00e0 froid. Nous nous d\u00e9marquons gr\u00e2ce \u00e0 notre service logistique (propre&hellip;","og_url":"https:\/\/www.ausasteel.com\/fr\/aciers\/","og_site_name":"AUSA special steels","article_modified_time":"2019-09-04T11:02:10+00:00","twitter_misc":{"Est. reading time":"1 minute"},"schema":{"@context":"https:\/\/schema.org","@graph":[{"@type":"WebPage","@id":"https:\/\/www.ausasteel.com\/fr\/aciers\/","url":"https:\/\/www.ausasteel.com\/fr\/aciers\/","name":"Aciers - AUSA special steels","isPartOf":{"@id":"https:\/\/www.ausasteel.com\/fr\/#website"},"datePublished":"2018-08-27T08:34:33+00:00","dateModified":"2019-09-04T11:02:10+00:00","breadcrumb":{"@id":"https:\/\/www.ausasteel.com\/fr\/aciers\/#breadcrumb"},"inLanguage":"fr-FR","potentialAction":[{"@type":"ReadAction","target":["https:\/\/www.ausasteel.com\/fr\/aciers\/"]}]},{"@type":"BreadcrumbList","@id":"https:\/\/www.ausasteel.com\/fr\/aciers\/#breadcrumb","itemListElement":[{"@type":"ListItem","position":1,"name":"Portada","item":"https:\/\/www.ausasteel.com\/fr\/"},{"@type":"ListItem","position":2,"name":"Aciers"}]},{"@type":"WebSite","@id":"https:\/\/www.ausasteel.com\/fr\/#website","url":"https:\/\/www.ausasteel.com\/fr\/","name":"AUSA special steels","description":"AUSA special steels","potentialAction":[{"@type":"SearchAction","target":{"@type":"EntryPoint","urlTemplate":"https:\/\/www.ausasteel.com\/fr\/?s={search_term_string}"},"query-input":{"@type":"PropertyValueSpecification","valueRequired":true,"valueName":"search_term_string"}}],"inLanguage":"fr-FR"}]}},"_links":{"self":[{"href":"https:\/\/www.ausasteel.com\/fr\/wp-json\/wp\/v2\/pages\/13726","targetHints":{"allow":["GET"]}}],"collection":[{"href":"https:\/\/www.ausasteel.com\/fr\/wp-json\/wp\/v2\/pages"}],"about":[{"href":"https:\/\/www.ausasteel.com\/fr\/wp-json\/wp\/v2\/types\/page"}],"author":[{"embeddable":true,"href":"https:\/\/www.ausasteel.com\/fr\/wp-json\/wp\/v2\/users\/12"}],"replies":[{"embeddable":true,"href":"https:\/\/www.ausasteel.com\/fr\/wp-json\/wp\/v2\/comments?post=13726"}],"version-history":[{"count":8,"href":"https:\/\/www.ausasteel.com\/fr\/wp-json\/wp\/v2\/pages\/13726\/revisions"}],"predecessor-version":[{"id":15851,"href":"https:\/\/www.ausasteel.com\/fr\/wp-json\/wp\/v2\/pages\/13726\/revisions\/15851"}],"wp:attachment":[{"href":"https:\/\/www.ausasteel.com\/fr\/wp-json\/wp\/v2\/media?parent=13726"}],"curies":[{"name":"wp","href":"https:\/\/api.w.org\/{rel}","templated":true}]}}