        {"id":12147,"date":"2017-07-13T07:25:33","date_gmt":"2017-07-13T07:25:33","guid":{"rendered":"http:\/\/ausasteel.irantzu.com\/?page_id=12147"},"modified":"2021-02-05T12:36:30","modified_gmt":"2021-02-05T12:36:30","slug":"certificats-iso","status":"publish","type":"page","link":"https:\/\/www.ausasteel.com\/fr\/information-technique\/certificats-ausa\/certificats-iso\/","title":{"rendered":"Certificats ISO"},"content":{"rendered":"<div class=\"wpb-content-wrapper\"><div class=\"row\">\n<div class=\"container\">\n<h1>Certificats ISO<\/h1>\n<div class=\"certificados-iso\">\n<div id=\"bloque-descarga\">\n<div>\n<h4>T\u00e9l\u00e9chargez AUSA Certificat d\u2019approbation ISO<\/h4>\n<p><a class=\"btn_ausa\" target=\"_blank\" href=\"https:\/\/www.ausasteel.com\/wp-content\/uploads\/2021\/02\/certificado-ISO-9001-2015-AUSA-PE-fra.pdf\"><strong>AUSA Certificat d\u2019approbation ISO<\/strong><\/a><\/p>\n<\/div>\n<\/div>\n<div id=\"bloque-descarga\">\n<div>\n<h4 style=\"text-align: center;\">T\u00e9l\u00e9chargez AUSA EUROPE Certificat d\u2019approbation ISO<\/h4>\n<p><a class=\"btn_ausa\" target=\"_blank\" href=\"https:\/\/www.ausasteel.com\/wp-content\/uploads\/2021\/02\/certificado-ISO-9001-2015-AUSA-EUROPE-fra.pdf\"><strong>AUSA EUROPE Certificat d\u2019approbation ISO<\/strong><\/a><\/p>\n<\/div>\n<\/div>\n<\/div>\n<\/div>\n<\/div>\n<p>[vc_row][vc_column width=&#8221;1\/1&#8243;][vc_column_text]<\/p>\n<h3>Vous pouvez \u00eatre int\u00e9ress\u00e9 \u00e0 lire&#8230;<\/h3>\n<div class =\"row\">\n<div class=\"col-md-5\">\n<p><a href=\"\/fr\/iso9001-2015-quoi-neuf\/\"><img loading=\"lazy\" decoding=\"async\" class=\"alignnone wp-image-13075\" src=\"https:\/\/www.ausasteel.com\/wp-content\/uploads\/2018\/01\/infografi\u0301a-ausa3A.jpg\" alt=\"\" width=\"289\" height=\"206\" srcset=\"https:\/\/www.ausasteel.com\/wp-content\/uploads\/2018\/01\/infografi\u0301a-ausa3A.jpg 727w, https:\/\/www.ausasteel.com\/wp-content\/uploads\/2018\/01\/infografi\u0301a-ausa3A-300x214.jpg 300w\" sizes=\"auto, (max-width: 289px) 100vw, 289px\" \/><\/a>\n<\/div>\n<div class=\"col-md-7\">\n<p><span style=\"font-family: Helvetica; font-size: small;\">Suite \u00e0 son processus d\u2019am\u00e9lioration continue et ax\u00e9 sur le client, AUSA Special Steels a certifi\u00e9 son syst\u00e8me de gestion de la qualit\u00e9 selon la norme<b> ISO 9001: 2015.<\/b><\/p>\n<p><a href=\"\/fr\/iso9001-2015-quoi-neuf\/\"><span style=\"font-family: Arial; font-size: small;\"><u>ISO9001: 2015 Quoi de neuf?<\/u>\u00a0<\/span><\/a>\n<\/div>\n<\/div>\n<div class =\"row\">\n<div class=\"col-md-5\">\n<p style=\"text-align: justify;\"><a href=\"\/fr\/lacier-et-les-normes-iso\/\"><img loading=\"lazy\" decoding=\"async\" class=\"alignnone wp-image-12171 size-medium\" src=\"https:\/\/www.ausasteel.com\/wp-content\/uploads\/2017\/07\/EL-ACERO-Y-LAS-NORMAS-ISO-300x200.jpg\" alt=\"\" width=\"300\" height=\"200\" srcset=\"https:\/\/www.ausasteel.com\/wp-content\/uploads\/2017\/07\/EL-ACERO-Y-LAS-NORMAS-ISO-300x200.jpg 300w, https:\/\/www.ausasteel.com\/wp-content\/uploads\/2017\/07\/EL-ACERO-Y-LAS-NORMAS-ISO.jpg 900w\" sizes=\"auto, (max-width: 300px) 100vw, 300px\" \/><\/a><\/p>\n<\/div>\n<div class=\"col-md-7\">\n<p style=\"text-align: justify;\">Dans cet article de notre blog, vous pouvez en apprendre davantage sur les <strong><a href=\"https:\/\/www.ausasteel.com\/fr\/lacier-et-les-normes-iso\/\">normes Acier et ISO<\/a><\/strong><\/p>\n<\/div>\n<\/div>\n<p>[\/vc_column_text][\/vc_column][\/vc_row]<\/p>\n<\/div><!-- AddThis Advanced Settings generic via filter on the_content -->","protected":false},"excerpt":{"rendered":"<p>Certificats ISO T\u00e9l\u00e9chargez AUSA Certificat d\u2019approbation ISO AUSA Certificat d\u2019approbation ISO T\u00e9l\u00e9chargez AUSA EUROPE Certificat d\u2019approbation ISO AUSA EUROPE Certificat d\u2019approbation ISO [vc_row][vc_column width=&#8221;1\/1&#8243;][vc_column_text] Vous pouvez \u00eatre int\u00e9ress\u00e9 \u00e0 lire&#8230; Suite \u00e0 son processus d\u2019am\u00e9lioration continue et ax\u00e9 sur le client, AUSA Special Steels a certifi\u00e9 son syst\u00e8me de gestion de la qualit\u00e9 selon la&hellip;<!-- AddThis Advanced Settings generic via filter on get_the_excerpt --><\/p>\n","protected":false},"author":10,"featured_media":0,"parent":14746,"menu_order":0,"comment_status":"closed","ping_status":"open","template":"","meta":{"footnotes":""},"class_list":["post-12147","page","type-page","status-publish","hentry"],"yoast_head":"<!-- This site is optimized with the Yoast SEO plugin v26.6 - https:\/\/yoast.com\/wordpress\/plugins\/seo\/ -->\n<title>Certificats ISO - AUSA special steels<\/title>\n<meta name=\"robots\" content=\"index, follow, max-snippet:-1, max-image-preview:large, max-video-preview:-1\" \/>\n<link rel=\"canonical\" href=\"https:\/\/www.ausasteel.com\/fr\/information-technique\/certificats-ausa\/certificats-iso\/\" \/>\n<meta property=\"og:locale\" content=\"fr_FR\" \/>\n<meta property=\"og:type\" content=\"article\" \/>\n<meta property=\"og:title\" content=\"Certificats ISO - AUSA special steels\" \/>\n<meta property=\"og:description\" content=\"Certificats ISO T\u00e9l\u00e9chargez AUSA Certificat d\u2019approbation ISO AUSA Certificat d\u2019approbation ISO T\u00e9l\u00e9chargez AUSA EUROPE Certificat d\u2019approbation ISO AUSA EUROPE Certificat d\u2019approbation ISO [vc_row][vc_column width=&#8221;1\/1&#8243;][vc_column_text] Vous pouvez \u00eatre int\u00e9ress\u00e9 \u00e0 lire&#8230; Suite \u00e0 son processus d\u2019am\u00e9lioration continue et ax\u00e9 sur le client, AUSA Special Steels a certifi\u00e9 son syst\u00e8me de gestion de la qualit\u00e9 selon la&hellip;\" \/>\n<meta property=\"og:url\" content=\"https:\/\/www.ausasteel.com\/fr\/information-technique\/certificats-ausa\/certificats-iso\/\" \/>\n<meta property=\"og:site_name\" content=\"AUSA special steels\" \/>\n<meta property=\"article:modified_time\" content=\"2021-02-05T12:36:30+00:00\" \/>\n<meta property=\"og:image\" content=\"https:\/\/www.ausasteel.com\/wp-content\/uploads\/2017\/07\/EL-ACERO-Y-LAS-NORMAS-ISO-300x200.jpg\" \/>\n<meta name=\"twitter:label1\" content=\"Est. reading time\" \/>\n\t<meta name=\"twitter:data1\" content=\"1 minute\" \/>\n<script type=\"application\/ld+json\" class=\"yoast-schema-graph\">{\"@context\":\"https:\/\/schema.org\",\"@graph\":[{\"@type\":\"WebPage\",\"@id\":\"https:\/\/www.ausasteel.com\/fr\/information-technique\/certificats-ausa\/certificats-iso\/\",\"url\":\"https:\/\/www.ausasteel.com\/fr\/information-technique\/certificats-ausa\/certificats-iso\/\",\"name\":\"Certificats ISO - AUSA special steels\",\"isPartOf\":{\"@id\":\"https:\/\/www.ausasteel.com\/fr\/#website\"},\"primaryImageOfPage\":{\"@id\":\"https:\/\/www.ausasteel.com\/fr\/information-technique\/certificats-ausa\/certificats-iso\/#primaryimage\"},\"image\":{\"@id\":\"https:\/\/www.ausasteel.com\/fr\/information-technique\/certificats-ausa\/certificats-iso\/#primaryimage\"},\"thumbnailUrl\":\"https:\/\/www.ausasteel.com\/wp-content\/uploads\/2017\/07\/EL-ACERO-Y-LAS-NORMAS-ISO-300x200.jpg\",\"datePublished\":\"2017-07-13T07:25:33+00:00\",\"dateModified\":\"2021-02-05T12:36:30+00:00\",\"breadcrumb\":{\"@id\":\"https:\/\/www.ausasteel.com\/fr\/information-technique\/certificats-ausa\/certificats-iso\/#breadcrumb\"},\"inLanguage\":\"fr-FR\",\"potentialAction\":[{\"@type\":\"ReadAction\",\"target\":[\"https:\/\/www.ausasteel.com\/fr\/information-technique\/certificats-ausa\/certificats-iso\/\"]}]},{\"@type\":\"ImageObject\",\"inLanguage\":\"fr-FR\",\"@id\":\"https:\/\/www.ausasteel.com\/fr\/information-technique\/certificats-ausa\/certificats-iso\/#primaryimage\",\"url\":\"https:\/\/www.ausasteel.com\/wp-content\/uploads\/2017\/07\/EL-ACERO-Y-LAS-NORMAS-ISO-300x200.jpg\",\"contentUrl\":\"https:\/\/www.ausasteel.com\/wp-content\/uploads\/2017\/07\/EL-ACERO-Y-LAS-NORMAS-ISO-300x200.jpg\"},{\"@type\":\"BreadcrumbList\",\"@id\":\"https:\/\/www.ausasteel.com\/fr\/information-technique\/certificats-ausa\/certificats-iso\/#breadcrumb\",\"itemListElement\":[{\"@type\":\"ListItem\",\"position\":1,\"name\":\"Portada\",\"item\":\"https:\/\/www.ausasteel.com\/fr\/\"},{\"@type\":\"ListItem\",\"position\":2,\"name\":\"Information technique\",\"item\":\"https:\/\/www.ausasteel.com\/fr\/information-technique\/\"},{\"@type\":\"ListItem\",\"position\":3,\"name\":\"Protegido: Certificats &#8211; AUSA\",\"item\":\"https:\/\/www.ausasteel.com\/fr\/information-technique\/certificats-ausa\/\"},{\"@type\":\"ListItem\",\"position\":4,\"name\":\"Certificats ISO\"}]},{\"@type\":\"WebSite\",\"@id\":\"https:\/\/www.ausasteel.com\/fr\/#website\",\"url\":\"https:\/\/www.ausasteel.com\/fr\/\",\"name\":\"AUSA special steels\",\"description\":\"AUSA special steels\",\"potentialAction\":[{\"@type\":\"SearchAction\",\"target\":{\"@type\":\"EntryPoint\",\"urlTemplate\":\"https:\/\/www.ausasteel.com\/fr\/?s={search_term_string}\"},\"query-input\":{\"@type\":\"PropertyValueSpecification\",\"valueRequired\":true,\"valueName\":\"search_term_string\"}}],\"inLanguage\":\"fr-FR\"}]}<\/script>\n<!-- \/ Yoast SEO plugin. -->","yoast_head_json":{"title":"Certificats ISO - AUSA special steels","robots":{"index":"index","follow":"follow","max-snippet":"max-snippet:-1","max-image-preview":"max-image-preview:large","max-video-preview":"max-video-preview:-1"},"canonical":"https:\/\/www.ausasteel.com\/fr\/information-technique\/certificats-ausa\/certificats-iso\/","og_locale":"fr_FR","og_type":"article","og_title":"Certificats ISO - AUSA special steels","og_description":"Certificats ISO T\u00e9l\u00e9chargez AUSA Certificat d\u2019approbation ISO AUSA Certificat d\u2019approbation ISO T\u00e9l\u00e9chargez AUSA EUROPE Certificat d\u2019approbation ISO AUSA EUROPE Certificat d\u2019approbation ISO [vc_row][vc_column width=&#8221;1\/1&#8243;][vc_column_text] Vous pouvez \u00eatre int\u00e9ress\u00e9 \u00e0 lire&#8230; Suite \u00e0 son processus d\u2019am\u00e9lioration continue et ax\u00e9 sur le client, AUSA Special Steels a certifi\u00e9 son syst\u00e8me de gestion de la qualit\u00e9 selon la&hellip;","og_url":"https:\/\/www.ausasteel.com\/fr\/information-technique\/certificats-ausa\/certificats-iso\/","og_site_name":"AUSA special steels","article_modified_time":"2021-02-05T12:36:30+00:00","og_image":[{"url":"https:\/\/www.ausasteel.com\/wp-content\/uploads\/2017\/07\/EL-ACERO-Y-LAS-NORMAS-ISO-300x200.jpg","type":"","width":"","height":""}],"twitter_misc":{"Est. reading time":"1 minute"},"schema":{"@context":"https:\/\/schema.org","@graph":[{"@type":"WebPage","@id":"https:\/\/www.ausasteel.com\/fr\/information-technique\/certificats-ausa\/certificats-iso\/","url":"https:\/\/www.ausasteel.com\/fr\/information-technique\/certificats-ausa\/certificats-iso\/","name":"Certificats ISO - AUSA special steels","isPartOf":{"@id":"https:\/\/www.ausasteel.com\/fr\/#website"},"primaryImageOfPage":{"@id":"https:\/\/www.ausasteel.com\/fr\/information-technique\/certificats-ausa\/certificats-iso\/#primaryimage"},"image":{"@id":"https:\/\/www.ausasteel.com\/fr\/information-technique\/certificats-ausa\/certificats-iso\/#primaryimage"},"thumbnailUrl":"https:\/\/www.ausasteel.com\/wp-content\/uploads\/2017\/07\/EL-ACERO-Y-LAS-NORMAS-ISO-300x200.jpg","datePublished":"2017-07-13T07:25:33+00:00","dateModified":"2021-02-05T12:36:30+00:00","breadcrumb":{"@id":"https:\/\/www.ausasteel.com\/fr\/information-technique\/certificats-ausa\/certificats-iso\/#breadcrumb"},"inLanguage":"fr-FR","potentialAction":[{"@type":"ReadAction","target":["https:\/\/www.ausasteel.com\/fr\/information-technique\/certificats-ausa\/certificats-iso\/"]}]},{"@type":"ImageObject","inLanguage":"fr-FR","@id":"https:\/\/www.ausasteel.com\/fr\/information-technique\/certificats-ausa\/certificats-iso\/#primaryimage","url":"https:\/\/www.ausasteel.com\/wp-content\/uploads\/2017\/07\/EL-ACERO-Y-LAS-NORMAS-ISO-300x200.jpg","contentUrl":"https:\/\/www.ausasteel.com\/wp-content\/uploads\/2017\/07\/EL-ACERO-Y-LAS-NORMAS-ISO-300x200.jpg"},{"@type":"BreadcrumbList","@id":"https:\/\/www.ausasteel.com\/fr\/information-technique\/certificats-ausa\/certificats-iso\/#breadcrumb","itemListElement":[{"@type":"ListItem","position":1,"name":"Portada","item":"https:\/\/www.ausasteel.com\/fr\/"},{"@type":"ListItem","position":2,"name":"Information technique","item":"https:\/\/www.ausasteel.com\/fr\/information-technique\/"},{"@type":"ListItem","position":3,"name":"Protegido: Certificats &#8211; AUSA","item":"https:\/\/www.ausasteel.com\/fr\/information-technique\/certificats-ausa\/"},{"@type":"ListItem","position":4,"name":"Certificats ISO"}]},{"@type":"WebSite","@id":"https:\/\/www.ausasteel.com\/fr\/#website","url":"https:\/\/www.ausasteel.com\/fr\/","name":"AUSA special steels","description":"AUSA special steels","potentialAction":[{"@type":"SearchAction","target":{"@type":"EntryPoint","urlTemplate":"https:\/\/www.ausasteel.com\/fr\/?s={search_term_string}"},"query-input":{"@type":"PropertyValueSpecification","valueRequired":true,"valueName":"search_term_string"}}],"inLanguage":"fr-FR"}]}},"_links":{"self":[{"href":"https:\/\/www.ausasteel.com\/fr\/wp-json\/wp\/v2\/pages\/12147","targetHints":{"allow":["GET"]}}],"collection":[{"href":"https:\/\/www.ausasteel.com\/fr\/wp-json\/wp\/v2\/pages"}],"about":[{"href":"https:\/\/www.ausasteel.com\/fr\/wp-json\/wp\/v2\/types\/page"}],"author":[{"embeddable":true,"href":"https:\/\/www.ausasteel.com\/fr\/wp-json\/wp\/v2\/users\/10"}],"replies":[{"embeddable":true,"href":"https:\/\/www.ausasteel.com\/fr\/wp-json\/wp\/v2\/comments?post=12147"}],"version-history":[{"count":13,"href":"https:\/\/www.ausasteel.com\/fr\/wp-json\/wp\/v2\/pages\/12147\/revisions"}],"predecessor-version":[{"id":16240,"href":"https:\/\/www.ausasteel.com\/fr\/wp-json\/wp\/v2\/pages\/12147\/revisions\/16240"}],"up":[{"embeddable":true,"href":"https:\/\/www.ausasteel.com\/fr\/wp-json\/wp\/v2\/pages\/14746"}],"wp:attachment":[{"href":"https:\/\/www.ausasteel.com\/fr\/wp-json\/wp\/v2\/media?parent=12147"}],"curies":[{"name":"wp","href":"https:\/\/api.w.org\/{rel}","templated":true}]}}