        {"id":12040,"date":"2017-05-23T16:37:13","date_gmt":"2017-05-23T16:37:13","guid":{"rendered":"http:\/\/ausasteel.irantzu.com\/?page_id=12040"},"modified":"2019-06-19T08:17:00","modified_gmt":"2019-06-19T08:17:00","slug":"declaration-conflit-des-mineraux","status":"publish","type":"page","link":"https:\/\/www.ausasteel.com\/fr\/information-technique\/certificats-ausa\/declaration-conflit-des-mineraux\/","title":{"rendered":"D\u00e9claration Conflit des min\u00e9raux"},"content":{"rendered":"<div class=\"wpb-content-wrapper\"><div class=\"row\">\n<div class=\"container\">\n<h1>D\u00e9claration Conflit des min\u00e9raux<\/h1>\n<div id=\"bloque-descarga\">\n<h4>T\u00e9l\u00e9chargez La D\u00e9claration<\/h4>\n<p><a class=\"btn_ausa\" target=\"_blank\" href=\"https:\/\/www.ausasteel.com\/wp-content\/uploads\/2017\/05\/DECLARACION-MINERALES-CONFLICTIVOS-FR.pdf\">La D\u00e9claration Conflict des min\u00e9raux<\/a><\/p>\n<\/div>\n<\/div>\n<\/div>\n<p>[vc_row][vc_column width=&#8221;1\/1&#8243;][vc_column_text]<\/p>\n<h3>Vous pouvez \u00eatre interess\u00e9 pour lire\u2026&#8230;<\/h3>\n<div class =\"row\">\n<div class=\"col-md-5\">\n<p style=\"text-align: justify;\"><a href=\"https:\/\/www.ausasteel.com\/en\/conflict-minerals-what-is-the-dodd-frank-law\/\"><img loading=\"lazy\" decoding=\"async\" class=\"alignnone wp-image-12019 size-medium\" src=\"https:\/\/www.ausasteel.com\/wp-content\/uploads\/2017\/06\/Conflict-minerals-dodd-frank-law-300x200.jpg\" alt=\"Conflict-minerals-dodd-frank-law\" width=\"300\" height=\"200\" srcset=\"https:\/\/www.ausasteel.com\/wp-content\/uploads\/2017\/06\/Conflict-minerals-dodd-frank-law-300x200.jpg 300w, https:\/\/www.ausasteel.com\/wp-content\/uploads\/2017\/06\/Conflict-minerals-dodd-frank-law.jpg 900w\" sizes=\"auto, (max-width: 300px) 100vw, 300px\" \/><\/a><\/p>\n<\/div>\n<div class=\"col-md-7\">\n<p style=\"text-align: justify;\">Dans notre blog, nous expliquons dans l\u2019article suivant quel est la loi Dodd-Frank.<\/p>\n<p style=\"text-align: justify;\"><a href=\"https:\/\/www.ausasteel.com\/fr\/mineraux-de-conflit-quelle-est-la-loi-dodd-frank\/\">\u2013 Min\u00e9raux de Conflit. Quelle est la loi Dodd-Frank?<\/a><\/p>\n<\/div>\n<\/div>\n<p>[\/vc_column_text][\/vc_column][\/vc_row]<\/p>\n<\/div><!-- AddThis Advanced Settings generic via filter on the_content -->","protected":false},"excerpt":{"rendered":"<p>D\u00e9claration Conflit des min\u00e9raux T\u00e9l\u00e9chargez La D\u00e9claration La D\u00e9claration Conflict des min\u00e9raux [vc_row][vc_column width=&#8221;1\/1&#8243;][vc_column_text] Vous pouvez \u00eatre interess\u00e9 pour lire\u2026&#8230; Dans notre blog, nous expliquons dans l\u2019article suivant quel est la loi Dodd-Frank. \u2013 Min\u00e9raux de Conflit. Quelle est la loi Dodd-Frank? [\/vc_column_text][\/vc_column][\/vc_row]<!-- AddThis Advanced Settings generic via filter on get_the_excerpt --><\/p>\n","protected":false},"author":10,"featured_media":0,"parent":14746,"menu_order":0,"comment_status":"closed","ping_status":"open","template":"","meta":{"footnotes":""},"class_list":["post-12040","page","type-page","status-publish","hentry"],"yoast_head":"<!-- This site is optimized with the Yoast SEO plugin v26.6 - https:\/\/yoast.com\/wordpress\/plugins\/seo\/ -->\n<title>D\u00e9claration Conflit des min\u00e9raux - AUSA special steels<\/title>\n<meta name=\"robots\" content=\"index, follow, max-snippet:-1, max-image-preview:large, max-video-preview:-1\" \/>\n<link rel=\"canonical\" href=\"https:\/\/www.ausasteel.com\/fr\/information-technique\/certificats-ausa\/declaration-conflit-des-mineraux\/\" \/>\n<meta property=\"og:locale\" content=\"fr_FR\" \/>\n<meta property=\"og:type\" content=\"article\" \/>\n<meta property=\"og:title\" content=\"D\u00e9claration Conflit des min\u00e9raux - AUSA special steels\" \/>\n<meta property=\"og:description\" content=\"D\u00e9claration Conflit des min\u00e9raux T\u00e9l\u00e9chargez La D\u00e9claration La D\u00e9claration Conflict des min\u00e9raux [vc_row][vc_column width=&#8221;1\/1&#8243;][vc_column_text] Vous pouvez \u00eatre interess\u00e9 pour lire\u2026&#8230; Dans notre blog, nous expliquons dans l\u2019article suivant quel est la loi Dodd-Frank. \u2013 Min\u00e9raux de Conflit. Quelle est la loi Dodd-Frank? [\/vc_column_text][\/vc_column][\/vc_row]\" \/>\n<meta property=\"og:url\" content=\"https:\/\/www.ausasteel.com\/fr\/information-technique\/certificats-ausa\/declaration-conflit-des-mineraux\/\" \/>\n<meta property=\"og:site_name\" content=\"AUSA special steels\" \/>\n<meta property=\"article:modified_time\" content=\"2019-06-19T08:17:00+00:00\" \/>\n<meta property=\"og:image\" content=\"https:\/\/www.ausasteel.com\/wp-content\/uploads\/2017\/06\/Conflict-minerals-dodd-frank-law-300x200.jpg\" \/>\n<script type=\"application\/ld+json\" class=\"yoast-schema-graph\">{\"@context\":\"https:\/\/schema.org\",\"@graph\":[{\"@type\":\"WebPage\",\"@id\":\"https:\/\/www.ausasteel.com\/fr\/information-technique\/certificats-ausa\/declaration-conflit-des-mineraux\/\",\"url\":\"https:\/\/www.ausasteel.com\/fr\/information-technique\/certificats-ausa\/declaration-conflit-des-mineraux\/\",\"name\":\"D\u00e9claration Conflit des min\u00e9raux - AUSA special steels\",\"isPartOf\":{\"@id\":\"https:\/\/www.ausasteel.com\/fr\/#website\"},\"primaryImageOfPage\":{\"@id\":\"https:\/\/www.ausasteel.com\/fr\/information-technique\/certificats-ausa\/declaration-conflit-des-mineraux\/#primaryimage\"},\"image\":{\"@id\":\"https:\/\/www.ausasteel.com\/fr\/information-technique\/certificats-ausa\/declaration-conflit-des-mineraux\/#primaryimage\"},\"thumbnailUrl\":\"https:\/\/www.ausasteel.com\/wp-content\/uploads\/2017\/06\/Conflict-minerals-dodd-frank-law-300x200.jpg\",\"datePublished\":\"2017-05-23T16:37:13+00:00\",\"dateModified\":\"2019-06-19T08:17:00+00:00\",\"breadcrumb\":{\"@id\":\"https:\/\/www.ausasteel.com\/fr\/information-technique\/certificats-ausa\/declaration-conflit-des-mineraux\/#breadcrumb\"},\"inLanguage\":\"fr-FR\",\"potentialAction\":[{\"@type\":\"ReadAction\",\"target\":[\"https:\/\/www.ausasteel.com\/fr\/information-technique\/certificats-ausa\/declaration-conflit-des-mineraux\/\"]}]},{\"@type\":\"ImageObject\",\"inLanguage\":\"fr-FR\",\"@id\":\"https:\/\/www.ausasteel.com\/fr\/information-technique\/certificats-ausa\/declaration-conflit-des-mineraux\/#primaryimage\",\"url\":\"https:\/\/www.ausasteel.com\/wp-content\/uploads\/2017\/06\/Conflict-minerals-dodd-frank-law-300x200.jpg\",\"contentUrl\":\"https:\/\/www.ausasteel.com\/wp-content\/uploads\/2017\/06\/Conflict-minerals-dodd-frank-law-300x200.jpg\"},{\"@type\":\"BreadcrumbList\",\"@id\":\"https:\/\/www.ausasteel.com\/fr\/information-technique\/certificats-ausa\/declaration-conflit-des-mineraux\/#breadcrumb\",\"itemListElement\":[{\"@type\":\"ListItem\",\"position\":1,\"name\":\"Portada\",\"item\":\"https:\/\/www.ausasteel.com\/fr\/\"},{\"@type\":\"ListItem\",\"position\":2,\"name\":\"Information technique\",\"item\":\"https:\/\/www.ausasteel.com\/fr\/information-technique\/\"},{\"@type\":\"ListItem\",\"position\":3,\"name\":\"Protegido: Certificats &#8211; AUSA\",\"item\":\"https:\/\/www.ausasteel.com\/fr\/information-technique\/certificats-ausa\/\"},{\"@type\":\"ListItem\",\"position\":4,\"name\":\"D\u00e9claration Conflit des min\u00e9raux\"}]},{\"@type\":\"WebSite\",\"@id\":\"https:\/\/www.ausasteel.com\/fr\/#website\",\"url\":\"https:\/\/www.ausasteel.com\/fr\/\",\"name\":\"AUSA special steels\",\"description\":\"AUSA special steels\",\"potentialAction\":[{\"@type\":\"SearchAction\",\"target\":{\"@type\":\"EntryPoint\",\"urlTemplate\":\"https:\/\/www.ausasteel.com\/fr\/?s={search_term_string}\"},\"query-input\":{\"@type\":\"PropertyValueSpecification\",\"valueRequired\":true,\"valueName\":\"search_term_string\"}}],\"inLanguage\":\"fr-FR\"}]}<\/script>\n<!-- \/ Yoast SEO plugin. -->","yoast_head_json":{"title":"D\u00e9claration Conflit des min\u00e9raux - AUSA special steels","robots":{"index":"index","follow":"follow","max-snippet":"max-snippet:-1","max-image-preview":"max-image-preview:large","max-video-preview":"max-video-preview:-1"},"canonical":"https:\/\/www.ausasteel.com\/fr\/information-technique\/certificats-ausa\/declaration-conflit-des-mineraux\/","og_locale":"fr_FR","og_type":"article","og_title":"D\u00e9claration Conflit des min\u00e9raux - AUSA special steels","og_description":"D\u00e9claration Conflit des min\u00e9raux T\u00e9l\u00e9chargez La D\u00e9claration La D\u00e9claration Conflict des min\u00e9raux [vc_row][vc_column width=&#8221;1\/1&#8243;][vc_column_text] Vous pouvez \u00eatre interess\u00e9 pour lire\u2026&#8230; Dans notre blog, nous expliquons dans l\u2019article suivant quel est la loi Dodd-Frank. \u2013 Min\u00e9raux de Conflit. Quelle est la loi Dodd-Frank? [\/vc_column_text][\/vc_column][\/vc_row]","og_url":"https:\/\/www.ausasteel.com\/fr\/information-technique\/certificats-ausa\/declaration-conflit-des-mineraux\/","og_site_name":"AUSA special steels","article_modified_time":"2019-06-19T08:17:00+00:00","og_image":[{"url":"https:\/\/www.ausasteel.com\/wp-content\/uploads\/2017\/06\/Conflict-minerals-dodd-frank-law-300x200.jpg","type":"","width":"","height":""}],"schema":{"@context":"https:\/\/schema.org","@graph":[{"@type":"WebPage","@id":"https:\/\/www.ausasteel.com\/fr\/information-technique\/certificats-ausa\/declaration-conflit-des-mineraux\/","url":"https:\/\/www.ausasteel.com\/fr\/information-technique\/certificats-ausa\/declaration-conflit-des-mineraux\/","name":"D\u00e9claration Conflit des min\u00e9raux - AUSA special steels","isPartOf":{"@id":"https:\/\/www.ausasteel.com\/fr\/#website"},"primaryImageOfPage":{"@id":"https:\/\/www.ausasteel.com\/fr\/information-technique\/certificats-ausa\/declaration-conflit-des-mineraux\/#primaryimage"},"image":{"@id":"https:\/\/www.ausasteel.com\/fr\/information-technique\/certificats-ausa\/declaration-conflit-des-mineraux\/#primaryimage"},"thumbnailUrl":"https:\/\/www.ausasteel.com\/wp-content\/uploads\/2017\/06\/Conflict-minerals-dodd-frank-law-300x200.jpg","datePublished":"2017-05-23T16:37:13+00:00","dateModified":"2019-06-19T08:17:00+00:00","breadcrumb":{"@id":"https:\/\/www.ausasteel.com\/fr\/information-technique\/certificats-ausa\/declaration-conflit-des-mineraux\/#breadcrumb"},"inLanguage":"fr-FR","potentialAction":[{"@type":"ReadAction","target":["https:\/\/www.ausasteel.com\/fr\/information-technique\/certificats-ausa\/declaration-conflit-des-mineraux\/"]}]},{"@type":"ImageObject","inLanguage":"fr-FR","@id":"https:\/\/www.ausasteel.com\/fr\/information-technique\/certificats-ausa\/declaration-conflit-des-mineraux\/#primaryimage","url":"https:\/\/www.ausasteel.com\/wp-content\/uploads\/2017\/06\/Conflict-minerals-dodd-frank-law-300x200.jpg","contentUrl":"https:\/\/www.ausasteel.com\/wp-content\/uploads\/2017\/06\/Conflict-minerals-dodd-frank-law-300x200.jpg"},{"@type":"BreadcrumbList","@id":"https:\/\/www.ausasteel.com\/fr\/information-technique\/certificats-ausa\/declaration-conflit-des-mineraux\/#breadcrumb","itemListElement":[{"@type":"ListItem","position":1,"name":"Portada","item":"https:\/\/www.ausasteel.com\/fr\/"},{"@type":"ListItem","position":2,"name":"Information technique","item":"https:\/\/www.ausasteel.com\/fr\/information-technique\/"},{"@type":"ListItem","position":3,"name":"Protegido: Certificats &#8211; AUSA","item":"https:\/\/www.ausasteel.com\/fr\/information-technique\/certificats-ausa\/"},{"@type":"ListItem","position":4,"name":"D\u00e9claration Conflit des min\u00e9raux"}]},{"@type":"WebSite","@id":"https:\/\/www.ausasteel.com\/fr\/#website","url":"https:\/\/www.ausasteel.com\/fr\/","name":"AUSA special steels","description":"AUSA special steels","potentialAction":[{"@type":"SearchAction","target":{"@type":"EntryPoint","urlTemplate":"https:\/\/www.ausasteel.com\/fr\/?s={search_term_string}"},"query-input":{"@type":"PropertyValueSpecification","valueRequired":true,"valueName":"search_term_string"}}],"inLanguage":"fr-FR"}]}},"_links":{"self":[{"href":"https:\/\/www.ausasteel.com\/fr\/wp-json\/wp\/v2\/pages\/12040","targetHints":{"allow":["GET"]}}],"collection":[{"href":"https:\/\/www.ausasteel.com\/fr\/wp-json\/wp\/v2\/pages"}],"about":[{"href":"https:\/\/www.ausasteel.com\/fr\/wp-json\/wp\/v2\/types\/page"}],"author":[{"embeddable":true,"href":"https:\/\/www.ausasteel.com\/fr\/wp-json\/wp\/v2\/users\/10"}],"replies":[{"embeddable":true,"href":"https:\/\/www.ausasteel.com\/fr\/wp-json\/wp\/v2\/comments?post=12040"}],"version-history":[{"count":7,"href":"https:\/\/www.ausasteel.com\/fr\/wp-json\/wp\/v2\/pages\/12040\/revisions"}],"predecessor-version":[{"id":15593,"href":"https:\/\/www.ausasteel.com\/fr\/wp-json\/wp\/v2\/pages\/12040\/revisions\/15593"}],"up":[{"embeddable":true,"href":"https:\/\/www.ausasteel.com\/fr\/wp-json\/wp\/v2\/pages\/14746"}],"wp:attachment":[{"href":"https:\/\/www.ausasteel.com\/fr\/wp-json\/wp\/v2\/media?parent=12040"}],"curies":[{"name":"wp","href":"https:\/\/api.w.org\/{rel}","templated":true}]}}