        {"id":11926,"date":"2017-05-11T08:15:49","date_gmt":"2017-05-11T08:15:49","guid":{"rendered":"http:\/\/ausasteel.irantzu.com\/?page_id=11926"},"modified":"2018-09-28T10:57:06","modified_gmt":"2018-09-28T10:57:06","slug":"certificado-reach","status":"publish","type":"page","link":"https:\/\/www.ausasteel.com\/fr\/information-technique\/certificats-ausa\/certificado-reach\/","title":{"rendered":"R\u00e9glementation REACH"},"content":{"rendered":"<div class=\"wpb-content-wrapper\"><div class=\"row\">\n<div class=\"container\">\n<h1>R\u00e9glementation REACH<\/h1>\n<div id=\"bloque-descarga\">\n<h4>T\u00e9l\u00e9chargez La\u00a0R\u00e9glementation<\/h4>\n<p><a class=\"btn_ausa\" target=\"_blank\" href=\"https:\/\/www.ausasteel.com\/wp-content\/uploads\/2017\/05\/REGLAMENTO-REACH-FR.pdf\"><strong>La R\u00e9glementation\u00a0REACH<\/strong><\/a><\/p>\n<\/div>\n<\/div>\n<\/div>\n<p>[vc_row][vc_column width=&#8221;1\/1&#8243;][vc_column_text]<\/p>\n<div class =\"row\">\n<div class=\"col-md-5\">\n<p style=\"text-align: justify;\"><a href=\"https:\/\/www.ausasteel.com\/wp-content\/uploads\/2017\/05\/QUE-ES-EL-REACH-FR-1.jpg\" data-rel=\"lightbox-gallery-IE46aWlM\" data-rl_title=\"\" data-rl_caption=\"\" title=\"\"><img loading=\"lazy\" decoding=\"async\" class=\"alignnone wp-image-12011 size-medium\" src=\"https:\/\/www.ausasteel.com\/wp-content\/uploads\/2017\/05\/QUE-ES-EL-REACH-FR-1-300x200.jpg\" alt=\"QUE-ES-EL-REACH-FR-1\" width=\"300\" height=\"200\" srcset=\"https:\/\/www.ausasteel.com\/wp-content\/uploads\/2017\/05\/QUE-ES-EL-REACH-FR-1-300x200.jpg 300w, https:\/\/www.ausasteel.com\/wp-content\/uploads\/2017\/05\/QUE-ES-EL-REACH-FR-1.jpg 900w\" sizes=\"auto, (max-width: 300px) 100vw, 300px\" \/><\/a><\/p>\n<\/div>\n<div class=\"col-md-7\">\n<h2>VOUS POUVEZ \u00caTRE INTERESS\u00c9 POUR LIRE&#8230;<\/h2>\n<p style=\"text-align: justify;\">Dans notre blog, nous expliquons dans l&#8217;article suivant quel est REACH et comment l&#8217;appliquer\u00a0\u00e0 l&#8217;acier.<\/p>\n<p style=\"text-align: justify;\">&#8211; <a href=\"https:\/\/www.ausasteel.com\/fr\/decouvrez-ce-quest-reach-et-comment-lappliquer-a-lacier\/\">D\u00e9couvrez\u00a0le REACH et comment l&#8217;appliquer\u00a0\u00e0 l&#8217;acier<\/a><\/p>\n<\/div>\n<\/div>\n<p>[\/vc_column_text][\/vc_column][\/vc_row]<\/p>\n<\/div><!-- AddThis Advanced Settings generic via filter on the_content -->","protected":false},"excerpt":{"rendered":"<p>R\u00e9glementation REACH T\u00e9l\u00e9chargez La\u00a0R\u00e9glementation La R\u00e9glementation\u00a0REACH [vc_row][vc_column width=&#8221;1\/1&#8243;][vc_column_text] VOUS POUVEZ \u00caTRE INTERESS\u00c9 POUR LIRE&#8230; Dans notre blog, nous expliquons dans l&#8217;article suivant quel est REACH et comment l&#8217;appliquer\u00a0\u00e0 l&#8217;acier. &#8211; D\u00e9couvrez\u00a0le REACH et comment l&#8217;appliquer\u00a0\u00e0 l&#8217;acier [\/vc_column_text][\/vc_column][\/vc_row]<!-- AddThis Advanced Settings generic via filter on get_the_excerpt --><\/p>\n","protected":false},"author":10,"featured_media":0,"parent":14746,"menu_order":0,"comment_status":"closed","ping_status":"open","template":"","meta":{"footnotes":""},"class_list":["post-11926","page","type-page","status-publish","hentry"],"yoast_head":"<!-- This site is optimized with the Yoast SEO plugin v26.6 - https:\/\/yoast.com\/wordpress\/plugins\/seo\/ -->\n<title>R\u00e9glementation REACH - AUSA special steels<\/title>\n<meta name=\"robots\" content=\"index, follow, max-snippet:-1, max-image-preview:large, max-video-preview:-1\" \/>\n<link rel=\"canonical\" href=\"https:\/\/www.ausasteel.com\/fr\/information-technique\/certificats-ausa\/certificado-reach\/\" \/>\n<meta property=\"og:locale\" content=\"fr_FR\" \/>\n<meta property=\"og:type\" content=\"article\" \/>\n<meta property=\"og:title\" content=\"R\u00e9glementation REACH - AUSA special steels\" \/>\n<meta property=\"og:description\" content=\"R\u00e9glementation REACH T\u00e9l\u00e9chargez La\u00a0R\u00e9glementation La R\u00e9glementation\u00a0REACH [vc_row][vc_column width=&#8221;1\/1&#8243;][vc_column_text] VOUS POUVEZ \u00caTRE INTERESS\u00c9 POUR LIRE&#8230; Dans notre blog, nous expliquons dans l&#8217;article suivant quel est REACH et comment l&#8217;appliquer\u00a0\u00e0 l&#8217;acier. &#8211; D\u00e9couvrez\u00a0le REACH et comment l&#8217;appliquer\u00a0\u00e0 l&#8217;acier [\/vc_column_text][\/vc_column][\/vc_row]\" \/>\n<meta property=\"og:url\" content=\"https:\/\/www.ausasteel.com\/fr\/information-technique\/certificats-ausa\/certificado-reach\/\" \/>\n<meta property=\"og:site_name\" content=\"AUSA special steels\" \/>\n<meta property=\"article:modified_time\" content=\"2018-09-28T10:57:06+00:00\" \/>\n<meta property=\"og:image\" content=\"https:\/\/www.ausasteel.com\/wp-content\/uploads\/2017\/05\/QUE-ES-EL-REACH-FR-1-300x200.jpg\" \/>\n<script type=\"application\/ld+json\" class=\"yoast-schema-graph\">{\"@context\":\"https:\/\/schema.org\",\"@graph\":[{\"@type\":\"WebPage\",\"@id\":\"https:\/\/www.ausasteel.com\/fr\/information-technique\/certificats-ausa\/certificado-reach\/\",\"url\":\"https:\/\/www.ausasteel.com\/fr\/information-technique\/certificats-ausa\/certificado-reach\/\",\"name\":\"R\u00e9glementation REACH - AUSA special steels\",\"isPartOf\":{\"@id\":\"https:\/\/www.ausasteel.com\/fr\/#website\"},\"primaryImageOfPage\":{\"@id\":\"https:\/\/www.ausasteel.com\/fr\/information-technique\/certificats-ausa\/certificado-reach\/#primaryimage\"},\"image\":{\"@id\":\"https:\/\/www.ausasteel.com\/fr\/information-technique\/certificats-ausa\/certificado-reach\/#primaryimage\"},\"thumbnailUrl\":\"https:\/\/www.ausasteel.com\/wp-content\/uploads\/2017\/05\/QUE-ES-EL-REACH-FR-1-300x200.jpg\",\"datePublished\":\"2017-05-11T08:15:49+00:00\",\"dateModified\":\"2018-09-28T10:57:06+00:00\",\"breadcrumb\":{\"@id\":\"https:\/\/www.ausasteel.com\/fr\/information-technique\/certificats-ausa\/certificado-reach\/#breadcrumb\"},\"inLanguage\":\"fr-FR\",\"potentialAction\":[{\"@type\":\"ReadAction\",\"target\":[\"https:\/\/www.ausasteel.com\/fr\/information-technique\/certificats-ausa\/certificado-reach\/\"]}]},{\"@type\":\"ImageObject\",\"inLanguage\":\"fr-FR\",\"@id\":\"https:\/\/www.ausasteel.com\/fr\/information-technique\/certificats-ausa\/certificado-reach\/#primaryimage\",\"url\":\"https:\/\/www.ausasteel.com\/wp-content\/uploads\/2017\/05\/QUE-ES-EL-REACH-FR-1-300x200.jpg\",\"contentUrl\":\"https:\/\/www.ausasteel.com\/wp-content\/uploads\/2017\/05\/QUE-ES-EL-REACH-FR-1-300x200.jpg\"},{\"@type\":\"BreadcrumbList\",\"@id\":\"https:\/\/www.ausasteel.com\/fr\/information-technique\/certificats-ausa\/certificado-reach\/#breadcrumb\",\"itemListElement\":[{\"@type\":\"ListItem\",\"position\":1,\"name\":\"Portada\",\"item\":\"https:\/\/www.ausasteel.com\/fr\/\"},{\"@type\":\"ListItem\",\"position\":2,\"name\":\"Information technique\",\"item\":\"https:\/\/www.ausasteel.com\/fr\/information-technique\/\"},{\"@type\":\"ListItem\",\"position\":3,\"name\":\"Protegido: Certificats &#8211; AUSA\",\"item\":\"https:\/\/www.ausasteel.com\/fr\/information-technique\/certificats-ausa\/\"},{\"@type\":\"ListItem\",\"position\":4,\"name\":\"R\u00e9glementation REACH\"}]},{\"@type\":\"WebSite\",\"@id\":\"https:\/\/www.ausasteel.com\/fr\/#website\",\"url\":\"https:\/\/www.ausasteel.com\/fr\/\",\"name\":\"AUSA special steels\",\"description\":\"AUSA special steels\",\"potentialAction\":[{\"@type\":\"SearchAction\",\"target\":{\"@type\":\"EntryPoint\",\"urlTemplate\":\"https:\/\/www.ausasteel.com\/fr\/?s={search_term_string}\"},\"query-input\":{\"@type\":\"PropertyValueSpecification\",\"valueRequired\":true,\"valueName\":\"search_term_string\"}}],\"inLanguage\":\"fr-FR\"}]}<\/script>\n<!-- \/ Yoast SEO plugin. -->","yoast_head_json":{"title":"R\u00e9glementation REACH - AUSA special steels","robots":{"index":"index","follow":"follow","max-snippet":"max-snippet:-1","max-image-preview":"max-image-preview:large","max-video-preview":"max-video-preview:-1"},"canonical":"https:\/\/www.ausasteel.com\/fr\/information-technique\/certificats-ausa\/certificado-reach\/","og_locale":"fr_FR","og_type":"article","og_title":"R\u00e9glementation REACH - AUSA special steels","og_description":"R\u00e9glementation REACH T\u00e9l\u00e9chargez La\u00a0R\u00e9glementation La R\u00e9glementation\u00a0REACH [vc_row][vc_column width=&#8221;1\/1&#8243;][vc_column_text] VOUS POUVEZ \u00caTRE INTERESS\u00c9 POUR LIRE&#8230; Dans notre blog, nous expliquons dans l&#8217;article suivant quel est REACH et comment l&#8217;appliquer\u00a0\u00e0 l&#8217;acier. &#8211; D\u00e9couvrez\u00a0le REACH et comment l&#8217;appliquer\u00a0\u00e0 l&#8217;acier [\/vc_column_text][\/vc_column][\/vc_row]","og_url":"https:\/\/www.ausasteel.com\/fr\/information-technique\/certificats-ausa\/certificado-reach\/","og_site_name":"AUSA special steels","article_modified_time":"2018-09-28T10:57:06+00:00","og_image":[{"url":"https:\/\/www.ausasteel.com\/wp-content\/uploads\/2017\/05\/QUE-ES-EL-REACH-FR-1-300x200.jpg","type":"","width":"","height":""}],"schema":{"@context":"https:\/\/schema.org","@graph":[{"@type":"WebPage","@id":"https:\/\/www.ausasteel.com\/fr\/information-technique\/certificats-ausa\/certificado-reach\/","url":"https:\/\/www.ausasteel.com\/fr\/information-technique\/certificats-ausa\/certificado-reach\/","name":"R\u00e9glementation REACH - AUSA special steels","isPartOf":{"@id":"https:\/\/www.ausasteel.com\/fr\/#website"},"primaryImageOfPage":{"@id":"https:\/\/www.ausasteel.com\/fr\/information-technique\/certificats-ausa\/certificado-reach\/#primaryimage"},"image":{"@id":"https:\/\/www.ausasteel.com\/fr\/information-technique\/certificats-ausa\/certificado-reach\/#primaryimage"},"thumbnailUrl":"https:\/\/www.ausasteel.com\/wp-content\/uploads\/2017\/05\/QUE-ES-EL-REACH-FR-1-300x200.jpg","datePublished":"2017-05-11T08:15:49+00:00","dateModified":"2018-09-28T10:57:06+00:00","breadcrumb":{"@id":"https:\/\/www.ausasteel.com\/fr\/information-technique\/certificats-ausa\/certificado-reach\/#breadcrumb"},"inLanguage":"fr-FR","potentialAction":[{"@type":"ReadAction","target":["https:\/\/www.ausasteel.com\/fr\/information-technique\/certificats-ausa\/certificado-reach\/"]}]},{"@type":"ImageObject","inLanguage":"fr-FR","@id":"https:\/\/www.ausasteel.com\/fr\/information-technique\/certificats-ausa\/certificado-reach\/#primaryimage","url":"https:\/\/www.ausasteel.com\/wp-content\/uploads\/2017\/05\/QUE-ES-EL-REACH-FR-1-300x200.jpg","contentUrl":"https:\/\/www.ausasteel.com\/wp-content\/uploads\/2017\/05\/QUE-ES-EL-REACH-FR-1-300x200.jpg"},{"@type":"BreadcrumbList","@id":"https:\/\/www.ausasteel.com\/fr\/information-technique\/certificats-ausa\/certificado-reach\/#breadcrumb","itemListElement":[{"@type":"ListItem","position":1,"name":"Portada","item":"https:\/\/www.ausasteel.com\/fr\/"},{"@type":"ListItem","position":2,"name":"Information technique","item":"https:\/\/www.ausasteel.com\/fr\/information-technique\/"},{"@type":"ListItem","position":3,"name":"Protegido: Certificats &#8211; AUSA","item":"https:\/\/www.ausasteel.com\/fr\/information-technique\/certificats-ausa\/"},{"@type":"ListItem","position":4,"name":"R\u00e9glementation REACH"}]},{"@type":"WebSite","@id":"https:\/\/www.ausasteel.com\/fr\/#website","url":"https:\/\/www.ausasteel.com\/fr\/","name":"AUSA special steels","description":"AUSA special steels","potentialAction":[{"@type":"SearchAction","target":{"@type":"EntryPoint","urlTemplate":"https:\/\/www.ausasteel.com\/fr\/?s={search_term_string}"},"query-input":{"@type":"PropertyValueSpecification","valueRequired":true,"valueName":"search_term_string"}}],"inLanguage":"fr-FR"}]}},"_links":{"self":[{"href":"https:\/\/www.ausasteel.com\/fr\/wp-json\/wp\/v2\/pages\/11926","targetHints":{"allow":["GET"]}}],"collection":[{"href":"https:\/\/www.ausasteel.com\/fr\/wp-json\/wp\/v2\/pages"}],"about":[{"href":"https:\/\/www.ausasteel.com\/fr\/wp-json\/wp\/v2\/types\/page"}],"author":[{"embeddable":true,"href":"https:\/\/www.ausasteel.com\/fr\/wp-json\/wp\/v2\/users\/10"}],"replies":[{"embeddable":true,"href":"https:\/\/www.ausasteel.com\/fr\/wp-json\/wp\/v2\/comments?post=11926"}],"version-history":[{"count":9,"href":"https:\/\/www.ausasteel.com\/fr\/wp-json\/wp\/v2\/pages\/11926\/revisions"}],"predecessor-version":[{"id":14660,"href":"https:\/\/www.ausasteel.com\/fr\/wp-json\/wp\/v2\/pages\/11926\/revisions\/14660"}],"up":[{"embeddable":true,"href":"https:\/\/www.ausasteel.com\/fr\/wp-json\/wp\/v2\/pages\/14746"}],"wp:attachment":[{"href":"https:\/\/www.ausasteel.com\/fr\/wp-json\/wp\/v2\/media?parent=11926"}],"curies":[{"name":"wp","href":"https:\/\/api.w.org\/{rel}","templated":true}]}}