        {"id":11772,"date":"2017-03-15T11:12:33","date_gmt":"2017-03-15T11:12:33","guid":{"rendered":"http:\/\/ausasteel.irantzu.com\/?page_id=11772"},"modified":"2018-10-01T10:53:27","modified_gmt":"2018-10-01T10:53:27","slug":"certificado-rohs-borrador","status":"publish","type":"page","link":"https:\/\/www.ausasteel.com\/fr\/certificado-rohs-borrador\/","title":{"rendered":"La Directive RoHS"},"content":{"rendered":"<div class=\"wpb-content-wrapper\"><p>[vc_row][vc_column width=&#8221;1\/1&#8243;][vc_column_text][vc_row][vc_column width=&#8221;1\/1&#8243;][vc_column_text]<strong>VOUS POUVEZ \u00caTRE INTERESS\u00c9 POUR LIRE&#8230;<\/strong><\/p>\n<p style=\"text-align: justify;\">Dans notre blog, nous expliquons dans l&#8217;article suivant quel est<strong> le Directive RoHS, les substances r\u00e9glement\u00e9es, les concentrations autoris\u00e9es et quel est le r\u00f4le de l&#8217;acier dans RoHS.<\/strong><\/p>\n<p style=\"text-align: justify;\"><a href=\"https:\/\/www.ausasteel.com\/fr\/la-directive-rohs-et-son-application-dans-lacier\/\"><img loading=\"lazy\" decoding=\"async\" class=\"alignnone wp-image-11721\" src=\"https:\/\/www.ausasteel.com\/wp-content\/uploads\/2017\/04\/Normativa-RoSH-FR.jpg\" alt=\"\" width=\"251\" height=\"167\" srcset=\"https:\/\/www.ausasteel.com\/wp-content\/uploads\/2017\/04\/Normativa-RoSH-FR.jpg 900w, https:\/\/www.ausasteel.com\/wp-content\/uploads\/2017\/04\/Normativa-RoSH-FR-300x200.jpg 300w\" sizes=\"auto, (max-width: 251px) 100vw, 251px\" \/><\/a><\/p>\n<p style=\"text-align: justify;\"><a href=\"https:\/\/www.ausasteel.com\/fr\/la-directive-rohs-et-son-application-dans-lacier\/\">&#8211; La Directive ROHS et son application dans l&#8217;acier.<\/a><\/p>\n<p>[\/vc_column_text][\/vc_column][\/vc_row][vc_row el_class=&#8221;descarga-catalogos a-center&#8221; margin_top=&#8221;40&#8243; margin_bottom=&#8221;40&#8243; padding_left=&#8221;40&#8243; padding_right=&#8221;40&#8243; type=&#8221;1&#8243; bg_position=&#8221;top&#8221; bg_repeat=&#8221;no-repeat&#8221; bg_cover=&#8221;true&#8221; bg_attachment=&#8221;false&#8221; padding_top=&#8221;50&#8243; padding_bottom=&#8221;100&#8243; parallax_speed=&#8221;0.1&#8243; bg_color=&#8221;#f6f6f6&#8243;][vc_column width=&#8221;1\/1&#8243;][vc_column_text]<\/p>\n<h2>T\u00e9l\u00e9chargez La\u00a0Directive<\/h2>\n<p>[\/vc_column_text][vc_column_text el_class=&#8221;pdf-catalogo&#8221;]<\/p>\n<p style=\"text-align: center; font-size: 20px;\"><a href=\"https:\/\/www.ausasteel.com\/wp-content\/uploads\/2017\/05\/D\u00e9claracion-ROHS-AUSA-Special-Steels-FR.pdf\"><strong>Directive RoHS <\/strong><\/a><\/p>\n<p>[\/vc_column_text][\/vc_column][\/vc_row]<\/p>\n<\/div><!-- AddThis Advanced Settings generic via filter on the_content -->","protected":false},"excerpt":{"rendered":"<p>[vc_row][vc_column width=&#8221;1\/1&#8243;][vc_column_text][vc_row][vc_column width=&#8221;1\/1&#8243;][vc_column_text]VOUS POUVEZ \u00caTRE INTERESS\u00c9 POUR LIRE&#8230; Dans notre blog, nous expliquons dans l&#8217;article suivant quel est le Directive RoHS, les substances r\u00e9glement\u00e9es, les concentrations autoris\u00e9es et quel est le r\u00f4le de l&#8217;acier dans RoHS. &#8211; La Directive ROHS et son application dans l&#8217;acier. [\/vc_column_text][\/vc_column][\/vc_row][vc_row el_class=&#8221;descarga-catalogos a-center&#8221; margin_top=&#8221;40&#8243; margin_bottom=&#8221;40&#8243; padding_left=&#8221;40&#8243; padding_right=&#8221;40&#8243; type=&#8221;1&#8243; bg_position=&#8221;top&#8221; bg_repeat=&#8221;no-repeat&#8221;&hellip;<!-- AddThis Advanced Settings generic via filter on get_the_excerpt --><\/p>\n","protected":false},"author":10,"featured_media":0,"parent":0,"menu_order":0,"comment_status":"closed","ping_status":"open","template":"","meta":{"footnotes":""},"class_list":["post-11772","page","type-page","status-publish","hentry"],"yoast_head":"<!-- This site is optimized with the Yoast SEO plugin v26.6 - https:\/\/yoast.com\/wordpress\/plugins\/seo\/ -->\n<title>La Directive RoHS - AUSA special steels<\/title>\n<meta name=\"robots\" content=\"index, nofollow, max-snippet:-1, max-image-preview:large, max-video-preview:-1\" \/>\n<link rel=\"canonical\" href=\"https:\/\/www.ausasteel.com\/fr\/certificado-rohs-borrador\/\" \/>\n<meta property=\"og:locale\" content=\"fr_FR\" \/>\n<meta property=\"og:type\" content=\"article\" \/>\n<meta property=\"og:title\" content=\"La Directive RoHS - AUSA special steels\" \/>\n<meta property=\"og:description\" content=\"[vc_row][vc_column width=&#8221;1\/1&#8243;][vc_column_text][vc_row][vc_column width=&#8221;1\/1&#8243;][vc_column_text]VOUS POUVEZ \u00caTRE INTERESS\u00c9 POUR LIRE&#8230; Dans notre blog, nous expliquons dans l&#8217;article suivant quel est le Directive RoHS, les substances r\u00e9glement\u00e9es, les concentrations autoris\u00e9es et quel est le r\u00f4le de l&#8217;acier dans RoHS. &#8211; La Directive ROHS et son application dans l&#8217;acier. [\/vc_column_text][\/vc_column][\/vc_row][vc_row el_class=&#8221;descarga-catalogos a-center&#8221; margin_top=&#8221;40&#8243; margin_bottom=&#8221;40&#8243; padding_left=&#8221;40&#8243; padding_right=&#8221;40&#8243; type=&#8221;1&#8243; bg_position=&#8221;top&#8221; bg_repeat=&#8221;no-repeat&#8221;&hellip;\" \/>\n<meta property=\"og:url\" content=\"https:\/\/www.ausasteel.com\/fr\/certificado-rohs-borrador\/\" \/>\n<meta property=\"og:site_name\" content=\"AUSA special steels\" \/>\n<meta property=\"article:modified_time\" content=\"2018-10-01T10:53:27+00:00\" \/>\n<meta property=\"og:image\" content=\"https:\/\/www.ausasteel.com\/wp-content\/uploads\/2017\/04\/Normativa-RoSH-FR.jpg\" \/>\n<meta name=\"twitter:label1\" content=\"Est. reading time\" \/>\n\t<meta name=\"twitter:data1\" content=\"1 minute\" \/>\n<script type=\"application\/ld+json\" class=\"yoast-schema-graph\">{\"@context\":\"https:\/\/schema.org\",\"@graph\":[{\"@type\":\"WebPage\",\"@id\":\"https:\/\/www.ausasteel.com\/fr\/certificado-rohs-borrador\/\",\"url\":\"https:\/\/www.ausasteel.com\/fr\/certificado-rohs-borrador\/\",\"name\":\"La Directive RoHS - AUSA special steels\",\"isPartOf\":{\"@id\":\"https:\/\/www.ausasteel.com\/fr\/#website\"},\"primaryImageOfPage\":{\"@id\":\"https:\/\/www.ausasteel.com\/fr\/certificado-rohs-borrador\/#primaryimage\"},\"image\":{\"@id\":\"https:\/\/www.ausasteel.com\/fr\/certificado-rohs-borrador\/#primaryimage\"},\"thumbnailUrl\":\"https:\/\/www.ausasteel.com\/wp-content\/uploads\/2017\/04\/Normativa-RoSH-FR.jpg\",\"datePublished\":\"2017-03-15T11:12:33+00:00\",\"dateModified\":\"2018-10-01T10:53:27+00:00\",\"breadcrumb\":{\"@id\":\"https:\/\/www.ausasteel.com\/fr\/certificado-rohs-borrador\/#breadcrumb\"},\"inLanguage\":\"fr-FR\",\"potentialAction\":[{\"@type\":\"ReadAction\",\"target\":[\"https:\/\/www.ausasteel.com\/fr\/certificado-rohs-borrador\/\"]}]},{\"@type\":\"ImageObject\",\"inLanguage\":\"fr-FR\",\"@id\":\"https:\/\/www.ausasteel.com\/fr\/certificado-rohs-borrador\/#primaryimage\",\"url\":\"https:\/\/www.ausasteel.com\/wp-content\/uploads\/2017\/04\/Normativa-RoSH-FR.jpg\",\"contentUrl\":\"https:\/\/www.ausasteel.com\/wp-content\/uploads\/2017\/04\/Normativa-RoSH-FR.jpg\"},{\"@type\":\"BreadcrumbList\",\"@id\":\"https:\/\/www.ausasteel.com\/fr\/certificado-rohs-borrador\/#breadcrumb\",\"itemListElement\":[{\"@type\":\"ListItem\",\"position\":1,\"name\":\"Portada\",\"item\":\"https:\/\/www.ausasteel.com\/fr\/\"},{\"@type\":\"ListItem\",\"position\":2,\"name\":\"La Directive RoHS\"}]},{\"@type\":\"WebSite\",\"@id\":\"https:\/\/www.ausasteel.com\/fr\/#website\",\"url\":\"https:\/\/www.ausasteel.com\/fr\/\",\"name\":\"AUSA special steels\",\"description\":\"AUSA special steels\",\"potentialAction\":[{\"@type\":\"SearchAction\",\"target\":{\"@type\":\"EntryPoint\",\"urlTemplate\":\"https:\/\/www.ausasteel.com\/fr\/?s={search_term_string}\"},\"query-input\":{\"@type\":\"PropertyValueSpecification\",\"valueRequired\":true,\"valueName\":\"search_term_string\"}}],\"inLanguage\":\"fr-FR\"}]}<\/script>\n<!-- \/ Yoast SEO plugin. -->","yoast_head_json":{"title":"La Directive RoHS - AUSA special steels","robots":{"index":"index","follow":"nofollow","max-snippet":"max-snippet:-1","max-image-preview":"max-image-preview:large","max-video-preview":"max-video-preview:-1"},"canonical":"https:\/\/www.ausasteel.com\/fr\/certificado-rohs-borrador\/","og_locale":"fr_FR","og_type":"article","og_title":"La Directive RoHS - AUSA special steels","og_description":"[vc_row][vc_column width=&#8221;1\/1&#8243;][vc_column_text][vc_row][vc_column width=&#8221;1\/1&#8243;][vc_column_text]VOUS POUVEZ \u00caTRE INTERESS\u00c9 POUR LIRE&#8230; Dans notre blog, nous expliquons dans l&#8217;article suivant quel est le Directive RoHS, les substances r\u00e9glement\u00e9es, les concentrations autoris\u00e9es et quel est le r\u00f4le de l&#8217;acier dans RoHS. &#8211; La Directive ROHS et son application dans l&#8217;acier. [\/vc_column_text][\/vc_column][\/vc_row][vc_row el_class=&#8221;descarga-catalogos a-center&#8221; margin_top=&#8221;40&#8243; margin_bottom=&#8221;40&#8243; padding_left=&#8221;40&#8243; padding_right=&#8221;40&#8243; type=&#8221;1&#8243; bg_position=&#8221;top&#8221; bg_repeat=&#8221;no-repeat&#8221;&hellip;","og_url":"https:\/\/www.ausasteel.com\/fr\/certificado-rohs-borrador\/","og_site_name":"AUSA special steels","article_modified_time":"2018-10-01T10:53:27+00:00","og_image":[{"url":"https:\/\/www.ausasteel.com\/wp-content\/uploads\/2017\/04\/Normativa-RoSH-FR.jpg","type":"","width":"","height":""}],"twitter_misc":{"Est. reading time":"1 minute"},"schema":{"@context":"https:\/\/schema.org","@graph":[{"@type":"WebPage","@id":"https:\/\/www.ausasteel.com\/fr\/certificado-rohs-borrador\/","url":"https:\/\/www.ausasteel.com\/fr\/certificado-rohs-borrador\/","name":"La Directive RoHS - AUSA special steels","isPartOf":{"@id":"https:\/\/www.ausasteel.com\/fr\/#website"},"primaryImageOfPage":{"@id":"https:\/\/www.ausasteel.com\/fr\/certificado-rohs-borrador\/#primaryimage"},"image":{"@id":"https:\/\/www.ausasteel.com\/fr\/certificado-rohs-borrador\/#primaryimage"},"thumbnailUrl":"https:\/\/www.ausasteel.com\/wp-content\/uploads\/2017\/04\/Normativa-RoSH-FR.jpg","datePublished":"2017-03-15T11:12:33+00:00","dateModified":"2018-10-01T10:53:27+00:00","breadcrumb":{"@id":"https:\/\/www.ausasteel.com\/fr\/certificado-rohs-borrador\/#breadcrumb"},"inLanguage":"fr-FR","potentialAction":[{"@type":"ReadAction","target":["https:\/\/www.ausasteel.com\/fr\/certificado-rohs-borrador\/"]}]},{"@type":"ImageObject","inLanguage":"fr-FR","@id":"https:\/\/www.ausasteel.com\/fr\/certificado-rohs-borrador\/#primaryimage","url":"https:\/\/www.ausasteel.com\/wp-content\/uploads\/2017\/04\/Normativa-RoSH-FR.jpg","contentUrl":"https:\/\/www.ausasteel.com\/wp-content\/uploads\/2017\/04\/Normativa-RoSH-FR.jpg"},{"@type":"BreadcrumbList","@id":"https:\/\/www.ausasteel.com\/fr\/certificado-rohs-borrador\/#breadcrumb","itemListElement":[{"@type":"ListItem","position":1,"name":"Portada","item":"https:\/\/www.ausasteel.com\/fr\/"},{"@type":"ListItem","position":2,"name":"La Directive RoHS"}]},{"@type":"WebSite","@id":"https:\/\/www.ausasteel.com\/fr\/#website","url":"https:\/\/www.ausasteel.com\/fr\/","name":"AUSA special steels","description":"AUSA special steels","potentialAction":[{"@type":"SearchAction","target":{"@type":"EntryPoint","urlTemplate":"https:\/\/www.ausasteel.com\/fr\/?s={search_term_string}"},"query-input":{"@type":"PropertyValueSpecification","valueRequired":true,"valueName":"search_term_string"}}],"inLanguage":"fr-FR"}]}},"_links":{"self":[{"href":"https:\/\/www.ausasteel.com\/fr\/wp-json\/wp\/v2\/pages\/11772","targetHints":{"allow":["GET"]}}],"collection":[{"href":"https:\/\/www.ausasteel.com\/fr\/wp-json\/wp\/v2\/pages"}],"about":[{"href":"https:\/\/www.ausasteel.com\/fr\/wp-json\/wp\/v2\/types\/page"}],"author":[{"embeddable":true,"href":"https:\/\/www.ausasteel.com\/fr\/wp-json\/wp\/v2\/users\/10"}],"replies":[{"embeddable":true,"href":"https:\/\/www.ausasteel.com\/fr\/wp-json\/wp\/v2\/comments?post=11772"}],"version-history":[{"count":4,"href":"https:\/\/www.ausasteel.com\/fr\/wp-json\/wp\/v2\/pages\/11772\/revisions"}],"predecessor-version":[{"id":11882,"href":"https:\/\/www.ausasteel.com\/fr\/wp-json\/wp\/v2\/pages\/11772\/revisions\/11882"}],"wp:attachment":[{"href":"https:\/\/www.ausasteel.com\/fr\/wp-json\/wp\/v2\/media?parent=11772"}],"curies":[{"name":"wp","href":"https:\/\/api.w.org\/{rel}","templated":true}]}}