        {"id":5783,"date":"2014-10-23T09:55:08","date_gmt":"2014-10-23T09:55:08","guid":{"rendered":"http:\/\/ausasteel.irantzu.com\/about-ausa\/where-we-are\/ausa-en-lieja-belgica\/"},"modified":"2019-03-29T08:42:04","modified_gmt":"2019-03-29T08:42:04","slug":"liege-belgium","status":"publish","type":"page","link":"https:\/\/www.ausasteel.com\/en\/about-us\/liege-belgium\/","title":{"rendered":"Liege, Belgium"},"content":{"rendered":"<div class=\"wpb-content-wrapper\"><p>[vc_row][vc_column width=&#8221;1\/1&#8243;][vc_column_text]<br \/>\n<iframe loading=\"lazy\" style=\"border: 0;\" src=\"https:\/\/www.google.com\/maps\/embed?pb=!1m14!1m8!1m3!1d2529.1454245946697!2d5.642793000000001!3d50.66156039999999!3m2!1i1024!2i768!4f13.1!3m3!1m2!1s0x47c0f103b7edb5d9%3A0xffb8678f6f01f8c1!2sRue+de+l'Ile+Monsin+105%2C+Ile+Monsin%2C+4020+Li%C3%A8ge%2C+B%C3%A9lgica!5e0!3m2!1ses!2ses!4v1413985384071\" width=\"100%\" height=\"350\" frameborder=\"0\"><\/iframe>[\/vc_column_text][vc_empty_space height=&#8221;20px&#8221;][vc_row_inner][vc_column_inner width=&#8221;1\/2&#8243;][vc_column_text]<\/p>\n<h4><strong>Li\u00e8ge, Belgium<\/strong><\/h4>\n<p><strong>ADDRESS<\/strong>: Rue de L&#8217;\u00eele Monsin, 105 Darse Nord<br \/>\n<strong>POSTAL CODE<\/strong>: 4020<br \/>\n<strong>TOWN<\/strong>: Li\u00e8ge, Belgium<br \/>\n<strong>TELEPHONE<\/strong>+ 32 4 248 44 66<br \/>\n<strong>FAX<\/strong>. +32 4 264 44 66<br \/>\n<strong>E-MAIL<\/strong>: <a href=\"mailto:&#x63;&#x6f;&#x6d;&#x65;&#x72;&#x63;&#x69;&#x61;&#x6c;&#x2e;&#x6c;&#x69;&#x65;&#x67;&#x65;&#x40;&#x61;&#x75;&#x73;&#x61;&#x73;&#x74;&#x65;&#x65;&#x6c;&#x2e;&#x63;&#x6f;&#x6d;\">&#x63;&#x6f;&#x6d;&#x65;&#x72;&#x63;&#x69;&#x61;&#x6c;&#x2e;&#x6c;&#x69;&#x65;&#x67;&#x65;&#x40;<span class=\"oe_displaynone\">null<\/span>&#x61;&#x75;&#x73;&#x61;&#x73;&#x74;&#x65;&#x65;&#x6c;&#x2e;&#x63;&#x6f;&#x6d;<\/a>[\/vc_column_text][\/vc_column_inner][vc_column_inner width=&#8221;1\/2&#8243;][vc_column_text]<\/p>\n<p style=\"text-align: center;\"><strong>Scan the QR code to save the contact details to your smartphone<\/strong><\/p>\n<p><a href=\"https:\/\/www.ausasteel.com\/wp-content\/uploads\/2015\/05\/QR-Liege-Belgium.png\" data-rel=\"lightbox-gallery-uRlAkvkO\" data-rl_title=\"\" data-rl_caption=\"\" title=\"\"><img loading=\"lazy\" decoding=\"async\" class=\"aligncenter size-full wp-image-10331\" src=\"https:\/\/www.ausasteel.com\/wp-content\/uploads\/2015\/05\/QR-Liege-Belgium.png\" alt=\"QR - Liege Belgium\" width=\"360\" height=\"360\" srcset=\"https:\/\/www.ausasteel.com\/wp-content\/uploads\/2015\/05\/QR-Liege-Belgium.png 360w, https:\/\/www.ausasteel.com\/wp-content\/uploads\/2015\/05\/QR-Liege-Belgium-150x150.png 150w, https:\/\/www.ausasteel.com\/wp-content\/uploads\/2015\/05\/QR-Liege-Belgium-300x300.png 300w\" sizes=\"auto, (max-width: 360px) 100vw, 360px\" \/><\/a>[\/vc_column_text][\/vc_column_inner][\/vc_row_inner][vc_empty_space height=&#8221;20px&#8221;][\/vc_column][\/vc_row]<\/p>\n<\/div><!-- AddThis Advanced Settings generic via filter on the_content -->","protected":false},"excerpt":{"rendered":"<p>[vc_row][vc_column width=&#8221;1\/1&#8243;][vc_column_text] [\/vc_column_text][vc_empty_space height=&#8221;20px&#8221;][vc_row_inner][vc_column_inner width=&#8221;1\/2&#8243;][vc_column_text] Li\u00e8ge, Belgium ADDRESS: Rue de L&#8217;\u00eele Monsin, 105 Darse Nord POSTAL CODE: 4020 TOWN: Li\u00e8ge, Belgium TELEPHONE+ 32 4 248 44 66 FAX. +32 4 264 44 66 E-MAIL: &#x63;&#x6f;&#x6d;&#x65;&#x72;&#x63;&#x69;&#x61;&#x6c;&#x2e;&#x6c;&#x69;&#x65;&#x67;&#x65;&#x40;null&#x61;&#x75;&#x73;&#x61;&#x73;&#x74;&#x65;&#x65;&#x6c;&#x2e;&#x63;&#x6f;&#x6d;[\/vc_column_text][\/vc_column_inner][vc_column_inner width=&#8221;1\/2&#8243;][vc_column_text] Scan the QR code to save the contact details to your smartphone [\/vc_column_text][\/vc_column_inner][\/vc_row_inner][vc_empty_space height=&#8221;20px&#8221;][\/vc_column][\/vc_row]<!-- AddThis Advanced Settings generic via filter on get_the_excerpt --><\/p>\n","protected":false},"author":1,"featured_media":0,"parent":5553,"menu_order":0,"comment_status":"closed","ping_status":"open","template":"","meta":{"footnotes":""},"class_list":["post-5783","page","type-page","status-publish","hentry"],"yoast_head":"<!-- This site is optimized with the Yoast SEO plugin v26.6 - https:\/\/yoast.com\/wordpress\/plugins\/seo\/ -->\n<title>Liege, Belgium - AUSA special steels<\/title>\n<meta name=\"robots\" content=\"index, follow, max-snippet:-1, max-image-preview:large, max-video-preview:-1\" \/>\n<link rel=\"canonical\" href=\"https:\/\/www.ausasteel.com\/en\/about-us\/liege-belgium\/\" \/>\n<meta property=\"og:locale\" content=\"en_US\" \/>\n<meta property=\"og:type\" content=\"article\" \/>\n<meta property=\"og:title\" content=\"Liege, Belgium - AUSA special steels\" \/>\n<meta property=\"og:description\" content=\"[vc_row][vc_column width=&#8221;1\/1&#8243;][vc_column_text] [\/vc_column_text][vc_empty_space height=&#8221;20px&#8221;][vc_row_inner][vc_column_inner width=&#8221;1\/2&#8243;][vc_column_text] Li\u00e8ge, Belgium ADDRESS: Rue de L&#8217;\u00eele Monsin, 105 Darse Nord POSTAL CODE: 4020 TOWN: Li\u00e8ge, Belgium TELEPHONE+ 32 4 248 44 66 FAX. +32 4 264 44 66 E-MAIL: &#x63;&#x6f;&#x6d;&#x65;&#x72;&#x63;&#x69;&#x61;&#x6c;&#x2e;&#x6c;&#x69;&#x65;&#x67;&#x65;&#x40;null&#x61;&#x75;&#x73;&#x61;&#x73;&#x74;&#x65;&#x65;&#x6c;&#x2e;&#x63;&#x6f;&#x6d;[\/vc_column_text][\/vc_column_inner][vc_column_inner width=&#8221;1\/2&#8243;][vc_column_text] Scan the QR code to save the contact details to your smartphone [\/vc_column_text][\/vc_column_inner][\/vc_row_inner][vc_empty_space height=&#8221;20px&#8221;][\/vc_column][\/vc_row]\" \/>\n<meta property=\"og:url\" content=\"https:\/\/www.ausasteel.com\/en\/about-us\/liege-belgium\/\" \/>\n<meta property=\"og:site_name\" content=\"AUSA special steels\" \/>\n<meta property=\"article:modified_time\" content=\"2019-03-29T08:42:04+00:00\" \/>\n<meta property=\"og:image\" content=\"https:\/\/www.ausasteel.com\/wp-content\/uploads\/2015\/05\/QR-Liege-Belgium.png\" \/>\n<script type=\"application\/ld+json\" class=\"yoast-schema-graph\">{\"@context\":\"https:\/\/schema.org\",\"@graph\":[{\"@type\":\"WebPage\",\"@id\":\"https:\/\/www.ausasteel.com\/en\/about-us\/liege-belgium\/\",\"url\":\"https:\/\/www.ausasteel.com\/en\/about-us\/liege-belgium\/\",\"name\":\"Liege, Belgium - AUSA special steels\",\"isPartOf\":{\"@id\":\"https:\/\/www.ausasteel.com\/en\/#website\"},\"primaryImageOfPage\":{\"@id\":\"https:\/\/www.ausasteel.com\/en\/about-us\/liege-belgium\/#primaryimage\"},\"image\":{\"@id\":\"https:\/\/www.ausasteel.com\/en\/about-us\/liege-belgium\/#primaryimage\"},\"thumbnailUrl\":\"https:\/\/www.ausasteel.com\/wp-content\/uploads\/2015\/05\/QR-Liege-Belgium.png\",\"datePublished\":\"2014-10-23T09:55:08+00:00\",\"dateModified\":\"2019-03-29T08:42:04+00:00\",\"breadcrumb\":{\"@id\":\"https:\/\/www.ausasteel.com\/en\/about-us\/liege-belgium\/#breadcrumb\"},\"inLanguage\":\"en-US\",\"potentialAction\":[{\"@type\":\"ReadAction\",\"target\":[\"https:\/\/www.ausasteel.com\/en\/about-us\/liege-belgium\/\"]}]},{\"@type\":\"ImageObject\",\"inLanguage\":\"en-US\",\"@id\":\"https:\/\/www.ausasteel.com\/en\/about-us\/liege-belgium\/#primaryimage\",\"url\":\"https:\/\/www.ausasteel.com\/wp-content\/uploads\/2015\/05\/QR-Liege-Belgium.png\",\"contentUrl\":\"https:\/\/www.ausasteel.com\/wp-content\/uploads\/2015\/05\/QR-Liege-Belgium.png\"},{\"@type\":\"BreadcrumbList\",\"@id\":\"https:\/\/www.ausasteel.com\/en\/about-us\/liege-belgium\/#breadcrumb\",\"itemListElement\":[{\"@type\":\"ListItem\",\"position\":1,\"name\":\"Portada\",\"item\":\"https:\/\/www.ausasteel.com\/en\/\"},{\"@type\":\"ListItem\",\"position\":2,\"name\":\"About AUSA\",\"item\":\"https:\/\/www.ausasteel.com\/en\/about-us\/\"},{\"@type\":\"ListItem\",\"position\":3,\"name\":\"Liege, Belgium\"}]},{\"@type\":\"WebSite\",\"@id\":\"https:\/\/www.ausasteel.com\/en\/#website\",\"url\":\"https:\/\/www.ausasteel.com\/en\/\",\"name\":\"AUSA special steels\",\"description\":\"AUSA special steels\",\"potentialAction\":[{\"@type\":\"SearchAction\",\"target\":{\"@type\":\"EntryPoint\",\"urlTemplate\":\"https:\/\/www.ausasteel.com\/en\/?s={search_term_string}\"},\"query-input\":{\"@type\":\"PropertyValueSpecification\",\"valueRequired\":true,\"valueName\":\"search_term_string\"}}],\"inLanguage\":\"en-US\"}]}<\/script>\n<!-- \/ Yoast SEO plugin. -->","yoast_head_json":{"title":"Liege, Belgium - AUSA special steels","robots":{"index":"index","follow":"follow","max-snippet":"max-snippet:-1","max-image-preview":"max-image-preview:large","max-video-preview":"max-video-preview:-1"},"canonical":"https:\/\/www.ausasteel.com\/en\/about-us\/liege-belgium\/","og_locale":"en_US","og_type":"article","og_title":"Liege, Belgium - AUSA special steels","og_description":"[vc_row][vc_column width=&#8221;1\/1&#8243;][vc_column_text] [\/vc_column_text][vc_empty_space height=&#8221;20px&#8221;][vc_row_inner][vc_column_inner width=&#8221;1\/2&#8243;][vc_column_text] Li\u00e8ge, Belgium ADDRESS: Rue de L&#8217;\u00eele Monsin, 105 Darse Nord POSTAL CODE: 4020 TOWN: Li\u00e8ge, Belgium TELEPHONE+ 32 4 248 44 66 FAX. +32 4 264 44 66 E-MAIL: &#x63;&#x6f;&#x6d;&#x65;&#x72;&#x63;&#x69;&#x61;&#x6c;&#x2e;&#x6c;&#x69;&#x65;&#x67;&#x65;&#x40;null&#x61;&#x75;&#x73;&#x61;&#x73;&#x74;&#x65;&#x65;&#x6c;&#x2e;&#x63;&#x6f;&#x6d;[\/vc_column_text][\/vc_column_inner][vc_column_inner width=&#8221;1\/2&#8243;][vc_column_text] Scan the QR code to save the contact details to your smartphone [\/vc_column_text][\/vc_column_inner][\/vc_row_inner][vc_empty_space height=&#8221;20px&#8221;][\/vc_column][\/vc_row]","og_url":"https:\/\/www.ausasteel.com\/en\/about-us\/liege-belgium\/","og_site_name":"AUSA special steels","article_modified_time":"2019-03-29T08:42:04+00:00","og_image":[{"url":"https:\/\/www.ausasteel.com\/wp-content\/uploads\/2015\/05\/QR-Liege-Belgium.png","type":"","width":"","height":""}],"schema":{"@context":"https:\/\/schema.org","@graph":[{"@type":"WebPage","@id":"https:\/\/www.ausasteel.com\/en\/about-us\/liege-belgium\/","url":"https:\/\/www.ausasteel.com\/en\/about-us\/liege-belgium\/","name":"Liege, Belgium - AUSA special steels","isPartOf":{"@id":"https:\/\/www.ausasteel.com\/en\/#website"},"primaryImageOfPage":{"@id":"https:\/\/www.ausasteel.com\/en\/about-us\/liege-belgium\/#primaryimage"},"image":{"@id":"https:\/\/www.ausasteel.com\/en\/about-us\/liege-belgium\/#primaryimage"},"thumbnailUrl":"https:\/\/www.ausasteel.com\/wp-content\/uploads\/2015\/05\/QR-Liege-Belgium.png","datePublished":"2014-10-23T09:55:08+00:00","dateModified":"2019-03-29T08:42:04+00:00","breadcrumb":{"@id":"https:\/\/www.ausasteel.com\/en\/about-us\/liege-belgium\/#breadcrumb"},"inLanguage":"en-US","potentialAction":[{"@type":"ReadAction","target":["https:\/\/www.ausasteel.com\/en\/about-us\/liege-belgium\/"]}]},{"@type":"ImageObject","inLanguage":"en-US","@id":"https:\/\/www.ausasteel.com\/en\/about-us\/liege-belgium\/#primaryimage","url":"https:\/\/www.ausasteel.com\/wp-content\/uploads\/2015\/05\/QR-Liege-Belgium.png","contentUrl":"https:\/\/www.ausasteel.com\/wp-content\/uploads\/2015\/05\/QR-Liege-Belgium.png"},{"@type":"BreadcrumbList","@id":"https:\/\/www.ausasteel.com\/en\/about-us\/liege-belgium\/#breadcrumb","itemListElement":[{"@type":"ListItem","position":1,"name":"Portada","item":"https:\/\/www.ausasteel.com\/en\/"},{"@type":"ListItem","position":2,"name":"About AUSA","item":"https:\/\/www.ausasteel.com\/en\/about-us\/"},{"@type":"ListItem","position":3,"name":"Liege, Belgium"}]},{"@type":"WebSite","@id":"https:\/\/www.ausasteel.com\/en\/#website","url":"https:\/\/www.ausasteel.com\/en\/","name":"AUSA special steels","description":"AUSA special steels","potentialAction":[{"@type":"SearchAction","target":{"@type":"EntryPoint","urlTemplate":"https:\/\/www.ausasteel.com\/en\/?s={search_term_string}"},"query-input":{"@type":"PropertyValueSpecification","valueRequired":true,"valueName":"search_term_string"}}],"inLanguage":"en-US"}]}},"_links":{"self":[{"href":"https:\/\/www.ausasteel.com\/en\/wp-json\/wp\/v2\/pages\/5783","targetHints":{"allow":["GET"]}}],"collection":[{"href":"https:\/\/www.ausasteel.com\/en\/wp-json\/wp\/v2\/pages"}],"about":[{"href":"https:\/\/www.ausasteel.com\/en\/wp-json\/wp\/v2\/types\/page"}],"author":[{"embeddable":true,"href":"https:\/\/www.ausasteel.com\/en\/wp-json\/wp\/v2\/users\/1"}],"replies":[{"embeddable":true,"href":"https:\/\/www.ausasteel.com\/en\/wp-json\/wp\/v2\/comments?post=5783"}],"version-history":[{"count":10,"href":"https:\/\/www.ausasteel.com\/en\/wp-json\/wp\/v2\/pages\/5783\/revisions"}],"predecessor-version":[{"id":15548,"href":"https:\/\/www.ausasteel.com\/en\/wp-json\/wp\/v2\/pages\/5783\/revisions\/15548"}],"up":[{"embeddable":true,"href":"https:\/\/www.ausasteel.com\/en\/wp-json\/wp\/v2\/pages\/5553"}],"wp:attachment":[{"href":"https:\/\/www.ausasteel.com\/en\/wp-json\/wp\/v2\/media?parent=5783"}],"curies":[{"name":"wp","href":"https:\/\/api.w.org\/{rel}","templated":true}]}}