              {"id":126,"date":"2014-10-17T18:46:42","date_gmt":"2014-10-17T18:46:42","guid":{"rendered":"http:\/\/ausasteel.irantzu.com\/?page_id=126"},"modified":"2019-06-19T11:14:54","modified_gmt":"2019-06-19T11:14:54","slug":"special-steels","status":"publish","type":"page","link":"https:\/\/www.ausasteel.com\/en\/steels\/special-steels\/","title":{"rendered":"Special steels"},"content":{"rendered":"<div class=\"row\">\n<div class=\"container\">\n<h1>Special steels<\/h1>\n<h3><strong>Special steels <\/strong>\u2013rolled steels and forged steels- offer <strong>great versatility of applications <\/strong>and are <strong>widely accepted<\/strong>. They offer a wide range of possibilities of use in all industrial sectors.<\/h3>\n<div class=\"container_imagen\">\n<img decoding=\"async\" alt=\"Special Steels\" title=\"Special Steels\" src=\"\/wp-content\/uploads\/2014\/10\/Special-Steels-AUSA.jpg\">\n<\/div>\n<\/div>\n<\/div>\n<div class=\"row\">\n<div class=\"container gris\">\n[vc_widget_sidebar show_bg=&#8221;false&#8221; sidebar_id=&#8221;sidebar_4&#8243;]\n<\/div>\n<\/div>\n<div class=\"row\" id=\"ventajas\">\n<div class=\"container\">\n<h2>Advantages<\/h2>\n<p>Our <strong>goal<\/strong> i<strong>s<\/strong> <strong>to meet our customers\u2019 needs <\/strong>and we do it relying on the <strong>professionalism<\/strong> of our team, the <strong>specialization<\/strong> in quality steels and the proximity to our customers.<\/p>\n<div class=\"cuadro\">\n[vc_column width=&#8221;1\/1&#8243;]<section id=\"benefits-grid-1\" class=\"benefits-grid wf-container icons-bg\"><div class=\"wf-cell wf-1-4\"><div class=\"borders\"><div class=\"text-normal\"><span class=\"benefits-grid-ico\"><img loading=\"lazy\" decoding=\"async\" src=\"https:\/\/www.ausasteel.com\/wp-content\/uploads\/2018\/08\/calidad-2.png\" width=\"200\" height=\"200\"  alt=\"\" \/><\/span><h4>QUALITY<\/h4><p>We have a <strong>strict quality system<\/strong> that controls all processes and procedures ensuring a homogeneous quality material. AUSA is certified by standard <a title=\"ISO_9001\" href=\"\/en\/technical-information\/assessments-ausa\/iso-certificates\/\" target=\"_blank\" rel=\"noopener\">ISO 9001:2015.<\/a><\/p><!-- AddThis Advanced Settings generic via filter on the_content --><\/div><\/div><\/div><div class=\"wf-cell wf-1-4\"><div class=\"borders\"><div class=\"text-normal\"><span class=\"benefits-grid-ico\"><img loading=\"lazy\" decoding=\"async\" src=\"https:\/\/www.ausasteel.com\/wp-content\/uploads\/2018\/08\/stock_mueble-2.png\" width=\"200\" height=\"200\"  alt=\"\" \/><\/span><h4>STOCK<\/h4><p>We currently have over 100.000 tons of specialty steel stock distributed among our warehouses, thus <strong>ensuring an immediate delivery<\/strong>.<\/p><!-- AddThis Advanced Settings generic via filter on the_content --><\/div><\/div><\/div><div class=\"wf-cell wf-1-4\"><div class=\"borders\"><div class=\"text-normal\"><span class=\"benefits-grid-ico\"><img loading=\"lazy\" decoding=\"async\" src=\"https:\/\/www.ausasteel.com\/wp-content\/uploads\/2018\/08\/experiencia-1.png\" width=\"200\" height=\"200\"  alt=\"\" \/><\/span><h4>Experience<\/h4><p>Desde 1.957, suministramos <strong>aceros especiales<\/strong> a empresas industriales de todo tipo de sectores: autom\u00f3vil, forja, m\u00e1quina-herramienta, moldistas, decoletaje, aeron\u00e1utica, agricultura, etc.<\/p><!-- AddThis Advanced Settings generic via filter on the_content --><\/div><\/div><\/div><\/section>[vc_column]\n<\/div>\n<\/div>\n<\/div>\n<div class=\"row gris\" id=\"informacion_tecnica\">\n<div class=\"container\">\n<h2>Technical information<\/h2>\n<p>[vc_widget_sidebar show_bg=&#8221;false&#8221; sidebar_id=&#8221;sidebar_26&#8243;]\n<\/p><\/div>\n<\/div>","protected":false},"excerpt":{"rendered":"<p>Special steels Special steels \u2013rolled steels and forged steels- offer great versatility of applications and are widely accepted. They offer a wide range of possibilities of use in all industrial sectors. [vc_widget_sidebar show_bg=&#8221;false&#8221; sidebar_id=&#8221;sidebar_4&#8243;] Advantages Our goal is to meet our customers\u2019 needs and we do it relying on the professionalism of our team, the&hellip;<!-- AddThis Advanced Settings generic via filter on get_the_excerpt --><\/p>\n","protected":false},"author":1,"featured_media":0,"parent":13723,"menu_order":0,"comment_status":"closed","ping_status":"closed","template":"","meta":{"footnotes":""},"class_list":["post-126","page","type-page","status-publish","hentry"],"yoast_head":"<!-- This site is optimized with the Yoast SEO plugin v26.6 - https:\/\/yoast.com\/wordpress\/plugins\/seo\/ -->\n<title>Special steels - AUSA special steels<\/title>\n<meta name=\"robots\" content=\"index, follow, max-snippet:-1, max-image-preview:large, max-video-preview:-1\" \/>\n<link rel=\"canonical\" href=\"https:\/\/www.ausasteel.com\/en\/steels\/special-steels\/\" \/>\n<meta property=\"og:locale\" content=\"en_US\" \/>\n<meta property=\"og:type\" content=\"article\" \/>\n<meta property=\"og:title\" content=\"Special steels - AUSA special steels\" \/>\n<meta property=\"og:description\" content=\"Special steels Special steels \u2013rolled steels and forged steels- offer great versatility of applications and are widely accepted. They offer a wide range of possibilities of use in all industrial sectors. [vc_widget_sidebar show_bg=&#8221;false&#8221; sidebar_id=&#8221;sidebar_4&#8243;] Advantages Our goal is to meet our customers\u2019 needs and we do it relying on the professionalism of our team, the&hellip;\" \/>\n<meta property=\"og:url\" content=\"https:\/\/www.ausasteel.com\/en\/steels\/special-steels\/\" \/>\n<meta property=\"og:site_name\" content=\"AUSA special steels\" \/>\n<meta property=\"article:modified_time\" content=\"2019-06-19T11:14:54+00:00\" \/>\n<script type=\"application\/ld+json\" class=\"yoast-schema-graph\">{\"@context\":\"https:\/\/schema.org\",\"@graph\":[{\"@type\":\"WebPage\",\"@id\":\"https:\/\/www.ausasteel.com\/en\/steels\/special-steels\/\",\"url\":\"https:\/\/www.ausasteel.com\/en\/steels\/special-steels\/\",\"name\":\"Special steels - AUSA special steels\",\"isPartOf\":{\"@id\":\"https:\/\/www.ausasteel.com\/en\/#website\"},\"datePublished\":\"2014-10-17T18:46:42+00:00\",\"dateModified\":\"2019-06-19T11:14:54+00:00\",\"breadcrumb\":{\"@id\":\"https:\/\/www.ausasteel.com\/en\/steels\/special-steels\/#breadcrumb\"},\"inLanguage\":\"en-US\",\"potentialAction\":[{\"@type\":\"ReadAction\",\"target\":[\"https:\/\/www.ausasteel.com\/en\/steels\/special-steels\/\"]}]},{\"@type\":\"BreadcrumbList\",\"@id\":\"https:\/\/www.ausasteel.com\/en\/steels\/special-steels\/#breadcrumb\",\"itemListElement\":[{\"@type\":\"ListItem\",\"position\":1,\"name\":\"Portada\",\"item\":\"https:\/\/www.ausasteel.com\/en\/\"},{\"@type\":\"ListItem\",\"position\":2,\"name\":\"Steels\",\"item\":\"https:\/\/www.ausasteel.com\/en\/steels\/\"},{\"@type\":\"ListItem\",\"position\":3,\"name\":\"Special steels\"}]},{\"@type\":\"WebSite\",\"@id\":\"https:\/\/www.ausasteel.com\/en\/#website\",\"url\":\"https:\/\/www.ausasteel.com\/en\/\",\"name\":\"AUSA special steels\",\"description\":\"AUSA special steels\",\"potentialAction\":[{\"@type\":\"SearchAction\",\"target\":{\"@type\":\"EntryPoint\",\"urlTemplate\":\"https:\/\/www.ausasteel.com\/en\/?s={search_term_string}\"},\"query-input\":{\"@type\":\"PropertyValueSpecification\",\"valueRequired\":true,\"valueName\":\"search_term_string\"}}],\"inLanguage\":\"en-US\"}]}<\/script>\n<!-- \/ Yoast SEO plugin. -->","yoast_head_json":{"title":"Special steels - AUSA special steels","robots":{"index":"index","follow":"follow","max-snippet":"max-snippet:-1","max-image-preview":"max-image-preview:large","max-video-preview":"max-video-preview:-1"},"canonical":"https:\/\/www.ausasteel.com\/en\/steels\/special-steels\/","og_locale":"en_US","og_type":"article","og_title":"Special steels - AUSA special steels","og_description":"Special steels Special steels \u2013rolled steels and forged steels- offer great versatility of applications and are widely accepted. They offer a wide range of possibilities of use in all industrial sectors. [vc_widget_sidebar show_bg=&#8221;false&#8221; sidebar_id=&#8221;sidebar_4&#8243;] Advantages Our goal is to meet our customers\u2019 needs and we do it relying on the professionalism of our team, the&hellip;","og_url":"https:\/\/www.ausasteel.com\/en\/steels\/special-steels\/","og_site_name":"AUSA special steels","article_modified_time":"2019-06-19T11:14:54+00:00","schema":{"@context":"https:\/\/schema.org","@graph":[{"@type":"WebPage","@id":"https:\/\/www.ausasteel.com\/en\/steels\/special-steels\/","url":"https:\/\/www.ausasteel.com\/en\/steels\/special-steels\/","name":"Special steels - AUSA special steels","isPartOf":{"@id":"https:\/\/www.ausasteel.com\/en\/#website"},"datePublished":"2014-10-17T18:46:42+00:00","dateModified":"2019-06-19T11:14:54+00:00","breadcrumb":{"@id":"https:\/\/www.ausasteel.com\/en\/steels\/special-steels\/#breadcrumb"},"inLanguage":"en-US","potentialAction":[{"@type":"ReadAction","target":["https:\/\/www.ausasteel.com\/en\/steels\/special-steels\/"]}]},{"@type":"BreadcrumbList","@id":"https:\/\/www.ausasteel.com\/en\/steels\/special-steels\/#breadcrumb","itemListElement":[{"@type":"ListItem","position":1,"name":"Portada","item":"https:\/\/www.ausasteel.com\/en\/"},{"@type":"ListItem","position":2,"name":"Steels","item":"https:\/\/www.ausasteel.com\/en\/steels\/"},{"@type":"ListItem","position":3,"name":"Special steels"}]},{"@type":"WebSite","@id":"https:\/\/www.ausasteel.com\/en\/#website","url":"https:\/\/www.ausasteel.com\/en\/","name":"AUSA special steels","description":"AUSA special steels","potentialAction":[{"@type":"SearchAction","target":{"@type":"EntryPoint","urlTemplate":"https:\/\/www.ausasteel.com\/en\/?s={search_term_string}"},"query-input":{"@type":"PropertyValueSpecification","valueRequired":true,"valueName":"search_term_string"}}],"inLanguage":"en-US"}]}},"_links":{"self":[{"href":"https:\/\/www.ausasteel.com\/en\/wp-json\/wp\/v2\/pages\/126","targetHints":{"allow":["GET"]}}],"collection":[{"href":"https:\/\/www.ausasteel.com\/en\/wp-json\/wp\/v2\/pages"}],"about":[{"href":"https:\/\/www.ausasteel.com\/en\/wp-json\/wp\/v2\/types\/page"}],"author":[{"embeddable":true,"href":"https:\/\/www.ausasteel.com\/en\/wp-json\/wp\/v2\/users\/1"}],"replies":[{"embeddable":true,"href":"https:\/\/www.ausasteel.com\/en\/wp-json\/wp\/v2\/comments?post=126"}],"version-history":[{"count":18,"href":"https:\/\/www.ausasteel.com\/en\/wp-json\/wp\/v2\/pages\/126\/revisions"}],"predecessor-version":[{"id":15600,"href":"https:\/\/www.ausasteel.com\/en\/wp-json\/wp\/v2\/pages\/126\/revisions\/15600"}],"up":[{"embeddable":true,"href":"https:\/\/www.ausasteel.com\/en\/wp-json\/wp\/v2\/pages\/13723"}],"wp:attachment":[{"href":"https:\/\/www.ausasteel.com\/en\/wp-json\/wp\/v2\/media?parent=126"}],"curies":[{"name":"wp","href":"https:\/\/api.w.org\/{rel}","templated":true}]}}