        {"id":7194,"date":"2014-10-23T09:55:08","date_gmt":"2014-10-23T09:55:08","guid":{"rendered":"http:\/\/ausasteel.irantzu.com\/uber-ausa\/standort\/liege-belgium\/"},"modified":"2015-05-27T10:12:35","modified_gmt":"2015-05-27T10:12:35","slug":"luttich-belgien","status":"publish","type":"page","link":"https:\/\/www.ausasteel.com\/de\/uber-ausa\/luttich-belgien\/","title":{"rendered":"L\u00fcttich, Belgien"},"content":{"rendered":"<div class=\"wpb-content-wrapper\"><p>[vc_row][vc_column width=&#8221;1\/1&#8243;][vc_column_text]<iframe loading=\"lazy\" style=\"border: 0;\" src=\"https:\/\/www.google.com\/maps\/embed?pb=!1m14!1m8!1m3!1d2529.1454245946697!2d5.642793000000001!3d50.66156039999999!3m2!1i1024!2i768!4f13.1!3m3!1m2!1s0x47c0f103b7edb5d9%3A0xffb8678f6f01f8c1!2sRue+de+l'Ile+Monsin+105%2C+Ile+Monsin%2C+4020+Li%C3%A8ge%2C+B%C3%A9lgica!5e0!3m2!1ses!2ses!4v1413985384071\" width=\"100%\" height=\"350\" frameborder=\"0\"><\/iframe>[\/vc_column_text][vc_empty_space height=&#8221;20px&#8221;][vc_row_inner][vc_column_inner width=&#8221;1\/2&#8243;][vc_column_text]<\/p>\n<h4><strong>L\u00fcttich, Belgien<\/strong><\/h4>\n<p><strong>Adresse<\/strong>: Rue de L&#8217;\u00eele Monsin, 105 Darse Nord<br \/>\n<strong>Postleitzahl<\/strong>: 4020<br \/>\n<strong>Ort<\/strong>: Lieja, B\u00e9lgica<br \/>\n<strong>Telefon<\/strong>: + 32 4 248 44 66<br \/>\n<strong>Fax:<\/strong> +32 4 264 44 66<br \/>\n<strong>E-mail<\/strong>: <a href=\"mailto:&#x63;&#x6f;&#x6d;&#x65;&#x72;&#x63;&#x69;&#x61;&#x6c;&#x2e;&#x6c;&#x69;&#x65;&#x67;&#x65;&#x40;&#x61;&#x75;&#x73;&#x61;&#x73;&#x74;&#x65;&#x65;&#x6c;&#x2e;&#x63;&#x6f;&#x6d;\">&#x63;&#x6f;&#x6d;&#x65;&#x72;&#x63;&#x69;&#x61;&#x6c;&#x2e;&#x6c;&#x69;&#x65;&#x67;&#x65;&#x40;<span class=\"oe_displaynone\">null<\/span>&#x61;&#x75;&#x73;&#x61;&#x73;&#x74;&#x65;&#x65;&#x6c;&#x2e;&#x63;&#x6f;&#x6d;<\/a>[\/vc_column_text][\/vc_column_inner][vc_column_inner width=&#8221;1\/2&#8243;][vc_column_text]<\/p>\n<p style=\"text-align: center;\"><strong>Scannen Sie den QR-Code ein, um die Kontaktdaten in ihrem Smartphone zu speichern<\/strong><\/p>\n<p><a href=\"https:\/\/www.ausasteel.com\/wp-content\/uploads\/2015\/05\/QR-Luttich-Belgien.png\" data-rel=\"lightbox-gallery-mbWnOed1\" data-rl_title=\"\" data-rl_caption=\"\" title=\"\"><img loading=\"lazy\" decoding=\"async\" class=\"aligncenter size-full wp-image-10313\" src=\"https:\/\/www.ausasteel.com\/wp-content\/uploads\/2015\/05\/QR-Luttich-Belgien.png\" alt=\"QR - Luttich Belgien\" width=\"360\" height=\"360\" srcset=\"https:\/\/www.ausasteel.com\/wp-content\/uploads\/2015\/05\/QR-Luttich-Belgien.png 360w, https:\/\/www.ausasteel.com\/wp-content\/uploads\/2015\/05\/QR-Luttich-Belgien-150x150.png 150w, https:\/\/www.ausasteel.com\/wp-content\/uploads\/2015\/05\/QR-Luttich-Belgien-300x300.png 300w\" sizes=\"auto, (max-width: 360px) 100vw, 360px\" \/><\/a>[\/vc_column_text][\/vc_column_inner][\/vc_row_inner][vc_empty_space height=&#8221;20px&#8221;][\/vc_column][\/vc_row]<\/p>\n<\/div><!-- AddThis Advanced Settings generic via filter on the_content -->","protected":false},"excerpt":{"rendered":"<p>[vc_row][vc_column width=&#8221;1\/1&#8243;][vc_column_text][\/vc_column_text][vc_empty_space height=&#8221;20px&#8221;][vc_row_inner][vc_column_inner width=&#8221;1\/2&#8243;][vc_column_text] L\u00fcttich, Belgien Adresse: Rue de L&#8217;\u00eele Monsin, 105 Darse Nord Postleitzahl: 4020 Ort: Lieja, B\u00e9lgica Telefon: + 32 4 248 44 66 Fax: +32 4 264 44 66 E-mail: &#x63;&#x6f;&#x6d;&#x65;&#x72;&#x63;&#x69;&#x61;&#x6c;&#x2e;&#x6c;&#x69;&#x65;&#x67;&#x65;&#x40;null&#x61;&#x75;&#x73;&#x61;&#x73;&#x74;&#x65;&#x65;&#x6c;&#x2e;&#x63;&#x6f;&#x6d;[\/vc_column_text][\/vc_column_inner][vc_column_inner width=&#8221;1\/2&#8243;][vc_column_text] Scannen Sie den QR-Code ein, um die Kontaktdaten in ihrem Smartphone zu speichern [\/vc_column_text][\/vc_column_inner][\/vc_row_inner][vc_empty_space height=&#8221;20px&#8221;][\/vc_column][\/vc_row]<!-- AddThis Advanced Settings generic via filter on get_the_excerpt --><\/p>\n","protected":false},"author":1,"featured_media":0,"parent":6634,"menu_order":0,"comment_status":"closed","ping_status":"open","template":"","meta":{"footnotes":""},"class_list":["post-7194","page","type-page","status-publish","hentry"],"yoast_head":"<!-- This site is optimized with the Yoast SEO plugin v26.6 - https:\/\/yoast.com\/wordpress\/plugins\/seo\/ -->\n<title>L\u00fcttich, Belgien - AUSA special steels<\/title>\n<meta name=\"robots\" content=\"index, follow, max-snippet:-1, max-image-preview:large, max-video-preview:-1\" \/>\n<link rel=\"canonical\" href=\"https:\/\/www.ausasteel.com\/de\/uber-ausa\/luttich-belgien\/\" \/>\n<meta property=\"og:locale\" content=\"de_DE\" \/>\n<meta property=\"og:type\" content=\"article\" \/>\n<meta property=\"og:title\" content=\"L\u00fcttich, Belgien - AUSA special steels\" \/>\n<meta property=\"og:description\" content=\"[vc_row][vc_column width=&#8221;1\/1&#8243;][vc_column_text][\/vc_column_text][vc_empty_space height=&#8221;20px&#8221;][vc_row_inner][vc_column_inner width=&#8221;1\/2&#8243;][vc_column_text] L\u00fcttich, Belgien Adresse: Rue de L&#8217;\u00eele Monsin, 105 Darse Nord Postleitzahl: 4020 Ort: Lieja, B\u00e9lgica Telefon: + 32 4 248 44 66 Fax: +32 4 264 44 66 E-mail: &#x63;&#x6f;&#x6d;&#x65;&#x72;&#x63;&#x69;&#x61;&#x6c;&#x2e;&#x6c;&#x69;&#x65;&#x67;&#x65;&#x40;null&#x61;&#x75;&#x73;&#x61;&#x73;&#x74;&#x65;&#x65;&#x6c;&#x2e;&#x63;&#x6f;&#x6d;[\/vc_column_text][\/vc_column_inner][vc_column_inner width=&#8221;1\/2&#8243;][vc_column_text] Scannen Sie den QR-Code ein, um die Kontaktdaten in ihrem Smartphone zu speichern [\/vc_column_text][\/vc_column_inner][\/vc_row_inner][vc_empty_space height=&#8221;20px&#8221;][\/vc_column][\/vc_row]\" \/>\n<meta property=\"og:url\" content=\"https:\/\/www.ausasteel.com\/de\/uber-ausa\/luttich-belgien\/\" \/>\n<meta property=\"og:site_name\" content=\"AUSA special steels\" \/>\n<meta property=\"article:modified_time\" content=\"2015-05-27T10:12:35+00:00\" \/>\n<meta property=\"og:image\" content=\"https:\/\/www.ausasteel.com\/wp-content\/uploads\/2015\/05\/QR-Luttich-Belgien.png\" \/>\n<script type=\"application\/ld+json\" class=\"yoast-schema-graph\">{\"@context\":\"https:\/\/schema.org\",\"@graph\":[{\"@type\":\"WebPage\",\"@id\":\"https:\/\/www.ausasteel.com\/de\/uber-ausa\/luttich-belgien\/\",\"url\":\"https:\/\/www.ausasteel.com\/de\/uber-ausa\/luttich-belgien\/\",\"name\":\"L\u00fcttich, Belgien - AUSA special steels\",\"isPartOf\":{\"@id\":\"https:\/\/www.ausasteel.com\/de\/#website\"},\"primaryImageOfPage\":{\"@id\":\"https:\/\/www.ausasteel.com\/de\/uber-ausa\/luttich-belgien\/#primaryimage\"},\"image\":{\"@id\":\"https:\/\/www.ausasteel.com\/de\/uber-ausa\/luttich-belgien\/#primaryimage\"},\"thumbnailUrl\":\"https:\/\/www.ausasteel.com\/wp-content\/uploads\/2015\/05\/QR-Luttich-Belgien.png\",\"datePublished\":\"2014-10-23T09:55:08+00:00\",\"dateModified\":\"2015-05-27T10:12:35+00:00\",\"breadcrumb\":{\"@id\":\"https:\/\/www.ausasteel.com\/de\/uber-ausa\/luttich-belgien\/#breadcrumb\"},\"inLanguage\":\"de-DE\",\"potentialAction\":[{\"@type\":\"ReadAction\",\"target\":[\"https:\/\/www.ausasteel.com\/de\/uber-ausa\/luttich-belgien\/\"]}]},{\"@type\":\"ImageObject\",\"inLanguage\":\"de-DE\",\"@id\":\"https:\/\/www.ausasteel.com\/de\/uber-ausa\/luttich-belgien\/#primaryimage\",\"url\":\"https:\/\/www.ausasteel.com\/wp-content\/uploads\/2015\/05\/QR-Luttich-Belgien.png\",\"contentUrl\":\"https:\/\/www.ausasteel.com\/wp-content\/uploads\/2015\/05\/QR-Luttich-Belgien.png\"},{\"@type\":\"BreadcrumbList\",\"@id\":\"https:\/\/www.ausasteel.com\/de\/uber-ausa\/luttich-belgien\/#breadcrumb\",\"itemListElement\":[{\"@type\":\"ListItem\",\"position\":1,\"name\":\"Portada\",\"item\":\"https:\/\/www.ausasteel.com\/de\/\"},{\"@type\":\"ListItem\",\"position\":2,\"name\":\"\u00dcber AUSA\",\"item\":\"https:\/\/www.ausasteel.com\/de\/uber-ausa\/\"},{\"@type\":\"ListItem\",\"position\":3,\"name\":\"L\u00fcttich, Belgien\"}]},{\"@type\":\"WebSite\",\"@id\":\"https:\/\/www.ausasteel.com\/de\/#website\",\"url\":\"https:\/\/www.ausasteel.com\/de\/\",\"name\":\"AUSA special steels\",\"description\":\"AUSA special steels\",\"potentialAction\":[{\"@type\":\"SearchAction\",\"target\":{\"@type\":\"EntryPoint\",\"urlTemplate\":\"https:\/\/www.ausasteel.com\/de\/?s={search_term_string}\"},\"query-input\":{\"@type\":\"PropertyValueSpecification\",\"valueRequired\":true,\"valueName\":\"search_term_string\"}}],\"inLanguage\":\"de-DE\"}]}<\/script>\n<!-- \/ Yoast SEO plugin. -->","yoast_head_json":{"title":"L\u00fcttich, Belgien - AUSA special steels","robots":{"index":"index","follow":"follow","max-snippet":"max-snippet:-1","max-image-preview":"max-image-preview:large","max-video-preview":"max-video-preview:-1"},"canonical":"https:\/\/www.ausasteel.com\/de\/uber-ausa\/luttich-belgien\/","og_locale":"de_DE","og_type":"article","og_title":"L\u00fcttich, Belgien - AUSA special steels","og_description":"[vc_row][vc_column width=&#8221;1\/1&#8243;][vc_column_text][\/vc_column_text][vc_empty_space height=&#8221;20px&#8221;][vc_row_inner][vc_column_inner width=&#8221;1\/2&#8243;][vc_column_text] L\u00fcttich, Belgien Adresse: Rue de L&#8217;\u00eele Monsin, 105 Darse Nord Postleitzahl: 4020 Ort: Lieja, B\u00e9lgica Telefon: + 32 4 248 44 66 Fax: +32 4 264 44 66 E-mail: &#x63;&#x6f;&#x6d;&#x65;&#x72;&#x63;&#x69;&#x61;&#x6c;&#x2e;&#x6c;&#x69;&#x65;&#x67;&#x65;&#x40;null&#x61;&#x75;&#x73;&#x61;&#x73;&#x74;&#x65;&#x65;&#x6c;&#x2e;&#x63;&#x6f;&#x6d;[\/vc_column_text][\/vc_column_inner][vc_column_inner width=&#8221;1\/2&#8243;][vc_column_text] Scannen Sie den QR-Code ein, um die Kontaktdaten in ihrem Smartphone zu speichern [\/vc_column_text][\/vc_column_inner][\/vc_row_inner][vc_empty_space height=&#8221;20px&#8221;][\/vc_column][\/vc_row]","og_url":"https:\/\/www.ausasteel.com\/de\/uber-ausa\/luttich-belgien\/","og_site_name":"AUSA special steels","article_modified_time":"2015-05-27T10:12:35+00:00","og_image":[{"url":"https:\/\/www.ausasteel.com\/wp-content\/uploads\/2015\/05\/QR-Luttich-Belgien.png","type":"","width":"","height":""}],"schema":{"@context":"https:\/\/schema.org","@graph":[{"@type":"WebPage","@id":"https:\/\/www.ausasteel.com\/de\/uber-ausa\/luttich-belgien\/","url":"https:\/\/www.ausasteel.com\/de\/uber-ausa\/luttich-belgien\/","name":"L\u00fcttich, Belgien - AUSA special steels","isPartOf":{"@id":"https:\/\/www.ausasteel.com\/de\/#website"},"primaryImageOfPage":{"@id":"https:\/\/www.ausasteel.com\/de\/uber-ausa\/luttich-belgien\/#primaryimage"},"image":{"@id":"https:\/\/www.ausasteel.com\/de\/uber-ausa\/luttich-belgien\/#primaryimage"},"thumbnailUrl":"https:\/\/www.ausasteel.com\/wp-content\/uploads\/2015\/05\/QR-Luttich-Belgien.png","datePublished":"2014-10-23T09:55:08+00:00","dateModified":"2015-05-27T10:12:35+00:00","breadcrumb":{"@id":"https:\/\/www.ausasteel.com\/de\/uber-ausa\/luttich-belgien\/#breadcrumb"},"inLanguage":"de-DE","potentialAction":[{"@type":"ReadAction","target":["https:\/\/www.ausasteel.com\/de\/uber-ausa\/luttich-belgien\/"]}]},{"@type":"ImageObject","inLanguage":"de-DE","@id":"https:\/\/www.ausasteel.com\/de\/uber-ausa\/luttich-belgien\/#primaryimage","url":"https:\/\/www.ausasteel.com\/wp-content\/uploads\/2015\/05\/QR-Luttich-Belgien.png","contentUrl":"https:\/\/www.ausasteel.com\/wp-content\/uploads\/2015\/05\/QR-Luttich-Belgien.png"},{"@type":"BreadcrumbList","@id":"https:\/\/www.ausasteel.com\/de\/uber-ausa\/luttich-belgien\/#breadcrumb","itemListElement":[{"@type":"ListItem","position":1,"name":"Portada","item":"https:\/\/www.ausasteel.com\/de\/"},{"@type":"ListItem","position":2,"name":"\u00dcber AUSA","item":"https:\/\/www.ausasteel.com\/de\/uber-ausa\/"},{"@type":"ListItem","position":3,"name":"L\u00fcttich, Belgien"}]},{"@type":"WebSite","@id":"https:\/\/www.ausasteel.com\/de\/#website","url":"https:\/\/www.ausasteel.com\/de\/","name":"AUSA special steels","description":"AUSA special steels","potentialAction":[{"@type":"SearchAction","target":{"@type":"EntryPoint","urlTemplate":"https:\/\/www.ausasteel.com\/de\/?s={search_term_string}"},"query-input":{"@type":"PropertyValueSpecification","valueRequired":true,"valueName":"search_term_string"}}],"inLanguage":"de-DE"}]}},"_links":{"self":[{"href":"https:\/\/www.ausasteel.com\/de\/wp-json\/wp\/v2\/pages\/7194","targetHints":{"allow":["GET"]}}],"collection":[{"href":"https:\/\/www.ausasteel.com\/de\/wp-json\/wp\/v2\/pages"}],"about":[{"href":"https:\/\/www.ausasteel.com\/de\/wp-json\/wp\/v2\/types\/page"}],"author":[{"embeddable":true,"href":"https:\/\/www.ausasteel.com\/de\/wp-json\/wp\/v2\/users\/1"}],"replies":[{"embeddable":true,"href":"https:\/\/www.ausasteel.com\/de\/wp-json\/wp\/v2\/comments?post=7194"}],"version-history":[{"count":6,"href":"https:\/\/www.ausasteel.com\/de\/wp-json\/wp\/v2\/pages\/7194\/revisions"}],"predecessor-version":[{"id":10360,"href":"https:\/\/www.ausasteel.com\/de\/wp-json\/wp\/v2\/pages\/7194\/revisions\/10360"}],"up":[{"embeddable":true,"href":"https:\/\/www.ausasteel.com\/de\/wp-json\/wp\/v2\/pages\/6634"}],"wp:attachment":[{"href":"https:\/\/www.ausasteel.com\/de\/wp-json\/wp\/v2\/media?parent=7194"}],"curies":[{"name":"wp","href":"https:\/\/api.w.org\/{rel}","templated":true}]}}