        {"id":7179,"date":"2014-10-22T15:35:06","date_gmt":"2014-10-22T15:35:06","guid":{"rendered":"http:\/\/ausasteel.irantzu.com\/uber-ausa\/bolsa-de-trabajo\/"},"modified":"2014-12-11T22:34:23","modified_gmt":"2014-12-11T22:34:23","slug":"jobborse","status":"publish","type":"page","link":"https:\/\/www.ausasteel.com\/de\/uber-ausa\/jobborse\/","title":{"rendered":"Jobb\u00f6rse"},"content":{"rendered":"<div class=\"wpb-content-wrapper\"><p>[vc_row el_class=&#8221;no-hay-oferta&#8221; margin_top=&#8221;0&#8243; margin_bottom=&#8221;0&#8243; padding_left=&#8221;40&#8243; padding_right=&#8221;40&#8243; bg_position=&#8221;top&#8221; bg_repeat=&#8221;no-repeat&#8221; bg_cover=&#8221;false&#8221; bg_attachment=&#8221;false&#8221; padding_top=&#8221;40&#8243; padding_bottom=&#8221;40&#8243; parallax_speed=&#8221;0.1&#8243;][vc_column width=&#8221;1\/1&#8243;][vc_column_text]<\/p>\n<h2>Wir haben momentan keinen Job.<\/h2>\n<p>[\/vc_column_text][\/vc_column][\/vc_row][vc_row el_class=&#8221;oferta-visible&#8221; margin_top=&#8221;0&#8243; margin_bottom=&#8221;0&#8243; padding_left=&#8221;40&#8243; padding_right=&#8221;40&#8243; bg_position=&#8221;top&#8221; bg_repeat=&#8221;no-repeat&#8221; bg_cover=&#8221;false&#8221; bg_attachment=&#8221;false&#8221; padding_top=&#8221;40&#8243; padding_bottom=&#8221;40&#8243; parallax_speed=&#8221;0.1&#8243;][vc_column width=&#8221;1\/1&#8243;][vc_column_text]<\/p>\n<h3><strong>Beschreibung des angebots<\/strong><\/h3>\n<p>Lorem ipsum dolor sit amet, consectetur adipiscing elit. Nullam egestas dignissim dui et tempor. Quisque egestas elit in fringilla molestie. In hac habitasse platea dictumst. Aliquam commodo nunc eget quam commodo, accumsan sollicitudin dui fermentum. Lorem ipsum dolor sit amet, consectetur adipiscing elit. Cras euismod interdum urna, a mollis tortor varius a. Mauris dapibus leo eget libero vestibulum, id congue ante tincidunt. Nullam tristique porta laoreet.<\/p>\n<h3><strong>Gew\u00fcnschtes profil<\/strong><\/h3>\n<p>Lorem ipsum dolor sit amet, consectetur adipiscing elit. Nullam egestas dignissim dui et tempor. Quisque egestas elit in fringilla molestie. In hac habitasse platea dictumst. Aliquam commodo nunc eget quam commodo, accumsan sollicitudin dui fermentum.<\/p>\n<h3><strong>Was wir bieten<\/strong><\/h3>\n<p>Lorem ipsum dolor sit amet, consectetur adipiscing elit. Nullam egestas dignissim dui et tempor. Quisque egestas elit in fringilla molestie. In hac habitasse platea dictumst. Aliquam commodo nunc eget quam commodo, accumsan sollicitudin dui fermentum.<\/p>\n<h3><strong>Kontaktieren sie AUSA<\/strong><\/h3>\n<p>Wenn Sie diese Anforderungen erf\u00fcllen, haben wir vielleicht eine Stelle f\u00fcr Sie. Z\u00f6gern Sie nicht l\u00e4nger, sondern f\u00fcllen Sie das Formular aus und <strong>senden Sie uns GLEICH ihren Lebenslauf<\/strong>.<\/p>\n<p>[\/vc_column_text][vc_column_text]<\/p>\n<h2>Formular zur einsendung eines lebenslaufs<\/h2>\n<p>[\/vc_column_text]\n<div class=\"wpcf7 no-js\" id=\"wpcf7-f3058-o1\" lang=\"de-DE\" dir=\"ltr\" data-wpcf7-id=\"3058\">\n<div class=\"screen-reader-response\"><p role=\"status\" aria-live=\"polite\" aria-atomic=\"true\"><\/p> <ul><\/ul><\/div>\n<form action=\"\/de\/wp-json\/wp\/v2\/pages\/7179#wpcf7-f3058-o1\" method=\"post\" class=\"wpcf7-form init\" aria-label=\"Contact form\" enctype=\"multipart\/form-data\" novalidate=\"novalidate\" data-status=\"init\">\n<fieldset class=\"hidden-fields-container\"><input type=\"hidden\" name=\"_wpcf7\" value=\"3058\" \/><input type=\"hidden\" name=\"_wpcf7_version\" value=\"6.1.4\" \/><input type=\"hidden\" name=\"_wpcf7_locale\" value=\"de_DE\" \/><input type=\"hidden\" name=\"_wpcf7_unit_tag\" value=\"wpcf7-f3058-o1\" \/><input type=\"hidden\" name=\"_wpcf7_container_post\" value=\"0\" \/><input type=\"hidden\" name=\"_wpcf7_posted_data_hash\" value=\"\" \/><input type=\"hidden\" name=\"_wpcf7dtx_version\" value=\"5.0.4\" \/><input type=\"hidden\" name=\"_wpcf7_recaptcha_response\" value=\"\" \/>\n<\/fieldset>\n<div id=\"formulario\" class=\"form-idioma\">\n\t<p>Vorname*\n\t<\/p>\n\t<p><span class=\"wpcf7-form-control-wrap\" data-name=\"your-name\"><input size=\"40\" maxlength=\"400\" class=\"wpcf7-form-control wpcf7-text wpcf7-validates-as-required\" aria-required=\"true\" aria-invalid=\"false\" value=\"\" type=\"text\" name=\"your-name\" \/><\/span>\n\t<\/p>\n\t<p>Nachname*\n\t<\/p>\n\t<p><span class=\"wpcf7-form-control-wrap\" data-name=\"text-634\"><input size=\"40\" maxlength=\"400\" class=\"wpcf7-form-control wpcf7-text wpcf7-validates-as-required\" aria-required=\"true\" aria-invalid=\"false\" value=\"\" type=\"text\" name=\"text-634\" \/><\/span>\n\t<\/p>\n\t<p>Adresse*\n\t<\/p>\n\t<p><span class=\"wpcf7-form-control-wrap\" data-name=\"text-816\"><input size=\"40\" maxlength=\"400\" class=\"wpcf7-form-control wpcf7-text wpcf7-validates-as-required\" aria-required=\"true\" aria-invalid=\"false\" value=\"\" type=\"text\" name=\"text-816\" \/><\/span>\n\t<\/p>\n\t<p>Ort*\n\t<\/p>\n\t<p><span class=\"wpcf7-form-control-wrap\" data-name=\"text-572\"><input size=\"40\" maxlength=\"400\" class=\"wpcf7-form-control wpcf7-text wpcf7-validates-as-required\" aria-required=\"true\" aria-invalid=\"false\" value=\"\" type=\"text\" name=\"text-572\" \/><\/span>\n\t<\/p>\n\t<p>Postleitzahl*\n\t<\/p>\n\t<p><span class=\"wpcf7-form-control-wrap\" data-name=\"text-806\"><input size=\"40\" maxlength=\"400\" class=\"wpcf7-form-control wpcf7-text wpcf7-validates-as-required\" aria-required=\"true\" aria-invalid=\"false\" value=\"\" type=\"text\" name=\"text-806\" \/><\/span>\n\t<\/p>\n\t<p>Land*\n\t<\/p>\n\t<p><span class=\"wpcf7-form-control-wrap\" data-name=\"text-745\"><input size=\"40\" maxlength=\"400\" class=\"wpcf7-form-control wpcf7-text wpcf7-validates-as-required\" aria-required=\"true\" aria-invalid=\"false\" value=\"\" type=\"text\" name=\"text-745\" \/><\/span>\n\t<\/p>\n\t<p>Staatszugeh\u00f6rigkeit*\n\t<\/p>\n\t<p><span class=\"wpcf7-form-control-wrap\" data-name=\"text-885\"><input size=\"40\" maxlength=\"400\" class=\"wpcf7-form-control wpcf7-text wpcf7-validates-as-required\" aria-required=\"true\" aria-invalid=\"false\" value=\"\" type=\"text\" name=\"text-885\" \/><\/span>\n\t<\/p>\n\t<p>Telefon*\n\t<\/p>\n\t<p><span class=\"wpcf7-form-control-wrap\" data-name=\"tel-506\"><input size=\"40\" maxlength=\"400\" class=\"wpcf7-form-control wpcf7-tel wpcf7-validates-as-required wpcf7-text wpcf7-validates-as-tel\" aria-required=\"true\" aria-invalid=\"false\" value=\"\" type=\"tel\" name=\"tel-506\" \/><\/span>\n\t<\/p>\n\t<p>E-Mail*\n\t<\/p>\n\t<p><span class=\"wpcf7-form-control-wrap\" data-name=\"your-email\"><input size=\"40\" maxlength=\"400\" class=\"wpcf7-form-control wpcf7-email wpcf7-validates-as-required wpcf7-text wpcf7-validates-as-email\" aria-required=\"true\" aria-invalid=\"false\" value=\"\" type=\"email\" name=\"your-email\" \/><\/span>\n\t<\/p>\n\t<p>Gew\u00fcnschter Standort\n\t<\/p>\n\t<p><span class=\"wpcf7-form-control-wrap\" data-name=\"menu-933\"><select class=\"wpcf7-form-control wpcf7-select wpcf7-validates-as-required\" aria-required=\"true\" aria-invalid=\"false\" name=\"menu-933\"><option value=\"Barcelona\">Barcelona<\/option><option value=\"Madrid\">Madrid<\/option><option value=\"Sevilla\">Sevilla<\/option><option value=\"Vitoria\">Vitoria<\/option><option value=\"Valencia\">Valencia<\/option><option value=\"Valladolid\">Valladolid<\/option><option value=\"Zaragoza\">Zaragoza<\/option><option value=\"Gala\u021bi\">Gala\u021bi<\/option><option value=\"Li\u00e8ge\">Li\u00e8ge<\/option><\/select><\/span>\n\t<\/p>\n\t<p class=\"entero\">F\u00fcgen Sie Ihren Lebenslauf bei\n\t<\/p>\n\t<p><span class=\"wpcf7-form-control-wrap\" data-name=\"file-14\"><input size=\"40\" class=\"wpcf7-form-control wpcf7-file wpcf7-validates-as-required\" accept=\"audio\/*,video\/*,image\/*\" aria-required=\"true\" aria-invalid=\"false\" type=\"file\" name=\"file-14\" \/><\/span>\n\t<\/p>\n\t<p class=\"entero\">Stellen Sie sich kurz vor\n\t<\/p>\n\t<p><span class=\"wpcf7-form-control-wrap\" data-name=\"your-message\"><textarea cols=\"40\" rows=\"10\" maxlength=\"2000\" class=\"wpcf7-form-control wpcf7-textarea\" aria-invalid=\"false\" name=\"your-message\"><\/textarea><\/span>\n\t<\/p>\n\t<p class=\"form-group form-politica entero\"><span class=\"wpcf7-form-control-wrap\" data-name=\"checkbox-947\"><span class=\"wpcf7-form-control wpcf7-checkbox wpcf7-validates-as-required wpcf7-exclusive-checkbox\"><span class=\"wpcf7-list-item first last\"><input type=\"checkbox\" name=\"checkbox-947\" value=\"Ich habe die\" \/><span class=\"wpcf7-list-item-label\">Ich habe die<\/span><\/span><\/span><\/span><a id=\"boton-politica\" style=\"text-decoration:underline!important;\" href=\"#cuadro-politica\" title=\"Allgemeinen Gesch\u00e4ftsbedingungen und Datenschutzerkl\u00e4rung akzeptieren\">Allgemeinen Gesch\u00e4ftsbedingungen und Datenschutzerkl\u00e4rung akzeptieren<\/a>\n\t<\/p>\n\t<p id=\"cuadro-politica\" class=\"cuadro-politica entero\"><b>Verantwortlich:<\/b> AUSA PROCESOS Y ESTUDIOS, S.A.<br \/>\n<b>Zweck:<\/b> Verwaltung von Anfragen und Abfragen.<br \/>\n<b>Berechtigung:<\/b> Einwilligungen erhalten, berechtigtes Interesse und Einhaltung der Vorschriften.<br \/>\n<b>Empf\u00e4nger:<\/b> Drittanbieter, einschliesslich internationaler \u00dcberweisungen.<br \/>\n<b>Rechte:<\/b> Zugriff, Berichtigung, Streichung, Behandlungseinschr\u00e4nkung, Daten\u00fcbertragbarkeit oder Widerspruch, einschliesslich der Ablehnung automatisierter Einzelentscheidungen.<br \/>\n<b>Ursprung:<\/b> Nutzer.\n\t<\/p>\n\t<p><a style =\"text-decoration:underline!important;\" href=\"\/de\/rechtliche-bedingungen\/\" rel=\"nofollow\" target=\"_blank\" title=\"Allgemeinen Gesch\u00e4ftsbedingungen und Datenschutzerkl\u00e4rung\">Details<\/a>\n\t<\/p>\n\n\t<p><input class=\"wpcf7-form-control wpcf7-submit has-spinner\" type=\"submit\" value=\"Senden\" \/>\n\t<\/p>\n\t<p>* Pflichtfelder.\n\t<\/p>\n<\/div><p style=\"display: none !important;\" class=\"akismet-fields-container\" data-prefix=\"_wpcf7_ak_\"><label>&#916;<textarea name=\"_wpcf7_ak_hp_textarea\" cols=\"45\" rows=\"8\" maxlength=\"100\"><\/textarea><\/label><input type=\"hidden\" id=\"ak_js_1\" name=\"_wpcf7_ak_js\" value=\"170\"\/><script>document.getElementById( \"ak_js_1\" ).setAttribute( \"value\", ( new Date() ).getTime() );<\/script><\/p><div class=\"wpcf7-response-output\" aria-hidden=\"true\"><\/div>\n<\/form>\n<\/div>\n[\/vc_column][\/vc_row]<\/p>\n<\/div><!-- AddThis Advanced Settings generic via filter on the_content -->","protected":false},"excerpt":{"rendered":"<p>[vc_row el_class=&#8221;no-hay-oferta&#8221; margin_top=&#8221;0&#8243; margin_bottom=&#8221;0&#8243; padding_left=&#8221;40&#8243; padding_right=&#8221;40&#8243; bg_position=&#8221;top&#8221; bg_repeat=&#8221;no-repeat&#8221; bg_cover=&#8221;false&#8221; bg_attachment=&#8221;false&#8221; padding_top=&#8221;40&#8243; padding_bottom=&#8221;40&#8243; parallax_speed=&#8221;0.1&#8243;][vc_column width=&#8221;1\/1&#8243;][vc_column_text] Wir haben momentan keinen Job. [\/vc_column_text][\/vc_column][\/vc_row][vc_row el_class=&#8221;oferta-visible&#8221; margin_top=&#8221;0&#8243; margin_bottom=&#8221;0&#8243; padding_left=&#8221;40&#8243; padding_right=&#8221;40&#8243; bg_position=&#8221;top&#8221; bg_repeat=&#8221;no-repeat&#8221; bg_cover=&#8221;false&#8221; bg_attachment=&#8221;false&#8221; padding_top=&#8221;40&#8243; padding_bottom=&#8221;40&#8243; parallax_speed=&#8221;0.1&#8243;][vc_column width=&#8221;1\/1&#8243;][vc_column_text] Beschreibung des angebots Lorem ipsum dolor sit amet, consectetur adipiscing elit. Nullam egestas dignissim dui et tempor. Quisque egestas elit in fringilla&hellip;<!-- AddThis Advanced Settings generic via filter on get_the_excerpt --><\/p>\n","protected":false},"author":1,"featured_media":0,"parent":6634,"menu_order":0,"comment_status":"closed","ping_status":"open","template":"","meta":{"footnotes":""},"class_list":["post-7179","page","type-page","status-publish","hentry"],"yoast_head":"<!-- This site is optimized with the Yoast SEO plugin v26.6 - https:\/\/yoast.com\/wordpress\/plugins\/seo\/ -->\n<title>Jobb\u00f6rse - AUSA special steels<\/title>\n<meta name=\"robots\" content=\"index, follow, max-snippet:-1, max-image-preview:large, max-video-preview:-1\" \/>\n<link rel=\"canonical\" href=\"https:\/\/www.ausasteel.com\/de\/uber-ausa\/jobborse\/\" \/>\n<meta property=\"og:locale\" content=\"de_DE\" \/>\n<meta property=\"og:type\" content=\"article\" \/>\n<meta property=\"og:title\" content=\"Jobb\u00f6rse - AUSA special steels\" \/>\n<meta property=\"og:description\" content=\"[vc_row el_class=&#8221;no-hay-oferta&#8221; margin_top=&#8221;0&#8243; margin_bottom=&#8221;0&#8243; padding_left=&#8221;40&#8243; padding_right=&#8221;40&#8243; bg_position=&#8221;top&#8221; bg_repeat=&#8221;no-repeat&#8221; bg_cover=&#8221;false&#8221; bg_attachment=&#8221;false&#8221; padding_top=&#8221;40&#8243; padding_bottom=&#8221;40&#8243; parallax_speed=&#8221;0.1&#8243;][vc_column width=&#8221;1\/1&#8243;][vc_column_text] Wir haben momentan keinen Job. [\/vc_column_text][\/vc_column][\/vc_row][vc_row el_class=&#8221;oferta-visible&#8221; margin_top=&#8221;0&#8243; margin_bottom=&#8221;0&#8243; padding_left=&#8221;40&#8243; padding_right=&#8221;40&#8243; bg_position=&#8221;top&#8221; bg_repeat=&#8221;no-repeat&#8221; bg_cover=&#8221;false&#8221; bg_attachment=&#8221;false&#8221; padding_top=&#8221;40&#8243; padding_bottom=&#8221;40&#8243; parallax_speed=&#8221;0.1&#8243;][vc_column width=&#8221;1\/1&#8243;][vc_column_text] Beschreibung des angebots Lorem ipsum dolor sit amet, consectetur adipiscing elit. Nullam egestas dignissim dui et tempor. Quisque egestas elit in fringilla&hellip;\" \/>\n<meta property=\"og:url\" content=\"https:\/\/www.ausasteel.com\/de\/uber-ausa\/jobborse\/\" \/>\n<meta property=\"og:site_name\" content=\"AUSA special steels\" \/>\n<meta property=\"article:modified_time\" content=\"2014-12-11T22:34:23+00:00\" \/>\n<meta name=\"twitter:label1\" content=\"Est. reading time\" \/>\n\t<meta name=\"twitter:data1\" content=\"1 minute\" \/>\n<script type=\"application\/ld+json\" class=\"yoast-schema-graph\">{\"@context\":\"https:\/\/schema.org\",\"@graph\":[{\"@type\":\"WebPage\",\"@id\":\"https:\/\/www.ausasteel.com\/de\/uber-ausa\/jobborse\/\",\"url\":\"https:\/\/www.ausasteel.com\/de\/uber-ausa\/jobborse\/\",\"name\":\"Jobb\u00f6rse - AUSA special steels\",\"isPartOf\":{\"@id\":\"https:\/\/www.ausasteel.com\/de\/#website\"},\"datePublished\":\"2014-10-22T15:35:06+00:00\",\"dateModified\":\"2014-12-11T22:34:23+00:00\",\"breadcrumb\":{\"@id\":\"https:\/\/www.ausasteel.com\/de\/uber-ausa\/jobborse\/#breadcrumb\"},\"inLanguage\":\"de-DE\",\"potentialAction\":[{\"@type\":\"ReadAction\",\"target\":[\"https:\/\/www.ausasteel.com\/de\/uber-ausa\/jobborse\/\"]}]},{\"@type\":\"BreadcrumbList\",\"@id\":\"https:\/\/www.ausasteel.com\/de\/uber-ausa\/jobborse\/#breadcrumb\",\"itemListElement\":[{\"@type\":\"ListItem\",\"position\":1,\"name\":\"Portada\",\"item\":\"https:\/\/www.ausasteel.com\/de\/\"},{\"@type\":\"ListItem\",\"position\":2,\"name\":\"\u00dcber AUSA\",\"item\":\"https:\/\/www.ausasteel.com\/de\/uber-ausa\/\"},{\"@type\":\"ListItem\",\"position\":3,\"name\":\"Jobb\u00f6rse\"}]},{\"@type\":\"WebSite\",\"@id\":\"https:\/\/www.ausasteel.com\/de\/#website\",\"url\":\"https:\/\/www.ausasteel.com\/de\/\",\"name\":\"AUSA special steels\",\"description\":\"AUSA special steels\",\"potentialAction\":[{\"@type\":\"SearchAction\",\"target\":{\"@type\":\"EntryPoint\",\"urlTemplate\":\"https:\/\/www.ausasteel.com\/de\/?s={search_term_string}\"},\"query-input\":{\"@type\":\"PropertyValueSpecification\",\"valueRequired\":true,\"valueName\":\"search_term_string\"}}],\"inLanguage\":\"de-DE\"}]}<\/script>\n<!-- \/ Yoast SEO plugin. -->","yoast_head_json":{"title":"Jobb\u00f6rse - AUSA special steels","robots":{"index":"index","follow":"follow","max-snippet":"max-snippet:-1","max-image-preview":"max-image-preview:large","max-video-preview":"max-video-preview:-1"},"canonical":"https:\/\/www.ausasteel.com\/de\/uber-ausa\/jobborse\/","og_locale":"de_DE","og_type":"article","og_title":"Jobb\u00f6rse - AUSA special steels","og_description":"[vc_row el_class=&#8221;no-hay-oferta&#8221; margin_top=&#8221;0&#8243; margin_bottom=&#8221;0&#8243; padding_left=&#8221;40&#8243; padding_right=&#8221;40&#8243; bg_position=&#8221;top&#8221; bg_repeat=&#8221;no-repeat&#8221; bg_cover=&#8221;false&#8221; bg_attachment=&#8221;false&#8221; padding_top=&#8221;40&#8243; padding_bottom=&#8221;40&#8243; parallax_speed=&#8221;0.1&#8243;][vc_column width=&#8221;1\/1&#8243;][vc_column_text] Wir haben momentan keinen Job. [\/vc_column_text][\/vc_column][\/vc_row][vc_row el_class=&#8221;oferta-visible&#8221; margin_top=&#8221;0&#8243; margin_bottom=&#8221;0&#8243; padding_left=&#8221;40&#8243; padding_right=&#8221;40&#8243; bg_position=&#8221;top&#8221; bg_repeat=&#8221;no-repeat&#8221; bg_cover=&#8221;false&#8221; bg_attachment=&#8221;false&#8221; padding_top=&#8221;40&#8243; padding_bottom=&#8221;40&#8243; parallax_speed=&#8221;0.1&#8243;][vc_column width=&#8221;1\/1&#8243;][vc_column_text] Beschreibung des angebots Lorem ipsum dolor sit amet, consectetur adipiscing elit. Nullam egestas dignissim dui et tempor. Quisque egestas elit in fringilla&hellip;","og_url":"https:\/\/www.ausasteel.com\/de\/uber-ausa\/jobborse\/","og_site_name":"AUSA special steels","article_modified_time":"2014-12-11T22:34:23+00:00","twitter_misc":{"Est. reading time":"1 minute"},"schema":{"@context":"https:\/\/schema.org","@graph":[{"@type":"WebPage","@id":"https:\/\/www.ausasteel.com\/de\/uber-ausa\/jobborse\/","url":"https:\/\/www.ausasteel.com\/de\/uber-ausa\/jobborse\/","name":"Jobb\u00f6rse - AUSA special steels","isPartOf":{"@id":"https:\/\/www.ausasteel.com\/de\/#website"},"datePublished":"2014-10-22T15:35:06+00:00","dateModified":"2014-12-11T22:34:23+00:00","breadcrumb":{"@id":"https:\/\/www.ausasteel.com\/de\/uber-ausa\/jobborse\/#breadcrumb"},"inLanguage":"de-DE","potentialAction":[{"@type":"ReadAction","target":["https:\/\/www.ausasteel.com\/de\/uber-ausa\/jobborse\/"]}]},{"@type":"BreadcrumbList","@id":"https:\/\/www.ausasteel.com\/de\/uber-ausa\/jobborse\/#breadcrumb","itemListElement":[{"@type":"ListItem","position":1,"name":"Portada","item":"https:\/\/www.ausasteel.com\/de\/"},{"@type":"ListItem","position":2,"name":"\u00dcber AUSA","item":"https:\/\/www.ausasteel.com\/de\/uber-ausa\/"},{"@type":"ListItem","position":3,"name":"Jobb\u00f6rse"}]},{"@type":"WebSite","@id":"https:\/\/www.ausasteel.com\/de\/#website","url":"https:\/\/www.ausasteel.com\/de\/","name":"AUSA special steels","description":"AUSA special steels","potentialAction":[{"@type":"SearchAction","target":{"@type":"EntryPoint","urlTemplate":"https:\/\/www.ausasteel.com\/de\/?s={search_term_string}"},"query-input":{"@type":"PropertyValueSpecification","valueRequired":true,"valueName":"search_term_string"}}],"inLanguage":"de-DE"}]}},"_links":{"self":[{"href":"https:\/\/www.ausasteel.com\/de\/wp-json\/wp\/v2\/pages\/7179","targetHints":{"allow":["GET"]}}],"collection":[{"href":"https:\/\/www.ausasteel.com\/de\/wp-json\/wp\/v2\/pages"}],"about":[{"href":"https:\/\/www.ausasteel.com\/de\/wp-json\/wp\/v2\/types\/page"}],"author":[{"embeddable":true,"href":"https:\/\/www.ausasteel.com\/de\/wp-json\/wp\/v2\/users\/1"}],"replies":[{"embeddable":true,"href":"https:\/\/www.ausasteel.com\/de\/wp-json\/wp\/v2\/comments?post=7179"}],"version-history":[{"count":4,"href":"https:\/\/www.ausasteel.com\/de\/wp-json\/wp\/v2\/pages\/7179\/revisions"}],"predecessor-version":[{"id":7208,"href":"https:\/\/www.ausasteel.com\/de\/wp-json\/wp\/v2\/pages\/7179\/revisions\/7208"}],"up":[{"embeddable":true,"href":"https:\/\/www.ausasteel.com\/de\/wp-json\/wp\/v2\/pages\/6634"}],"wp:attachment":[{"href":"https:\/\/www.ausasteel.com\/de\/wp-json\/wp\/v2\/media?parent=7179"}],"curies":[{"name":"wp","href":"https:\/\/api.w.org\/{rel}","templated":true}]}}