        {"id":7176,"date":"2014-10-22T13:47:38","date_gmt":"2014-10-22T13:47:38","guid":{"rendered":"http:\/\/ausasteel.irantzu.com\/uber-ausa\/responsabilidad-corporativa\/"},"modified":"2018-10-01T10:10:58","modified_gmt":"2018-10-01T10:10:58","slug":"soziale-verantwortung-des-unternehmens","status":"publish","type":"page","link":"https:\/\/www.ausasteel.com\/de\/uber-ausa\/soziale-verantwortung-des-unternehmens\/","title":{"rendered":"Soziale Verantwortung des Unternehmens"},"content":{"rendered":"<div class=\"wpb-content-wrapper\"><p>[vc_row][vc_column width=&#8221;1\/1&#8243;]<\/p>\n<div class=\"standard-arrow list-divider\">\n<h1>Soziale Verantwortung des Unternehmens<\/h1>\n<p>Die wichtigsten Ver\u00e4nderungen in der Gesellschaft in den letzten Jahren deuten auf ein Bild von einem Unternehmen hin, das seine T\u00e4tigkeit nicht nur auf rein industrielle, kommerzielle und finanzielle Aspekte beschr\u00e4nken, sondern auch eine andere betriebswirtschaftliche Auffassung haben sollte, in der die soziale Komponente einen hohen Stellenwert in seiner Werteskala einnimmt.<\/p>\n<p>AUSA\u00a0ist sich dessen bewusst und befolgt die hier dargestellten Grunds\u00e4tze der sozialen Verantwortung des Unternehmens und des Verhaltenskodex, und entwickelt und bereichert sie kontinuierlich.<\/p>\n<h3><em>Grunds\u00e4tze der sozialen Verantwortung des Unternehmens<\/em><\/h3>\n<p>Respekt und Unterst\u00fctzung:<\/p>\n<ul>\n<li>der international anerkannten Menschenrechte<\/li>\n<li>der pers\u00f6nlichen Entwicklung von Kindern, ihrer Gesundheit und W\u00fcrde<\/li>\n<li>aller Mitarbeiter gleicherma\u00dfen, unabh\u00e4ngig von Geschlecht, Rasse, Religion, Behinderung, Alter oder sexueller Orientierung<\/li>\n<li>der Chancengleichheit bei der Personalauswahl<\/li>\n<li>des Grundsatzes des gleichen Entgelts f\u00fcr gleiche Arbeit, unabh\u00e4ngig vom Geschlecht<\/li>\n<li>des Rechts auf eine angemessene Verg\u00fctung<\/li>\n<li>der Umsicht und Fairness bei der Entlohnung und den Arbeitsbedingungen<\/li>\n<li>der Bildungsma\u00dfnahmen f\u00fcr Mitarbeiter, um ein hohes Ma\u00df an Leistung und Qualit\u00e4t der Arbeit zu erm\u00f6glichen<\/li>\n<li>der Sicherheit und des Gesundheitsschutzes am Arbeitsplatz<\/li>\n<li>der Anwendung vergleichbarer Grunds\u00e4tze f\u00fcr Lieferanten und Kunden<\/li>\n<li>der Erh\u00f6hung der Energieeffizienz von Anlagen und des sonstigen Verbrauchs durch Rationalisierung des Einsatzes von Ressourcen (Energie, Wasser etc.)<\/li>\n<li>der von den Kunden erwarteten Professionalit\u00e4t und Einhaltung von Fristen und Qualit\u00e4tsstandards<\/li>\n<\/ul>\n<p>Ablehnung jeder Form von:<\/p>\n<ul>\n<li>Zwangsarbeit<\/li>\n<li>entw\u00fcrdigendem und beleidigendem Verhalten, sowohl verbal als auch k\u00f6rperlich<\/li>\n<\/ul>\n<p>Die Mitarbeiter m\u00fcssen mit Loyalit\u00e4t und Engagement f\u00fcr das Unternehmen handeln, zum h\u00f6chsten Qualit\u00e4tsniveau der angebotenen Produkte beitragen, um es produktiver, effizienter und wettbewerbsf\u00e4higer zu machen und Wachstum und wirtschaftliche Stabilit\u00e4t zu erreichen.<\/p>\n<p>Jede Person an ihrer Stelle, unter F\u00f6rderung ihrer Talente und Verdienste, in einer agilen und wohldefinierten Struktur, die f\u00fcr die kontinuierliche Verbesserung und Umsetzung von innovativen Prozessen geschaffen wird.<\/p>\n<p>Die Mitarbeiter haben zu einem positiven Arbeitsumfeld beizutragen.<\/p>\n<h2>Verhaltenskodex<\/h2>\n<h3><em>I.- Geltungsbereich<\/em><\/h3>\n<p>Dieser ethische Verhaltenskodex gilt f\u00fcr alle Personen, die zur Belegschaft des Unternehmens geh\u00f6ren, und regelt die Beziehungen zwischen Mitarbeitern und Dritten (Unternehmen) sowie die Beziehungen mit \u00f6ffentlichen Beh\u00f6rden.<\/p>\n<h3><em>II.- Allgemeine Grunds\u00e4tze<\/em><\/h3>\n<p>Das Grundprinzip dieses Kodex ist die Verpflichtung des Unternehmens zur Einhaltung und Durchsetzung der geltenden Gesetze, da er Voraussetzung f\u00fcr ein kosteneffektives Langzeitmanagement ist und auf Grunds\u00e4tzen und Werten basiert.<\/p>\n<p>Jeder Mitarbeiter hat die Verantwortung, die Gedanken und den Inhalt dieses Kodex zu kennen und einzuhalten und zu versprechen, mit Verantwortungsbewusstsein, Ehrlichkeit und Respekt vor der W\u00fcrde des Menschen zu handeln.<\/p>\n<p>Alle Angestellten und Direktoren sind daf\u00fcr verantwortlich, dass ihre Mitarbeiter diesen Kodex kennen und dessen Inhalte einhalten.<\/p>\n<p>Sollten Zweifel zu seiner Anwendung auftreten, muss der Arbeitnehmer die Personalabteilung informieren.<\/p>\n<h3><em>III.- Interessenkonflikte<\/em><\/h3>\n<h4>Beziehungen mit Lieferanten und Kunden<\/h4>\n<ul>\n<li>Die Mitarbeiter d\u00fcrfen keine Einladungen, Geschenke oder Gef\u00e4lligkeiten fordern oder annehmen.<\/li>\n<li>Die Mitarbeiter d\u00fcrfen von den Lieferanten oder Kunden keine finanziellen Leistungen jeglicher Art erbitten oder annehmen.<\/li>\n<li>Die Mitarbeiter d\u00fcrfen nur dann in den Genuss von Erm\u00e4\u00dfigungen und anderen Privilegien von Anbietern und Kunden kommen, wenn diese unterschiedslos allen Mitarbeitern des Unternehmens angeboten werden.<\/li>\n<li>Wenn Einladungen, Geschenke oder Gef\u00e4lligkeiten abgelehnt werden, haben die Mitarbeiter auf den Verhaltenskodex zu verweisen.<\/li>\n<li>Bei Zweifeln dar\u00fcber, wie man vorgehen sollte, m\u00fcssen der unmittelbare Vorgesetzte und die Personalleitung konsultiert werden.<\/li>\n<\/ul>\n<h4>Berufliche T\u00e4tigkeiten<\/h4>\n<ul>\n<li>Die Mitarbeiter d\u00fcrfen nicht eine andere bezahlte T\u00e4tigkeit aus\u00fcben ohne die ausdr\u00fcckliche vorherige Inkenntnissetzung der Unternehmensleitung, wobei in jedem Fall verboten ist, T\u00e4tigkeiten auszu\u00fcben, die gegen die Interessen des Unternehmens versto\u00dfen oder ihre Leistung im Unternehmen beeintr\u00e4chtigen k\u00f6nnten.<br \/>\nMit gemeinn\u00fctzigen oder karitativen Organisationen zusammenzuarbeiten ist gestattet und w\u00fcnschenswert.<\/li>\n<li>Die Mitarbeiter und ihre unmittelbaren Familienangeh\u00f6rigen d\u00fcrfen nicht ohne vorherige Inkenntnissetzung der Unternehmensleitung direkt oder indirekt Beteiligungen besitzen an Unternehmen, deren Gesch\u00e4ftst\u00e4tigkeit mit der des Unternehmens konkurriert.<\/li>\n<\/ul>\n<h3><em>IV.- Interne Kontrolle<\/em><\/h3>\n<h4>Materielle Ressourcen<\/h4>\n<p>Die Arbeitswerkzeuge des Unternehmens und insbesondere Computerger\u00e4te d\u00fcrfen nur f\u00fcr dienstliche Zwecke verwendet werden und ihre Verwendung f\u00fcr pers\u00f6nliche <strong>Angelegenheiten ist zu unterbinden.<\/strong><\/p>\n<h4>Schutz von Eigentum<\/h4>\n<ul>\n<li>Die Mitarbeiter tragen Verantwortung f\u00fcr den unberechtigten Zugriff und die unberechtigte Nutzung des Unternehmensverm\u00f6gens, sowie f\u00fcr dessen Schutz vor Diebstahl und Verlust.<\/li>\n<li>Die Mitarbeiter m\u00fcssen die Vertraulichkeit der vom Unternehmen generierten Informationen bewahren, sowohl w\u00e4hrend des Arbeitsverh\u00e4ltnisses wie auch nach seiner Beendigung.<\/li>\n<li>Die im Unternehmen generierten Unterlagen geh\u00f6ren ausschlie\u00dflich ihm. Daher m\u00fcssen sie in \u00dcbereinstimmung mit den diesbez\u00fcglich geltenden Vorschriften erstellt und aufbewahrt werden, wobei ihre Vervielf\u00e4ltigung strikt untersagt ist.<\/li>\n<li>Die Mitarbeiter haben alle Vorschriften \u00fcber den Einsatz, Zugriff und die Sicherheit von Software, Informationstechnologien, E-Mail, Internet\/Intranet und allen anderen System zu befolgen.<\/li>\n<li>Die Mitarbeiter m\u00fcssen alle Bestimmungen zum Datenschutz beachten.<\/li>\n<\/ul>\n<\/div>\n<p>[\/vc_column][\/vc_row]<\/p>\n<\/div><!-- AddThis Advanced Settings generic via filter on the_content -->","protected":false},"excerpt":{"rendered":"<p>[vc_row][vc_column width=&#8221;1\/1&#8243;][\/vc_column][\/vc_row]<!-- AddThis Advanced Settings generic via filter on get_the_excerpt --><\/p>\n","protected":false},"author":1,"featured_media":0,"parent":6634,"menu_order":0,"comment_status":"closed","ping_status":"open","template":"","meta":{"footnotes":""},"class_list":["post-7176","page","type-page","status-publish","hentry"],"yoast_head":"<!-- This site is optimized with the Yoast SEO plugin v26.6 - https:\/\/yoast.com\/wordpress\/plugins\/seo\/ -->\n<title>Soziale Verantwortung des Unternehmens - AUSA special steels<\/title>\n<meta name=\"robots\" content=\"index, follow, max-snippet:-1, max-image-preview:large, max-video-preview:-1\" \/>\n<link rel=\"canonical\" href=\"https:\/\/www.ausasteel.com\/de\/uber-ausa\/soziale-verantwortung-des-unternehmens\/\" \/>\n<meta property=\"og:locale\" content=\"de_DE\" \/>\n<meta property=\"og:type\" content=\"article\" \/>\n<meta property=\"og:title\" content=\"Soziale Verantwortung des Unternehmens - AUSA special steels\" \/>\n<meta property=\"og:description\" content=\"[vc_row][vc_column width=&#8221;1\/1&#8243;][\/vc_column][\/vc_row]\" \/>\n<meta property=\"og:url\" content=\"https:\/\/www.ausasteel.com\/de\/uber-ausa\/soziale-verantwortung-des-unternehmens\/\" \/>\n<meta property=\"og:site_name\" content=\"AUSA special steels\" \/>\n<meta property=\"article:modified_time\" content=\"2018-10-01T10:10:58+00:00\" \/>\n<meta name=\"twitter:label1\" content=\"Est. reading time\" \/>\n\t<meta name=\"twitter:data1\" content=\"4 minutes\" \/>\n<script type=\"application\/ld+json\" class=\"yoast-schema-graph\">{\"@context\":\"https:\/\/schema.org\",\"@graph\":[{\"@type\":\"WebPage\",\"@id\":\"https:\/\/www.ausasteel.com\/de\/uber-ausa\/soziale-verantwortung-des-unternehmens\/\",\"url\":\"https:\/\/www.ausasteel.com\/de\/uber-ausa\/soziale-verantwortung-des-unternehmens\/\",\"name\":\"Soziale Verantwortung des Unternehmens - AUSA special steels\",\"isPartOf\":{\"@id\":\"https:\/\/www.ausasteel.com\/de\/#website\"},\"datePublished\":\"2014-10-22T13:47:38+00:00\",\"dateModified\":\"2018-10-01T10:10:58+00:00\",\"breadcrumb\":{\"@id\":\"https:\/\/www.ausasteel.com\/de\/uber-ausa\/soziale-verantwortung-des-unternehmens\/#breadcrumb\"},\"inLanguage\":\"de-DE\",\"potentialAction\":[{\"@type\":\"ReadAction\",\"target\":[\"https:\/\/www.ausasteel.com\/de\/uber-ausa\/soziale-verantwortung-des-unternehmens\/\"]}]},{\"@type\":\"BreadcrumbList\",\"@id\":\"https:\/\/www.ausasteel.com\/de\/uber-ausa\/soziale-verantwortung-des-unternehmens\/#breadcrumb\",\"itemListElement\":[{\"@type\":\"ListItem\",\"position\":1,\"name\":\"Portada\",\"item\":\"https:\/\/www.ausasteel.com\/de\/\"},{\"@type\":\"ListItem\",\"position\":2,\"name\":\"\u00dcber AUSA\",\"item\":\"https:\/\/www.ausasteel.com\/de\/uber-ausa\/\"},{\"@type\":\"ListItem\",\"position\":3,\"name\":\"Soziale Verantwortung des Unternehmens\"}]},{\"@type\":\"WebSite\",\"@id\":\"https:\/\/www.ausasteel.com\/de\/#website\",\"url\":\"https:\/\/www.ausasteel.com\/de\/\",\"name\":\"AUSA special steels\",\"description\":\"AUSA special steels\",\"potentialAction\":[{\"@type\":\"SearchAction\",\"target\":{\"@type\":\"EntryPoint\",\"urlTemplate\":\"https:\/\/www.ausasteel.com\/de\/?s={search_term_string}\"},\"query-input\":{\"@type\":\"PropertyValueSpecification\",\"valueRequired\":true,\"valueName\":\"search_term_string\"}}],\"inLanguage\":\"de-DE\"}]}<\/script>\n<!-- \/ Yoast SEO plugin. -->","yoast_head_json":{"title":"Soziale Verantwortung des Unternehmens - AUSA special steels","robots":{"index":"index","follow":"follow","max-snippet":"max-snippet:-1","max-image-preview":"max-image-preview:large","max-video-preview":"max-video-preview:-1"},"canonical":"https:\/\/www.ausasteel.com\/de\/uber-ausa\/soziale-verantwortung-des-unternehmens\/","og_locale":"de_DE","og_type":"article","og_title":"Soziale Verantwortung des Unternehmens - AUSA special steels","og_description":"[vc_row][vc_column width=&#8221;1\/1&#8243;][\/vc_column][\/vc_row]","og_url":"https:\/\/www.ausasteel.com\/de\/uber-ausa\/soziale-verantwortung-des-unternehmens\/","og_site_name":"AUSA special steels","article_modified_time":"2018-10-01T10:10:58+00:00","twitter_misc":{"Est. reading time":"4 minutes"},"schema":{"@context":"https:\/\/schema.org","@graph":[{"@type":"WebPage","@id":"https:\/\/www.ausasteel.com\/de\/uber-ausa\/soziale-verantwortung-des-unternehmens\/","url":"https:\/\/www.ausasteel.com\/de\/uber-ausa\/soziale-verantwortung-des-unternehmens\/","name":"Soziale Verantwortung des Unternehmens - AUSA special steels","isPartOf":{"@id":"https:\/\/www.ausasteel.com\/de\/#website"},"datePublished":"2014-10-22T13:47:38+00:00","dateModified":"2018-10-01T10:10:58+00:00","breadcrumb":{"@id":"https:\/\/www.ausasteel.com\/de\/uber-ausa\/soziale-verantwortung-des-unternehmens\/#breadcrumb"},"inLanguage":"de-DE","potentialAction":[{"@type":"ReadAction","target":["https:\/\/www.ausasteel.com\/de\/uber-ausa\/soziale-verantwortung-des-unternehmens\/"]}]},{"@type":"BreadcrumbList","@id":"https:\/\/www.ausasteel.com\/de\/uber-ausa\/soziale-verantwortung-des-unternehmens\/#breadcrumb","itemListElement":[{"@type":"ListItem","position":1,"name":"Portada","item":"https:\/\/www.ausasteel.com\/de\/"},{"@type":"ListItem","position":2,"name":"\u00dcber AUSA","item":"https:\/\/www.ausasteel.com\/de\/uber-ausa\/"},{"@type":"ListItem","position":3,"name":"Soziale Verantwortung des Unternehmens"}]},{"@type":"WebSite","@id":"https:\/\/www.ausasteel.com\/de\/#website","url":"https:\/\/www.ausasteel.com\/de\/","name":"AUSA special steels","description":"AUSA special steels","potentialAction":[{"@type":"SearchAction","target":{"@type":"EntryPoint","urlTemplate":"https:\/\/www.ausasteel.com\/de\/?s={search_term_string}"},"query-input":{"@type":"PropertyValueSpecification","valueRequired":true,"valueName":"search_term_string"}}],"inLanguage":"de-DE"}]}},"_links":{"self":[{"href":"https:\/\/www.ausasteel.com\/de\/wp-json\/wp\/v2\/pages\/7176","targetHints":{"allow":["GET"]}}],"collection":[{"href":"https:\/\/www.ausasteel.com\/de\/wp-json\/wp\/v2\/pages"}],"about":[{"href":"https:\/\/www.ausasteel.com\/de\/wp-json\/wp\/v2\/types\/page"}],"author":[{"embeddable":true,"href":"https:\/\/www.ausasteel.com\/de\/wp-json\/wp\/v2\/users\/1"}],"replies":[{"embeddable":true,"href":"https:\/\/www.ausasteel.com\/de\/wp-json\/wp\/v2\/comments?post=7176"}],"version-history":[{"count":8,"href":"https:\/\/www.ausasteel.com\/de\/wp-json\/wp\/v2\/pages\/7176\/revisions"}],"predecessor-version":[{"id":14722,"href":"https:\/\/www.ausasteel.com\/de\/wp-json\/wp\/v2\/pages\/7176\/revisions\/14722"}],"up":[{"embeddable":true,"href":"https:\/\/www.ausasteel.com\/de\/wp-json\/wp\/v2\/pages\/6634"}],"wp:attachment":[{"href":"https:\/\/www.ausasteel.com\/de\/wp-json\/wp\/v2\/media?parent=7176"}],"curies":[{"name":"wp","href":"https:\/\/api.w.org\/{rel}","templated":true}]}}