        {"id":7174,"date":"2014-10-22T11:22:55","date_gmt":"2014-10-22T11:22:55","guid":{"rendered":"http:\/\/ausasteel.irantzu.com\/uber-ausa\/equipo\/"},"modified":"2018-09-07T09:45:15","modified_gmt":"2018-09-07T09:45:15","slug":"team","status":"publish","type":"page","link":"https:\/\/www.ausasteel.com\/de\/uber-ausa\/team\/","title":{"rendered":"Team"},"content":{"rendered":"<div class=\"wpb-content-wrapper\"><p>[vc_row][vc_column width=&#8221;1\/1&#8243;][vc_column_text]Der Vertrieb und die Herstellung von <strong>Spezialst\u00e4hlen<\/strong> erfordert <strong>Teamwork<\/strong>.<\/p>\n<p><strong>AUSA<\/strong> besch\u00e4ftigt Fachleute der Bereiche <strong>Vertrieb, Logistik, Fertigung, Wartung, Qualit\u00e4t, Einkauf, Marketing, Personalwesen, Systeme und Finanzwesen<\/strong>, um Ihnen Produkte und Dienstleistungen anbieten zu k\u00f6nnen, die alle Ihre Anforderungen erf\u00fcllen.<\/p>\n<p>Unser <strong>Mitarbeiterteam<\/strong> besteht aus <strong>Fachleuten mit langj\u00e4hriger Erfahrung und technischen F\u00e4higkeiten<\/strong> mit den folgenden Eckdaten:[\/vc_column_text]<\/p>\n<div class=\"standard-arrow list-divider\">\n<ul>\n<li><strong>Ausbildung: <\/strong>hoher Ausbildungsstand unseres Personals und betriebliche Weiterbildung.<\/li>\n<li><strong>Erfahrung<\/strong>: Einige Experten bei <strong>AUSA<\/strong> verf\u00fcgen sogar \u00fcber mehr als 35 Jahre Erfahrung in der Stahlbranche.<\/li>\n<\/ul>\n<\/div>\n<p>[\/vc_column][\/vc_row][vc_row][vc_column width=&#8221;1\/1&#8243;][vc_separator color=&#8221;grey&#8221;][\/vc_column][\/vc_row][vc_row][vc_column width=&#8221;1\/1&#8243;][vc_column_text]<a href=\"https:\/\/www.ausasteel.com\/wp-content\/uploads\/2015\/05\/Almacen-AUSA.png\" data-rel=\"lightbox-gallery-Xerx2xa1\" data-rl_title=\"\" data-rl_caption=\"\" title=\"\"><img loading=\"lazy\" decoding=\"async\" class=\"aligncenter wp-image-9838 size-full\" src=\"https:\/\/www.ausasteel.com\/wp-content\/uploads\/2015\/05\/Almacen-AUSA.png\" alt=\"Versorgungszentrum - AUSA\" width=\"900\" height=\"395\" srcset=\"https:\/\/www.ausasteel.com\/wp-content\/uploads\/2015\/05\/Almacen-AUSA.png 900w, https:\/\/www.ausasteel.com\/wp-content\/uploads\/2015\/05\/Almacen-AUSA-300x131.png 300w\" sizes=\"auto, (max-width: 900px) 100vw, 900px\" \/><\/a>[\/vc_column_text][\/vc_column][\/vc_row][vc_row margin_top=&#8221;50px&#8221; margin_bottom=&#8221;50px&#8221; bg_position=&#8221;top&#8221; bg_repeat=&#8221;no-repeat&#8221; bg_cover=&#8221;false&#8221; bg_attachment=&#8221;false&#8221; padding_top=&#8221;40&#8243; padding_bottom=&#8221;40&#8243; padding_left=&#8221;40&#8243; padding_right=&#8221;40&#8243;][vc_column width=&#8221;1\/1&#8243; el_class=&#8221;solicita-presupuesto&#8221;][vc_column_text]<a class=\"btn_ausa\" href=\"https:\/\/www.ausasteel.com\/de\/kontakt\/\">Kontaktieren sie uns <\/a>[\/vc_column_text][\/vc_column][\/vc_row]<\/p>\n<\/div><!-- AddThis Advanced Settings generic via filter on the_content -->","protected":false},"excerpt":{"rendered":"<p>[vc_row][vc_column width=&#8221;1\/1&#8243;][vc_column_text]Der Vertrieb und die Herstellung von Spezialst\u00e4hlen erfordert Teamwork. AUSA besch\u00e4ftigt Fachleute der Bereiche Vertrieb, Logistik, Fertigung, Wartung, Qualit\u00e4t, Einkauf, Marketing, Personalwesen, Systeme und Finanzwesen, um Ihnen Produkte und Dienstleistungen anbieten zu k\u00f6nnen, die alle Ihre Anforderungen erf\u00fcllen. Unser Mitarbeiterteam besteht aus Fachleuten mit langj\u00e4hriger Erfahrung und technischen F\u00e4higkeiten mit den folgenden Eckdaten:[\/vc_column_text][\/vc_column][\/vc_row][vc_row][vc_column width=&#8221;1\/1&#8243;][vc_separator&hellip;<!-- AddThis Advanced Settings generic via filter on get_the_excerpt --><\/p>\n","protected":false},"author":1,"featured_media":0,"parent":6634,"menu_order":0,"comment_status":"closed","ping_status":"open","template":"","meta":{"footnotes":""},"class_list":["post-7174","page","type-page","status-publish","hentry"],"yoast_head":"<!-- This site is optimized with the Yoast SEO plugin v26.6 - https:\/\/yoast.com\/wordpress\/plugins\/seo\/ -->\n<title>Team - AUSA special steels<\/title>\n<meta name=\"robots\" content=\"index, follow, max-snippet:-1, max-image-preview:large, max-video-preview:-1\" \/>\n<link rel=\"canonical\" href=\"https:\/\/www.ausasteel.com\/de\/uber-ausa\/team\/\" \/>\n<meta property=\"og:locale\" content=\"de_DE\" \/>\n<meta property=\"og:type\" content=\"article\" \/>\n<meta property=\"og:title\" content=\"Team - AUSA special steels\" \/>\n<meta property=\"og:description\" content=\"[vc_row][vc_column width=&#8221;1\/1&#8243;][vc_column_text]Der Vertrieb und die Herstellung von Spezialst\u00e4hlen erfordert Teamwork. AUSA besch\u00e4ftigt Fachleute der Bereiche Vertrieb, Logistik, Fertigung, Wartung, Qualit\u00e4t, Einkauf, Marketing, Personalwesen, Systeme und Finanzwesen, um Ihnen Produkte und Dienstleistungen anbieten zu k\u00f6nnen, die alle Ihre Anforderungen erf\u00fcllen. Unser Mitarbeiterteam besteht aus Fachleuten mit langj\u00e4hriger Erfahrung und technischen F\u00e4higkeiten mit den folgenden Eckdaten:[\/vc_column_text][\/vc_column][\/vc_row][vc_row][vc_column width=&#8221;1\/1&#8243;][vc_separator&hellip;\" \/>\n<meta property=\"og:url\" content=\"https:\/\/www.ausasteel.com\/de\/uber-ausa\/team\/\" \/>\n<meta property=\"og:site_name\" content=\"AUSA special steels\" \/>\n<meta property=\"article:modified_time\" content=\"2018-09-07T09:45:15+00:00\" \/>\n<meta property=\"og:image\" content=\"https:\/\/www.ausasteel.com\/wp-content\/uploads\/2015\/05\/Almacen-AUSA.png\" \/>\n\t<meta property=\"og:image:width\" content=\"900\" \/>\n\t<meta property=\"og:image:height\" content=\"395\" \/>\n\t<meta property=\"og:image:type\" content=\"image\/png\" \/>\n<meta name=\"twitter:label1\" content=\"Est. reading time\" \/>\n\t<meta name=\"twitter:data1\" content=\"1 minute\" \/>\n<script type=\"application\/ld+json\" class=\"yoast-schema-graph\">{\"@context\":\"https:\/\/schema.org\",\"@graph\":[{\"@type\":\"WebPage\",\"@id\":\"https:\/\/www.ausasteel.com\/de\/uber-ausa\/team\/\",\"url\":\"https:\/\/www.ausasteel.com\/de\/uber-ausa\/team\/\",\"name\":\"Team - AUSA special steels\",\"isPartOf\":{\"@id\":\"https:\/\/www.ausasteel.com\/de\/#website\"},\"primaryImageOfPage\":{\"@id\":\"https:\/\/www.ausasteel.com\/de\/uber-ausa\/team\/#primaryimage\"},\"image\":{\"@id\":\"https:\/\/www.ausasteel.com\/de\/uber-ausa\/team\/#primaryimage\"},\"thumbnailUrl\":\"https:\/\/www.ausasteel.com\/wp-content\/uploads\/2015\/05\/Almacen-AUSA.png\",\"datePublished\":\"2014-10-22T11:22:55+00:00\",\"dateModified\":\"2018-09-07T09:45:15+00:00\",\"breadcrumb\":{\"@id\":\"https:\/\/www.ausasteel.com\/de\/uber-ausa\/team\/#breadcrumb\"},\"inLanguage\":\"de-DE\",\"potentialAction\":[{\"@type\":\"ReadAction\",\"target\":[\"https:\/\/www.ausasteel.com\/de\/uber-ausa\/team\/\"]}]},{\"@type\":\"ImageObject\",\"inLanguage\":\"de-DE\",\"@id\":\"https:\/\/www.ausasteel.com\/de\/uber-ausa\/team\/#primaryimage\",\"url\":\"https:\/\/www.ausasteel.com\/wp-content\/uploads\/2015\/05\/Almacen-AUSA.png\",\"contentUrl\":\"https:\/\/www.ausasteel.com\/wp-content\/uploads\/2015\/05\/Almacen-AUSA.png\"},{\"@type\":\"BreadcrumbList\",\"@id\":\"https:\/\/www.ausasteel.com\/de\/uber-ausa\/team\/#breadcrumb\",\"itemListElement\":[{\"@type\":\"ListItem\",\"position\":1,\"name\":\"Portada\",\"item\":\"https:\/\/www.ausasteel.com\/de\/\"},{\"@type\":\"ListItem\",\"position\":2,\"name\":\"\u00dcber AUSA\",\"item\":\"https:\/\/www.ausasteel.com\/de\/uber-ausa\/\"},{\"@type\":\"ListItem\",\"position\":3,\"name\":\"Team\"}]},{\"@type\":\"WebSite\",\"@id\":\"https:\/\/www.ausasteel.com\/de\/#website\",\"url\":\"https:\/\/www.ausasteel.com\/de\/\",\"name\":\"AUSA special steels\",\"description\":\"AUSA special steels\",\"potentialAction\":[{\"@type\":\"SearchAction\",\"target\":{\"@type\":\"EntryPoint\",\"urlTemplate\":\"https:\/\/www.ausasteel.com\/de\/?s={search_term_string}\"},\"query-input\":{\"@type\":\"PropertyValueSpecification\",\"valueRequired\":true,\"valueName\":\"search_term_string\"}}],\"inLanguage\":\"de-DE\"}]}<\/script>\n<!-- \/ Yoast SEO plugin. -->","yoast_head_json":{"title":"Team - AUSA special steels","robots":{"index":"index","follow":"follow","max-snippet":"max-snippet:-1","max-image-preview":"max-image-preview:large","max-video-preview":"max-video-preview:-1"},"canonical":"https:\/\/www.ausasteel.com\/de\/uber-ausa\/team\/","og_locale":"de_DE","og_type":"article","og_title":"Team - AUSA special steels","og_description":"[vc_row][vc_column width=&#8221;1\/1&#8243;][vc_column_text]Der Vertrieb und die Herstellung von Spezialst\u00e4hlen erfordert Teamwork. AUSA besch\u00e4ftigt Fachleute der Bereiche Vertrieb, Logistik, Fertigung, Wartung, Qualit\u00e4t, Einkauf, Marketing, Personalwesen, Systeme und Finanzwesen, um Ihnen Produkte und Dienstleistungen anbieten zu k\u00f6nnen, die alle Ihre Anforderungen erf\u00fcllen. Unser Mitarbeiterteam besteht aus Fachleuten mit langj\u00e4hriger Erfahrung und technischen F\u00e4higkeiten mit den folgenden Eckdaten:[\/vc_column_text][\/vc_column][\/vc_row][vc_row][vc_column width=&#8221;1\/1&#8243;][vc_separator&hellip;","og_url":"https:\/\/www.ausasteel.com\/de\/uber-ausa\/team\/","og_site_name":"AUSA special steels","article_modified_time":"2018-09-07T09:45:15+00:00","og_image":[{"width":900,"height":395,"url":"https:\/\/www.ausasteel.com\/wp-content\/uploads\/2015\/05\/Almacen-AUSA.png","type":"image\/png"}],"twitter_misc":{"Est. reading time":"1 minute"},"schema":{"@context":"https:\/\/schema.org","@graph":[{"@type":"WebPage","@id":"https:\/\/www.ausasteel.com\/de\/uber-ausa\/team\/","url":"https:\/\/www.ausasteel.com\/de\/uber-ausa\/team\/","name":"Team - AUSA special steels","isPartOf":{"@id":"https:\/\/www.ausasteel.com\/de\/#website"},"primaryImageOfPage":{"@id":"https:\/\/www.ausasteel.com\/de\/uber-ausa\/team\/#primaryimage"},"image":{"@id":"https:\/\/www.ausasteel.com\/de\/uber-ausa\/team\/#primaryimage"},"thumbnailUrl":"https:\/\/www.ausasteel.com\/wp-content\/uploads\/2015\/05\/Almacen-AUSA.png","datePublished":"2014-10-22T11:22:55+00:00","dateModified":"2018-09-07T09:45:15+00:00","breadcrumb":{"@id":"https:\/\/www.ausasteel.com\/de\/uber-ausa\/team\/#breadcrumb"},"inLanguage":"de-DE","potentialAction":[{"@type":"ReadAction","target":["https:\/\/www.ausasteel.com\/de\/uber-ausa\/team\/"]}]},{"@type":"ImageObject","inLanguage":"de-DE","@id":"https:\/\/www.ausasteel.com\/de\/uber-ausa\/team\/#primaryimage","url":"https:\/\/www.ausasteel.com\/wp-content\/uploads\/2015\/05\/Almacen-AUSA.png","contentUrl":"https:\/\/www.ausasteel.com\/wp-content\/uploads\/2015\/05\/Almacen-AUSA.png"},{"@type":"BreadcrumbList","@id":"https:\/\/www.ausasteel.com\/de\/uber-ausa\/team\/#breadcrumb","itemListElement":[{"@type":"ListItem","position":1,"name":"Portada","item":"https:\/\/www.ausasteel.com\/de\/"},{"@type":"ListItem","position":2,"name":"\u00dcber AUSA","item":"https:\/\/www.ausasteel.com\/de\/uber-ausa\/"},{"@type":"ListItem","position":3,"name":"Team"}]},{"@type":"WebSite","@id":"https:\/\/www.ausasteel.com\/de\/#website","url":"https:\/\/www.ausasteel.com\/de\/","name":"AUSA special steels","description":"AUSA special steels","potentialAction":[{"@type":"SearchAction","target":{"@type":"EntryPoint","urlTemplate":"https:\/\/www.ausasteel.com\/de\/?s={search_term_string}"},"query-input":{"@type":"PropertyValueSpecification","valueRequired":true,"valueName":"search_term_string"}}],"inLanguage":"de-DE"}]}},"_links":{"self":[{"href":"https:\/\/www.ausasteel.com\/de\/wp-json\/wp\/v2\/pages\/7174","targetHints":{"allow":["GET"]}}],"collection":[{"href":"https:\/\/www.ausasteel.com\/de\/wp-json\/wp\/v2\/pages"}],"about":[{"href":"https:\/\/www.ausasteel.com\/de\/wp-json\/wp\/v2\/types\/page"}],"author":[{"embeddable":true,"href":"https:\/\/www.ausasteel.com\/de\/wp-json\/wp\/v2\/users\/1"}],"replies":[{"embeddable":true,"href":"https:\/\/www.ausasteel.com\/de\/wp-json\/wp\/v2\/comments?post=7174"}],"version-history":[{"count":6,"href":"https:\/\/www.ausasteel.com\/de\/wp-json\/wp\/v2\/pages\/7174\/revisions"}],"predecessor-version":[{"id":14221,"href":"https:\/\/www.ausasteel.com\/de\/wp-json\/wp\/v2\/pages\/7174\/revisions\/14221"}],"up":[{"embeddable":true,"href":"https:\/\/www.ausasteel.com\/de\/wp-json\/wp\/v2\/pages\/6634"}],"wp:attachment":[{"href":"https:\/\/www.ausasteel.com\/de\/wp-json\/wp\/v2\/media?parent=7174"}],"curies":[{"name":"wp","href":"https:\/\/api.w.org\/{rel}","templated":true}]}}