    {"id":7173,"date":"2014-10-22T10:59:45","date_gmt":"2014-10-22T10:59:45","guid":{"rendered":"http:\/\/ausasteel.irantzu.com\/uber-ausa\/empresa\/"},"modified":"2018-09-07T09:36:46","modified_gmt":"2018-09-07T09:36:46","slug":"unternehmung","status":"publish","type":"page","link":"https:\/\/www.ausasteel.com\/de\/uber-ausa\/unternehmung\/","title":{"rendered":"Unternehmung"},"content":{"rendered":"<div class=\"wpb-content-wrapper\"><p>[vc_row][vc_column width=&#8221;2\/3&#8243;][vc_column_text]<strong>57 Jahre Erfahrung<\/strong> auf dem Gebiet der <strong>Spezialst\u00e4hle<\/strong> b\u00fcrgen f\u00fcr unsere Marktpr\u00e4senz. Seit Beginn unserer Aktivit\u00e4t haben wir immer eine Idee im Kopf behalten: <strong>die Vermarktung von Spezialst\u00e4hlen zu perfektionieren.<\/strong> Dieses war unser Ziel und stellt auch heute noch unsere t\u00e4gliche Arbeitsverpflichtung dar. Wir wissen, dass wir, um sie zur Zufriedenheit erf\u00fcllen zu k\u00f6nnen, uns auf <strong>drei Grunds\u00e4ulen<\/strong> st\u00fctzen m\u00fcssen:[\/vc_column_text]<\/p>\n<div class=\"standard-arrow list-divider\">\n<ul>\n<li><strong>Spezialisierung in Qualit\u00e4tsstahl.<\/strong><\/li>\n<li><strong>R\u00e4umliche und zeitliche Kundenn\u00e4he.<\/strong><\/li>\n<li><strong>Professionalit\u00e4t unseres Mitarbeiterteams.<\/strong><\/li>\n<\/ul>\n<\/div>\n<p>[vc_column_text]<strong>AUSA<\/strong> ist stets im Wachstum begriffen und auf der Suche nach neuen Produkten, die alle unsere Kunden zufrieden stellen: <strong>Werkst\u00e4ttenleiter, Einkaufsleiter, Eigent\u00fcmer, Gesch\u00e4ftsf\u00fchrer, Leiter der technischen B\u00fcros, Planer, Mechaniker, Bearbeiter, Endverbraucher, Qualit\u00e4tssicherungsabteilungen\u2026<\/strong> Wir beraten und bieten unseren umfassenden Service mehr als <strong>5500 Kunden<\/strong> an und unsere mehr als <strong>180.000 m\u00b2<\/strong> Lagerfl\u00e4che erm\u00f6glichen uns, aus mehr als <strong>5000 Artikeln<\/strong> zu w\u00e4hlen. Wir verf\u00fcgen \u00fcber eine einwandfreie und vielf\u00e4ltige Logistik, nicht zuletzt, weil wir auch \u00fcber unsere eigenen Schiffsladerampen, eine Anbindung ans Eisenbahnnetz und eigene LKWs verf\u00fcgen. F\u00fcr uns bei <strong>AUSA<\/strong>, dem f\u00fchrenden Unternehmen in der <strong>Anbietung von Spezialstahl<\/strong>, ist das Ziel, die <strong>h\u00f6chste Kundenzufriedenheit<\/strong> zu erlangen, indem wir Ihnen hochwertige Produkte und sofortigen Service zur Verf\u00fcgung stellen.[\/vc_column_text][\/vc_column][vc_column width=&#8221;1\/3&#8243;][vc_column_text]<img loading=\"lazy\" decoding=\"async\" class=\"aligncenter wp-image-9361 size-medium\" src=\"https:\/\/www.ausasteel.com\/wp-content\/uploads\/2014\/10\/fatada-AUSA-300x300.png\" alt=\"fatada-AUSA\" width=\"300\" height=\"300\" srcset=\"https:\/\/www.ausasteel.com\/wp-content\/uploads\/2014\/10\/fatada-AUSA-300x300.png 300w, https:\/\/www.ausasteel.com\/wp-content\/uploads\/2014\/10\/fatada-AUSA-150x150.png 150w, https:\/\/www.ausasteel.com\/wp-content\/uploads\/2014\/10\/fatada-AUSA.png 900w\" sizes=\"auto, (max-width: 300px) 100vw, 300px\" \/><\/p>\n<p>&nbsp;<\/p>\n<p><a href=\"https:\/\/www.ausasteel.com\/wp-content\/uploads\/2014\/10\/TELEVENTA.jpg\" data-rel=\"lightbox-gallery-jfbOmMcQ\" data-rl_title=\"\" data-rl_caption=\"\" title=\"\"><img loading=\"lazy\" decoding=\"async\" class=\"size-full wp-image-11154 aligncenter\" src=\"https:\/\/www.ausasteel.com\/wp-content\/uploads\/2014\/10\/TELEVENTA.jpg\" alt=\"TELEVENTA\" width=\"300\" height=\"199\" \/><\/a>[\/vc_column_text][\/vc_column][\/vc_row][vc_row][vc_column width=&#8221;1\/1&#8243;][vc_separator color=&#8221;grey&#8221;][\/vc_column][\/vc_row][vc_row margin_top=&#8221;0&#8243; margin_bottom=&#8221;0&#8243; padding_left=&#8221;40&#8243; padding_right=&#8221;40&#8243; bg_position=&#8221;top&#8221; bg_repeat=&#8221;no-repeat&#8221; bg_cover=&#8221;false&#8221; bg_attachment=&#8221;false&#8221; padding_top=&#8221;40&#8243; padding_bottom=&#8221;40&#8243; parallax_speed=&#8221;0.1&#8243; el_class=&#8221;dt-fancy-title&#8221;][vc_column width=&#8221;1\/1&#8243;][vc_column_text]<\/p>\n<h2>Qualit\u00e4t<\/h2>\n<p>[\/vc_column_text][\/vc_column][\/vc_row][vc_row][vc_column width=&#8221;1\/1&#8243;][vc_column_text]F\u00fcr uns bei <strong>AUSA<\/strong> sind Qualit\u00e4t und kontinuierliche Verbesserung ein unerl\u00e4sslicher Faktor f\u00fcr die Zufriedenheit unserer Kunden. Daf\u00fcr arbeiten wir tagt\u00e4glich, um die Effizienz und Qualit\u00e4t unserer Firma noch weiter zu verbessern. Als Ergebnis dieses Prozesses ist <strong>AUSA<\/strong> nach dem Qualit\u00e4tssicherungssystem der <strong><a title=\"ISO_9001\" href=\"http:\/\/de.wikipedia.org\/wiki\/ISO_9001\" target=\"_blank\">Norm ISO 9001:2008<\/a>. <\/strong>[\/vc_column_text][\/vc_column][\/vc_row][vc_row][vc_column width=&#8221;1\/1&#8243;][vc_separator color=&#8221;grey&#8221;][\/vc_column][\/vc_row][vc_row margin_top=&#8221;50px&#8221; margin_bottom=&#8221;50px&#8221; bg_position=&#8221;top&#8221; bg_repeat=&#8221;no-repeat&#8221; bg_cover=&#8221;false&#8221; bg_attachment=&#8221;false&#8221; padding_top=&#8221;40&#8243; padding_bottom=&#8221;40&#8243; parallax_speed=&#8221;0.1&#8243; padding_left=&#8221;40&#8243; padding_right=&#8221;40&#8243;][vc_column width=&#8221;1\/1&#8243; el_class=&#8221;solicita-presupuesto&#8221;][vc_column_text]<a class=\"btn_ausa\" href=\"https:\/\/www.ausasteel.com\/de\/kontakt\/\">Kontaktieren sie uns <\/a>[\/vc_column_text][\/vc_column][\/vc_row]<\/p>\n<\/div><!-- AddThis Advanced Settings generic via filter on the_content -->","protected":false},"excerpt":{"rendered":"<p>[vc_row][vc_column width=&#8221;2\/3&#8243;][vc_column_text]57 Jahre Erfahrung auf dem Gebiet der Spezialst\u00e4hle b\u00fcrgen f\u00fcr unsere Marktpr\u00e4senz. Seit Beginn unserer Aktivit\u00e4t haben wir immer eine Idee im Kopf behalten: die Vermarktung von Spezialst\u00e4hlen zu perfektionieren. Dieses war unser Ziel und stellt auch heute noch unsere t\u00e4gliche Arbeitsverpflichtung dar. Wir wissen, dass wir, um sie zur Zufriedenheit erf\u00fcllen zu k\u00f6nnen,&hellip;<!-- AddThis Advanced Settings generic via filter on get_the_excerpt --><\/p>\n","protected":false},"author":1,"featured_media":0,"parent":6634,"menu_order":0,"comment_status":"closed","ping_status":"open","template":"","meta":{"footnotes":""},"class_list":["post-7173","page","type-page","status-publish","hentry"],"yoast_head":"<!-- This site is optimized with the Yoast SEO plugin v26.6 - https:\/\/yoast.com\/wordpress\/plugins\/seo\/ -->\n<title>Unternehmung - AUSA Special Steels<\/title>\n<meta name=\"description\" content=\"57 Jahre Erfahrung auf dem Gebiet der Spezialst\u00e4hle b\u00fcrgen f\u00fcr unsere Marktpr\u00e4senz. Seit Beginn unserer Aktivit\u00e4t haben wir immer eine Idee im Kopf behalte...\" \/>\n<meta name=\"robots\" content=\"index, follow, max-snippet:-1, max-image-preview:large, max-video-preview:-1\" \/>\n<link rel=\"canonical\" href=\"https:\/\/www.ausasteel.com\/de\/uber-ausa\/unternehmung\/\" \/>\n<meta property=\"og:locale\" content=\"de_DE\" \/>\n<meta property=\"og:type\" content=\"article\" \/>\n<meta property=\"og:title\" content=\"Unternehmung - AUSA Special Steels\" \/>\n<meta property=\"og:description\" content=\"57 Jahre Erfahrung auf dem Gebiet der Spezialst\u00e4hle b\u00fcrgen f\u00fcr unsere Marktpr\u00e4senz. Seit Beginn unserer Aktivit\u00e4t haben wir immer eine Idee im Kopf behalte...\" \/>\n<meta property=\"og:url\" content=\"https:\/\/www.ausasteel.com\/de\/uber-ausa\/unternehmung\/\" \/>\n<meta property=\"og:site_name\" content=\"AUSA special steels\" \/>\n<meta property=\"article:modified_time\" content=\"2018-09-07T09:36:46+00:00\" \/>\n<meta property=\"og:image\" content=\"https:\/\/www.ausasteel.com\/wp-content\/uploads\/2014\/10\/fatada-AUSA-e1473328367885.png\" \/>\n\t<meta property=\"og:image:width\" content=\"900\" \/>\n\t<meta property=\"og:image:height\" content=\"900\" \/>\n\t<meta property=\"og:image:type\" content=\"image\/png\" \/>\n<meta name=\"twitter:label1\" content=\"Est. reading time\" \/>\n\t<meta name=\"twitter:data1\" content=\"2 minutes\" \/>\n<script type=\"application\/ld+json\" class=\"yoast-schema-graph\">{\"@context\":\"https:\/\/schema.org\",\"@graph\":[{\"@type\":\"WebPage\",\"@id\":\"https:\/\/www.ausasteel.com\/de\/uber-ausa\/unternehmung\/\",\"url\":\"https:\/\/www.ausasteel.com\/de\/uber-ausa\/unternehmung\/\",\"name\":\"Unternehmung - AUSA Special Steels\",\"isPartOf\":{\"@id\":\"https:\/\/www.ausasteel.com\/de\/#website\"},\"primaryImageOfPage\":{\"@id\":\"https:\/\/www.ausasteel.com\/de\/uber-ausa\/unternehmung\/#primaryimage\"},\"image\":{\"@id\":\"https:\/\/www.ausasteel.com\/de\/uber-ausa\/unternehmung\/#primaryimage\"},\"thumbnailUrl\":\"https:\/\/www.ausasteel.com\/wp-content\/uploads\/2014\/10\/fatada-AUSA-300x300.png\",\"datePublished\":\"2014-10-22T10:59:45+00:00\",\"dateModified\":\"2018-09-07T09:36:46+00:00\",\"description\":\"57 Jahre Erfahrung auf dem Gebiet der Spezialst\u00e4hle b\u00fcrgen f\u00fcr unsere Marktpr\u00e4senz. Seit Beginn unserer Aktivit\u00e4t haben wir immer eine Idee im Kopf behalte...\",\"breadcrumb\":{\"@id\":\"https:\/\/www.ausasteel.com\/de\/uber-ausa\/unternehmung\/#breadcrumb\"},\"inLanguage\":\"de-DE\",\"potentialAction\":[{\"@type\":\"ReadAction\",\"target\":[\"https:\/\/www.ausasteel.com\/de\/uber-ausa\/unternehmung\/\"]}]},{\"@type\":\"ImageObject\",\"inLanguage\":\"de-DE\",\"@id\":\"https:\/\/www.ausasteel.com\/de\/uber-ausa\/unternehmung\/#primaryimage\",\"url\":\"https:\/\/www.ausasteel.com\/wp-content\/uploads\/2014\/10\/fatada-AUSA-300x300.png\",\"contentUrl\":\"https:\/\/www.ausasteel.com\/wp-content\/uploads\/2014\/10\/fatada-AUSA-300x300.png\"},{\"@type\":\"BreadcrumbList\",\"@id\":\"https:\/\/www.ausasteel.com\/de\/uber-ausa\/unternehmung\/#breadcrumb\",\"itemListElement\":[{\"@type\":\"ListItem\",\"position\":1,\"name\":\"Portada\",\"item\":\"https:\/\/www.ausasteel.com\/de\/\"},{\"@type\":\"ListItem\",\"position\":2,\"name\":\"\u00dcber AUSA\",\"item\":\"https:\/\/www.ausasteel.com\/de\/uber-ausa\/\"},{\"@type\":\"ListItem\",\"position\":3,\"name\":\"Unternehmung\"}]},{\"@type\":\"WebSite\",\"@id\":\"https:\/\/www.ausasteel.com\/de\/#website\",\"url\":\"https:\/\/www.ausasteel.com\/de\/\",\"name\":\"AUSA special steels\",\"description\":\"AUSA special steels\",\"potentialAction\":[{\"@type\":\"SearchAction\",\"target\":{\"@type\":\"EntryPoint\",\"urlTemplate\":\"https:\/\/www.ausasteel.com\/de\/?s={search_term_string}\"},\"query-input\":{\"@type\":\"PropertyValueSpecification\",\"valueRequired\":true,\"valueName\":\"search_term_string\"}}],\"inLanguage\":\"de-DE\"}]}<\/script>\n<!-- \/ Yoast SEO plugin. -->","yoast_head_json":{"title":"Unternehmung - AUSA Special Steels","description":"57 Jahre Erfahrung auf dem Gebiet der Spezialst\u00e4hle b\u00fcrgen f\u00fcr unsere Marktpr\u00e4senz. Seit Beginn unserer Aktivit\u00e4t haben wir immer eine Idee im Kopf behalte...","robots":{"index":"index","follow":"follow","max-snippet":"max-snippet:-1","max-image-preview":"max-image-preview:large","max-video-preview":"max-video-preview:-1"},"canonical":"https:\/\/www.ausasteel.com\/de\/uber-ausa\/unternehmung\/","og_locale":"de_DE","og_type":"article","og_title":"Unternehmung - AUSA Special Steels","og_description":"57 Jahre Erfahrung auf dem Gebiet der Spezialst\u00e4hle b\u00fcrgen f\u00fcr unsere Marktpr\u00e4senz. Seit Beginn unserer Aktivit\u00e4t haben wir immer eine Idee im Kopf behalte...","og_url":"https:\/\/www.ausasteel.com\/de\/uber-ausa\/unternehmung\/","og_site_name":"AUSA special steels","article_modified_time":"2018-09-07T09:36:46+00:00","og_image":[{"width":900,"height":900,"url":"https:\/\/www.ausasteel.com\/wp-content\/uploads\/2014\/10\/fatada-AUSA-e1473328367885.png","type":"image\/png"}],"twitter_misc":{"Est. reading time":"2 minutes"},"schema":{"@context":"https:\/\/schema.org","@graph":[{"@type":"WebPage","@id":"https:\/\/www.ausasteel.com\/de\/uber-ausa\/unternehmung\/","url":"https:\/\/www.ausasteel.com\/de\/uber-ausa\/unternehmung\/","name":"Unternehmung - AUSA Special Steels","isPartOf":{"@id":"https:\/\/www.ausasteel.com\/de\/#website"},"primaryImageOfPage":{"@id":"https:\/\/www.ausasteel.com\/de\/uber-ausa\/unternehmung\/#primaryimage"},"image":{"@id":"https:\/\/www.ausasteel.com\/de\/uber-ausa\/unternehmung\/#primaryimage"},"thumbnailUrl":"https:\/\/www.ausasteel.com\/wp-content\/uploads\/2014\/10\/fatada-AUSA-300x300.png","datePublished":"2014-10-22T10:59:45+00:00","dateModified":"2018-09-07T09:36:46+00:00","description":"57 Jahre Erfahrung auf dem Gebiet der Spezialst\u00e4hle b\u00fcrgen f\u00fcr unsere Marktpr\u00e4senz. Seit Beginn unserer Aktivit\u00e4t haben wir immer eine Idee im Kopf behalte...","breadcrumb":{"@id":"https:\/\/www.ausasteel.com\/de\/uber-ausa\/unternehmung\/#breadcrumb"},"inLanguage":"de-DE","potentialAction":[{"@type":"ReadAction","target":["https:\/\/www.ausasteel.com\/de\/uber-ausa\/unternehmung\/"]}]},{"@type":"ImageObject","inLanguage":"de-DE","@id":"https:\/\/www.ausasteel.com\/de\/uber-ausa\/unternehmung\/#primaryimage","url":"https:\/\/www.ausasteel.com\/wp-content\/uploads\/2014\/10\/fatada-AUSA-300x300.png","contentUrl":"https:\/\/www.ausasteel.com\/wp-content\/uploads\/2014\/10\/fatada-AUSA-300x300.png"},{"@type":"BreadcrumbList","@id":"https:\/\/www.ausasteel.com\/de\/uber-ausa\/unternehmung\/#breadcrumb","itemListElement":[{"@type":"ListItem","position":1,"name":"Portada","item":"https:\/\/www.ausasteel.com\/de\/"},{"@type":"ListItem","position":2,"name":"\u00dcber AUSA","item":"https:\/\/www.ausasteel.com\/de\/uber-ausa\/"},{"@type":"ListItem","position":3,"name":"Unternehmung"}]},{"@type":"WebSite","@id":"https:\/\/www.ausasteel.com\/de\/#website","url":"https:\/\/www.ausasteel.com\/de\/","name":"AUSA special steels","description":"AUSA special steels","potentialAction":[{"@type":"SearchAction","target":{"@type":"EntryPoint","urlTemplate":"https:\/\/www.ausasteel.com\/de\/?s={search_term_string}"},"query-input":{"@type":"PropertyValueSpecification","valueRequired":true,"valueName":"search_term_string"}}],"inLanguage":"de-DE"}]}},"_links":{"self":[{"href":"https:\/\/www.ausasteel.com\/de\/wp-json\/wp\/v2\/pages\/7173","targetHints":{"allow":["GET"]}}],"collection":[{"href":"https:\/\/www.ausasteel.com\/de\/wp-json\/wp\/v2\/pages"}],"about":[{"href":"https:\/\/www.ausasteel.com\/de\/wp-json\/wp\/v2\/types\/page"}],"author":[{"embeddable":true,"href":"https:\/\/www.ausasteel.com\/de\/wp-json\/wp\/v2\/users\/1"}],"replies":[{"embeddable":true,"href":"https:\/\/www.ausasteel.com\/de\/wp-json\/wp\/v2\/comments?post=7173"}],"version-history":[{"count":10,"href":"https:\/\/www.ausasteel.com\/de\/wp-json\/wp\/v2\/pages\/7173\/revisions"}],"predecessor-version":[{"id":14215,"href":"https:\/\/www.ausasteel.com\/de\/wp-json\/wp\/v2\/pages\/7173\/revisions\/14215"}],"up":[{"embeddable":true,"href":"https:\/\/www.ausasteel.com\/de\/wp-json\/wp\/v2\/pages\/6634"}],"wp:attachment":[{"href":"https:\/\/www.ausasteel.com\/de\/wp-json\/wp\/v2\/media?parent=7173"}],"curies":[{"name":"wp","href":"https:\/\/api.w.org\/{rel}","templated":true}]}}