    {"id":7151,"date":"2014-10-28T11:22:59","date_gmt":"2014-10-28T11:22:59","guid":{"rendered":"http:\/\/ausasteel.irantzu.com\/technische-angaben\/tolerancias-barra-perforada\/"},"modified":"2019-06-19T13:24:14","modified_gmt":"2019-06-19T13:24:14","slug":"toleranzen-perforierter-stab","status":"publish","type":"page","link":"https:\/\/www.ausasteel.com\/de\/technische-angaben\/toleranzen-perforierter-stab\/","title":{"rendered":"Toleranzen perforierter Stab"},"content":{"rendered":"<div class=\"wpb-content-wrapper\"><p>[vc_row el_class=&#8221;h2-nivel-3&#8243; margin_top=&#8221;0&#8243; margin_bottom=&#8221;0&#8243; padding_left=&#8221;40&#8243; padding_right=&#8221;40&#8243; bg_position=&#8221;top&#8221; bg_repeat=&#8221;no-repeat&#8221; bg_cover=&#8221;false&#8221; bg_attachment=&#8221;false&#8221; padding_top=&#8221;40&#8243; padding_bottom=&#8221;40&#8243; parallax_speed=&#8221;0.1&#8243;][vc_column width=&#8221;1\/1&#8243;][vc_column_text]<\/p>\n<h1>Toleranzen perforierter Stab<\/h1>\n<h3>Berechnung der Ma\u00dftoleranzen f\u00fcr die perforiert Stab<\/h3>\n<div class=\"bloque\">\n<h4>Geben Sie zwei Abmessungen f\u00fcr die Berechnung der Ma\u00dftoleranzen ein.<\/h4>\n<form>\n<table border=\"1\" width=\"100%\">\n<tbody>\n<tr>\n<th><strong>Au\u00dfendurchmesser<\/strong>*<\/th>\n<th><strong>Innendurchmesser<\/strong>**<\/th>\n<th><strong>Wandst\u00e4rke<\/strong>**<\/th>\n<\/tr>\n<tr>\n<td><input id=\"tol-dext\" name=\"textfield\" type=\"text\" \/><\/td>\n<td><input id=\"tol-dint\" name=\"textfield\" type=\"text\" \/><\/td>\n<td><input id=\"tol-pared\" name=\"textfield\" type=\"text\" \/><\/td>\n<\/tr>\n<\/tbody>\n<\/table>\n<p id=\"errormsgext\" style=\"text-align: center; display: none;\"><span style=\"color: red;\">Geben Sie den Au\u00dfendurchmesser den Innendurchmesser oder die Wand berechnen.<\/span><\/p>\n<p id=\"errormsgint\" style=\"text-align: center; display: none;\"><span style=\"color: red;\">Der Innendurchmesser kleiner als der Au\u00dfendurchmesser sein.<\/span><\/p>\n<p id=\"errormsgpared\" style=\"text-align: center; display: none;\"><span style=\"color: red;\">Die Wand muss kleiner als die \u00e4u\u00dferen und inneren Durchmesser.<\/span><\/p>\n<p class=\"content-btn\"><input id=\"calc-tolerancia-borrar\" class=\"btn_ausa\" type=\"button\" value=\"  Auswischen  \" \/><\/p>\n<\/form>\n<p><em><span style=\"font-size: 0.9em;\">* Pflichtfelder<\/span><\/em><br \/>\n<em><span style=\"font-size: 0.9em;\">** Sie m\u00fcssen eines der beiden Felder ausf\u00fcllen: Innendurchmesser oder Wand.<\/span><\/em>\n<\/div>\n<div class=\"bloque\">\n<h4>Laut Norm EN 10297-1 m\u00fcssen die kleinsten und gr\u00f6\u00dften Abmessungen der entsprechenden gebohrten Stange folgende sein:<\/h4>\n<form>\n<table border=\"1\" width=\"100%\">\n<tbody>\n<tr>\n<th>Toleranz Au\u00dfendurchmesser (-)<\/th>\n<th>Toleranz Au\u00dfendurchmesser (+)<\/th>\n<th>Toleranz Innendurchmesser (-)<\/th>\n<th>Toleranz Innendurchmesser (+)<\/th>\n<th>Toleranz Wand (-)<\/th>\n<th>Toleranz Wand (+)<\/th>\n<\/tr>\n<tr>\n<td><input id=\"tol-dext-min\" name=\"textfield\" type=\"text\" \/><\/td>\n<td><input id=\"tol-dext-max\" name=\"textfield\" type=\"text\" \/><\/td>\n<td><input id=\"tol-dint-min\" name=\"textfield\" type=\"text\" \/><\/td>\n<td><input id=\"tol-dint-max\" name=\"textfield\" type=\"text\" \/><\/td>\n<td><input id=\"tol-pared-min\" name=\"textfield\" type=\"text\" \/><\/td>\n<td><input id=\"tol-pared-max\" name=\"textfield\" type=\"text\" \/><\/td>\n<\/tr>\n<\/tbody>\n<\/table>\n<\/form>\n<\/div>\n<div class=\"row gris\" id=\"informacion_tecnica\">\n<div class=\"container\">\n<h2>Technische Angaben<\/h2>\n<p>[vc_widget_sidebar show_bg=&#8221;false&#8221; sidebar_id=&#8221;sidebar_26&#8243;]\n<\/p><\/div>\n<\/div>\n<\/div><!-- AddThis Advanced Settings generic via filter on the_content -->","protected":false},"excerpt":{"rendered":"<p>[vc_row el_class=&#8221;h2-nivel-3&#8243; margin_top=&#8221;0&#8243; margin_bottom=&#8221;0&#8243; padding_left=&#8221;40&#8243; padding_right=&#8221;40&#8243; bg_position=&#8221;top&#8221; bg_repeat=&#8221;no-repeat&#8221; bg_cover=&#8221;false&#8221; bg_attachment=&#8221;false&#8221; padding_top=&#8221;40&#8243; padding_bottom=&#8221;40&#8243; parallax_speed=&#8221;0.1&#8243;][vc_column width=&#8221;1\/1&#8243;][vc_column_text] Toleranzen perforierter Stab Berechnung der Ma\u00dftoleranzen f\u00fcr die perforiert Stab Geben Sie zwei Abmessungen f\u00fcr die Berechnung der Ma\u00dftoleranzen ein. Au\u00dfendurchmesser* Innendurchmesser** Wandst\u00e4rke** Geben Sie den Au\u00dfendurchmesser den Innendurchmesser oder die Wand berechnen. Der Innendurchmesser kleiner als der Au\u00dfendurchmesser sein. Die&hellip;<!-- AddThis Advanced Settings generic via filter on get_the_excerpt --><\/p>\n","protected":false},"author":1,"featured_media":0,"parent":5260,"menu_order":0,"comment_status":"closed","ping_status":"open","template":"","meta":{"footnotes":""},"class_list":["post-7151","page","type-page","status-publish","hentry"],"yoast_head":"<!-- This site is optimized with the Yoast SEO plugin v26.6 - https:\/\/yoast.com\/wordpress\/plugins\/seo\/ -->\n<title>Toleranzen perforierter Stab - AUSA Special Steels<\/title>\n<meta name=\"description\" content=\"Berechnung der Ma\u00dftoleranzen f\u00fcr die perforiert Stab. Geben Sie zwei Abmessungen f\u00fcr die Berechnung der Ma\u00dftoleranzen ein.\" \/>\n<meta name=\"robots\" content=\"index, follow, max-snippet:-1, max-image-preview:large, max-video-preview:-1\" \/>\n<link rel=\"canonical\" href=\"https:\/\/www.ausasteel.com\/de\/technische-angaben\/toleranzen-perforierter-stab\/\" \/>\n<meta property=\"og:locale\" content=\"de_DE\" \/>\n<meta property=\"og:type\" content=\"article\" \/>\n<meta property=\"og:title\" content=\"Toleranzen perforierter Stab - AUSA Special Steels\" \/>\n<meta property=\"og:description\" content=\"Berechnung der Ma\u00dftoleranzen f\u00fcr die perforiert Stab. Geben Sie zwei Abmessungen f\u00fcr die Berechnung der Ma\u00dftoleranzen ein.\" \/>\n<meta property=\"og:url\" content=\"https:\/\/www.ausasteel.com\/de\/technische-angaben\/toleranzen-perforierter-stab\/\" \/>\n<meta property=\"og:site_name\" content=\"AUSA special steels\" \/>\n<meta property=\"article:modified_time\" content=\"2019-06-19T13:24:14+00:00\" \/>\n<meta name=\"twitter:label1\" content=\"Est. reading time\" \/>\n\t<meta name=\"twitter:data1\" content=\"1 minute\" \/>\n<script type=\"application\/ld+json\" class=\"yoast-schema-graph\">{\"@context\":\"https:\/\/schema.org\",\"@graph\":[{\"@type\":\"WebPage\",\"@id\":\"https:\/\/www.ausasteel.com\/de\/technische-angaben\/toleranzen-perforierter-stab\/\",\"url\":\"https:\/\/www.ausasteel.com\/de\/technische-angaben\/toleranzen-perforierter-stab\/\",\"name\":\"Toleranzen perforierter Stab - AUSA Special Steels\",\"isPartOf\":{\"@id\":\"https:\/\/www.ausasteel.com\/de\/#website\"},\"datePublished\":\"2014-10-28T11:22:59+00:00\",\"dateModified\":\"2019-06-19T13:24:14+00:00\",\"description\":\"Berechnung der Ma\u00dftoleranzen f\u00fcr die perforiert Stab. Geben Sie zwei Abmessungen f\u00fcr die Berechnung der Ma\u00dftoleranzen ein.\",\"breadcrumb\":{\"@id\":\"https:\/\/www.ausasteel.com\/de\/technische-angaben\/toleranzen-perforierter-stab\/#breadcrumb\"},\"inLanguage\":\"de-DE\",\"potentialAction\":[{\"@type\":\"ReadAction\",\"target\":[\"https:\/\/www.ausasteel.com\/de\/technische-angaben\/toleranzen-perforierter-stab\/\"]}]},{\"@type\":\"BreadcrumbList\",\"@id\":\"https:\/\/www.ausasteel.com\/de\/technische-angaben\/toleranzen-perforierter-stab\/#breadcrumb\",\"itemListElement\":[{\"@type\":\"ListItem\",\"position\":1,\"name\":\"Portada\",\"item\":\"https:\/\/www.ausasteel.com\/de\/\"},{\"@type\":\"ListItem\",\"position\":2,\"name\":\"Technische Angaben\",\"item\":\"https:\/\/www.ausasteel.com\/de\/technische-angaben\/\"},{\"@type\":\"ListItem\",\"position\":3,\"name\":\"Toleranzen perforierter Stab\"}]},{\"@type\":\"WebSite\",\"@id\":\"https:\/\/www.ausasteel.com\/de\/#website\",\"url\":\"https:\/\/www.ausasteel.com\/de\/\",\"name\":\"AUSA special steels\",\"description\":\"AUSA special steels\",\"potentialAction\":[{\"@type\":\"SearchAction\",\"target\":{\"@type\":\"EntryPoint\",\"urlTemplate\":\"https:\/\/www.ausasteel.com\/de\/?s={search_term_string}\"},\"query-input\":{\"@type\":\"PropertyValueSpecification\",\"valueRequired\":true,\"valueName\":\"search_term_string\"}}],\"inLanguage\":\"de-DE\"}]}<\/script>\n<!-- \/ Yoast SEO plugin. -->","yoast_head_json":{"title":"Toleranzen perforierter Stab - AUSA Special Steels","description":"Berechnung der Ma\u00dftoleranzen f\u00fcr die perforiert Stab. Geben Sie zwei Abmessungen f\u00fcr die Berechnung der Ma\u00dftoleranzen ein.","robots":{"index":"index","follow":"follow","max-snippet":"max-snippet:-1","max-image-preview":"max-image-preview:large","max-video-preview":"max-video-preview:-1"},"canonical":"https:\/\/www.ausasteel.com\/de\/technische-angaben\/toleranzen-perforierter-stab\/","og_locale":"de_DE","og_type":"article","og_title":"Toleranzen perforierter Stab - AUSA Special Steels","og_description":"Berechnung der Ma\u00dftoleranzen f\u00fcr die perforiert Stab. Geben Sie zwei Abmessungen f\u00fcr die Berechnung der Ma\u00dftoleranzen ein.","og_url":"https:\/\/www.ausasteel.com\/de\/technische-angaben\/toleranzen-perforierter-stab\/","og_site_name":"AUSA special steels","article_modified_time":"2019-06-19T13:24:14+00:00","twitter_misc":{"Est. reading time":"1 minute"},"schema":{"@context":"https:\/\/schema.org","@graph":[{"@type":"WebPage","@id":"https:\/\/www.ausasteel.com\/de\/technische-angaben\/toleranzen-perforierter-stab\/","url":"https:\/\/www.ausasteel.com\/de\/technische-angaben\/toleranzen-perforierter-stab\/","name":"Toleranzen perforierter Stab - AUSA Special Steels","isPartOf":{"@id":"https:\/\/www.ausasteel.com\/de\/#website"},"datePublished":"2014-10-28T11:22:59+00:00","dateModified":"2019-06-19T13:24:14+00:00","description":"Berechnung der Ma\u00dftoleranzen f\u00fcr die perforiert Stab. Geben Sie zwei Abmessungen f\u00fcr die Berechnung der Ma\u00dftoleranzen ein.","breadcrumb":{"@id":"https:\/\/www.ausasteel.com\/de\/technische-angaben\/toleranzen-perforierter-stab\/#breadcrumb"},"inLanguage":"de-DE","potentialAction":[{"@type":"ReadAction","target":["https:\/\/www.ausasteel.com\/de\/technische-angaben\/toleranzen-perforierter-stab\/"]}]},{"@type":"BreadcrumbList","@id":"https:\/\/www.ausasteel.com\/de\/technische-angaben\/toleranzen-perforierter-stab\/#breadcrumb","itemListElement":[{"@type":"ListItem","position":1,"name":"Portada","item":"https:\/\/www.ausasteel.com\/de\/"},{"@type":"ListItem","position":2,"name":"Technische Angaben","item":"https:\/\/www.ausasteel.com\/de\/technische-angaben\/"},{"@type":"ListItem","position":3,"name":"Toleranzen perforierter Stab"}]},{"@type":"WebSite","@id":"https:\/\/www.ausasteel.com\/de\/#website","url":"https:\/\/www.ausasteel.com\/de\/","name":"AUSA special steels","description":"AUSA special steels","potentialAction":[{"@type":"SearchAction","target":{"@type":"EntryPoint","urlTemplate":"https:\/\/www.ausasteel.com\/de\/?s={search_term_string}"},"query-input":{"@type":"PropertyValueSpecification","valueRequired":true,"valueName":"search_term_string"}}],"inLanguage":"de-DE"}]}},"_links":{"self":[{"href":"https:\/\/www.ausasteel.com\/de\/wp-json\/wp\/v2\/pages\/7151","targetHints":{"allow":["GET"]}}],"collection":[{"href":"https:\/\/www.ausasteel.com\/de\/wp-json\/wp\/v2\/pages"}],"about":[{"href":"https:\/\/www.ausasteel.com\/de\/wp-json\/wp\/v2\/types\/page"}],"author":[{"embeddable":true,"href":"https:\/\/www.ausasteel.com\/de\/wp-json\/wp\/v2\/users\/1"}],"replies":[{"embeddable":true,"href":"https:\/\/www.ausasteel.com\/de\/wp-json\/wp\/v2\/comments?post=7151"}],"version-history":[{"count":15,"href":"https:\/\/www.ausasteel.com\/de\/wp-json\/wp\/v2\/pages\/7151\/revisions"}],"predecessor-version":[{"id":15623,"href":"https:\/\/www.ausasteel.com\/de\/wp-json\/wp\/v2\/pages\/7151\/revisions\/15623"}],"up":[{"embeddable":true,"href":"https:\/\/www.ausasteel.com\/de\/wp-json\/wp\/v2\/pages\/5260"}],"wp:attachment":[{"href":"https:\/\/www.ausasteel.com\/de\/wp-json\/wp\/v2\/media?parent=7151"}],"curies":[{"name":"wp","href":"https:\/\/api.w.org\/{rel}","templated":true}]}}