    {"id":7148,"date":"2014-10-28T11:24:06","date_gmt":"2014-10-28T11:24:06","guid":{"rendered":"http:\/\/ausasteel.irantzu.com\/technische-angaben\/calculadora-de-carbono-equivalente\/"},"modified":"2019-09-11T15:50:07","modified_gmt":"2019-09-11T15:50:07","slug":"berechnung-des-aquivalenten-kohlenstoffs","status":"publish","type":"page","link":"https:\/\/www.ausasteel.com\/de\/technische-angaben\/berechnung-des-aquivalenten-kohlenstoffs\/","title":{"rendered":"Berechnung des \u00e4quivalenten Kohlenstoffs"},"content":{"rendered":"<div class=\"wpb-content-wrapper\"><div class=\"row\">\n<div class=\"container\">\n<h1>Berechnung des \u00e4quivalenten Kohlenstoffs<\/h1>\n<\/div>\n<\/div>\n<p>[vc_row el_class=&#8221;h2-nivel-3&#8243; margin_top=&#8221;0&#8243; margin_bottom=&#8221;0&#8243; padding_left=&#8221;40&#8243; padding_right=&#8221;40&#8243; bg_position=&#8221;top&#8221; bg_repeat=&#8221;no-repeat&#8221; bg_cover=&#8221;false&#8221; bg_attachment=&#8221;false&#8221; padding_top=&#8221;40&#8243; padding_bottom=&#8221;40&#8243; parallax_speed=&#8221;0.1&#8243;][vc_column width=&#8221;1\/1&#8243;][vc_column_text]<strong>Mit Hilfe des Kohlenstoff\u00e4quivalent-Rechners kann die Schwei\u00dfbarkeit eines Stahls \u00fcberpr\u00fcft werden.<\/strong> Hierbei wird die Vorheiztemperatur bestimmt, wodurch man eine Abk\u00fchlungskurve erh\u00e4lt, um die Bildung zerbrechlicher Phasen zu vermeiden.[\/vc_column_text][\/vc_column][\/vc_row]<\/p>\n<h3>Geben Sie die Werte in % ein, um das CEV (Kohlenstoff\u00e4quivalent) zu berechnen<\/h3>\n<form id=\"formulario-calcular\">\n<table class=\"ea\" border=\"1\" width=\"100%\">\n<tbody>\n<tr>\n<th scope=\"col\" style=\"text-align: center; vertical-align: middle;\"><strong>C (Kohlenstoff)<\/strong><\/th>\n<th scope=\"col\" style=\"text-align: center; vertical-align: middle;\"><strong>Mn (Mangan)<\/strong><\/th>\n<th scope=\"col\" style=\"text-align: center; vertical-align: middle;\"><strong>Cr (Chrom)<\/strong><\/th>\n<th scope=\"col\" style=\"text-align: center; vertical-align: middle;\"><strong>Mo (Molybd\u00e4n)<\/strong><\/th>\n<th scope=\"col\" style=\"text-align: center; vertical-align: middle;\"><strong>V (Vanadium)<\/strong><\/th>\n<th scope=\"col\" style=\"text-align: center; vertical-align: middle;\"><strong>Cu (Kupfer)<\/strong><\/th>\n<th scope=\"col\" style=\"text-align: center; vertical-align: middle;\"><strong>Ni (Nickel)<\/strong><\/th>\n<th scope=\"col\" style=\"text-align: center; vertical-align: middle;\"><strong>CEV<\/strong><\/th>\n<\/tr>\n<tr>\n<td style=\"text-align: center; vertical-align: middle;\"><input id=\"E8\" name=\"textfield\" type=\"text\"><\/td>\n<td style=\"text-align: center; vertical-align: middle;\"><input id=\"E9\" name=\"textfield\" type=\"text\"><\/td>\n<td style=\"text-align: center; vertical-align: middle;\"><input id=\"E10\" name=\"textfield\" type=\"text\"><\/td>\n<td style=\"text-align: center; vertical-align: middle;\"><input id=\"E11\" name=\"textfield\" type=\"text\"><\/td>\n<td style=\"text-align: center; vertical-align: middle;\"><input id=\"E12\" name=\"textfield\" type=\"text\"><\/td>\n<td style=\"text-align: center; vertical-align: middle;\"><input id=\"E13\" name=\"textfield\" type=\"text\"><\/td>\n<td style=\"text-align: center; vertical-align: middle;\"><input id=\"E14\" name=\"textfield\" type=\"text\"><\/td>\n<td style=\"text-align: right; vertical-align: middle;\"><input id=\"resultado\" name=\"textfield\" type=\"text\" value=\"0.00\"><\/td>\n<\/tr>\n<\/tbody>\n<\/table>\n<p><span style=\"width: 10px; height: 10px; border-radius: 20%; background-color: #e74010; display: inline-block; margin-right: 6px; line-height: 8px;\">&nbsp;<\/span><span style=\"color: #b2360b;\">Geben Sie eine Null oder einen anderen Wert<\/span><\/p>\n<p class=\"content-btn\"><input id=\"calcularForm\" class=\"btn_ausa\" type=\"submit\" value=\"Ausrechnen\"><\/p>\n<\/form>\n<div class=\"row gris\" id=\"informacion_tecnica\">\n<div class=\"container\">\n<h2>Techhnische Angaben<\/h2>\n<p>[vc_widget_sidebar show_bg=&#8221;false&#8221; sidebar_id=&#8221;sidebar_26&#8243;]\n<\/p><\/div>\n<\/div>\n<\/div><!-- AddThis Advanced Settings generic via filter on the_content -->","protected":false},"excerpt":{"rendered":"<p>Berechnung des \u00e4quivalenten Kohlenstoffs [vc_row el_class=&#8221;h2-nivel-3&#8243; margin_top=&#8221;0&#8243; margin_bottom=&#8221;0&#8243; padding_left=&#8221;40&#8243; padding_right=&#8221;40&#8243; bg_position=&#8221;top&#8221; bg_repeat=&#8221;no-repeat&#8221; bg_cover=&#8221;false&#8221; bg_attachment=&#8221;false&#8221; padding_top=&#8221;40&#8243; padding_bottom=&#8221;40&#8243; parallax_speed=&#8221;0.1&#8243;][vc_column width=&#8221;1\/1&#8243;][vc_column_text]Mit Hilfe des Kohlenstoff\u00e4quivalent-Rechners kann die Schwei\u00dfbarkeit eines Stahls \u00fcberpr\u00fcft werden. Hierbei wird die Vorheiztemperatur bestimmt, wodurch man eine Abk\u00fchlungskurve erh\u00e4lt, um die Bildung zerbrechlicher Phasen zu vermeiden.[\/vc_column_text][\/vc_column][\/vc_row] Geben Sie die Werte in % ein, um das CEV&hellip;<!-- AddThis Advanced Settings generic via filter on get_the_excerpt --><\/p>\n","protected":false},"author":1,"featured_media":0,"parent":5260,"menu_order":0,"comment_status":"closed","ping_status":"open","template":"","meta":{"footnotes":""},"class_list":["post-7148","page","type-page","status-publish","hentry"],"yoast_head":"<!-- This site is optimized with the Yoast SEO plugin v26.6 - https:\/\/yoast.com\/wordpress\/plugins\/seo\/ -->\n<title>Berechnung des \u00e4quivalenten Kohlenstoffs - AUSA<\/title>\n<meta name=\"description\" content=\"Mit Hilfe des Kohlenstoff\u00e4quivalent-Rechners kann die Schwei\u00dfbarkeit eines Stahls \u00fcberpr\u00fcft werden. Hierbei wird die Vorheiztemperatur bestimmt wodurch...\" \/>\n<meta name=\"robots\" content=\"index, follow, max-snippet:-1, max-image-preview:large, max-video-preview:-1\" \/>\n<link rel=\"canonical\" href=\"https:\/\/www.ausasteel.com\/de\/technische-angaben\/berechnung-des-aquivalenten-kohlenstoffs\/\" \/>\n<meta property=\"og:locale\" content=\"de_DE\" \/>\n<meta property=\"og:type\" content=\"article\" \/>\n<meta property=\"og:title\" content=\"Berechnung des \u00e4quivalenten Kohlenstoffs - AUSA\" \/>\n<meta property=\"og:description\" content=\"Mit Hilfe des Kohlenstoff\u00e4quivalent-Rechners kann die Schwei\u00dfbarkeit eines Stahls \u00fcberpr\u00fcft werden. Hierbei wird die Vorheiztemperatur bestimmt wodurch...\" \/>\n<meta property=\"og:url\" content=\"https:\/\/www.ausasteel.com\/de\/technische-angaben\/berechnung-des-aquivalenten-kohlenstoffs\/\" \/>\n<meta property=\"og:site_name\" content=\"AUSA special steels\" \/>\n<meta property=\"article:modified_time\" content=\"2019-09-11T15:50:07+00:00\" \/>\n<meta name=\"twitter:label1\" content=\"Est. reading time\" \/>\n\t<meta name=\"twitter:data1\" content=\"1 minute\" \/>\n<script type=\"application\/ld+json\" class=\"yoast-schema-graph\">{\"@context\":\"https:\/\/schema.org\",\"@graph\":[{\"@type\":\"WebPage\",\"@id\":\"https:\/\/www.ausasteel.com\/de\/technische-angaben\/berechnung-des-aquivalenten-kohlenstoffs\/\",\"url\":\"https:\/\/www.ausasteel.com\/de\/technische-angaben\/berechnung-des-aquivalenten-kohlenstoffs\/\",\"name\":\"Berechnung des \u00e4quivalenten Kohlenstoffs - AUSA\",\"isPartOf\":{\"@id\":\"https:\/\/www.ausasteel.com\/de\/#website\"},\"datePublished\":\"2014-10-28T11:24:06+00:00\",\"dateModified\":\"2019-09-11T15:50:07+00:00\",\"description\":\"Mit Hilfe des Kohlenstoff\u00e4quivalent-Rechners kann die Schwei\u00dfbarkeit eines Stahls \u00fcberpr\u00fcft werden. Hierbei wird die Vorheiztemperatur bestimmt wodurch...\",\"breadcrumb\":{\"@id\":\"https:\/\/www.ausasteel.com\/de\/technische-angaben\/berechnung-des-aquivalenten-kohlenstoffs\/#breadcrumb\"},\"inLanguage\":\"de-DE\",\"potentialAction\":[{\"@type\":\"ReadAction\",\"target\":[\"https:\/\/www.ausasteel.com\/de\/technische-angaben\/berechnung-des-aquivalenten-kohlenstoffs\/\"]}]},{\"@type\":\"BreadcrumbList\",\"@id\":\"https:\/\/www.ausasteel.com\/de\/technische-angaben\/berechnung-des-aquivalenten-kohlenstoffs\/#breadcrumb\",\"itemListElement\":[{\"@type\":\"ListItem\",\"position\":1,\"name\":\"Portada\",\"item\":\"https:\/\/www.ausasteel.com\/de\/\"},{\"@type\":\"ListItem\",\"position\":2,\"name\":\"Technische Angaben\",\"item\":\"https:\/\/www.ausasteel.com\/de\/technische-angaben\/\"},{\"@type\":\"ListItem\",\"position\":3,\"name\":\"Berechnung des \u00e4quivalenten Kohlenstoffs\"}]},{\"@type\":\"WebSite\",\"@id\":\"https:\/\/www.ausasteel.com\/de\/#website\",\"url\":\"https:\/\/www.ausasteel.com\/de\/\",\"name\":\"AUSA special steels\",\"description\":\"AUSA special steels\",\"potentialAction\":[{\"@type\":\"SearchAction\",\"target\":{\"@type\":\"EntryPoint\",\"urlTemplate\":\"https:\/\/www.ausasteel.com\/de\/?s={search_term_string}\"},\"query-input\":{\"@type\":\"PropertyValueSpecification\",\"valueRequired\":true,\"valueName\":\"search_term_string\"}}],\"inLanguage\":\"de-DE\"}]}<\/script>\n<!-- \/ Yoast SEO plugin. -->","yoast_head_json":{"title":"Berechnung des \u00e4quivalenten Kohlenstoffs - AUSA","description":"Mit Hilfe des Kohlenstoff\u00e4quivalent-Rechners kann die Schwei\u00dfbarkeit eines Stahls \u00fcberpr\u00fcft werden. Hierbei wird die Vorheiztemperatur bestimmt wodurch...","robots":{"index":"index","follow":"follow","max-snippet":"max-snippet:-1","max-image-preview":"max-image-preview:large","max-video-preview":"max-video-preview:-1"},"canonical":"https:\/\/www.ausasteel.com\/de\/technische-angaben\/berechnung-des-aquivalenten-kohlenstoffs\/","og_locale":"de_DE","og_type":"article","og_title":"Berechnung des \u00e4quivalenten Kohlenstoffs - AUSA","og_description":"Mit Hilfe des Kohlenstoff\u00e4quivalent-Rechners kann die Schwei\u00dfbarkeit eines Stahls \u00fcberpr\u00fcft werden. Hierbei wird die Vorheiztemperatur bestimmt wodurch...","og_url":"https:\/\/www.ausasteel.com\/de\/technische-angaben\/berechnung-des-aquivalenten-kohlenstoffs\/","og_site_name":"AUSA special steels","article_modified_time":"2019-09-11T15:50:07+00:00","twitter_misc":{"Est. reading time":"1 minute"},"schema":{"@context":"https:\/\/schema.org","@graph":[{"@type":"WebPage","@id":"https:\/\/www.ausasteel.com\/de\/technische-angaben\/berechnung-des-aquivalenten-kohlenstoffs\/","url":"https:\/\/www.ausasteel.com\/de\/technische-angaben\/berechnung-des-aquivalenten-kohlenstoffs\/","name":"Berechnung des \u00e4quivalenten Kohlenstoffs - AUSA","isPartOf":{"@id":"https:\/\/www.ausasteel.com\/de\/#website"},"datePublished":"2014-10-28T11:24:06+00:00","dateModified":"2019-09-11T15:50:07+00:00","description":"Mit Hilfe des Kohlenstoff\u00e4quivalent-Rechners kann die Schwei\u00dfbarkeit eines Stahls \u00fcberpr\u00fcft werden. Hierbei wird die Vorheiztemperatur bestimmt wodurch...","breadcrumb":{"@id":"https:\/\/www.ausasteel.com\/de\/technische-angaben\/berechnung-des-aquivalenten-kohlenstoffs\/#breadcrumb"},"inLanguage":"de-DE","potentialAction":[{"@type":"ReadAction","target":["https:\/\/www.ausasteel.com\/de\/technische-angaben\/berechnung-des-aquivalenten-kohlenstoffs\/"]}]},{"@type":"BreadcrumbList","@id":"https:\/\/www.ausasteel.com\/de\/technische-angaben\/berechnung-des-aquivalenten-kohlenstoffs\/#breadcrumb","itemListElement":[{"@type":"ListItem","position":1,"name":"Portada","item":"https:\/\/www.ausasteel.com\/de\/"},{"@type":"ListItem","position":2,"name":"Technische Angaben","item":"https:\/\/www.ausasteel.com\/de\/technische-angaben\/"},{"@type":"ListItem","position":3,"name":"Berechnung des \u00e4quivalenten Kohlenstoffs"}]},{"@type":"WebSite","@id":"https:\/\/www.ausasteel.com\/de\/#website","url":"https:\/\/www.ausasteel.com\/de\/","name":"AUSA special steels","description":"AUSA special steels","potentialAction":[{"@type":"SearchAction","target":{"@type":"EntryPoint","urlTemplate":"https:\/\/www.ausasteel.com\/de\/?s={search_term_string}"},"query-input":{"@type":"PropertyValueSpecification","valueRequired":true,"valueName":"search_term_string"}}],"inLanguage":"de-DE"}]}},"_links":{"self":[{"href":"https:\/\/www.ausasteel.com\/de\/wp-json\/wp\/v2\/pages\/7148","targetHints":{"allow":["GET"]}}],"collection":[{"href":"https:\/\/www.ausasteel.com\/de\/wp-json\/wp\/v2\/pages"}],"about":[{"href":"https:\/\/www.ausasteel.com\/de\/wp-json\/wp\/v2\/types\/page"}],"author":[{"embeddable":true,"href":"https:\/\/www.ausasteel.com\/de\/wp-json\/wp\/v2\/users\/1"}],"replies":[{"embeddable":true,"href":"https:\/\/www.ausasteel.com\/de\/wp-json\/wp\/v2\/comments?post=7148"}],"version-history":[{"count":10,"href":"https:\/\/www.ausasteel.com\/de\/wp-json\/wp\/v2\/pages\/7148\/revisions"}],"predecessor-version":[{"id":15927,"href":"https:\/\/www.ausasteel.com\/de\/wp-json\/wp\/v2\/pages\/7148\/revisions\/15927"}],"up":[{"embeddable":true,"href":"https:\/\/www.ausasteel.com\/de\/wp-json\/wp\/v2\/pages\/5260"}],"wp:attachment":[{"href":"https:\/\/www.ausasteel.com\/de\/wp-json\/wp\/v2\/media?parent=7148"}],"curies":[{"name":"wp","href":"https:\/\/api.w.org\/{rel}","templated":true}]}}