    {"id":7116,"date":"2014-10-28T10:00:34","date_gmt":"2014-10-28T10:00:34","guid":{"rendered":"http:\/\/ausasteel.irantzu.com\/kalibrierten-stahlen\/kalibrierte-kohlenstoffstahle\/acero-calibrado-al-carbono-f1\/"},"modified":"2019-09-11T15:51:24","modified_gmt":"2019-09-11T15:51:24","slug":"kalibrierter-kohlenstoffstahl-f1","status":"publish","type":"page","link":"https:\/\/www.ausasteel.com\/de\/stahle\/kalibrierten-stahlen\/kalibrierte-kohlenstoffstahle\/kalibrierter-kohlenstoffstahl-f1\/","title":{"rendered":"Kalibrierter Kohlenstoffstahl F1"},"content":{"rendered":"<div class=\"row\">\n<div class=\"container\">\n<div>\n<h1>Kalibrierter Kohlenstoffstahl F1<\/h1>\n<h3><strong>Unkritische <\/strong>Teile mit begrenzten mechanischen Eigenschaften. Gute <strong>Schwei\u00dfbarkeit <\/strong>und <strong>zementierbar<\/strong>.<\/h3>\n<\/div>\n<div class=\"caja_bloques\">\n<div class=\"col-md-5\">\n<div class=\"bloque\">\n<h4>ABMESSUNGEN AUF LAGER (in mm.)<\/h4>\n<ul>\n<li><img decoding=\"async\" src=\"\/wp-content\/uploads\/2014\/10\/circulo.png\" alt=\"circle\" \/><span>5-100<\/span><\/li>\n<li><img decoding=\"async\" src=\"\/wp-content\/uploads\/2014\/10\/cuadrado.png\" alt=\"square\"\/><span>4-100<\/span><\/li>\n<li><img decoding=\"async\" src=\"\/wp-content\/uploads\/2014\/10\/rectangulo2.png\" alt=\"narrow rectangle\" \/><span>10X3 \u2013 200X60<\/span><\/li>\n<\/ul>\n<\/div>\n<div class=\"bloque\">\n<h4>ANWENDUNGSNORM<\/h4>\n<p>EN 10277-2<\/p>\n<\/div>\n<div class=\"bloque\">\n<h4>FARBCODE<\/h4>\n<div class=\"figura\" style=\"width: 50px;height: 50px;border: 2px solid #808080 ;border-radius: 50%;position: relative;background:white;\"><div><span style=\"position: absolute;display:inline-block;width:0;height:0;line-height:0;border:25px solid none;border-left:none;border-bottom-right-radius:50px;border-top-right-radius:50px;left:25px;top:0px\"><\/span><span style=\"position: absolute;display:inline-block;width:0;height:0;line-height:0;border:25px solid none;border-right:none;border-bottom-left-radius:50px;border-top-left-radius:50px;left:0px;top:0px\"><\/span><\/div><div style=\"width: 30px;height: 30px;border-radius: 50%;position: absolute;top: 10px;left: 10px;background: none;z-index: 3;\"><\/div><div style=\"width: 8px;height: 50px;display: block;position: absolute;z-index: 3;top: 50%;left: 50%;margin: -25px 0 0 -4px;background:none;\"><\/div><\/div><\/div>\n<\/div>\n<div class=\"col-md-7\">\n<div class=\"bloque\">\n<h4>BESCHREIBUNG UND H\u00c4UFIGSTE ANWENDUNGEN<\/h4>\n<p>Seine h\u00e4ufigsten <strong>Anwendungen<\/strong> sind Nieten, Bolzen, Rohre und Metallger\u00fcste.<\/p>\n<div class=\"galeria_ficha\">\n<div class=\"previsualizacion\">\n<img decoding=\"async\" id=\"preview\" src=\"\/wp-content\/uploads\/2014\/10\/Acero-Calibrado-Carbono-F1-1.png\" alt=\"Kalibrierter Kohlenstoffstahl F1 - AUSA\" title=\"Kalibrierter Kohlenstoffstahl F1 - AUSA\"><a class=\"wp-colorbox-image\" href=\"\/wp-content\/uploads\/2014\/10\/Acero-Calibrado-Carbono-F1-1.png\" data-rel=\"lightbox-gallery-G9o5btcD\" data-rl_title=\"\" data-rl_caption=\"\" title=\"\"><\/a>\n<\/div>\n<div class=\"miniaturas\">\n<img decoding=\"async\" class=\"thumbnail active\" onclick=\"showGallery(event)\" src=\"\/wp-content\/uploads\/2014\/10\/Acero-Calibrado-Carbono-F1-1.png\" alt=\"Kalibrierter Kohlenstoffstahl F1 - AUSA\" title=\"Kalibrierter Kohlenstoffstahl F1 - AUSA\" ><br \/>\n<img decoding=\"async\" class=\"thumbnail\" onclick=\"showGallery(event)\" src=\"\/wp-content\/uploads\/2014\/10\/Acero-Calibrado-Carbono-F1-2.png\" alt=\"Kalibrierter Kohlenstoffstahl F1 - AUSA\" title=\"Kalibrierter Kohlenstoffstahl F1 - AUSA\"><br \/>\n<img decoding=\"async\" class=\"thumbnail\" onclick=\"showGallery(event)\" src=\"\/wp-content\/uploads\/2014\/10\/Acero-Calibrado-Carbono-F13.png\" alt=\"Kalibrierter Kohlenstoffstahl F1 - AUSA\" title=\"Kalibrierter Kohlenstoffstahl F1 - AUSA\"><br \/>\n<img decoding=\"async\" class=\"thumbnail\" onclick=\"showGallery(event)\" src=\"\/wp-content\/uploads\/2015\/05\/Acero-Calibrado-Carbono-F1-AUSA.png\" alt=\"Kalibrierter Kohlenstoffstahl F1 - AUSA\" title=\"Kalibrierter Kohlenstoffstahl F1 - AUSA\">\n<\/div>\n<\/div>\n<\/div>\n<\/div>\n<\/div>\n<\/div>\n<\/div>\n<div class=\"row\">\n<div class=\"container caja_tablas\">\n<div class=\"selectores\">\n<button class=\"selector_tab active\" onclick=\"openTab(event,'t_composicion')\">Chemische Zusammensetzung<\/button><br \/>\n<button class=\"selector_tab\" onclick=\"openTab(event,'t_caracteristicas')\">Mechanische Eigenschaften<\/button><br \/>\n<button class=\"selector_tab\" onclick=\"openTab(event,'t_equivalencias')\">Ungef\u00e4hre \u00e4quivalenzen<\/button><br \/>\n<button class=\"selector_tab\" onclick=\"openTab(event,'t_suministros')\">Ungef\u00e4hre \u00e4quivalenzen<\/button>\n<\/div>\n<div id=\"t_composicion\" class=\"tab\">\n<table class=\"footable\" border=\"1\" width=\"100%\">\n<tbody>\n<tr>\n<th scope=\"col\" style=\"text-align: center; vertical-align: middle;\"><\/th>\n<th scope=\"col\" style=\"text-align: center; vertical-align: middle;\"><strong>C<\/strong><\/th>\n<th scope=\"col\" style=\"text-align: center; vertical-align: middle;\"><strong>Mn<\/strong><\/th>\n<th scope=\"col\" style=\"text-align: center; vertical-align: middle;\"><strong>Si<\/strong><\/th>\n<th scope=\"col\" style=\"text-align: center; vertical-align: middle;\"><strong>P<\/strong><\/th>\n<th scope=\"col\" style=\"text-align: center; vertical-align: middle;\"><strong>S<\/strong><\/th>\n<\/tr>\n<tr>\n<td style=\"text-align: center; vertical-align: middle;\"><strong>Min.<\/strong><\/td>\n<td style=\"text-align: center; vertical-align: middle;\"><\/td>\n<td style=\"text-align: center; vertical-align: middle;\">0,30<\/td>\n<td style=\"text-align: center; vertical-align: middle;\"><\/td>\n<td style=\"text-align: center; vertical-align: middle;\"><\/td>\n<td style=\"text-align: center; vertical-align: middle;\"><\/td>\n<\/tr>\n<tr>\n<td style=\"text-align: center; vertical-align: middle;\"><strong>Max.<\/strong><\/td>\n<td style=\"text-align: center; vertical-align: middle;\">0,20<\/td>\n<td style=\"text-align: center; vertical-align: middle;\">0,80<\/td>\n<td style=\"text-align: center; vertical-align: middle;\">0,40<\/td>\n<td style=\"text-align: center; vertical-align: middle;\">0,045<\/td>\n<td style=\"text-align: center; vertical-align: middle;\">0,045<\/td>\n<\/tr>\n<\/tbody>\n<\/table>\n<\/div>\n<div id=\"t_caracteristicas\" class=\"tab\" style=\"display:none;\">\n<table border=\"1\" width=\"100%\">\n<tbody>\n<tr>\n<th colspan=\"2\" style=\"text-align: center; vertical-align: middle;\"><strong>Abmessungen<\/strong><\/th>\n<th style=\"text-align: center; vertical-align: middle;\"><strong>Re (N\/mm<sup>2<\/sup>)<\/strong><\/th>\n<th colspan=\"2\" style=\"text-align: center; vertical-align: middle; width: 199px;\"><strong>Rm (N\/mm<sup>2<\/sup>)<\/strong><\/th>\n<th style=\"text-align: center; vertical-align: middle;\"><strong>A (%)<\/strong><\/th>\n<\/tr>\n<tr>\n<td class=\"gris\" colspan=\"2\" style=\"text-align: center; vertical-align: middle;\"><strong>Mm.<\/strong><\/td>\n<td class=\"gris\" style=\"text-align: center; vertical-align: middle;\"><strong>Min.<\/strong><\/td>\n<td class=\"gris\" style=\"text-align: center; vertical-align: middle;\"><strong>Min.<\/strong><\/td>\n<td class=\"gris\" style=\"text-align: center; vertical-align: middle;\"><strong>Max.<\/strong><\/td>\n<td class=\"gris\" style=\"text-align: center; vertical-align: middle;\"><strong>Min.<\/strong><\/td>\n<\/tr>\n<tr>\n<td style=\"text-align: center; vertical-align: middle; white-space: nowrap;\">\u2265 5<\/td>\n<td style=\"text-align: center; vertical-align: middle; white-space: nowrap;\">\u2264 10<\/td>\n<td style=\"text-align: center; vertical-align: middle;\">380<\/td>\n<td style=\"text-align: center; vertical-align: middle;\">500<\/td>\n<td style=\"text-align: center; vertical-align: middle; white-space: nowrap;\">800<\/td>\n<td style=\"text-align: center; vertical-align: middle; white-space: nowrap;\">8<\/td>\n<\/tr>\n<tr>\n<td style=\"text-align: center; vertical-align: middle; white-space: nowrap;\">&gt; 10<\/td>\n<td style=\"text-align: center; vertical-align: middle; white-space: nowrap;\">\u2264 16<\/td>\n<td style=\"text-align: center; vertical-align: middle;\">340<\/td>\n<td style=\"text-align: center; vertical-align: middle;\">480<\/td>\n<td style=\"text-align: center; vertical-align: middle; white-space: nowrap;\">770<\/td>\n<td style=\"text-align: center; vertical-align: middle; white-space: nowrap;\">9<\/td>\n<\/tr>\n<tr>\n<td style=\"text-align: center; vertical-align: middle; white-space: nowrap;\">&gt; 16<\/td>\n<td style=\"text-align: center; vertical-align: middle; white-space: nowrap;\">\u2264 40<\/td>\n<td style=\"text-align: center; vertical-align: middle; white-space: nowrap;\">280<\/td>\n<td style=\"text-align: center; vertical-align: middle;\">430<\/td>\n<td style=\"text-align: center; vertical-align: middle; white-space: nowrap;\">730<\/td>\n<td style=\"text-align: center; vertical-align: middle; white-space: nowrap;\">10<\/td>\n<\/tr>\n<tr>\n<td style=\"text-align: center; vertical-align: middle; white-space: nowrap;\">&gt; 40<\/td>\n<td style=\"text-align: center; vertical-align: middle; white-space: nowrap;\">\u2264 63<\/td>\n<td style=\"text-align: center; vertical-align: middle; white-space: nowrap;\">240<\/td>\n<td style=\"text-align: center; vertical-align: middle;\">380<\/td>\n<td style=\"text-align: center; vertical-align: middle; white-space: nowrap;\">670<\/td>\n<td style=\"text-align: center; vertical-align: middle; white-space: nowrap;\">11<\/td>\n<\/tr>\n<tr>\n<td style=\"text-align: center; vertical-align: middle; white-space: nowrap;\">&gt;63<\/td>\n<td style=\"text-align: center; vertical-align: middle; white-space: nowrap;\">\u2264 100<\/td>\n<td style=\"text-align: center; vertical-align: middle; white-space: nowrap;\">215<\/td>\n<td style=\"text-align: center; vertical-align: middle;\">360<\/td>\n<td style=\"text-align: center; vertical-align: middle; white-space: nowrap;\">600<\/td>\n<td style=\"text-align: center; vertical-align: middle; white-space: nowrap;\">12<\/td>\n<\/tr>\n<\/tbody>\n<\/table>\n<\/div>\n<div id=\"t_equivalencias\" class=\"tab\" style=\"display: none;\">\n<table class=\"ea\" border=\"1\" width=\"100%\">\n<tbody>\n<tr>\n<th scope=\"col\" style=\"text-align: center; vertical-align: middle;\"><strong>EN<\/strong><\/th>\n<th scope=\"col\" style=\"text-align: center; vertical-align: middle;\"><strong>DIN<\/strong><\/th>\n<th scope=\"col\" style=\"text-align: center; vertical-align: middle;\"><strong>N\u00ba Stand<\/strong><\/th>\n<th scope=\"col\" style=\"text-align: center; vertical-align: middle;\"><strong>UNE<\/strong><\/th>\n<th scope=\"col\" style=\"text-align: center; vertical-align: middle;\"><strong>STAS<\/strong><\/th>\n<th scope=\"col\" style=\"text-align: center; vertical-align: middle;\"><strong>AFNOR<\/strong><\/th>\n<th scope=\"col\" style=\"text-align: center; vertical-align: middle;\"><strong>BS<\/strong><\/th>\n<th scope=\"col\" style=\"text-align: center; vertical-align: middle;\"><strong>UNI<\/strong><\/th>\n<th scope=\"col\" style=\"text-align: center; vertical-align: middle;\"><strong>AISI\/SAE<\/strong><\/th>\n<th scope=\"col\" style=\"text-align: center; vertical-align: middle;\"><strong>GOST<\/strong><\/th>\n<\/tr>\n<tr>\n<td style=\"text-align: center; vertical-align: middle;\"><\/td>\n<td style=\"text-align: center; vertical-align: middle;\"><\/td>\n<td style=\"text-align: center; vertical-align: middle;\"><\/td>\n<td style=\"text-align: center; vertical-align: middle;\"><\/td>\n<td style=\"text-align: center; vertical-align: middle;\"><\/td>\n<td style=\"text-align: center; vertical-align: middle;\"><\/td>\n<td style=\"text-align: center; vertical-align: middle;\"><\/td>\n<td style=\"text-align: center; vertical-align: middle;\"><\/td>\n<td style=\"text-align: center; vertical-align: middle;\"><\/td>\n<td style=\"text-align: center; vertical-align: middle;\">18\u0413<\/td>\n<\/tr>\n<\/tbody>\n<\/table>\n<\/div>\n<div id=\"t_suministros\" class=\"tab\" style=\"display: none;\">\n<table class=\"ea\" border=\"1\" width=\"100%\">\n<tbody>\n<tr>\n<th style=\"text-align: center; vertical-align: middle; white-space: nowrap;\"><strong>Qualit\u00e4t<\/strong><\/th>\n<th style=\"text-align: center; vertical-align: middle; white-space: nowrap;\"><strong>Profil<\/strong><\/th>\n<th style=\"text-align: center; vertical-align: middle; white-space: nowrap;\"><strong>Toleranz<\/strong><\/th>\n<th style=\"text-align: center; vertical-align: middle; white-space: nowrap;\"><strong>L\u00e4nge, mm.<\/strong><\/th>\n<th style=\"text-align: center; vertical-align: middle; white-space: nowrap;\"><strong>Paketgewicht , kg min.<\/strong><\/th>\n<\/tr>\n<tr>\n<td style=\"text-align: center; vertical-align: middle;\">F1<\/td>\n<td style=\"text-align: center; vertical-align: middle;\"><img loading=\"lazy\" decoding=\"async\" class=\"aligncenter wp-image-634 size-full\" src=\"https:\/\/www.ausasteel.com\/wp-content\/uploads\/2014\/10\/circulo.png\" alt=\"circulo\" width=\"25\" height=\"25\"><\/td>\n<td style=\"text-align: center; vertical-align: middle;\">h9 \u2013 h10 \u2013 h11<\/td>\n<td style=\"text-align: center; vertical-align: middle;\">3.000 \u2013 6.000<\/td>\n<td style=\"text-align: center; vertical-align: middle;\">1.000-2.000<\/td>\n<\/tr>\n<tr>\n<td style=\"text-align: center; vertical-align: middle;\">F1<\/td>\n<td style=\"text-align: center; vertical-align: middle;\"><img loading=\"lazy\" decoding=\"async\" class=\"aligncenter wp-image-635 size-full\" src=\"https:\/\/www.ausasteel.com\/wp-content\/uploads\/2014\/10\/cuadrado.png\" alt=\"\" width=\"26\" height=\"27\"><\/td>\n<td style=\"text-align: center; vertical-align: middle;\">h11<\/td>\n<td style=\"text-align: center; vertical-align: middle;\">3.000 \u2013 6.000<\/td>\n<td style=\"text-align: center; vertical-align: middle;\">1.000<\/td>\n<\/tr>\n<tr>\n<td style=\"text-align: center; vertical-align: middle;\">F1<\/td>\n<td style=\"text-align: center; vertical-align: middle;\"><img loading=\"lazy\" decoding=\"async\" class=\"aligncenter wp-image-636 size-full\" src=\"https:\/\/www.ausasteel.com\/wp-content\/uploads\/2014\/10\/rectangulo.png\" alt=\"\" width=\"45\" height=\"27\"><\/td>\n<td style=\"text-align: center; vertical-align: middle;\">h11<\/td>\n<td style=\"text-align: center; vertical-align: middle;\">3.000 \u2013 6.000<\/td>\n<td style=\"text-align: center; vertical-align: middle;\">1.000<\/td>\n<\/tr>\n<\/tbody>\n<\/table>\n<\/div>\n<\/div>\n<div class=\"container ficha_descarga\">\n<a class=\"btn_ausa\" title=\"Technisches Datenblatt Kalibrierter Kohlenstoffstahl F1\" href=\"\/fichas\/Kalibrierter-Kohlenstoffstahl-F1-AUSA.pdf\" target=\"_blank\">Technisches Datenblatt Kalibrierter Kohlenstoffstahl F1<\/a>\n<\/div>\n<\/div>\n<div class=\"row informacion_tecnica_ficha\">\n<div class=\"container\">\n<ul>\n<li id=\"menu-item-7428\" class=\"calculadora-peso menu-item menu-item-type-post_type menu-item-object-page menu-item-7428\"><a href=\"https:\/\/www.ausasteel.com\/de\/technische-angaben\/gewichtsrechner\/\">Gewichtsrechner<\/a><\/li>\n<li id=\"menu-item-7429\" class=\"tolerancias-dimensionales menu-item menu-item-type-post_type menu-item-object-page menu-item-7429\"><a href=\"https:\/\/www.ausasteel.com\/de\/technische-angaben\/masstoleranzen\/\">Masstoleranzen<\/a><\/li>\n<\/ul>\n<\/div>\n<\/div>\n<div class=\"row relacionados\">\n<div class=\"contaienr\">\n<h2>Verwandte kalibrierte Kohlenstoffst\u00e4hle<\/h2>\n<p>[vc_widget_sidebar show_bg=&#8221;false&#8221; sidebar_id=&#8221;sidebar_24&#8243;]\n<\/p><\/div>\n<\/div><!-- AddThis Advanced Settings generic via filter on the_content -->","protected":false},"excerpt":{"rendered":"<p>Kalibrierter Kohlenstoffstahl F1 Unkritische Teile mit begrenzten mechanischen Eigenschaften. Gute Schwei\u00dfbarkeit und zementierbar. ABMESSUNGEN AUF LAGER (in mm.) 5-100 4-100 10X3 \u2013 200X60 ANWENDUNGSNORM EN 10277-2 FARBCODE BESCHREIBUNG UND H\u00c4UFIGSTE ANWENDUNGEN Seine h\u00e4ufigsten Anwendungen sind Nieten, Bolzen, Rohre und Metallger\u00fcste. Chemische Zusammensetzung Mechanische Eigenschaften Ungef\u00e4hre \u00e4quivalenzen Ungef\u00e4hre \u00e4quivalenzen C Mn Si P S Min. 0,30&hellip;<!-- AddThis Advanced Settings generic via filter on get_the_excerpt --><\/p>\n","protected":false},"author":1,"featured_media":0,"parent":6964,"menu_order":0,"comment_status":"closed","ping_status":"open","template":"","meta":{"footnotes":""},"class_list":["post-7116","page","type-page","status-publish","hentry"],"yoast_head":"<!-- This site is optimized with the Yoast SEO plugin v26.6 - https:\/\/yoast.com\/wordpress\/plugins\/seo\/ -->\n<title>Kalibrierter Kohlenstoffstahl F1 - AUSA Special Steels<\/title>\n<meta name=\"description\" content=\"Unkritische Teile mit begrenzten mechanischen Eigenschaften.Gute Schwei\u00dfbarkeit und zementierbar.\" \/>\n<meta name=\"robots\" content=\"index, follow, max-snippet:-1, max-image-preview:large, max-video-preview:-1\" \/>\n<link rel=\"canonical\" href=\"https:\/\/www.ausasteel.com\/de\/stahle\/kalibrierten-stahlen\/kalibrierte-kohlenstoffstahle\/kalibrierter-kohlenstoffstahl-f1\/\" \/>\n<meta property=\"og:locale\" content=\"de_DE\" \/>\n<meta property=\"og:type\" content=\"article\" \/>\n<meta property=\"og:title\" content=\"Kalibrierter Kohlenstoffstahl F1 - AUSA Special Steels\" \/>\n<meta property=\"og:description\" content=\"Unkritische Teile mit begrenzten mechanischen Eigenschaften.Gute Schwei\u00dfbarkeit und zementierbar.\" \/>\n<meta property=\"og:url\" content=\"https:\/\/www.ausasteel.com\/de\/stahle\/kalibrierten-stahlen\/kalibrierte-kohlenstoffstahle\/kalibrierter-kohlenstoffstahl-f1\/\" \/>\n<meta property=\"og:site_name\" content=\"AUSA special steels\" \/>\n<meta property=\"article:modified_time\" content=\"2019-09-11T15:51:24+00:00\" \/>\n<meta property=\"og:image\" content=\"https:\/\/www.ausasteel.com\/wp-content\/uploads\/2014\/10\/circulo.png\" \/>\n<meta name=\"twitter:label1\" content=\"Est. reading time\" \/>\n\t<meta name=\"twitter:data1\" content=\"1 minute\" \/>\n<script type=\"application\/ld+json\" class=\"yoast-schema-graph\">{\"@context\":\"https:\/\/schema.org\",\"@graph\":[{\"@type\":\"WebPage\",\"@id\":\"https:\/\/www.ausasteel.com\/de\/stahle\/kalibrierten-stahlen\/kalibrierte-kohlenstoffstahle\/kalibrierter-kohlenstoffstahl-f1\/\",\"url\":\"https:\/\/www.ausasteel.com\/de\/stahle\/kalibrierten-stahlen\/kalibrierte-kohlenstoffstahle\/kalibrierter-kohlenstoffstahl-f1\/\",\"name\":\"Kalibrierter Kohlenstoffstahl F1 - AUSA Special Steels\",\"isPartOf\":{\"@id\":\"https:\/\/www.ausasteel.com\/de\/#website\"},\"primaryImageOfPage\":{\"@id\":\"https:\/\/www.ausasteel.com\/de\/stahle\/kalibrierten-stahlen\/kalibrierte-kohlenstoffstahle\/kalibrierter-kohlenstoffstahl-f1\/#primaryimage\"},\"image\":{\"@id\":\"https:\/\/www.ausasteel.com\/de\/stahle\/kalibrierten-stahlen\/kalibrierte-kohlenstoffstahle\/kalibrierter-kohlenstoffstahl-f1\/#primaryimage\"},\"thumbnailUrl\":\"https:\/\/www.ausasteel.com\/wp-content\/uploads\/2014\/10\/circulo.png\",\"datePublished\":\"2014-10-28T10:00:34+00:00\",\"dateModified\":\"2019-09-11T15:51:24+00:00\",\"description\":\"Unkritische Teile mit begrenzten mechanischen Eigenschaften.Gute Schwei\u00dfbarkeit und zementierbar.\",\"breadcrumb\":{\"@id\":\"https:\/\/www.ausasteel.com\/de\/stahle\/kalibrierten-stahlen\/kalibrierte-kohlenstoffstahle\/kalibrierter-kohlenstoffstahl-f1\/#breadcrumb\"},\"inLanguage\":\"de-DE\",\"potentialAction\":[{\"@type\":\"ReadAction\",\"target\":[\"https:\/\/www.ausasteel.com\/de\/stahle\/kalibrierten-stahlen\/kalibrierte-kohlenstoffstahle\/kalibrierter-kohlenstoffstahl-f1\/\"]}]},{\"@type\":\"ImageObject\",\"inLanguage\":\"de-DE\",\"@id\":\"https:\/\/www.ausasteel.com\/de\/stahle\/kalibrierten-stahlen\/kalibrierte-kohlenstoffstahle\/kalibrierter-kohlenstoffstahl-f1\/#primaryimage\",\"url\":\"https:\/\/www.ausasteel.com\/wp-content\/uploads\/2014\/10\/circulo.png\",\"contentUrl\":\"https:\/\/www.ausasteel.com\/wp-content\/uploads\/2014\/10\/circulo.png\"},{\"@type\":\"BreadcrumbList\",\"@id\":\"https:\/\/www.ausasteel.com\/de\/stahle\/kalibrierten-stahlen\/kalibrierte-kohlenstoffstahle\/kalibrierter-kohlenstoffstahl-f1\/#breadcrumb\",\"itemListElement\":[{\"@type\":\"ListItem\",\"position\":1,\"name\":\"Portada\",\"item\":\"https:\/\/www.ausasteel.com\/de\/\"},{\"@type\":\"ListItem\",\"position\":2,\"name\":\"St\u00e4hle\",\"item\":\"https:\/\/www.ausasteel.com\/de\/stahle\/\"},{\"@type\":\"ListItem\",\"position\":3,\"name\":\"Kalibrierte St\u00e4hle\",\"item\":\"https:\/\/www.ausasteel.com\/de\/stahle\/kalibrierten-stahlen\/\"},{\"@type\":\"ListItem\",\"position\":4,\"name\":\"Kalibrierter Kohlenstoffst\u00e4hl\",\"item\":\"https:\/\/www.ausasteel.com\/de\/stahle\/kalibrierten-stahlen\/kalibrierte-kohlenstoffstahle\/\"},{\"@type\":\"ListItem\",\"position\":5,\"name\":\"Kalibrierter Kohlenstoffstahl F1\"}]},{\"@type\":\"WebSite\",\"@id\":\"https:\/\/www.ausasteel.com\/de\/#website\",\"url\":\"https:\/\/www.ausasteel.com\/de\/\",\"name\":\"AUSA special steels\",\"description\":\"AUSA special steels\",\"potentialAction\":[{\"@type\":\"SearchAction\",\"target\":{\"@type\":\"EntryPoint\",\"urlTemplate\":\"https:\/\/www.ausasteel.com\/de\/?s={search_term_string}\"},\"query-input\":{\"@type\":\"PropertyValueSpecification\",\"valueRequired\":true,\"valueName\":\"search_term_string\"}}],\"inLanguage\":\"de-DE\"}]}<\/script>\n<!-- \/ Yoast SEO plugin. -->","yoast_head_json":{"title":"Kalibrierter Kohlenstoffstahl F1 - AUSA Special Steels","description":"Unkritische Teile mit begrenzten mechanischen Eigenschaften.Gute Schwei\u00dfbarkeit und zementierbar.","robots":{"index":"index","follow":"follow","max-snippet":"max-snippet:-1","max-image-preview":"max-image-preview:large","max-video-preview":"max-video-preview:-1"},"canonical":"https:\/\/www.ausasteel.com\/de\/stahle\/kalibrierten-stahlen\/kalibrierte-kohlenstoffstahle\/kalibrierter-kohlenstoffstahl-f1\/","og_locale":"de_DE","og_type":"article","og_title":"Kalibrierter Kohlenstoffstahl F1 - AUSA Special Steels","og_description":"Unkritische Teile mit begrenzten mechanischen Eigenschaften.Gute Schwei\u00dfbarkeit und zementierbar.","og_url":"https:\/\/www.ausasteel.com\/de\/stahle\/kalibrierten-stahlen\/kalibrierte-kohlenstoffstahle\/kalibrierter-kohlenstoffstahl-f1\/","og_site_name":"AUSA special steels","article_modified_time":"2019-09-11T15:51:24+00:00","og_image":[{"url":"https:\/\/www.ausasteel.com\/wp-content\/uploads\/2014\/10\/circulo.png","type":"","width":"","height":""}],"twitter_misc":{"Est. reading time":"1 minute"},"schema":{"@context":"https:\/\/schema.org","@graph":[{"@type":"WebPage","@id":"https:\/\/www.ausasteel.com\/de\/stahle\/kalibrierten-stahlen\/kalibrierte-kohlenstoffstahle\/kalibrierter-kohlenstoffstahl-f1\/","url":"https:\/\/www.ausasteel.com\/de\/stahle\/kalibrierten-stahlen\/kalibrierte-kohlenstoffstahle\/kalibrierter-kohlenstoffstahl-f1\/","name":"Kalibrierter Kohlenstoffstahl F1 - AUSA Special Steels","isPartOf":{"@id":"https:\/\/www.ausasteel.com\/de\/#website"},"primaryImageOfPage":{"@id":"https:\/\/www.ausasteel.com\/de\/stahle\/kalibrierten-stahlen\/kalibrierte-kohlenstoffstahle\/kalibrierter-kohlenstoffstahl-f1\/#primaryimage"},"image":{"@id":"https:\/\/www.ausasteel.com\/de\/stahle\/kalibrierten-stahlen\/kalibrierte-kohlenstoffstahle\/kalibrierter-kohlenstoffstahl-f1\/#primaryimage"},"thumbnailUrl":"https:\/\/www.ausasteel.com\/wp-content\/uploads\/2014\/10\/circulo.png","datePublished":"2014-10-28T10:00:34+00:00","dateModified":"2019-09-11T15:51:24+00:00","description":"Unkritische Teile mit begrenzten mechanischen Eigenschaften.Gute Schwei\u00dfbarkeit und zementierbar.","breadcrumb":{"@id":"https:\/\/www.ausasteel.com\/de\/stahle\/kalibrierten-stahlen\/kalibrierte-kohlenstoffstahle\/kalibrierter-kohlenstoffstahl-f1\/#breadcrumb"},"inLanguage":"de-DE","potentialAction":[{"@type":"ReadAction","target":["https:\/\/www.ausasteel.com\/de\/stahle\/kalibrierten-stahlen\/kalibrierte-kohlenstoffstahle\/kalibrierter-kohlenstoffstahl-f1\/"]}]},{"@type":"ImageObject","inLanguage":"de-DE","@id":"https:\/\/www.ausasteel.com\/de\/stahle\/kalibrierten-stahlen\/kalibrierte-kohlenstoffstahle\/kalibrierter-kohlenstoffstahl-f1\/#primaryimage","url":"https:\/\/www.ausasteel.com\/wp-content\/uploads\/2014\/10\/circulo.png","contentUrl":"https:\/\/www.ausasteel.com\/wp-content\/uploads\/2014\/10\/circulo.png"},{"@type":"BreadcrumbList","@id":"https:\/\/www.ausasteel.com\/de\/stahle\/kalibrierten-stahlen\/kalibrierte-kohlenstoffstahle\/kalibrierter-kohlenstoffstahl-f1\/#breadcrumb","itemListElement":[{"@type":"ListItem","position":1,"name":"Portada","item":"https:\/\/www.ausasteel.com\/de\/"},{"@type":"ListItem","position":2,"name":"St\u00e4hle","item":"https:\/\/www.ausasteel.com\/de\/stahle\/"},{"@type":"ListItem","position":3,"name":"Kalibrierte St\u00e4hle","item":"https:\/\/www.ausasteel.com\/de\/stahle\/kalibrierten-stahlen\/"},{"@type":"ListItem","position":4,"name":"Kalibrierter Kohlenstoffst\u00e4hl","item":"https:\/\/www.ausasteel.com\/de\/stahle\/kalibrierten-stahlen\/kalibrierte-kohlenstoffstahle\/"},{"@type":"ListItem","position":5,"name":"Kalibrierter Kohlenstoffstahl F1"}]},{"@type":"WebSite","@id":"https:\/\/www.ausasteel.com\/de\/#website","url":"https:\/\/www.ausasteel.com\/de\/","name":"AUSA special steels","description":"AUSA special steels","potentialAction":[{"@type":"SearchAction","target":{"@type":"EntryPoint","urlTemplate":"https:\/\/www.ausasteel.com\/de\/?s={search_term_string}"},"query-input":{"@type":"PropertyValueSpecification","valueRequired":true,"valueName":"search_term_string"}}],"inLanguage":"de-DE"}]}},"_links":{"self":[{"href":"https:\/\/www.ausasteel.com\/de\/wp-json\/wp\/v2\/pages\/7116","targetHints":{"allow":["GET"]}}],"collection":[{"href":"https:\/\/www.ausasteel.com\/de\/wp-json\/wp\/v2\/pages"}],"about":[{"href":"https:\/\/www.ausasteel.com\/de\/wp-json\/wp\/v2\/types\/page"}],"author":[{"embeddable":true,"href":"https:\/\/www.ausasteel.com\/de\/wp-json\/wp\/v2\/users\/1"}],"replies":[{"embeddable":true,"href":"https:\/\/www.ausasteel.com\/de\/wp-json\/wp\/v2\/comments?post=7116"}],"version-history":[{"count":10,"href":"https:\/\/www.ausasteel.com\/de\/wp-json\/wp\/v2\/pages\/7116\/revisions"}],"predecessor-version":[{"id":15952,"href":"https:\/\/www.ausasteel.com\/de\/wp-json\/wp\/v2\/pages\/7116\/revisions\/15952"}],"up":[{"embeddable":true,"href":"https:\/\/www.ausasteel.com\/de\/wp-json\/wp\/v2\/pages\/6964"}],"wp:attachment":[{"href":"https:\/\/www.ausasteel.com\/de\/wp-json\/wp\/v2\/media?parent=7116"}],"curies":[{"name":"wp","href":"https:\/\/api.w.org\/{rel}","templated":true}]}}