    {"id":7113,"date":"2014-10-28T09:52:26","date_gmt":"2014-10-28T09:52:26","guid":{"rendered":"http:\/\/ausasteel.irantzu.com\/kalibrierten-stahlen\/kalibrierte-stahle-leichter-bearbeitung\/acero-calibrado-de-facil-mecanizacion-11smnpb37\/"},"modified":"2019-09-11T15:52:08","modified_gmt":"2019-09-11T15:52:08","slug":"kalibrierter-stahl-leichter-bearbeitung-11smnpb37","status":"publish","type":"page","link":"https:\/\/www.ausasteel.com\/de\/stahle\/kalibrierten-stahlen\/kalibrierte-stahle-leichter-bearbeitung\/kalibrierter-stahl-leichter-bearbeitung-11smnpb37\/","title":{"rendered":"Kalibrierter  Stahl leichter Bearbeitung 11SMnPb37"},"content":{"rendered":"<div class=\"row\">\n<div class=\"container\">\n<div>\n<h1>Kalibrierter  Stahl leichter Bearbeitung 11SMnPb37<\/h1>\n<h3>R\u00fcckgeschwefelter Stahl mit Bleizusatz <strong>verbesserter Bearbeitbarkeit<\/strong>, besser als 11SMnPb30.<\/h3>\n<\/div>\n<div class=\"caja_bloques\">\n<div class=\"col-md-5\">\n<div class=\"bloque\">\n<h4>ABMESSUNGEN AUF LAGER (in mm.)<\/h4>\n<ul>\n<li><img decoding=\"async\" src=\"\/wp-content\/uploads\/2014\/10\/circulo.png\" alt=\"circle\" \/><span>5-100<\/span><\/li>\n<\/ul>\n<\/div>\n<div class=\"bloque\">\n<h4>ANWENDUNGSNORM<\/h4>\n<p>EN 10277-3<\/p>\n<\/div>\n<div class=\"bloque\">\n<h4>FARBCODE<\/h4>\n<div class=\"figura\" style=\"width: 50px;height: 50px;border: 2px solid #808080 ;border-radius: 50%;position: relative;background:green;\"><div><span style=\"position: absolute;display:inline-block;width:0;height:0;line-height:0;border:25px solid none;border-left:none;border-bottom-right-radius:50px;border-top-right-radius:50px;left:25px;top:0px\"><\/span><span style=\"position: absolute;display:inline-block;width:0;height:0;line-height:0;border:25px solid none;border-right:none;border-bottom-left-radius:50px;border-top-left-radius:50px;left:0px;top:0px\"><\/span><\/div><div style=\"width: 30px;height: 30px;border-radius: 50%;position: absolute;top: 10px;left: 10px;background: none;z-index: 3;\"><\/div><div style=\"width: 8px;height: 50px;display: block;position: absolute;z-index: 3;top: 50%;left: 50%;margin: -25px 0 0 -4px;background:none;\"><\/div><\/div><\/div>\n<\/div>\n<div class=\"col-md-7\">\n<div class=\"bloque\">\n<h4>BESCHREIBUNG UND H\u00c4UFIGSTE ANWENDUNGEN<\/h4>\n<p>Er wird in<strong> vielen Anwendungen<\/strong> eingesetzt, die keine gro\u00dfen mechanischen Anforderungen stellen.<\/p>\n<p>Seine h\u00e4ufigsten <strong>Anwendungen<\/strong> sind Schrauben, Bolzen, H\u00fclsen, Verbindungsst\u00fccke und Scheiben.<\/p>\n<div class=\"galeria_ficha\">\n<div class=\"previsualizacion\">\n<img decoding=\"async\" id=\"preview\" src=\"\/wp-content\/uploads\/2014\/10\/Acero-Calibrado-11SMnPb37-1.png\" alt=\"Kalibrierter Stahl leichter Bearbeitung 11SMnPb37 - AUSA\" title=\"Kalibrierter Stahl leichter Bearbeitung 11SMnPb37 - AUSA\"><a class=\"wp-colorbox-image\" href=\"\/wp-content\/uploads\/2014\/10\/Acero-Calibrado-11SMnPb37-1.png\" data-rel=\"lightbox-gallery-K5jz5NWE\" data-rl_title=\"\" data-rl_caption=\"\" title=\"\"><\/a>\n<\/div>\n<div class=\"miniaturas\">\n<img decoding=\"async\" class=\"thumbnail active\" onclick=\"showGallery(event)\" src=\"\/wp-content\/uploads\/2014\/10\/Acero-Calibrado-11SMnPb37-1.png\" alt=\"Kalibrierter Stahl leichter Bearbeitung 11SMnPb37 - AUSAA\" title=\"Kalibrierter Stahl leichter Bearbeitung 11SMnPb37 - AUSA\" ><br \/>\n<img decoding=\"async\" class=\"thumbnail\" onclick=\"showGallery(event)\" src=\"\/wp-content\/uploads\/2014\/10\/Acero-Calibrado-11SMnPb37-2.png\" alt=\"Kalibrierter Stahl leichter Bearbeitung 11SMnPb37 - AUSA\" title=\"Kalibrierter Stahl leichter Bearbeitung 11SMnPb37 - AUSA\"><br \/>\n<img decoding=\"async\" class=\"thumbnail\" onclick=\"showGallery(event)\" src=\"\/wp-content\/uploads\/2014\/10\/Acero-Calibrado-11SMnPb37-3.png\" alt=\"Kalibrierter Stahl leichter Bearbeitung 11SMnPb37 - AUSA\" title=\"Kalibrierter Stahl leichter Bearbeitung 11SMnPb37 - AUSA\"><br \/>\n<img decoding=\"async\" class=\"thumbnail\" onclick=\"showGallery(event)\" src=\"\/wp-content\/uploads\/2015\/05\/Acero-Calibrado-11SMnPb37-AUSA.png\" alt=\"Kalibrierter Stahl leichter Bearbeitung 11SMnPb37 - AUSA\" title=\"Kalibrierter Stahl leichter Bearbeitung 11SMnPb37 - AUSA\">\n<\/div>\n<\/div>\n<\/div>\n<\/div>\n<\/div>\n<\/div>\n<\/div>\n<div class=\"row\">\n<div class=\"container caja_tablas\">\n<div class=\"selectores\">\n<button class=\"selector_tab active\" onclick=\"openTab(event,'t_composicion')\">Chemische Zusammensetzung<\/button><br \/>\n<button class=\"selector_tab\" onclick=\"openTab(event,'t_caracteristicas')\">Mechanische Eigenschaften<\/button><br \/>\n<button class=\"selector_tab\" onclick=\"openTab(event,'t_equivalencias')\">Ungef\u00e4hre \u00e4quivalenzen<\/button><br \/>\n<button class=\"selector_tab\" onclick=\"openTab(event,'t_suministros')\">Liefermerkmale<\/button>\n<\/div>\n<div id=\"t_composicion\" class=\"tab\">\n<table class=\"footable\" border=\"1\" width=\"100%\">\n<tbody>\n<tr>\n<th scope=\"col\" style=\"text-align: center; vertical-align: middle;\"><\/th>\n<th scope=\"col\" style=\"text-align: center; vertical-align: middle;\"><strong>C<\/strong><\/th>\n<th scope=\"col\" style=\"text-align: center; vertical-align: middle;\"><strong>Mn<\/strong><\/th>\n<th scope=\"col\" style=\"text-align: center; vertical-align: middle;\"><strong>Si<\/strong><\/th>\n<th scope=\"col\" style=\"text-align: center; vertical-align: middle;\"><strong>P<\/strong><\/th>\n<th scope=\"col\" style=\"text-align: center; vertical-align: middle;\"><strong>S<\/strong><\/th>\n<th scope=\"col\" style=\"text-align: center; vertical-align: middle;\"><strong>Sonstige<\/strong><\/th>\n<\/tr>\n<tr>\n<td style=\"text-align: center; vertical-align: middle;\"><strong>Min.<\/strong><\/td>\n<td style=\"text-align: center; vertical-align: middle;\"><\/td>\n<td style=\"text-align: center; vertical-align: middle;\">1,00<\/td>\n<td style=\"text-align: center; vertical-align: middle;\"><\/td>\n<td style=\"text-align: center; vertical-align: middle;\"><\/td>\n<td style=\"text-align: center; vertical-align: middle;\">0,34<\/td>\n<td rowspan=\"2\" style=\"text-align: center; vertical-align: middle;\">Pb: 0,20-0,35<\/td>\n<\/tr>\n<tr>\n<td style=\"text-align: center; vertical-align: middle;\"><strong>Max.<\/strong><\/td>\n<td style=\"text-align: center; vertical-align: middle;\">0,14<\/td>\n<td style=\"text-align: center; vertical-align: middle;\">1,50<\/td>\n<td style=\"text-align: center; vertical-align: middle;\">0,05<\/td>\n<td style=\"text-align: center; vertical-align: middle;\">0,11<\/td>\n<td style=\"text-align: center; vertical-align: middle;\">0,40<\/td>\n<\/tr>\n<\/tbody>\n<\/table>\n<\/div>\n<div id=\"t_caracteristicas\" class=\"tab\" style=\"display:none;\">\n<table border=\"1\" width=\"100%\">\n<tbody>\n<tr>\n<th colspan=\"2\" style=\"text-align: center; vertical-align: middle;\"><strong>Abmessungen<\/strong><\/th>\n<th style=\"text-align: center; vertical-align: middle;\"><strong>Re (N\/mm<sup>2<\/sup>)<\/strong><\/th>\n<th colspan=\"2\" style=\"text-align: center; vertical-align: middle; width: 199px;\"><strong>Rm (N\/mm<sup>2<\/sup>)<\/strong><\/th>\n<th style=\"text-align: center; vertical-align: middle;\"><strong>A (%)<\/strong><\/th>\n<\/tr>\n<tr>\n<td class=\"gris\" colspan=\"2\" style=\"text-align: center; vertical-align: middle;\"><strong>Mm.<\/strong><\/td>\n<td class=\"gris\" style=\"text-align: center; vertical-align: middle;\"><strong>Min.<\/strong><\/td>\n<td class=\"gris\" style=\"text-align: center; vertical-align: middle;\"><strong>Min.<\/strong><\/td>\n<td class=\"gris\" style=\"text-align: center; vertical-align: middle;\"><strong>Max.<\/strong><\/td>\n<td class=\"gris\" style=\"text-align: center; vertical-align: middle;\"><strong>Min.<\/strong><\/td>\n<\/tr>\n<tr>\n<td style=\"text-align: center; vertical-align: middle; white-space: nowrap;\">\u2265 5<\/td>\n<td style=\"text-align: center; vertical-align: middle; white-space: nowrap;\">\u2264 10<\/td>\n<td style=\"text-align: center; vertical-align: middle;\">440<\/td>\n<td style=\"text-align: center; vertical-align: middle;\">510<\/td>\n<td style=\"text-align: center; vertical-align: middle; white-space: nowrap;\">810<\/td>\n<td style=\"text-align: center; vertical-align: middle; white-space: nowrap;\">6<\/td>\n<\/tr>\n<tr>\n<td style=\"text-align: center; vertical-align: middle; white-space: nowrap;\">&gt; 10<\/td>\n<td style=\"text-align: center; vertical-align: middle; white-space: nowrap;\">\u2264 16<\/td>\n<td style=\"text-align: center; vertical-align: middle;\">410<\/td>\n<td style=\"text-align: center; vertical-align: middle;\">490<\/td>\n<td style=\"text-align: center; vertical-align: middle; white-space: nowrap;\">760<\/td>\n<td style=\"text-align: center; vertical-align: middle; white-space: nowrap;\">7<\/td>\n<\/tr>\n<tr>\n<td style=\"text-align: center; vertical-align: middle; white-space: nowrap;\">&gt; 16<\/td>\n<td style=\"text-align: center; vertical-align: middle; white-space: nowrap;\">\u2264 40<\/td>\n<td style=\"text-align: center; vertical-align: middle; white-space: nowrap;\">375<\/td>\n<td style=\"text-align: center; vertical-align: middle;\">460<\/td>\n<td style=\"text-align: center; vertical-align: middle; white-space: nowrap;\">710<\/td>\n<td style=\"text-align: center; vertical-align: middle; white-space: nowrap;\">8<\/td>\n<\/tr>\n<tr>\n<td style=\"text-align: center; vertical-align: middle; white-space: nowrap;\">&gt; 40<\/td>\n<td style=\"text-align: center; vertical-align: middle; white-space: nowrap;\">\u2264 63<\/td>\n<td style=\"text-align: center; vertical-align: middle; white-space: nowrap;\">305<\/td>\n<td style=\"text-align: center; vertical-align: middle;\">400<\/td>\n<td style=\"text-align: center; vertical-align: middle; white-space: nowrap;\">650<\/td>\n<td style=\"text-align: center; vertical-align: middle; white-space: nowrap;\">9<\/td>\n<\/tr>\n<tr>\n<td style=\"text-align: center; vertical-align: middle; white-space: nowrap;\">&gt;63<\/td>\n<td style=\"text-align: center; vertical-align: middle; white-space: nowrap;\">\u2264 100<\/td>\n<td style=\"text-align: center; vertical-align: middle; white-space: nowrap;\">245<\/td>\n<td style=\"text-align: center; vertical-align: middle;\">360<\/td>\n<td style=\"text-align: center; vertical-align: middle; white-space: nowrap;\">630<\/td>\n<td style=\"text-align: center; vertical-align: middle; white-space: nowrap;\">9<\/td>\n<\/tr>\n<\/tbody>\n<\/table>\n<\/div>\n<div id=\"t_equivalencias\" class=\"tab\" style=\"display: none;\">\n<table class=\"ea\" border=\"1\" width=\"100%\">\n<tbody>\n<tr>\n<th scope=\"col\" style=\"text-align: center; vertical-align: middle;\"><strong>EN<\/strong><\/th>\n<th scope=\"col\" style=\"text-align: center; vertical-align: middle;\"><strong>DIN<\/strong><\/th>\n<th scope=\"col\" style=\"text-align: center; vertical-align: middle;\"><strong>N\u00ba Stand<\/strong><\/th>\n<th scope=\"col\" style=\"text-align: center; vertical-align: middle;\"><strong>UNE<\/strong><\/th>\n<th scope=\"col\" style=\"text-align: center; vertical-align: middle;\"><strong>STAS<\/strong><\/th>\n<th scope=\"col\" style=\"text-align: center; vertical-align: middle;\"><strong>AFNOR<\/strong><\/th>\n<th scope=\"col\" style=\"text-align: center; vertical-align: middle;\"><strong>BS<\/strong><\/th>\n<th scope=\"col\" style=\"text-align: center; vertical-align: middle;\"><strong>UNI<\/strong><\/th>\n<th scope=\"col\" style=\"text-align: center; vertical-align: middle;\"><strong>AISI\/SAE<\/strong><\/th>\n<th scope=\"col\" style=\"text-align: center; vertical-align: middle;\"><strong>GOST<\/strong><\/th>\n<\/tr>\n<tr>\n<td style=\"text-align: center; vertical-align: middle;\">11SMnPb37<\/td>\n<td style=\"text-align: center; vertical-align: middle;\">9SMnPb36<\/td>\n<td style=\"text-align: center; vertical-align: middle;\">1.0737<\/td>\n<td style=\"text-align: center; vertical-align: middle;\">F2114<\/td>\n<td style=\"text-align: center; vertical-align: middle;\"><\/td>\n<td style=\"text-align: center; vertical-align: middle;\">S300Pb<\/td>\n<td style=\"text-align: center; vertical-align: middle;\"><\/td>\n<td style=\"text-align: center; vertical-align: middle;\">CF9SMnPb36<\/td>\n<td style=\"text-align: center; vertical-align: middle;\">12L14<\/td>\n<td style=\"text-align: center; vertical-align: middle;\"><\/td>\n<\/tr>\n<\/tbody>\n<\/table>\n<\/div>\n<div id=\"t_suministros\" class=\"tab\" style=\"display: none;\">\n<table border=\"1\" width=\"100%\">\n<tbody>\n<tr>\n<th style=\"text-align: center; vertical-align: middle; white-space: nowrap;\"><strong>Qualit\u00e4t<\/strong><\/th>\n<th style=\"text-align: center; vertical-align: middle; white-space: nowrap;\"><strong>Profil<\/strong><\/th>\n<th style=\"text-align: center; vertical-align: middle; white-space: nowrap;\"><strong>Toleranz<\/strong><\/th>\n<th style=\"text-align: center; vertical-align: middle; white-space: nowrap;\"><strong>L\u00e4nge, mm.<\/strong><\/th>\n<th style=\"text-align: center; vertical-align: middle; white-space: nowrap;\"><strong>Paketgewicht , kg min.<\/strong><\/th>\n<th style=\"text-align: center; vertical-align: middle; white-space: nowrap;\"><strong>Fase<\/strong><\/th>\n<\/tr>\n<tr>\n<td style=\"text-align: center; vertical-align: middle; white-space: nowrap;\">11SMnPb37<\/td>\n<td style=\"text-align: center; vertical-align: middle; white-space: nowrap;\"><a href=\"https:\/\/www.ausasteel.com\/wp-content\/uploads\/2014\/10\/circulo.png\" data-rel=\"lightbox-gallery-bGlnaHRib3gtZ2FsbGVyeS1jcExkVGJkNw==\" data-rl_title=\"\" data-rl_caption=\"\" data-rl_title=\"\" data-rl_caption=\"\" title=\"\"><img loading=\"lazy\" decoding=\"async\" class=\"aligncenter size-full wp-image-634\" src=\"https:\/\/www.ausasteel.com\/wp-content\/uploads\/2014\/10\/circulo.png\" alt=\"circulo\" width=\"25\" height=\"25\"><\/a><\/td>\n<td style=\"text-align: center; vertical-align: middle; white-space: nowrap;\">h9 \u2013 h10<\/td>\n<td style=\"text-align: center; vertical-align: middle; white-space: nowrap;\">3.000 \u2013 4.000<\/td>\n<td style=\"text-align: center; vertical-align: middle; white-space: nowrap;\">1.000-2.000<\/td>\n<td style=\"text-align: center; vertical-align: middle; white-space: nowrap;\">9,5-65 mm: 1 o 2 ende<\/td>\n<\/tr>\n<\/tbody>\n<\/table>\n<\/div>\n<\/div>\n<div class=\"container ficha_descarga\">\n<a class=\"btn_ausa\" title=\"Technisches Datenblatt Kalibrierter Stahl leichter Bearbeitung 11SMnPb37\" href=\"https:\/\/www.ausasteel.com\/wp-content\/uploads\/2015\/05\/Kalibrierter-Stahl-leichter-Bearbeitung-11SMnPb37-AUSA.pdf\" target=\"_blank\">Technisches Datenblatt Kalibrierter Stahl leichter Bearbeitung 11SMnPb37<\/a>\n<\/div>\n<\/div>\n<div class=\"row informacion_tecnica_ficha\">\n<div class=\"container\">\n<ul>\n<li id=\"menu-item-7428\" class=\"calculadora-peso menu-item menu-item-type-post_type menu-item-object-page menu-item-7428\"><a href=\"https:\/\/www.ausasteel.com\/de\/technische-angaben\/gewichtsrechner\/\">Gewichtsrechner<\/a><\/li>\n<li id=\"menu-item-7429\" class=\"tolerancias-dimensionales menu-item menu-item-type-post_type menu-item-object-page menu-item-7429\"><a href=\"https:\/\/www.ausasteel.com\/de\/technische-angaben\/masstoleranzen\/\">Masstoleranzen<\/a><\/li>\n<\/ul>\n<\/div>\n<\/div>\n<div class=\"row relacionados\">\n<div class=\"contaienr\">\n<h2>Verwandte kalibrierte St\u00e4hle f\u00fcr leichte Bearbeitbarkeit<\/h2>\n<p>[vc_widget_sidebar show_bg=&#8221;false&#8221; sidebar_id=&#8221;sidebar_23&#8243;]\n<\/p><\/div>\n<\/div><!-- AddThis Advanced Settings generic via filter on the_content -->","protected":false},"excerpt":{"rendered":"<p>Kalibrierter Stahl leichter Bearbeitung 11SMnPb37 R\u00fcckgeschwefelter Stahl mit Bleizusatz verbesserter Bearbeitbarkeit, besser als 11SMnPb30. ABMESSUNGEN AUF LAGER (in mm.) 5-100 ANWENDUNGSNORM EN 10277-3 FARBCODE BESCHREIBUNG UND H\u00c4UFIGSTE ANWENDUNGEN Er wird in vielen Anwendungen eingesetzt, die keine gro\u00dfen mechanischen Anforderungen stellen. Seine h\u00e4ufigsten Anwendungen sind Schrauben, Bolzen, H\u00fclsen, Verbindungsst\u00fccke und Scheiben. Chemische Zusammensetzung Mechanische Eigenschaften Ungef\u00e4hre&hellip;<!-- AddThis Advanced Settings generic via filter on get_the_excerpt --><\/p>\n","protected":false},"author":1,"featured_media":0,"parent":6966,"menu_order":0,"comment_status":"closed","ping_status":"open","template":"","meta":{"footnotes":""},"class_list":["post-7113","page","type-page","status-publish","hentry"],"yoast_head":"<!-- This site is optimized with the Yoast SEO plugin v26.6 - https:\/\/yoast.com\/wordpress\/plugins\/seo\/ -->\n<title>Kalibrierter Stahl leichter Bearbeitung 11SMnPb37 - AUSA<\/title>\n<meta name=\"description\" content=\"R\u00fcckgeschwefelter Stahl mit Bleizusatz verbesserter Bearbeitbarkeit, besser als 11SMnPb30.\" \/>\n<meta name=\"robots\" content=\"index, follow, max-snippet:-1, max-image-preview:large, max-video-preview:-1\" \/>\n<link rel=\"canonical\" href=\"https:\/\/www.ausasteel.com\/de\/stahle\/kalibrierten-stahlen\/kalibrierte-stahle-leichter-bearbeitung\/kalibrierter-stahl-leichter-bearbeitung-11smnpb37\/\" \/>\n<meta property=\"og:locale\" content=\"de_DE\" \/>\n<meta property=\"og:type\" content=\"article\" \/>\n<meta property=\"og:title\" content=\"Kalibrierter Stahl leichter Bearbeitung 11SMnPb37 - AUSA\" \/>\n<meta property=\"og:description\" content=\"R\u00fcckgeschwefelter Stahl mit Bleizusatz verbesserter Bearbeitbarkeit, besser als 11SMnPb30.\" \/>\n<meta property=\"og:url\" content=\"https:\/\/www.ausasteel.com\/de\/stahle\/kalibrierten-stahlen\/kalibrierte-stahle-leichter-bearbeitung\/kalibrierter-stahl-leichter-bearbeitung-11smnpb37\/\" \/>\n<meta property=\"og:site_name\" content=\"AUSA special steels\" \/>\n<meta property=\"article:modified_time\" content=\"2019-09-11T15:52:08+00:00\" \/>\n<meta property=\"og:image\" content=\"https:\/\/www.ausasteel.com\/wp-content\/uploads\/2014\/10\/circulo.png\" \/>\n<meta name=\"twitter:label1\" content=\"Est. reading time\" \/>\n\t<meta name=\"twitter:data1\" content=\"1 minute\" \/>\n<script type=\"application\/ld+json\" class=\"yoast-schema-graph\">{\"@context\":\"https:\/\/schema.org\",\"@graph\":[{\"@type\":\"WebPage\",\"@id\":\"https:\/\/www.ausasteel.com\/de\/stahle\/kalibrierten-stahlen\/kalibrierte-stahle-leichter-bearbeitung\/kalibrierter-stahl-leichter-bearbeitung-11smnpb37\/\",\"url\":\"https:\/\/www.ausasteel.com\/de\/stahle\/kalibrierten-stahlen\/kalibrierte-stahle-leichter-bearbeitung\/kalibrierter-stahl-leichter-bearbeitung-11smnpb37\/\",\"name\":\"Kalibrierter Stahl leichter Bearbeitung 11SMnPb37 - AUSA\",\"isPartOf\":{\"@id\":\"https:\/\/www.ausasteel.com\/de\/#website\"},\"primaryImageOfPage\":{\"@id\":\"https:\/\/www.ausasteel.com\/de\/stahle\/kalibrierten-stahlen\/kalibrierte-stahle-leichter-bearbeitung\/kalibrierter-stahl-leichter-bearbeitung-11smnpb37\/#primaryimage\"},\"image\":{\"@id\":\"https:\/\/www.ausasteel.com\/de\/stahle\/kalibrierten-stahlen\/kalibrierte-stahle-leichter-bearbeitung\/kalibrierter-stahl-leichter-bearbeitung-11smnpb37\/#primaryimage\"},\"thumbnailUrl\":\"https:\/\/www.ausasteel.com\/wp-content\/uploads\/2014\/10\/circulo.png\",\"datePublished\":\"2014-10-28T09:52:26+00:00\",\"dateModified\":\"2019-09-11T15:52:08+00:00\",\"description\":\"R\u00fcckgeschwefelter Stahl mit Bleizusatz verbesserter Bearbeitbarkeit, besser als 11SMnPb30.\",\"breadcrumb\":{\"@id\":\"https:\/\/www.ausasteel.com\/de\/stahle\/kalibrierten-stahlen\/kalibrierte-stahle-leichter-bearbeitung\/kalibrierter-stahl-leichter-bearbeitung-11smnpb37\/#breadcrumb\"},\"inLanguage\":\"de-DE\",\"potentialAction\":[{\"@type\":\"ReadAction\",\"target\":[\"https:\/\/www.ausasteel.com\/de\/stahle\/kalibrierten-stahlen\/kalibrierte-stahle-leichter-bearbeitung\/kalibrierter-stahl-leichter-bearbeitung-11smnpb37\/\"]}]},{\"@type\":\"ImageObject\",\"inLanguage\":\"de-DE\",\"@id\":\"https:\/\/www.ausasteel.com\/de\/stahle\/kalibrierten-stahlen\/kalibrierte-stahle-leichter-bearbeitung\/kalibrierter-stahl-leichter-bearbeitung-11smnpb37\/#primaryimage\",\"url\":\"https:\/\/www.ausasteel.com\/wp-content\/uploads\/2014\/10\/circulo.png\",\"contentUrl\":\"https:\/\/www.ausasteel.com\/wp-content\/uploads\/2014\/10\/circulo.png\"},{\"@type\":\"BreadcrumbList\",\"@id\":\"https:\/\/www.ausasteel.com\/de\/stahle\/kalibrierten-stahlen\/kalibrierte-stahle-leichter-bearbeitung\/kalibrierter-stahl-leichter-bearbeitung-11smnpb37\/#breadcrumb\",\"itemListElement\":[{\"@type\":\"ListItem\",\"position\":1,\"name\":\"Portada\",\"item\":\"https:\/\/www.ausasteel.com\/de\/\"},{\"@type\":\"ListItem\",\"position\":2,\"name\":\"St\u00e4hle\",\"item\":\"https:\/\/www.ausasteel.com\/de\/stahle\/\"},{\"@type\":\"ListItem\",\"position\":3,\"name\":\"Kalibrierte St\u00e4hle\",\"item\":\"https:\/\/www.ausasteel.com\/de\/stahle\/kalibrierten-stahlen\/\"},{\"@type\":\"ListItem\",\"position\":4,\"name\":\"Kalibrierter St\u00e4hl f\u00fcr leichte Bearbeitung\",\"item\":\"https:\/\/www.ausasteel.com\/de\/stahle\/kalibrierten-stahlen\/kalibrierte-stahle-leichter-bearbeitung\/\"},{\"@type\":\"ListItem\",\"position\":5,\"name\":\"Kalibrierter Stahl leichter Bearbeitung 11SMnPb37\"}]},{\"@type\":\"WebSite\",\"@id\":\"https:\/\/www.ausasteel.com\/de\/#website\",\"url\":\"https:\/\/www.ausasteel.com\/de\/\",\"name\":\"AUSA special steels\",\"description\":\"AUSA special steels\",\"potentialAction\":[{\"@type\":\"SearchAction\",\"target\":{\"@type\":\"EntryPoint\",\"urlTemplate\":\"https:\/\/www.ausasteel.com\/de\/?s={search_term_string}\"},\"query-input\":{\"@type\":\"PropertyValueSpecification\",\"valueRequired\":true,\"valueName\":\"search_term_string\"}}],\"inLanguage\":\"de-DE\"}]}<\/script>\n<!-- \/ Yoast SEO plugin. -->","yoast_head_json":{"title":"Kalibrierter Stahl leichter Bearbeitung 11SMnPb37 - AUSA","description":"R\u00fcckgeschwefelter Stahl mit Bleizusatz verbesserter Bearbeitbarkeit, besser als 11SMnPb30.","robots":{"index":"index","follow":"follow","max-snippet":"max-snippet:-1","max-image-preview":"max-image-preview:large","max-video-preview":"max-video-preview:-1"},"canonical":"https:\/\/www.ausasteel.com\/de\/stahle\/kalibrierten-stahlen\/kalibrierte-stahle-leichter-bearbeitung\/kalibrierter-stahl-leichter-bearbeitung-11smnpb37\/","og_locale":"de_DE","og_type":"article","og_title":"Kalibrierter Stahl leichter Bearbeitung 11SMnPb37 - AUSA","og_description":"R\u00fcckgeschwefelter Stahl mit Bleizusatz verbesserter Bearbeitbarkeit, besser als 11SMnPb30.","og_url":"https:\/\/www.ausasteel.com\/de\/stahle\/kalibrierten-stahlen\/kalibrierte-stahle-leichter-bearbeitung\/kalibrierter-stahl-leichter-bearbeitung-11smnpb37\/","og_site_name":"AUSA special steels","article_modified_time":"2019-09-11T15:52:08+00:00","og_image":[{"url":"https:\/\/www.ausasteel.com\/wp-content\/uploads\/2014\/10\/circulo.png","type":"","width":"","height":""}],"twitter_misc":{"Est. reading time":"1 minute"},"schema":{"@context":"https:\/\/schema.org","@graph":[{"@type":"WebPage","@id":"https:\/\/www.ausasteel.com\/de\/stahle\/kalibrierten-stahlen\/kalibrierte-stahle-leichter-bearbeitung\/kalibrierter-stahl-leichter-bearbeitung-11smnpb37\/","url":"https:\/\/www.ausasteel.com\/de\/stahle\/kalibrierten-stahlen\/kalibrierte-stahle-leichter-bearbeitung\/kalibrierter-stahl-leichter-bearbeitung-11smnpb37\/","name":"Kalibrierter Stahl leichter Bearbeitung 11SMnPb37 - AUSA","isPartOf":{"@id":"https:\/\/www.ausasteel.com\/de\/#website"},"primaryImageOfPage":{"@id":"https:\/\/www.ausasteel.com\/de\/stahle\/kalibrierten-stahlen\/kalibrierte-stahle-leichter-bearbeitung\/kalibrierter-stahl-leichter-bearbeitung-11smnpb37\/#primaryimage"},"image":{"@id":"https:\/\/www.ausasteel.com\/de\/stahle\/kalibrierten-stahlen\/kalibrierte-stahle-leichter-bearbeitung\/kalibrierter-stahl-leichter-bearbeitung-11smnpb37\/#primaryimage"},"thumbnailUrl":"https:\/\/www.ausasteel.com\/wp-content\/uploads\/2014\/10\/circulo.png","datePublished":"2014-10-28T09:52:26+00:00","dateModified":"2019-09-11T15:52:08+00:00","description":"R\u00fcckgeschwefelter Stahl mit Bleizusatz verbesserter Bearbeitbarkeit, besser als 11SMnPb30.","breadcrumb":{"@id":"https:\/\/www.ausasteel.com\/de\/stahle\/kalibrierten-stahlen\/kalibrierte-stahle-leichter-bearbeitung\/kalibrierter-stahl-leichter-bearbeitung-11smnpb37\/#breadcrumb"},"inLanguage":"de-DE","potentialAction":[{"@type":"ReadAction","target":["https:\/\/www.ausasteel.com\/de\/stahle\/kalibrierten-stahlen\/kalibrierte-stahle-leichter-bearbeitung\/kalibrierter-stahl-leichter-bearbeitung-11smnpb37\/"]}]},{"@type":"ImageObject","inLanguage":"de-DE","@id":"https:\/\/www.ausasteel.com\/de\/stahle\/kalibrierten-stahlen\/kalibrierte-stahle-leichter-bearbeitung\/kalibrierter-stahl-leichter-bearbeitung-11smnpb37\/#primaryimage","url":"https:\/\/www.ausasteel.com\/wp-content\/uploads\/2014\/10\/circulo.png","contentUrl":"https:\/\/www.ausasteel.com\/wp-content\/uploads\/2014\/10\/circulo.png"},{"@type":"BreadcrumbList","@id":"https:\/\/www.ausasteel.com\/de\/stahle\/kalibrierten-stahlen\/kalibrierte-stahle-leichter-bearbeitung\/kalibrierter-stahl-leichter-bearbeitung-11smnpb37\/#breadcrumb","itemListElement":[{"@type":"ListItem","position":1,"name":"Portada","item":"https:\/\/www.ausasteel.com\/de\/"},{"@type":"ListItem","position":2,"name":"St\u00e4hle","item":"https:\/\/www.ausasteel.com\/de\/stahle\/"},{"@type":"ListItem","position":3,"name":"Kalibrierte St\u00e4hle","item":"https:\/\/www.ausasteel.com\/de\/stahle\/kalibrierten-stahlen\/"},{"@type":"ListItem","position":4,"name":"Kalibrierter St\u00e4hl f\u00fcr leichte Bearbeitung","item":"https:\/\/www.ausasteel.com\/de\/stahle\/kalibrierten-stahlen\/kalibrierte-stahle-leichter-bearbeitung\/"},{"@type":"ListItem","position":5,"name":"Kalibrierter Stahl leichter Bearbeitung 11SMnPb37"}]},{"@type":"WebSite","@id":"https:\/\/www.ausasteel.com\/de\/#website","url":"https:\/\/www.ausasteel.com\/de\/","name":"AUSA special steels","description":"AUSA special steels","potentialAction":[{"@type":"SearchAction","target":{"@type":"EntryPoint","urlTemplate":"https:\/\/www.ausasteel.com\/de\/?s={search_term_string}"},"query-input":{"@type":"PropertyValueSpecification","valueRequired":true,"valueName":"search_term_string"}}],"inLanguage":"de-DE"}]}},"_links":{"self":[{"href":"https:\/\/www.ausasteel.com\/de\/wp-json\/wp\/v2\/pages\/7113","targetHints":{"allow":["GET"]}}],"collection":[{"href":"https:\/\/www.ausasteel.com\/de\/wp-json\/wp\/v2\/pages"}],"about":[{"href":"https:\/\/www.ausasteel.com\/de\/wp-json\/wp\/v2\/types\/page"}],"author":[{"embeddable":true,"href":"https:\/\/www.ausasteel.com\/de\/wp-json\/wp\/v2\/users\/1"}],"replies":[{"embeddable":true,"href":"https:\/\/www.ausasteel.com\/de\/wp-json\/wp\/v2\/comments?post=7113"}],"version-history":[{"count":11,"href":"https:\/\/www.ausasteel.com\/de\/wp-json\/wp\/v2\/pages\/7113\/revisions"}],"predecessor-version":[{"id":15967,"href":"https:\/\/www.ausasteel.com\/de\/wp-json\/wp\/v2\/pages\/7113\/revisions\/15967"}],"up":[{"embeddable":true,"href":"https:\/\/www.ausasteel.com\/de\/wp-json\/wp\/v2\/pages\/6966"}],"wp:attachment":[{"href":"https:\/\/www.ausasteel.com\/de\/wp-json\/wp\/v2\/media?parent=7113"}],"curies":[{"name":"wp","href":"https:\/\/api.w.org\/{rel}","templated":true}]}}