    {"id":7067,"date":"2014-10-27T23:07:03","date_gmt":"2014-10-27T23:07:03","guid":{"rendered":"http:\/\/ausasteel.irantzu.com\/spezialstahlen\/borstahle\/acero-al-boro30\/"},"modified":"2019-09-11T15:52:53","modified_gmt":"2019-09-11T15:52:53","slug":"27mncrb5-2","status":"publish","type":"page","link":"https:\/\/www.ausasteel.com\/de\/stahle\/spezialstahlen\/borstahle\/27mncrb5-2\/","title":{"rendered":"Borstahl 27MnCrB5-2"},"content":{"rendered":"<div class=\"row\">\n<div class=\"container\">\n<div>\n<h1>Borstahl 27MnCrB5-2<\/h1>\n<h3><strong>Stahl f\u00fcr hohe Endh\u00e4rte<\/strong>.<\/h3>\n<\/p><\/div>\n<div class=\"caja_bloques\">\n<div class=\"col-md-5\">\n<div class=\"bloque\">\n<h4>Auslieferungszust\u00e4nd<\/h4>\n<p>Walzrohling<\/p>\n<\/p><\/div>\n<div class=\"bloque\">\n<h4>Abmessungen auf Lager (in mm.)<\/h4>\n<ul>\n<li><img decoding=\"async\" src=\"\/wp-content\/uploads\/2014\/10\/rectangulo.png\" alt=\"circulo\" \/><span>30\u00d75 \u2013 140\u00d730<\/span><\/li>\n<\/ul><\/div>\n<div class=\"bloque\">\n<h4>Farbcode<\/h4>\n<div class=\"figura\" style=\"width: 50px;height: 50px;border: 2px solid #808080 ;border-radius: 50%;position: relative;background:none;\"><div><span style=\"position: absolute;display:inline-block;width:0;height:0;line-height:0;border:25px solid white;border-left:none;border-bottom-right-radius:50px;border-top-right-radius:50px;left:25px;top:0px\"><\/span><span style=\"position: absolute;display:inline-block;width:0;height:0;line-height:0;border:25px solid red;border-right:none;border-bottom-left-radius:50px;border-top-left-radius:50px;left:0px;top:0px\"><\/span><\/div><div style=\"width: 30px;height: 30px;border-radius: 50%;position: absolute;top: 10px;left: 10px;background: none;z-index: 3;\"><\/div><div style=\"width: 8px;height: 50px;display: block;position: absolute;z-index: 3;top: 50%;left: 50%;margin: -25px 0 0 -4px;background:none;\"><\/div><\/div><\/div><\/div>\n<div class=\"col-md-7\">\n<div class=\"bloque\">\n<h4>h\u00e4ufigste Anwendungen<\/h4>\n<p>Seine h\u00e4ufigsten Anwendungen sind in der Landwirtschaft, auf \u00f6ffentlichen Baustellen sowie f\u00fcr Werkzeuge, Scherenmesser und St\u00fctzen.<\/p>\n<div class=\"galeria_ficha\">\n<div class=\"previsualizacion\">\n                     <img decoding=\"async\" id=\"preview\" src=\"\/wp-content\/uploads\/2014\/10\/Acero-Boro30-1.png\" alt=\"Borstahl 27MnCrB5-2 - AUSA\" title=\"Borstahl 27MnCrB5-2 - AUSA\"><a class=\"wp-colorbox-image\" href=\"\/wp-content\/uploads\/2014\/10\/Acero-Boro30-1.png\" data-rel=\"lightbox-gallery-V13hKBHF\" data-rl_title=\"\" data-rl_caption=\"\" title=\"\"><\/a>\n                  <\/div>\n<div class=\"miniaturas\">\n                     <img decoding=\"async\" class=\"thumbnail active\" onclick=\"showGallery(event)\" src=\"\/wp-content\/uploads\/2014\/10\/Acero-Boro30-1.png\" alt=\"Borstahl 27MnCrB5-2 - AUSA - AUSA\" title=\"Acero al boro 27MnCrB5-2 - AUSA\" ><br \/>\n                     <img decoding=\"async\" class=\"thumbnail\" onclick=\"showGallery(event)\" src=\"\/wp-content\/uploads\/2014\/10\/Acero-Boro30-2.png\" alt=\"Acero al boro 27MnCrB5-2 - AUSA\" title=\"Acero al boro 27MnCrB5-2 - AUSA\">\n                  <\/div><\/div><\/div><\/div><\/div><\/div>\n<\/div>\n<div class=\"row\">\n<div class=\"container caja_tablas\">\n<div class=\"selectores\">\n         <button class=\"selector_tab active\" onclick=\"openTab(event,'t_composicion')\">Chemische Zusammensetzung<\/button><br \/>\n         <button class=\"selector_tab\" onclick=\"openTab(event,'t_tratamientos')\">Thermische behandlungen \u2013 Ungef\u00e4hre temperaturen<\/button><br \/>\n         <button class=\"selector_tab\" onclick=\"openTab(event,'t_caracteristicas')\">Mechanische Eigenschaften<\/button>\n      <\/div>\n<div id=\"t_composicion\" class=\"tab\">\n<table class=\"footable\" border=\"1\" width=\"100%\">\n<tbody>\n<tr>\n<th scope=\"col\" style=\"text-align: center; vertical-align: middle;\"><\/th>\n<th scope=\"col\" style=\"text-align: center; vertical-align: middle;\"><strong>C<\/strong><\/th>\n<th scope=\"col\" style=\"text-align: center; vertical-align: middle;\"><strong>Mn<\/strong><\/th>\n<th scope=\"col\" style=\"text-align: center; vertical-align: middle;\"><strong>Si<\/strong><\/th>\n<th scope=\"col\" style=\"text-align: center; vertical-align: middle;\"><strong>P<\/strong><\/th>\n<th scope=\"col\" style=\"text-align: center; vertical-align: middle;\"><strong>S<\/strong><\/th>\n<th scope=\"col\" style=\"text-align: center; vertical-align: middle;\"><strong>Cr<\/strong><\/th>\n<th scope=\"col\" style=\"text-align: center; vertical-align: middle;\"><strong>Sonstiges<\/strong><\/th>\n<\/tr>\n<tr>\n<td style=\"text-align: center; vertical-align: middle;\"><strong>Min.<\/strong><\/td>\n<td style=\"text-align: center; vertical-align: middle;\">0,24<\/td>\n<td style=\"text-align: center; vertical-align: middle;\">1,20<\/td>\n<td style=\"text-align: center; vertical-align: middle;\">0,15<\/td>\n<td style=\"text-align: center; vertical-align: middle;\"><\/td>\n<td style=\"text-align: center; vertical-align: middle;\"><\/td>\n<td style=\"text-align: center; vertical-align: middle;\">0,30<\/td>\n<td rowspan=\"2\" style=\"text-align: center; vertical-align: middle;\">B: 0,001-0,004<\/td>\n<\/tr>\n<tr>\n<td style=\"text-align: center; vertical-align: middle;\"><strong>Max.<\/strong><\/td>\n<td style=\"text-align: center; vertical-align: middle;\">0,30<\/td>\n<td style=\"text-align: center; vertical-align: middle;\">1,40<\/td>\n<td style=\"text-align: center; vertical-align: middle;\">0,30<\/td>\n<td style=\"text-align: center; vertical-align: middle;\">0,020<\/td>\n<td style=\"text-align: center; vertical-align: middle;\">0,020<\/td>\n<td style=\"text-align: center; vertical-align: middle;\">0,50<\/td>\n<\/tr>\n<\/tbody>\n<\/table><\/div>\n<div id=\"t_tratamientos\" class=\"tab\" style=\"display:none;\">\n<table class=\"tt\" border=\"1\" width=\"100%\">\n<tbody>\n<tr>\n<th scope=\"col\" style=\"text-align: center; vertical-align: middle;\"><strong>H\u00e4rten \u00baC<\/strong><\/th>\n<th scope=\"col\" style=\"text-align: center; vertical-align: middle;\"><strong>Anlassen \u00baC<\/strong><\/th>\n<\/tr>\n<tr>\n<td style=\"text-align: center; vertical-align: middle;\">820-860 \u00d6l<\/td>\n<td style=\"text-align: center; vertical-align: middle;\">200-500<\/td>\n<\/tr>\n<\/tbody>\n<\/table><\/div>\n<div id=\"t_caracteristicas\" class=\"tab\" style=\"display:none;\">\n<table class=\"cm\" border=\"1\" width=\"100%\">\n<tbody>\n<tr>\n<td>Maximale H\u00e4rte<\/td>\n<td style=\"text-align: center;\">255 HB<\/td>\n<\/tr>\n<\/tbody>\n<\/table><\/div><\/div>\n<div class=\"container ficha_descarga\">\n      <a title=\"Technisches Datenblatt downloaden\" href=\"\/wp-content\/uploads\/2017\/09\/Borst\u00e4hl-27MnCrB5-2-AUSA.pdf\" target=\"_blank\" class=\"btn_ausa\">Technisches Datenblatt Borstahl Bor 27MnCrB5-2<\/a>\n   <\/div>\n<\/div>\n<div class=\"row informacion_tecnica_ficha\">\n<div class=\"container\">\n<ul>\n<li id=\"menu-item-1297\"><a title=\"Gewichtsrechne\" href=\"\/technische-angaben\/gewichtsrechner\/\">Gewichtsrechner<\/a><\/li>\n<li id=\"menu-item-1302\"><a title=\"Abmessungstoleranze\" href=\"\/technische-angaben\/masstoleranzen\/\">Abmessungstoleranze<\/a><\/li>\n<\/ul><\/div>\n<\/div><!-- AddThis Advanced Settings generic via filter on the_content -->","protected":false},"excerpt":{"rendered":"<p>Borstahl 27MnCrB5-2 Stahl f\u00fcr hohe Endh\u00e4rte. Auslieferungszust\u00e4nd Walzrohling Abmessungen auf Lager (in mm.) 30\u00d75 \u2013 140\u00d730 Farbcode h\u00e4ufigste Anwendungen Seine h\u00e4ufigsten Anwendungen sind in der Landwirtschaft, auf \u00f6ffentlichen Baustellen sowie f\u00fcr Werkzeuge, Scherenmesser und St\u00fctzen. Chemische Zusammensetzung Thermische behandlungen \u2013 Ungef\u00e4hre temperaturen Mechanische Eigenschaften C Mn Si P S Cr Sonstiges Min. 0,24 1,20 0,15&hellip;<!-- AddThis Advanced Settings generic via filter on get_the_excerpt --><\/p>\n","protected":false},"author":1,"featured_media":0,"parent":6746,"menu_order":0,"comment_status":"closed","ping_status":"closed","template":"","meta":{"footnotes":""},"class_list":["post-7067","page","type-page","status-publish","hentry"],"yoast_head":"<!-- This site is optimized with the Yoast SEO plugin v26.6 - https:\/\/yoast.com\/wordpress\/plugins\/seo\/ -->\n<title>Borstahl 27MnCrB5-2 - AUSA<\/title>\n<meta name=\"description\" content=\"Stahl f\u00fcr hohe Endh\u00e4rte.\" \/>\n<meta name=\"robots\" content=\"index, follow, max-snippet:-1, max-image-preview:large, max-video-preview:-1\" \/>\n<link rel=\"canonical\" href=\"https:\/\/www.ausasteel.com\/de\/stahle\/spezialstahlen\/borstahle\/27mncrb5-2\/\" \/>\n<meta property=\"og:locale\" content=\"de_DE\" \/>\n<meta property=\"og:type\" content=\"article\" \/>\n<meta property=\"og:title\" content=\"Borstahl 27MnCrB5-2 - AUSA\" \/>\n<meta property=\"og:description\" content=\"Stahl f\u00fcr hohe Endh\u00e4rte.\" \/>\n<meta property=\"og:url\" content=\"https:\/\/www.ausasteel.com\/de\/stahle\/spezialstahlen\/borstahle\/27mncrb5-2\/\" \/>\n<meta property=\"og:site_name\" content=\"AUSA special steels\" \/>\n<meta property=\"article:modified_time\" content=\"2019-09-11T15:52:53+00:00\" \/>\n<meta name=\"twitter:label1\" content=\"Est. reading time\" \/>\n\t<meta name=\"twitter:data1\" content=\"1 minute\" \/>\n<script type=\"application\/ld+json\" class=\"yoast-schema-graph\">{\"@context\":\"https:\/\/schema.org\",\"@graph\":[{\"@type\":\"WebPage\",\"@id\":\"https:\/\/www.ausasteel.com\/de\/stahle\/spezialstahlen\/borstahle\/27mncrb5-2\/\",\"url\":\"https:\/\/www.ausasteel.com\/de\/stahle\/spezialstahlen\/borstahle\/27mncrb5-2\/\",\"name\":\"Borstahl 27MnCrB5-2 - AUSA\",\"isPartOf\":{\"@id\":\"https:\/\/www.ausasteel.com\/de\/#website\"},\"datePublished\":\"2014-10-27T23:07:03+00:00\",\"dateModified\":\"2019-09-11T15:52:53+00:00\",\"description\":\"Stahl f\u00fcr hohe Endh\u00e4rte.\",\"breadcrumb\":{\"@id\":\"https:\/\/www.ausasteel.com\/de\/stahle\/spezialstahlen\/borstahle\/27mncrb5-2\/#breadcrumb\"},\"inLanguage\":\"de-DE\",\"potentialAction\":[{\"@type\":\"ReadAction\",\"target\":[\"https:\/\/www.ausasteel.com\/de\/stahle\/spezialstahlen\/borstahle\/27mncrb5-2\/\"]}]},{\"@type\":\"BreadcrumbList\",\"@id\":\"https:\/\/www.ausasteel.com\/de\/stahle\/spezialstahlen\/borstahle\/27mncrb5-2\/#breadcrumb\",\"itemListElement\":[{\"@type\":\"ListItem\",\"position\":1,\"name\":\"Portada\",\"item\":\"https:\/\/www.ausasteel.com\/de\/\"},{\"@type\":\"ListItem\",\"position\":2,\"name\":\"St\u00e4hle\",\"item\":\"https:\/\/www.ausasteel.com\/de\/stahle\/\"},{\"@type\":\"ListItem\",\"position\":3,\"name\":\"Spezialst\u00e4hle\",\"item\":\"https:\/\/www.ausasteel.com\/de\/stahle\/spezialstahlen\/\"},{\"@type\":\"ListItem\",\"position\":4,\"name\":\"Borst\u00e4hle\",\"item\":\"https:\/\/www.ausasteel.com\/de\/stahle\/spezialstahlen\/borstahle\/\"},{\"@type\":\"ListItem\",\"position\":5,\"name\":\"Borstahl 27MnCrB5-2\"}]},{\"@type\":\"WebSite\",\"@id\":\"https:\/\/www.ausasteel.com\/de\/#website\",\"url\":\"https:\/\/www.ausasteel.com\/de\/\",\"name\":\"AUSA special steels\",\"description\":\"AUSA special steels\",\"potentialAction\":[{\"@type\":\"SearchAction\",\"target\":{\"@type\":\"EntryPoint\",\"urlTemplate\":\"https:\/\/www.ausasteel.com\/de\/?s={search_term_string}\"},\"query-input\":{\"@type\":\"PropertyValueSpecification\",\"valueRequired\":true,\"valueName\":\"search_term_string\"}}],\"inLanguage\":\"de-DE\"}]}<\/script>\n<!-- \/ Yoast SEO plugin. -->","yoast_head_json":{"title":"Borstahl 27MnCrB5-2 - AUSA","description":"Stahl f\u00fcr hohe Endh\u00e4rte.","robots":{"index":"index","follow":"follow","max-snippet":"max-snippet:-1","max-image-preview":"max-image-preview:large","max-video-preview":"max-video-preview:-1"},"canonical":"https:\/\/www.ausasteel.com\/de\/stahle\/spezialstahlen\/borstahle\/27mncrb5-2\/","og_locale":"de_DE","og_type":"article","og_title":"Borstahl 27MnCrB5-2 - AUSA","og_description":"Stahl f\u00fcr hohe Endh\u00e4rte.","og_url":"https:\/\/www.ausasteel.com\/de\/stahle\/spezialstahlen\/borstahle\/27mncrb5-2\/","og_site_name":"AUSA special steels","article_modified_time":"2019-09-11T15:52:53+00:00","twitter_misc":{"Est. reading time":"1 minute"},"schema":{"@context":"https:\/\/schema.org","@graph":[{"@type":"WebPage","@id":"https:\/\/www.ausasteel.com\/de\/stahle\/spezialstahlen\/borstahle\/27mncrb5-2\/","url":"https:\/\/www.ausasteel.com\/de\/stahle\/spezialstahlen\/borstahle\/27mncrb5-2\/","name":"Borstahl 27MnCrB5-2 - AUSA","isPartOf":{"@id":"https:\/\/www.ausasteel.com\/de\/#website"},"datePublished":"2014-10-27T23:07:03+00:00","dateModified":"2019-09-11T15:52:53+00:00","description":"Stahl f\u00fcr hohe Endh\u00e4rte.","breadcrumb":{"@id":"https:\/\/www.ausasteel.com\/de\/stahle\/spezialstahlen\/borstahle\/27mncrb5-2\/#breadcrumb"},"inLanguage":"de-DE","potentialAction":[{"@type":"ReadAction","target":["https:\/\/www.ausasteel.com\/de\/stahle\/spezialstahlen\/borstahle\/27mncrb5-2\/"]}]},{"@type":"BreadcrumbList","@id":"https:\/\/www.ausasteel.com\/de\/stahle\/spezialstahlen\/borstahle\/27mncrb5-2\/#breadcrumb","itemListElement":[{"@type":"ListItem","position":1,"name":"Portada","item":"https:\/\/www.ausasteel.com\/de\/"},{"@type":"ListItem","position":2,"name":"St\u00e4hle","item":"https:\/\/www.ausasteel.com\/de\/stahle\/"},{"@type":"ListItem","position":3,"name":"Spezialst\u00e4hle","item":"https:\/\/www.ausasteel.com\/de\/stahle\/spezialstahlen\/"},{"@type":"ListItem","position":4,"name":"Borst\u00e4hle","item":"https:\/\/www.ausasteel.com\/de\/stahle\/spezialstahlen\/borstahle\/"},{"@type":"ListItem","position":5,"name":"Borstahl 27MnCrB5-2"}]},{"@type":"WebSite","@id":"https:\/\/www.ausasteel.com\/de\/#website","url":"https:\/\/www.ausasteel.com\/de\/","name":"AUSA special steels","description":"AUSA special steels","potentialAction":[{"@type":"SearchAction","target":{"@type":"EntryPoint","urlTemplate":"https:\/\/www.ausasteel.com\/de\/?s={search_term_string}"},"query-input":{"@type":"PropertyValueSpecification","valueRequired":true,"valueName":"search_term_string"}}],"inLanguage":"de-DE"}]}},"_links":{"self":[{"href":"https:\/\/www.ausasteel.com\/de\/wp-json\/wp\/v2\/pages\/7067","targetHints":{"allow":["GET"]}}],"collection":[{"href":"https:\/\/www.ausasteel.com\/de\/wp-json\/wp\/v2\/pages"}],"about":[{"href":"https:\/\/www.ausasteel.com\/de\/wp-json\/wp\/v2\/types\/page"}],"author":[{"embeddable":true,"href":"https:\/\/www.ausasteel.com\/de\/wp-json\/wp\/v2\/users\/1"}],"replies":[{"embeddable":true,"href":"https:\/\/www.ausasteel.com\/de\/wp-json\/wp\/v2\/comments?post=7067"}],"version-history":[{"count":18,"href":"https:\/\/www.ausasteel.com\/de\/wp-json\/wp\/v2\/pages\/7067\/revisions"}],"predecessor-version":[{"id":15982,"href":"https:\/\/www.ausasteel.com\/de\/wp-json\/wp\/v2\/pages\/7067\/revisions\/15982"}],"up":[{"embeddable":true,"href":"https:\/\/www.ausasteel.com\/de\/wp-json\/wp\/v2\/pages\/6746"}],"wp:attachment":[{"href":"https:\/\/www.ausasteel.com\/de\/wp-json\/wp\/v2\/media?parent=7067"}],"curies":[{"name":"wp","href":"https:\/\/api.w.org\/{rel}","templated":true}]}}