    {"id":7063,"date":"2014-10-27T23:03:18","date_gmt":"2014-10-27T23:03:18","guid":{"rendered":"http:\/\/ausasteel.irantzu.com\/spezialstahlen\/stahle-fur-leichte-bearbeitbarkeit\/acero-de-facil-mecanizacion-11smn30\/"},"modified":"2019-09-11T15:55:08","modified_gmt":"2019-09-11T15:55:08","slug":"stahl-fur-leichte-bearbeitbarkeit-11smn30","status":"publish","type":"page","link":"https:\/\/www.ausasteel.com\/de\/stahle\/spezialstahlen\/stahle-fur-leichte-bearbeitbarkeit\/stahl-fur-leichte-bearbeitbarkeit-11smn30\/","title":{"rendered":"Stahl f\u00fcr leichte Bearbeitbarkeit 11SMn30"},"content":{"rendered":"<div class=\"row\">\n<div class=\"container\">\n<div>\n<h1>Stahl f\u00fcr leichte Bearbeitbarkeit 11SMn30<\/h1>\n<h3><strong>R\u00fcckgeschwefelter Stahl verbesserter Bearbeitbarkeit<\/strong>.<\/h3>\n<\/div>\n<div class=\"caja_bloques\">\n<div class=\"col-md-5\">\n<div class=\"bloque\">\n<h4>AUSLIEFERUNGSZUST\u00c4ND<\/h4>\n<p>Walzrohling.<\/p>\n<\/div>\n<div class=\"bloque\">\n<h4>ABMESSUNGEN AUF LAGER (in mm.)<\/h4>\n<ul>\n<li><img decoding=\"async\" src=\"\/wp-content\/uploads\/2014\/10\/circulo.png\" alt=\"circle\" \/><span>40-100<\/span><\/li>\n<\/ul>\n<\/div>\n<div class=\"bloque\">\n<h4>ANWENDUNGSNORM<\/h4>\n<p>EN 10087<\/p>\n<\/div>\n<div class=\"bloque\">\n<h4>FARBCODE<\/h4>\n<div class=\"figura\" style=\"width: 50px;height: 50px;border: 2px solid #808080 ;border-radius: 50%;position: relative;background:brown;\"><div><span style=\"position: absolute;display:inline-block;width:0;height:0;line-height:0;border:25px solid none;border-left:none;border-bottom-right-radius:50px;border-top-right-radius:50px;left:25px;top:0px\"><\/span><span style=\"position: absolute;display:inline-block;width:0;height:0;line-height:0;border:25px solid none;border-right:none;border-bottom-left-radius:50px;border-top-left-radius:50px;left:0px;top:0px\"><\/span><\/div><div style=\"width: 30px;height: 30px;border-radius: 50%;position: absolute;top: 10px;left: 10px;background: none;z-index: 3;\"><\/div><div style=\"width: 8px;height: 50px;display: block;position: absolute;z-index: 3;top: 50%;left: 50%;margin: -25px 0 0 -4px;background:none;\"><\/div><\/div><\/div>\n<\/div>\n<div class=\"col-md-7\">\n<div class=\"bloque\">\n<h4>BESCHREIBUNG UND H\u00c4UFIGSTE ANWENDUNGEN<\/h4>\n<p>Er wird in vielen Anwendungen eingesetzt, die keine gro\u00dfen mechanischen Anforderungen stellen.<\/p>\n<p>Seine h\u00e4ufigsten <strong>Anwendungen<\/strong> sind Schraubenmaterial und Spannstifte.<\/p>\n<div class=\"galeria_ficha\">\n<div class=\"previsualizacion\">\n<img decoding=\"async\" id=\"preview\" src=\"\/wp-content\/uploads\/2014\/10\/Acero-Facil-Mecanizacion-11SMn30-2.png\" alt=\"Stahl f\u00fcr leichte Bearbeitbarkeit 11SMn30 - AUSA\" title=\"Stahl f\u00fcr leichte Bearbeitbarkeit 11SMn30 - AUSA\"><a class=\"wp-colorbox-image\" href=\"\/wp-content\/uploads\/2014\/10\/Acero-Facil-Mecanizacion-11SMn30-2.png\" data-rel=\"lightbox-gallery-fdNmmH3q\" data-rl_title=\"\" data-rl_caption=\"\" title=\"\"><\/a>\n<\/div>\n<div class=\"miniaturas\">\n<img decoding=\"async\" class=\"thumbnail active\" onclick=\"showGallery(event)\" src=\"\/wp-content\/uploads\/2014\/10\/Acero-Facil-Mecanizacion-11SMn30-2.png\" alt=\"Stahl f\u00fcr leichte Bearbeitbarkeit 11SMn30 - AUSA\" title=\"Stahl f\u00fcr leichte Bearbeitbarkeit 11SMn30 - AUSA\" ><br \/>\n<img decoding=\"async\" class=\"thumbnail\" onclick=\"showGallery(event)\" src=\"\/wp-content\/uploads\/2014\/10\/Acero-Facil-Mecanizacion-11SMn30-1.png\" alt=\"Stahl f\u00fcr leichte Bearbeitbarkeit 11SMn30 - AUSA\" title=\"Stahl f\u00fcr leichte Bearbeitbarkeit 11SMn30 - AUSA\"><br \/>\n<img decoding=\"async\" class=\"thumbnail\" onclick=\"showGallery(event)\" src=\"\/wp-content\/uploads\/2015\/05\/Acero-Facil-Mecanizacion-11SMn30-AUSA.png\" alt=\"Stahl f\u00fcr leichte Bearbeitbarkeit 11SMn30 - AUSA\" title=\"Stahl f\u00fcr leichte Bearbeitbarkeit 11SMn30 - AUSA\">\n<\/div>\n<\/div>\n<\/div>\n<\/div>\n<\/div>\n<\/div>\n<\/div>\n<div class=\"row\">\n<div class=\"container caja_tablas\">\n<div class=\"selectores\">\n<button class=\"selector_tab active\" onclick=\"openTab(event,'t_composicion')\">Chemische Zusammensetzung<\/button><br \/>\n<button class=\"selector_tab\" onclick=\"openTab(event,'t_caracteristicas')\">Mechanische Eigenschaften<\/button><br \/>\n<button class=\"selector_tab\" onclick=\"openTab(event,'t_equivalencias')\">Ungef\u00e4hre \u00e4quivalenzen<\/button>\n<\/div>\n<div id=\"t_composicion\" class=\"tab\">\n<table class=\"footable\" border=\"1\" width=\"100%\">\n<tbody>\n<tr>\n<th scope=\"col\" style=\"text-align: center; vertical-align: middle;\"><\/th>\n<th scope=\"col\" style=\"text-align: center; vertical-align: middle;\"><strong>C<\/strong><\/th>\n<th scope=\"col\" style=\"text-align: center; vertical-align: middle;\"><strong>Mn<\/strong><\/th>\n<th scope=\"col\" style=\"text-align: center; vertical-align: middle;\"><strong>Si<\/strong><\/th>\n<th scope=\"col\" style=\"text-align: center; vertical-align: middle;\"><strong>P<\/strong><\/th>\n<th scope=\"col\" style=\"text-align: center; vertical-align: middle;\"><strong>S<\/strong><\/th>\n<\/tr>\n<tr>\n<td style=\"text-align: center; vertical-align: middle;\"><strong>Min.<\/strong><\/td>\n<td style=\"text-align: center; vertical-align: middle;\"><\/td>\n<td style=\"text-align: center; vertical-align: middle;\">0,90<\/td>\n<td style=\"text-align: center; vertical-align: middle;\"><\/td>\n<td style=\"text-align: center; vertical-align: middle;\"><\/td>\n<td style=\"text-align: center; vertical-align: middle;\">0,27<\/td>\n<\/tr>\n<tr>\n<td style=\"text-align: center; vertical-align: middle;\"><strong>Max.<\/strong><\/td>\n<td style=\"text-align: center; vertical-align: middle;\">0,14<\/td>\n<td style=\"text-align: center; vertical-align: middle;\">1,30<\/td>\n<td style=\"text-align: center; vertical-align: middle;\">0,05<\/td>\n<td style=\"text-align: center; vertical-align: middle;\">0,11<\/td>\n<td style=\"text-align: center; vertical-align: middle;\">0,33<\/td>\n<\/tr>\n<\/tbody>\n<\/table>\n<\/div>\n<div id=\"t_caracteristicas\" class=\"tab\" style=\"display:none;\">\n<table border=\"1\" width=\"100%\">\n<tbody>\n<tr>\n<th colspan=\"2\" style=\"text-align: center; vertical-align: middle;\"><strong>Abmessungen<\/strong><\/th>\n<th colspan=\"2\" style=\"text-align: center; vertical-align: middle;\"><strong>Rm (N\/mm<sup>2<\/sup>)<\/strong><\/th>\n<th style=\"text-align: center; vertical-align: middle;\"><strong>H\u00e4rte-Richtwert<\/strong><\/th>\n<\/tr>\n<tr>\n<td class=\"gris\" colspan=\"2\" style=\"text-align: center; vertical-align: middle;\"><strong>Mm.<\/strong><\/td>\n<td class=\"gris\" style=\"text-align: center; vertical-align: middle;\"><strong>Min.<\/strong><\/td>\n<td class=\"gris\" style=\"text-align: center; vertical-align: middle;\"><strong>Max.<\/strong><\/td>\n<td class=\"gris\" style=\"text-align: center; vertical-align: middle;\"><strong>HB<\/strong><\/td>\n<\/tr>\n<tr>\n<td style=\"text-align: center; vertical-align: middle; white-space: nowrap;\">\u2265 5<\/td>\n<td style=\"text-align: center; vertical-align: middle; white-space: nowrap;\">\u2264 10<\/td>\n<td style=\"text-align: center; vertical-align: middle;\">380<\/td>\n<td style=\"text-align: center; vertical-align: middle; white-space: nowrap;\">570<\/td>\n<td style=\"text-align: center; vertical-align: middle; white-space: nowrap;\">112-169<\/td>\n<\/tr>\n<tr>\n<td style=\"text-align: center; vertical-align: middle; white-space: nowrap;\">&gt; 10<\/td>\n<td style=\"text-align: center; vertical-align: middle; white-space: nowrap;\">\u2264 16<\/td>\n<td style=\"text-align: center; vertical-align: middle;\">380<\/td>\n<td style=\"text-align: center; vertical-align: middle; white-space: nowrap;\">570<\/td>\n<td style=\"text-align: center; vertical-align: middle; white-space: nowrap;\">112-169<\/td>\n<\/tr>\n<tr>\n<td style=\"text-align: center; vertical-align: middle; white-space: nowrap;\">&gt; 16<\/td>\n<td style=\"text-align: center; vertical-align: middle; white-space: nowrap;\">\u2264 40<\/td>\n<td style=\"text-align: center; vertical-align: middle;\">380<\/td>\n<td style=\"text-align: center; vertical-align: middle; white-space: nowrap;\">570<\/td>\n<td style=\"text-align: center; vertical-align: middle; white-space: nowrap;\">112-169<\/td>\n<\/tr>\n<tr>\n<td style=\"text-align: center; vertical-align: middle; white-space: nowrap;\">&gt; 40<\/td>\n<td style=\"text-align: center; vertical-align: middle; white-space: nowrap;\">\u2264 63<\/td>\n<td style=\"text-align: center; vertical-align: middle;\">370<\/td>\n<td style=\"text-align: center; vertical-align: middle; white-space: nowrap;\">570<\/td>\n<td style=\"text-align: center; vertical-align: middle; white-space: nowrap;\">109-169<\/td>\n<\/tr>\n<tr>\n<td style=\"text-align: center; vertical-align: middle; white-space: nowrap;\">&gt;63<\/td>\n<td style=\"text-align: center; vertical-align: middle; white-space: nowrap;\">\u2264 100<\/td>\n<td style=\"text-align: center; vertical-align: middle;\">360<\/td>\n<td style=\"text-align: center; vertical-align: middle; white-space: nowrap;\">520<\/td>\n<td style=\"text-align: center; vertical-align: middle; white-space: nowrap;\">107-154<\/td>\n<\/tr>\n<\/tbody>\n<\/table>\n<\/div>\n<div id=\"t_equivalencias\" class=\"tab\" style=\"display: none;\">\n<table class=\"ea\" border=\"1\" width=\"100%\">\n<tbody>\n<tr>\n<th scope=\"col\" style=\"text-align: center; vertical-align: middle;\"><strong>EN<\/strong><\/th>\n<th scope=\"col\" style=\"text-align: center; vertical-align: middle;\"><strong>DIN<\/strong><\/th>\n<th scope=\"col\" style=\"text-align: center; vertical-align: middle;\"><strong>N\u00ba Stand<\/strong><\/th>\n<th scope=\"col\" style=\"text-align: center; vertical-align: middle;\"><strong>UNE<\/strong><\/th>\n<th scope=\"col\" style=\"text-align: center; vertical-align: middle;\"><strong>STAS<\/strong><\/th>\n<th scope=\"col\" style=\"text-align: center; vertical-align: middle;\"><strong>AFNOR<\/strong><\/th>\n<th scope=\"col\" style=\"text-align: center; vertical-align: middle;\"><strong>BS<\/strong><\/th>\n<th scope=\"col\" style=\"text-align: center; vertical-align: middle;\"><strong>UNI<\/strong><\/th>\n<th scope=\"col\" style=\"text-align: center; vertical-align: middle;\"><strong>AISI\/SAE<\/strong><\/th>\n<th scope=\"col\" style=\"text-align: center; vertical-align: middle;\"><strong>GOST<\/strong><\/th>\n<\/tr>\n<tr>\n<td style=\"text-align: center; vertical-align: middle;\">11SMn30<\/td>\n<td style=\"text-align: center; vertical-align: middle;\">95Mn28<\/td>\n<td style=\"text-align: center; vertical-align: middle;\">1.0715<\/td>\n<td style=\"text-align: center; vertical-align: middle;\">F2111<\/td>\n<td style=\"text-align: center; vertical-align: middle;\"><\/td>\n<td style=\"text-align: center; vertical-align: middle;\">S250<\/td>\n<td style=\"text-align: center; vertical-align: middle;\">230M07<\/td>\n<td style=\"text-align: center; vertical-align: middle;\">CF9S22<\/td>\n<td style=\"text-align: center; vertical-align: middle;\">1213<\/td>\n<td style=\"text-align: center; vertical-align: middle;\"><\/td>\n<\/tr>\n<\/tbody>\n<\/table>\n<\/div>\n<\/div>\n<div class=\"container ficha_descarga\">\n<a class=\"btn_ausa\" title=\"Technisches Datenblatt Stahl f\u00fcr leichte Bearbeitbarkeit 11SMn30\" href=\"https:\/\/www.ausasteel.com\/wp-content\/uploads\/2017\/09\/Stahl-leichte-Bearbeitbarkeit-1SMn30-AUSA.pdf\" target=\"_blank\">Technisches Datenblatt Stahl f\u00fcr leichte Bearbeitbarkeit 11SMn30<\/a>\n<\/div>\n<\/div>\n<div class=\"row informacion_tecnica_ficha\">\n<div class=\"container\">\n<ul>\n<li id=\"menu-item-7428\" class=\"calculadora-peso menu-item menu-item-type-post_type menu-item-object-page menu-item-7428\"><a href=\"https:\/\/www.ausasteel.com\/de\/technische-angaben\/gewichtsrechner\/\">Gewichtsrechner<\/a><\/li>\n<li id=\"menu-item-7429\" class=\"tolerancias-dimensionales menu-item menu-item-type-post_type menu-item-object-page menu-item-7429\"><a href=\"https:\/\/www.ausasteel.com\/de\/technische-angaben\/masstoleranzen\/\">Masstoleranzen<\/a><\/li>\n<\/ul>\n<\/div>\n<\/div>\n<div class=\"row relacionados\">\n<div class=\"contaienr\">\n<h2>Verwandte kalibrierte St\u00e4hle f\u00fcr leichte Bearbeitbarkeit<\/h2>\n<p>[vc_widget_sidebar show_bg=&#8221;false&#8221; sidebar_id=&#8221;sidebar_23&#8243;]\n<\/p><\/div>\n<\/div><!-- AddThis Advanced Settings generic via filter on the_content -->","protected":false},"excerpt":{"rendered":"<p>Stahl f\u00fcr leichte Bearbeitbarkeit 11SMn30 R\u00fcckgeschwefelter Stahl verbesserter Bearbeitbarkeit. AUSLIEFERUNGSZUST\u00c4ND Walzrohling. ABMESSUNGEN AUF LAGER (in mm.) 40-100 ANWENDUNGSNORM EN 10087 FARBCODE BESCHREIBUNG UND H\u00c4UFIGSTE ANWENDUNGEN Er wird in vielen Anwendungen eingesetzt, die keine gro\u00dfen mechanischen Anforderungen stellen. Seine h\u00e4ufigsten Anwendungen sind Schraubenmaterial und Spannstifte. Chemische Zusammensetzung Mechanische Eigenschaften Ungef\u00e4hre \u00e4quivalenzen C Mn Si P S&hellip;<!-- AddThis Advanced Settings generic via filter on get_the_excerpt --><\/p>\n","protected":false},"author":1,"featured_media":0,"parent":6777,"menu_order":0,"comment_status":"closed","ping_status":"open","template":"","meta":{"footnotes":""},"class_list":["post-7063","page","type-page","status-publish","hentry"],"yoast_head":"<!-- This site is optimized with the Yoast SEO plugin v26.6 - https:\/\/yoast.com\/wordpress\/plugins\/seo\/ -->\n<title>Stahl f\u00fcr leichte Bearbeitbarkeit 11SMn30 - AUSA<\/title>\n<meta name=\"description\" content=\"R\u00fcckgeschwefelter Stahl verbesserter Bearbeitbarkeit.\" \/>\n<meta name=\"robots\" content=\"index, follow, max-snippet:-1, max-image-preview:large, max-video-preview:-1\" \/>\n<link rel=\"canonical\" href=\"https:\/\/www.ausasteel.com\/de\/stahle\/spezialstahlen\/stahle-fur-leichte-bearbeitbarkeit\/stahl-fur-leichte-bearbeitbarkeit-11smn30\/\" \/>\n<meta property=\"og:locale\" content=\"de_DE\" \/>\n<meta property=\"og:type\" content=\"article\" \/>\n<meta property=\"og:title\" content=\"Stahl f\u00fcr leichte Bearbeitbarkeit 11SMn30 - AUSA\" \/>\n<meta property=\"og:description\" content=\"R\u00fcckgeschwefelter Stahl verbesserter Bearbeitbarkeit.\" \/>\n<meta property=\"og:url\" content=\"https:\/\/www.ausasteel.com\/de\/stahle\/spezialstahlen\/stahle-fur-leichte-bearbeitbarkeit\/stahl-fur-leichte-bearbeitbarkeit-11smn30\/\" \/>\n<meta property=\"og:site_name\" content=\"AUSA special steels\" \/>\n<meta property=\"article:modified_time\" content=\"2019-09-11T15:55:08+00:00\" \/>\n<meta name=\"twitter:label1\" content=\"Est. reading time\" \/>\n\t<meta name=\"twitter:data1\" content=\"1 minute\" \/>\n<script type=\"application\/ld+json\" class=\"yoast-schema-graph\">{\"@context\":\"https:\/\/schema.org\",\"@graph\":[{\"@type\":\"WebPage\",\"@id\":\"https:\/\/www.ausasteel.com\/de\/stahle\/spezialstahlen\/stahle-fur-leichte-bearbeitbarkeit\/stahl-fur-leichte-bearbeitbarkeit-11smn30\/\",\"url\":\"https:\/\/www.ausasteel.com\/de\/stahle\/spezialstahlen\/stahle-fur-leichte-bearbeitbarkeit\/stahl-fur-leichte-bearbeitbarkeit-11smn30\/\",\"name\":\"Stahl f\u00fcr leichte Bearbeitbarkeit 11SMn30 - AUSA\",\"isPartOf\":{\"@id\":\"https:\/\/www.ausasteel.com\/de\/#website\"},\"datePublished\":\"2014-10-27T23:03:18+00:00\",\"dateModified\":\"2019-09-11T15:55:08+00:00\",\"description\":\"R\u00fcckgeschwefelter Stahl verbesserter Bearbeitbarkeit.\",\"breadcrumb\":{\"@id\":\"https:\/\/www.ausasteel.com\/de\/stahle\/spezialstahlen\/stahle-fur-leichte-bearbeitbarkeit\/stahl-fur-leichte-bearbeitbarkeit-11smn30\/#breadcrumb\"},\"inLanguage\":\"de-DE\",\"potentialAction\":[{\"@type\":\"ReadAction\",\"target\":[\"https:\/\/www.ausasteel.com\/de\/stahle\/spezialstahlen\/stahle-fur-leichte-bearbeitbarkeit\/stahl-fur-leichte-bearbeitbarkeit-11smn30\/\"]}]},{\"@type\":\"BreadcrumbList\",\"@id\":\"https:\/\/www.ausasteel.com\/de\/stahle\/spezialstahlen\/stahle-fur-leichte-bearbeitbarkeit\/stahl-fur-leichte-bearbeitbarkeit-11smn30\/#breadcrumb\",\"itemListElement\":[{\"@type\":\"ListItem\",\"position\":1,\"name\":\"Portada\",\"item\":\"https:\/\/www.ausasteel.com\/de\/\"},{\"@type\":\"ListItem\",\"position\":2,\"name\":\"St\u00e4hle\",\"item\":\"https:\/\/www.ausasteel.com\/de\/stahle\/\"},{\"@type\":\"ListItem\",\"position\":3,\"name\":\"Spezialst\u00e4hle\",\"item\":\"https:\/\/www.ausasteel.com\/de\/stahle\/spezialstahlen\/\"},{\"@type\":\"ListItem\",\"position\":4,\"name\":\"St\u00e4hle f\u00fcr leichte Bearbeitbarkeit\",\"item\":\"https:\/\/www.ausasteel.com\/de\/stahle\/spezialstahlen\/stahle-fur-leichte-bearbeitbarkeit\/\"},{\"@type\":\"ListItem\",\"position\":5,\"name\":\"Stahl f\u00fcr leichte Bearbeitbarkeit 11SMn30\"}]},{\"@type\":\"WebSite\",\"@id\":\"https:\/\/www.ausasteel.com\/de\/#website\",\"url\":\"https:\/\/www.ausasteel.com\/de\/\",\"name\":\"AUSA special steels\",\"description\":\"AUSA special steels\",\"potentialAction\":[{\"@type\":\"SearchAction\",\"target\":{\"@type\":\"EntryPoint\",\"urlTemplate\":\"https:\/\/www.ausasteel.com\/de\/?s={search_term_string}\"},\"query-input\":{\"@type\":\"PropertyValueSpecification\",\"valueRequired\":true,\"valueName\":\"search_term_string\"}}],\"inLanguage\":\"de-DE\"}]}<\/script>\n<!-- \/ Yoast SEO plugin. -->","yoast_head_json":{"title":"Stahl f\u00fcr leichte Bearbeitbarkeit 11SMn30 - AUSA","description":"R\u00fcckgeschwefelter Stahl verbesserter Bearbeitbarkeit.","robots":{"index":"index","follow":"follow","max-snippet":"max-snippet:-1","max-image-preview":"max-image-preview:large","max-video-preview":"max-video-preview:-1"},"canonical":"https:\/\/www.ausasteel.com\/de\/stahle\/spezialstahlen\/stahle-fur-leichte-bearbeitbarkeit\/stahl-fur-leichte-bearbeitbarkeit-11smn30\/","og_locale":"de_DE","og_type":"article","og_title":"Stahl f\u00fcr leichte Bearbeitbarkeit 11SMn30 - AUSA","og_description":"R\u00fcckgeschwefelter Stahl verbesserter Bearbeitbarkeit.","og_url":"https:\/\/www.ausasteel.com\/de\/stahle\/spezialstahlen\/stahle-fur-leichte-bearbeitbarkeit\/stahl-fur-leichte-bearbeitbarkeit-11smn30\/","og_site_name":"AUSA special steels","article_modified_time":"2019-09-11T15:55:08+00:00","twitter_misc":{"Est. reading time":"1 minute"},"schema":{"@context":"https:\/\/schema.org","@graph":[{"@type":"WebPage","@id":"https:\/\/www.ausasteel.com\/de\/stahle\/spezialstahlen\/stahle-fur-leichte-bearbeitbarkeit\/stahl-fur-leichte-bearbeitbarkeit-11smn30\/","url":"https:\/\/www.ausasteel.com\/de\/stahle\/spezialstahlen\/stahle-fur-leichte-bearbeitbarkeit\/stahl-fur-leichte-bearbeitbarkeit-11smn30\/","name":"Stahl f\u00fcr leichte Bearbeitbarkeit 11SMn30 - AUSA","isPartOf":{"@id":"https:\/\/www.ausasteel.com\/de\/#website"},"datePublished":"2014-10-27T23:03:18+00:00","dateModified":"2019-09-11T15:55:08+00:00","description":"R\u00fcckgeschwefelter Stahl verbesserter Bearbeitbarkeit.","breadcrumb":{"@id":"https:\/\/www.ausasteel.com\/de\/stahle\/spezialstahlen\/stahle-fur-leichte-bearbeitbarkeit\/stahl-fur-leichte-bearbeitbarkeit-11smn30\/#breadcrumb"},"inLanguage":"de-DE","potentialAction":[{"@type":"ReadAction","target":["https:\/\/www.ausasteel.com\/de\/stahle\/spezialstahlen\/stahle-fur-leichte-bearbeitbarkeit\/stahl-fur-leichte-bearbeitbarkeit-11smn30\/"]}]},{"@type":"BreadcrumbList","@id":"https:\/\/www.ausasteel.com\/de\/stahle\/spezialstahlen\/stahle-fur-leichte-bearbeitbarkeit\/stahl-fur-leichte-bearbeitbarkeit-11smn30\/#breadcrumb","itemListElement":[{"@type":"ListItem","position":1,"name":"Portada","item":"https:\/\/www.ausasteel.com\/de\/"},{"@type":"ListItem","position":2,"name":"St\u00e4hle","item":"https:\/\/www.ausasteel.com\/de\/stahle\/"},{"@type":"ListItem","position":3,"name":"Spezialst\u00e4hle","item":"https:\/\/www.ausasteel.com\/de\/stahle\/spezialstahlen\/"},{"@type":"ListItem","position":4,"name":"St\u00e4hle f\u00fcr leichte Bearbeitbarkeit","item":"https:\/\/www.ausasteel.com\/de\/stahle\/spezialstahlen\/stahle-fur-leichte-bearbeitbarkeit\/"},{"@type":"ListItem","position":5,"name":"Stahl f\u00fcr leichte Bearbeitbarkeit 11SMn30"}]},{"@type":"WebSite","@id":"https:\/\/www.ausasteel.com\/de\/#website","url":"https:\/\/www.ausasteel.com\/de\/","name":"AUSA special steels","description":"AUSA special steels","potentialAction":[{"@type":"SearchAction","target":{"@type":"EntryPoint","urlTemplate":"https:\/\/www.ausasteel.com\/de\/?s={search_term_string}"},"query-input":{"@type":"PropertyValueSpecification","valueRequired":true,"valueName":"search_term_string"}}],"inLanguage":"de-DE"}]}},"_links":{"self":[{"href":"https:\/\/www.ausasteel.com\/de\/wp-json\/wp\/v2\/pages\/7063","targetHints":{"allow":["GET"]}}],"collection":[{"href":"https:\/\/www.ausasteel.com\/de\/wp-json\/wp\/v2\/pages"}],"about":[{"href":"https:\/\/www.ausasteel.com\/de\/wp-json\/wp\/v2\/types\/page"}],"author":[{"embeddable":true,"href":"https:\/\/www.ausasteel.com\/de\/wp-json\/wp\/v2\/users\/1"}],"replies":[{"embeddable":true,"href":"https:\/\/www.ausasteel.com\/de\/wp-json\/wp\/v2\/comments?post=7063"}],"version-history":[{"count":12,"href":"https:\/\/www.ausasteel.com\/de\/wp-json\/wp\/v2\/pages\/7063\/revisions"}],"predecessor-version":[{"id":16002,"href":"https:\/\/www.ausasteel.com\/de\/wp-json\/wp\/v2\/pages\/7063\/revisions\/16002"}],"up":[{"embeddable":true,"href":"https:\/\/www.ausasteel.com\/de\/wp-json\/wp\/v2\/pages\/6777"}],"wp:attachment":[{"href":"https:\/\/www.ausasteel.com\/de\/wp-json\/wp\/v2\/media?parent=7063"}],"curies":[{"name":"wp","href":"https:\/\/api.w.org\/{rel}","templated":true}]}}