    {"id":7062,"date":"2014-10-27T22:54:23","date_gmt":"2014-10-27T22:54:23","guid":{"rendered":"http:\/\/ausasteel.irantzu.com\/spezialstahlen\/werkzeugstahle-fur-warmverformung\/acero-de-herramienta-para-trabajo-en-caliente-1-2344esr\/"},"modified":"2019-09-11T15:55:24","modified_gmt":"2019-09-11T15:55:24","slug":"werkzeugstahl-fur-warmverformung-1-2344esr","status":"publish","type":"page","link":"https:\/\/www.ausasteel.com\/de\/stahle\/spezialstahlen\/werkzeugstahle-fur-warmverformung\/werkzeugstahl-fur-warmverformung-1-2344esr\/","title":{"rendered":"Werkzeugst\u00e4hl f\u00fcr Warmverformung 1.2344ESR"},"content":{"rendered":"<div class=\"row\">\n<div class=\"container\">\n<div>\n<h1>Werkzeugst\u00e4hl f\u00fcr Warmverformung 1.2344ESR<\/h1>\n<h3><strong>Hohe mechanische Festigkeit bei h\u00f6heren Temperaturen<\/strong>. Hohe<strong> Widerstandsf\u00e4higkeit gegen Risse und Temperaturschocks<\/strong>. <strong>Hohe Z\u00e4higkeit<\/strong> im warmen Zustand.<\/h3>\n<\/div>\n<div class=\"caja_bloques\">\n<div class=\"col-md-5\">\n<div class=\"bloque\">\n<h4>AUSLIEFERUNGSZUST\u00c4ND<\/h4>\n<p>Weichgl\u00fchen.<\/p>\n<\/div>\n<div class=\"bloque\">\n<h4>ABMESSUNGEN AUF LAGER (in mm.)<\/h4>\n<ul>\n<li><img decoding=\"async\" src=\"\/wp-content\/uploads\/2014\/10\/circulo.png\" alt=\"circle\" \/><span>21-603<\/span><\/li>\n<li><img decoding=\"async\" src=\"\/wp-content\/uploads\/2014\/10\/cuadrado.png\" alt=\"square\"\/><span>80-403<\/span><\/li>\n<li><img decoding=\"async\" src=\"\/wp-content\/uploads\/2014\/10\/rectangulo.png\" alt=\"rectangle\" \/><span>102\u00d730 \u2013 605\u00d7300<\/span><\/li>\n<\/ul>\n<\/div>\n<div class=\"bloque\">\n<h4>ANWENDUNGSNORM<\/h4>\n<p>EN ISO 4957<\/p>\n<\/div>\n<div class=\"bloque\">\n<h4>FARBCODE<\/h4>\n<div class=\"figura\" style=\"width: 50px;height: 50px;border: 2px solid #808080 ;border-radius: 50%;position: relative;background:blue;\"><div><span style=\"position: absolute;display:inline-block;width:0;height:0;line-height:0;border:25px solid none;border-left:none;border-bottom-right-radius:50px;border-top-right-radius:50px;left:25px;top:0px\"><\/span><span style=\"position: absolute;display:inline-block;width:0;height:0;line-height:0;border:25px solid none;border-right:none;border-bottom-left-radius:50px;border-top-left-radius:50px;left:0px;top:0px\"><\/span><\/div><div style=\"width: 30px;height: 30px;border-radius: 50%;position: absolute;top: 10px;left: 10px;background: none;z-index: 3;\"><\/div><div style=\"width: 8px;height: 50px;display: block;position: absolute;z-index: 3;top: 50%;left: 50%;margin: -25px 0 0 -4px;background:white;\"><\/div><\/div><\/div>\n<\/div>\n<div class=\"col-md-7\">\n<div class=\"bloque\">\n<h4>BESCHREIBUNG UND H\u00c4UFIGSTE ANWENDUNGEN<\/h4>\n<p>Seine h\u00e4ufigsten <strong>Anwendungen<\/strong> sind Spritzgussformen f\u00fcr Aluminium, Zamak und Kupferlegierungen, D\u00fcsen f\u00fcr Aluminium-Extruder, Stanzwerkzeuge f\u00fcr Warmschmieden von Stahl, Spritzgussformen f\u00fcr Kunststoff in gro\u00dfen Serien, Walzrollen, Scherenmesser zum Warmschneiden sowie Scherenmesser und Schneidwerkzeuge f\u00fcr gro\u00dfe St\u00e4rken.<\/p>\n<div class=\"galeria_ficha\">\n<div class=\"previsualizacion\">\n<img decoding=\"async\" id=\"preview\" src=\"\/wp-content\/uploads\/2015\/05\/Acero-Herramienta-Caliente-1.2344ESR.png\" alt=\"Werkzeugst\u00e4hl f\u00fcr Warmverformung 1.2344ESR - AUSA\" title=\"Werkzeugst\u00e4hl f\u00fcr Warmverformung 1.2344ESR - AUSA\"><a class=\"wp-colorbox-image\" href=\"\/wp-content\/uploads\/2015\/05\/Acero-Herramienta-Caliente-1.2344ESR.png\" data-rel=\"lightbox-gallery-nD7L5io9\" data-rl_title=\"\" data-rl_caption=\"\" title=\"\"><\/a>\n<\/div>\n<div class=\"miniaturas\">\n<img decoding=\"async\" class=\"thumbnail active\" onclick=\"showGallery(event)\" src=\"\/wp-content\/uploads\/2015\/05\/Acero-Herramienta-Caliente-1.2344ESR.png\" alt=\"Werkzeugst\u00e4hl f\u00fcr Warmverformung 1.2344ESR - AUSA\" title=\"Werkzeugst\u00e4hl f\u00fcr Warmverformung 1.2344ESR - AUSA\" ><\/p>\n<\/div>\n<\/div>\n<\/div>\n<\/div>\n<\/div>\n<\/div>\n<\/div>\n<div class=\"row\">\n<div class=\"container caja_tablas\">\n<div class=\"selectores\">\n<button class=\"selector_tab active\" onclick=\"openTab(event,'t_composicion')\">Chemische Zusammensetzung<\/button><br \/>\n<button class=\"selector_tab\" onclick=\"openTab(event,'t_tratamientos')\">Thermische behandlungen \u2013 Ungef\u00e4hre temperaturen<\/button><br \/>\n<button class=\"selector_tab\" onclick=\"openTab(event,'t_caracteristicas')\">Mechanische Eigenschaften<\/button><br \/>\n<button class=\"selector_tab\" onclick=\"openTab(event,'t_equivalencias')\">Ungef\u00e4hre \u00e4quivalenzen<\/button>\n<\/div>\n<div id=\"t_composicion\" class=\"tab\">\n<table class=\"footable\" border=\"1\" width=\"100%\">\n<tbody>\n<tr>\n<th scope=\"col\" style=\"text-align: center; vertical-align: middle;\"><\/th>\n<th scope=\"col\" style=\"text-align: center; vertical-align: middle;\"><strong>C<\/strong><\/th>\n<th scope=\"col\" style=\"text-align: center; vertical-align: middle;\"><strong>Mn<\/strong><\/th>\n<th scope=\"col\" style=\"text-align: center; vertical-align: middle;\"><strong>Si<\/strong><\/th>\n<th scope=\"col\" style=\"text-align: center; vertical-align: middle;\"><strong>P<\/strong><\/th>\n<th scope=\"col\" style=\"text-align: center; vertical-align: middle;\"><strong>S<\/strong><\/th>\n<th scope=\"col\" style=\"text-align: center; vertical-align: middle;\"><strong>Cr<\/strong><\/th>\n<th scope=\"col\" style=\"text-align: center; vertical-align: middle;\"><strong>Mo<\/strong><\/th>\n<th scope=\"col\" style=\"text-align: center; vertical-align: middle;\"><strong>V<\/strong><\/th>\n<\/tr>\n<tr>\n<td style=\"text-align: center; vertical-align: middle;\"><strong>Min.<\/strong><\/td>\n<td style=\"text-align: center; vertical-align: middle;\">0,35<\/td>\n<td style=\"text-align: center; vertical-align: middle;\">0,25<\/td>\n<td style=\"text-align: center; vertical-align: middle;\">&nbsp;0,80<\/td>\n<td style=\"text-align: center; vertical-align: middle;\"><\/td>\n<td style=\"text-align: center; vertical-align: middle;\"><\/td>\n<td style=\"text-align: center; vertical-align: middle;\">4,80<\/td>\n<td style=\"text-align: center; vertical-align: middle;\">1,20<\/td>\n<td style=\"text-align: center; vertical-align: middle;\">&nbsp;0,85<\/td>\n<\/tr>\n<tr>\n<td style=\"text-align: center; vertical-align: middle;\"><strong>Max.<\/strong><\/td>\n<td style=\"text-align: center; vertical-align: middle;\">0,42<\/td>\n<td style=\"text-align: center; vertical-align: middle;\">0,50<\/td>\n<td style=\"text-align: center; vertical-align: middle;\">1,20<\/td>\n<td style=\"text-align: center; vertical-align: middle;\">0,030<\/td>\n<td style=\"text-align: center; vertical-align: middle;\">0,030<\/td>\n<td style=\"text-align: center; vertical-align: middle;\">5,50<\/td>\n<td style=\"text-align: center; vertical-align: middle;\">1,50<\/td>\n<td style=\"text-align: center; vertical-align: middle;\">1,15<\/td>\n<\/tr>\n<\/tbody>\n<\/table>\n<\/div>\n<div id=\"t_tratamientos\" class=\"tab\" style=\"display:none;\">\n<table class=\"tt\" border=\"1\" width=\"100%\">\n<tbody>\n<tr>\n<th scope=\"col\" style=\"text-align: center; vertical-align: middle;\"><strong>Weichgl\u00fchen \u00ba C<\/strong><\/th>\n<th scope=\"col\" style=\"text-align: center; vertical-align: middle;\"><strong>H\u00e4rten \u00baC<\/strong><\/th>\n<th scope=\"col\" style=\"text-align: center; vertical-align: middle;\"><strong>Anlassen \u00baC<\/strong><\/th>\n<\/tr>\n<tr>\n<td style=\"text-align: center; vertical-align: middle;\">760-820<\/td>\n<td style=\"text-align: center; vertical-align: middle;\">1020-1050 Hei\u00dfluft-Bade\u00f6l<\/td>\n<td style=\"text-align: center; vertical-align: middle;\">525-600<\/td>\n<\/tr>\n<\/tbody>\n<\/table>\n<\/div>\n<div id=\"t_caracteristicas\" class=\"tab\" style=\"display:none;\">\n<p>Mechanische Eigenschaften bei Raumtemperatur im weichgegl\u00fchten Zustand.<\/p>\n<table class=\"cm\" border=\"1\" width=\"100%\">\n<tbody>\n<tr>\n<td>Maximale H\u00e4rte<\/td>\n<td style=\"text-align: center;\">229 HB<\/td>\n<\/tr>\n<\/tbody>\n<\/table>\n<\/div>\n<div id=\"t_equivalencias\" class=\"tab\" style=\"display: none;\">\n<table class=\"ea\" border=\"1\" width=\"100%\">\n<tbody>\n<tr>\n<th scope=\"col\" style=\"text-align: center; vertical-align: middle;\"><strong>EN<\/strong><\/th>\n<th scope=\"col\" style=\"text-align: center; vertical-align: middle;\"><strong>DIN<\/strong><\/th>\n<th scope=\"col\" style=\"text-align: center; vertical-align: middle;\"><strong>N\u00ba Stand<\/strong><\/th>\n<th scope=\"col\" style=\"text-align: center; vertical-align: middle;\"><strong>UNE<\/strong><\/th>\n<th scope=\"col\" style=\"text-align: center; vertical-align: middle;\"><strong>STAS<\/strong><\/th>\n<th scope=\"col\" style=\"text-align: center; vertical-align: middle;\"><strong>AFNOR<\/strong><\/th>\n<th scope=\"col\" style=\"text-align: center; vertical-align: middle;\"><strong>BS<\/strong><\/th>\n<th scope=\"col\" style=\"text-align: center; vertical-align: middle;\"><strong>UNI<\/strong><\/th>\n<th scope=\"col\" style=\"text-align: center; vertical-align: middle;\"><strong>AISI\/SAE<\/strong><\/th>\n<th scope=\"col\" style=\"text-align: center; vertical-align: middle;\"><strong>GOST<\/strong><\/th>\n<\/tr>\n<tr>\n<td style=\"text-align: center; vertical-align: middle;\">X40CrMoV5-1<\/td>\n<td style=\"text-align: center; vertical-align: middle;\">X40CrMoV5-1<\/td>\n<td style=\"text-align: center; vertical-align: middle;\">1.2344<\/td>\n<td style=\"text-align: center; vertical-align: middle;\">F5318<\/td>\n<td style=\"text-align: center; vertical-align: middle;\"><\/td>\n<td style=\"text-align: center; vertical-align: middle;\">Z40CDV5<\/td>\n<td style=\"text-align: center; vertical-align: middle;\">BH13<\/td>\n<td style=\"text-align: center; vertical-align: middle;\">&nbsp;X40CrMoV5 1 1 KU<\/td>\n<td style=\"text-align: center; vertical-align: middle;\">&nbsp;H13<\/td>\n<td style=\"text-align: center; vertical-align: middle;\">4\u04255\u041c\u04241\u0421-\u0428<\/td>\n<\/tr>\n<\/tbody>\n<\/table>\n<\/div>\n<\/div>\n<div class=\"container ficha_descarga\">\n<a class=\"btn_ausa\" title=\"Technisches Datenblatt Werkzeugstahl f\u00fcr Warmverformung 1.2344ESR\" href=\"\/fichas\/Werkzeugst\u00e4hl-Warmverformung-1.2344ESR-AUSA.pdf\" target=\"_blank\">Technisches Datenblatt Werkzeugstahl f\u00fcr Warmverformung 1.2344ESR<\/a>\n<\/div>\n<\/div>\n<div class=\"row informacion_tecnica_ficha\">\n<div class=\"container\">\n<ul>\n<li id=\"menu-item-7428\" class=\"calculadora-peso menu-item menu-item-type-post_type menu-item-object-page menu-item-7428\"><a href=\"https:\/\/www.ausasteel.com\/de\/technische-angaben\/gewichtsrechner\/\">Gewichtsrechner<\/a><\/li>\n<li id=\"menu-item-7429\" class=\"tolerancias-dimensionales menu-item menu-item-type-post_type menu-item-object-page menu-item-7429\"><a href=\"https:\/\/www.ausasteel.com\/de\/technische-angaben\/masstoleranzen\/\">Masstoleranzen<\/a><\/li>\n<\/ul>\n<\/div>\n<\/div>\n<div class=\"row relacionados\">\n<div class=\"contaienr\">\n<h2>Verwandte Warmarbeitsst\u00e4hle<\/h2>\n<p>[vc_widget_sidebar show_bg=&#8221;false&#8221; sidebar_id=&#8221;sidebar_19&#8243;]\n<\/p><\/div>\n<\/div><!-- AddThis Advanced Settings generic via filter on the_content -->","protected":false},"excerpt":{"rendered":"<p>Werkzeugst\u00e4hl f\u00fcr Warmverformung 1.2344ESR Hohe mechanische Festigkeit bei h\u00f6heren Temperaturen. Hohe Widerstandsf\u00e4higkeit gegen Risse und Temperaturschocks. Hohe Z\u00e4higkeit im warmen Zustand. AUSLIEFERUNGSZUST\u00c4ND Weichgl\u00fchen. ABMESSUNGEN AUF LAGER (in mm.) 21-603 80-403 102\u00d730 \u2013 605\u00d7300 ANWENDUNGSNORM EN ISO 4957 FARBCODE BESCHREIBUNG UND H\u00c4UFIGSTE ANWENDUNGEN Seine h\u00e4ufigsten Anwendungen sind Spritzgussformen f\u00fcr Aluminium, Zamak und Kupferlegierungen, D\u00fcsen f\u00fcr Aluminium-Extruder,&hellip;<!-- AddThis Advanced Settings generic via filter on get_the_excerpt --><\/p>\n","protected":false},"author":1,"featured_media":0,"parent":6779,"menu_order":0,"comment_status":"closed","ping_status":"open","template":"","meta":{"footnotes":""},"class_list":["post-7062","page","type-page","status-publish","hentry"],"yoast_head":"<!-- This site is optimized with the Yoast SEO plugin v26.6 - https:\/\/yoast.com\/wordpress\/plugins\/seo\/ -->\n<title>Werkzeugst\u00e4hl f\u00fcr Warmverformung 1.2344ESR - AUSA<\/title>\n<meta name=\"description\" content=\"Hohe mechanische Festigkeit bei h\u00f6heren Temperaturen.\" \/>\n<meta name=\"robots\" content=\"index, follow, max-snippet:-1, max-image-preview:large, max-video-preview:-1\" \/>\n<link rel=\"canonical\" href=\"https:\/\/www.ausasteel.com\/de\/stahle\/spezialstahlen\/werkzeugstahle-fur-warmverformung\/werkzeugstahl-fur-warmverformung-1-2344esr\/\" \/>\n<meta property=\"og:locale\" content=\"de_DE\" \/>\n<meta property=\"og:type\" content=\"article\" \/>\n<meta property=\"og:title\" content=\"Werkzeugst\u00e4hl f\u00fcr Warmverformung 1.2344ESR - AUSA\" \/>\n<meta property=\"og:description\" content=\"Hohe mechanische Festigkeit bei h\u00f6heren Temperaturen.\" \/>\n<meta property=\"og:url\" content=\"https:\/\/www.ausasteel.com\/de\/stahle\/spezialstahlen\/werkzeugstahle-fur-warmverformung\/werkzeugstahl-fur-warmverformung-1-2344esr\/\" \/>\n<meta property=\"og:site_name\" content=\"AUSA special steels\" \/>\n<meta property=\"article:modified_time\" content=\"2019-09-11T15:55:24+00:00\" \/>\n<meta name=\"twitter:label1\" content=\"Est. reading time\" \/>\n\t<meta name=\"twitter:data1\" content=\"1 minute\" \/>\n<script type=\"application\/ld+json\" class=\"yoast-schema-graph\">{\"@context\":\"https:\/\/schema.org\",\"@graph\":[{\"@type\":\"WebPage\",\"@id\":\"https:\/\/www.ausasteel.com\/de\/stahle\/spezialstahlen\/werkzeugstahle-fur-warmverformung\/werkzeugstahl-fur-warmverformung-1-2344esr\/\",\"url\":\"https:\/\/www.ausasteel.com\/de\/stahle\/spezialstahlen\/werkzeugstahle-fur-warmverformung\/werkzeugstahl-fur-warmverformung-1-2344esr\/\",\"name\":\"Werkzeugst\u00e4hl f\u00fcr Warmverformung 1.2344ESR - AUSA\",\"isPartOf\":{\"@id\":\"https:\/\/www.ausasteel.com\/de\/#website\"},\"datePublished\":\"2014-10-27T22:54:23+00:00\",\"dateModified\":\"2019-09-11T15:55:24+00:00\",\"description\":\"Hohe mechanische Festigkeit bei h\u00f6heren Temperaturen.\",\"breadcrumb\":{\"@id\":\"https:\/\/www.ausasteel.com\/de\/stahle\/spezialstahlen\/werkzeugstahle-fur-warmverformung\/werkzeugstahl-fur-warmverformung-1-2344esr\/#breadcrumb\"},\"inLanguage\":\"de-DE\",\"potentialAction\":[{\"@type\":\"ReadAction\",\"target\":[\"https:\/\/www.ausasteel.com\/de\/stahle\/spezialstahlen\/werkzeugstahle-fur-warmverformung\/werkzeugstahl-fur-warmverformung-1-2344esr\/\"]}]},{\"@type\":\"BreadcrumbList\",\"@id\":\"https:\/\/www.ausasteel.com\/de\/stahle\/spezialstahlen\/werkzeugstahle-fur-warmverformung\/werkzeugstahl-fur-warmverformung-1-2344esr\/#breadcrumb\",\"itemListElement\":[{\"@type\":\"ListItem\",\"position\":1,\"name\":\"Portada\",\"item\":\"https:\/\/www.ausasteel.com\/de\/\"},{\"@type\":\"ListItem\",\"position\":2,\"name\":\"St\u00e4hle\",\"item\":\"https:\/\/www.ausasteel.com\/de\/stahle\/\"},{\"@type\":\"ListItem\",\"position\":3,\"name\":\"Spezialst\u00e4hle\",\"item\":\"https:\/\/www.ausasteel.com\/de\/stahle\/spezialstahlen\/\"},{\"@type\":\"ListItem\",\"position\":4,\"name\":\"Werkzeugst\u00e4hle f\u00fcr Warmverformung\",\"item\":\"https:\/\/www.ausasteel.com\/de\/stahle\/spezialstahlen\/werkzeugstahle-fur-warmverformung\/\"},{\"@type\":\"ListItem\",\"position\":5,\"name\":\"Werkzeugst\u00e4hl f\u00fcr Warmverformung 1.2344ESR\"}]},{\"@type\":\"WebSite\",\"@id\":\"https:\/\/www.ausasteel.com\/de\/#website\",\"url\":\"https:\/\/www.ausasteel.com\/de\/\",\"name\":\"AUSA special steels\",\"description\":\"AUSA special steels\",\"potentialAction\":[{\"@type\":\"SearchAction\",\"target\":{\"@type\":\"EntryPoint\",\"urlTemplate\":\"https:\/\/www.ausasteel.com\/de\/?s={search_term_string}\"},\"query-input\":{\"@type\":\"PropertyValueSpecification\",\"valueRequired\":true,\"valueName\":\"search_term_string\"}}],\"inLanguage\":\"de-DE\"}]}<\/script>\n<!-- \/ Yoast SEO plugin. -->","yoast_head_json":{"title":"Werkzeugst\u00e4hl f\u00fcr Warmverformung 1.2344ESR - AUSA","description":"Hohe mechanische Festigkeit bei h\u00f6heren Temperaturen.","robots":{"index":"index","follow":"follow","max-snippet":"max-snippet:-1","max-image-preview":"max-image-preview:large","max-video-preview":"max-video-preview:-1"},"canonical":"https:\/\/www.ausasteel.com\/de\/stahle\/spezialstahlen\/werkzeugstahle-fur-warmverformung\/werkzeugstahl-fur-warmverformung-1-2344esr\/","og_locale":"de_DE","og_type":"article","og_title":"Werkzeugst\u00e4hl f\u00fcr Warmverformung 1.2344ESR - AUSA","og_description":"Hohe mechanische Festigkeit bei h\u00f6heren Temperaturen.","og_url":"https:\/\/www.ausasteel.com\/de\/stahle\/spezialstahlen\/werkzeugstahle-fur-warmverformung\/werkzeugstahl-fur-warmverformung-1-2344esr\/","og_site_name":"AUSA special steels","article_modified_time":"2019-09-11T15:55:24+00:00","twitter_misc":{"Est. reading time":"1 minute"},"schema":{"@context":"https:\/\/schema.org","@graph":[{"@type":"WebPage","@id":"https:\/\/www.ausasteel.com\/de\/stahle\/spezialstahlen\/werkzeugstahle-fur-warmverformung\/werkzeugstahl-fur-warmverformung-1-2344esr\/","url":"https:\/\/www.ausasteel.com\/de\/stahle\/spezialstahlen\/werkzeugstahle-fur-warmverformung\/werkzeugstahl-fur-warmverformung-1-2344esr\/","name":"Werkzeugst\u00e4hl f\u00fcr Warmverformung 1.2344ESR - AUSA","isPartOf":{"@id":"https:\/\/www.ausasteel.com\/de\/#website"},"datePublished":"2014-10-27T22:54:23+00:00","dateModified":"2019-09-11T15:55:24+00:00","description":"Hohe mechanische Festigkeit bei h\u00f6heren Temperaturen.","breadcrumb":{"@id":"https:\/\/www.ausasteel.com\/de\/stahle\/spezialstahlen\/werkzeugstahle-fur-warmverformung\/werkzeugstahl-fur-warmverformung-1-2344esr\/#breadcrumb"},"inLanguage":"de-DE","potentialAction":[{"@type":"ReadAction","target":["https:\/\/www.ausasteel.com\/de\/stahle\/spezialstahlen\/werkzeugstahle-fur-warmverformung\/werkzeugstahl-fur-warmverformung-1-2344esr\/"]}]},{"@type":"BreadcrumbList","@id":"https:\/\/www.ausasteel.com\/de\/stahle\/spezialstahlen\/werkzeugstahle-fur-warmverformung\/werkzeugstahl-fur-warmverformung-1-2344esr\/#breadcrumb","itemListElement":[{"@type":"ListItem","position":1,"name":"Portada","item":"https:\/\/www.ausasteel.com\/de\/"},{"@type":"ListItem","position":2,"name":"St\u00e4hle","item":"https:\/\/www.ausasteel.com\/de\/stahle\/"},{"@type":"ListItem","position":3,"name":"Spezialst\u00e4hle","item":"https:\/\/www.ausasteel.com\/de\/stahle\/spezialstahlen\/"},{"@type":"ListItem","position":4,"name":"Werkzeugst\u00e4hle f\u00fcr Warmverformung","item":"https:\/\/www.ausasteel.com\/de\/stahle\/spezialstahlen\/werkzeugstahle-fur-warmverformung\/"},{"@type":"ListItem","position":5,"name":"Werkzeugst\u00e4hl f\u00fcr Warmverformung 1.2344ESR"}]},{"@type":"WebSite","@id":"https:\/\/www.ausasteel.com\/de\/#website","url":"https:\/\/www.ausasteel.com\/de\/","name":"AUSA special steels","description":"AUSA special steels","potentialAction":[{"@type":"SearchAction","target":{"@type":"EntryPoint","urlTemplate":"https:\/\/www.ausasteel.com\/de\/?s={search_term_string}"},"query-input":{"@type":"PropertyValueSpecification","valueRequired":true,"valueName":"search_term_string"}}],"inLanguage":"de-DE"}]}},"_links":{"self":[{"href":"https:\/\/www.ausasteel.com\/de\/wp-json\/wp\/v2\/pages\/7062","targetHints":{"allow":["GET"]}}],"collection":[{"href":"https:\/\/www.ausasteel.com\/de\/wp-json\/wp\/v2\/pages"}],"about":[{"href":"https:\/\/www.ausasteel.com\/de\/wp-json\/wp\/v2\/types\/page"}],"author":[{"embeddable":true,"href":"https:\/\/www.ausasteel.com\/de\/wp-json\/wp\/v2\/users\/1"}],"replies":[{"embeddable":true,"href":"https:\/\/www.ausasteel.com\/de\/wp-json\/wp\/v2\/comments?post=7062"}],"version-history":[{"count":11,"href":"https:\/\/www.ausasteel.com\/de\/wp-json\/wp\/v2\/pages\/7062\/revisions"}],"predecessor-version":[{"id":16007,"href":"https:\/\/www.ausasteel.com\/de\/wp-json\/wp\/v2\/pages\/7062\/revisions\/16007"}],"up":[{"embeddable":true,"href":"https:\/\/www.ausasteel.com\/de\/wp-json\/wp\/v2\/pages\/6779"}],"wp:attachment":[{"href":"https:\/\/www.ausasteel.com\/de\/wp-json\/wp\/v2\/media?parent=7062"}],"curies":[{"name":"wp","href":"https:\/\/api.w.org\/{rel}","templated":true}]}}