    {"id":7061,"date":"2014-10-27T22:53:43","date_gmt":"2014-10-27T22:53:43","guid":{"rendered":"http:\/\/ausasteel.irantzu.com\/spezialstahlen\/werkzeugstahle-fur-warmverformung\/acero-de-herramienta-para-trabajo-en-caliente-1-2738\/"},"modified":"2019-09-11T15:55:40","modified_gmt":"2019-09-11T15:55:40","slug":"werkzeugstahl-fur-warmverformung-1-2738","status":"publish","type":"page","link":"https:\/\/www.ausasteel.com\/de\/stahle\/spezialstahlen\/werkzeugstahle-fur-warmverformung\/werkzeugstahl-fur-warmverformung-1-2738\/","title":{"rendered":"Werkzeugst\u00e4hl f\u00fcr Warmverformung 1.2738"},"content":{"rendered":"<div class=\"row\">\n<div class=\"container\">\n<div>\n<h1>Werkzeugst\u00e4hl f\u00fcr Warmverformung 1.2738<\/h1>\n<h3>Stahl f\u00fcr kritische Teile, die die H\u00e4rte der Lieferung erfordern. Guter Ersatz f\u00fcr verg\u00fctete Legierungen (42CrMo4, etc.) im behandelten Zustand.<\/h3>\n<\/div>\n<div class=\"caja_bloques\">\n<div class=\"col-md-5\">\n<div class=\"bloque\">\n<h4>AUSLIEFERUNGSZUST\u00c4ND<\/h4>\n<p>H\u00e4rten und Anlassen.<\/p>\n<\/div>\n<div class=\"bloque\">\n<h4>ABMESSUNGEN AUF LAGER (in mm.)<\/h4>\n<ul>\n<li><img decoding=\"async\" src=\"\/wp-content\/uploads\/2014\/10\/circulo.png\" alt=\"circle\" \/><span>32-603<\/span><\/li>\n<li><img decoding=\"async\" src=\"\/wp-content\/uploads\/2014\/10\/cuadrado.png\" alt=\"square\"\/><span>60-803<\/span><\/li>\n<li><img decoding=\"async\" src=\"\/wp-content\/uploads\/2014\/10\/rectangulo.png\" alt=\"rectangle\" \/><span>50X20-705X200<\/span><\/li>\n<\/ul>\n<\/div>\n<div class=\"bloque\">\n<h4>ANWENDUNGSNORM<\/h4>\n<p>EN ISO 4957<\/p>\n<\/div>\n<div class=\"bloque\">\n<h4>FARBCODE<\/h4>\n<div class=\"figura\" style=\"width: 50px;height: 50px;border: 2px solid #808080 ;border-radius: 50%;position: relative;background:yellow;\"><div><span style=\"position: absolute;display:inline-block;width:0;height:0;line-height:0;border:25px solid none;border-left:none;border-bottom-right-radius:50px;border-top-right-radius:50px;left:25px;top:0px\"><\/span><span style=\"position: absolute;display:inline-block;width:0;height:0;line-height:0;border:25px solid none;border-right:none;border-bottom-left-radius:50px;border-top-left-radius:50px;left:0px;top:0px\"><\/span><\/div><div style=\"width: 30px;height: 30px;border-radius: 50%;position: absolute;top: 10px;left: 10px;background: none;z-index: 3;\"><\/div><div style=\"width: 8px;height: 50px;display: block;position: absolute;z-index: 3;top: 50%;left: 50%;margin: -25px 0 0 -4px;background:none;\"><\/div><\/div><\/div>\n<\/div>\n<div class=\"col-md-7\">\n<div class=\"bloque\">\n<h4>BESCHREIBUNG UND H\u00c4UFIGSTE ANWENDUNGEN<\/h4>\n<p>Seine h\u00e4ufigsten <strong>Anwendungen<\/strong> sind Kunststoff-Spritzgussformen sowie Gleitf\u00fchrungen und Laufschienen (nitriergeh\u00e4rtet).<\/p>\n<div class=\"galeria_ficha\">\n<div class=\"previsualizacion\">\n<img decoding=\"async\" id=\"preview\" src=\"\/wp-content\/uploads\/2015\/05\/Acero-Herramienta-Caliente-1.2738-AUSA.png\" alt=\"Werkzeugst\u00e4hl f\u00fcr Warmverformung 1.2738 - AUSA\" title=\"Werkzeugst\u00e4hl f\u00fcr Warmverformung 1.2738 - AUSA\"><a class=\"wp-colorbox-image\" href=\"\/wp-content\/uploads\/2015\/05\/Acero-Herramienta-Caliente-1.2738-AUSA.png\" data-rel=\"lightbox-gallery-0UiSJKlH\" data-rl_title=\"\" data-rl_caption=\"\" title=\"\"><\/a>\n<\/div>\n<div class=\"miniaturas\">\n<img decoding=\"async\" class=\"thumbnail active\" onclick=\"showGallery(event)\" src=\"\/wp-content\/uploads\/2015\/05\/Acero-Herramienta-Caliente-1.2738-AUSA.png\" alt=\"Werkzeugst\u00e4hl f\u00fcr Warmverformung 1.2738 - AUSA\" title=\"Werkzeugst\u00e4hl f\u00fcr Warmverformung 1.2738 - AUSA\" >\n<\/div>\n<\/div>\n<\/div>\n<\/div>\n<\/div>\n<\/div>\n<\/div>\n<div class=\"row\">\n<div class=\"container caja_tablas\">\n<div class=\"selectores\">\n<button class=\"selector_tab active\" onclick=\"openTab(event,'t_composicion')\">Chemische Zusammensetzung<\/button><br \/>\n<button class=\"selector_tab\" onclick=\"openTab(event,'t_tratamientos')\">Thermische behandlungen \u2013 Ungef\u00e4hre temperaturen<\/button><br \/>\n<button class=\"selector_tab\" onclick=\"openTab(event,'t_caracteristicas')\">Mechanische Eigenschaften<\/button><br \/>\n<button class=\"selector_tab\" onclick=\"openTab(event,'t_equivalencias')\">Ungef\u00e4hre \u00e4quivalenzen<\/button>\n<\/div>\n<div id=\"t_composicion\" class=\"tab\">\n<table class=\"footable\" border=\"1\" width=\"100%\">\n<tbody>\n<tr>\n<th scope=\"col\" style=\"text-align: center; vertical-align: middle;\"><\/th>\n<th scope=\"col\" style=\"text-align: center; vertical-align: middle;\"><strong>C<\/strong><\/th>\n<th scope=\"col\" style=\"text-align: center; vertical-align: middle;\"><strong>Mn<\/strong><\/th>\n<th scope=\"col\" style=\"text-align: center; vertical-align: middle;\"><strong>Si<\/strong><\/th>\n<th scope=\"col\" style=\"text-align: center; vertical-align: middle;\"><strong>P<\/strong><\/th>\n<th scope=\"col\" style=\"text-align: center; vertical-align: middle;\"><strong>S<\/strong><\/th>\n<th scope=\"col\" style=\"text-align: center; vertical-align: middle;\"><strong>Cr<\/strong><\/th>\n<th scope=\"col\" style=\"text-align: center; vertical-align: middle;\"><strong>Mo<\/strong><\/th>\n<th scope=\"col\" style=\"text-align: center; vertical-align: middle;\"><strong>Ni<\/strong><\/th>\n<\/tr>\n<tr>\n<td style=\"text-align: center; vertical-align: middle;\"><strong>Min.<\/strong><\/td>\n<td style=\"text-align: center; vertical-align: middle;\">0,35<\/td>\n<td style=\"text-align: center; vertical-align: middle;\">1,30<\/td>\n<td style=\"text-align: center; vertical-align: middle;\">&nbsp;0,20<\/td>\n<td style=\"text-align: center; vertical-align: middle;\"><\/td>\n<td style=\"text-align: center; vertical-align: middle;\"><\/td>\n<td style=\"text-align: center; vertical-align: middle;\">1,80<\/td>\n<td style=\"text-align: center; vertical-align: middle;\">0,15<\/td>\n<td style=\"text-align: center; vertical-align: middle;\">0,90<\/td>\n<\/tr>\n<tr>\n<td style=\"text-align: center; vertical-align: middle;\"><strong>Max.<\/strong><\/td>\n<td style=\"text-align: center; vertical-align: middle;\">0,45<\/td>\n<td style=\"text-align: center; vertical-align: middle;\">1,60<\/td>\n<td style=\"text-align: center; vertical-align: middle;\">0,40<\/td>\n<td style=\"text-align: center; vertical-align: middle;\">0,030<\/td>\n<td style=\"text-align: center; vertical-align: middle;\">0,030<\/td>\n<td style=\"text-align: center; vertical-align: middle;\">2,10<\/td>\n<td style=\"text-align: center; vertical-align: middle;\">0,25<\/td>\n<td style=\"text-align: center; vertical-align: middle;\">1,20<\/td>\n<\/tr>\n<\/tbody>\n<\/table>\n<\/div>\n<div id=\"t_tratamientos\" class=\"tab\" style=\"display:none;\">\n<table class=\"tt\" border=\"1\" width=\"100%\">\n<tbody>\n<tr>\n<th scope=\"col\" style=\"text-align: center; vertical-align: middle;\"><strong>Weichgl\u00fchen \u00ba C<\/strong><\/th>\n<th scope=\"col\" style=\"text-align: center; vertical-align: middle;\"><strong>H\u00e4rten \u00baC<\/strong><\/th>\n<th scope=\"col\" style=\"text-align: center; vertical-align: middle;\"><strong>Anlassen \u00baC<\/strong><\/th>\n<\/tr>\n<tr>\n<td style=\"text-align: center; vertical-align: middle;\">710-740<\/td>\n<td style=\"text-align: center; vertical-align: middle;\">830-850 Aceite<\/td>\n<td style=\"text-align: center; vertical-align: middle;\">500-650<\/td>\n<\/tr>\n<\/tbody>\n<\/table>\n<\/div>\n<div id=\"t_caracteristicas\" class=\"tab\" style=\"display:none;\">\n<p>Mechanische Eigenschaften bei Raumtemperatur im weichgegl\u00fchten Zustand.<\/p>\n<table class=\"cm\" border=\"1\" width=\"100%\">\n<tbody>\n<tr>\n<th style=\"text-align: center;\" colspan=\"2\"><strong>Abmessungen<\/strong><\/th>\n<th style=\"text-align: center;\"><strong>Re (N\/mm<sup>2<\/sup>)<\/strong><\/th>\n<th style=\"text-align: center;\" colspan=\"2\"><strong>Rm (N\/mm<sup>2<\/sup>)<\/strong><\/th>\n<th style=\"text-align: center;\"><strong>A (%)<\/strong><\/th>\n<th style=\"text-align: center;\"><strong>H\u00e4rte-Richtwert<\/strong><\/th>\n<\/tr>\n<tr>\n<td class=\"gris\" style=\"text-align: center;\" colspan=\"2\"><strong>Mm.<\/strong><\/td>\n<td class=\"gris\" style=\"text-align: center;\"><strong>Min.<\/strong><\/td>\n<td class=\"gris\" style=\"text-align: center;\"><strong>Min.<\/strong><\/td>\n<td class=\"gris\" style=\"text-align: center;\"><strong>Max.<\/strong><\/td>\n<td class=\"gris\" style=\"text-align: center;\"><strong>Min.<\/strong><\/td>\n<td class=\"gris\" style=\"text-align: center;\"><strong>HB<\/strong><\/td>\n<\/tr>\n<tr>\n<td style=\"text-align: center;\" colspan=\"2\">&gt; 32 \u2264 603<\/td>\n<td style=\"text-align: center;\">637<\/td>\n<td style=\"text-align: center;\">931<\/td>\n<td style=\"text-align: center;\">1127<\/td>\n<td style=\"text-align: center;\">12<\/td>\n<td style=\"text-align: center;\">277-331<\/td>\n<\/tr>\n<\/tbody>\n<\/table>\n<\/div>\n<div id=\"t_equivalencias\" class=\"tab\" style=\"display: none;\">\n<table class=\"ea\" border=\"1\" width=\"100%\">\n<tbody>\n<tr>\n<th scope=\"col\" style=\"text-align: center; vertical-align: middle;\"><strong>EN<\/strong><\/th>\n<th scope=\"col\" style=\"text-align: center; vertical-align: middle;\"><strong>DIN<\/strong><\/th>\n<th scope=\"col\" style=\"text-align: center; vertical-align: middle;\"><strong>N\u00ba Stand<\/strong><\/th>\n<th scope=\"col\" style=\"text-align: center; vertical-align: middle;\"><strong>UNE<\/strong><\/th>\n<th scope=\"col\" style=\"text-align: center; vertical-align: middle;\"><strong>STAS<\/strong><\/th>\n<th scope=\"col\" style=\"text-align: center; vertical-align: middle;\"><strong>AFNOR<\/strong><\/th>\n<th scope=\"col\" style=\"text-align: center; vertical-align: middle;\"><strong>BS<\/strong><\/th>\n<th scope=\"col\" style=\"text-align: center; vertical-align: middle;\"><strong>UNI<\/strong><\/th>\n<th scope=\"col\" style=\"text-align: center; vertical-align: middle;\"><strong>AISI\/SAE<\/strong><\/th>\n<th scope=\"col\" style=\"text-align: center; vertical-align: middle;\"><strong>GOST<\/strong><\/th>\n<\/tr>\n<tr>\n<td style=\"text-align: center; vertical-align: middle;\">40CrMnNiMo 8-6-4<\/td>\n<td style=\"text-align: center; vertical-align: middle;\"><\/td>\n<td style=\"text-align: center; vertical-align: middle;\">1.2738<\/td>\n<td style=\"text-align: center; vertical-align: middle;\">F5303<\/td>\n<td style=\"text-align: center; vertical-align: middle;\"><\/td>\n<td style=\"text-align: center; vertical-align: middle;\"><\/td>\n<td style=\"text-align: center; vertical-align: middle;\"><\/td>\n<td style=\"text-align: center; vertical-align: middle;\"><\/td>\n<td style=\"text-align: center; vertical-align: middle;\"><\/td>\n<td style=\"text-align: center; vertical-align: middle;\">40\u0425\u04132\u041d\u041c<\/td>\n<\/tr>\n<\/tbody>\n<\/table>\n<\/div>\n<\/div>\n<div class=\"container ficha_descarga\">\n<a class=\"btn_ausa\" title=\"Technisches Datenblatt Werkzeugstahl f\u00fcr Warmverformung 1.2738\" href=\"\/fichas\/Werkzeugst\u00e4hl-Warmverformung-1.2738-AUSA.pdf\" target=\"_blank\">Technisches Datenblatt Werkzeugstahl f\u00fcr Warmverformung 1.2738<\/a>\n<\/div>\n<\/div>\n<div class=\"row informacion_tecnica_ficha\">\n<div class=\"container\">\n<ul>\n<li id=\"menu-item-7428\" class=\"calculadora-peso menu-item menu-item-type-post_type menu-item-object-page menu-item-7428\"><a href=\"https:\/\/www.ausasteel.com\/de\/technische-angaben\/gewichtsrechner\/\">Gewichtsrechner<\/a><\/li>\n<li id=\"menu-item-7429\" class=\"tolerancias-dimensionales menu-item menu-item-type-post_type menu-item-object-page menu-item-7429\"><a href=\"https:\/\/www.ausasteel.com\/de\/technische-angaben\/masstoleranzen\/\">Masstoleranzen<\/a><\/li>\n<\/ul>\n<\/div>\n<\/div>\n<div class=\"row relacionados\">\n<div class=\"contaienr\">\n<h2>Verwandte Kaltarbeitsst\u00e4hle<\/h2>\n<p>[vc_widget_sidebar show_bg=&#8221;false&#8221; sidebar_id=&#8221;sidebar_19&#8243;]\n<\/p><\/div>\n<\/div><!-- AddThis Advanced Settings generic via filter on the_content -->","protected":false},"excerpt":{"rendered":"<p>Werkzeugst\u00e4hl f\u00fcr Warmverformung 1.2738 Stahl f\u00fcr kritische Teile, die die H\u00e4rte der Lieferung erfordern. Guter Ersatz f\u00fcr verg\u00fctete Legierungen (42CrMo4, etc.) im behandelten Zustand. AUSLIEFERUNGSZUST\u00c4ND H\u00e4rten und Anlassen. ABMESSUNGEN AUF LAGER (in mm.) 32-603 60-803 50X20-705X200 ANWENDUNGSNORM EN ISO 4957 FARBCODE BESCHREIBUNG UND H\u00c4UFIGSTE ANWENDUNGEN Seine h\u00e4ufigsten Anwendungen sind Kunststoff-Spritzgussformen sowie Gleitf\u00fchrungen und Laufschienen (nitriergeh\u00e4rtet).&hellip;<!-- AddThis Advanced Settings generic via filter on get_the_excerpt --><\/p>\n","protected":false},"author":1,"featured_media":0,"parent":6779,"menu_order":0,"comment_status":"closed","ping_status":"open","template":"","meta":{"footnotes":""},"class_list":["post-7061","page","type-page","status-publish","hentry"],"yoast_head":"<!-- This site is optimized with the Yoast SEO plugin v26.6 - https:\/\/yoast.com\/wordpress\/plugins\/seo\/ -->\n<title>Werkzeugst\u00e4hl f\u00fcr Warmverformung 1.2738 - AUSA<\/title>\n<meta name=\"description\" content=\"Stahl f\u00fcr kritische Teile, die die H\u00e4rte der Lieferung erfordern.\" \/>\n<meta name=\"robots\" content=\"index, follow, max-snippet:-1, max-image-preview:large, max-video-preview:-1\" \/>\n<link rel=\"canonical\" href=\"https:\/\/www.ausasteel.com\/de\/stahle\/spezialstahlen\/werkzeugstahle-fur-warmverformung\/werkzeugstahl-fur-warmverformung-1-2738\/\" \/>\n<meta property=\"og:locale\" content=\"de_DE\" \/>\n<meta property=\"og:type\" content=\"article\" \/>\n<meta property=\"og:title\" content=\"Werkzeugst\u00e4hl f\u00fcr Warmverformung 1.2738 - AUSA\" \/>\n<meta property=\"og:description\" content=\"Stahl f\u00fcr kritische Teile, die die H\u00e4rte der Lieferung erfordern.\" \/>\n<meta property=\"og:url\" content=\"https:\/\/www.ausasteel.com\/de\/stahle\/spezialstahlen\/werkzeugstahle-fur-warmverformung\/werkzeugstahl-fur-warmverformung-1-2738\/\" \/>\n<meta property=\"og:site_name\" content=\"AUSA special steels\" \/>\n<meta property=\"article:modified_time\" content=\"2019-09-11T15:55:40+00:00\" \/>\n<meta name=\"twitter:label1\" content=\"Est. reading time\" \/>\n\t<meta name=\"twitter:data1\" content=\"1 minute\" \/>\n<script type=\"application\/ld+json\" class=\"yoast-schema-graph\">{\"@context\":\"https:\/\/schema.org\",\"@graph\":[{\"@type\":\"WebPage\",\"@id\":\"https:\/\/www.ausasteel.com\/de\/stahle\/spezialstahlen\/werkzeugstahle-fur-warmverformung\/werkzeugstahl-fur-warmverformung-1-2738\/\",\"url\":\"https:\/\/www.ausasteel.com\/de\/stahle\/spezialstahlen\/werkzeugstahle-fur-warmverformung\/werkzeugstahl-fur-warmverformung-1-2738\/\",\"name\":\"Werkzeugst\u00e4hl f\u00fcr Warmverformung 1.2738 - AUSA\",\"isPartOf\":{\"@id\":\"https:\/\/www.ausasteel.com\/de\/#website\"},\"datePublished\":\"2014-10-27T22:53:43+00:00\",\"dateModified\":\"2019-09-11T15:55:40+00:00\",\"description\":\"Stahl f\u00fcr kritische Teile, die die H\u00e4rte der Lieferung erfordern.\",\"breadcrumb\":{\"@id\":\"https:\/\/www.ausasteel.com\/de\/stahle\/spezialstahlen\/werkzeugstahle-fur-warmverformung\/werkzeugstahl-fur-warmverformung-1-2738\/#breadcrumb\"},\"inLanguage\":\"de-DE\",\"potentialAction\":[{\"@type\":\"ReadAction\",\"target\":[\"https:\/\/www.ausasteel.com\/de\/stahle\/spezialstahlen\/werkzeugstahle-fur-warmverformung\/werkzeugstahl-fur-warmverformung-1-2738\/\"]}]},{\"@type\":\"BreadcrumbList\",\"@id\":\"https:\/\/www.ausasteel.com\/de\/stahle\/spezialstahlen\/werkzeugstahle-fur-warmverformung\/werkzeugstahl-fur-warmverformung-1-2738\/#breadcrumb\",\"itemListElement\":[{\"@type\":\"ListItem\",\"position\":1,\"name\":\"Portada\",\"item\":\"https:\/\/www.ausasteel.com\/de\/\"},{\"@type\":\"ListItem\",\"position\":2,\"name\":\"St\u00e4hle\",\"item\":\"https:\/\/www.ausasteel.com\/de\/stahle\/\"},{\"@type\":\"ListItem\",\"position\":3,\"name\":\"Spezialst\u00e4hle\",\"item\":\"https:\/\/www.ausasteel.com\/de\/stahle\/spezialstahlen\/\"},{\"@type\":\"ListItem\",\"position\":4,\"name\":\"Werkzeugst\u00e4hle f\u00fcr Warmverformung\",\"item\":\"https:\/\/www.ausasteel.com\/de\/stahle\/spezialstahlen\/werkzeugstahle-fur-warmverformung\/\"},{\"@type\":\"ListItem\",\"position\":5,\"name\":\"Werkzeugst\u00e4hl f\u00fcr Warmverformung 1.2738\"}]},{\"@type\":\"WebSite\",\"@id\":\"https:\/\/www.ausasteel.com\/de\/#website\",\"url\":\"https:\/\/www.ausasteel.com\/de\/\",\"name\":\"AUSA special steels\",\"description\":\"AUSA special steels\",\"potentialAction\":[{\"@type\":\"SearchAction\",\"target\":{\"@type\":\"EntryPoint\",\"urlTemplate\":\"https:\/\/www.ausasteel.com\/de\/?s={search_term_string}\"},\"query-input\":{\"@type\":\"PropertyValueSpecification\",\"valueRequired\":true,\"valueName\":\"search_term_string\"}}],\"inLanguage\":\"de-DE\"}]}<\/script>\n<!-- \/ Yoast SEO plugin. -->","yoast_head_json":{"title":"Werkzeugst\u00e4hl f\u00fcr Warmverformung 1.2738 - AUSA","description":"Stahl f\u00fcr kritische Teile, die die H\u00e4rte der Lieferung erfordern.","robots":{"index":"index","follow":"follow","max-snippet":"max-snippet:-1","max-image-preview":"max-image-preview:large","max-video-preview":"max-video-preview:-1"},"canonical":"https:\/\/www.ausasteel.com\/de\/stahle\/spezialstahlen\/werkzeugstahle-fur-warmverformung\/werkzeugstahl-fur-warmverformung-1-2738\/","og_locale":"de_DE","og_type":"article","og_title":"Werkzeugst\u00e4hl f\u00fcr Warmverformung 1.2738 - AUSA","og_description":"Stahl f\u00fcr kritische Teile, die die H\u00e4rte der Lieferung erfordern.","og_url":"https:\/\/www.ausasteel.com\/de\/stahle\/spezialstahlen\/werkzeugstahle-fur-warmverformung\/werkzeugstahl-fur-warmverformung-1-2738\/","og_site_name":"AUSA special steels","article_modified_time":"2019-09-11T15:55:40+00:00","twitter_misc":{"Est. reading time":"1 minute"},"schema":{"@context":"https:\/\/schema.org","@graph":[{"@type":"WebPage","@id":"https:\/\/www.ausasteel.com\/de\/stahle\/spezialstahlen\/werkzeugstahle-fur-warmverformung\/werkzeugstahl-fur-warmverformung-1-2738\/","url":"https:\/\/www.ausasteel.com\/de\/stahle\/spezialstahlen\/werkzeugstahle-fur-warmverformung\/werkzeugstahl-fur-warmverformung-1-2738\/","name":"Werkzeugst\u00e4hl f\u00fcr Warmverformung 1.2738 - AUSA","isPartOf":{"@id":"https:\/\/www.ausasteel.com\/de\/#website"},"datePublished":"2014-10-27T22:53:43+00:00","dateModified":"2019-09-11T15:55:40+00:00","description":"Stahl f\u00fcr kritische Teile, die die H\u00e4rte der Lieferung erfordern.","breadcrumb":{"@id":"https:\/\/www.ausasteel.com\/de\/stahle\/spezialstahlen\/werkzeugstahle-fur-warmverformung\/werkzeugstahl-fur-warmverformung-1-2738\/#breadcrumb"},"inLanguage":"de-DE","potentialAction":[{"@type":"ReadAction","target":["https:\/\/www.ausasteel.com\/de\/stahle\/spezialstahlen\/werkzeugstahle-fur-warmverformung\/werkzeugstahl-fur-warmverformung-1-2738\/"]}]},{"@type":"BreadcrumbList","@id":"https:\/\/www.ausasteel.com\/de\/stahle\/spezialstahlen\/werkzeugstahle-fur-warmverformung\/werkzeugstahl-fur-warmverformung-1-2738\/#breadcrumb","itemListElement":[{"@type":"ListItem","position":1,"name":"Portada","item":"https:\/\/www.ausasteel.com\/de\/"},{"@type":"ListItem","position":2,"name":"St\u00e4hle","item":"https:\/\/www.ausasteel.com\/de\/stahle\/"},{"@type":"ListItem","position":3,"name":"Spezialst\u00e4hle","item":"https:\/\/www.ausasteel.com\/de\/stahle\/spezialstahlen\/"},{"@type":"ListItem","position":4,"name":"Werkzeugst\u00e4hle f\u00fcr Warmverformung","item":"https:\/\/www.ausasteel.com\/de\/stahle\/spezialstahlen\/werkzeugstahle-fur-warmverformung\/"},{"@type":"ListItem","position":5,"name":"Werkzeugst\u00e4hl f\u00fcr Warmverformung 1.2738"}]},{"@type":"WebSite","@id":"https:\/\/www.ausasteel.com\/de\/#website","url":"https:\/\/www.ausasteel.com\/de\/","name":"AUSA special steels","description":"AUSA special steels","potentialAction":[{"@type":"SearchAction","target":{"@type":"EntryPoint","urlTemplate":"https:\/\/www.ausasteel.com\/de\/?s={search_term_string}"},"query-input":{"@type":"PropertyValueSpecification","valueRequired":true,"valueName":"search_term_string"}}],"inLanguage":"de-DE"}]}},"_links":{"self":[{"href":"https:\/\/www.ausasteel.com\/de\/wp-json\/wp\/v2\/pages\/7061","targetHints":{"allow":["GET"]}}],"collection":[{"href":"https:\/\/www.ausasteel.com\/de\/wp-json\/wp\/v2\/pages"}],"about":[{"href":"https:\/\/www.ausasteel.com\/de\/wp-json\/wp\/v2\/types\/page"}],"author":[{"embeddable":true,"href":"https:\/\/www.ausasteel.com\/de\/wp-json\/wp\/v2\/users\/1"}],"replies":[{"embeddable":true,"href":"https:\/\/www.ausasteel.com\/de\/wp-json\/wp\/v2\/comments?post=7061"}],"version-history":[{"count":9,"href":"https:\/\/www.ausasteel.com\/de\/wp-json\/wp\/v2\/pages\/7061\/revisions"}],"predecessor-version":[{"id":16012,"href":"https:\/\/www.ausasteel.com\/de\/wp-json\/wp\/v2\/pages\/7061\/revisions\/16012"}],"up":[{"embeddable":true,"href":"https:\/\/www.ausasteel.com\/de\/wp-json\/wp\/v2\/pages\/6779"}],"wp:attachment":[{"href":"https:\/\/www.ausasteel.com\/de\/wp-json\/wp\/v2\/media?parent=7061"}],"curies":[{"name":"wp","href":"https:\/\/api.w.org\/{rel}","templated":true}]}}