    {"id":7029,"date":"2014-10-27T22:00:00","date_gmt":"2014-10-27T22:00:00","guid":{"rendered":"http:\/\/ausasteel.irantzu.com\/spezialstahlen\/gebohrte-stangen\/barra-perforada-st52\/"},"modified":"2019-09-11T15:57:15","modified_gmt":"2019-09-11T15:57:15","slug":"gebohrte-stange-st52","status":"publish","type":"page","link":"https:\/\/www.ausasteel.com\/de\/stahle\/spezialstahlen\/gebohrte-stangen\/gebohrte-stange-st52\/","title":{"rendered":"Gebohrte Stange ST52"},"content":{"rendered":"<div class=\"row\">\n<div class=\"container\">\n<div>\n<h1>Gebohrte Stange ST52<\/h1>\n<h3>Werkst\u00fccke mit <strong>mittlerer Festigkeit sowie guter Schwei\u00dfbarkeit und Z\u00e4higkeit<\/strong>. Annehmbare Ergebnisse bei der Zementierung von nicht sehr kritischen Teilen.<\/h3>\n<\/div>\n<div class=\"caja_bloques\">\n<div class=\"col-md-5\">\n<div class=\"bloque\">\n<h4>AUSLIEFERUNGSZUST\u00c4ND<\/h4>\n<p>Walzrohling.<\/p>\n<\/div>\n<div class=\"bloque\">\n<h4>ABMESSUNGEN AUF LAGER (in mm.)<\/h4>\n<ul>\n<li><img decoding=\"async\" src=\"\/wp-content\/uploads\/2014\/10\/circulo.png\" alt=\"circle\" \/><span>21,3X15,3X3 \u2013 660X500X80<\/span><\/li>\n<\/ul>\n<\/div>\n<div class=\"bloque\">\n<h4>ANWENDUNGSNORM<\/h4>\n<p>EN 10297-1<\/p>\n<\/div>\n<div class=\"bloque\">\n<h4>FARBCODE<\/h4>\n<div class=\"figura\" style=\"width: 50px;height: 50px;border: 2px solid #808080 ;border-radius: 50%;position: relative;background:green;\"><div><span style=\"position: absolute;display:inline-block;width:0;height:0;line-height:0;border:25px solid none;border-left:none;border-bottom-right-radius:50px;border-top-right-radius:50px;left:25px;top:0px\"><\/span><span style=\"position: absolute;display:inline-block;width:0;height:0;line-height:0;border:25px solid none;border-right:none;border-bottom-left-radius:50px;border-top-left-radius:50px;left:0px;top:0px\"><\/span><\/div><div style=\"width: 30px;height: 30px;border-radius: 50%;position: absolute;top: 10px;left: 10px;background: white;z-index: 3;\"><\/div><div style=\"width: 8px;height: 50px;display: block;position: absolute;z-index: 3;top: 50%;left: 50%;margin: -25px 0 0 -4px;background:none;\"><\/div><\/div><\/div>\n<\/div>\n<div class=\"col-md-7\">\n<div class=\"bloque\">\n<h4>BESCHREIBUNG UND H\u00c4UFIGSTE ANWENDUNGEN<\/h4>\n<p>Die h\u00e4ufigsten <strong>Anwendungen<\/strong> sind Metallger\u00fcste (Br\u00fccken, \u2026), landwirtschaftliche Maschinen und Eisenbahnschienen.<\/p>\n<div class=\"galeria_ficha\">\n<div class=\"previsualizacion\">\n<img decoding=\"async\" id=\"preview\" src=\"https:\/\/www.ausasteel.com\/wp-content\/uploads\/2014\/10\/Bare-Perforate-ST52-1.png\" alt=\"Gebohrte Stange ST52 - AUSA\" title=\"Gebohrte Stange ST52 - AUSA\"><a class=\"wp-colorbox-image\" href=\"https:\/\/www.ausasteel.com\/wp-content\/uploads\/2014\/10\/Bare-Perforate-ST52-1.png\" data-rel=\"lightbox-gallery-TbpX6YOh\" data-rl_title=\"\" data-rl_caption=\"\" title=\"\"><\/a>\n<\/div>\n<div class=\"miniaturas\">\n<img decoding=\"async\" class=\"thumbnail active\" onclick=\"showGallery(event)\" src=\"https:\/\/www.ausasteel.com\/wp-content\/uploads\/2014\/10\/Bare-Perforate-ST52-1.png\" alt=\"Gebohrte Stange ST52 - AUSA\" title=\"Gebohrte Stange ST52 - AUSA\" ><br \/>\n<img decoding=\"async\" class=\"thumbnail\" onclick=\"showGallery(event)\" src=\"https:\/\/www.ausasteel.com\/wp-content\/uploads\/2014\/10\/Bare-Perforate-ST52-2.png\" alt=\"Gebohrte Stange ST52 - AUSA\" title=\"Gebohrte Stange ST52 - AUSA\"><br \/>\n<img decoding=\"async\" class=\"thumbnail\" onclick=\"showGallery(event)\" src=\"https:\/\/www.ausasteel.com\/wp-content\/uploads\/2015\/05\/Barra-Perforada-ST52-AUSA.png\" alt=\"Gebohrte Stange ST52 - AUSA\" title=\"Gebohrte Stange ST52 - AUSA\">\n<\/div>\n<\/div>\n<\/div>\n<\/div>\n<\/div>\n<\/div>\n<\/div>\n<div class=\"row\">\n<div class=\"container caja_tablas\">\n<div class=\"selectores\">\n<button class=\"selector_tab active\" onclick=\"openTab(event,'t_composicion')\">Chemische Zusammensetzung<\/button><br \/>\n<button class=\"selector_tab\" onclick=\"openTab(event,'t_tratamientos')\">Thermische behandlungen \u2013 Ungef\u00e4hre temperaturen<\/button><br \/>\n<button class=\"selector_tab\" onclick=\"openTab(event,'t_caracteristicas')\">Mechanische Eigenschaften<\/button><br \/>\n<button class=\"selector_tab\" onclick=\"openTab(event,'t_equivalencias')\">Ungef\u00e4hre \u00e4quivalenzen<\/button>\n<\/div>\n<div id=\"t_composicion\" class=\"tab\">\n<table class=\"footable\" border=\"1\" width=\"100%\">\n<tbody>\n<tr>\n<th scope=\"col\" style=\"text-align: center; vertical-align: middle;\"><\/th>\n<th scope=\"col\" style=\"text-align: center; vertical-align: middle;\"><strong>C<\/strong><\/th>\n<th scope=\"col\" style=\"text-align: center; vertical-align: middle;\"><strong>Mn<\/strong><\/th>\n<th scope=\"col\" style=\"text-align: center; vertical-align: middle;\"><strong>Si<\/strong><\/th>\n<th scope=\"col\" style=\"text-align: center; vertical-align: middle;\"><strong>P<\/strong><\/th>\n<th scope=\"col\" style=\"text-align: center; vertical-align: middle;\"><strong>S<\/strong><\/th>\n<th scope=\"col\" style=\"text-align: center; vertical-align: middle;\"><strong>V<\/strong><\/th>\n<th scope=\"col\" style=\"text-align: center; vertical-align: middle;\"><strong>Sonstiges<\/strong><\/th>\n<\/tr>\n<tr>\n<td style=\"text-align: center; vertical-align: middle;\"><strong>Min.<\/strong><\/td>\n<td style=\"text-align: center; vertical-align: middle;\"><\/td>\n<td style=\"text-align: center; vertical-align: middle;\"><\/td>\n<td style=\"text-align: center; vertical-align: middle;\"><\/td>\n<td style=\"text-align: center; vertical-align: middle;\"><\/td>\n<td style=\"text-align: center; vertical-align: middle;\"><\/td>\n<td style=\"text-align: center; vertical-align: middle;\">&nbsp;0,08<\/td>\n<td rowspan=\"2\" style=\"text-align: center; vertical-align: middle;\">Al min. 0,010<br \/>\nN max. 0,020<br \/>\nNb max. 0,07<\/td>\n<\/tr>\n<tr>\n<td style=\"text-align: center; vertical-align: middle;\"><strong>Max.<\/strong><\/td>\n<td style=\"text-align: center; vertical-align: middle;\">0,22<\/td>\n<td style=\"text-align: center; vertical-align: middle;\">1,60<\/td>\n<td style=\"text-align: center; vertical-align: middle;\">0,55<\/td>\n<td style=\"text-align: center; vertical-align: middle;\">0,030<\/td>\n<td style=\"text-align: center; vertical-align: middle;\">0,035<\/td>\n<td style=\"text-align: center; vertical-align: middle;\">0,015<\/td>\n<\/tr>\n<\/tbody>\n<\/table>\n<\/div>\n<div id=\"t_tratamientos\" class=\"tab\" style=\"display:none;\">\n<table class=\"tt\" border=\"1\" width=\"100%\">\n<tbody>\n<tr>\n<th scope=\"col\" style=\"text-align: center; vertical-align: middle;\"><strong>Weichgl\u00fchen \u00ba C<\/strong><\/th>\n<th scope=\"col\" style=\"text-align: center; vertical-align: middle;\"><strong>H\u00e4rten \u00baC<\/strong><\/th>\n<th scope=\"col\" style=\"text-align: center; vertical-align: middle;\"><strong>Anlassen \u00baC<\/strong><\/th>\n<\/tr>\n<tr>\n<td style=\"text-align: center; vertical-align: middle;\">670-700<\/td>\n<td style=\"text-align: center; vertical-align: middle;\">870-890 Wasser<\/td>\n<td style=\"text-align: center; vertical-align: middle;\">480-650<\/td>\n<\/tr>\n<\/tbody>\n<\/table>\n<\/div>\n<div id=\"t_caracteristicas\" class=\"tab\" style=\"display:none;\">\n<table class=\"cm\" border=\"1\" width=\"100%\">\n<tbody>\n<tr>\n<th colspan=\"2\" scope=\"col\"><strong>Abmessungen<\/strong><\/th>\n<th scope=\"col\"><strong>Re<\/strong><br \/>\n<strong>(N\/mm<sup>2<\/sup>)<\/strong><\/th>\n<th scope=\"col\"><strong>Rm<\/strong><br \/>\n<strong>(N\/mm<sup>2<\/sup>)<\/strong><\/th>\n<th scope=\"col\"><strong>A (%) Long.<br \/>\n<\/strong><\/th>\n<th scope=\"col\"><strong>A (%) Quer<br \/>\n<\/strong><\/th>\n<\/tr>\n<tr>\n<td colspan=\"2\" style=\"text-align: center; vertical-align: middle; background-color: #F7F7F7;\"><strong>Mm.<\/strong><\/td>\n<td style=\"text-align: center; vertical-align: middle; background-color: #F7F7F7;\"><strong>Min.<\/strong><\/td>\n<td style=\"text-align: center; vertical-align: middle; background-color: #F7F7F7;\"><strong>N\/mm<sup>2<\/sup><\/strong><\/td>\n<td style=\"text-align: center; vertical-align: middle; background-color: #F7F7F7;\"><strong>Min.<\/strong><\/td>\n<td style=\"text-align: center; vertical-align: middle; background-color: #F7F7F7;\"><strong>Min.<\/strong><\/td>\n<\/tr>\n<tr>\n<td style=\"text-align: center; vertical-align: middle;\"><\/td>\n<td style=\"text-align: center; vertical-align: middle;\">\u2264 16<\/td>\n<td style=\"text-align: center; vertical-align: middle;\">355<\/td>\n<td style=\"text-align: center; vertical-align: middle;\">490<\/td>\n<td style=\"text-align: center; vertical-align: middle;\">17<\/td>\n<td style=\"text-align: center; vertical-align: middle;\">15<\/td>\n<\/tr>\n<tr>\n<td style=\"text-align: center; vertical-align: middle;\">&gt; 16<\/td>\n<td style=\"text-align: center; vertical-align: middle;\">\u2264 40<\/td>\n<td style=\"text-align: center; vertical-align: middle;\">345<\/td>\n<td style=\"text-align: center; vertical-align: middle;\">490<\/td>\n<td style=\"text-align: center; vertical-align: middle;\">17<\/td>\n<td style=\"text-align: center; vertical-align: middle;\">15<\/td>\n<\/tr>\n<tr>\n<td style=\"text-align: center; vertical-align: middle;\">&gt; 40<\/td>\n<td style=\"text-align: center; vertical-align: middle;\">\u2264 65<\/td>\n<td style=\"text-align: center; vertical-align: middle;\">335<\/td>\n<td style=\"text-align: center; vertical-align: middle;\">490<\/td>\n<td style=\"text-align: center; vertical-align: middle;\">17<\/td>\n<td style=\"text-align: center; vertical-align: middle;\">15<\/td>\n<\/tr>\n<tr>\n<td style=\"text-align: center; vertical-align: middle;\">&gt; 65<\/td>\n<td style=\"text-align: center; vertical-align: middle;\">\u2264 80<\/td>\n<td style=\"text-align: center; vertical-align: middle;\">315<\/td>\n<td style=\"text-align: center; vertical-align: middle;\">470<\/td>\n<td style=\"text-align: center; vertical-align: middle;\">17<\/td>\n<td style=\"text-align: center; vertical-align: middle;\">15<\/td>\n<\/tr>\n<tr>\n<td style=\"text-align: center; vertical-align: middle;\">&gt; 80<\/td>\n<td style=\"text-align: center; vertical-align: middle;\">\u2264 100<\/td>\n<td style=\"text-align: center; vertical-align: middle;\">295<\/td>\n<td style=\"text-align: center; vertical-align: middle;\">470<\/td>\n<td style=\"text-align: center; vertical-align: middle;\">17<\/td>\n<td style=\"text-align: center; vertical-align: middle;\">15<\/td>\n<\/tr>\n<\/tbody>\n<\/table>\n<\/div>\n<div id=\"t_equivalencias\" class=\"tab\" style=\"display: none;\">\n<table class=\"ea\" border=\"1\" width=\"100%\">\n<tbody>\n<tr>\n<th scope=\"col\" style=\"text-align: center; vertical-align: middle;\"><strong>EN<\/strong><\/th>\n<th scope=\"col\" style=\"text-align: center; vertical-align: middle;\"><strong>DIN<\/strong><\/th>\n<th scope=\"col\" style=\"text-align: center; vertical-align: middle;\"><strong>N\u00ba Stand<\/strong><\/th>\n<th scope=\"col\" style=\"text-align: center; vertical-align: middle;\"><strong>UNE<\/strong><\/th>\n<th scope=\"col\" style=\"text-align: center; vertical-align: middle;\"><strong>STAS<\/strong><\/th>\n<th scope=\"col\" style=\"text-align: center; vertical-align: middle;\"><strong>AFNOR<\/strong><\/th>\n<th scope=\"col\" style=\"text-align: center; vertical-align: middle;\"><strong>BS<\/strong><\/th>\n<th scope=\"col\" style=\"text-align: center; vertical-align: middle;\"><strong>UNI<\/strong><\/th>\n<th scope=\"col\" style=\"text-align: center; vertical-align: middle;\"><strong>AISI\/SAE<\/strong><\/th>\n<th scope=\"col\" style=\"text-align: center; vertical-align: middle;\"><strong>GOST<\/strong><\/th>\n<\/tr>\n<tr>\n<td style=\"text-align: center; vertical-align: middle;\">E470<\/td>\n<td style=\"text-align: center; vertical-align: middle;\">20MnV6<\/td>\n<td style=\"text-align: center; vertical-align: middle;\"><\/td>\n<td style=\"text-align: center; vertical-align: middle;\"><\/td>\n<td style=\"text-align: center; vertical-align: middle;\"><\/td>\n<td style=\"text-align: center; vertical-align: middle;\"><\/td>\n<td style=\"text-align: center; vertical-align: middle;\"><\/td>\n<td style=\"text-align: center; vertical-align: middle;\"><\/td>\n<td style=\"text-align: center; vertical-align: middle;\"><\/td>\n<td style=\"text-align: center; vertical-align: middle;\"><\/td>\n<\/tr>\n<tr>\n<td style=\"text-align: center; vertical-align: middle;\">E355<\/td>\n<td style=\"text-align: center; vertical-align: middle;\">E355<\/td>\n<td style=\"text-align: center; vertical-align: middle;\">1.0580<\/td>\n<td style=\"text-align: center; vertical-align: middle;\">ST52<\/td>\n<td style=\"text-align: center; vertical-align: middle;\"><\/td>\n<td style=\"text-align: center; vertical-align: middle;\"><\/td>\n<td style=\"text-align: center; vertical-align: middle;\">CEW5<\/td>\n<td style=\"text-align: center; vertical-align: middle;\">Fe510<\/td>\n<td style=\"text-align: center; vertical-align: middle;\">1024<\/td>\n<td style=\"text-align: center; vertical-align: middle;\"><\/td>\n<\/tr>\n<\/tbody>\n<\/table>\n<\/div>\n<\/div>\n<div class=\"container ficha_descarga\">\n<a class=\"btn_ausa\" title=\"Technisches Datenblatt Gebohrte stange ST52\" href=\"https:\/\/www.ausasteel.com\/wp-content\/uploads\/2015\/05\/Gebohrtetangen-ST52-AUSA.pdf\" target=\"_blank\">Technisches Datenblatt Gebohrte stange ST52<\/a>\n<\/div>\n<\/div>\n<div class=\"row informacion_tecnica_ficha\">\n<div class=\"container\">\n<ul>\n<li id=\"menu-item-7428\" class=\"calculadora-peso menu-item menu-item-type-post_type menu-item-object-page menu-item-7428\"><a href=\"https:\/\/www.ausasteel.com\/de\/technische-angaben\/gewichtsrechner\/\">Gewichtsrechner<\/a><\/li>\n<li id=\"menu-item-7429\" class=\"tolerancias-dimensionales menu-item menu-item-type-post_type menu-item-object-page menu-item-7429\"><a href=\"https:\/\/www.ausasteel.com\/de\/technische-angaben\/masstoleranzen\/\">Masstoleranzen<\/a><\/li>\n<\/ul>\n<\/div>\n<\/div>\n<div class=\"row relacionados\">\n<div class=\"container\">\n<h2>Gebohrte Stange<\/h2>\n<p>[vc_widget_sidebar show_bg=&#8221;false&#8221; sidebar_id=&#8221;sidebar_15&#8243;]\n<\/p><\/div>\n<\/div><!-- AddThis Advanced Settings generic via filter on the_content -->","protected":false},"excerpt":{"rendered":"<p>Gebohrte Stange ST52 Werkst\u00fccke mit mittlerer Festigkeit sowie guter Schwei\u00dfbarkeit und Z\u00e4higkeit. Annehmbare Ergebnisse bei der Zementierung von nicht sehr kritischen Teilen. AUSLIEFERUNGSZUST\u00c4ND Walzrohling. ABMESSUNGEN AUF LAGER (in mm.) 21,3X15,3X3 \u2013 660X500X80 ANWENDUNGSNORM EN 10297-1 FARBCODE BESCHREIBUNG UND H\u00c4UFIGSTE ANWENDUNGEN Die h\u00e4ufigsten Anwendungen sind Metallger\u00fcste (Br\u00fccken, \u2026), landwirtschaftliche Maschinen und Eisenbahnschienen. Chemische Zusammensetzung Thermische behandlungen&hellip;<!-- AddThis Advanced Settings generic via filter on get_the_excerpt --><\/p>\n","protected":false},"author":1,"featured_media":0,"parent":6958,"menu_order":0,"comment_status":"closed","ping_status":"open","template":"","meta":{"footnotes":""},"class_list":["post-7029","page","type-page","status-publish","hentry"],"yoast_head":"<!-- This site is optimized with the Yoast SEO plugin v26.6 - https:\/\/yoast.com\/wordpress\/plugins\/seo\/ -->\n<title>Gebohrte Stange ST52 - AUSA Special Steels<\/title>\n<meta name=\"description\" content=\"Werkst\u00fccke mit mittlerer Festigkeit sowie guter Schwei\u00dfbarkeit und Z\u00e4higkeit.\" \/>\n<meta name=\"robots\" content=\"index, follow, max-snippet:-1, max-image-preview:large, max-video-preview:-1\" \/>\n<link rel=\"canonical\" href=\"https:\/\/www.ausasteel.com\/de\/stahle\/spezialstahlen\/gebohrte-stangen\/gebohrte-stange-st52\/\" \/>\n<meta property=\"og:locale\" content=\"de_DE\" \/>\n<meta property=\"og:type\" content=\"article\" \/>\n<meta property=\"og:title\" content=\"Gebohrte Stange ST52 - AUSA Special Steels\" \/>\n<meta property=\"og:description\" content=\"Werkst\u00fccke mit mittlerer Festigkeit sowie guter Schwei\u00dfbarkeit und Z\u00e4higkeit.\" \/>\n<meta property=\"og:url\" content=\"https:\/\/www.ausasteel.com\/de\/stahle\/spezialstahlen\/gebohrte-stangen\/gebohrte-stange-st52\/\" \/>\n<meta property=\"og:site_name\" content=\"AUSA special steels\" \/>\n<meta property=\"article:modified_time\" content=\"2019-09-11T15:57:15+00:00\" \/>\n<meta property=\"og:image\" content=\"https:\/\/www.ausasteel.com\/wp-content\/uploads\/2014\/10\/Bare-Perforate-ST52-1.png\" \/>\n<meta name=\"twitter:label1\" content=\"Est. reading time\" \/>\n\t<meta name=\"twitter:data1\" content=\"1 minute\" \/>\n<script type=\"application\/ld+json\" class=\"yoast-schema-graph\">{\"@context\":\"https:\/\/schema.org\",\"@graph\":[{\"@type\":\"WebPage\",\"@id\":\"https:\/\/www.ausasteel.com\/de\/stahle\/spezialstahlen\/gebohrte-stangen\/gebohrte-stange-st52\/\",\"url\":\"https:\/\/www.ausasteel.com\/de\/stahle\/spezialstahlen\/gebohrte-stangen\/gebohrte-stange-st52\/\",\"name\":\"Gebohrte Stange ST52 - AUSA Special Steels\",\"isPartOf\":{\"@id\":\"https:\/\/www.ausasteel.com\/de\/#website\"},\"primaryImageOfPage\":{\"@id\":\"https:\/\/www.ausasteel.com\/de\/stahle\/spezialstahlen\/gebohrte-stangen\/gebohrte-stange-st52\/#primaryimage\"},\"image\":{\"@id\":\"https:\/\/www.ausasteel.com\/de\/stahle\/spezialstahlen\/gebohrte-stangen\/gebohrte-stange-st52\/#primaryimage\"},\"thumbnailUrl\":\"https:\/\/www.ausasteel.com\/wp-content\/uploads\/2014\/10\/Bare-Perforate-ST52-1.png\",\"datePublished\":\"2014-10-27T22:00:00+00:00\",\"dateModified\":\"2019-09-11T15:57:15+00:00\",\"description\":\"Werkst\u00fccke mit mittlerer Festigkeit sowie guter Schwei\u00dfbarkeit und Z\u00e4higkeit.\",\"breadcrumb\":{\"@id\":\"https:\/\/www.ausasteel.com\/de\/stahle\/spezialstahlen\/gebohrte-stangen\/gebohrte-stange-st52\/#breadcrumb\"},\"inLanguage\":\"de-DE\",\"potentialAction\":[{\"@type\":\"ReadAction\",\"target\":[\"https:\/\/www.ausasteel.com\/de\/stahle\/spezialstahlen\/gebohrte-stangen\/gebohrte-stange-st52\/\"]}]},{\"@type\":\"ImageObject\",\"inLanguage\":\"de-DE\",\"@id\":\"https:\/\/www.ausasteel.com\/de\/stahle\/spezialstahlen\/gebohrte-stangen\/gebohrte-stange-st52\/#primaryimage\",\"url\":\"https:\/\/www.ausasteel.com\/wp-content\/uploads\/2014\/10\/Bare-Perforate-ST52-1.png\",\"contentUrl\":\"https:\/\/www.ausasteel.com\/wp-content\/uploads\/2014\/10\/Bare-Perforate-ST52-1.png\"},{\"@type\":\"BreadcrumbList\",\"@id\":\"https:\/\/www.ausasteel.com\/de\/stahle\/spezialstahlen\/gebohrte-stangen\/gebohrte-stange-st52\/#breadcrumb\",\"itemListElement\":[{\"@type\":\"ListItem\",\"position\":1,\"name\":\"Portada\",\"item\":\"https:\/\/www.ausasteel.com\/de\/\"},{\"@type\":\"ListItem\",\"position\":2,\"name\":\"St\u00e4hle\",\"item\":\"https:\/\/www.ausasteel.com\/de\/stahle\/\"},{\"@type\":\"ListItem\",\"position\":3,\"name\":\"Spezialst\u00e4hle\",\"item\":\"https:\/\/www.ausasteel.com\/de\/stahle\/spezialstahlen\/\"},{\"@type\":\"ListItem\",\"position\":4,\"name\":\"Gebohrte Stangen\",\"item\":\"https:\/\/www.ausasteel.com\/de\/stahle\/spezialstahlen\/gebohrte-stangen\/\"},{\"@type\":\"ListItem\",\"position\":5,\"name\":\"Gebohrte Stange ST52\"}]},{\"@type\":\"WebSite\",\"@id\":\"https:\/\/www.ausasteel.com\/de\/#website\",\"url\":\"https:\/\/www.ausasteel.com\/de\/\",\"name\":\"AUSA special steels\",\"description\":\"AUSA special steels\",\"potentialAction\":[{\"@type\":\"SearchAction\",\"target\":{\"@type\":\"EntryPoint\",\"urlTemplate\":\"https:\/\/www.ausasteel.com\/de\/?s={search_term_string}\"},\"query-input\":{\"@type\":\"PropertyValueSpecification\",\"valueRequired\":true,\"valueName\":\"search_term_string\"}}],\"inLanguage\":\"de-DE\"}]}<\/script>\n<!-- \/ Yoast SEO plugin. -->","yoast_head_json":{"title":"Gebohrte Stange ST52 - AUSA Special Steels","description":"Werkst\u00fccke mit mittlerer Festigkeit sowie guter Schwei\u00dfbarkeit und Z\u00e4higkeit.","robots":{"index":"index","follow":"follow","max-snippet":"max-snippet:-1","max-image-preview":"max-image-preview:large","max-video-preview":"max-video-preview:-1"},"canonical":"https:\/\/www.ausasteel.com\/de\/stahle\/spezialstahlen\/gebohrte-stangen\/gebohrte-stange-st52\/","og_locale":"de_DE","og_type":"article","og_title":"Gebohrte Stange ST52 - AUSA Special Steels","og_description":"Werkst\u00fccke mit mittlerer Festigkeit sowie guter Schwei\u00dfbarkeit und Z\u00e4higkeit.","og_url":"https:\/\/www.ausasteel.com\/de\/stahle\/spezialstahlen\/gebohrte-stangen\/gebohrte-stange-st52\/","og_site_name":"AUSA special steels","article_modified_time":"2019-09-11T15:57:15+00:00","og_image":[{"url":"https:\/\/www.ausasteel.com\/wp-content\/uploads\/2014\/10\/Bare-Perforate-ST52-1.png","type":"","width":"","height":""}],"twitter_misc":{"Est. reading time":"1 minute"},"schema":{"@context":"https:\/\/schema.org","@graph":[{"@type":"WebPage","@id":"https:\/\/www.ausasteel.com\/de\/stahle\/spezialstahlen\/gebohrte-stangen\/gebohrte-stange-st52\/","url":"https:\/\/www.ausasteel.com\/de\/stahle\/spezialstahlen\/gebohrte-stangen\/gebohrte-stange-st52\/","name":"Gebohrte Stange ST52 - AUSA Special Steels","isPartOf":{"@id":"https:\/\/www.ausasteel.com\/de\/#website"},"primaryImageOfPage":{"@id":"https:\/\/www.ausasteel.com\/de\/stahle\/spezialstahlen\/gebohrte-stangen\/gebohrte-stange-st52\/#primaryimage"},"image":{"@id":"https:\/\/www.ausasteel.com\/de\/stahle\/spezialstahlen\/gebohrte-stangen\/gebohrte-stange-st52\/#primaryimage"},"thumbnailUrl":"https:\/\/www.ausasteel.com\/wp-content\/uploads\/2014\/10\/Bare-Perforate-ST52-1.png","datePublished":"2014-10-27T22:00:00+00:00","dateModified":"2019-09-11T15:57:15+00:00","description":"Werkst\u00fccke mit mittlerer Festigkeit sowie guter Schwei\u00dfbarkeit und Z\u00e4higkeit.","breadcrumb":{"@id":"https:\/\/www.ausasteel.com\/de\/stahle\/spezialstahlen\/gebohrte-stangen\/gebohrte-stange-st52\/#breadcrumb"},"inLanguage":"de-DE","potentialAction":[{"@type":"ReadAction","target":["https:\/\/www.ausasteel.com\/de\/stahle\/spezialstahlen\/gebohrte-stangen\/gebohrte-stange-st52\/"]}]},{"@type":"ImageObject","inLanguage":"de-DE","@id":"https:\/\/www.ausasteel.com\/de\/stahle\/spezialstahlen\/gebohrte-stangen\/gebohrte-stange-st52\/#primaryimage","url":"https:\/\/www.ausasteel.com\/wp-content\/uploads\/2014\/10\/Bare-Perforate-ST52-1.png","contentUrl":"https:\/\/www.ausasteel.com\/wp-content\/uploads\/2014\/10\/Bare-Perforate-ST52-1.png"},{"@type":"BreadcrumbList","@id":"https:\/\/www.ausasteel.com\/de\/stahle\/spezialstahlen\/gebohrte-stangen\/gebohrte-stange-st52\/#breadcrumb","itemListElement":[{"@type":"ListItem","position":1,"name":"Portada","item":"https:\/\/www.ausasteel.com\/de\/"},{"@type":"ListItem","position":2,"name":"St\u00e4hle","item":"https:\/\/www.ausasteel.com\/de\/stahle\/"},{"@type":"ListItem","position":3,"name":"Spezialst\u00e4hle","item":"https:\/\/www.ausasteel.com\/de\/stahle\/spezialstahlen\/"},{"@type":"ListItem","position":4,"name":"Gebohrte Stangen","item":"https:\/\/www.ausasteel.com\/de\/stahle\/spezialstahlen\/gebohrte-stangen\/"},{"@type":"ListItem","position":5,"name":"Gebohrte Stange ST52"}]},{"@type":"WebSite","@id":"https:\/\/www.ausasteel.com\/de\/#website","url":"https:\/\/www.ausasteel.com\/de\/","name":"AUSA special steels","description":"AUSA special steels","potentialAction":[{"@type":"SearchAction","target":{"@type":"EntryPoint","urlTemplate":"https:\/\/www.ausasteel.com\/de\/?s={search_term_string}"},"query-input":{"@type":"PropertyValueSpecification","valueRequired":true,"valueName":"search_term_string"}}],"inLanguage":"de-DE"}]}},"_links":{"self":[{"href":"https:\/\/www.ausasteel.com\/de\/wp-json\/wp\/v2\/pages\/7029","targetHints":{"allow":["GET"]}}],"collection":[{"href":"https:\/\/www.ausasteel.com\/de\/wp-json\/wp\/v2\/pages"}],"about":[{"href":"https:\/\/www.ausasteel.com\/de\/wp-json\/wp\/v2\/types\/page"}],"author":[{"embeddable":true,"href":"https:\/\/www.ausasteel.com\/de\/wp-json\/wp\/v2\/users\/1"}],"replies":[{"embeddable":true,"href":"https:\/\/www.ausasteel.com\/de\/wp-json\/wp\/v2\/comments?post=7029"}],"version-history":[{"count":15,"href":"https:\/\/www.ausasteel.com\/de\/wp-json\/wp\/v2\/pages\/7029\/revisions"}],"predecessor-version":[{"id":16042,"href":"https:\/\/www.ausasteel.com\/de\/wp-json\/wp\/v2\/pages\/7029\/revisions\/16042"}],"up":[{"embeddable":true,"href":"https:\/\/www.ausasteel.com\/de\/wp-json\/wp\/v2\/pages\/6958"}],"wp:attachment":[{"href":"https:\/\/www.ausasteel.com\/de\/wp-json\/wp\/v2\/media?parent=7029"}],"curies":[{"name":"wp","href":"https:\/\/api.w.org\/{rel}","templated":true}]}}