    {"id":6973,"date":"2014-10-24T09:56:59","date_gmt":"2014-10-24T09:56:59","guid":{"rendered":"http:\/\/ausasteel.irantzu.com\/spezialstahlen\/kohlenstoffstahle\/acero-al-carbono-c60\/"},"modified":"2019-09-11T16:02:05","modified_gmt":"2019-09-11T16:02:05","slug":"acero-al-carbono-c60","status":"publish","type":"page","link":"https:\/\/www.ausasteel.com\/de\/stahle\/spezialstahlen\/kohlenstoffstahle\/acero-al-carbono-c60\/","title":{"rendered":"Kohlenstoffstahl C60"},"content":{"rendered":"<div class=\"row\">\n<div class=\"container\">\n<div>\n<h1>Kohlenstoffstahl C60<\/h1>\n<h3><strong>Kohlenstoffstahl<\/strong> mit einer <strong>Festigkeit von 70\u201395 kg\/mm\u00b2<\/strong> und gleichbleibend <strong>guter Z\u00e4higkeit<\/strong>. <strong>Induktionsh\u00e4rten f\u00fcr H\u00e4rten \u00fcber 57 HRC<\/strong>.<\/h3>\n<\/div>\n<div class=\"caja_bloques\">\n<div class=\"col-md-5\">\n<div class=\"bloque\">\n<h4>AUSLIEFERUNGSZUST\u00c4ND<\/h4>\n<p>Walzrohling.<\/p>\n<\/div>\n<div class=\"bloque\">\n<h4>ABMESSUNGEN AUF LAGER (in mm.)<\/h4>\n<ul>\n<li><img decoding=\"async\" src=\"\/wp-content\/uploads\/2014\/10\/circulo.png\" alt=\"circle\" \/><span>20-200<\/span><\/li>\n<\/ul>\n<\/div>\n<div class=\"bloque\">\n<h4>ANWENDUNGSNORM<\/h4>\n<p>EN 10083-2<\/p>\n<\/div>\n<div class=\"bloque\">\n<h4>FARBCODE<\/h4>\n<div class=\"figura\" style=\"width: 50px;height: 50px;border: 2px solid #808080 ;border-radius: 50%;position: relative;background:red;\"><div><span style=\"position: absolute;display:inline-block;width:0;height:0;line-height:0;border:25px solid none;border-left:none;border-bottom-right-radius:50px;border-top-right-radius:50px;left:25px;top:0px\"><\/span><span style=\"position: absolute;display:inline-block;width:0;height:0;line-height:0;border:25px solid none;border-right:none;border-bottom-left-radius:50px;border-top-left-radius:50px;left:0px;top:0px\"><\/span><\/div><div style=\"width: 30px;height: 30px;border-radius: 50%;position: absolute;top: 10px;left: 10px;background: none;z-index: 3;\"><\/div><div style=\"width: 8px;height: 50px;display: block;position: absolute;z-index: 3;top: 50%;left: 50%;margin: -25px 0 0 -4px;background:none;\"><\/div><\/div><\/div>\n<\/div>\n<div class=\"col-md-7\">\n<div class=\"bloque\">\n<h4>BESCHREIBUNG UND H\u00c4UFIGSTE ANWENDUNGEN<\/h4>\n<p><strong>Wird nicht zum Schwei\u00dfen empfohlen.<\/strong><\/p>\n<p>Seine h\u00e4ufigsten <strong>Anwendungen<\/strong> sind Spiral- und Blattfedern, landwirtschaftliche Maschinen, H\u00e4mmer, Mei\u00dfel, Zahnr\u00e4der und Bolzen.<\/p>\n<div class=\"galeria_ficha\">\n<div class=\"previsualizacion\">\n<img decoding=\"async\" id=\"preview\" src=\"\/wp-content\/uploads\/2014\/10\/Acero-Carbono-C60-1.png\" alt=\"\" title=\"\"><a class=\"wp-colorbox-image\" href=\"\/wp-content\/uploads\/2014\/10\/Acero-Carbono-C60-1.png\" data-rel=\"lightbox-gallery-avilGWXR\" data-rl_title=\"\" data-rl_caption=\"\" title=\"\"><\/a>\n<\/div>\n<div class=\"miniaturas\">\n<img decoding=\"async\" class=\"thumbnail active\" onclick=\"showGallery(event)\" src=\"\/wp-content\/uploads\/2014\/10\/Acero-Carbono-C60-1.png\" alt=\"Kohlenstoffstahl C60 - AUSA\" title=\"Kohlenstoffstahl C60 - AUSA\" ><br \/>\n<img decoding=\"async\" class=\"thumbnail\" onclick=\"showGallery(event)\" src=\"\/wp-content\/uploads\/2014\/10\/Acero-Carbono-C60-2.png\" alt=\"Kohlenstoffstahl C60 - AUSA\" title=\"Kohlenstoffstahl C60 - AUSA\">\n<\/div>\n<\/div>\n<\/div>\n<\/div>\n<\/div>\n<\/div>\n<\/div>\n<div class=\"row\">\n<div class=\"container caja_tablas\">\n<div class=\"selectores\">\n<button class=\"selector_tab active\" onclick=\"openTab(event,'t_composicion')\">Chemische Zusammensetzung<\/button><br \/>\n<button class=\"selector_tab\" onclick=\"openTab(event,'t_tratamientos')\">Thermische behandlungen \u2013 Ungef\u00e4hre temperaturen<\/button><br \/>\n<button class=\"selector_tab\" onclick=\"openTab(event,'t_caracteristicas')\">Mechanische Eigenschaften<\/button><br \/>\n<button class=\"selector_tab\" onclick=\"openTab(event,'t_equivalencias')\">Ungef\u00e4hre \u00e4quivalenzen<\/button>\n<\/div>\n<div id=\"t_composicion\" class=\"tab\">\n<table class=\"footable\" border=\"1\" width=\"100%\">\n<tbody>\n<tr>\n<th scope=\"col\" style=\"text-align: center; vertical-align: middle;\"><\/th>\n<th scope=\"col\" style=\"text-align: center; vertical-align: middle;\"><strong>C<\/strong><\/th>\n<th scope=\"col\" style=\"text-align: center; vertical-align: middle;\"><strong>Mn<\/strong><\/th>\n<th scope=\"col\" style=\"text-align: center; vertical-align: middle;\"><strong>Si<\/strong><\/th>\n<th scope=\"col\" style=\"text-align: center; vertical-align: middle;\"><strong>P<\/strong><\/th>\n<th scope=\"col\" style=\"text-align: center; vertical-align: middle;\"><strong>S<\/strong><\/th>\n<th scope=\"col\" style=\"text-align: center; vertical-align: middle;\"><strong>Cr<\/strong><\/th>\n<th scope=\"col\" style=\"text-align: center; vertical-align: middle;\"><strong>Mo<\/strong><\/th>\n<th scope=\"col\" style=\"text-align: center; vertical-align: middle;\"><strong>Ni<\/strong><\/th>\n<th scope=\"col\" style=\"text-align: center; vertical-align: middle;\"><strong>Sonstiges<\/strong><\/th>\n<\/tr>\n<tr>\n<td style=\"text-align: center; vertical-align: middle;\"><strong>Min.<\/strong><\/td>\n<td style=\"text-align: center; vertical-align: middle;\">&nbsp;0,57<\/td>\n<td style=\"text-align: center; vertical-align: middle;\">&nbsp;0,60<\/td>\n<td style=\"text-align: center; vertical-align: middle;\"><\/td>\n<td style=\"text-align: center; vertical-align: middle;\"><\/td>\n<td style=\"text-align: center; vertical-align: middle;\"><\/td>\n<td style=\"text-align: center; vertical-align: middle;\"><\/td>\n<td style=\"text-align: center; vertical-align: middle;\"><\/td>\n<td style=\"text-align: center; vertical-align: middle;\"><\/td>\n<td style=\"text-align: center; vertical-align: middle;\">Cr+Mo+Ni<\/td>\n<\/tr>\n<tr>\n<td style=\"text-align: center; vertical-align: middle;\"><strong>Max.<\/strong><\/td>\n<td style=\"text-align: center; vertical-align: middle;\">0,65<\/td>\n<td style=\"text-align: center; vertical-align: middle;\">0,90<\/td>\n<td style=\"text-align: center; vertical-align: middle;\">0,40<\/td>\n<td style=\"text-align: center; vertical-align: middle;\">0,045<\/td>\n<td style=\"text-align: center; vertical-align: middle;\">0,045<\/td>\n<td style=\"text-align: center; vertical-align: middle;\">0,40<\/td>\n<td style=\"text-align: center; vertical-align: middle;\">0,10<\/td>\n<td style=\"text-align: center; vertical-align: middle;\">0,40<\/td>\n<td style=\"text-align: center; vertical-align: middle;\">Max. 0,63<\/td>\n<\/tr>\n<\/tbody>\n<\/table>\n<\/div>\n<div id=\"t_tratamientos\" class=\"tab\" style=\"display:none;\">\n<table class=\"tt\" border=\"1\" width=\"100%\">\n<tbody>\n<tr>\n<th scope=\"col\" style=\"text-align: center; vertical-align: middle;\"><strong>Weichgl\u00fchen \u00baC<\/strong><\/th>\n<th scope=\"col\" style=\"text-align: center; vertical-align: middle;\"><strong>H\u00e4rten \u00baC<\/strong><\/th>\n<th scope=\"col\" style=\"text-align: center; vertical-align: middle;\"><strong>Anlassen<\/strong><\/th>\n<\/tr>\n<tr>\n<td style=\"text-align: center; vertical-align: middle;\">670-710<\/td>\n<td style=\"text-align: center; vertical-align: middle;\">820-840<br \/>\n\u00d6l<\/td>\n<td style=\"text-align: center; vertical-align: middle;\">550-660<\/td>\n<\/tr>\n<\/tbody>\n<\/table>\n<\/div>\n<div id=\"t_caracteristicas\" class=\"tab\" style=\"display:none;\">\n<p>Mechanische Eigenschaften bei Raumtemperatur im normalgegl\u00fchten Zustand (+N).<\/p>\n<table class=\"cm\" border=\"1\" width=\"100%\">\n<tbody>\n<tr>\n<th colspan=\"2\" scope=\"col\"><strong>Abmessungen<\/strong><\/th>\n<th scope=\"col\"><strong>Re<\/strong><strong>(N\/mm2)<\/strong><\/th>\n<th scope=\"col\"><strong>Rm<\/strong><strong>(N\/mm2)<\/strong><\/th>\n<th scope=\"col\"><strong>A (%)<\/strong><\/th>\n<\/tr>\n<tr>\n<td colspan=\"2\" style=\"text-align: center; vertical-align: middle; background-color: #F7F7F7;\"><strong>Mm.<\/strong><\/td>\n<td style=\"text-align: center; vertical-align: middle; background-color: #F7F7F7;\"><strong>Min.<\/strong><\/td>\n<td style=\"text-align: center; vertical-align: middle; background-color: #F7F7F7;\"><strong>Min.<\/strong><\/td>\n<td style=\"text-align: center; vertical-align: middle; background-color: #F7F7F7;\"><strong>Min.<\/strong><\/td>\n<\/tr>\n<tr>\n<td style=\"text-align: center; vertical-align: middle;\"><\/td>\n<td style=\"text-align: center; vertical-align: middle;\">\u2264 16<\/td>\n<td style=\"text-align: center; vertical-align: middle;\">380<\/td>\n<td style=\"text-align: center; vertical-align: middle;\">710<\/td>\n<td style=\"text-align: center; vertical-align: middle;\">10<\/td>\n<\/tr>\n<tr>\n<td style=\"text-align: center; vertical-align: middle;\">&gt; 16<\/td>\n<td style=\"text-align: center; vertical-align: middle;\">\u2264 100<\/td>\n<td style=\"text-align: center; vertical-align: middle;\">340<\/td>\n<td style=\"text-align: center; vertical-align: middle;\">670<\/td>\n<td style=\"text-align: center; vertical-align: middle;\">11<\/td>\n<\/tr>\n<tr>\n<td style=\"text-align: center; vertical-align: middle;\">&gt; 100<\/td>\n<td style=\"text-align: center; vertical-align: middle;\">\u2264 250<\/td>\n<td style=\"text-align: center; vertical-align: middle;\">310<\/td>\n<td style=\"text-align: center; vertical-align: middle;\">650<\/td>\n<td style=\"text-align: center; vertical-align: middle;\">11<\/td>\n<\/tr>\n<tr>\n<td style=\"text-align: center; vertical-align: middle;\">&gt; 250<\/td>\n<td style=\"text-align: center; vertical-align: middle;\"><\/td>\n<td colspan=\"3\" style=\"text-align: center; vertical-align: middle; background-color: #F7F7F7;\"><strong>Auf Anfrage<\/strong><\/td>\n<\/tr>\n<\/tbody>\n<\/table>\n<\/div>\n<div id=\"t_equivalencias\" class=\"tab\" style=\"display: none;\">\n<table class=\"ea\" border=\"1\" width=\"100%\">\n<tbody>\n<tr>\n<th scope=\"col\" style=\"text-align: center; vertical-align: middle;\"><strong>EN<\/strong><\/th>\n<th scope=\"col\" style=\"text-align: center; vertical-align: middle;\"><strong>DIN<\/strong><\/th>\n<th scope=\"col\" style=\"text-align: center; vertical-align: middle;\"><strong>N\u00ba Stand<\/strong><\/th>\n<th scope=\"col\" style=\"text-align: center; vertical-align: middle;\"><strong>UNE<\/strong><\/th>\n<th scope=\"col\" style=\"text-align: center; vertical-align: middle;\"><strong>STAS<\/strong><\/th>\n<th scope=\"col\" style=\"text-align: center; vertical-align: middle;\"><strong>AFNOR<\/strong><\/th>\n<th scope=\"col\" style=\"text-align: center; vertical-align: middle;\"><strong>BS<\/strong><\/th>\n<th scope=\"col\" style=\"text-align: center; vertical-align: middle;\"><strong>UNI<\/strong><\/th>\n<th scope=\"col\" style=\"text-align: center; vertical-align: middle;\"><strong>AISI\/SAE<\/strong><\/th>\n<th scope=\"col\" style=\"text-align: center; vertical-align: middle;\"><strong>GOST<\/strong><\/th>\n<\/tr>\n<tr>\n<td style=\"text-align: center; vertical-align: middle;\">&nbsp;C60<\/td>\n<td style=\"text-align: center; vertical-align: middle;\">C60<\/td>\n<td style=\"text-align: center; vertical-align: middle;\">1.0601<\/td>\n<td style=\"text-align: center; vertical-align: middle;\"><\/td>\n<td style=\"text-align: center; vertical-align: middle;\">OLC60q<\/td>\n<td style=\"text-align: center; vertical-align: middle;\">C-60<\/td>\n<td style=\"text-align: center; vertical-align: middle;\">060A62<\/td>\n<td style=\"text-align: center; vertical-align: middle;\">C-60<\/td>\n<td style=\"text-align: center; vertical-align: middle;\">1060<\/td>\n<td style=\"text-align: center; vertical-align: middle;\">60<\/td>\n<\/tr>\n<\/tbody>\n<\/table>\n<\/div>\n<\/div>\n<div class=\"container ficha_descarga\">\n<a title=\"Technisches Datenblatt Kohlenstoffstahl C60\" href=\"\/fichas\/Kohlenstoffstahl-C60-AUSA.pdf\" target=\"_blank\" class=\"btn_ausa\">Technisches Datenblatt Kohlenstoffstahl C60<\/a>\n<\/div>\n<\/div>\n<div class=\"row informacion_tecnica_ficha\">\n<div class=\"container\">\n<ul>\n<li id=\"menu-item-7428\" class=\"calculadora-peso menu-item menu-item-type-post_type menu-item-object-page menu-item-7428\"><a href=\"https:\/\/www.ausasteel.com\/de\/technische-angaben\/gewichtsrechner\/\">Gewichtsrechner<\/a><\/li>\n<li id=\"menu-item-7429\" class=\"tolerancias-dimensionales menu-item menu-item-type-post_type menu-item-object-page menu-item-7429\"><a href=\"https:\/\/www.ausasteel.com\/de\/technische-angaben\/masstoleranzen\/\">Masstoleranzen<\/a><\/li>\n<\/ul>\n<\/div>\n<\/div>\n<div class=\"row relacionados\">\n<div class=\"contaienr\">\n<h2>Verwandte Kohlenstoffst\u00e4hle<\/h2>\n<p>[vc_widget_sidebar show_bg=&#8221;false&#8221; sidebar_id=&#8221;sidebar_5&#8243;]\n<\/p><\/div>\n<\/div><!-- AddThis Advanced Settings generic via filter on the_content -->","protected":false},"excerpt":{"rendered":"<p>Kohlenstoffstahl C60 Kohlenstoffstahl mit einer Festigkeit von 70\u201395 kg\/mm\u00b2 und gleichbleibend guter Z\u00e4higkeit. Induktionsh\u00e4rten f\u00fcr H\u00e4rten \u00fcber 57 HRC. AUSLIEFERUNGSZUST\u00c4ND Walzrohling. ABMESSUNGEN AUF LAGER (in mm.) 20-200 ANWENDUNGSNORM EN 10083-2 FARBCODE BESCHREIBUNG UND H\u00c4UFIGSTE ANWENDUNGEN Wird nicht zum Schwei\u00dfen empfohlen. Seine h\u00e4ufigsten Anwendungen sind Spiral- und Blattfedern, landwirtschaftliche Maschinen, H\u00e4mmer, Mei\u00dfel, Zahnr\u00e4der und Bolzen. Chemische&hellip;<!-- AddThis Advanced Settings generic via filter on get_the_excerpt --><\/p>\n","protected":false},"author":1,"featured_media":0,"parent":6768,"menu_order":0,"comment_status":"closed","ping_status":"open","template":"","meta":{"footnotes":""},"class_list":["post-6973","page","type-page","status-publish","hentry"],"yoast_head":"<!-- This site is optimized with the Yoast SEO plugin v26.6 - https:\/\/yoast.com\/wordpress\/plugins\/seo\/ -->\n<title>Kohlenstoffstahl C60 - AUSA Special Steels<\/title>\n<meta name=\"description\" content=\"Kohlenstoffstahl C60 mit einer Festigkeit von 70\u201395 kg\/mm2 und gleichbleibend guter Z\u00e4higkeit.\" \/>\n<meta name=\"robots\" content=\"index, follow, max-snippet:-1, max-image-preview:large, max-video-preview:-1\" \/>\n<link rel=\"canonical\" href=\"https:\/\/www.ausasteel.com\/de\/stahle\/spezialstahlen\/kohlenstoffstahle\/acero-al-carbono-c60\/\" \/>\n<meta property=\"og:locale\" content=\"de_DE\" \/>\n<meta property=\"og:type\" content=\"article\" \/>\n<meta property=\"og:title\" content=\"Kohlenstoffstahl C60 - AUSA Special Steels\" \/>\n<meta property=\"og:description\" content=\"Kohlenstoffstahl C60 mit einer Festigkeit von 70\u201395 kg\/mm2 und gleichbleibend guter Z\u00e4higkeit.\" \/>\n<meta property=\"og:url\" content=\"https:\/\/www.ausasteel.com\/de\/stahle\/spezialstahlen\/kohlenstoffstahle\/acero-al-carbono-c60\/\" \/>\n<meta property=\"og:site_name\" content=\"AUSA special steels\" \/>\n<meta property=\"article:modified_time\" content=\"2019-09-11T16:02:05+00:00\" \/>\n<meta name=\"twitter:label1\" content=\"Est. reading time\" \/>\n\t<meta name=\"twitter:data1\" content=\"1 minute\" \/>\n<script type=\"application\/ld+json\" class=\"yoast-schema-graph\">{\"@context\":\"https:\/\/schema.org\",\"@graph\":[{\"@type\":\"WebPage\",\"@id\":\"https:\/\/www.ausasteel.com\/de\/stahle\/spezialstahlen\/kohlenstoffstahle\/acero-al-carbono-c60\/\",\"url\":\"https:\/\/www.ausasteel.com\/de\/stahle\/spezialstahlen\/kohlenstoffstahle\/acero-al-carbono-c60\/\",\"name\":\"Kohlenstoffstahl C60 - AUSA Special Steels\",\"isPartOf\":{\"@id\":\"https:\/\/www.ausasteel.com\/de\/#website\"},\"datePublished\":\"2014-10-24T09:56:59+00:00\",\"dateModified\":\"2019-09-11T16:02:05+00:00\",\"description\":\"Kohlenstoffstahl C60 mit einer Festigkeit von 70\u201395 kg\/mm2 und gleichbleibend guter Z\u00e4higkeit.\",\"breadcrumb\":{\"@id\":\"https:\/\/www.ausasteel.com\/de\/stahle\/spezialstahlen\/kohlenstoffstahle\/acero-al-carbono-c60\/#breadcrumb\"},\"inLanguage\":\"de-DE\",\"potentialAction\":[{\"@type\":\"ReadAction\",\"target\":[\"https:\/\/www.ausasteel.com\/de\/stahle\/spezialstahlen\/kohlenstoffstahle\/acero-al-carbono-c60\/\"]}]},{\"@type\":\"BreadcrumbList\",\"@id\":\"https:\/\/www.ausasteel.com\/de\/stahle\/spezialstahlen\/kohlenstoffstahle\/acero-al-carbono-c60\/#breadcrumb\",\"itemListElement\":[{\"@type\":\"ListItem\",\"position\":1,\"name\":\"Portada\",\"item\":\"https:\/\/www.ausasteel.com\/de\/\"},{\"@type\":\"ListItem\",\"position\":2,\"name\":\"St\u00e4hle\",\"item\":\"https:\/\/www.ausasteel.com\/de\/stahle\/\"},{\"@type\":\"ListItem\",\"position\":3,\"name\":\"Spezialst\u00e4hle\",\"item\":\"https:\/\/www.ausasteel.com\/de\/stahle\/spezialstahlen\/\"},{\"@type\":\"ListItem\",\"position\":4,\"name\":\"Kohlenstoffst\u00e4hle\",\"item\":\"https:\/\/www.ausasteel.com\/de\/stahle\/spezialstahlen\/kohlenstoffstahle\/\"},{\"@type\":\"ListItem\",\"position\":5,\"name\":\"Kohlenstoffstahl C60\"}]},{\"@type\":\"WebSite\",\"@id\":\"https:\/\/www.ausasteel.com\/de\/#website\",\"url\":\"https:\/\/www.ausasteel.com\/de\/\",\"name\":\"AUSA special steels\",\"description\":\"AUSA special steels\",\"potentialAction\":[{\"@type\":\"SearchAction\",\"target\":{\"@type\":\"EntryPoint\",\"urlTemplate\":\"https:\/\/www.ausasteel.com\/de\/?s={search_term_string}\"},\"query-input\":{\"@type\":\"PropertyValueSpecification\",\"valueRequired\":true,\"valueName\":\"search_term_string\"}}],\"inLanguage\":\"de-DE\"}]}<\/script>\n<!-- \/ Yoast SEO plugin. -->","yoast_head_json":{"title":"Kohlenstoffstahl C60 - AUSA Special Steels","description":"Kohlenstoffstahl C60 mit einer Festigkeit von 70\u201395 kg\/mm2 und gleichbleibend guter Z\u00e4higkeit.","robots":{"index":"index","follow":"follow","max-snippet":"max-snippet:-1","max-image-preview":"max-image-preview:large","max-video-preview":"max-video-preview:-1"},"canonical":"https:\/\/www.ausasteel.com\/de\/stahle\/spezialstahlen\/kohlenstoffstahle\/acero-al-carbono-c60\/","og_locale":"de_DE","og_type":"article","og_title":"Kohlenstoffstahl C60 - AUSA Special Steels","og_description":"Kohlenstoffstahl C60 mit einer Festigkeit von 70\u201395 kg\/mm2 und gleichbleibend guter Z\u00e4higkeit.","og_url":"https:\/\/www.ausasteel.com\/de\/stahle\/spezialstahlen\/kohlenstoffstahle\/acero-al-carbono-c60\/","og_site_name":"AUSA special steels","article_modified_time":"2019-09-11T16:02:05+00:00","twitter_misc":{"Est. reading time":"1 minute"},"schema":{"@context":"https:\/\/schema.org","@graph":[{"@type":"WebPage","@id":"https:\/\/www.ausasteel.com\/de\/stahle\/spezialstahlen\/kohlenstoffstahle\/acero-al-carbono-c60\/","url":"https:\/\/www.ausasteel.com\/de\/stahle\/spezialstahlen\/kohlenstoffstahle\/acero-al-carbono-c60\/","name":"Kohlenstoffstahl C60 - AUSA Special Steels","isPartOf":{"@id":"https:\/\/www.ausasteel.com\/de\/#website"},"datePublished":"2014-10-24T09:56:59+00:00","dateModified":"2019-09-11T16:02:05+00:00","description":"Kohlenstoffstahl C60 mit einer Festigkeit von 70\u201395 kg\/mm2 und gleichbleibend guter Z\u00e4higkeit.","breadcrumb":{"@id":"https:\/\/www.ausasteel.com\/de\/stahle\/spezialstahlen\/kohlenstoffstahle\/acero-al-carbono-c60\/#breadcrumb"},"inLanguage":"de-DE","potentialAction":[{"@type":"ReadAction","target":["https:\/\/www.ausasteel.com\/de\/stahle\/spezialstahlen\/kohlenstoffstahle\/acero-al-carbono-c60\/"]}]},{"@type":"BreadcrumbList","@id":"https:\/\/www.ausasteel.com\/de\/stahle\/spezialstahlen\/kohlenstoffstahle\/acero-al-carbono-c60\/#breadcrumb","itemListElement":[{"@type":"ListItem","position":1,"name":"Portada","item":"https:\/\/www.ausasteel.com\/de\/"},{"@type":"ListItem","position":2,"name":"St\u00e4hle","item":"https:\/\/www.ausasteel.com\/de\/stahle\/"},{"@type":"ListItem","position":3,"name":"Spezialst\u00e4hle","item":"https:\/\/www.ausasteel.com\/de\/stahle\/spezialstahlen\/"},{"@type":"ListItem","position":4,"name":"Kohlenstoffst\u00e4hle","item":"https:\/\/www.ausasteel.com\/de\/stahle\/spezialstahlen\/kohlenstoffstahle\/"},{"@type":"ListItem","position":5,"name":"Kohlenstoffstahl C60"}]},{"@type":"WebSite","@id":"https:\/\/www.ausasteel.com\/de\/#website","url":"https:\/\/www.ausasteel.com\/de\/","name":"AUSA special steels","description":"AUSA special steels","potentialAction":[{"@type":"SearchAction","target":{"@type":"EntryPoint","urlTemplate":"https:\/\/www.ausasteel.com\/de\/?s={search_term_string}"},"query-input":{"@type":"PropertyValueSpecification","valueRequired":true,"valueName":"search_term_string"}}],"inLanguage":"de-DE"}]}},"_links":{"self":[{"href":"https:\/\/www.ausasteel.com\/de\/wp-json\/wp\/v2\/pages\/6973","targetHints":{"allow":["GET"]}}],"collection":[{"href":"https:\/\/www.ausasteel.com\/de\/wp-json\/wp\/v2\/pages"}],"about":[{"href":"https:\/\/www.ausasteel.com\/de\/wp-json\/wp\/v2\/types\/page"}],"author":[{"embeddable":true,"href":"https:\/\/www.ausasteel.com\/de\/wp-json\/wp\/v2\/users\/1"}],"replies":[{"embeddable":true,"href":"https:\/\/www.ausasteel.com\/de\/wp-json\/wp\/v2\/comments?post=6973"}],"version-history":[{"count":10,"href":"https:\/\/www.ausasteel.com\/de\/wp-json\/wp\/v2\/pages\/6973\/revisions"}],"predecessor-version":[{"id":16107,"href":"https:\/\/www.ausasteel.com\/de\/wp-json\/wp\/v2\/pages\/6973\/revisions\/16107"}],"up":[{"embeddable":true,"href":"https:\/\/www.ausasteel.com\/de\/wp-json\/wp\/v2\/pages\/6768"}],"wp:attachment":[{"href":"https:\/\/www.ausasteel.com\/de\/wp-json\/wp\/v2\/media?parent=6973"}],"curies":[{"name":"wp","href":"https:\/\/api.w.org\/{rel}","templated":true}]}}