        {"id":6966,"date":"2014-10-26T18:49:00","date_gmt":"2014-10-26T18:49:00","guid":{"rendered":"http:\/\/ausasteel.irantzu.com\/kalibrierten-stahlen\/aceros-calibrados-de-facil-mecanizacion\/"},"modified":"2018-11-13T16:07:03","modified_gmt":"2018-11-13T16:07:03","slug":"kalibrierte-stahle-leichter-bearbeitung","status":"publish","type":"page","link":"https:\/\/www.ausasteel.com\/de\/stahle\/kalibrierten-stahlen\/kalibrierte-stahle-leichter-bearbeitung\/","title":{"rendered":"Kalibrierter St\u00e4hl f\u00fcr leichte Bearbeitung"},"content":{"rendered":"<div class=\"row\">\n<div class=\"container\">\n<h1>Kalibrierter St\u00e4hl f\u00fcr leichte Bearbeitung<\/h1>\n<\/div>\n<div class=\"container columna_imagen\">\n<div class=\"col-md-6\">\n<h3>Welche Arten von leicht bearbeitbaren kalibrierten St\u00e4hlen liefert AUSA?<\/h3>\n<p><span style=\"font-size: 1.2em;\"><strong>AUSA<\/strong> arbeitet mit folgenden Qualit\u00e4ten von kalibrierten leicht bearbeitbaren St\u00e4hlen. Ihre Eigenschaften, Anwendungen, die chemische Zusammensetzung, \u00c4quivalenzen und Abmessungen h\u00e4ngen von der gew\u00e4hlten Qualit\u00e4t ab.<\/span><\/p>\n<p>[vc_widget_sidebar show_bg=&#8221;false&#8221; sidebar_id=&#8221;sidebar_23&#8243;]\n<\/p><\/div>\n<div class=\"col-md-6\">\n<div class=\"container_imagen\">\n<img decoding=\"async\" src=\"\/wp-content\/uploads\/2015\/05\/Aceros-Calibrados-Facil-Mecanizacion-AUSA1.png\" alt=\"Kalibrierter St\u00e4hl f\u00fcr leichte Bearbeitung - AUSA Special Steels\" title=\"Kalibrierter St\u00e4hl f\u00fcr leichte Bearbeitung - AUSA Special Steels\">\n<\/div>\n<\/div>\n<\/div>\n<\/div>\n<div class=\"row\">\n<div class=\"container\">\n<p>Kalibrierte St\u00e4hle leichter Bearbeitung zeichnen sich durch ihre <strong>gute spanabhebende Bearbeitbarkeit<\/strong> aus.<\/p>\n<p>Ihre Bearbeitbarkeit verbessert sich betr\u00e4chtlich durch <strong>Kaltziehen<\/strong> (Festigkeit von 500-650 N\/mm\u00b2).<\/p>\n<p>Diese St\u00e4hle sind besonders geeignet f\u00fcr auf automatischen Drehmaschinen bearbeitete Werkst\u00fccke in gro\u00dfen Serien.<\/p>\n<p>Ihre <strong>h\u00e4ufigsten<\/strong> <strong>Anwendungen<\/strong> sind Schrauben, Bolzen, H\u00fclsen, Verbindungsst\u00fccke und Scheiben.<\/p>\n<\/div>\n<\/div>\n<div class=\"row gris\" id=\"informacion_tecnica\">\n<div class=\"container\">\n<h2>Technische Angaben<\/h2>\n<p>[vc_widget_sidebar show_bg=&#8221;false&#8221; sidebar_id=&#8221;sidebar_26&#8243;]\n<\/p><\/div>\n<\/div><!-- AddThis Advanced Settings generic via filter on the_content -->","protected":false},"excerpt":{"rendered":"<p>Kalibrierter St\u00e4hl f\u00fcr leichte Bearbeitung Welche Arten von leicht bearbeitbaren kalibrierten St\u00e4hlen liefert AUSA? AUSA arbeitet mit folgenden Qualit\u00e4ten von kalibrierten leicht bearbeitbaren St\u00e4hlen. Ihre Eigenschaften, Anwendungen, die chemische Zusammensetzung, \u00c4quivalenzen und Abmessungen h\u00e4ngen von der gew\u00e4hlten Qualit\u00e4t ab. [vc_widget_sidebar show_bg=&#8221;false&#8221; sidebar_id=&#8221;sidebar_23&#8243;] Kalibrierte St\u00e4hle leichter Bearbeitung zeichnen sich durch ihre gute spanabhebende Bearbeitbarkeit aus. Ihre&hellip;<!-- AddThis Advanced Settings generic via filter on get_the_excerpt --><\/p>\n","protected":false},"author":1,"featured_media":0,"parent":6633,"menu_order":0,"comment_status":"closed","ping_status":"open","template":"","meta":{"footnotes":""},"class_list":["post-6966","page","type-page","status-publish","hentry"],"yoast_head":"<!-- This site is optimized with the Yoast SEO plugin v26.6 - https:\/\/yoast.com\/wordpress\/plugins\/seo\/ -->\n<title>Kalibrierter St\u00e4hl f\u00fcr leichte Bearbeitung - AUSA special steels<\/title>\n<meta name=\"robots\" content=\"index, follow, max-snippet:-1, max-image-preview:large, max-video-preview:-1\" \/>\n<link rel=\"canonical\" href=\"https:\/\/www.ausasteel.com\/de\/stahle\/kalibrierten-stahlen\/kalibrierte-stahle-leichter-bearbeitung\/\" \/>\n<meta property=\"og:locale\" content=\"de_DE\" \/>\n<meta property=\"og:type\" content=\"article\" \/>\n<meta property=\"og:title\" content=\"Kalibrierter St\u00e4hl f\u00fcr leichte Bearbeitung - AUSA special steels\" \/>\n<meta property=\"og:description\" content=\"Kalibrierter St\u00e4hl f\u00fcr leichte Bearbeitung Welche Arten von leicht bearbeitbaren kalibrierten St\u00e4hlen liefert AUSA? AUSA arbeitet mit folgenden Qualit\u00e4ten von kalibrierten leicht bearbeitbaren St\u00e4hlen. Ihre Eigenschaften, Anwendungen, die chemische Zusammensetzung, \u00c4quivalenzen und Abmessungen h\u00e4ngen von der gew\u00e4hlten Qualit\u00e4t ab. [vc_widget_sidebar show_bg=&#8221;false&#8221; sidebar_id=&#8221;sidebar_23&#8243;] Kalibrierte St\u00e4hle leichter Bearbeitung zeichnen sich durch ihre gute spanabhebende Bearbeitbarkeit aus. Ihre&hellip;\" \/>\n<meta property=\"og:url\" content=\"https:\/\/www.ausasteel.com\/de\/stahle\/kalibrierten-stahlen\/kalibrierte-stahle-leichter-bearbeitung\/\" \/>\n<meta property=\"og:site_name\" content=\"AUSA special steels\" \/>\n<meta property=\"article:modified_time\" content=\"2018-11-13T16:07:03+00:00\" \/>\n<meta name=\"twitter:label1\" content=\"Est. reading time\" \/>\n\t<meta name=\"twitter:data1\" content=\"1 minute\" \/>\n<script type=\"application\/ld+json\" class=\"yoast-schema-graph\">{\"@context\":\"https:\/\/schema.org\",\"@graph\":[{\"@type\":\"WebPage\",\"@id\":\"https:\/\/www.ausasteel.com\/de\/stahle\/kalibrierten-stahlen\/kalibrierte-stahle-leichter-bearbeitung\/\",\"url\":\"https:\/\/www.ausasteel.com\/de\/stahle\/kalibrierten-stahlen\/kalibrierte-stahle-leichter-bearbeitung\/\",\"name\":\"Kalibrierter St\u00e4hl f\u00fcr leichte Bearbeitung - AUSA special steels\",\"isPartOf\":{\"@id\":\"https:\/\/www.ausasteel.com\/de\/#website\"},\"datePublished\":\"2014-10-26T18:49:00+00:00\",\"dateModified\":\"2018-11-13T16:07:03+00:00\",\"breadcrumb\":{\"@id\":\"https:\/\/www.ausasteel.com\/de\/stahle\/kalibrierten-stahlen\/kalibrierte-stahle-leichter-bearbeitung\/#breadcrumb\"},\"inLanguage\":\"de-DE\",\"potentialAction\":[{\"@type\":\"ReadAction\",\"target\":[\"https:\/\/www.ausasteel.com\/de\/stahle\/kalibrierten-stahlen\/kalibrierte-stahle-leichter-bearbeitung\/\"]}]},{\"@type\":\"BreadcrumbList\",\"@id\":\"https:\/\/www.ausasteel.com\/de\/stahle\/kalibrierten-stahlen\/kalibrierte-stahle-leichter-bearbeitung\/#breadcrumb\",\"itemListElement\":[{\"@type\":\"ListItem\",\"position\":1,\"name\":\"Portada\",\"item\":\"https:\/\/www.ausasteel.com\/de\/\"},{\"@type\":\"ListItem\",\"position\":2,\"name\":\"St\u00e4hle\",\"item\":\"https:\/\/www.ausasteel.com\/de\/stahle\/\"},{\"@type\":\"ListItem\",\"position\":3,\"name\":\"Kalibrierte St\u00e4hle\",\"item\":\"https:\/\/www.ausasteel.com\/de\/stahle\/kalibrierten-stahlen\/\"},{\"@type\":\"ListItem\",\"position\":4,\"name\":\"Kalibrierter St\u00e4hl f\u00fcr leichte Bearbeitung\"}]},{\"@type\":\"WebSite\",\"@id\":\"https:\/\/www.ausasteel.com\/de\/#website\",\"url\":\"https:\/\/www.ausasteel.com\/de\/\",\"name\":\"AUSA special steels\",\"description\":\"AUSA special steels\",\"potentialAction\":[{\"@type\":\"SearchAction\",\"target\":{\"@type\":\"EntryPoint\",\"urlTemplate\":\"https:\/\/www.ausasteel.com\/de\/?s={search_term_string}\"},\"query-input\":{\"@type\":\"PropertyValueSpecification\",\"valueRequired\":true,\"valueName\":\"search_term_string\"}}],\"inLanguage\":\"de-DE\"}]}<\/script>\n<!-- \/ Yoast SEO plugin. -->","yoast_head_json":{"title":"Kalibrierter St\u00e4hl f\u00fcr leichte Bearbeitung - AUSA special steels","robots":{"index":"index","follow":"follow","max-snippet":"max-snippet:-1","max-image-preview":"max-image-preview:large","max-video-preview":"max-video-preview:-1"},"canonical":"https:\/\/www.ausasteel.com\/de\/stahle\/kalibrierten-stahlen\/kalibrierte-stahle-leichter-bearbeitung\/","og_locale":"de_DE","og_type":"article","og_title":"Kalibrierter St\u00e4hl f\u00fcr leichte Bearbeitung - AUSA special steels","og_description":"Kalibrierter St\u00e4hl f\u00fcr leichte Bearbeitung Welche Arten von leicht bearbeitbaren kalibrierten St\u00e4hlen liefert AUSA? AUSA arbeitet mit folgenden Qualit\u00e4ten von kalibrierten leicht bearbeitbaren St\u00e4hlen. Ihre Eigenschaften, Anwendungen, die chemische Zusammensetzung, \u00c4quivalenzen und Abmessungen h\u00e4ngen von der gew\u00e4hlten Qualit\u00e4t ab. [vc_widget_sidebar show_bg=&#8221;false&#8221; sidebar_id=&#8221;sidebar_23&#8243;] Kalibrierte St\u00e4hle leichter Bearbeitung zeichnen sich durch ihre gute spanabhebende Bearbeitbarkeit aus. Ihre&hellip;","og_url":"https:\/\/www.ausasteel.com\/de\/stahle\/kalibrierten-stahlen\/kalibrierte-stahle-leichter-bearbeitung\/","og_site_name":"AUSA special steels","article_modified_time":"2018-11-13T16:07:03+00:00","twitter_misc":{"Est. reading time":"1 minute"},"schema":{"@context":"https:\/\/schema.org","@graph":[{"@type":"WebPage","@id":"https:\/\/www.ausasteel.com\/de\/stahle\/kalibrierten-stahlen\/kalibrierte-stahle-leichter-bearbeitung\/","url":"https:\/\/www.ausasteel.com\/de\/stahle\/kalibrierten-stahlen\/kalibrierte-stahle-leichter-bearbeitung\/","name":"Kalibrierter St\u00e4hl f\u00fcr leichte Bearbeitung - AUSA special steels","isPartOf":{"@id":"https:\/\/www.ausasteel.com\/de\/#website"},"datePublished":"2014-10-26T18:49:00+00:00","dateModified":"2018-11-13T16:07:03+00:00","breadcrumb":{"@id":"https:\/\/www.ausasteel.com\/de\/stahle\/kalibrierten-stahlen\/kalibrierte-stahle-leichter-bearbeitung\/#breadcrumb"},"inLanguage":"de-DE","potentialAction":[{"@type":"ReadAction","target":["https:\/\/www.ausasteel.com\/de\/stahle\/kalibrierten-stahlen\/kalibrierte-stahle-leichter-bearbeitung\/"]}]},{"@type":"BreadcrumbList","@id":"https:\/\/www.ausasteel.com\/de\/stahle\/kalibrierten-stahlen\/kalibrierte-stahle-leichter-bearbeitung\/#breadcrumb","itemListElement":[{"@type":"ListItem","position":1,"name":"Portada","item":"https:\/\/www.ausasteel.com\/de\/"},{"@type":"ListItem","position":2,"name":"St\u00e4hle","item":"https:\/\/www.ausasteel.com\/de\/stahle\/"},{"@type":"ListItem","position":3,"name":"Kalibrierte St\u00e4hle","item":"https:\/\/www.ausasteel.com\/de\/stahle\/kalibrierten-stahlen\/"},{"@type":"ListItem","position":4,"name":"Kalibrierter St\u00e4hl f\u00fcr leichte Bearbeitung"}]},{"@type":"WebSite","@id":"https:\/\/www.ausasteel.com\/de\/#website","url":"https:\/\/www.ausasteel.com\/de\/","name":"AUSA special steels","description":"AUSA special steels","potentialAction":[{"@type":"SearchAction","target":{"@type":"EntryPoint","urlTemplate":"https:\/\/www.ausasteel.com\/de\/?s={search_term_string}"},"query-input":{"@type":"PropertyValueSpecification","valueRequired":true,"valueName":"search_term_string"}}],"inLanguage":"de-DE"}]}},"_links":{"self":[{"href":"https:\/\/www.ausasteel.com\/de\/wp-json\/wp\/v2\/pages\/6966","targetHints":{"allow":["GET"]}}],"collection":[{"href":"https:\/\/www.ausasteel.com\/de\/wp-json\/wp\/v2\/pages"}],"about":[{"href":"https:\/\/www.ausasteel.com\/de\/wp-json\/wp\/v2\/types\/page"}],"author":[{"embeddable":true,"href":"https:\/\/www.ausasteel.com\/de\/wp-json\/wp\/v2\/users\/1"}],"replies":[{"embeddable":true,"href":"https:\/\/www.ausasteel.com\/de\/wp-json\/wp\/v2\/comments?post=6966"}],"version-history":[{"count":7,"href":"https:\/\/www.ausasteel.com\/de\/wp-json\/wp\/v2\/pages\/6966\/revisions"}],"predecessor-version":[{"id":15460,"href":"https:\/\/www.ausasteel.com\/de\/wp-json\/wp\/v2\/pages\/6966\/revisions\/15460"}],"up":[{"embeddable":true,"href":"https:\/\/www.ausasteel.com\/de\/wp-json\/wp\/v2\/pages\/6633"}],"wp:attachment":[{"href":"https:\/\/www.ausasteel.com\/de\/wp-json\/wp\/v2\/media?parent=6966"}],"curies":[{"name":"wp","href":"https:\/\/api.w.org\/{rel}","templated":true}]}}