        {"id":6965,"date":"2014-10-26T18:52:29","date_gmt":"2014-10-26T18:52:29","guid":{"rendered":"http:\/\/ausasteel.irantzu.com\/kalibrierten-stahlen\/aceros-calibrados-inoxidables\/"},"modified":"2018-11-13T17:02:16","modified_gmt":"2018-11-13T17:02:16","slug":"kalibrierte-rostfreie-stahle","status":"publish","type":"page","link":"https:\/\/www.ausasteel.com\/de\/stahle\/kalibrierten-stahlen\/kalibrierte-rostfreie-stahle\/","title":{"rendered":"Kalibrierter rostfreier St\u00e4hl"},"content":{"rendered":"<div class=\"row\">\n<div class=\"container\">\n<h1>Kalibrierter rostfreier St\u00e4hl<\/h1>\n<\/div>\n<div class=\"container columna_imagen\">\n<div class=\"col-md-6\">\n<h3>Welche Arten von kalibrierten rostfreien St\u00e4hlen liefert AUSA?<\/h3>\n<p><span style=\"font-size: 1.2em;\"><strong>AUSA<\/strong> arbeitet mit folgenden <strong>Qualit\u00e4ten von<\/strong> <strong>kalibrierten rostfreien St\u00e4hlen.<\/strong> Ihre Eigenschaften, Anwendungen, die chemische Zusammensetzung, \u00c4quivalenzen und Abmessungen h\u00e4ngen von der gew\u00e4hlten Qualit\u00e4t ab.<br \/><\/span><\/p>\n<p>[vc_widget_sidebar show_bg=&#8221;false&#8221; sidebar_id=&#8221;sidebar_25&#8243;]\n<\/p><\/div>\n<div class=\"col-md-6\">\n<div class=\"container_imagen\">\n<img decoding=\"async\" src=\"\/wp-content\/uploads\/2015\/05\/Aceros-Inoxidables-AUSA2.png\" alt=\"Kalibrierter rostfreier St\u00e4hl - AUSA Special Steels\" title=\"Kalibrierter rostfreier St\u00e4hl - AUSA Special Steels\">\n<\/div>\n<\/div>\n<\/div>\n<\/div>\n<div class=\"row\">\n<div class=\"container\">\n<p><strong>Rostfreie kalibrierte St\u00e4hle<\/strong> zeichnen sich durch ihre <strong>hohe Oxidations- und chemische Korrosionsbest\u00e4ndigkeit<\/strong> bei Raumtemperatur oder bei m\u00e4\u00dfig hohen Temperaturen aus.<\/p>\n<p>Ihre <strong>h\u00e4ufigsten<\/strong> <strong>Anwendungen <\/strong>sind Bauteile f\u00fcr hohe Widerstandsf\u00e4higkeit gegen \u00e4tzende Stoffe, z. B. Ventile, Wellen und Geh\u00e4use von Pumpen sowie Bauteile f\u00fcr die chemische, Textil-, Papier- und Nahrungsmittelindustrie.<\/p>\n<\/div>\n<\/div>\n<div class=\"row gris\" id=\"informacion_tecnica\">\n<div class=\"container\">\n<h2>Technische Angaben<\/h2>\n<p>[vc_widget_sidebar show_bg=&#8221;false&#8221; sidebar_id=&#8221;sidebar_26&#8243;]\n<\/p><\/div>\n<\/div><!-- AddThis Advanced Settings generic via filter on the_content -->","protected":false},"excerpt":{"rendered":"<p>Kalibrierter rostfreier St\u00e4hl Welche Arten von kalibrierten rostfreien St\u00e4hlen liefert AUSA? AUSA arbeitet mit folgenden Qualit\u00e4ten von kalibrierten rostfreien St\u00e4hlen. Ihre Eigenschaften, Anwendungen, die chemische Zusammensetzung, \u00c4quivalenzen und Abmessungen h\u00e4ngen von der gew\u00e4hlten Qualit\u00e4t ab. [vc_widget_sidebar show_bg=&#8221;false&#8221; sidebar_id=&#8221;sidebar_25&#8243;] Rostfreie kalibrierte St\u00e4hle zeichnen sich durch ihre hohe Oxidations- und chemische Korrosionsbest\u00e4ndigkeit bei Raumtemperatur oder bei m\u00e4\u00dfig&hellip;<!-- AddThis Advanced Settings generic via filter on get_the_excerpt --><\/p>\n","protected":false},"author":1,"featured_media":0,"parent":6633,"menu_order":0,"comment_status":"closed","ping_status":"open","template":"","meta":{"footnotes":""},"class_list":["post-6965","page","type-page","status-publish","hentry"],"yoast_head":"<!-- This site is optimized with the Yoast SEO plugin v26.6 - https:\/\/yoast.com\/wordpress\/plugins\/seo\/ -->\n<title>Kalibrierter rostfreier St\u00e4hl - AUSA special steels<\/title>\n<meta name=\"robots\" content=\"index, follow, max-snippet:-1, max-image-preview:large, max-video-preview:-1\" \/>\n<link rel=\"canonical\" href=\"https:\/\/www.ausasteel.com\/de\/stahle\/kalibrierten-stahlen\/kalibrierte-rostfreie-stahle\/\" \/>\n<meta property=\"og:locale\" content=\"de_DE\" \/>\n<meta property=\"og:type\" content=\"article\" \/>\n<meta property=\"og:title\" content=\"Kalibrierter rostfreier St\u00e4hl - AUSA special steels\" \/>\n<meta property=\"og:description\" content=\"Kalibrierter rostfreier St\u00e4hl Welche Arten von kalibrierten rostfreien St\u00e4hlen liefert AUSA? AUSA arbeitet mit folgenden Qualit\u00e4ten von kalibrierten rostfreien St\u00e4hlen. Ihre Eigenschaften, Anwendungen, die chemische Zusammensetzung, \u00c4quivalenzen und Abmessungen h\u00e4ngen von der gew\u00e4hlten Qualit\u00e4t ab. [vc_widget_sidebar show_bg=&#8221;false&#8221; sidebar_id=&#8221;sidebar_25&#8243;] Rostfreie kalibrierte St\u00e4hle zeichnen sich durch ihre hohe Oxidations- und chemische Korrosionsbest\u00e4ndigkeit bei Raumtemperatur oder bei m\u00e4\u00dfig&hellip;\" \/>\n<meta property=\"og:url\" content=\"https:\/\/www.ausasteel.com\/de\/stahle\/kalibrierten-stahlen\/kalibrierte-rostfreie-stahle\/\" \/>\n<meta property=\"og:site_name\" content=\"AUSA special steels\" \/>\n<meta property=\"article:modified_time\" content=\"2018-11-13T17:02:16+00:00\" \/>\n<meta name=\"twitter:label1\" content=\"Est. reading time\" \/>\n\t<meta name=\"twitter:data1\" content=\"1 minute\" \/>\n<script type=\"application\/ld+json\" class=\"yoast-schema-graph\">{\"@context\":\"https:\/\/schema.org\",\"@graph\":[{\"@type\":\"WebPage\",\"@id\":\"https:\/\/www.ausasteel.com\/de\/stahle\/kalibrierten-stahlen\/kalibrierte-rostfreie-stahle\/\",\"url\":\"https:\/\/www.ausasteel.com\/de\/stahle\/kalibrierten-stahlen\/kalibrierte-rostfreie-stahle\/\",\"name\":\"Kalibrierter rostfreier St\u00e4hl - AUSA special steels\",\"isPartOf\":{\"@id\":\"https:\/\/www.ausasteel.com\/de\/#website\"},\"datePublished\":\"2014-10-26T18:52:29+00:00\",\"dateModified\":\"2018-11-13T17:02:16+00:00\",\"breadcrumb\":{\"@id\":\"https:\/\/www.ausasteel.com\/de\/stahle\/kalibrierten-stahlen\/kalibrierte-rostfreie-stahle\/#breadcrumb\"},\"inLanguage\":\"de-DE\",\"potentialAction\":[{\"@type\":\"ReadAction\",\"target\":[\"https:\/\/www.ausasteel.com\/de\/stahle\/kalibrierten-stahlen\/kalibrierte-rostfreie-stahle\/\"]}]},{\"@type\":\"BreadcrumbList\",\"@id\":\"https:\/\/www.ausasteel.com\/de\/stahle\/kalibrierten-stahlen\/kalibrierte-rostfreie-stahle\/#breadcrumb\",\"itemListElement\":[{\"@type\":\"ListItem\",\"position\":1,\"name\":\"Portada\",\"item\":\"https:\/\/www.ausasteel.com\/de\/\"},{\"@type\":\"ListItem\",\"position\":2,\"name\":\"St\u00e4hle\",\"item\":\"https:\/\/www.ausasteel.com\/de\/stahle\/\"},{\"@type\":\"ListItem\",\"position\":3,\"name\":\"Kalibrierte St\u00e4hle\",\"item\":\"https:\/\/www.ausasteel.com\/de\/stahle\/kalibrierten-stahlen\/\"},{\"@type\":\"ListItem\",\"position\":4,\"name\":\"Kalibrierter rostfreier St\u00e4hl\"}]},{\"@type\":\"WebSite\",\"@id\":\"https:\/\/www.ausasteel.com\/de\/#website\",\"url\":\"https:\/\/www.ausasteel.com\/de\/\",\"name\":\"AUSA special steels\",\"description\":\"AUSA special steels\",\"potentialAction\":[{\"@type\":\"SearchAction\",\"target\":{\"@type\":\"EntryPoint\",\"urlTemplate\":\"https:\/\/www.ausasteel.com\/de\/?s={search_term_string}\"},\"query-input\":{\"@type\":\"PropertyValueSpecification\",\"valueRequired\":true,\"valueName\":\"search_term_string\"}}],\"inLanguage\":\"de-DE\"}]}<\/script>\n<!-- \/ Yoast SEO plugin. -->","yoast_head_json":{"title":"Kalibrierter rostfreier St\u00e4hl - AUSA special steels","robots":{"index":"index","follow":"follow","max-snippet":"max-snippet:-1","max-image-preview":"max-image-preview:large","max-video-preview":"max-video-preview:-1"},"canonical":"https:\/\/www.ausasteel.com\/de\/stahle\/kalibrierten-stahlen\/kalibrierte-rostfreie-stahle\/","og_locale":"de_DE","og_type":"article","og_title":"Kalibrierter rostfreier St\u00e4hl - AUSA special steels","og_description":"Kalibrierter rostfreier St\u00e4hl Welche Arten von kalibrierten rostfreien St\u00e4hlen liefert AUSA? AUSA arbeitet mit folgenden Qualit\u00e4ten von kalibrierten rostfreien St\u00e4hlen. Ihre Eigenschaften, Anwendungen, die chemische Zusammensetzung, \u00c4quivalenzen und Abmessungen h\u00e4ngen von der gew\u00e4hlten Qualit\u00e4t ab. [vc_widget_sidebar show_bg=&#8221;false&#8221; sidebar_id=&#8221;sidebar_25&#8243;] Rostfreie kalibrierte St\u00e4hle zeichnen sich durch ihre hohe Oxidations- und chemische Korrosionsbest\u00e4ndigkeit bei Raumtemperatur oder bei m\u00e4\u00dfig&hellip;","og_url":"https:\/\/www.ausasteel.com\/de\/stahle\/kalibrierten-stahlen\/kalibrierte-rostfreie-stahle\/","og_site_name":"AUSA special steels","article_modified_time":"2018-11-13T17:02:16+00:00","twitter_misc":{"Est. reading time":"1 minute"},"schema":{"@context":"https:\/\/schema.org","@graph":[{"@type":"WebPage","@id":"https:\/\/www.ausasteel.com\/de\/stahle\/kalibrierten-stahlen\/kalibrierte-rostfreie-stahle\/","url":"https:\/\/www.ausasteel.com\/de\/stahle\/kalibrierten-stahlen\/kalibrierte-rostfreie-stahle\/","name":"Kalibrierter rostfreier St\u00e4hl - AUSA special steels","isPartOf":{"@id":"https:\/\/www.ausasteel.com\/de\/#website"},"datePublished":"2014-10-26T18:52:29+00:00","dateModified":"2018-11-13T17:02:16+00:00","breadcrumb":{"@id":"https:\/\/www.ausasteel.com\/de\/stahle\/kalibrierten-stahlen\/kalibrierte-rostfreie-stahle\/#breadcrumb"},"inLanguage":"de-DE","potentialAction":[{"@type":"ReadAction","target":["https:\/\/www.ausasteel.com\/de\/stahle\/kalibrierten-stahlen\/kalibrierte-rostfreie-stahle\/"]}]},{"@type":"BreadcrumbList","@id":"https:\/\/www.ausasteel.com\/de\/stahle\/kalibrierten-stahlen\/kalibrierte-rostfreie-stahle\/#breadcrumb","itemListElement":[{"@type":"ListItem","position":1,"name":"Portada","item":"https:\/\/www.ausasteel.com\/de\/"},{"@type":"ListItem","position":2,"name":"St\u00e4hle","item":"https:\/\/www.ausasteel.com\/de\/stahle\/"},{"@type":"ListItem","position":3,"name":"Kalibrierte St\u00e4hle","item":"https:\/\/www.ausasteel.com\/de\/stahle\/kalibrierten-stahlen\/"},{"@type":"ListItem","position":4,"name":"Kalibrierter rostfreier St\u00e4hl"}]},{"@type":"WebSite","@id":"https:\/\/www.ausasteel.com\/de\/#website","url":"https:\/\/www.ausasteel.com\/de\/","name":"AUSA special steels","description":"AUSA special steels","potentialAction":[{"@type":"SearchAction","target":{"@type":"EntryPoint","urlTemplate":"https:\/\/www.ausasteel.com\/de\/?s={search_term_string}"},"query-input":{"@type":"PropertyValueSpecification","valueRequired":true,"valueName":"search_term_string"}}],"inLanguage":"de-DE"}]}},"_links":{"self":[{"href":"https:\/\/www.ausasteel.com\/de\/wp-json\/wp\/v2\/pages\/6965","targetHints":{"allow":["GET"]}}],"collection":[{"href":"https:\/\/www.ausasteel.com\/de\/wp-json\/wp\/v2\/pages"}],"about":[{"href":"https:\/\/www.ausasteel.com\/de\/wp-json\/wp\/v2\/types\/page"}],"author":[{"embeddable":true,"href":"https:\/\/www.ausasteel.com\/de\/wp-json\/wp\/v2\/users\/1"}],"replies":[{"embeddable":true,"href":"https:\/\/www.ausasteel.com\/de\/wp-json\/wp\/v2\/comments?post=6965"}],"version-history":[{"count":7,"href":"https:\/\/www.ausasteel.com\/de\/wp-json\/wp\/v2\/pages\/6965\/revisions"}],"predecessor-version":[{"id":15471,"href":"https:\/\/www.ausasteel.com\/de\/wp-json\/wp\/v2\/pages\/6965\/revisions\/15471"}],"up":[{"embeddable":true,"href":"https:\/\/www.ausasteel.com\/de\/wp-json\/wp\/v2\/pages\/6633"}],"wp:attachment":[{"href":"https:\/\/www.ausasteel.com\/de\/wp-json\/wp\/v2\/media?parent=6965"}],"curies":[{"name":"wp","href":"https:\/\/api.w.org\/{rel}","templated":true}]}}