        {"id":6958,"date":"2014-10-21T19:46:29","date_gmt":"2014-10-21T19:46:29","guid":{"rendered":"http:\/\/ausasteel.irantzu.com\/spezialstahlen\/barras-perforadas\/"},"modified":"2018-11-09T10:50:44","modified_gmt":"2018-11-09T10:50:44","slug":"gebohrte-stangen","status":"publish","type":"page","link":"https:\/\/www.ausasteel.com\/de\/stahle\/spezialstahlen\/gebohrte-stangen\/","title":{"rendered":"Gebohrte Stangen"},"content":{"rendered":"<div class=\"row\">\n<div class=\"container\">\n<h1>Gebohrte Stangen<\/h1>\n<\/div>\n<div class=\"container columna_imagen\">\n<div class=\"col-md-6\">\n<h3>Kohlenstoffstahl mit hohem Mangangehalt und guter Schwei\u00dfbarkeit.<\/h3>\n<p>Seine h\u00e4ufigsten <strong>Anwendungen<\/strong> sind Metallger\u00fcste (Br\u00fccken, \u2026), landwirtschaftliche Maschinen und Eisenbahnschienen.<\/p>\n<p><strong>AUSA<\/strong> arbeitet nur mit <strong>anerkannten Eisenh\u00fctten<\/strong> zusammen, um die beste Qualit\u00e4t der angebotenen gebohrten Stangen gew\u00e4hrleisten zu k\u00f6nnen.<\/p>\n<p>[vc_widget_sidebar show_bg=&#8221;false&#8221; sidebar_id=&#8221;sidebar_15&#8243;]\n<\/p><\/div>\n<div class=\"col-md-6\">\n<div class=\"container_imagen\">\n<img decoding=\"async\" src=\"\/wp-content\/uploads\/2015\/05\/Barras-Perforadas-AUSA.png\" alt=\"Kohlenstoffst\u00e4hle\" title=\"Kohlenstoffst\u00e4hle\">\n<\/div>\n<\/div>\n<\/div>\n<\/div>\n<div class=\"row gris\" id=\"informacion_tecnica\">\n<div class=\"container\">\n<h2>Technische Angaben<\/h2>\n<p>[vc_widget_sidebar show_bg=&#8221;false&#8221; sidebar_id=&#8221;sidebar_26&#8243;]\n<\/p><\/div>\n<\/div><!-- AddThis Advanced Settings generic via filter on the_content -->","protected":false},"excerpt":{"rendered":"<p>Gebohrte Stangen Kohlenstoffstahl mit hohem Mangangehalt und guter Schwei\u00dfbarkeit. Seine h\u00e4ufigsten Anwendungen sind Metallger\u00fcste (Br\u00fccken, \u2026), landwirtschaftliche Maschinen und Eisenbahnschienen. AUSA arbeitet nur mit anerkannten Eisenh\u00fctten zusammen, um die beste Qualit\u00e4t der angebotenen gebohrten Stangen gew\u00e4hrleisten zu k\u00f6nnen. [vc_widget_sidebar show_bg=&#8221;false&#8221; sidebar_id=&#8221;sidebar_15&#8243;] Technische Angaben [vc_widget_sidebar show_bg=&#8221;false&#8221; sidebar_id=&#8221;sidebar_26&#8243;]<!-- AddThis Advanced Settings generic via filter on get_the_excerpt --><\/p>\n","protected":false},"author":1,"featured_media":0,"parent":6631,"menu_order":0,"comment_status":"closed","ping_status":"closed","template":"","meta":{"footnotes":""},"class_list":["post-6958","page","type-page","status-publish","hentry"],"yoast_head":"<!-- This site is optimized with the Yoast SEO plugin v26.6 - https:\/\/yoast.com\/wordpress\/plugins\/seo\/ -->\n<title>Gebohrte Stangen - AUSA special steels<\/title>\n<meta name=\"robots\" content=\"index, follow, max-snippet:-1, max-image-preview:large, max-video-preview:-1\" \/>\n<link rel=\"canonical\" href=\"https:\/\/www.ausasteel.com\/de\/stahle\/spezialstahlen\/gebohrte-stangen\/\" \/>\n<meta property=\"og:locale\" content=\"de_DE\" \/>\n<meta property=\"og:type\" content=\"article\" \/>\n<meta property=\"og:title\" content=\"Gebohrte Stangen - AUSA special steels\" \/>\n<meta property=\"og:description\" content=\"Gebohrte Stangen Kohlenstoffstahl mit hohem Mangangehalt und guter Schwei\u00dfbarkeit. Seine h\u00e4ufigsten Anwendungen sind Metallger\u00fcste (Br\u00fccken, \u2026), landwirtschaftliche Maschinen und Eisenbahnschienen. AUSA arbeitet nur mit anerkannten Eisenh\u00fctten zusammen, um die beste Qualit\u00e4t der angebotenen gebohrten Stangen gew\u00e4hrleisten zu k\u00f6nnen. [vc_widget_sidebar show_bg=&#8221;false&#8221; sidebar_id=&#8221;sidebar_15&#8243;] Technische Angaben [vc_widget_sidebar show_bg=&#8221;false&#8221; sidebar_id=&#8221;sidebar_26&#8243;]\" \/>\n<meta property=\"og:url\" content=\"https:\/\/www.ausasteel.com\/de\/stahle\/spezialstahlen\/gebohrte-stangen\/\" \/>\n<meta property=\"og:site_name\" content=\"AUSA special steels\" \/>\n<meta property=\"article:modified_time\" content=\"2018-11-09T10:50:44+00:00\" \/>\n<script type=\"application\/ld+json\" class=\"yoast-schema-graph\">{\"@context\":\"https:\/\/schema.org\",\"@graph\":[{\"@type\":\"WebPage\",\"@id\":\"https:\/\/www.ausasteel.com\/de\/stahle\/spezialstahlen\/gebohrte-stangen\/\",\"url\":\"https:\/\/www.ausasteel.com\/de\/stahle\/spezialstahlen\/gebohrte-stangen\/\",\"name\":\"Gebohrte Stangen - AUSA special steels\",\"isPartOf\":{\"@id\":\"https:\/\/www.ausasteel.com\/de\/#website\"},\"datePublished\":\"2014-10-21T19:46:29+00:00\",\"dateModified\":\"2018-11-09T10:50:44+00:00\",\"breadcrumb\":{\"@id\":\"https:\/\/www.ausasteel.com\/de\/stahle\/spezialstahlen\/gebohrte-stangen\/#breadcrumb\"},\"inLanguage\":\"de-DE\",\"potentialAction\":[{\"@type\":\"ReadAction\",\"target\":[\"https:\/\/www.ausasteel.com\/de\/stahle\/spezialstahlen\/gebohrte-stangen\/\"]}]},{\"@type\":\"BreadcrumbList\",\"@id\":\"https:\/\/www.ausasteel.com\/de\/stahle\/spezialstahlen\/gebohrte-stangen\/#breadcrumb\",\"itemListElement\":[{\"@type\":\"ListItem\",\"position\":1,\"name\":\"Portada\",\"item\":\"https:\/\/www.ausasteel.com\/de\/\"},{\"@type\":\"ListItem\",\"position\":2,\"name\":\"St\u00e4hle\",\"item\":\"https:\/\/www.ausasteel.com\/de\/stahle\/\"},{\"@type\":\"ListItem\",\"position\":3,\"name\":\"Spezialst\u00e4hle\",\"item\":\"https:\/\/www.ausasteel.com\/de\/stahle\/spezialstahlen\/\"},{\"@type\":\"ListItem\",\"position\":4,\"name\":\"Gebohrte Stangen\"}]},{\"@type\":\"WebSite\",\"@id\":\"https:\/\/www.ausasteel.com\/de\/#website\",\"url\":\"https:\/\/www.ausasteel.com\/de\/\",\"name\":\"AUSA special steels\",\"description\":\"AUSA special steels\",\"potentialAction\":[{\"@type\":\"SearchAction\",\"target\":{\"@type\":\"EntryPoint\",\"urlTemplate\":\"https:\/\/www.ausasteel.com\/de\/?s={search_term_string}\"},\"query-input\":{\"@type\":\"PropertyValueSpecification\",\"valueRequired\":true,\"valueName\":\"search_term_string\"}}],\"inLanguage\":\"de-DE\"}]}<\/script>\n<!-- \/ Yoast SEO plugin. -->","yoast_head_json":{"title":"Gebohrte Stangen - AUSA special steels","robots":{"index":"index","follow":"follow","max-snippet":"max-snippet:-1","max-image-preview":"max-image-preview:large","max-video-preview":"max-video-preview:-1"},"canonical":"https:\/\/www.ausasteel.com\/de\/stahle\/spezialstahlen\/gebohrte-stangen\/","og_locale":"de_DE","og_type":"article","og_title":"Gebohrte Stangen - AUSA special steels","og_description":"Gebohrte Stangen Kohlenstoffstahl mit hohem Mangangehalt und guter Schwei\u00dfbarkeit. Seine h\u00e4ufigsten Anwendungen sind Metallger\u00fcste (Br\u00fccken, \u2026), landwirtschaftliche Maschinen und Eisenbahnschienen. AUSA arbeitet nur mit anerkannten Eisenh\u00fctten zusammen, um die beste Qualit\u00e4t der angebotenen gebohrten Stangen gew\u00e4hrleisten zu k\u00f6nnen. [vc_widget_sidebar show_bg=&#8221;false&#8221; sidebar_id=&#8221;sidebar_15&#8243;] Technische Angaben [vc_widget_sidebar show_bg=&#8221;false&#8221; sidebar_id=&#8221;sidebar_26&#8243;]","og_url":"https:\/\/www.ausasteel.com\/de\/stahle\/spezialstahlen\/gebohrte-stangen\/","og_site_name":"AUSA special steels","article_modified_time":"2018-11-09T10:50:44+00:00","schema":{"@context":"https:\/\/schema.org","@graph":[{"@type":"WebPage","@id":"https:\/\/www.ausasteel.com\/de\/stahle\/spezialstahlen\/gebohrte-stangen\/","url":"https:\/\/www.ausasteel.com\/de\/stahle\/spezialstahlen\/gebohrte-stangen\/","name":"Gebohrte Stangen - AUSA special steels","isPartOf":{"@id":"https:\/\/www.ausasteel.com\/de\/#website"},"datePublished":"2014-10-21T19:46:29+00:00","dateModified":"2018-11-09T10:50:44+00:00","breadcrumb":{"@id":"https:\/\/www.ausasteel.com\/de\/stahle\/spezialstahlen\/gebohrte-stangen\/#breadcrumb"},"inLanguage":"de-DE","potentialAction":[{"@type":"ReadAction","target":["https:\/\/www.ausasteel.com\/de\/stahle\/spezialstahlen\/gebohrte-stangen\/"]}]},{"@type":"BreadcrumbList","@id":"https:\/\/www.ausasteel.com\/de\/stahle\/spezialstahlen\/gebohrte-stangen\/#breadcrumb","itemListElement":[{"@type":"ListItem","position":1,"name":"Portada","item":"https:\/\/www.ausasteel.com\/de\/"},{"@type":"ListItem","position":2,"name":"St\u00e4hle","item":"https:\/\/www.ausasteel.com\/de\/stahle\/"},{"@type":"ListItem","position":3,"name":"Spezialst\u00e4hle","item":"https:\/\/www.ausasteel.com\/de\/stahle\/spezialstahlen\/"},{"@type":"ListItem","position":4,"name":"Gebohrte Stangen"}]},{"@type":"WebSite","@id":"https:\/\/www.ausasteel.com\/de\/#website","url":"https:\/\/www.ausasteel.com\/de\/","name":"AUSA special steels","description":"AUSA special steels","potentialAction":[{"@type":"SearchAction","target":{"@type":"EntryPoint","urlTemplate":"https:\/\/www.ausasteel.com\/de\/?s={search_term_string}"},"query-input":{"@type":"PropertyValueSpecification","valueRequired":true,"valueName":"search_term_string"}}],"inLanguage":"de-DE"}]}},"_links":{"self":[{"href":"https:\/\/www.ausasteel.com\/de\/wp-json\/wp\/v2\/pages\/6958","targetHints":{"allow":["GET"]}}],"collection":[{"href":"https:\/\/www.ausasteel.com\/de\/wp-json\/wp\/v2\/pages"}],"about":[{"href":"https:\/\/www.ausasteel.com\/de\/wp-json\/wp\/v2\/types\/page"}],"author":[{"embeddable":true,"href":"https:\/\/www.ausasteel.com\/de\/wp-json\/wp\/v2\/users\/1"}],"replies":[{"embeddable":true,"href":"https:\/\/www.ausasteel.com\/de\/wp-json\/wp\/v2\/comments?post=6958"}],"version-history":[{"count":8,"href":"https:\/\/www.ausasteel.com\/de\/wp-json\/wp\/v2\/pages\/6958\/revisions"}],"predecessor-version":[{"id":15375,"href":"https:\/\/www.ausasteel.com\/de\/wp-json\/wp\/v2\/pages\/6958\/revisions\/15375"}],"up":[{"embeddable":true,"href":"https:\/\/www.ausasteel.com\/de\/wp-json\/wp\/v2\/pages\/6631"}],"wp:attachment":[{"href":"https:\/\/www.ausasteel.com\/de\/wp-json\/wp\/v2\/media?parent=6958"}],"curies":[{"name":"wp","href":"https:\/\/api.w.org\/{rel}","templated":true}]}}