        {"id":6806,"date":"2014-10-21T19:46:41","date_gmt":"2014-10-21T19:46:41","guid":{"rendered":"http:\/\/ausasteel.irantzu.com\/spezialstahlen\/aceros-para-rodamientos\/"},"modified":"2018-11-09T11:04:44","modified_gmt":"2018-11-09T11:04:44","slug":"lagerstahle","status":"publish","type":"page","link":"https:\/\/www.ausasteel.com\/de\/stahle\/spezialstahlen\/lagerstahle\/","title":{"rendered":"Lagerst\u00e4hle"},"content":{"rendered":"<div class=\"row\">\n<div class=\"container\">\n<h1>Lagerst\u00e4hle<\/h1>\n<\/div>\n<div class=\"container columna_imagen\">\n<div class=\"col-md-6\">\n<h3>Stahl mit hohem Kohlenstoff- und Chromgehalt, mit guter Z\u00e4higkeit und hoher Verschlei\u00dffestigkeit.<\/h3>\n<p>Seine <strong>h\u00e4ufigsten Anwendungen<\/strong> sind Kugel- oder Rollenlager, Werkzeuge f\u00fcr die Holzbearbeitung, Drehmaschinenspitzen, Reibahlen sowie Zerkleinerung harter und stark abschleifender Materialien.<\/p>\n<p><strong>AUSA<\/strong> arbeitet nur mit <strong>anerkannten Eisenh\u00fctten<\/strong> zusammen, um die beste Qualit\u00e4t des angebotenen <strong>Lagerstahls<\/strong> gew\u00e4hrleisten zu k\u00f6nnen.\t<\/p>\n<p>[vc_widget_sidebar show_bg=&#8221;false&#8221; sidebar_id=&#8221;sidebar_16&#8243;]\n<\/p><\/div>\n<div class=\"col-md-6\">\n<div class=\"container_imagen\">\n<img decoding=\"async\" src=\"\/wp-content\/uploads\/2015\/05\/Aceros-Rodamientos-AUSA.png\" alt=\"Lagerst\u00e4hle - AUSA Special Steels\" title=\"Lagerst\u00e4hle - AUSA Special Steels\">\n<\/div>\n<\/div>\n<\/div>\n<\/div>\n<div class=\"row gris\" id=\"informacion_tecnica\">\n<div class=\"container\">\n<h2>Technische Angaben<\/h2>\n<p>[vc_widget_sidebar show_bg=&#8221;false&#8221; sidebar_id=&#8221;sidebar_26&#8243;]\n<\/p><\/div>\n<\/div><!-- AddThis Advanced Settings generic via filter on the_content -->","protected":false},"excerpt":{"rendered":"<p>Lagerst\u00e4hle Stahl mit hohem Kohlenstoff- und Chromgehalt, mit guter Z\u00e4higkeit und hoher Verschlei\u00dffestigkeit. Seine h\u00e4ufigsten Anwendungen sind Kugel- oder Rollenlager, Werkzeuge f\u00fcr die Holzbearbeitung, Drehmaschinenspitzen, Reibahlen sowie Zerkleinerung harter und stark abschleifender Materialien. AUSA arbeitet nur mit anerkannten Eisenh\u00fctten zusammen, um die beste Qualit\u00e4t des angebotenen Lagerstahls gew\u00e4hrleisten zu k\u00f6nnen. [vc_widget_sidebar show_bg=&#8221;false&#8221; sidebar_id=&#8221;sidebar_16&#8243;] Technische Angaben&hellip;<!-- AddThis Advanced Settings generic via filter on get_the_excerpt --><\/p>\n","protected":false},"author":1,"featured_media":0,"parent":6631,"menu_order":0,"comment_status":"closed","ping_status":"closed","template":"","meta":{"footnotes":""},"class_list":["post-6806","page","type-page","status-publish","hentry"],"yoast_head":"<!-- This site is optimized with the Yoast SEO plugin v26.6 - https:\/\/yoast.com\/wordpress\/plugins\/seo\/ -->\n<title>Lagerst\u00e4hle - AUSA special steels<\/title>\n<meta name=\"robots\" content=\"index, follow, max-snippet:-1, max-image-preview:large, max-video-preview:-1\" \/>\n<link rel=\"canonical\" href=\"https:\/\/www.ausasteel.com\/de\/stahle\/spezialstahlen\/lagerstahle\/\" \/>\n<meta property=\"og:locale\" content=\"de_DE\" \/>\n<meta property=\"og:type\" content=\"article\" \/>\n<meta property=\"og:title\" content=\"Lagerst\u00e4hle - AUSA special steels\" \/>\n<meta property=\"og:description\" content=\"Lagerst\u00e4hle Stahl mit hohem Kohlenstoff- und Chromgehalt, mit guter Z\u00e4higkeit und hoher Verschlei\u00dffestigkeit. Seine h\u00e4ufigsten Anwendungen sind Kugel- oder Rollenlager, Werkzeuge f\u00fcr die Holzbearbeitung, Drehmaschinenspitzen, Reibahlen sowie Zerkleinerung harter und stark abschleifender Materialien. AUSA arbeitet nur mit anerkannten Eisenh\u00fctten zusammen, um die beste Qualit\u00e4t des angebotenen Lagerstahls gew\u00e4hrleisten zu k\u00f6nnen. [vc_widget_sidebar show_bg=&#8221;false&#8221; sidebar_id=&#8221;sidebar_16&#8243;] Technische Angaben&hellip;\" \/>\n<meta property=\"og:url\" content=\"https:\/\/www.ausasteel.com\/de\/stahle\/spezialstahlen\/lagerstahle\/\" \/>\n<meta property=\"og:site_name\" content=\"AUSA special steels\" \/>\n<meta property=\"article:modified_time\" content=\"2018-11-09T11:04:44+00:00\" \/>\n<script type=\"application\/ld+json\" class=\"yoast-schema-graph\">{\"@context\":\"https:\/\/schema.org\",\"@graph\":[{\"@type\":\"WebPage\",\"@id\":\"https:\/\/www.ausasteel.com\/de\/stahle\/spezialstahlen\/lagerstahle\/\",\"url\":\"https:\/\/www.ausasteel.com\/de\/stahle\/spezialstahlen\/lagerstahle\/\",\"name\":\"Lagerst\u00e4hle - AUSA special steels\",\"isPartOf\":{\"@id\":\"https:\/\/www.ausasteel.com\/de\/#website\"},\"datePublished\":\"2014-10-21T19:46:41+00:00\",\"dateModified\":\"2018-11-09T11:04:44+00:00\",\"breadcrumb\":{\"@id\":\"https:\/\/www.ausasteel.com\/de\/stahle\/spezialstahlen\/lagerstahle\/#breadcrumb\"},\"inLanguage\":\"de-DE\",\"potentialAction\":[{\"@type\":\"ReadAction\",\"target\":[\"https:\/\/www.ausasteel.com\/de\/stahle\/spezialstahlen\/lagerstahle\/\"]}]},{\"@type\":\"BreadcrumbList\",\"@id\":\"https:\/\/www.ausasteel.com\/de\/stahle\/spezialstahlen\/lagerstahle\/#breadcrumb\",\"itemListElement\":[{\"@type\":\"ListItem\",\"position\":1,\"name\":\"Portada\",\"item\":\"https:\/\/www.ausasteel.com\/de\/\"},{\"@type\":\"ListItem\",\"position\":2,\"name\":\"St\u00e4hle\",\"item\":\"https:\/\/www.ausasteel.com\/de\/stahle\/\"},{\"@type\":\"ListItem\",\"position\":3,\"name\":\"Spezialst\u00e4hle\",\"item\":\"https:\/\/www.ausasteel.com\/de\/stahle\/spezialstahlen\/\"},{\"@type\":\"ListItem\",\"position\":4,\"name\":\"Lagerst\u00e4hle\"}]},{\"@type\":\"WebSite\",\"@id\":\"https:\/\/www.ausasteel.com\/de\/#website\",\"url\":\"https:\/\/www.ausasteel.com\/de\/\",\"name\":\"AUSA special steels\",\"description\":\"AUSA special steels\",\"potentialAction\":[{\"@type\":\"SearchAction\",\"target\":{\"@type\":\"EntryPoint\",\"urlTemplate\":\"https:\/\/www.ausasteel.com\/de\/?s={search_term_string}\"},\"query-input\":{\"@type\":\"PropertyValueSpecification\",\"valueRequired\":true,\"valueName\":\"search_term_string\"}}],\"inLanguage\":\"de-DE\"}]}<\/script>\n<!-- \/ Yoast SEO plugin. -->","yoast_head_json":{"title":"Lagerst\u00e4hle - AUSA special steels","robots":{"index":"index","follow":"follow","max-snippet":"max-snippet:-1","max-image-preview":"max-image-preview:large","max-video-preview":"max-video-preview:-1"},"canonical":"https:\/\/www.ausasteel.com\/de\/stahle\/spezialstahlen\/lagerstahle\/","og_locale":"de_DE","og_type":"article","og_title":"Lagerst\u00e4hle - AUSA special steels","og_description":"Lagerst\u00e4hle Stahl mit hohem Kohlenstoff- und Chromgehalt, mit guter Z\u00e4higkeit und hoher Verschlei\u00dffestigkeit. Seine h\u00e4ufigsten Anwendungen sind Kugel- oder Rollenlager, Werkzeuge f\u00fcr die Holzbearbeitung, Drehmaschinenspitzen, Reibahlen sowie Zerkleinerung harter und stark abschleifender Materialien. AUSA arbeitet nur mit anerkannten Eisenh\u00fctten zusammen, um die beste Qualit\u00e4t des angebotenen Lagerstahls gew\u00e4hrleisten zu k\u00f6nnen. [vc_widget_sidebar show_bg=&#8221;false&#8221; sidebar_id=&#8221;sidebar_16&#8243;] Technische Angaben&hellip;","og_url":"https:\/\/www.ausasteel.com\/de\/stahle\/spezialstahlen\/lagerstahle\/","og_site_name":"AUSA special steels","article_modified_time":"2018-11-09T11:04:44+00:00","schema":{"@context":"https:\/\/schema.org","@graph":[{"@type":"WebPage","@id":"https:\/\/www.ausasteel.com\/de\/stahle\/spezialstahlen\/lagerstahle\/","url":"https:\/\/www.ausasteel.com\/de\/stahle\/spezialstahlen\/lagerstahle\/","name":"Lagerst\u00e4hle - AUSA special steels","isPartOf":{"@id":"https:\/\/www.ausasteel.com\/de\/#website"},"datePublished":"2014-10-21T19:46:41+00:00","dateModified":"2018-11-09T11:04:44+00:00","breadcrumb":{"@id":"https:\/\/www.ausasteel.com\/de\/stahle\/spezialstahlen\/lagerstahle\/#breadcrumb"},"inLanguage":"de-DE","potentialAction":[{"@type":"ReadAction","target":["https:\/\/www.ausasteel.com\/de\/stahle\/spezialstahlen\/lagerstahle\/"]}]},{"@type":"BreadcrumbList","@id":"https:\/\/www.ausasteel.com\/de\/stahle\/spezialstahlen\/lagerstahle\/#breadcrumb","itemListElement":[{"@type":"ListItem","position":1,"name":"Portada","item":"https:\/\/www.ausasteel.com\/de\/"},{"@type":"ListItem","position":2,"name":"St\u00e4hle","item":"https:\/\/www.ausasteel.com\/de\/stahle\/"},{"@type":"ListItem","position":3,"name":"Spezialst\u00e4hle","item":"https:\/\/www.ausasteel.com\/de\/stahle\/spezialstahlen\/"},{"@type":"ListItem","position":4,"name":"Lagerst\u00e4hle"}]},{"@type":"WebSite","@id":"https:\/\/www.ausasteel.com\/de\/#website","url":"https:\/\/www.ausasteel.com\/de\/","name":"AUSA special steels","description":"AUSA special steels","potentialAction":[{"@type":"SearchAction","target":{"@type":"EntryPoint","urlTemplate":"https:\/\/www.ausasteel.com\/de\/?s={search_term_string}"},"query-input":{"@type":"PropertyValueSpecification","valueRequired":true,"valueName":"search_term_string"}}],"inLanguage":"de-DE"}]}},"_links":{"self":[{"href":"https:\/\/www.ausasteel.com\/de\/wp-json\/wp\/v2\/pages\/6806","targetHints":{"allow":["GET"]}}],"collection":[{"href":"https:\/\/www.ausasteel.com\/de\/wp-json\/wp\/v2\/pages"}],"about":[{"href":"https:\/\/www.ausasteel.com\/de\/wp-json\/wp\/v2\/types\/page"}],"author":[{"embeddable":true,"href":"https:\/\/www.ausasteel.com\/de\/wp-json\/wp\/v2\/users\/1"}],"replies":[{"embeddable":true,"href":"https:\/\/www.ausasteel.com\/de\/wp-json\/wp\/v2\/comments?post=6806"}],"version-history":[{"count":6,"href":"https:\/\/www.ausasteel.com\/de\/wp-json\/wp\/v2\/pages\/6806\/revisions"}],"predecessor-version":[{"id":15386,"href":"https:\/\/www.ausasteel.com\/de\/wp-json\/wp\/v2\/pages\/6806\/revisions\/15386"}],"up":[{"embeddable":true,"href":"https:\/\/www.ausasteel.com\/de\/wp-json\/wp\/v2\/pages\/6631"}],"wp:attachment":[{"href":"https:\/\/www.ausasteel.com\/de\/wp-json\/wp\/v2\/media?parent=6806"}],"curies":[{"name":"wp","href":"https:\/\/api.w.org\/{rel}","templated":true}]}}