        {"id":6804,"date":"2014-10-21T19:46:53","date_gmt":"2014-10-21T19:46:53","guid":{"rendered":"http:\/\/ausasteel.irantzu.com\/spezialstahlen\/aceros-para-muelles\/"},"modified":"2018-11-09T11:26:21","modified_gmt":"2018-11-09T11:26:21","slug":"federstahle","status":"publish","type":"page","link":"https:\/\/www.ausasteel.com\/de\/stahle\/spezialstahlen\/federstahle\/","title":{"rendered":"Federst\u00e4hle"},"content":{"rendered":"<div class=\"row\">\n<div class=\"container\">\n<h1>Federst\u00e4hle<\/h1>\n<\/div>\n<div class=\"container columna_imagen\">\n<div class=\"col-md-6\">\n<h3>Stahl mit hoher Elastizit\u00e4t sowie Verdreh und Biegesteifigkeit.<\/h3>\n<p>Toleranz der <strong>Bruchfestigkeit<\/strong> im geh\u00e4rteten und angelassenen Zustand durch Zug, der leicht \u00fcber seiner Streckgrenze liegt.<\/p>\n<p>Seine h\u00e4ufigsten <strong>Anwendungen<\/strong> sind die Herstellung von Federn, Schraubenschl\u00fcsseln, Mei\u00dfeln, Wiegemessern, Scheren, Drahtschneidern, Drehst\u00e4ben, Umreifungen und zweifl\u00fcgeligen Schraubenschl\u00fcsseln.<\/p>\n<p><strong>AUSA<\/strong> arbeitet nur mit <strong>anerkannten Eisenh\u00fctten<\/strong> zusammen, um die beste <strong>Qualit\u00e4t<\/strong> des angebotenen Federstahls gew\u00e4hrleisten zu k\u00f6nnen.<\/p>\n<p>[vc_widget_sidebar show_bg=&#8221;false&#8221; sidebar_id=&#8221;sidebar_17&#8243;]\n<\/p><\/div>\n<div class=\"col-md-6\">\n<div class=\"container_imagen\">\n<img decoding=\"async\" src=\"\/wp-content\/uploads\/2015\/05\/Aceros-Muelles-AUSA.png\" alt=\"Federst\u00e4hle - AUSA Special Steels\" title=\"Federst\u00e4hle - AUSA Special Steels\">\n<\/div>\n<\/div>\n<\/div>\n<\/div>\n<div class=\"row gris\" id=\"informacion_tecnica\">\n<div class=\"container\">\n<h2>Technische Angaben<\/h2>\n<p>[vc_widget_sidebar show_bg=&#8221;false&#8221; sidebar_id=&#8221;sidebar_26&#8243;]\n<\/p><\/div>\n<\/div><!-- AddThis Advanced Settings generic via filter on the_content -->","protected":false},"excerpt":{"rendered":"<p>Federst\u00e4hle Stahl mit hoher Elastizit\u00e4t sowie Verdreh und Biegesteifigkeit. Toleranz der Bruchfestigkeit im geh\u00e4rteten und angelassenen Zustand durch Zug, der leicht \u00fcber seiner Streckgrenze liegt. Seine h\u00e4ufigsten Anwendungen sind die Herstellung von Federn, Schraubenschl\u00fcsseln, Mei\u00dfeln, Wiegemessern, Scheren, Drahtschneidern, Drehst\u00e4ben, Umreifungen und zweifl\u00fcgeligen Schraubenschl\u00fcsseln. AUSA arbeitet nur mit anerkannten Eisenh\u00fctten zusammen, um die beste Qualit\u00e4t des&hellip;<!-- AddThis Advanced Settings generic via filter on get_the_excerpt --><\/p>\n","protected":false},"author":1,"featured_media":0,"parent":6631,"menu_order":0,"comment_status":"closed","ping_status":"closed","template":"","meta":{"footnotes":""},"class_list":["post-6804","page","type-page","status-publish","hentry"],"yoast_head":"<!-- This site is optimized with the Yoast SEO plugin v26.6 - https:\/\/yoast.com\/wordpress\/plugins\/seo\/ -->\n<title>Federst\u00e4hle - AUSA special steels<\/title>\n<meta name=\"robots\" content=\"index, follow, max-snippet:-1, max-image-preview:large, max-video-preview:-1\" \/>\n<link rel=\"canonical\" href=\"https:\/\/www.ausasteel.com\/de\/stahle\/spezialstahlen\/federstahle\/\" \/>\n<meta property=\"og:locale\" content=\"de_DE\" \/>\n<meta property=\"og:type\" content=\"article\" \/>\n<meta property=\"og:title\" content=\"Federst\u00e4hle - AUSA special steels\" \/>\n<meta property=\"og:description\" content=\"Federst\u00e4hle Stahl mit hoher Elastizit\u00e4t sowie Verdreh und Biegesteifigkeit. Toleranz der Bruchfestigkeit im geh\u00e4rteten und angelassenen Zustand durch Zug, der leicht \u00fcber seiner Streckgrenze liegt. Seine h\u00e4ufigsten Anwendungen sind die Herstellung von Federn, Schraubenschl\u00fcsseln, Mei\u00dfeln, Wiegemessern, Scheren, Drahtschneidern, Drehst\u00e4ben, Umreifungen und zweifl\u00fcgeligen Schraubenschl\u00fcsseln. AUSA arbeitet nur mit anerkannten Eisenh\u00fctten zusammen, um die beste Qualit\u00e4t des&hellip;\" \/>\n<meta property=\"og:url\" content=\"https:\/\/www.ausasteel.com\/de\/stahle\/spezialstahlen\/federstahle\/\" \/>\n<meta property=\"og:site_name\" content=\"AUSA special steels\" \/>\n<meta property=\"article:modified_time\" content=\"2018-11-09T11:26:21+00:00\" \/>\n<script type=\"application\/ld+json\" class=\"yoast-schema-graph\">{\"@context\":\"https:\/\/schema.org\",\"@graph\":[{\"@type\":\"WebPage\",\"@id\":\"https:\/\/www.ausasteel.com\/de\/stahle\/spezialstahlen\/federstahle\/\",\"url\":\"https:\/\/www.ausasteel.com\/de\/stahle\/spezialstahlen\/federstahle\/\",\"name\":\"Federst\u00e4hle - AUSA special steels\",\"isPartOf\":{\"@id\":\"https:\/\/www.ausasteel.com\/de\/#website\"},\"datePublished\":\"2014-10-21T19:46:53+00:00\",\"dateModified\":\"2018-11-09T11:26:21+00:00\",\"breadcrumb\":{\"@id\":\"https:\/\/www.ausasteel.com\/de\/stahle\/spezialstahlen\/federstahle\/#breadcrumb\"},\"inLanguage\":\"de-DE\",\"potentialAction\":[{\"@type\":\"ReadAction\",\"target\":[\"https:\/\/www.ausasteel.com\/de\/stahle\/spezialstahlen\/federstahle\/\"]}]},{\"@type\":\"BreadcrumbList\",\"@id\":\"https:\/\/www.ausasteel.com\/de\/stahle\/spezialstahlen\/federstahle\/#breadcrumb\",\"itemListElement\":[{\"@type\":\"ListItem\",\"position\":1,\"name\":\"Portada\",\"item\":\"https:\/\/www.ausasteel.com\/de\/\"},{\"@type\":\"ListItem\",\"position\":2,\"name\":\"St\u00e4hle\",\"item\":\"https:\/\/www.ausasteel.com\/de\/stahle\/\"},{\"@type\":\"ListItem\",\"position\":3,\"name\":\"Spezialst\u00e4hle\",\"item\":\"https:\/\/www.ausasteel.com\/de\/stahle\/spezialstahlen\/\"},{\"@type\":\"ListItem\",\"position\":4,\"name\":\"Federst\u00e4hle\"}]},{\"@type\":\"WebSite\",\"@id\":\"https:\/\/www.ausasteel.com\/de\/#website\",\"url\":\"https:\/\/www.ausasteel.com\/de\/\",\"name\":\"AUSA special steels\",\"description\":\"AUSA special steels\",\"potentialAction\":[{\"@type\":\"SearchAction\",\"target\":{\"@type\":\"EntryPoint\",\"urlTemplate\":\"https:\/\/www.ausasteel.com\/de\/?s={search_term_string}\"},\"query-input\":{\"@type\":\"PropertyValueSpecification\",\"valueRequired\":true,\"valueName\":\"search_term_string\"}}],\"inLanguage\":\"de-DE\"}]}<\/script>\n<!-- \/ Yoast SEO plugin. -->","yoast_head_json":{"title":"Federst\u00e4hle - AUSA special steels","robots":{"index":"index","follow":"follow","max-snippet":"max-snippet:-1","max-image-preview":"max-image-preview:large","max-video-preview":"max-video-preview:-1"},"canonical":"https:\/\/www.ausasteel.com\/de\/stahle\/spezialstahlen\/federstahle\/","og_locale":"de_DE","og_type":"article","og_title":"Federst\u00e4hle - AUSA special steels","og_description":"Federst\u00e4hle Stahl mit hoher Elastizit\u00e4t sowie Verdreh und Biegesteifigkeit. Toleranz der Bruchfestigkeit im geh\u00e4rteten und angelassenen Zustand durch Zug, der leicht \u00fcber seiner Streckgrenze liegt. Seine h\u00e4ufigsten Anwendungen sind die Herstellung von Federn, Schraubenschl\u00fcsseln, Mei\u00dfeln, Wiegemessern, Scheren, Drahtschneidern, Drehst\u00e4ben, Umreifungen und zweifl\u00fcgeligen Schraubenschl\u00fcsseln. AUSA arbeitet nur mit anerkannten Eisenh\u00fctten zusammen, um die beste Qualit\u00e4t des&hellip;","og_url":"https:\/\/www.ausasteel.com\/de\/stahle\/spezialstahlen\/federstahle\/","og_site_name":"AUSA special steels","article_modified_time":"2018-11-09T11:26:21+00:00","schema":{"@context":"https:\/\/schema.org","@graph":[{"@type":"WebPage","@id":"https:\/\/www.ausasteel.com\/de\/stahle\/spezialstahlen\/federstahle\/","url":"https:\/\/www.ausasteel.com\/de\/stahle\/spezialstahlen\/federstahle\/","name":"Federst\u00e4hle - AUSA special steels","isPartOf":{"@id":"https:\/\/www.ausasteel.com\/de\/#website"},"datePublished":"2014-10-21T19:46:53+00:00","dateModified":"2018-11-09T11:26:21+00:00","breadcrumb":{"@id":"https:\/\/www.ausasteel.com\/de\/stahle\/spezialstahlen\/federstahle\/#breadcrumb"},"inLanguage":"de-DE","potentialAction":[{"@type":"ReadAction","target":["https:\/\/www.ausasteel.com\/de\/stahle\/spezialstahlen\/federstahle\/"]}]},{"@type":"BreadcrumbList","@id":"https:\/\/www.ausasteel.com\/de\/stahle\/spezialstahlen\/federstahle\/#breadcrumb","itemListElement":[{"@type":"ListItem","position":1,"name":"Portada","item":"https:\/\/www.ausasteel.com\/de\/"},{"@type":"ListItem","position":2,"name":"St\u00e4hle","item":"https:\/\/www.ausasteel.com\/de\/stahle\/"},{"@type":"ListItem","position":3,"name":"Spezialst\u00e4hle","item":"https:\/\/www.ausasteel.com\/de\/stahle\/spezialstahlen\/"},{"@type":"ListItem","position":4,"name":"Federst\u00e4hle"}]},{"@type":"WebSite","@id":"https:\/\/www.ausasteel.com\/de\/#website","url":"https:\/\/www.ausasteel.com\/de\/","name":"AUSA special steels","description":"AUSA special steels","potentialAction":[{"@type":"SearchAction","target":{"@type":"EntryPoint","urlTemplate":"https:\/\/www.ausasteel.com\/de\/?s={search_term_string}"},"query-input":{"@type":"PropertyValueSpecification","valueRequired":true,"valueName":"search_term_string"}}],"inLanguage":"de-DE"}]}},"_links":{"self":[{"href":"https:\/\/www.ausasteel.com\/de\/wp-json\/wp\/v2\/pages\/6804","targetHints":{"allow":["GET"]}}],"collection":[{"href":"https:\/\/www.ausasteel.com\/de\/wp-json\/wp\/v2\/pages"}],"about":[{"href":"https:\/\/www.ausasteel.com\/de\/wp-json\/wp\/v2\/types\/page"}],"author":[{"embeddable":true,"href":"https:\/\/www.ausasteel.com\/de\/wp-json\/wp\/v2\/users\/1"}],"replies":[{"embeddable":true,"href":"https:\/\/www.ausasteel.com\/de\/wp-json\/wp\/v2\/comments?post=6804"}],"version-history":[{"count":6,"href":"https:\/\/www.ausasteel.com\/de\/wp-json\/wp\/v2\/pages\/6804\/revisions"}],"predecessor-version":[{"id":15396,"href":"https:\/\/www.ausasteel.com\/de\/wp-json\/wp\/v2\/pages\/6804\/revisions\/15396"}],"up":[{"embeddable":true,"href":"https:\/\/www.ausasteel.com\/de\/wp-json\/wp\/v2\/pages\/6631"}],"wp:attachment":[{"href":"https:\/\/www.ausasteel.com\/de\/wp-json\/wp\/v2\/media?parent=6804"}],"curies":[{"name":"wp","href":"https:\/\/api.w.org\/{rel}","templated":true}]}}