        {"id":6783,"date":"2014-10-21T22:31:33","date_gmt":"2014-10-21T22:31:33","guid":{"rendered":"http:\/\/ausasteel.irantzu.com\/spezialstahlen\/aceros-inoxidables\/"},"modified":"2018-11-09T13:31:25","modified_gmt":"2018-11-09T13:31:25","slug":"aceros-inoxidables","status":"publish","type":"page","link":"https:\/\/www.ausasteel.com\/de\/stahle\/spezialstahlen\/aceros-inoxidables\/","title":{"rendered":"Rostfreie St\u00e4hle"},"content":{"rendered":"<div class=\"row\">\n<div class=\"container\">\n<h1>Rostfreie St\u00e4hle<\/h1>\n<\/div>\n<div class=\"container columna_imagen\">\n<div class=\"col-md-6\">\n<h3>Welche Arten von Rostfreien St\u00e4hlen verarbeitet AUSA?<\/h3>\n<p><span style=\"font-size: 1.2em;\"><strong>AUSA<\/strong> arbeitet mit rostfreien St\u00e4hlen unterschiedlicher Qualit\u00e4t. Ihre Eigenschaften, Anwendungen, die chemische Zusammensetzung, \u00c4quivalenzen, thermischen Behandlungen und Abmessungen h\u00e4ngen von der gew\u00e4hlten Qualit\u00e4t ab.<\/span><\/p>\n<p>[vc_widget_sidebar show_bg=&#8221;false&#8221; sidebar_id=&#8221;sidebar_21&#8243;]\n<\/p><\/div>\n<div class=\"col-md-6\">\n<div class=\"container_imagen\">\n<img decoding=\"async\" src=\"\/wp-content\/uploads\/2015\/05\/Aceros-Inoxidables-AUSA.png\" alt=\"Rostfreie St\u00e4hle - AUSA Special Steels\" title=\"Rostfreie St\u00e4hle - AUSA Special Steels\">\n<\/div>\n<\/div>\n<\/div>\n<\/div>\n<div class=\"row\">\n<div class=\"container\">\n<p>Ist eine Stahllegierung mit <strong>mindestens 10 bis 12&nbsp;%<\/strong> <strong>Chromgehalt<\/strong> sowie eventuell Bestandteilen anderer Metalle wie z. B. Molybd\u00e4n oder Nickel.<\/p>\n<p>Stahl mit <strong>hoher Korrosionsbest\u00e4ndigkeit<\/strong> dank des Chroms und der anderen enthaltenen Metalle, er besitzt hohe Reaktionsfreudigkeit mit Sauerstoff und bildet dadurch eine Schutzschicht gegen die Eisenkorrosion.<\/p>\n<p>Seine h\u00e4ufigsten <strong>Anwendungen <\/strong>sind Bauteile f\u00fcr hohe Widerstandsf\u00e4higkeit gegen \u00e4tzende Stoffe, z. B. Ventile, Wellen, Pumpenbestandteile, chirurgische Instrumente, Lehren, Stahlkugeln sowie Bauteile f\u00fcr die chemische, Textil- und Nahrungsmittelindustrie.<\/p>\n<\/div>\n<\/div>\n<div class=\"row gris\" id=\"informacion_tecnica\">\n<div class=\"container\">\n<h2>Technische Angaben<\/h2>\n<p>[vc_widget_sidebar show_bg=&#8221;false&#8221; sidebar_id=&#8221;sidebar_26&#8243;]\n<\/p><\/div>\n<\/div><!-- AddThis Advanced Settings generic via filter on the_content -->","protected":false},"excerpt":{"rendered":"<p>Rostfreie St\u00e4hle Welche Arten von Rostfreien St\u00e4hlen verarbeitet AUSA? AUSA arbeitet mit rostfreien St\u00e4hlen unterschiedlicher Qualit\u00e4t. Ihre Eigenschaften, Anwendungen, die chemische Zusammensetzung, \u00c4quivalenzen, thermischen Behandlungen und Abmessungen h\u00e4ngen von der gew\u00e4hlten Qualit\u00e4t ab. [vc_widget_sidebar show_bg=&#8221;false&#8221; sidebar_id=&#8221;sidebar_21&#8243;] Ist eine Stahllegierung mit mindestens 10 bis 12&nbsp;% Chromgehalt sowie eventuell Bestandteilen anderer Metalle wie z. B. Molybd\u00e4n oder&hellip;<!-- AddThis Advanced Settings generic via filter on get_the_excerpt --><\/p>\n","protected":false},"author":1,"featured_media":0,"parent":6631,"menu_order":0,"comment_status":"closed","ping_status":"open","template":"","meta":{"footnotes":""},"class_list":["post-6783","page","type-page","status-publish","hentry"],"yoast_head":"<!-- This site is optimized with the Yoast SEO plugin v26.6 - https:\/\/yoast.com\/wordpress\/plugins\/seo\/ -->\n<title>Rostfreie St\u00e4hle - AUSA special steels<\/title>\n<meta name=\"robots\" content=\"index, follow, max-snippet:-1, max-image-preview:large, max-video-preview:-1\" \/>\n<link rel=\"canonical\" href=\"https:\/\/www.ausasteel.com\/de\/stahle\/spezialstahlen\/aceros-inoxidables\/\" \/>\n<meta property=\"og:locale\" content=\"de_DE\" \/>\n<meta property=\"og:type\" content=\"article\" \/>\n<meta property=\"og:title\" content=\"Rostfreie St\u00e4hle - AUSA special steels\" \/>\n<meta property=\"og:description\" content=\"Rostfreie St\u00e4hle Welche Arten von Rostfreien St\u00e4hlen verarbeitet AUSA? AUSA arbeitet mit rostfreien St\u00e4hlen unterschiedlicher Qualit\u00e4t. Ihre Eigenschaften, Anwendungen, die chemische Zusammensetzung, \u00c4quivalenzen, thermischen Behandlungen und Abmessungen h\u00e4ngen von der gew\u00e4hlten Qualit\u00e4t ab. [vc_widget_sidebar show_bg=&#8221;false&#8221; sidebar_id=&#8221;sidebar_21&#8243;] Ist eine Stahllegierung mit mindestens 10 bis 12&nbsp;% Chromgehalt sowie eventuell Bestandteilen anderer Metalle wie z. B. Molybd\u00e4n oder&hellip;\" \/>\n<meta property=\"og:url\" content=\"https:\/\/www.ausasteel.com\/de\/stahle\/spezialstahlen\/aceros-inoxidables\/\" \/>\n<meta property=\"og:site_name\" content=\"AUSA special steels\" \/>\n<meta property=\"article:modified_time\" content=\"2018-11-09T13:31:25+00:00\" \/>\n<meta name=\"twitter:label1\" content=\"Est. reading time\" \/>\n\t<meta name=\"twitter:data1\" content=\"1 minute\" \/>\n<script type=\"application\/ld+json\" class=\"yoast-schema-graph\">{\"@context\":\"https:\/\/schema.org\",\"@graph\":[{\"@type\":\"WebPage\",\"@id\":\"https:\/\/www.ausasteel.com\/de\/stahle\/spezialstahlen\/aceros-inoxidables\/\",\"url\":\"https:\/\/www.ausasteel.com\/de\/stahle\/spezialstahlen\/aceros-inoxidables\/\",\"name\":\"Rostfreie St\u00e4hle - AUSA special steels\",\"isPartOf\":{\"@id\":\"https:\/\/www.ausasteel.com\/de\/#website\"},\"datePublished\":\"2014-10-21T22:31:33+00:00\",\"dateModified\":\"2018-11-09T13:31:25+00:00\",\"breadcrumb\":{\"@id\":\"https:\/\/www.ausasteel.com\/de\/stahle\/spezialstahlen\/aceros-inoxidables\/#breadcrumb\"},\"inLanguage\":\"de-DE\",\"potentialAction\":[{\"@type\":\"ReadAction\",\"target\":[\"https:\/\/www.ausasteel.com\/de\/stahle\/spezialstahlen\/aceros-inoxidables\/\"]}]},{\"@type\":\"BreadcrumbList\",\"@id\":\"https:\/\/www.ausasteel.com\/de\/stahle\/spezialstahlen\/aceros-inoxidables\/#breadcrumb\",\"itemListElement\":[{\"@type\":\"ListItem\",\"position\":1,\"name\":\"Portada\",\"item\":\"https:\/\/www.ausasteel.com\/de\/\"},{\"@type\":\"ListItem\",\"position\":2,\"name\":\"St\u00e4hle\",\"item\":\"https:\/\/www.ausasteel.com\/de\/stahle\/\"},{\"@type\":\"ListItem\",\"position\":3,\"name\":\"Spezialst\u00e4hle\",\"item\":\"https:\/\/www.ausasteel.com\/de\/stahle\/spezialstahlen\/\"},{\"@type\":\"ListItem\",\"position\":4,\"name\":\"Rostfreie St\u00e4hle\"}]},{\"@type\":\"WebSite\",\"@id\":\"https:\/\/www.ausasteel.com\/de\/#website\",\"url\":\"https:\/\/www.ausasteel.com\/de\/\",\"name\":\"AUSA special steels\",\"description\":\"AUSA special steels\",\"potentialAction\":[{\"@type\":\"SearchAction\",\"target\":{\"@type\":\"EntryPoint\",\"urlTemplate\":\"https:\/\/www.ausasteel.com\/de\/?s={search_term_string}\"},\"query-input\":{\"@type\":\"PropertyValueSpecification\",\"valueRequired\":true,\"valueName\":\"search_term_string\"}}],\"inLanguage\":\"de-DE\"}]}<\/script>\n<!-- \/ Yoast SEO plugin. -->","yoast_head_json":{"title":"Rostfreie St\u00e4hle - AUSA special steels","robots":{"index":"index","follow":"follow","max-snippet":"max-snippet:-1","max-image-preview":"max-image-preview:large","max-video-preview":"max-video-preview:-1"},"canonical":"https:\/\/www.ausasteel.com\/de\/stahle\/spezialstahlen\/aceros-inoxidables\/","og_locale":"de_DE","og_type":"article","og_title":"Rostfreie St\u00e4hle - AUSA special steels","og_description":"Rostfreie St\u00e4hle Welche Arten von Rostfreien St\u00e4hlen verarbeitet AUSA? AUSA arbeitet mit rostfreien St\u00e4hlen unterschiedlicher Qualit\u00e4t. Ihre Eigenschaften, Anwendungen, die chemische Zusammensetzung, \u00c4quivalenzen, thermischen Behandlungen und Abmessungen h\u00e4ngen von der gew\u00e4hlten Qualit\u00e4t ab. [vc_widget_sidebar show_bg=&#8221;false&#8221; sidebar_id=&#8221;sidebar_21&#8243;] Ist eine Stahllegierung mit mindestens 10 bis 12&nbsp;% Chromgehalt sowie eventuell Bestandteilen anderer Metalle wie z. B. Molybd\u00e4n oder&hellip;","og_url":"https:\/\/www.ausasteel.com\/de\/stahle\/spezialstahlen\/aceros-inoxidables\/","og_site_name":"AUSA special steels","article_modified_time":"2018-11-09T13:31:25+00:00","twitter_misc":{"Est. reading time":"1 minute"},"schema":{"@context":"https:\/\/schema.org","@graph":[{"@type":"WebPage","@id":"https:\/\/www.ausasteel.com\/de\/stahle\/spezialstahlen\/aceros-inoxidables\/","url":"https:\/\/www.ausasteel.com\/de\/stahle\/spezialstahlen\/aceros-inoxidables\/","name":"Rostfreie St\u00e4hle - AUSA special steels","isPartOf":{"@id":"https:\/\/www.ausasteel.com\/de\/#website"},"datePublished":"2014-10-21T22:31:33+00:00","dateModified":"2018-11-09T13:31:25+00:00","breadcrumb":{"@id":"https:\/\/www.ausasteel.com\/de\/stahle\/spezialstahlen\/aceros-inoxidables\/#breadcrumb"},"inLanguage":"de-DE","potentialAction":[{"@type":"ReadAction","target":["https:\/\/www.ausasteel.com\/de\/stahle\/spezialstahlen\/aceros-inoxidables\/"]}]},{"@type":"BreadcrumbList","@id":"https:\/\/www.ausasteel.com\/de\/stahle\/spezialstahlen\/aceros-inoxidables\/#breadcrumb","itemListElement":[{"@type":"ListItem","position":1,"name":"Portada","item":"https:\/\/www.ausasteel.com\/de\/"},{"@type":"ListItem","position":2,"name":"St\u00e4hle","item":"https:\/\/www.ausasteel.com\/de\/stahle\/"},{"@type":"ListItem","position":3,"name":"Spezialst\u00e4hle","item":"https:\/\/www.ausasteel.com\/de\/stahle\/spezialstahlen\/"},{"@type":"ListItem","position":4,"name":"Rostfreie St\u00e4hle"}]},{"@type":"WebSite","@id":"https:\/\/www.ausasteel.com\/de\/#website","url":"https:\/\/www.ausasteel.com\/de\/","name":"AUSA special steels","description":"AUSA special steels","potentialAction":[{"@type":"SearchAction","target":{"@type":"EntryPoint","urlTemplate":"https:\/\/www.ausasteel.com\/de\/?s={search_term_string}"},"query-input":{"@type":"PropertyValueSpecification","valueRequired":true,"valueName":"search_term_string"}}],"inLanguage":"de-DE"}]}},"_links":{"self":[{"href":"https:\/\/www.ausasteel.com\/de\/wp-json\/wp\/v2\/pages\/6783","targetHints":{"allow":["GET"]}}],"collection":[{"href":"https:\/\/www.ausasteel.com\/de\/wp-json\/wp\/v2\/pages"}],"about":[{"href":"https:\/\/www.ausasteel.com\/de\/wp-json\/wp\/v2\/types\/page"}],"author":[{"embeddable":true,"href":"https:\/\/www.ausasteel.com\/de\/wp-json\/wp\/v2\/users\/1"}],"replies":[{"embeddable":true,"href":"https:\/\/www.ausasteel.com\/de\/wp-json\/wp\/v2\/comments?post=6783"}],"version-history":[{"count":6,"href":"https:\/\/www.ausasteel.com\/de\/wp-json\/wp\/v2\/pages\/6783\/revisions"}],"predecessor-version":[{"id":15441,"href":"https:\/\/www.ausasteel.com\/de\/wp-json\/wp\/v2\/pages\/6783\/revisions\/15441"}],"up":[{"embeddable":true,"href":"https:\/\/www.ausasteel.com\/de\/wp-json\/wp\/v2\/pages\/6631"}],"wp:attachment":[{"href":"https:\/\/www.ausasteel.com\/de\/wp-json\/wp\/v2\/media?parent=6783"}],"curies":[{"name":"wp","href":"https:\/\/api.w.org\/{rel}","templated":true}]}}