        {"id":6781,"date":"2014-10-21T19:50:29","date_gmt":"2014-10-21T19:50:29","guid":{"rendered":"http:\/\/ausasteel.irantzu.com\/spezialstahlen\/aceros-de-herramienta-para-trabajo-en-frio\/"},"modified":"2018-11-09T11:41:19","modified_gmt":"2018-11-09T11:41:19","slug":"werkzeugstahle-fur-kaltverformung","status":"publish","type":"page","link":"https:\/\/www.ausasteel.com\/de\/stahle\/spezialstahlen\/werkzeugstahle-fur-kaltverformung\/","title":{"rendered":"Werkzeugst\u00e4hle f\u00fcr Kaltverformung"},"content":{"rendered":"<div class=\"row\">\n<div class=\"container\">\n<h1>Werkzeugst\u00e4hle f\u00fcr Kaltverformung<\/h1>\n<\/div>\n<div class=\"container columna_imagen\">\n<div class=\"col-md-6\">\n<h3>Welche Arten von Kaltarbeitsstahl verarbeitet AUSA?<\/h3>\n<p><span style=\"font-size: 1.2em;\"><strong>AUSA<\/strong> arbeitet mit Kaltarbeitsst\u00e4hlen in unterschiedlicher Qualit\u00e4t. Ihre Eigenschaften, Anwendungen, die chemische Zusammensetzung, \u00c4quivalenzen, thermischen Profilbehandlungen und Abmessungen auf Lager h\u00e4ngen von der gew\u00e4hlten Qualit\u00e4t ab.<br \/>\n<\/span><\/p>\n<p>[vc_widget_sidebar show_bg=&#8221;false&#8221; sidebar_id=&#8221;sidebar_18&#8243;]\n<\/p><\/div>\n<div class=\"col-md-6\">\n<div class=\"container_imagen\">\n<img decoding=\"async\" src=\"\/wp-content\/uploads\/2015\/05\/Aceros-Herramienta-Frio-AUSA.png\" alt=\"Werkzeugst\u00e4hle f\u00fcr Kaltverformung - AUSA Special Steels\" title=\"Werkzeugst\u00e4hle f\u00fcr Kaltverformung - AUSA Special Steels\">\n<\/div>\n<\/div>\n<\/div>\n<\/div>\n<div class=\"row\">\n<div class=\"container\">\n<p><strong>Werkzeugst\u00e4hle f\u00fcr Kaltbearbeitung <\/strong>sind f\u00fcr die Formgebung von Materialien gedacht: Stanzen, Schneiden, Pr\u00e4gen und Massivpressen.<\/p>\n<p>Sie <strong>zeichnen sich aus<\/strong> durch ihre Ausgewogenheit zwischen Z\u00e4higkeit und H\u00e4rte sowie Verschlei\u00dffestigkeit.<\/p>\n<p>Ihre h\u00e4ufigsten <strong>Anwendungen<\/strong> sind Schneid- und Tiefziehmatrizen, Gewindest\u00e4hle, Walzrollen, Stempel, Werkzeuge f\u00fcr Holzbearbeitung, Messer f\u00fcr Kunststoff, Gewindeschneidwerkzeuge, Gleitplatten, Kaltschneidmesser, H\u00e4mmer und Stanzwerkzeuge.<\/p>\n<p><strong>AUSA<\/strong> arbeitet nur mit <strong>anerkannten Eisenh\u00fctten<\/strong> zusammen, um die <strong>beste<\/strong> <strong>Qualit\u00e4t<\/strong> des Kaltarbeitsstahls gew\u00e4hrleisten zu k\u00f6nnen.<\/p>\n<\/div>\n<\/div>\n<div class=\"row gris\" id=\"informacion_tecnica\">\n<div class=\"container\">\n<h2>Technische Angaben<\/h2>\n<p>[vc_widget_sidebar show_bg=&#8221;false&#8221; sidebar_id=&#8221;sidebar_26&#8243;]\n<\/p><\/div>\n<\/div><!-- AddThis Advanced Settings generic via filter on the_content -->","protected":false},"excerpt":{"rendered":"<p>Werkzeugst\u00e4hle f\u00fcr Kaltverformung Welche Arten von Kaltarbeitsstahl verarbeitet AUSA? AUSA arbeitet mit Kaltarbeitsst\u00e4hlen in unterschiedlicher Qualit\u00e4t. Ihre Eigenschaften, Anwendungen, die chemische Zusammensetzung, \u00c4quivalenzen, thermischen Profilbehandlungen und Abmessungen auf Lager h\u00e4ngen von der gew\u00e4hlten Qualit\u00e4t ab. [vc_widget_sidebar show_bg=&#8221;false&#8221; sidebar_id=&#8221;sidebar_18&#8243;] Werkzeugst\u00e4hle f\u00fcr Kaltbearbeitung sind f\u00fcr die Formgebung von Materialien gedacht: Stanzen, Schneiden, Pr\u00e4gen und Massivpressen. Sie zeichnen&hellip;<!-- AddThis Advanced Settings generic via filter on get_the_excerpt --><\/p>\n","protected":false},"author":1,"featured_media":0,"parent":6631,"menu_order":0,"comment_status":"closed","ping_status":"closed","template":"","meta":{"footnotes":""},"class_list":["post-6781","page","type-page","status-publish","hentry"],"yoast_head":"<!-- This site is optimized with the Yoast SEO plugin v26.6 - https:\/\/yoast.com\/wordpress\/plugins\/seo\/ -->\n<title>Werkzeugst\u00e4hle f\u00fcr Kaltverformung - AUSA special steels<\/title>\n<meta name=\"robots\" content=\"index, follow, max-snippet:-1, max-image-preview:large, max-video-preview:-1\" \/>\n<link rel=\"canonical\" href=\"https:\/\/www.ausasteel.com\/de\/stahle\/spezialstahlen\/werkzeugstahle-fur-kaltverformung\/\" \/>\n<meta property=\"og:locale\" content=\"de_DE\" \/>\n<meta property=\"og:type\" content=\"article\" \/>\n<meta property=\"og:title\" content=\"Werkzeugst\u00e4hle f\u00fcr Kaltverformung - AUSA special steels\" \/>\n<meta property=\"og:description\" content=\"Werkzeugst\u00e4hle f\u00fcr Kaltverformung Welche Arten von Kaltarbeitsstahl verarbeitet AUSA? AUSA arbeitet mit Kaltarbeitsst\u00e4hlen in unterschiedlicher Qualit\u00e4t. Ihre Eigenschaften, Anwendungen, die chemische Zusammensetzung, \u00c4quivalenzen, thermischen Profilbehandlungen und Abmessungen auf Lager h\u00e4ngen von der gew\u00e4hlten Qualit\u00e4t ab. [vc_widget_sidebar show_bg=&#8221;false&#8221; sidebar_id=&#8221;sidebar_18&#8243;] Werkzeugst\u00e4hle f\u00fcr Kaltbearbeitung sind f\u00fcr die Formgebung von Materialien gedacht: Stanzen, Schneiden, Pr\u00e4gen und Massivpressen. Sie zeichnen&hellip;\" \/>\n<meta property=\"og:url\" content=\"https:\/\/www.ausasteel.com\/de\/stahle\/spezialstahlen\/werkzeugstahle-fur-kaltverformung\/\" \/>\n<meta property=\"og:site_name\" content=\"AUSA special steels\" \/>\n<meta property=\"article:modified_time\" content=\"2018-11-09T11:41:19+00:00\" \/>\n<meta name=\"twitter:label1\" content=\"Est. reading time\" \/>\n\t<meta name=\"twitter:data1\" content=\"1 minute\" \/>\n<script type=\"application\/ld+json\" class=\"yoast-schema-graph\">{\"@context\":\"https:\/\/schema.org\",\"@graph\":[{\"@type\":\"WebPage\",\"@id\":\"https:\/\/www.ausasteel.com\/de\/stahle\/spezialstahlen\/werkzeugstahle-fur-kaltverformung\/\",\"url\":\"https:\/\/www.ausasteel.com\/de\/stahle\/spezialstahlen\/werkzeugstahle-fur-kaltverformung\/\",\"name\":\"Werkzeugst\u00e4hle f\u00fcr Kaltverformung - AUSA special steels\",\"isPartOf\":{\"@id\":\"https:\/\/www.ausasteel.com\/de\/#website\"},\"datePublished\":\"2014-10-21T19:50:29+00:00\",\"dateModified\":\"2018-11-09T11:41:19+00:00\",\"breadcrumb\":{\"@id\":\"https:\/\/www.ausasteel.com\/de\/stahle\/spezialstahlen\/werkzeugstahle-fur-kaltverformung\/#breadcrumb\"},\"inLanguage\":\"de-DE\",\"potentialAction\":[{\"@type\":\"ReadAction\",\"target\":[\"https:\/\/www.ausasteel.com\/de\/stahle\/spezialstahlen\/werkzeugstahle-fur-kaltverformung\/\"]}]},{\"@type\":\"BreadcrumbList\",\"@id\":\"https:\/\/www.ausasteel.com\/de\/stahle\/spezialstahlen\/werkzeugstahle-fur-kaltverformung\/#breadcrumb\",\"itemListElement\":[{\"@type\":\"ListItem\",\"position\":1,\"name\":\"Portada\",\"item\":\"https:\/\/www.ausasteel.com\/de\/\"},{\"@type\":\"ListItem\",\"position\":2,\"name\":\"St\u00e4hle\",\"item\":\"https:\/\/www.ausasteel.com\/de\/stahle\/\"},{\"@type\":\"ListItem\",\"position\":3,\"name\":\"Spezialst\u00e4hle\",\"item\":\"https:\/\/www.ausasteel.com\/de\/stahle\/spezialstahlen\/\"},{\"@type\":\"ListItem\",\"position\":4,\"name\":\"Werkzeugst\u00e4hle f\u00fcr Kaltverformung\"}]},{\"@type\":\"WebSite\",\"@id\":\"https:\/\/www.ausasteel.com\/de\/#website\",\"url\":\"https:\/\/www.ausasteel.com\/de\/\",\"name\":\"AUSA special steels\",\"description\":\"AUSA special steels\",\"potentialAction\":[{\"@type\":\"SearchAction\",\"target\":{\"@type\":\"EntryPoint\",\"urlTemplate\":\"https:\/\/www.ausasteel.com\/de\/?s={search_term_string}\"},\"query-input\":{\"@type\":\"PropertyValueSpecification\",\"valueRequired\":true,\"valueName\":\"search_term_string\"}}],\"inLanguage\":\"de-DE\"}]}<\/script>\n<!-- \/ Yoast SEO plugin. -->","yoast_head_json":{"title":"Werkzeugst\u00e4hle f\u00fcr Kaltverformung - AUSA special steels","robots":{"index":"index","follow":"follow","max-snippet":"max-snippet:-1","max-image-preview":"max-image-preview:large","max-video-preview":"max-video-preview:-1"},"canonical":"https:\/\/www.ausasteel.com\/de\/stahle\/spezialstahlen\/werkzeugstahle-fur-kaltverformung\/","og_locale":"de_DE","og_type":"article","og_title":"Werkzeugst\u00e4hle f\u00fcr Kaltverformung - AUSA special steels","og_description":"Werkzeugst\u00e4hle f\u00fcr Kaltverformung Welche Arten von Kaltarbeitsstahl verarbeitet AUSA? AUSA arbeitet mit Kaltarbeitsst\u00e4hlen in unterschiedlicher Qualit\u00e4t. Ihre Eigenschaften, Anwendungen, die chemische Zusammensetzung, \u00c4quivalenzen, thermischen Profilbehandlungen und Abmessungen auf Lager h\u00e4ngen von der gew\u00e4hlten Qualit\u00e4t ab. [vc_widget_sidebar show_bg=&#8221;false&#8221; sidebar_id=&#8221;sidebar_18&#8243;] Werkzeugst\u00e4hle f\u00fcr Kaltbearbeitung sind f\u00fcr die Formgebung von Materialien gedacht: Stanzen, Schneiden, Pr\u00e4gen und Massivpressen. Sie zeichnen&hellip;","og_url":"https:\/\/www.ausasteel.com\/de\/stahle\/spezialstahlen\/werkzeugstahle-fur-kaltverformung\/","og_site_name":"AUSA special steels","article_modified_time":"2018-11-09T11:41:19+00:00","twitter_misc":{"Est. reading time":"1 minute"},"schema":{"@context":"https:\/\/schema.org","@graph":[{"@type":"WebPage","@id":"https:\/\/www.ausasteel.com\/de\/stahle\/spezialstahlen\/werkzeugstahle-fur-kaltverformung\/","url":"https:\/\/www.ausasteel.com\/de\/stahle\/spezialstahlen\/werkzeugstahle-fur-kaltverformung\/","name":"Werkzeugst\u00e4hle f\u00fcr Kaltverformung - AUSA special steels","isPartOf":{"@id":"https:\/\/www.ausasteel.com\/de\/#website"},"datePublished":"2014-10-21T19:50:29+00:00","dateModified":"2018-11-09T11:41:19+00:00","breadcrumb":{"@id":"https:\/\/www.ausasteel.com\/de\/stahle\/spezialstahlen\/werkzeugstahle-fur-kaltverformung\/#breadcrumb"},"inLanguage":"de-DE","potentialAction":[{"@type":"ReadAction","target":["https:\/\/www.ausasteel.com\/de\/stahle\/spezialstahlen\/werkzeugstahle-fur-kaltverformung\/"]}]},{"@type":"BreadcrumbList","@id":"https:\/\/www.ausasteel.com\/de\/stahle\/spezialstahlen\/werkzeugstahle-fur-kaltverformung\/#breadcrumb","itemListElement":[{"@type":"ListItem","position":1,"name":"Portada","item":"https:\/\/www.ausasteel.com\/de\/"},{"@type":"ListItem","position":2,"name":"St\u00e4hle","item":"https:\/\/www.ausasteel.com\/de\/stahle\/"},{"@type":"ListItem","position":3,"name":"Spezialst\u00e4hle","item":"https:\/\/www.ausasteel.com\/de\/stahle\/spezialstahlen\/"},{"@type":"ListItem","position":4,"name":"Werkzeugst\u00e4hle f\u00fcr Kaltverformung"}]},{"@type":"WebSite","@id":"https:\/\/www.ausasteel.com\/de\/#website","url":"https:\/\/www.ausasteel.com\/de\/","name":"AUSA special steels","description":"AUSA special steels","potentialAction":[{"@type":"SearchAction","target":{"@type":"EntryPoint","urlTemplate":"https:\/\/www.ausasteel.com\/de\/?s={search_term_string}"},"query-input":{"@type":"PropertyValueSpecification","valueRequired":true,"valueName":"search_term_string"}}],"inLanguage":"de-DE"}]}},"_links":{"self":[{"href":"https:\/\/www.ausasteel.com\/de\/wp-json\/wp\/v2\/pages\/6781","targetHints":{"allow":["GET"]}}],"collection":[{"href":"https:\/\/www.ausasteel.com\/de\/wp-json\/wp\/v2\/pages"}],"about":[{"href":"https:\/\/www.ausasteel.com\/de\/wp-json\/wp\/v2\/types\/page"}],"author":[{"embeddable":true,"href":"https:\/\/www.ausasteel.com\/de\/wp-json\/wp\/v2\/users\/1"}],"replies":[{"embeddable":true,"href":"https:\/\/www.ausasteel.com\/de\/wp-json\/wp\/v2\/comments?post=6781"}],"version-history":[{"count":6,"href":"https:\/\/www.ausasteel.com\/de\/wp-json\/wp\/v2\/pages\/6781\/revisions"}],"predecessor-version":[{"id":15408,"href":"https:\/\/www.ausasteel.com\/de\/wp-json\/wp\/v2\/pages\/6781\/revisions\/15408"}],"up":[{"embeddable":true,"href":"https:\/\/www.ausasteel.com\/de\/wp-json\/wp\/v2\/pages\/6631"}],"wp:attachment":[{"href":"https:\/\/www.ausasteel.com\/de\/wp-json\/wp\/v2\/media?parent=6781"}],"curies":[{"name":"wp","href":"https:\/\/api.w.org\/{rel}","templated":true}]}}