        {"id":6777,"date":"2014-10-21T19:51:37","date_gmt":"2014-10-21T19:51:37","guid":{"rendered":"http:\/\/ausasteel.irantzu.com\/spezialstahlen\/aceros-de-facil-mecanizacion\/"},"modified":"2018-11-09T13:04:17","modified_gmt":"2018-11-09T13:04:17","slug":"stahle-fur-leichte-bearbeitbarkeit","status":"publish","type":"page","link":"https:\/\/www.ausasteel.com\/de\/stahle\/spezialstahlen\/stahle-fur-leichte-bearbeitbarkeit\/","title":{"rendered":"St\u00e4hle f\u00fcr leichte Bearbeitbarkeit"},"content":{"rendered":"<div class=\"row\">\n<div class=\"container\">\n<h1>St\u00e4hle f\u00fcr leichte Bearbeitbarkeit<\/h1>\n<\/div>\n<div class=\"container columna_imagen\">\n<div class=\"col-md-6\">\n<h3>Stahl, der sich durch seine gute spanabhebende Bearbeitbarkeit auszeichnet.<\/h3>\n<p>Werkst\u00fccke in gro\u00dfen Serien, die in automatischen Drehmaschinen bearbeitet werden m\u00fcssen.<\/p>\n<p>Spezialstahl f\u00fcr Anwendungen, bei denen die mechanische Bearbeitbarkeit ein wichtiger Punkt ist.<\/p>\n<p>Seine h\u00e4ufigsten <strong>Anwendungen<\/strong> sind Schraubenmaterial und Spannstifte.<\/p>\n<p>[vc_widget_sidebar show_bg=&#8221;false&#8221; sidebar_id=&#8221;sidebar_20&#8243;]\n<\/p><\/div>\n<div class=\"col-md-6\">\n<div class=\"container_imagen\">\n<img decoding=\"async\" src=\"\/wp-content\/uploads\/2015\/05\/Aceros-Facil-Mecanizaci\u00f3n-AUSA.png\" alt=\"St\u00e4hle f\u00fcr leichte Bearbeitbarkeit - AUSA Special Steels\" title=\"St\u00e4hle f\u00fcr leichte Bearbeitbarkeit - AUSA Special Steels\">\n<\/div>\n<\/div>\n<\/div>\n<\/div>\n<div class=\"row gris\" id=\"informacion_tecnica\">\n<div class=\"container\">\n<h2>Technische Angaben<\/h2>\n<p>[vc_widget_sidebar show_bg=&#8221;false&#8221; sidebar_id=&#8221;sidebar_26&#8243;]\n<\/p><\/div>\n<\/div><!-- AddThis Advanced Settings generic via filter on the_content -->","protected":false},"excerpt":{"rendered":"<p>St\u00e4hle f\u00fcr leichte Bearbeitbarkeit Stahl, der sich durch seine gute spanabhebende Bearbeitbarkeit auszeichnet. Werkst\u00fccke in gro\u00dfen Serien, die in automatischen Drehmaschinen bearbeitet werden m\u00fcssen. Spezialstahl f\u00fcr Anwendungen, bei denen die mechanische Bearbeitbarkeit ein wichtiger Punkt ist. Seine h\u00e4ufigsten Anwendungen sind Schraubenmaterial und Spannstifte. [vc_widget_sidebar show_bg=&#8221;false&#8221; sidebar_id=&#8221;sidebar_20&#8243;] Technische Angaben [vc_widget_sidebar show_bg=&#8221;false&#8221; sidebar_id=&#8221;sidebar_26&#8243;]<!-- AddThis Advanced Settings generic via filter on get_the_excerpt --><\/p>\n","protected":false},"author":1,"featured_media":0,"parent":6631,"menu_order":0,"comment_status":"closed","ping_status":"closed","template":"","meta":{"footnotes":""},"class_list":["post-6777","page","type-page","status-publish","hentry"],"yoast_head":"<!-- This site is optimized with the Yoast SEO plugin v26.6 - https:\/\/yoast.com\/wordpress\/plugins\/seo\/ -->\n<title>St\u00e4hle f\u00fcr leichte Bearbeitbarkeit - AUSA special steels<\/title>\n<meta name=\"robots\" content=\"index, follow, max-snippet:-1, max-image-preview:large, max-video-preview:-1\" \/>\n<link rel=\"canonical\" href=\"https:\/\/www.ausasteel.com\/de\/stahle\/spezialstahlen\/stahle-fur-leichte-bearbeitbarkeit\/\" \/>\n<meta property=\"og:locale\" content=\"de_DE\" \/>\n<meta property=\"og:type\" content=\"article\" \/>\n<meta property=\"og:title\" content=\"St\u00e4hle f\u00fcr leichte Bearbeitbarkeit - AUSA special steels\" \/>\n<meta property=\"og:description\" content=\"St\u00e4hle f\u00fcr leichte Bearbeitbarkeit Stahl, der sich durch seine gute spanabhebende Bearbeitbarkeit auszeichnet. Werkst\u00fccke in gro\u00dfen Serien, die in automatischen Drehmaschinen bearbeitet werden m\u00fcssen. Spezialstahl f\u00fcr Anwendungen, bei denen die mechanische Bearbeitbarkeit ein wichtiger Punkt ist. Seine h\u00e4ufigsten Anwendungen sind Schraubenmaterial und Spannstifte. [vc_widget_sidebar show_bg=&#8221;false&#8221; sidebar_id=&#8221;sidebar_20&#8243;] Technische Angaben [vc_widget_sidebar show_bg=&#8221;false&#8221; sidebar_id=&#8221;sidebar_26&#8243;]\" \/>\n<meta property=\"og:url\" content=\"https:\/\/www.ausasteel.com\/de\/stahle\/spezialstahlen\/stahle-fur-leichte-bearbeitbarkeit\/\" \/>\n<meta property=\"og:site_name\" content=\"AUSA special steels\" \/>\n<meta property=\"article:modified_time\" content=\"2018-11-09T13:04:17+00:00\" \/>\n<script type=\"application\/ld+json\" class=\"yoast-schema-graph\">{\"@context\":\"https:\/\/schema.org\",\"@graph\":[{\"@type\":\"WebPage\",\"@id\":\"https:\/\/www.ausasteel.com\/de\/stahle\/spezialstahlen\/stahle-fur-leichte-bearbeitbarkeit\/\",\"url\":\"https:\/\/www.ausasteel.com\/de\/stahle\/spezialstahlen\/stahle-fur-leichte-bearbeitbarkeit\/\",\"name\":\"St\u00e4hle f\u00fcr leichte Bearbeitbarkeit - AUSA special steels\",\"isPartOf\":{\"@id\":\"https:\/\/www.ausasteel.com\/de\/#website\"},\"datePublished\":\"2014-10-21T19:51:37+00:00\",\"dateModified\":\"2018-11-09T13:04:17+00:00\",\"breadcrumb\":{\"@id\":\"https:\/\/www.ausasteel.com\/de\/stahle\/spezialstahlen\/stahle-fur-leichte-bearbeitbarkeit\/#breadcrumb\"},\"inLanguage\":\"de-DE\",\"potentialAction\":[{\"@type\":\"ReadAction\",\"target\":[\"https:\/\/www.ausasteel.com\/de\/stahle\/spezialstahlen\/stahle-fur-leichte-bearbeitbarkeit\/\"]}]},{\"@type\":\"BreadcrumbList\",\"@id\":\"https:\/\/www.ausasteel.com\/de\/stahle\/spezialstahlen\/stahle-fur-leichte-bearbeitbarkeit\/#breadcrumb\",\"itemListElement\":[{\"@type\":\"ListItem\",\"position\":1,\"name\":\"Portada\",\"item\":\"https:\/\/www.ausasteel.com\/de\/\"},{\"@type\":\"ListItem\",\"position\":2,\"name\":\"St\u00e4hle\",\"item\":\"https:\/\/www.ausasteel.com\/de\/stahle\/\"},{\"@type\":\"ListItem\",\"position\":3,\"name\":\"Spezialst\u00e4hle\",\"item\":\"https:\/\/www.ausasteel.com\/de\/stahle\/spezialstahlen\/\"},{\"@type\":\"ListItem\",\"position\":4,\"name\":\"St\u00e4hle f\u00fcr leichte Bearbeitbarkeit\"}]},{\"@type\":\"WebSite\",\"@id\":\"https:\/\/www.ausasteel.com\/de\/#website\",\"url\":\"https:\/\/www.ausasteel.com\/de\/\",\"name\":\"AUSA special steels\",\"description\":\"AUSA special steels\",\"potentialAction\":[{\"@type\":\"SearchAction\",\"target\":{\"@type\":\"EntryPoint\",\"urlTemplate\":\"https:\/\/www.ausasteel.com\/de\/?s={search_term_string}\"},\"query-input\":{\"@type\":\"PropertyValueSpecification\",\"valueRequired\":true,\"valueName\":\"search_term_string\"}}],\"inLanguage\":\"de-DE\"}]}<\/script>\n<!-- \/ Yoast SEO plugin. -->","yoast_head_json":{"title":"St\u00e4hle f\u00fcr leichte Bearbeitbarkeit - AUSA special steels","robots":{"index":"index","follow":"follow","max-snippet":"max-snippet:-1","max-image-preview":"max-image-preview:large","max-video-preview":"max-video-preview:-1"},"canonical":"https:\/\/www.ausasteel.com\/de\/stahle\/spezialstahlen\/stahle-fur-leichte-bearbeitbarkeit\/","og_locale":"de_DE","og_type":"article","og_title":"St\u00e4hle f\u00fcr leichte Bearbeitbarkeit - AUSA special steels","og_description":"St\u00e4hle f\u00fcr leichte Bearbeitbarkeit Stahl, der sich durch seine gute spanabhebende Bearbeitbarkeit auszeichnet. Werkst\u00fccke in gro\u00dfen Serien, die in automatischen Drehmaschinen bearbeitet werden m\u00fcssen. Spezialstahl f\u00fcr Anwendungen, bei denen die mechanische Bearbeitbarkeit ein wichtiger Punkt ist. Seine h\u00e4ufigsten Anwendungen sind Schraubenmaterial und Spannstifte. [vc_widget_sidebar show_bg=&#8221;false&#8221; sidebar_id=&#8221;sidebar_20&#8243;] Technische Angaben [vc_widget_sidebar show_bg=&#8221;false&#8221; sidebar_id=&#8221;sidebar_26&#8243;]","og_url":"https:\/\/www.ausasteel.com\/de\/stahle\/spezialstahlen\/stahle-fur-leichte-bearbeitbarkeit\/","og_site_name":"AUSA special steels","article_modified_time":"2018-11-09T13:04:17+00:00","schema":{"@context":"https:\/\/schema.org","@graph":[{"@type":"WebPage","@id":"https:\/\/www.ausasteel.com\/de\/stahle\/spezialstahlen\/stahle-fur-leichte-bearbeitbarkeit\/","url":"https:\/\/www.ausasteel.com\/de\/stahle\/spezialstahlen\/stahle-fur-leichte-bearbeitbarkeit\/","name":"St\u00e4hle f\u00fcr leichte Bearbeitbarkeit - AUSA special steels","isPartOf":{"@id":"https:\/\/www.ausasteel.com\/de\/#website"},"datePublished":"2014-10-21T19:51:37+00:00","dateModified":"2018-11-09T13:04:17+00:00","breadcrumb":{"@id":"https:\/\/www.ausasteel.com\/de\/stahle\/spezialstahlen\/stahle-fur-leichte-bearbeitbarkeit\/#breadcrumb"},"inLanguage":"de-DE","potentialAction":[{"@type":"ReadAction","target":["https:\/\/www.ausasteel.com\/de\/stahle\/spezialstahlen\/stahle-fur-leichte-bearbeitbarkeit\/"]}]},{"@type":"BreadcrumbList","@id":"https:\/\/www.ausasteel.com\/de\/stahle\/spezialstahlen\/stahle-fur-leichte-bearbeitbarkeit\/#breadcrumb","itemListElement":[{"@type":"ListItem","position":1,"name":"Portada","item":"https:\/\/www.ausasteel.com\/de\/"},{"@type":"ListItem","position":2,"name":"St\u00e4hle","item":"https:\/\/www.ausasteel.com\/de\/stahle\/"},{"@type":"ListItem","position":3,"name":"Spezialst\u00e4hle","item":"https:\/\/www.ausasteel.com\/de\/stahle\/spezialstahlen\/"},{"@type":"ListItem","position":4,"name":"St\u00e4hle f\u00fcr leichte Bearbeitbarkeit"}]},{"@type":"WebSite","@id":"https:\/\/www.ausasteel.com\/de\/#website","url":"https:\/\/www.ausasteel.com\/de\/","name":"AUSA special steels","description":"AUSA special steels","potentialAction":[{"@type":"SearchAction","target":{"@type":"EntryPoint","urlTemplate":"https:\/\/www.ausasteel.com\/de\/?s={search_term_string}"},"query-input":{"@type":"PropertyValueSpecification","valueRequired":true,"valueName":"search_term_string"}}],"inLanguage":"de-DE"}]}},"_links":{"self":[{"href":"https:\/\/www.ausasteel.com\/de\/wp-json\/wp\/v2\/pages\/6777","targetHints":{"allow":["GET"]}}],"collection":[{"href":"https:\/\/www.ausasteel.com\/de\/wp-json\/wp\/v2\/pages"}],"about":[{"href":"https:\/\/www.ausasteel.com\/de\/wp-json\/wp\/v2\/types\/page"}],"author":[{"embeddable":true,"href":"https:\/\/www.ausasteel.com\/de\/wp-json\/wp\/v2\/users\/1"}],"replies":[{"embeddable":true,"href":"https:\/\/www.ausasteel.com\/de\/wp-json\/wp\/v2\/comments?post=6777"}],"version-history":[{"count":6,"href":"https:\/\/www.ausasteel.com\/de\/wp-json\/wp\/v2\/pages\/6777\/revisions"}],"predecessor-version":[{"id":15430,"href":"https:\/\/www.ausasteel.com\/de\/wp-json\/wp\/v2\/pages\/6777\/revisions\/15430"}],"up":[{"embeddable":true,"href":"https:\/\/www.ausasteel.com\/de\/wp-json\/wp\/v2\/pages\/6631"}],"wp:attachment":[{"href":"https:\/\/www.ausasteel.com\/de\/wp-json\/wp\/v2\/media?parent=6777"}],"curies":[{"name":"wp","href":"https:\/\/api.w.org\/{rel}","templated":true}]}}