        {"id":6774,"date":"2014-10-18T17:01:13","date_gmt":"2014-10-18T17:01:13","guid":{"rendered":"http:\/\/ausasteel.irantzu.com\/spezialstahlen\/aceros-aleados-de-temple-y-revenido\/"},"modified":"2018-11-09T09:16:02","modified_gmt":"2018-11-09T09:16:02","slug":"legierte-gehartete-und-angelassene-stahle","status":"publish","type":"page","link":"https:\/\/www.ausasteel.com\/de\/stahle\/spezialstahlen\/legierte-gehartete-und-angelassene-stahle\/","title":{"rendered":"Legierte geh\u00e4rtete und angelassene St\u00e4hle"},"content":{"rendered":"<div class=\"row\">\n<div class=\"container\">\n<h1>Legierte geh\u00e4rtete und angelassene St\u00e4hle<\/h1>\n<\/div>\n<div class=\"container columna_imagen\">\n<div class=\"col-md-6\">\n<h3>Welche Arten von legierten geh\u00e4rteten und angelassenen St\u00e4hlen verarbeitet AUSA?<\/h3>\n<p><span style=\"font-size: 1.2em;\"><strong>AUSA<\/strong> arbeitet mit <strong>legierten geh\u00e4rteten und angelassenen St\u00e4hlen unterschiedlicher Qualit\u00e4t<\/strong>. Ihre Eigenschaften, Anwendungen, die chemische Zusammensetzung, \u00c4quivalenzen, thermischen Behandlungen und Abmessungen h\u00e4ngen von der gew\u00e4hlten Qualit\u00e4t ab.<br \/>\n<\/span><\/p>\n<p>[vc_widget_sidebar show_bg=&#8221;false&#8221; sidebar_id=&#8221;sidebar_13&#8243;]\n<\/p><\/div>\n<div class=\"col-md-6\">\n<div class=\"container_imagen\">\n<img decoding=\"async\" src=\"\/wp-content\/uploads\/2015\/05\/Aceros-Aleados-Temple-Revenido-AUSA.png\" alt=\"Legierte geh\u00e4rtete und angelassene St\u00e4hle - AUSA Special Steels\" title=\"Legierte geh\u00e4rtete und angelassene St\u00e4hle - AUSA Special Steels\">\n<\/div>\n<\/div>\n<\/div>\n<\/div>\n<div class=\"row\">\n<div class=\"container\">\n<p>St\u00e4hle mit einem oder mehreren Legierungselementen mit <strong>unterschiedlichen Festigkeiten zwischen 700 und 1300 N\/mm\u00b2<\/strong> nach H\u00e4rten und Anlassen. Legierte geh\u00e4rtete und angelassene St\u00e4hle werden in allen Industriebereichen eingesetzt.<\/p>\n<p>Ihre<strong> h\u00e4ufigsten Anwendungen<\/strong> sind f\u00fcr die Erzeugung von Bauteilen, die <strong>gro\u00dfen Kr\u00e4ften <\/strong>ausgesetzt sind. Sie werden auch <strong>verg\u00fctete St\u00e4hle<\/strong> genannt.<\/p>\n<p>Ihre <strong>h\u00e4ufigsten Anwendungen <\/strong>sind Bolzen hoher Widerstandsf\u00e4higkeit, Zahnr\u00e4der, Kurbelwellen, Pleuelstangen, H\u00fclsen sowie Wellen f\u00fcr Maschinen und Motoren.<\/p>\n<p><strong>AUSA<\/strong> arbeitet nur mit <strong>anerkannten Eisenh\u00fctten<\/strong> zusammen, um die beste Qualit\u00e4t der angebotenen legierten Stahlprodukte gew\u00e4hrleisten zu k\u00f6nnen.<\/p>\n<\/div>\n<\/div>\n<div class=\"row gris\" id=\"informacion_tecnica\">\n<div class=\"container\">\n<h2>Technische Angaben<\/h2>\n<p>[vc_widget_sidebar show_bg=&#8221;false&#8221; sidebar_id=&#8221;sidebar_26&#8243;]\n<\/p><\/div>\n<\/div><!-- AddThis Advanced Settings generic via filter on the_content -->","protected":false},"excerpt":{"rendered":"<p>Legierte geh\u00e4rtete und angelassene St\u00e4hle Welche Arten von legierten geh\u00e4rteten und angelassenen St\u00e4hlen verarbeitet AUSA? AUSA arbeitet mit legierten geh\u00e4rteten und angelassenen St\u00e4hlen unterschiedlicher Qualit\u00e4t. Ihre Eigenschaften, Anwendungen, die chemische Zusammensetzung, \u00c4quivalenzen, thermischen Behandlungen und Abmessungen h\u00e4ngen von der gew\u00e4hlten Qualit\u00e4t ab. [vc_widget_sidebar show_bg=&#8221;false&#8221; sidebar_id=&#8221;sidebar_13&#8243;] St\u00e4hle mit einem oder mehreren Legierungselementen mit unterschiedlichen Festigkeiten zwischen&hellip;<!-- AddThis Advanced Settings generic via filter on get_the_excerpt --><\/p>\n","protected":false},"author":1,"featured_media":0,"parent":6631,"menu_order":0,"comment_status":"closed","ping_status":"closed","template":"","meta":{"footnotes":""},"class_list":["post-6774","page","type-page","status-publish","hentry"],"yoast_head":"<!-- This site is optimized with the Yoast SEO plugin v26.6 - https:\/\/yoast.com\/wordpress\/plugins\/seo\/ -->\n<title>Legierte geh\u00e4rtete und angelassene St\u00e4hle - AUSA special steels<\/title>\n<meta name=\"robots\" content=\"index, follow, max-snippet:-1, max-image-preview:large, max-video-preview:-1\" \/>\n<link rel=\"canonical\" href=\"https:\/\/www.ausasteel.com\/de\/stahle\/spezialstahlen\/legierte-gehartete-und-angelassene-stahle\/\" \/>\n<meta property=\"og:locale\" content=\"de_DE\" \/>\n<meta property=\"og:type\" content=\"article\" \/>\n<meta property=\"og:title\" content=\"Legierte geh\u00e4rtete und angelassene St\u00e4hle - AUSA special steels\" \/>\n<meta property=\"og:description\" content=\"Legierte geh\u00e4rtete und angelassene St\u00e4hle Welche Arten von legierten geh\u00e4rteten und angelassenen St\u00e4hlen verarbeitet AUSA? AUSA arbeitet mit legierten geh\u00e4rteten und angelassenen St\u00e4hlen unterschiedlicher Qualit\u00e4t. Ihre Eigenschaften, Anwendungen, die chemische Zusammensetzung, \u00c4quivalenzen, thermischen Behandlungen und Abmessungen h\u00e4ngen von der gew\u00e4hlten Qualit\u00e4t ab. [vc_widget_sidebar show_bg=&#8221;false&#8221; sidebar_id=&#8221;sidebar_13&#8243;] St\u00e4hle mit einem oder mehreren Legierungselementen mit unterschiedlichen Festigkeiten zwischen&hellip;\" \/>\n<meta property=\"og:url\" content=\"https:\/\/www.ausasteel.com\/de\/stahle\/spezialstahlen\/legierte-gehartete-und-angelassene-stahle\/\" \/>\n<meta property=\"og:site_name\" content=\"AUSA special steels\" \/>\n<meta property=\"article:modified_time\" content=\"2018-11-09T09:16:02+00:00\" \/>\n<meta name=\"twitter:label1\" content=\"Est. reading time\" \/>\n\t<meta name=\"twitter:data1\" content=\"1 minute\" \/>\n<script type=\"application\/ld+json\" class=\"yoast-schema-graph\">{\"@context\":\"https:\/\/schema.org\",\"@graph\":[{\"@type\":\"WebPage\",\"@id\":\"https:\/\/www.ausasteel.com\/de\/stahle\/spezialstahlen\/legierte-gehartete-und-angelassene-stahle\/\",\"url\":\"https:\/\/www.ausasteel.com\/de\/stahle\/spezialstahlen\/legierte-gehartete-und-angelassene-stahle\/\",\"name\":\"Legierte geh\u00e4rtete und angelassene St\u00e4hle - AUSA special steels\",\"isPartOf\":{\"@id\":\"https:\/\/www.ausasteel.com\/de\/#website\"},\"datePublished\":\"2014-10-18T17:01:13+00:00\",\"dateModified\":\"2018-11-09T09:16:02+00:00\",\"breadcrumb\":{\"@id\":\"https:\/\/www.ausasteel.com\/de\/stahle\/spezialstahlen\/legierte-gehartete-und-angelassene-stahle\/#breadcrumb\"},\"inLanguage\":\"de-DE\",\"potentialAction\":[{\"@type\":\"ReadAction\",\"target\":[\"https:\/\/www.ausasteel.com\/de\/stahle\/spezialstahlen\/legierte-gehartete-und-angelassene-stahle\/\"]}]},{\"@type\":\"BreadcrumbList\",\"@id\":\"https:\/\/www.ausasteel.com\/de\/stahle\/spezialstahlen\/legierte-gehartete-und-angelassene-stahle\/#breadcrumb\",\"itemListElement\":[{\"@type\":\"ListItem\",\"position\":1,\"name\":\"Portada\",\"item\":\"https:\/\/www.ausasteel.com\/de\/\"},{\"@type\":\"ListItem\",\"position\":2,\"name\":\"St\u00e4hle\",\"item\":\"https:\/\/www.ausasteel.com\/de\/stahle\/\"},{\"@type\":\"ListItem\",\"position\":3,\"name\":\"Spezialst\u00e4hle\",\"item\":\"https:\/\/www.ausasteel.com\/de\/stahle\/spezialstahlen\/\"},{\"@type\":\"ListItem\",\"position\":4,\"name\":\"Legierte geh\u00e4rtete und angelassene St\u00e4hle\"}]},{\"@type\":\"WebSite\",\"@id\":\"https:\/\/www.ausasteel.com\/de\/#website\",\"url\":\"https:\/\/www.ausasteel.com\/de\/\",\"name\":\"AUSA special steels\",\"description\":\"AUSA special steels\",\"potentialAction\":[{\"@type\":\"SearchAction\",\"target\":{\"@type\":\"EntryPoint\",\"urlTemplate\":\"https:\/\/www.ausasteel.com\/de\/?s={search_term_string}\"},\"query-input\":{\"@type\":\"PropertyValueSpecification\",\"valueRequired\":true,\"valueName\":\"search_term_string\"}}],\"inLanguage\":\"de-DE\"}]}<\/script>\n<!-- \/ Yoast SEO plugin. -->","yoast_head_json":{"title":"Legierte geh\u00e4rtete und angelassene St\u00e4hle - AUSA special steels","robots":{"index":"index","follow":"follow","max-snippet":"max-snippet:-1","max-image-preview":"max-image-preview:large","max-video-preview":"max-video-preview:-1"},"canonical":"https:\/\/www.ausasteel.com\/de\/stahle\/spezialstahlen\/legierte-gehartete-und-angelassene-stahle\/","og_locale":"de_DE","og_type":"article","og_title":"Legierte geh\u00e4rtete und angelassene St\u00e4hle - AUSA special steels","og_description":"Legierte geh\u00e4rtete und angelassene St\u00e4hle Welche Arten von legierten geh\u00e4rteten und angelassenen St\u00e4hlen verarbeitet AUSA? AUSA arbeitet mit legierten geh\u00e4rteten und angelassenen St\u00e4hlen unterschiedlicher Qualit\u00e4t. Ihre Eigenschaften, Anwendungen, die chemische Zusammensetzung, \u00c4quivalenzen, thermischen Behandlungen und Abmessungen h\u00e4ngen von der gew\u00e4hlten Qualit\u00e4t ab. [vc_widget_sidebar show_bg=&#8221;false&#8221; sidebar_id=&#8221;sidebar_13&#8243;] St\u00e4hle mit einem oder mehreren Legierungselementen mit unterschiedlichen Festigkeiten zwischen&hellip;","og_url":"https:\/\/www.ausasteel.com\/de\/stahle\/spezialstahlen\/legierte-gehartete-und-angelassene-stahle\/","og_site_name":"AUSA special steels","article_modified_time":"2018-11-09T09:16:02+00:00","twitter_misc":{"Est. reading time":"1 minute"},"schema":{"@context":"https:\/\/schema.org","@graph":[{"@type":"WebPage","@id":"https:\/\/www.ausasteel.com\/de\/stahle\/spezialstahlen\/legierte-gehartete-und-angelassene-stahle\/","url":"https:\/\/www.ausasteel.com\/de\/stahle\/spezialstahlen\/legierte-gehartete-und-angelassene-stahle\/","name":"Legierte geh\u00e4rtete und angelassene St\u00e4hle - AUSA special steels","isPartOf":{"@id":"https:\/\/www.ausasteel.com\/de\/#website"},"datePublished":"2014-10-18T17:01:13+00:00","dateModified":"2018-11-09T09:16:02+00:00","breadcrumb":{"@id":"https:\/\/www.ausasteel.com\/de\/stahle\/spezialstahlen\/legierte-gehartete-und-angelassene-stahle\/#breadcrumb"},"inLanguage":"de-DE","potentialAction":[{"@type":"ReadAction","target":["https:\/\/www.ausasteel.com\/de\/stahle\/spezialstahlen\/legierte-gehartete-und-angelassene-stahle\/"]}]},{"@type":"BreadcrumbList","@id":"https:\/\/www.ausasteel.com\/de\/stahle\/spezialstahlen\/legierte-gehartete-und-angelassene-stahle\/#breadcrumb","itemListElement":[{"@type":"ListItem","position":1,"name":"Portada","item":"https:\/\/www.ausasteel.com\/de\/"},{"@type":"ListItem","position":2,"name":"St\u00e4hle","item":"https:\/\/www.ausasteel.com\/de\/stahle\/"},{"@type":"ListItem","position":3,"name":"Spezialst\u00e4hle","item":"https:\/\/www.ausasteel.com\/de\/stahle\/spezialstahlen\/"},{"@type":"ListItem","position":4,"name":"Legierte geh\u00e4rtete und angelassene St\u00e4hle"}]},{"@type":"WebSite","@id":"https:\/\/www.ausasteel.com\/de\/#website","url":"https:\/\/www.ausasteel.com\/de\/","name":"AUSA special steels","description":"AUSA special steels","potentialAction":[{"@type":"SearchAction","target":{"@type":"EntryPoint","urlTemplate":"https:\/\/www.ausasteel.com\/de\/?s={search_term_string}"},"query-input":{"@type":"PropertyValueSpecification","valueRequired":true,"valueName":"search_term_string"}}],"inLanguage":"de-DE"}]}},"_links":{"self":[{"href":"https:\/\/www.ausasteel.com\/de\/wp-json\/wp\/v2\/pages\/6774","targetHints":{"allow":["GET"]}}],"collection":[{"href":"https:\/\/www.ausasteel.com\/de\/wp-json\/wp\/v2\/pages"}],"about":[{"href":"https:\/\/www.ausasteel.com\/de\/wp-json\/wp\/v2\/types\/page"}],"author":[{"embeddable":true,"href":"https:\/\/www.ausasteel.com\/de\/wp-json\/wp\/v2\/users\/1"}],"replies":[{"embeddable":true,"href":"https:\/\/www.ausasteel.com\/de\/wp-json\/wp\/v2\/comments?post=6774"}],"version-history":[{"count":6,"href":"https:\/\/www.ausasteel.com\/de\/wp-json\/wp\/v2\/pages\/6774\/revisions"}],"predecessor-version":[{"id":15351,"href":"https:\/\/www.ausasteel.com\/de\/wp-json\/wp\/v2\/pages\/6774\/revisions\/15351"}],"up":[{"embeddable":true,"href":"https:\/\/www.ausasteel.com\/de\/wp-json\/wp\/v2\/pages\/6631"}],"wp:attachment":[{"href":"https:\/\/www.ausasteel.com\/de\/wp-json\/wp\/v2\/media?parent=6774"}],"curies":[{"name":"wp","href":"https:\/\/api.w.org\/{rel}","templated":true}]}}