        {"id":6772,"date":"2014-10-21T19:46:13","date_gmt":"2014-10-21T19:46:13","guid":{"rendered":"http:\/\/ausasteel.irantzu.com\/spezialstahlen\/aceros-de-cementacion\/"},"modified":"2018-11-09T09:57:50","modified_gmt":"2018-11-09T09:57:50","slug":"zementstahle","status":"publish","type":"page","link":"https:\/\/www.ausasteel.com\/de\/stahle\/spezialstahlen\/zementstahle\/","title":{"rendered":"Zementst\u00e4hle"},"content":{"rendered":"<div class=\"row\">\n<div class=\"container\">\n<h1>Zementst\u00e4hle<\/h1>\n<\/div>\n<div class=\"container columna_imagen\">\n<div class=\"col-md-6\">\n<h3>Welche Arten von Zementst\u00e4len verarbeitet AUSA?<\/h3>\n<p><span style=\"font-size: 1.2em;\"><strong>AUSA<\/strong> arbeitet mit <strong>Zementst\u00e4hlen unterschiedlicher Qualit\u00e4t<\/strong>. Ihre Eigenschaften, Anwendungen, die chemische Zusammensetzung, thermischen Behandlungen und Abmessungen h\u00e4ngen von der gew\u00e4hlten Qualit\u00e4t ab.<br \/><\/span><\/p>\n<p>[vc_widget_sidebar show_bg=&#8221;false&#8221; sidebar_id=&#8221;sidebar_14&#8243;]\n<\/p><\/div>\n<div class=\"col-md-6\">\n<div class=\"container_imagen\">\n<img decoding=\"async\" src=\"\/wp-content\/uploads\/2015\/05\/Aceros-Cementacion-AUSA.png\" alt=\"Zementst\u00e4hle - AUSA Special Steels\" title=\"Zementst\u00e4hle - AUSA Special Steels\">\n<\/div>\n<\/div>\n<\/div>\n<\/div>\n<div class=\"row\">\n<div class=\"container\">\n<p>St\u00e4hle mit einem <strong>Kohlenstoffgehalt<\/strong>, der normalerweise<strong> unter 0,3 %<\/strong> liegt, um zementiert zu werden, wodurch man eine <strong>hohe Oberfl\u00e4chenh\u00e4rte<\/strong> erreicht. Die <strong>Festigkeit im Kern<\/strong> reicht von <strong>600\u20131200&nbsp;N\/mm\u00b2.<\/strong><\/p>\n<p>Es handelt sich hierbei um St\u00e4hle <strong>hoher Schlagfestigkeit, Z\u00e4higkeit und Verschlei\u00dffestigkeit. <\/strong><\/p>\n<p>Ihre <strong>h\u00e4ufigsten Anwendungen<\/strong> sind die Herstellung von Ritzeln, Getriebewellen, Achsen, Tellerr\u00e4dern, Hochgeschwindigkeits-Zahnr\u00e4dern, Sicherungsstiften, Bolzen, Nocken, Getrieben, Kolbenwellen, Lagerzapfen, Reduktionsgetrieben sowie Bauteilen von Industrie- und Landwirtschaftsfahrzeugen.<\/p>\n<p><strong>AUSA<\/strong> arbeitet nur mit <strong>anerkannten Eisenh\u00fctten<\/strong> zusammen, um die beste Qualit\u00e4t der angebotenen Zementst\u00e4hle gew\u00e4hrleisten zu k\u00f6nnen.<\/p>\n<\/div>\n<\/div>\n<div class=\"row gris\" id=\"informacion_tecnica\">\n<div class=\"container\">\n<h2>Technische Angaben<\/h2>\n<p>[vc_widget_sidebar show_bg=&#8221;false&#8221; sidebar_id=&#8221;sidebar_26&#8243;]\n<\/p><\/div>\n<\/div><!-- AddThis Advanced Settings generic via filter on the_content -->","protected":false},"excerpt":{"rendered":"<p>Zementst\u00e4hle Welche Arten von Zementst\u00e4len verarbeitet AUSA? AUSA arbeitet mit Zementst\u00e4hlen unterschiedlicher Qualit\u00e4t. Ihre Eigenschaften, Anwendungen, die chemische Zusammensetzung, thermischen Behandlungen und Abmessungen h\u00e4ngen von der gew\u00e4hlten Qualit\u00e4t ab. [vc_widget_sidebar show_bg=&#8221;false&#8221; sidebar_id=&#8221;sidebar_14&#8243;] St\u00e4hle mit einem Kohlenstoffgehalt, der normalerweise unter 0,3 % liegt, um zementiert zu werden, wodurch man eine hohe Oberfl\u00e4chenh\u00e4rte erreicht. Die Festigkeit im&hellip;<!-- AddThis Advanced Settings generic via filter on get_the_excerpt --><\/p>\n","protected":false},"author":1,"featured_media":0,"parent":6631,"menu_order":0,"comment_status":"closed","ping_status":"closed","template":"","meta":{"footnotes":""},"class_list":["post-6772","page","type-page","status-publish","hentry"],"yoast_head":"<!-- This site is optimized with the Yoast SEO plugin v26.6 - https:\/\/yoast.com\/wordpress\/plugins\/seo\/ -->\n<title>Zementst\u00e4hle - AUSA special steels<\/title>\n<meta name=\"robots\" content=\"index, follow, max-snippet:-1, max-image-preview:large, max-video-preview:-1\" \/>\n<link rel=\"canonical\" href=\"https:\/\/www.ausasteel.com\/de\/stahle\/spezialstahlen\/zementstahle\/\" \/>\n<meta property=\"og:locale\" content=\"de_DE\" \/>\n<meta property=\"og:type\" content=\"article\" \/>\n<meta property=\"og:title\" content=\"Zementst\u00e4hle - AUSA special steels\" \/>\n<meta property=\"og:description\" content=\"Zementst\u00e4hle Welche Arten von Zementst\u00e4len verarbeitet AUSA? AUSA arbeitet mit Zementst\u00e4hlen unterschiedlicher Qualit\u00e4t. Ihre Eigenschaften, Anwendungen, die chemische Zusammensetzung, thermischen Behandlungen und Abmessungen h\u00e4ngen von der gew\u00e4hlten Qualit\u00e4t ab. [vc_widget_sidebar show_bg=&#8221;false&#8221; sidebar_id=&#8221;sidebar_14&#8243;] St\u00e4hle mit einem Kohlenstoffgehalt, der normalerweise unter 0,3 % liegt, um zementiert zu werden, wodurch man eine hohe Oberfl\u00e4chenh\u00e4rte erreicht. Die Festigkeit im&hellip;\" \/>\n<meta property=\"og:url\" content=\"https:\/\/www.ausasteel.com\/de\/stahle\/spezialstahlen\/zementstahle\/\" \/>\n<meta property=\"og:site_name\" content=\"AUSA special steels\" \/>\n<meta property=\"article:modified_time\" content=\"2018-11-09T09:57:50+00:00\" \/>\n<meta name=\"twitter:label1\" content=\"Est. reading time\" \/>\n\t<meta name=\"twitter:data1\" content=\"1 minute\" \/>\n<script type=\"application\/ld+json\" class=\"yoast-schema-graph\">{\"@context\":\"https:\/\/schema.org\",\"@graph\":[{\"@type\":\"WebPage\",\"@id\":\"https:\/\/www.ausasteel.com\/de\/stahle\/spezialstahlen\/zementstahle\/\",\"url\":\"https:\/\/www.ausasteel.com\/de\/stahle\/spezialstahlen\/zementstahle\/\",\"name\":\"Zementst\u00e4hle - AUSA special steels\",\"isPartOf\":{\"@id\":\"https:\/\/www.ausasteel.com\/de\/#website\"},\"datePublished\":\"2014-10-21T19:46:13+00:00\",\"dateModified\":\"2018-11-09T09:57:50+00:00\",\"breadcrumb\":{\"@id\":\"https:\/\/www.ausasteel.com\/de\/stahle\/spezialstahlen\/zementstahle\/#breadcrumb\"},\"inLanguage\":\"de-DE\",\"potentialAction\":[{\"@type\":\"ReadAction\",\"target\":[\"https:\/\/www.ausasteel.com\/de\/stahle\/spezialstahlen\/zementstahle\/\"]}]},{\"@type\":\"BreadcrumbList\",\"@id\":\"https:\/\/www.ausasteel.com\/de\/stahle\/spezialstahlen\/zementstahle\/#breadcrumb\",\"itemListElement\":[{\"@type\":\"ListItem\",\"position\":1,\"name\":\"Portada\",\"item\":\"https:\/\/www.ausasteel.com\/de\/\"},{\"@type\":\"ListItem\",\"position\":2,\"name\":\"St\u00e4hle\",\"item\":\"https:\/\/www.ausasteel.com\/de\/stahle\/\"},{\"@type\":\"ListItem\",\"position\":3,\"name\":\"Spezialst\u00e4hle\",\"item\":\"https:\/\/www.ausasteel.com\/de\/stahle\/spezialstahlen\/\"},{\"@type\":\"ListItem\",\"position\":4,\"name\":\"Zementst\u00e4hle\"}]},{\"@type\":\"WebSite\",\"@id\":\"https:\/\/www.ausasteel.com\/de\/#website\",\"url\":\"https:\/\/www.ausasteel.com\/de\/\",\"name\":\"AUSA special steels\",\"description\":\"AUSA special steels\",\"potentialAction\":[{\"@type\":\"SearchAction\",\"target\":{\"@type\":\"EntryPoint\",\"urlTemplate\":\"https:\/\/www.ausasteel.com\/de\/?s={search_term_string}\"},\"query-input\":{\"@type\":\"PropertyValueSpecification\",\"valueRequired\":true,\"valueName\":\"search_term_string\"}}],\"inLanguage\":\"de-DE\"}]}<\/script>\n<!-- \/ Yoast SEO plugin. -->","yoast_head_json":{"title":"Zementst\u00e4hle - AUSA special steels","robots":{"index":"index","follow":"follow","max-snippet":"max-snippet:-1","max-image-preview":"max-image-preview:large","max-video-preview":"max-video-preview:-1"},"canonical":"https:\/\/www.ausasteel.com\/de\/stahle\/spezialstahlen\/zementstahle\/","og_locale":"de_DE","og_type":"article","og_title":"Zementst\u00e4hle - AUSA special steels","og_description":"Zementst\u00e4hle Welche Arten von Zementst\u00e4len verarbeitet AUSA? AUSA arbeitet mit Zementst\u00e4hlen unterschiedlicher Qualit\u00e4t. Ihre Eigenschaften, Anwendungen, die chemische Zusammensetzung, thermischen Behandlungen und Abmessungen h\u00e4ngen von der gew\u00e4hlten Qualit\u00e4t ab. [vc_widget_sidebar show_bg=&#8221;false&#8221; sidebar_id=&#8221;sidebar_14&#8243;] St\u00e4hle mit einem Kohlenstoffgehalt, der normalerweise unter 0,3 % liegt, um zementiert zu werden, wodurch man eine hohe Oberfl\u00e4chenh\u00e4rte erreicht. Die Festigkeit im&hellip;","og_url":"https:\/\/www.ausasteel.com\/de\/stahle\/spezialstahlen\/zementstahle\/","og_site_name":"AUSA special steels","article_modified_time":"2018-11-09T09:57:50+00:00","twitter_misc":{"Est. reading time":"1 minute"},"schema":{"@context":"https:\/\/schema.org","@graph":[{"@type":"WebPage","@id":"https:\/\/www.ausasteel.com\/de\/stahle\/spezialstahlen\/zementstahle\/","url":"https:\/\/www.ausasteel.com\/de\/stahle\/spezialstahlen\/zementstahle\/","name":"Zementst\u00e4hle - AUSA special steels","isPartOf":{"@id":"https:\/\/www.ausasteel.com\/de\/#website"},"datePublished":"2014-10-21T19:46:13+00:00","dateModified":"2018-11-09T09:57:50+00:00","breadcrumb":{"@id":"https:\/\/www.ausasteel.com\/de\/stahle\/spezialstahlen\/zementstahle\/#breadcrumb"},"inLanguage":"de-DE","potentialAction":[{"@type":"ReadAction","target":["https:\/\/www.ausasteel.com\/de\/stahle\/spezialstahlen\/zementstahle\/"]}]},{"@type":"BreadcrumbList","@id":"https:\/\/www.ausasteel.com\/de\/stahle\/spezialstahlen\/zementstahle\/#breadcrumb","itemListElement":[{"@type":"ListItem","position":1,"name":"Portada","item":"https:\/\/www.ausasteel.com\/de\/"},{"@type":"ListItem","position":2,"name":"St\u00e4hle","item":"https:\/\/www.ausasteel.com\/de\/stahle\/"},{"@type":"ListItem","position":3,"name":"Spezialst\u00e4hle","item":"https:\/\/www.ausasteel.com\/de\/stahle\/spezialstahlen\/"},{"@type":"ListItem","position":4,"name":"Zementst\u00e4hle"}]},{"@type":"WebSite","@id":"https:\/\/www.ausasteel.com\/de\/#website","url":"https:\/\/www.ausasteel.com\/de\/","name":"AUSA special steels","description":"AUSA special steels","potentialAction":[{"@type":"SearchAction","target":{"@type":"EntryPoint","urlTemplate":"https:\/\/www.ausasteel.com\/de\/?s={search_term_string}"},"query-input":{"@type":"PropertyValueSpecification","valueRequired":true,"valueName":"search_term_string"}}],"inLanguage":"de-DE"}]}},"_links":{"self":[{"href":"https:\/\/www.ausasteel.com\/de\/wp-json\/wp\/v2\/pages\/6772","targetHints":{"allow":["GET"]}}],"collection":[{"href":"https:\/\/www.ausasteel.com\/de\/wp-json\/wp\/v2\/pages"}],"about":[{"href":"https:\/\/www.ausasteel.com\/de\/wp-json\/wp\/v2\/types\/page"}],"author":[{"embeddable":true,"href":"https:\/\/www.ausasteel.com\/de\/wp-json\/wp\/v2\/users\/1"}],"replies":[{"embeddable":true,"href":"https:\/\/www.ausasteel.com\/de\/wp-json\/wp\/v2\/comments?post=6772"}],"version-history":[{"count":6,"href":"https:\/\/www.ausasteel.com\/de\/wp-json\/wp\/v2\/pages\/6772\/revisions"}],"predecessor-version":[{"id":15361,"href":"https:\/\/www.ausasteel.com\/de\/wp-json\/wp\/v2\/pages\/6772\/revisions\/15361"}],"up":[{"embeddable":true,"href":"https:\/\/www.ausasteel.com\/de\/wp-json\/wp\/v2\/pages\/6631"}],"wp:attachment":[{"href":"https:\/\/www.ausasteel.com\/de\/wp-json\/wp\/v2\/media?parent=6772"}],"curies":[{"name":"wp","href":"https:\/\/api.w.org\/{rel}","templated":true}]}}