        {"id":6768,"date":"2014-10-17T19:24:42","date_gmt":"2014-10-17T19:24:42","guid":{"rendered":"http:\/\/ausasteel.irantzu.com\/spezialstahlen\/aceros-al-carbono\/"},"modified":"2018-10-01T12:38:24","modified_gmt":"2018-10-01T12:38:24","slug":"kohlenstoffstahle","status":"publish","type":"page","link":"https:\/\/www.ausasteel.com\/de\/stahle\/spezialstahlen\/kohlenstoffstahle\/","title":{"rendered":"Kohlenstoffst\u00e4hle"},"content":{"rendered":"<div class=\"row\">\n<div class=\"container\">\n<h1>Kohlenstoffst\u00e4hle<\/h1>\n<\/div>\n<div class=\"container columna_imagen\">\n<div class=\"col-md-6\">\n<h3>Welche Arten von Kohlenstoffst\u00e4hlen verarbeitet AUSA?<\/h3>\n<p><strong>AUSA<\/strong> arbeitet mit <strong>Kohlenstoffst\u00e4hlen unterschiedlicher Qualit\u00e4t<\/strong>. Ihre Eigenschaften, Anwendungen, die chemische Zusammensetzung, \u00c4quivalenzen, thermische Behandlungen, Profile und Abmessungen h\u00e4ngen von der gew\u00e4hlten Qualit\u00e4t ab.<\/p>\n<p>[vc_widget_sidebar show_bg=&#8221;false&#8221; sidebar_id=&#8221;sidebar_5&#8243;]\n<\/p><\/div>\n<div class=\"col-md-6\">\n<div class=\"container_imagen\">\n<img decoding=\"async\" src=\"\/wp-content\/uploads\/2015\/05\/Aceros-Carbono-AUSA.png\" alt=\"Kohlenstoffst\u00e4hle\" title=\"Kohlenstoffst\u00e4hle\">\n<\/div>\n<\/div>\n<\/div>\n<\/div>\n<div class=\"row\">\n<div class=\"container\">\n<p>Der Prozentsatz des Kohlenstoffs in Kohlenstoffstahl bewegt sich <strong>zwischen 0,10 und 0,60&nbsp;%<\/strong>, bei <strong>Festigkeiten von 350\u2013800&nbsp;N\/mm\u00b2<\/strong>.<\/p>\n<p>Kohlenstoffstahl mit <strong>bis zu 0,30&nbsp;%<\/strong> Kohlenstoff ist sehr gut verformbar, jedoch <strong>nicht gut h\u00e4rtbar<\/strong>. Kohlenstoffst\u00e4hle <strong>h\u00f6herer Prozents\u00e4tze<\/strong> k\u00f6nnen <strong>geh\u00e4rtet<\/strong> werden.<\/p>\n<p>Sie haben <strong>geringe Verschlei\u00dffestigkeit<\/strong> und je nach Kohlenstoffgehalt sind Sie mehr oder weniger gut <strong>schwei\u00dfbar<\/strong>.<\/p>\n<p>Ihre<strong> h\u00e4ufigsten Anwendungen <\/strong>sind f\u00fcr Maschinen, Schraubenmaterial, landwirtschaftliche Werkzeuge, Bolzen, Ketten und andere \u00e4hnliche Gegenst\u00e4nde.<\/p>\n<p><strong>AUSA<\/strong> arbeitet nur mit <strong>anerkannten Eisenh\u00fctten<\/strong> zusammen, um die beste Qualit\u00e4t der angebotenen Produkte gew\u00e4hrleisten zu k\u00f6nnen.<\/p>\n<\/div>\n<\/div>\n<div class=\"row gris\" id=\"informacion_tecnica\">\n<div class=\"container\">\n<h2>Technische Angaben<\/h2>\n<p>[vc_widget_sidebar show_bg=&#8221;false&#8221; sidebar_id=&#8221;sidebar_26&#8243;]\n<\/p><\/div>\n<\/div><!-- AddThis Advanced Settings generic via filter on the_content -->","protected":false},"excerpt":{"rendered":"<p>Kohlenstoffst\u00e4hle Welche Arten von Kohlenstoffst\u00e4hlen verarbeitet AUSA? AUSA arbeitet mit Kohlenstoffst\u00e4hlen unterschiedlicher Qualit\u00e4t. Ihre Eigenschaften, Anwendungen, die chemische Zusammensetzung, \u00c4quivalenzen, thermische Behandlungen, Profile und Abmessungen h\u00e4ngen von der gew\u00e4hlten Qualit\u00e4t ab. [vc_widget_sidebar show_bg=&#8221;false&#8221; sidebar_id=&#8221;sidebar_5&#8243;] Der Prozentsatz des Kohlenstoffs in Kohlenstoffstahl bewegt sich zwischen 0,10 und 0,60&nbsp;%, bei Festigkeiten von 350\u2013800&nbsp;N\/mm\u00b2. Kohlenstoffstahl mit bis zu 0,30&nbsp;%&hellip;<!-- AddThis Advanced Settings generic via filter on get_the_excerpt --><\/p>\n","protected":false},"author":1,"featured_media":0,"parent":6631,"menu_order":0,"comment_status":"closed","ping_status":"closed","template":"","meta":{"footnotes":""},"class_list":["post-6768","page","type-page","status-publish","hentry"],"yoast_head":"<!-- This site is optimized with the Yoast SEO plugin v26.6 - https:\/\/yoast.com\/wordpress\/plugins\/seo\/ -->\n<title>Kohlenstoffst\u00e4hle - AUSA special steels<\/title>\n<meta name=\"robots\" content=\"index, follow, max-snippet:-1, max-image-preview:large, max-video-preview:-1\" \/>\n<link rel=\"canonical\" href=\"https:\/\/www.ausasteel.com\/de\/stahle\/spezialstahlen\/kohlenstoffstahle\/\" \/>\n<meta property=\"og:locale\" content=\"de_DE\" \/>\n<meta property=\"og:type\" content=\"article\" \/>\n<meta property=\"og:title\" content=\"Kohlenstoffst\u00e4hle - AUSA special steels\" \/>\n<meta property=\"og:description\" content=\"Kohlenstoffst\u00e4hle Welche Arten von Kohlenstoffst\u00e4hlen verarbeitet AUSA? AUSA arbeitet mit Kohlenstoffst\u00e4hlen unterschiedlicher Qualit\u00e4t. Ihre Eigenschaften, Anwendungen, die chemische Zusammensetzung, \u00c4quivalenzen, thermische Behandlungen, Profile und Abmessungen h\u00e4ngen von der gew\u00e4hlten Qualit\u00e4t ab. [vc_widget_sidebar show_bg=&#8221;false&#8221; sidebar_id=&#8221;sidebar_5&#8243;] Der Prozentsatz des Kohlenstoffs in Kohlenstoffstahl bewegt sich zwischen 0,10 und 0,60&nbsp;%, bei Festigkeiten von 350\u2013800&nbsp;N\/mm\u00b2. Kohlenstoffstahl mit bis zu 0,30&nbsp;%&hellip;\" \/>\n<meta property=\"og:url\" content=\"https:\/\/www.ausasteel.com\/de\/stahle\/spezialstahlen\/kohlenstoffstahle\/\" \/>\n<meta property=\"og:site_name\" content=\"AUSA special steels\" \/>\n<meta property=\"article:modified_time\" content=\"2018-10-01T12:38:24+00:00\" \/>\n<meta name=\"twitter:label1\" content=\"Est. reading time\" \/>\n\t<meta name=\"twitter:data1\" content=\"1 minute\" \/>\n<script type=\"application\/ld+json\" class=\"yoast-schema-graph\">{\"@context\":\"https:\/\/schema.org\",\"@graph\":[{\"@type\":\"WebPage\",\"@id\":\"https:\/\/www.ausasteel.com\/de\/stahle\/spezialstahlen\/kohlenstoffstahle\/\",\"url\":\"https:\/\/www.ausasteel.com\/de\/stahle\/spezialstahlen\/kohlenstoffstahle\/\",\"name\":\"Kohlenstoffst\u00e4hle - AUSA special steels\",\"isPartOf\":{\"@id\":\"https:\/\/www.ausasteel.com\/de\/#website\"},\"datePublished\":\"2014-10-17T19:24:42+00:00\",\"dateModified\":\"2018-10-01T12:38:24+00:00\",\"breadcrumb\":{\"@id\":\"https:\/\/www.ausasteel.com\/de\/stahle\/spezialstahlen\/kohlenstoffstahle\/#breadcrumb\"},\"inLanguage\":\"de-DE\",\"potentialAction\":[{\"@type\":\"ReadAction\",\"target\":[\"https:\/\/www.ausasteel.com\/de\/stahle\/spezialstahlen\/kohlenstoffstahle\/\"]}]},{\"@type\":\"BreadcrumbList\",\"@id\":\"https:\/\/www.ausasteel.com\/de\/stahle\/spezialstahlen\/kohlenstoffstahle\/#breadcrumb\",\"itemListElement\":[{\"@type\":\"ListItem\",\"position\":1,\"name\":\"Portada\",\"item\":\"https:\/\/www.ausasteel.com\/de\/\"},{\"@type\":\"ListItem\",\"position\":2,\"name\":\"St\u00e4hle\",\"item\":\"https:\/\/www.ausasteel.com\/de\/stahle\/\"},{\"@type\":\"ListItem\",\"position\":3,\"name\":\"Spezialst\u00e4hle\",\"item\":\"https:\/\/www.ausasteel.com\/de\/stahle\/spezialstahlen\/\"},{\"@type\":\"ListItem\",\"position\":4,\"name\":\"Kohlenstoffst\u00e4hle\"}]},{\"@type\":\"WebSite\",\"@id\":\"https:\/\/www.ausasteel.com\/de\/#website\",\"url\":\"https:\/\/www.ausasteel.com\/de\/\",\"name\":\"AUSA special steels\",\"description\":\"AUSA special steels\",\"potentialAction\":[{\"@type\":\"SearchAction\",\"target\":{\"@type\":\"EntryPoint\",\"urlTemplate\":\"https:\/\/www.ausasteel.com\/de\/?s={search_term_string}\"},\"query-input\":{\"@type\":\"PropertyValueSpecification\",\"valueRequired\":true,\"valueName\":\"search_term_string\"}}],\"inLanguage\":\"de-DE\"}]}<\/script>\n<!-- \/ Yoast SEO plugin. -->","yoast_head_json":{"title":"Kohlenstoffst\u00e4hle - AUSA special steels","robots":{"index":"index","follow":"follow","max-snippet":"max-snippet:-1","max-image-preview":"max-image-preview:large","max-video-preview":"max-video-preview:-1"},"canonical":"https:\/\/www.ausasteel.com\/de\/stahle\/spezialstahlen\/kohlenstoffstahle\/","og_locale":"de_DE","og_type":"article","og_title":"Kohlenstoffst\u00e4hle - AUSA special steels","og_description":"Kohlenstoffst\u00e4hle Welche Arten von Kohlenstoffst\u00e4hlen verarbeitet AUSA? AUSA arbeitet mit Kohlenstoffst\u00e4hlen unterschiedlicher Qualit\u00e4t. Ihre Eigenschaften, Anwendungen, die chemische Zusammensetzung, \u00c4quivalenzen, thermische Behandlungen, Profile und Abmessungen h\u00e4ngen von der gew\u00e4hlten Qualit\u00e4t ab. [vc_widget_sidebar show_bg=&#8221;false&#8221; sidebar_id=&#8221;sidebar_5&#8243;] Der Prozentsatz des Kohlenstoffs in Kohlenstoffstahl bewegt sich zwischen 0,10 und 0,60&nbsp;%, bei Festigkeiten von 350\u2013800&nbsp;N\/mm\u00b2. Kohlenstoffstahl mit bis zu 0,30&nbsp;%&hellip;","og_url":"https:\/\/www.ausasteel.com\/de\/stahle\/spezialstahlen\/kohlenstoffstahle\/","og_site_name":"AUSA special steels","article_modified_time":"2018-10-01T12:38:24+00:00","twitter_misc":{"Est. reading time":"1 minute"},"schema":{"@context":"https:\/\/schema.org","@graph":[{"@type":"WebPage","@id":"https:\/\/www.ausasteel.com\/de\/stahle\/spezialstahlen\/kohlenstoffstahle\/","url":"https:\/\/www.ausasteel.com\/de\/stahle\/spezialstahlen\/kohlenstoffstahle\/","name":"Kohlenstoffst\u00e4hle - AUSA special steels","isPartOf":{"@id":"https:\/\/www.ausasteel.com\/de\/#website"},"datePublished":"2014-10-17T19:24:42+00:00","dateModified":"2018-10-01T12:38:24+00:00","breadcrumb":{"@id":"https:\/\/www.ausasteel.com\/de\/stahle\/spezialstahlen\/kohlenstoffstahle\/#breadcrumb"},"inLanguage":"de-DE","potentialAction":[{"@type":"ReadAction","target":["https:\/\/www.ausasteel.com\/de\/stahle\/spezialstahlen\/kohlenstoffstahle\/"]}]},{"@type":"BreadcrumbList","@id":"https:\/\/www.ausasteel.com\/de\/stahle\/spezialstahlen\/kohlenstoffstahle\/#breadcrumb","itemListElement":[{"@type":"ListItem","position":1,"name":"Portada","item":"https:\/\/www.ausasteel.com\/de\/"},{"@type":"ListItem","position":2,"name":"St\u00e4hle","item":"https:\/\/www.ausasteel.com\/de\/stahle\/"},{"@type":"ListItem","position":3,"name":"Spezialst\u00e4hle","item":"https:\/\/www.ausasteel.com\/de\/stahle\/spezialstahlen\/"},{"@type":"ListItem","position":4,"name":"Kohlenstoffst\u00e4hle"}]},{"@type":"WebSite","@id":"https:\/\/www.ausasteel.com\/de\/#website","url":"https:\/\/www.ausasteel.com\/de\/","name":"AUSA special steels","description":"AUSA special steels","potentialAction":[{"@type":"SearchAction","target":{"@type":"EntryPoint","urlTemplate":"https:\/\/www.ausasteel.com\/de\/?s={search_term_string}"},"query-input":{"@type":"PropertyValueSpecification","valueRequired":true,"valueName":"search_term_string"}}],"inLanguage":"de-DE"}]}},"_links":{"self":[{"href":"https:\/\/www.ausasteel.com\/de\/wp-json\/wp\/v2\/pages\/6768","targetHints":{"allow":["GET"]}}],"collection":[{"href":"https:\/\/www.ausasteel.com\/de\/wp-json\/wp\/v2\/pages"}],"about":[{"href":"https:\/\/www.ausasteel.com\/de\/wp-json\/wp\/v2\/types\/page"}],"author":[{"embeddable":true,"href":"https:\/\/www.ausasteel.com\/de\/wp-json\/wp\/v2\/users\/1"}],"replies":[{"embeddable":true,"href":"https:\/\/www.ausasteel.com\/de\/wp-json\/wp\/v2\/comments?post=6768"}],"version-history":[{"count":14,"href":"https:\/\/www.ausasteel.com\/de\/wp-json\/wp\/v2\/pages\/6768\/revisions"}],"predecessor-version":[{"id":14807,"href":"https:\/\/www.ausasteel.com\/de\/wp-json\/wp\/v2\/pages\/6768\/revisions\/14807"}],"up":[{"embeddable":true,"href":"https:\/\/www.ausasteel.com\/de\/wp-json\/wp\/v2\/pages\/6631"}],"wp:attachment":[{"href":"https:\/\/www.ausasteel.com\/de\/wp-json\/wp\/v2\/media?parent=6768"}],"curies":[{"name":"wp","href":"https:\/\/api.w.org\/{rel}","templated":true}]}}