        {"id":6705,"date":"2014-10-25T09:41:31","date_gmt":"2014-10-25T09:41:31","guid":{"rendered":"http:\/\/ausasteel.irantzu.com\/informacion-sobre-cookies-2\/"},"modified":"2014-12-17T20:22:55","modified_gmt":"2014-12-17T20:22:55","slug":"informationen-uber-cookies","status":"publish","type":"page","link":"https:\/\/www.ausasteel.com\/de\/informationen-uber-cookies\/","title":{"rendered":"Informationen \u00fcber Cookies"},"content":{"rendered":"<div class=\"wpb-content-wrapper\"><p>[vc_row][vc_column]<\/p>\n<div class=\"standard-arrow list-divider\">Alle Websites haben die Verpflichtung, die neue <strong>Richtlinie \u00fcber Cookies<\/strong> des Gesetzes 34\/2002 \u00fcber Dienstleistungen der Informationsgesellschaft und elektronischen Handel einzuhalten.<\/p>\n<p>Der Download dieser Art Elemente setzt die F\u00e4higkeit voraus, <strong>Informationen<\/strong> \u00fcber die Aktivit\u00e4t des Benutzers zu <strong>sammeln<\/strong>, und greift in seine Privatsph\u00e4re ein.<\/p>\n<p>Die Richtlinie <strong>verpflichtet<\/strong> Inhaber von Websites, das <strong>Einverst\u00e4ndnis der Benutzer<\/strong> zur Verwendung von Cookies auf der Website einzuholen.<\/p>\n<h2>Was sind Cookies<\/h2>\n<p>Cookies sind <strong>kleine Dateien<\/strong>, die auf den Computer des Benutzers <strong>geladen werden<\/strong>, wenn dieser auf Webseiten surft, und die erm\u00f6glichen, den Browser des Benutzers zu erkennen. Sie enthalten und sammeln keine Informationen.<\/p>\n<p>Sie werden zum Beispiel verwendet, um den Benutzer zu erkennen, wenn er auf sein Konto zugreift, ohne dass dieser sich jedes Mal, wenn er auf sein Konto zugreift, erneut identifizieren muss.<\/p>\n<p>AUSA verwendet folgende <strong>Arten von Cookies<\/strong>:<\/p>\n<ul>\n<li><strong>Sitzung<\/strong>: Dient zum Speichern der Eingaben des Benutzers, wenn er auf der Website ein Formular ausf\u00fcllt.<\/li>\n<li><strong>Plug-in sozialer Netzwerke<\/strong>: Erm\u00f6glicht dem Benutzer, Inhalte mit den Mitgliedern eines bestimmten sozialen Netzwerks zu teilen. Der Inhaber ist das soziale Netzwerk, das das Cookie setzt (Facebook Inc., Twitter Inc., etc.).<\/li>\n<li><strong>Google Analytics<\/strong>: Zur Durchf\u00fchrung der Zugriffsstatistiken auf die Website verwenden wir diese Cookies, um zu erheben, wie oft unsere Besucher wiederkehren bzw. welche Inhalte f\u00fcr sie am interessantesten sind. Auf diese Weise k\u00f6nnen wir uns darauf konzentrieren, die am \u00f6ftesten besuchten Bereiche zu verbessern und zu erm\u00f6glichen, dass der Benutzer das Gesuchte einfacher findet. Auf der Website k\u00f6nnen die Informationen des Besuchs verwendet werden, um Evaluierungen und statistische Berechnungen anonymer Daten durchzuf\u00fchren sowie die Kontinuit\u00e4t des Dienstes zu gew\u00e4hrleisten bzw. zu verbessern. F\u00fcr mehr Einzelheiten klicken Sie bitte auf den folgenden Link bez\u00fcglich unserer <a title=\"Rechtliche Bedingungen\" href=\"https:\/\/www.ausasteel.com\/de\/rechtliche-bedingungen\/\">Datenschutzrichtlinie<\/a><\/li>\n<\/ul>\n<h2>Wie kann man Cookies deaktivieren?<\/h2>\n<p>In allen Browsern besteht die M\u00f6glichkeit, die Konfiguration der Cookies zu deaktivieren. Diese Einstellungen befinden sich meist in den \u201e<strong>Optionen<\/strong>\u201c oder \u201e<strong>Extras<\/strong>\u201c des Browser-Men\u00fcs.<\/p>\n<p>Im Anschluss f\u00fcgen wir einige Links mit Anleitungen an, wie Sie die <strong>Cookies<\/strong> in den verschiedenen Browsern <strong>deaktivieren<\/strong>.<\/p>\n<p>Cookies zu deaktivieren bedeutet allerdings auf vielen Websites, Funktionen zu verlieren.<\/p>\n<p><a href=\"https:\/\/support.google.com\/chrome\/answer\/95647?hl=de\" target=\"_blank\">Anleitung zur Deaktivierung in Google Chrome <\/a><\/p>\n<p><a href=\"http:\/\/windows.microsoft.com\/de-at\/windows\/cookies-faq#1TC=windows-7\" target=\"_blank\">Anleitung zur Deaktivierung in Internet Explorer<\/a><\/p>\n<p><a href=\"http:\/\/support.apple.com\/kb\/PH5042\" target=\"_blank\">Anleitung zur Deaktivierung in Safari\u00a0<\/a><\/p>\n<p><a href=\"https:\/\/support.mozilla.org\/de\/kb\/cookies-informationen-websites-auf-ihrem-computer?redirectlocale=en-US&amp;redirectslug=Cookies\" target=\"_blank\">Anleitung zur Deaktivierung in Firefox<\/a><\/p>\n<p>Unsere allgemeinen Datenschutzrichtlinien in <a title=\"Rechtliche Bedingungen\" href=\"https:\/\/www.ausasteel.com\/de\/rechtliche-bedingungen\/\">Rechtliche Hinweise und Nutzungsbedingungen.<\/a><\/div>\n<p>[\/vc_column][\/vc_row]<\/p>\n<\/div><!-- AddThis Advanced Settings generic via filter on the_content -->","protected":false},"excerpt":{"rendered":"<p>[vc_row][vc_column][\/vc_column][\/vc_row]<!-- AddThis Advanced Settings generic via filter on get_the_excerpt --><\/p>\n","protected":false},"author":1,"featured_media":0,"parent":0,"menu_order":0,"comment_status":"closed","ping_status":"open","template":"","meta":{"footnotes":""},"class_list":["post-6705","page","type-page","status-publish","hentry"],"yoast_head":"<!-- This site is optimized with the Yoast SEO plugin v26.6 - https:\/\/yoast.com\/wordpress\/plugins\/seo\/ -->\n<title>Informationen \u00fcber Cookies - AUSA special steels<\/title>\n<meta name=\"robots\" content=\"index, follow, max-snippet:-1, max-image-preview:large, max-video-preview:-1\" \/>\n<link rel=\"canonical\" href=\"https:\/\/www.ausasteel.com\/de\/informationen-uber-cookies\/\" \/>\n<meta property=\"og:locale\" content=\"de_DE\" \/>\n<meta property=\"og:type\" content=\"article\" \/>\n<meta property=\"og:title\" content=\"Informationen \u00fcber Cookies - AUSA special steels\" \/>\n<meta property=\"og:description\" content=\"[vc_row][vc_column][\/vc_column][\/vc_row]\" \/>\n<meta property=\"og:url\" content=\"https:\/\/www.ausasteel.com\/de\/informationen-uber-cookies\/\" \/>\n<meta property=\"og:site_name\" content=\"AUSA special steels\" \/>\n<meta property=\"article:modified_time\" content=\"2014-12-17T20:22:55+00:00\" \/>\n<meta name=\"twitter:label1\" content=\"Est. reading time\" \/>\n\t<meta name=\"twitter:data1\" content=\"2 minutes\" \/>\n<script type=\"application\/ld+json\" class=\"yoast-schema-graph\">{\"@context\":\"https:\/\/schema.org\",\"@graph\":[{\"@type\":\"WebPage\",\"@id\":\"https:\/\/www.ausasteel.com\/de\/informationen-uber-cookies\/\",\"url\":\"https:\/\/www.ausasteel.com\/de\/informationen-uber-cookies\/\",\"name\":\"Informationen \u00fcber Cookies - AUSA special steels\",\"isPartOf\":{\"@id\":\"https:\/\/www.ausasteel.com\/de\/#website\"},\"datePublished\":\"2014-10-25T09:41:31+00:00\",\"dateModified\":\"2014-12-17T20:22:55+00:00\",\"breadcrumb\":{\"@id\":\"https:\/\/www.ausasteel.com\/de\/informationen-uber-cookies\/#breadcrumb\"},\"inLanguage\":\"de-DE\",\"potentialAction\":[{\"@type\":\"ReadAction\",\"target\":[\"https:\/\/www.ausasteel.com\/de\/informationen-uber-cookies\/\"]}]},{\"@type\":\"BreadcrumbList\",\"@id\":\"https:\/\/www.ausasteel.com\/de\/informationen-uber-cookies\/#breadcrumb\",\"itemListElement\":[{\"@type\":\"ListItem\",\"position\":1,\"name\":\"Portada\",\"item\":\"https:\/\/www.ausasteel.com\/de\/\"},{\"@type\":\"ListItem\",\"position\":2,\"name\":\"Informationen \u00fcber Cookies\"}]},{\"@type\":\"WebSite\",\"@id\":\"https:\/\/www.ausasteel.com\/de\/#website\",\"url\":\"https:\/\/www.ausasteel.com\/de\/\",\"name\":\"AUSA special steels\",\"description\":\"AUSA special steels\",\"potentialAction\":[{\"@type\":\"SearchAction\",\"target\":{\"@type\":\"EntryPoint\",\"urlTemplate\":\"https:\/\/www.ausasteel.com\/de\/?s={search_term_string}\"},\"query-input\":{\"@type\":\"PropertyValueSpecification\",\"valueRequired\":true,\"valueName\":\"search_term_string\"}}],\"inLanguage\":\"de-DE\"}]}<\/script>\n<!-- \/ Yoast SEO plugin. -->","yoast_head_json":{"title":"Informationen \u00fcber Cookies - AUSA special steels","robots":{"index":"index","follow":"follow","max-snippet":"max-snippet:-1","max-image-preview":"max-image-preview:large","max-video-preview":"max-video-preview:-1"},"canonical":"https:\/\/www.ausasteel.com\/de\/informationen-uber-cookies\/","og_locale":"de_DE","og_type":"article","og_title":"Informationen \u00fcber Cookies - AUSA special steels","og_description":"[vc_row][vc_column][\/vc_column][\/vc_row]","og_url":"https:\/\/www.ausasteel.com\/de\/informationen-uber-cookies\/","og_site_name":"AUSA special steels","article_modified_time":"2014-12-17T20:22:55+00:00","twitter_misc":{"Est. reading time":"2 minutes"},"schema":{"@context":"https:\/\/schema.org","@graph":[{"@type":"WebPage","@id":"https:\/\/www.ausasteel.com\/de\/informationen-uber-cookies\/","url":"https:\/\/www.ausasteel.com\/de\/informationen-uber-cookies\/","name":"Informationen \u00fcber Cookies - AUSA special steels","isPartOf":{"@id":"https:\/\/www.ausasteel.com\/de\/#website"},"datePublished":"2014-10-25T09:41:31+00:00","dateModified":"2014-12-17T20:22:55+00:00","breadcrumb":{"@id":"https:\/\/www.ausasteel.com\/de\/informationen-uber-cookies\/#breadcrumb"},"inLanguage":"de-DE","potentialAction":[{"@type":"ReadAction","target":["https:\/\/www.ausasteel.com\/de\/informationen-uber-cookies\/"]}]},{"@type":"BreadcrumbList","@id":"https:\/\/www.ausasteel.com\/de\/informationen-uber-cookies\/#breadcrumb","itemListElement":[{"@type":"ListItem","position":1,"name":"Portada","item":"https:\/\/www.ausasteel.com\/de\/"},{"@type":"ListItem","position":2,"name":"Informationen \u00fcber Cookies"}]},{"@type":"WebSite","@id":"https:\/\/www.ausasteel.com\/de\/#website","url":"https:\/\/www.ausasteel.com\/de\/","name":"AUSA special steels","description":"AUSA special steels","potentialAction":[{"@type":"SearchAction","target":{"@type":"EntryPoint","urlTemplate":"https:\/\/www.ausasteel.com\/de\/?s={search_term_string}"},"query-input":{"@type":"PropertyValueSpecification","valueRequired":true,"valueName":"search_term_string"}}],"inLanguage":"de-DE"}]}},"_links":{"self":[{"href":"https:\/\/www.ausasteel.com\/de\/wp-json\/wp\/v2\/pages\/6705","targetHints":{"allow":["GET"]}}],"collection":[{"href":"https:\/\/www.ausasteel.com\/de\/wp-json\/wp\/v2\/pages"}],"about":[{"href":"https:\/\/www.ausasteel.com\/de\/wp-json\/wp\/v2\/types\/page"}],"author":[{"embeddable":true,"href":"https:\/\/www.ausasteel.com\/de\/wp-json\/wp\/v2\/users\/1"}],"replies":[{"embeddable":true,"href":"https:\/\/www.ausasteel.com\/de\/wp-json\/wp\/v2\/comments?post=6705"}],"version-history":[{"count":6,"href":"https:\/\/www.ausasteel.com\/de\/wp-json\/wp\/v2\/pages\/6705\/revisions"}],"predecessor-version":[{"id":9183,"href":"https:\/\/www.ausasteel.com\/de\/wp-json\/wp\/v2\/pages\/6705\/revisions\/9183"}],"wp:attachment":[{"href":"https:\/\/www.ausasteel.com\/de\/wp-json\/wp\/v2\/media?parent=6705"}],"curies":[{"name":"wp","href":"https:\/\/api.w.org\/{rel}","templated":true}]}}