        {"id":6703,"date":"2014-10-25T09:46:22","date_gmt":"2014-10-25T09:46:22","guid":{"rendered":"http:\/\/ausasteel.irantzu.com\/condiciones-legales-2\/"},"modified":"2019-06-19T13:40:57","modified_gmt":"2019-06-19T13:40:57","slug":"rechtliche-bedingungen","status":"publish","type":"page","link":"https:\/\/www.ausasteel.com\/de\/rechtliche-bedingungen\/","title":{"rendered":"Rechtliche Bedingungen"},"content":{"rendered":"<div class=\"row legal\">\n<div class=\"container\">\n<h1>Rechtliche Bedingungen<\/h1>\n<h2>Datenschutzbestimmungen<\/h2>\n<p>AUSA PROCESOS Y ESTUDIOS, S.A, Steuernummer A01011410, Aktiengesellschaft\/Gesellschaft mit beschr\u00e4nkter Haftung, im Handelsregister von\u00a0Vitoria eingetragen (\u00c1lava) und mit Gesch\u00e4ftssitz inApartado 500, de\u00a0Vitoria informiert sie, dass in \u00dcbereinstimmung mit dem Gesetz 15\/1999 vom 13. Dezember \u00fcber den Schutz personenbezogener Daten und seiner Durchf\u00fchrungsverordnung die personenbezogenen Daten, die Sie auf der Webseite www.ausasteel.com angeben, von\u00a0AUSA PROCESOS Y ESTUDIOS, S.A vertraulich behandelt werden und Teil der entsprechenden automatisierten Dateien in Besitz von\u00a0AUSA PROCESOS Y ESTUDIOS, S.A werden, die ordnungsgem\u00e4\u00df bei der spanischen Datenschutzbeh\u00f6rde registriert sind.<\/p>\n<p>Ebenso werden Sie informiert, dass die personenbezogenen Daten, die Sie auf dieser Webseite zur Verf\u00fcgung stellen und die wir sammeln k\u00f6nnen, im Allgemeinen dazu verwendet werden, die Webseite technisch zu verwalten, Kunden zu verwalten, Umfragen durchzuf\u00fchren, vom Benutzer angeforderte Dienstleistungen zu entwickeln, f\u00fcr Marketingzwecke und um Informationen \u00fcber unsere Aktivit\u00e4ten weiterzuleiten, Inhalte und Bewertungen von Kunden anzuzeigen, um Ihnen Produkte oder Dienstleistungen zu zeigen, die von Ihrem Interesse sein k\u00f6nnten.<\/p>\n<p>Wir k\u00f6nnen Informationen austauschen mit verwandten Unternehmen und Anbietern von Dienstleistungen, die mit der Webseite zusammenh\u00e4ngen, f\u00fcr m\u00f6gliche Angebote, Gesellschafts\u00fcbertragungen und mehr.<\/p>\n<p>AUSA PROCESOS Y ESTUDIOS, S.A\u00a0hat die erforderlichen Ma\u00dfnahmen ergriffen, um die Ver\u00e4nderung, den Verlust oder unberechtigten Zugriff von personenbezogenen Daten zu verhindern. Aber angesichts des Stands der Technologie muss sich der Benutzer jederzeit bewusst sein, dass die Sicherheitsma\u00dfnahmen im Internet nicht uneinnehmbar sind.<\/p>\n<p>Der Benutzer garantiert, dass die personenbezogenen Daten, die\u00a0AUSA PROCESOS Y ESTUDIOS, S.A zur Verf\u00fcgung gestellt werden, wahrheitsgem\u00e4\u00df sind und er ist f\u00fcr die Mitteilung von \u00c4nderungen verantwortlich.<\/p>\n<p>Das Ausf\u00fcllen der Formulare auf der Webseite hat die ausdr\u00fcckliche Zustimmung des Benutzers zur Folge, seine personenbezogenen Daten in die entsprechende automatisierte Datei von\u00a0AUSA PROCESOS Y ESTUDIOS, S.A einzubringen.<\/p>\n<p>Nach den Bestimmungen des Verwaltungsgesetzes \u00fcber personenbezogene Daten kann der Benutzer jederzeit seine Rechte auf Auskunft, Berichtigung, L\u00f6schung und Widerspruch beim Verantwortlichen der Datei\u00a0AUSA PROCESOS Y ESTUDIOS, S.A aus\u00fcben, per E-Mail an: <a title=\"mail\" href=\"mailto:&#x6f;&#x70;&#x64;&#x40;&#x61;&#x75;&#x73;&#x61;&#x73;&#x74;&#x65;&#x65;&#x6c;&#x2e;&#x63;&#x6f;&#x6d;\">&#x6c;&#x6f;&#x70;&#x64;&#x40;<span class=\"oe_displaynone\">null<\/span>&#x61;&#x75;&#x73;&#x61;&#x73;&#x74;&#x65;&#x65;&#x6c;&#x2e;&#x63;&#x6f;&#x6d;<\/a> oder per Post an die folgende Adresse:<\/p>\n<p>AUSA PROCESOS Y ESTUDIOS, S.A<\/p>\n<p>BETREFF: Umgang mit personenbezogenen Daten<\/p>\n<p>Pol\u00edgono Industrial de J\u00fandiz<\/p>\n<p>c\/ Paduleta 4<\/p>\n<p>01015 \u2013 Vitoria (Spanien)<\/p>\n<p>&nbsp;<\/p>\n<h2 id=\"term-uso\">Nutzungsbedingungen<\/h2>\n<p><strong>Bitte sorgf\u00e4ltig die Nutzungsbedingungen lesen, bevor Sie diese Webseite verwenden. Durch die Nutzung der Dienstleistungen, die wir Ihnen anbieten, akzeptieren Sie, an diese und die restlichen rechtlichen Bedingungen gebunden zu sein.<\/strong><\/p>\n<h3>Zugriff auf die Webseite<\/h3>\n<p>Der Zugriff auf diese Webseite ist kostenlos und ihre Anzeige erfordert keine vorherige Anmeldung oder Registrierung.<\/p>\n<p>Die Benutzer m\u00fcssen die auf dieser Webseite enthaltenen Informationen nach den jeweils anwendbaren Rechtsvorschriften verwenden und dabei die Rechte am geistigen Eigentum von\u00a0AUSA PROCESOS Y ESTUDIOS, S.A oder Dritten wahren.<\/p>\n<p>Die Rechte am geistigen Eigentum, die Urheberrechte und anderen Rechte an den Datenbanken auf dieser Webseite und aller darin enthaltenen Elemente geh\u00f6ren AUSA PROCESOS Y ESTUDIOS, S.A. Daher geh\u00f6ren die Rechte auf Verwendung, Reproduktion, Kommunikation und Verarbeitung von Inhalten hiervon ausschlie\u00dflich AUSA PROCESOS Y ESTUDIOS, S.A. Weder die systematische Entnahme noch die Wiederverwendung von Teilen der Inhalte auf einer Webseite sind ohne die vorherige schriftliche Zustimmung von\u00a0AUSA PROCESOS Y ESTUDIOS, S.A nicht gestattet.<\/p>\n<p>Der Benutzer darf durch die Dienstleistungen, die\u00a0AUSA PROCESOS Y ESTUDIOS, S.A ihm bereitstellt, keine Handlungen vornehmen, die Sch\u00e4den oder Ver\u00e4nderungen an den Inhalten bewirken oder das ordnungsgem\u00e4\u00dfe Funktionieren der Webseite beeintr\u00e4chtigen. Er darf keine technischen Probleme jeglicher Art verursachen, indem er Elemente \u00fcbertr\u00e4gt, die anf\u00e4llig f\u00fcr Computerviren sein k\u00f6nnen oder Sch\u00e4den verursachen k\u00f6nnen und die ganz oder teilweise diese Webseite st\u00f6ren oder unterbrechen k\u00f6nnen.<\/p>\n<p>Die Benutzer k\u00f6nnen ihre Kommentare posten sowie andere Inhalte ver\u00f6ffentlichen, Mitteilungen, Anregungen, Ideen, Fragen oder andere Informationen senden, solange ihre Inhalte nicht widerrechtlich, obsz\u00f6n oder beleidigend sind, eine Bedrohung, Verleumdung oder eine Verletzung der Privatsph\u00e4re anderer darstellen, die Rechte am geistigen Eigentum verletzen, beleidigend oder anst\u00f6\u00dfig f\u00fcr Dritte sind, politische Propaganda oder Werbeinhalte, Kettenbriefe, Massen-Mailings oder jegliche Form von \u201eSpam\u201c enthalten.<\/p>\n<p>Durch das Einstellen von Inhalten oder der Darstellung von Material zu dessen Ver\u00f6ffentlichung gew\u00e4hren Sie, sofern nicht anders angegeben,\u00a0AUSA PROCESOS Y ESTUDIOS, S.A das nicht-exklusive, freie und empfindliche Recht der vollen Abtretung und \u00dcbertragung an einen Dritten, abgeleitete Werke zu benutzen, zu vervielf\u00e4ltigen, zu modifizieren, anzupassen, zu ver\u00f6ffentlichen, zu \u00fcbersetzen, zu erstellen und zu nutzen und deren Inhalte weltweit und \u00fcber Medien jeder Art zu verteilen und zu zeigen, sowie das Recht, den Namen, den Sie im Zusammenhang mit solchen Inhalten angegeben haben, zu benutzen.<\/p>\n<p>Sie erkl\u00e4ren und sichern zu, dass Sie alle sonstigen M\u00f6glichkeiten, alle Rechte an dem Inhalt, den Sie ver\u00f6ffentlichen k\u00f6nnten, besitzen und daf\u00fcr verantwortlich sind.<\/p>\n<p>In keinem Fall ist\u00a0AUSA PROCESOS Y ESTUDIOS, S.A f\u00fcr die unsachgem\u00e4\u00dfe Verwendung der Webseite oder deren Inhalte verantwortlich, noch dass sie jederzeit vollst\u00e4ndig, richtig und vertrauensw\u00fcrdig ist.\u00a0AUSA PROCESOS Y ESTUDIOS, S.A beh\u00e4lt sich das Recht vor, jederzeit und ohne vorherige Ank\u00fcndigung die Inhalte und die Nutzung dieser Webseite zu ver\u00e4ndern oder zu entfernen. Es ist nicht gestattet, falsche E-Mail-Adressen zu verwenden oder sich als eine andere Person oder K\u00f6rperschaft auszugeben oder anderweitig die Herkunft von sonstigen Inhalten zu f\u00e4lschen.<\/p>\n<p>Bei Wartungs-, Instandsetzungs-, Aktualisierungs- oder Verbesserungsarbeiten an den Dienstleistungen hat\u00a0AUSA PROCESOS Y ESTUDIOS, S.A das Recht, vor\u00fcbergehend und ohne vorherige Ank\u00fcndigung den Zugriff auf diese Webseite zu unterbrechen sowie sich das Recht auf Bereitstellung oder Stornierung von Dienstleistungen vorzubehalten, unter Vorbehalt, den Benutzer dar\u00fcber in Kenntnis zu setzen, wenn die Umst\u00e4nde dies zulassen.<\/p>\n<p>Somit wird keine Haftung f\u00fcr Sch\u00e4den jeglicher Art \u00fcbernommen, die aus der mangelnden Verf\u00fcgbarkeit oder der Kontinuit\u00e4t des Funktionierens der Webseite und ihrer Dienstleistungen und dem Gebrauch, den die Benutzer dieser Webseite beigemessen haben, hervorgehen.<\/p>\n<p>AUSA PROCESOS Y ESTUDIOS, S.A\u00a0beh\u00e4lt sich das Recht vor, \u00c4nderungen an den Dienstleistungen, an seiner Politik und seinen Bestimmungen und Bedingungen jederzeit und ohne vorherige Ank\u00fcndigung vorzunehmen. Sie unterliegen den Bestimmungen und Bedingungen der Dienstleistungen zum Datum der Nutzung.<\/p>\n<h3>Links oder Hypertext-Links<\/h3>\n<p>Dritten ist es nicht gestattet, ein \u201eFraming\u201c zwischen ihren Webseiten und dieser Webseite herzustellen.<\/p>\n<p>Was Links in dieser Webseite zu anderen Webseiten betrifft, die nicht von\u00a0AUSA PROCESOS Y ESTUDIOS, S.A verwaltet werden, so erkl\u00e4rt AUSA PROCESOS Y ESTUDIOS, S.A, dass es keine Kontrolle \u00fcber solche Webseiten hat, noch ist es f\u00fcr deren Inhalte verantwortlich.<\/p>\n<p>Die Links, die diese Webseite enthalten kann, werden lediglich als Information angeboten, ohne jegliche Bewertung der Inhalte, der Eigent\u00fcmer und der von ihnen angebotenen Dienstleistungen oder Produkte.<\/p>\n<h3>Sonstige Bedingungen<\/h3>\n<p>Alle zwischen dem Benutzer und\u00a0AUSA PROCESOS Y ESTUDIOS, S.A etablierten Beziehungen werden nach dem spanischen Recht geregelt und unterliegen, unter ausdr\u00fccklichem Verzicht auf jeden anderen Gerichtsstand, den Gerichten von Vitoria, Spanien.\n<\/p><\/div>\n<\/div><!-- AddThis Advanced Settings generic via filter on the_content -->","protected":false},"excerpt":{"rendered":"<p>Rechtliche Bedingungen Datenschutzbestimmungen AUSA PROCESOS Y ESTUDIOS, S.A, Steuernummer A01011410, Aktiengesellschaft\/Gesellschaft mit beschr\u00e4nkter Haftung, im Handelsregister von\u00a0Vitoria eingetragen (\u00c1lava) und mit Gesch\u00e4ftssitz inApartado 500, de\u00a0Vitoria informiert sie, dass in \u00dcbereinstimmung mit dem Gesetz 15\/1999 vom 13. Dezember \u00fcber den Schutz personenbezogener Daten und seiner Durchf\u00fchrungsverordnung die personenbezogenen Daten, die Sie auf der Webseite www.ausasteel.com angeben,&hellip;<!-- AddThis Advanced Settings generic via filter on get_the_excerpt --><\/p>\n","protected":false},"author":1,"featured_media":0,"parent":0,"menu_order":0,"comment_status":"closed","ping_status":"open","template":"","meta":{"footnotes":""},"class_list":["post-6703","page","type-page","status-publish","hentry"],"yoast_head":"<!-- This site is optimized with the Yoast SEO plugin v26.6 - https:\/\/yoast.com\/wordpress\/plugins\/seo\/ -->\n<title>Rechtliche Bedingungen - AUSA special steels<\/title>\n<meta name=\"robots\" content=\"index, follow, max-snippet:-1, max-image-preview:large, max-video-preview:-1\" \/>\n<link rel=\"canonical\" href=\"https:\/\/www.ausasteel.com\/de\/rechtliche-bedingungen\/\" \/>\n<meta property=\"og:locale\" content=\"de_DE\" \/>\n<meta property=\"og:type\" content=\"article\" \/>\n<meta property=\"og:title\" content=\"Rechtliche Bedingungen - AUSA special steels\" \/>\n<meta property=\"og:description\" content=\"Rechtliche Bedingungen Datenschutzbestimmungen AUSA PROCESOS Y ESTUDIOS, S.A, Steuernummer A01011410, Aktiengesellschaft\/Gesellschaft mit beschr\u00e4nkter Haftung, im Handelsregister von\u00a0Vitoria eingetragen (\u00c1lava) und mit Gesch\u00e4ftssitz inApartado 500, de\u00a0Vitoria informiert sie, dass in \u00dcbereinstimmung mit dem Gesetz 15\/1999 vom 13. Dezember \u00fcber den Schutz personenbezogener Daten und seiner Durchf\u00fchrungsverordnung die personenbezogenen Daten, die Sie auf der Webseite www.ausasteel.com angeben,&hellip;\" \/>\n<meta property=\"og:url\" content=\"https:\/\/www.ausasteel.com\/de\/rechtliche-bedingungen\/\" \/>\n<meta property=\"og:site_name\" content=\"AUSA special steels\" \/>\n<meta property=\"article:modified_time\" content=\"2019-06-19T13:40:57+00:00\" \/>\n<meta name=\"twitter:label1\" content=\"Est. reading time\" \/>\n\t<meta name=\"twitter:data1\" content=\"6 minutes\" \/>\n<script type=\"application\/ld+json\" class=\"yoast-schema-graph\">{\"@context\":\"https:\/\/schema.org\",\"@graph\":[{\"@type\":\"WebPage\",\"@id\":\"https:\/\/www.ausasteel.com\/de\/rechtliche-bedingungen\/\",\"url\":\"https:\/\/www.ausasteel.com\/de\/rechtliche-bedingungen\/\",\"name\":\"Rechtliche Bedingungen - AUSA special steels\",\"isPartOf\":{\"@id\":\"https:\/\/www.ausasteel.com\/de\/#website\"},\"datePublished\":\"2014-10-25T09:46:22+00:00\",\"dateModified\":\"2019-06-19T13:40:57+00:00\",\"breadcrumb\":{\"@id\":\"https:\/\/www.ausasteel.com\/de\/rechtliche-bedingungen\/#breadcrumb\"},\"inLanguage\":\"de-DE\",\"potentialAction\":[{\"@type\":\"ReadAction\",\"target\":[\"https:\/\/www.ausasteel.com\/de\/rechtliche-bedingungen\/\"]}]},{\"@type\":\"BreadcrumbList\",\"@id\":\"https:\/\/www.ausasteel.com\/de\/rechtliche-bedingungen\/#breadcrumb\",\"itemListElement\":[{\"@type\":\"ListItem\",\"position\":1,\"name\":\"Portada\",\"item\":\"https:\/\/www.ausasteel.com\/de\/\"},{\"@type\":\"ListItem\",\"position\":2,\"name\":\"Rechtliche Bedingungen\"}]},{\"@type\":\"WebSite\",\"@id\":\"https:\/\/www.ausasteel.com\/de\/#website\",\"url\":\"https:\/\/www.ausasteel.com\/de\/\",\"name\":\"AUSA special steels\",\"description\":\"AUSA special steels\",\"potentialAction\":[{\"@type\":\"SearchAction\",\"target\":{\"@type\":\"EntryPoint\",\"urlTemplate\":\"https:\/\/www.ausasteel.com\/de\/?s={search_term_string}\"},\"query-input\":{\"@type\":\"PropertyValueSpecification\",\"valueRequired\":true,\"valueName\":\"search_term_string\"}}],\"inLanguage\":\"de-DE\"}]}<\/script>\n<!-- \/ Yoast SEO plugin. -->","yoast_head_json":{"title":"Rechtliche Bedingungen - AUSA special steels","robots":{"index":"index","follow":"follow","max-snippet":"max-snippet:-1","max-image-preview":"max-image-preview:large","max-video-preview":"max-video-preview:-1"},"canonical":"https:\/\/www.ausasteel.com\/de\/rechtliche-bedingungen\/","og_locale":"de_DE","og_type":"article","og_title":"Rechtliche Bedingungen - AUSA special steels","og_description":"Rechtliche Bedingungen Datenschutzbestimmungen AUSA PROCESOS Y ESTUDIOS, S.A, Steuernummer A01011410, Aktiengesellschaft\/Gesellschaft mit beschr\u00e4nkter Haftung, im Handelsregister von\u00a0Vitoria eingetragen (\u00c1lava) und mit Gesch\u00e4ftssitz inApartado 500, de\u00a0Vitoria informiert sie, dass in \u00dcbereinstimmung mit dem Gesetz 15\/1999 vom 13. Dezember \u00fcber den Schutz personenbezogener Daten und seiner Durchf\u00fchrungsverordnung die personenbezogenen Daten, die Sie auf der Webseite www.ausasteel.com angeben,&hellip;","og_url":"https:\/\/www.ausasteel.com\/de\/rechtliche-bedingungen\/","og_site_name":"AUSA special steels","article_modified_time":"2019-06-19T13:40:57+00:00","twitter_misc":{"Est. reading time":"6 minutes"},"schema":{"@context":"https:\/\/schema.org","@graph":[{"@type":"WebPage","@id":"https:\/\/www.ausasteel.com\/de\/rechtliche-bedingungen\/","url":"https:\/\/www.ausasteel.com\/de\/rechtliche-bedingungen\/","name":"Rechtliche Bedingungen - AUSA special steels","isPartOf":{"@id":"https:\/\/www.ausasteel.com\/de\/#website"},"datePublished":"2014-10-25T09:46:22+00:00","dateModified":"2019-06-19T13:40:57+00:00","breadcrumb":{"@id":"https:\/\/www.ausasteel.com\/de\/rechtliche-bedingungen\/#breadcrumb"},"inLanguage":"de-DE","potentialAction":[{"@type":"ReadAction","target":["https:\/\/www.ausasteel.com\/de\/rechtliche-bedingungen\/"]}]},{"@type":"BreadcrumbList","@id":"https:\/\/www.ausasteel.com\/de\/rechtliche-bedingungen\/#breadcrumb","itemListElement":[{"@type":"ListItem","position":1,"name":"Portada","item":"https:\/\/www.ausasteel.com\/de\/"},{"@type":"ListItem","position":2,"name":"Rechtliche Bedingungen"}]},{"@type":"WebSite","@id":"https:\/\/www.ausasteel.com\/de\/#website","url":"https:\/\/www.ausasteel.com\/de\/","name":"AUSA special steels","description":"AUSA special steels","potentialAction":[{"@type":"SearchAction","target":{"@type":"EntryPoint","urlTemplate":"https:\/\/www.ausasteel.com\/de\/?s={search_term_string}"},"query-input":{"@type":"PropertyValueSpecification","valueRequired":true,"valueName":"search_term_string"}}],"inLanguage":"de-DE"}]}},"_links":{"self":[{"href":"https:\/\/www.ausasteel.com\/de\/wp-json\/wp\/v2\/pages\/6703","targetHints":{"allow":["GET"]}}],"collection":[{"href":"https:\/\/www.ausasteel.com\/de\/wp-json\/wp\/v2\/pages"}],"about":[{"href":"https:\/\/www.ausasteel.com\/de\/wp-json\/wp\/v2\/types\/page"}],"author":[{"embeddable":true,"href":"https:\/\/www.ausasteel.com\/de\/wp-json\/wp\/v2\/users\/1"}],"replies":[{"embeddable":true,"href":"https:\/\/www.ausasteel.com\/de\/wp-json\/wp\/v2\/comments?post=6703"}],"version-history":[{"count":9,"href":"https:\/\/www.ausasteel.com\/de\/wp-json\/wp\/v2\/pages\/6703\/revisions"}],"predecessor-version":[{"id":15629,"href":"https:\/\/www.ausasteel.com\/de\/wp-json\/wp\/v2\/pages\/6703\/revisions\/15629"}],"wp:attachment":[{"href":"https:\/\/www.ausasteel.com\/de\/wp-json\/wp\/v2\/media?parent=6703"}],"curies":[{"name":"wp","href":"https:\/\/api.w.org\/{rel}","templated":true}]}}