    {"id":6634,"date":"2014-10-22T09:04:10","date_gmt":"2014-10-22T09:04:10","guid":{"rendered":"http:\/\/ausasteel.irantzu.com\/sobre-ausa-2\/"},"modified":"2019-09-03T14:11:53","modified_gmt":"2019-09-03T14:11:53","slug":"uber-ausa","status":"publish","type":"page","link":"https:\/\/www.ausasteel.com\/de\/uber-ausa\/","title":{"rendered":"\u00dcber AUSA"},"content":{"rendered":"<div id=\"empresa\" class=\"row\">\n<div class=\"container\">\n<div>\n<h1>\u00dcber AUSA<\/h1>\n<h3>Wir sind ein in Vitoria im Jahre 1957 gegr\u00fcndetes Unternehmen, <strong>das sich auf den Vertrieb von Spezialst\u00e4hlen \u2013 <a title=\"\" href=\"\/de\/spezialstahlen\/\">gewalzte und geschmiedete St\u00e4hle<\/a> \u2013 sowie auf die Herstellung von <a title=\"\" href=\"\/de\/kalibrierten-stahlen\/\">kaltkalibrierten St\u00e4hlen<\/a><\/strong> spezialisiert hat.<\/h3>\n<\/div>\n<div class=\"container_imagen bottom\"><img decoding=\"async\" title=\"Unternehmen AUSA, Spanien\" src=\"\/wp-content\/uploads\/2014\/10\/Empresa-AUSA.jpg\" alt=\"Unternehmen AUSA, Spanien\" \/><\/div>\n<div>\n<p>In den 1980er-Jahren beginnt <strong>AUSA<\/strong> seine landesweite Expansion und errichtet <strong>Auslieferungszentren f\u00fcr Spezialstahl in ganz Spanien<\/strong>, um seine Produkte und Dienstleistungen auf dem spanischen und portugiesischen Markt anzubieten.<\/p>\n<p>1993 wird das<strong> erste Kalibrierwerk<\/strong> in Vitoria er\u00f6ffnet, und 1996 erfolgt der erste Schritt auf den <strong>internationalen<\/strong> Markt mit der Er\u00f6ffnung des Kalibrierwerks in <strong>L\u00fcttich<\/strong> (Belgien).<\/p>\n<p>2014 wird das Liefer- und Kalibrierwerk f\u00fcr Spezialstahl in <strong>Galati<\/strong> (Rum\u00e4nien) er\u00f6ffnet.<\/p>\n<p>Zurzeit f\u00fchrt das Unternehmen seinen <strong>Wachstums- und Konsolidierungskurs<\/strong> fort, indem es seine Angebotspalette (Produkte, Schnitt-Dienstleistungen und Transport) erweitert und Spezialstahl auf <strong>M\u00e4rkten der ganzen Welt<\/strong> anbietet.<\/p>\n<\/div>\n<div><\/div>\n<div class=\"columna_imagen\">\n<div class=\"col-md-6\">\n<div class=\"container_imagen\"><img decoding=\"async\" src=\"\/wp-content\/uploads\/2015\/05\/Almacen-AUSA.png\" alt=\"Versorgungszentrum - AUSA\" \/><\/div>\n<\/div>\n<div class=\"col-md-6\">\n<p><strong>57 Jahre Erfahrung<\/strong> auf dem Gebiet der <strong>Spezialst\u00e4hle<\/strong> b\u00fcrgen f\u00fcr unsere Marktpr\u00e4senz. Seit Beginn unserer Aktivit\u00e4t haben wir immer eine Idee im Kopf behalten: <strong>die Vermarktung von Spezialst\u00e4hlen zu perfektionieren.<\/strong> Dieses war unser Ziel und stellt auch heute noch unsere t\u00e4gliche Arbeitsverpflichtung dar.<\/p>\n<p>Wir wissen, dass wir, um sie zur Zufriedenheit erf\u00fcllen zu k\u00f6nnen, uns auf <strong>drei Grunds\u00e4ulen<\/strong> st\u00fctzen m\u00fcssen:<\/p>\n<ul class=\"standard-arrow\">\n<li><strong>Spezialisierung in Qualit\u00e4tsstahl.<\/strong><\/li>\n<li><strong>R\u00e4umliche und zeitliche Kundenn\u00e4he.<\/strong><\/li>\n<li><strong>Professionalit\u00e4t unseres Mitarbeiterteams.<\/strong><\/li>\n<\/ul>\n<\/div>\n<\/div>\n<\/div>\n<\/div>\n<div id=\"ventajas_ausa\" class=\"row gris\">\n<div class=\"container cuadro\">\n<div class=\"col-md-4\">\n<div><span class=\"benefits-grid-ico\"><img decoding=\"async\" class=\"wp-image-2742 size-full alignnone\" src=\"\/img\/icons\/stock.svg\" alt=\"Produkte\" \/><\/span><\/p>\n<h4>Produkte<\/h4>\n<p>Unsere <strong>gewalzten und geschmiedeten St\u00e4hle<\/strong> beinhalten Kohlenstoffst\u00e4hle<strong>, <\/strong>Legierte geh\u00e4rtete und angelassene St\u00e4hle<strong>, <\/strong>Zementst\u00e4hle, Gebohrte Stangen, Lagerst\u00e4hle, Federst\u00e4hle<strong>, <\/strong>Werkzeugst\u00e4hle f\u00fcr Kaltverformung, Werkzeugst\u00e4hle f\u00fcr Warmverformung<strong>, <\/strong>St\u00e4hle f\u00fcr leichte Bearbeitbarkeit<strong>,<\/strong> Rostfreie St\u00e4hle und Borst\u00e4hle.<\/p>\n<\/div>\n<\/div>\n<div class=\"col-md-4\">\n<div><span class=\"benefits-grid-ico\"><img decoding=\"async\" class=\"wp-image-2742 size-full alignnone\" src=\"\/img\/icons\/iso.svg\" alt=\"Qualit\u00e4t\" \/><\/span><\/p>\n<h4>Qualit\u00e4t<\/h4>\n<p>F\u00fcr uns bei <strong>AUSA<\/strong> sind Qualit\u00e4t und kontinuierliche Verbesserung ein unerl\u00e4sslicher Faktor f\u00fcr die Zufriedenheit unserer Kunden. Daf\u00fcr arbeiten wir tagt\u00e4glich, um die Effizienz und Qualit\u00e4t unserer Firma noch weiter zu verbessern. Als Ergebnis dieses Prozesses ist <strong>AUSA<\/strong> nach dem Qualit\u00e4tssicherungssystem der <strong><a title=\"ISO_9001\" href=\"\/de\/technische-angaben\/zertifikaten-ausa\/iso-zertifikate\/\" target=\"_blank\" rel=\"noopener\">Norm ISO 9001:2015<\/a>. <\/strong><\/p>\n<\/div>\n<\/div>\n<div class=\"col-md-4\">\n<div><span class=\"benefits-grid-ico\"><img decoding=\"async\" class=\"wp-image-2742 size-full alignnone\" src=\"\/img\/icons\/equipo.svg\" alt=\"Mitarbeiterteam\" \/><\/span><\/p>\n<h4>Mitarbeiterteam<\/h4>\n<p>Um sich an diese ungleichartigen Szenarios anpassen zu k\u00f6nnen, verf\u00fcgt <strong>AUSA<\/strong> \u00fcber ein \u00e4u\u00dferst qualifiziertes <strong>Mitarbeiterteam<\/strong>, das \u00fcber langj\u00e4hrige Branchenerfahrung verf\u00fcgt. Zurzeit besteht unser Team aus Fachleuten in den Gebieten <strong>Vertrieb, Logistik, Fertigung, Wartung, Qualit\u00e4t, Einkauf, Marketing, Personalwesen, Systeme und Finanzwesen<\/strong>.<\/p>\n<p><strong>AUSA <\/strong>ist <strong>unabh\u00e4ngig und kundenorientiert<\/strong>, denn wir k\u00f6nnen dem Kunden die beste Qualit\u00e4t und den besten Service von Spezialst\u00e4hlen am gew\u00fcnschten Standort und zum gew\u00fcnschten Zeitpunkt gew\u00e4hrleisten.<\/p>\n<\/div>\n<\/div>\n<\/div>\n<div class=\"container\">\n<div class=\"col-md-12\"><a class=\"btn_ausa\" href=\"\/de\/uber-ausa\/soziale-verantwortung-des-unternehmens\/\">Soziale Verantwortung des Unternehmens<\/a><\/div>\n<\/div>\n<\/div>\n<div id=\"centros\" class=\"row\">\n<div class=\"container\">\n<h2>Standort<\/h2>\n<div class=\"col-md-4\">\n<div>\n<div class=\"mapa\"><iframe loading=\"lazy\" style=\"border: 0;\" src=\"https:\/\/www.google.com\/maps\/embed?pb=!1m18!1m12!1m3!1d2925.9340458884053!2d-2.733089184528681!3d42.83200697915803!2m3!1f0!2f0!3f0!3m2!1i1024!2i768!4f13.1!3m3!1m2!1s0xd4fc1d810d0eeb5%3A0xd9969ed8500d7b18!2sAUSA+Special+Steels+%7C+Aceros+especiales+y+Aceros+calibrados!5e0!3m2!1ses!2ses!4v1536565562092\" width=\"600\" height=\"450\" frameborder=\"0\" allowfullscreen=\"allowfullscreen\"><\/iframe><\/div>\n<div><a class=\"btn_ausa\" title=\"AUSA - Vitoria (Spanien)\" href=\"\/de\/uber-ausa\/vitoria-spanien\/\">Vitoria, Spanien<\/a><\/div>\n<\/div>\n<\/div>\n<div class=\"col-md-4\">\n<div>\n<div class=\"mapa\"><iframe loading=\"lazy\" style=\"border: 0;\" src=\"https:\/\/www.google.com\/maps\/embed?pb=!1m14!1m8!1m3!1d5058.60422648486!2d5.640878!3d50.658651!3m2!1i1024!2i768!4f13.1!3m3!1m2!1s0x47c0f103b7edb5d9%3A0xffb8678f6f01f8c1!2sRue+de+l'Ile+Monsin+105%2C+4020+Li%C3%A8ge%2C+B%C3%A9lgica!5e0!3m2!1ses!2ses!4v1536580092920\" width=\"600\" height=\"450\" frameborder=\"0\" allowfullscreen=\"allowfullscreen\"><\/iframe><\/div>\n<div><a class=\"btn_ausa\" title=\"AUSA - L\u00fcttich, Belgien\" href=\"\/de\/uber-ausa\/luttich-belgien\/\">L\u00fcttich, Belgien<\/a><\/div>\n<\/div>\n<\/div>\n<div class=\"col-md-4\">\n<div>\n<div class=\"mapa\"><iframe loading=\"lazy\" style=\"border: 0;\" src=\"https:\/\/www.google.com\/maps\/embed?pb=!1m18!1m12!1m3!1d1664.7611288987741!2d28.054148652672293!3d45.43386884519236!2m3!1f0!2f0!3f0!3m2!1i1024!2i768!4f13.1!3m3!1m2!1s0x40b6de5545144ef7%3A0xc01668696c2111f!2sCity+Center+Clock!5e0!3m2!1ses!2ses!4v1536580455181\" width=\"600\" height=\"450\" frameborder=\"0\" allowfullscreen=\"allowfullscreen\"><\/iframe><\/div>\n<div><a class=\"btn_ausa\" title=\"AUSA - Galati, Rum\u00e4nien\" href=\"\/de\/uber-ausa\/galati-rumanien\/\">Galati, Rum\u00e4nien<\/a><\/div>\n<\/div>\n<\/div>\n<\/div>\n<\/div>\n<div id=\"clientes\" class=\"row gris\">\n<div class=\"container columna_imagen\">\n<div class=\"col-md-6\">\n<div class=\"container_imagen\"><img decoding=\"async\" src=\"\/wp-content\/uploads\/2014\/10\/TELEVENTA.jpg\" alt=\"TELEVENTA\" \/><\/div>\n<\/div>\n<div class=\"col-md-6\">\n<h2>Kunden<\/h2>\n<p>Wir arbeiten f\u00fcr Kunden aus verschiedenen Bereichen \u2013 <strong>Automobil, Werkzeugmaschinen, Schmieden, Automatendrehen, Gie\u00dfereien, Landwirtschaft, Luftfahrt, \u00f6ffentliche Baustellen etc.<\/strong> \u2013 und bieten Ihnen Werkstoffe homogener Qualit\u00e4t und sofortigen Service.<\/p>\n<p>Unsere breit gestreute Klientel fordert von uns <strong>eine strikte Einhaltung der Qualit\u00e4tssicherung, eine st\u00e4ndige Suche nach den besten Werkstoffen und einen sofortigen Service<\/strong>, wof\u00fcr <strong>AUSA<\/strong> \u00fcber seinen <strong>eigenen LKW-Fuhrpark, Anbindung ans Eisenbahnnetz und Schiffs-Laderampen <\/strong>verf\u00fcgt.<\/p>\n<\/div>\n<\/div>\n<\/div><!-- AddThis Advanced Settings generic via filter on the_content -->","protected":false},"excerpt":{"rendered":"<p>\u00dcber AUSA Wir sind ein in Vitoria im Jahre 1957 gegr\u00fcndetes Unternehmen, das sich auf den Vertrieb von Spezialst\u00e4hlen \u2013 gewalzte und geschmiedete St\u00e4hle \u2013 sowie auf die Herstellung von kaltkalibrierten St\u00e4hlen spezialisiert hat. In den 1980er-Jahren beginnt AUSA seine landesweite Expansion und errichtet Auslieferungszentren f\u00fcr Spezialstahl in ganz Spanien, um seine Produkte und Dienstleistungen&hellip;<!-- AddThis Advanced Settings generic via filter on get_the_excerpt --><\/p>\n","protected":false},"author":1,"featured_media":0,"parent":0,"menu_order":0,"comment_status":"closed","ping_status":"open","template":"","meta":{"footnotes":""},"class_list":["post-6634","page","type-page","status-publish","hentry"],"yoast_head":"<!-- This site is optimized with the Yoast SEO plugin v26.6 - https:\/\/yoast.com\/wordpress\/plugins\/seo\/ -->\n<title>\u00dcber AUSA - AUSA Special Steels<\/title>\n<meta name=\"description\" content=\"Wir sind ein in Vitoria im Jahre 1957 gegr\u00fcndetes Unternehmen, das sich auf den Vertrieb von Spezialst\u00e4hlen sowie auf die Herstellung von...\" \/>\n<meta name=\"robots\" content=\"index, follow, max-snippet:-1, max-image-preview:large, max-video-preview:-1\" \/>\n<link rel=\"canonical\" href=\"https:\/\/www.ausasteel.com\/de\/uber-ausa\/\" \/>\n<meta property=\"og:locale\" content=\"de_DE\" \/>\n<meta property=\"og:type\" content=\"article\" \/>\n<meta property=\"og:title\" content=\"\u00dcber AUSA - AUSA Special Steels\" \/>\n<meta property=\"og:description\" content=\"Wir sind ein in Vitoria im Jahre 1957 gegr\u00fcndetes Unternehmen, das sich auf den Vertrieb von Spezialst\u00e4hlen sowie auf die Herstellung von...\" \/>\n<meta property=\"og:url\" content=\"https:\/\/www.ausasteel.com\/de\/uber-ausa\/\" \/>\n<meta property=\"og:site_name\" content=\"AUSA special steels\" \/>\n<meta property=\"article:modified_time\" content=\"2019-09-03T14:11:53+00:00\" \/>\n<meta name=\"twitter:label1\" content=\"Est. reading time\" \/>\n\t<meta name=\"twitter:data1\" content=\"2 minutes\" \/>\n<script type=\"application\/ld+json\" class=\"yoast-schema-graph\">{\"@context\":\"https:\/\/schema.org\",\"@graph\":[{\"@type\":\"WebPage\",\"@id\":\"https:\/\/www.ausasteel.com\/de\/uber-ausa\/\",\"url\":\"https:\/\/www.ausasteel.com\/de\/uber-ausa\/\",\"name\":\"\u00dcber AUSA - AUSA Special Steels\",\"isPartOf\":{\"@id\":\"https:\/\/www.ausasteel.com\/de\/#website\"},\"datePublished\":\"2014-10-22T09:04:10+00:00\",\"dateModified\":\"2019-09-03T14:11:53+00:00\",\"description\":\"Wir sind ein in Vitoria im Jahre 1957 gegr\u00fcndetes Unternehmen, das sich auf den Vertrieb von Spezialst\u00e4hlen sowie auf die Herstellung von...\",\"breadcrumb\":{\"@id\":\"https:\/\/www.ausasteel.com\/de\/uber-ausa\/#breadcrumb\"},\"inLanguage\":\"de-DE\",\"potentialAction\":[{\"@type\":\"ReadAction\",\"target\":[\"https:\/\/www.ausasteel.com\/de\/uber-ausa\/\"]}]},{\"@type\":\"BreadcrumbList\",\"@id\":\"https:\/\/www.ausasteel.com\/de\/uber-ausa\/#breadcrumb\",\"itemListElement\":[{\"@type\":\"ListItem\",\"position\":1,\"name\":\"Portada\",\"item\":\"https:\/\/www.ausasteel.com\/de\/\"},{\"@type\":\"ListItem\",\"position\":2,\"name\":\"\u00dcber AUSA\"}]},{\"@type\":\"WebSite\",\"@id\":\"https:\/\/www.ausasteel.com\/de\/#website\",\"url\":\"https:\/\/www.ausasteel.com\/de\/\",\"name\":\"AUSA special steels\",\"description\":\"AUSA special steels\",\"potentialAction\":[{\"@type\":\"SearchAction\",\"target\":{\"@type\":\"EntryPoint\",\"urlTemplate\":\"https:\/\/www.ausasteel.com\/de\/?s={search_term_string}\"},\"query-input\":{\"@type\":\"PropertyValueSpecification\",\"valueRequired\":true,\"valueName\":\"search_term_string\"}}],\"inLanguage\":\"de-DE\"}]}<\/script>\n<!-- \/ Yoast SEO plugin. -->","yoast_head_json":{"title":"\u00dcber AUSA - AUSA Special Steels","description":"Wir sind ein in Vitoria im Jahre 1957 gegr\u00fcndetes Unternehmen, das sich auf den Vertrieb von Spezialst\u00e4hlen sowie auf die Herstellung von...","robots":{"index":"index","follow":"follow","max-snippet":"max-snippet:-1","max-image-preview":"max-image-preview:large","max-video-preview":"max-video-preview:-1"},"canonical":"https:\/\/www.ausasteel.com\/de\/uber-ausa\/","og_locale":"de_DE","og_type":"article","og_title":"\u00dcber AUSA - AUSA Special Steels","og_description":"Wir sind ein in Vitoria im Jahre 1957 gegr\u00fcndetes Unternehmen, das sich auf den Vertrieb von Spezialst\u00e4hlen sowie auf die Herstellung von...","og_url":"https:\/\/www.ausasteel.com\/de\/uber-ausa\/","og_site_name":"AUSA special steels","article_modified_time":"2019-09-03T14:11:53+00:00","twitter_misc":{"Est. reading time":"2 minutes"},"schema":{"@context":"https:\/\/schema.org","@graph":[{"@type":"WebPage","@id":"https:\/\/www.ausasteel.com\/de\/uber-ausa\/","url":"https:\/\/www.ausasteel.com\/de\/uber-ausa\/","name":"\u00dcber AUSA - AUSA Special Steels","isPartOf":{"@id":"https:\/\/www.ausasteel.com\/de\/#website"},"datePublished":"2014-10-22T09:04:10+00:00","dateModified":"2019-09-03T14:11:53+00:00","description":"Wir sind ein in Vitoria im Jahre 1957 gegr\u00fcndetes Unternehmen, das sich auf den Vertrieb von Spezialst\u00e4hlen sowie auf die Herstellung von...","breadcrumb":{"@id":"https:\/\/www.ausasteel.com\/de\/uber-ausa\/#breadcrumb"},"inLanguage":"de-DE","potentialAction":[{"@type":"ReadAction","target":["https:\/\/www.ausasteel.com\/de\/uber-ausa\/"]}]},{"@type":"BreadcrumbList","@id":"https:\/\/www.ausasteel.com\/de\/uber-ausa\/#breadcrumb","itemListElement":[{"@type":"ListItem","position":1,"name":"Portada","item":"https:\/\/www.ausasteel.com\/de\/"},{"@type":"ListItem","position":2,"name":"\u00dcber AUSA"}]},{"@type":"WebSite","@id":"https:\/\/www.ausasteel.com\/de\/#website","url":"https:\/\/www.ausasteel.com\/de\/","name":"AUSA special steels","description":"AUSA special steels","potentialAction":[{"@type":"SearchAction","target":{"@type":"EntryPoint","urlTemplate":"https:\/\/www.ausasteel.com\/de\/?s={search_term_string}"},"query-input":{"@type":"PropertyValueSpecification","valueRequired":true,"valueName":"search_term_string"}}],"inLanguage":"de-DE"}]}},"_links":{"self":[{"href":"https:\/\/www.ausasteel.com\/de\/wp-json\/wp\/v2\/pages\/6634","targetHints":{"allow":["GET"]}}],"collection":[{"href":"https:\/\/www.ausasteel.com\/de\/wp-json\/wp\/v2\/pages"}],"about":[{"href":"https:\/\/www.ausasteel.com\/de\/wp-json\/wp\/v2\/types\/page"}],"author":[{"embeddable":true,"href":"https:\/\/www.ausasteel.com\/de\/wp-json\/wp\/v2\/users\/1"}],"replies":[{"embeddable":true,"href":"https:\/\/www.ausasteel.com\/de\/wp-json\/wp\/v2\/comments?post=6634"}],"version-history":[{"count":20,"href":"https:\/\/www.ausasteel.com\/de\/wp-json\/wp\/v2\/pages\/6634\/revisions"}],"predecessor-version":[{"id":15840,"href":"https:\/\/www.ausasteel.com\/de\/wp-json\/wp\/v2\/pages\/6634\/revisions\/15840"}],"wp:attachment":[{"href":"https:\/\/www.ausasteel.com\/de\/wp-json\/wp\/v2\/media?parent=6634"}],"curies":[{"name":"wp","href":"https:\/\/api.w.org\/{rel}","templated":true}]}}