              {"id":6633,"date":"2014-10-24T09:29:28","date_gmt":"2014-10-24T09:29:28","guid":{"rendered":"http:\/\/ausasteel.irantzu.com\/aceros-calibrados-3\/"},"modified":"2019-06-19T11:17:51","modified_gmt":"2019-06-19T11:17:51","slug":"kalibrierten-stahlen","status":"publish","type":"page","link":"https:\/\/www.ausasteel.com\/de\/stahle\/kalibrierten-stahlen\/","title":{"rendered":"Kalibrierte St\u00e4hle"},"content":{"rendered":"<div class=\"row\">\n<div class=\"container\">\n<h1>Kalibrierte St\u00e4hle<\/h1>\n<h3><strong>Kalibrierter Stahl<\/strong> hat <strong>sehr genaue Abmessungen<\/strong> und ist<strong> gut zu bearbeiten.<\/strong> Deshalb werden diese St\u00e4hle sehr oft eingesetzt und gestatten eine betr\u00e4chtliche Verringerung der Fertigungskosten.<\/h3>\n<div class=\"container_imagen\">\n<img decoding=\"async\" alt=\"Kalibrierte St\u00e4hle\" title=\"Kalibrierte St\u00e4hle\" src=\"\/wp-content\/uploads\/2014\/10\/Kalibrierte-Stahle-AUSA.jpg\">\n<\/div>\n<\/div>\n<\/div>\n<div class=\"row\">\n<div class=\"container gris\">\n[vc_widget_sidebar show_bg=&#8221;false&#8221; sidebar_id=&#8221;sidebar_11&#8243;]\n<\/div>\n<\/div>\n<div class=\"row\" id=\"ventajas\">\n<div class=\"container\">\n<h2>Vorteile<\/h2>\n<p>Wir bei AUSA sind auf die <strong>Herstellung und Lieferung von Spezialst\u00e4hlen<\/strong> spezialisiert. Wir zeichnen uns aus durch ausgezeichneten <strong>Lieferservice<\/strong> (strategische Lage unserer Kalibriereinrichtungen und eigener LKW-Fuhrpark), unsere umfangreichen <strong>Lagerbest\u00e4nde<\/strong> und die stets ausgezeichnete <strong>Qualit\u00e4t<\/strong> unserer kalibrierten St\u00e4hle.<\/p>\n<div class=\"cuadro\">\n[vc_column width=&#8221;1\/1&#8243;]<section id=\"benefits-grid-1\" class=\"benefits-grid wf-container icons-bg\"><div class=\"wf-cell wf-1-4\"><div class=\"borders\"><div class=\"text-normal\"><span class=\"benefits-grid-ico\"><img loading=\"lazy\" decoding=\"async\" src=\"https:\/\/www.ausasteel.com\/wp-content\/uploads\/2018\/08\/experiencia-2.png\" width=\"200\" height=\"200\"  alt=\"\" \/><\/span><h4>QUALIT\u00c4T<\/h4><p>Wir besitzen Fertigungswerke f\u00fcr kalibrierten Stahl in Vitoria (Spanien), L\u00fcttich (Belgien) und Galati (Rum\u00e4nien), die sich durch ihr strenges Qualit\u00e4tssicherungssystem auszeichnen, das alle Prozesse und Verfahren kontrolliert, und so Material erstklassiger Qualit\u00e4t garantieren kann. <strong>AUSA<\/strong> ist nach der Norm\u00a0<a href=\"\/de\/technische-angaben\/zertifikaten-ausa\/iso-zertifikate\/\" target=\"_blank\" rel=\"noopener\">ISO 9001:2015<\/a> zertifiziert.<\/p><!-- AddThis Advanced Settings generic via filter on the_content --><\/div><\/div><\/div><div class=\"wf-cell wf-1-4\"><div class=\"borders\"><div class=\"text-normal\"><span class=\"benefits-grid-ico\"><img loading=\"lazy\" decoding=\"async\" src=\"https:\/\/www.ausasteel.com\/wp-content\/uploads\/2018\/08\/stock_mueble-2.png\" width=\"200\" height=\"200\"  alt=\"\" \/><\/span><h4>LAGER<\/h4><p>Zurzeit haben wir <strong>10.000<\/strong> <strong>Tonnen<\/strong> kalibrierte Spezialst\u00e4hle eingelagert, um Ihnen sofortige Lieferung gew\u00e4hrleisten zu k\u00f6nnen.<\/p><!-- AddThis Advanced Settings generic via filter on the_content --><\/div><\/div><\/div><div class=\"wf-cell wf-1-4\"><div class=\"borders\"><div class=\"text-normal\"><span class=\"benefits-grid-ico\"><img loading=\"lazy\" decoding=\"async\" src=\"https:\/\/www.ausasteel.com\/wp-content\/uploads\/2018\/08\/experiencia-2.png\" width=\"200\" height=\"200\"  alt=\"\" \/><\/span><h4>ERFAHRUNG<\/h4><p><strong>Wir stellen seit 1992 kalibrierte St\u00e4hle<\/strong> f\u00fcr Unternehmen aus allen Branchen der Industrie <strong>her<\/strong>: Automobil, Automatendrehen, Werkzeugmaschinen etc.<\/p><!-- AddThis Advanced Settings generic via filter on the_content --><\/div><\/div><\/div><\/section>[vc_column]\n<\/div>\n<\/div>\n<\/div>\n<div class=\"row gris\" id=\"informacion_tecnica\">\n<div class=\"container\">\n<h2>Technische Angaben<\/h2>\n<p>[vc_widget_sidebar show_bg=&#8221;false&#8221; sidebar_id=&#8221;sidebar_26&#8243;]\n<\/p><\/div>\n<\/div>","protected":false},"excerpt":{"rendered":"<p>Kalibrierte St\u00e4hle Kalibrierter Stahl hat sehr genaue Abmessungen und ist gut zu bearbeiten. Deshalb werden diese St\u00e4hle sehr oft eingesetzt und gestatten eine betr\u00e4chtliche Verringerung der Fertigungskosten. [vc_widget_sidebar show_bg=&#8221;false&#8221; sidebar_id=&#8221;sidebar_11&#8243;] Vorteile Wir bei AUSA sind auf die Herstellung und Lieferung von Spezialst\u00e4hlen spezialisiert. Wir zeichnen uns aus durch ausgezeichneten Lieferservice (strategische Lage unserer Kalibriereinrichtungen und&hellip;<!-- AddThis Advanced Settings generic via filter on get_the_excerpt --><\/p>\n","protected":false},"author":1,"featured_media":0,"parent":13736,"menu_order":0,"comment_status":"closed","ping_status":"closed","template":"","meta":{"footnotes":""},"class_list":["post-6633","page","type-page","status-publish","hentry"],"yoast_head":"<!-- This site is optimized with the Yoast SEO plugin v26.6 - https:\/\/yoast.com\/wordpress\/plugins\/seo\/ -->\n<title>Kalibrierte St\u00e4hle - AUSA special steels<\/title>\n<meta name=\"robots\" content=\"index, follow, max-snippet:-1, max-image-preview:large, max-video-preview:-1\" \/>\n<link rel=\"canonical\" href=\"https:\/\/www.ausasteel.com\/de\/stahle\/kalibrierten-stahlen\/\" \/>\n<meta property=\"og:locale\" content=\"de_DE\" \/>\n<meta property=\"og:type\" content=\"article\" \/>\n<meta property=\"og:title\" content=\"Kalibrierte St\u00e4hle - AUSA special steels\" \/>\n<meta property=\"og:description\" content=\"Kalibrierte St\u00e4hle Kalibrierter Stahl hat sehr genaue Abmessungen und ist gut zu bearbeiten. Deshalb werden diese St\u00e4hle sehr oft eingesetzt und gestatten eine betr\u00e4chtliche Verringerung der Fertigungskosten. [vc_widget_sidebar show_bg=&#8221;false&#8221; sidebar_id=&#8221;sidebar_11&#8243;] Vorteile Wir bei AUSA sind auf die Herstellung und Lieferung von Spezialst\u00e4hlen spezialisiert. Wir zeichnen uns aus durch ausgezeichneten Lieferservice (strategische Lage unserer Kalibriereinrichtungen und&hellip;\" \/>\n<meta property=\"og:url\" content=\"https:\/\/www.ausasteel.com\/de\/stahle\/kalibrierten-stahlen\/\" \/>\n<meta property=\"og:site_name\" content=\"AUSA special steels\" \/>\n<meta property=\"article:modified_time\" content=\"2019-06-19T11:17:51+00:00\" \/>\n<meta name=\"twitter:label1\" content=\"Est. reading time\" \/>\n\t<meta name=\"twitter:data1\" content=\"1 minute\" \/>\n<script type=\"application\/ld+json\" class=\"yoast-schema-graph\">{\"@context\":\"https:\/\/schema.org\",\"@graph\":[{\"@type\":\"WebPage\",\"@id\":\"https:\/\/www.ausasteel.com\/de\/stahle\/kalibrierten-stahlen\/\",\"url\":\"https:\/\/www.ausasteel.com\/de\/stahle\/kalibrierten-stahlen\/\",\"name\":\"Kalibrierte St\u00e4hle - AUSA special steels\",\"isPartOf\":{\"@id\":\"https:\/\/www.ausasteel.com\/de\/#website\"},\"datePublished\":\"2014-10-24T09:29:28+00:00\",\"dateModified\":\"2019-06-19T11:17:51+00:00\",\"breadcrumb\":{\"@id\":\"https:\/\/www.ausasteel.com\/de\/stahle\/kalibrierten-stahlen\/#breadcrumb\"},\"inLanguage\":\"de-DE\",\"potentialAction\":[{\"@type\":\"ReadAction\",\"target\":[\"https:\/\/www.ausasteel.com\/de\/stahle\/kalibrierten-stahlen\/\"]}]},{\"@type\":\"BreadcrumbList\",\"@id\":\"https:\/\/www.ausasteel.com\/de\/stahle\/kalibrierten-stahlen\/#breadcrumb\",\"itemListElement\":[{\"@type\":\"ListItem\",\"position\":1,\"name\":\"Portada\",\"item\":\"https:\/\/www.ausasteel.com\/de\/\"},{\"@type\":\"ListItem\",\"position\":2,\"name\":\"St\u00e4hle\",\"item\":\"https:\/\/www.ausasteel.com\/de\/stahle\/\"},{\"@type\":\"ListItem\",\"position\":3,\"name\":\"Kalibrierte St\u00e4hle\"}]},{\"@type\":\"WebSite\",\"@id\":\"https:\/\/www.ausasteel.com\/de\/#website\",\"url\":\"https:\/\/www.ausasteel.com\/de\/\",\"name\":\"AUSA special steels\",\"description\":\"AUSA special steels\",\"potentialAction\":[{\"@type\":\"SearchAction\",\"target\":{\"@type\":\"EntryPoint\",\"urlTemplate\":\"https:\/\/www.ausasteel.com\/de\/?s={search_term_string}\"},\"query-input\":{\"@type\":\"PropertyValueSpecification\",\"valueRequired\":true,\"valueName\":\"search_term_string\"}}],\"inLanguage\":\"de-DE\"}]}<\/script>\n<!-- \/ Yoast SEO plugin. -->","yoast_head_json":{"title":"Kalibrierte St\u00e4hle - AUSA special steels","robots":{"index":"index","follow":"follow","max-snippet":"max-snippet:-1","max-image-preview":"max-image-preview:large","max-video-preview":"max-video-preview:-1"},"canonical":"https:\/\/www.ausasteel.com\/de\/stahle\/kalibrierten-stahlen\/","og_locale":"de_DE","og_type":"article","og_title":"Kalibrierte St\u00e4hle - AUSA special steels","og_description":"Kalibrierte St\u00e4hle Kalibrierter Stahl hat sehr genaue Abmessungen und ist gut zu bearbeiten. Deshalb werden diese St\u00e4hle sehr oft eingesetzt und gestatten eine betr\u00e4chtliche Verringerung der Fertigungskosten. [vc_widget_sidebar show_bg=&#8221;false&#8221; sidebar_id=&#8221;sidebar_11&#8243;] Vorteile Wir bei AUSA sind auf die Herstellung und Lieferung von Spezialst\u00e4hlen spezialisiert. Wir zeichnen uns aus durch ausgezeichneten Lieferservice (strategische Lage unserer Kalibriereinrichtungen und&hellip;","og_url":"https:\/\/www.ausasteel.com\/de\/stahle\/kalibrierten-stahlen\/","og_site_name":"AUSA special steels","article_modified_time":"2019-06-19T11:17:51+00:00","twitter_misc":{"Est. reading time":"1 minute"},"schema":{"@context":"https:\/\/schema.org","@graph":[{"@type":"WebPage","@id":"https:\/\/www.ausasteel.com\/de\/stahle\/kalibrierten-stahlen\/","url":"https:\/\/www.ausasteel.com\/de\/stahle\/kalibrierten-stahlen\/","name":"Kalibrierte St\u00e4hle - AUSA special steels","isPartOf":{"@id":"https:\/\/www.ausasteel.com\/de\/#website"},"datePublished":"2014-10-24T09:29:28+00:00","dateModified":"2019-06-19T11:17:51+00:00","breadcrumb":{"@id":"https:\/\/www.ausasteel.com\/de\/stahle\/kalibrierten-stahlen\/#breadcrumb"},"inLanguage":"de-DE","potentialAction":[{"@type":"ReadAction","target":["https:\/\/www.ausasteel.com\/de\/stahle\/kalibrierten-stahlen\/"]}]},{"@type":"BreadcrumbList","@id":"https:\/\/www.ausasteel.com\/de\/stahle\/kalibrierten-stahlen\/#breadcrumb","itemListElement":[{"@type":"ListItem","position":1,"name":"Portada","item":"https:\/\/www.ausasteel.com\/de\/"},{"@type":"ListItem","position":2,"name":"St\u00e4hle","item":"https:\/\/www.ausasteel.com\/de\/stahle\/"},{"@type":"ListItem","position":3,"name":"Kalibrierte St\u00e4hle"}]},{"@type":"WebSite","@id":"https:\/\/www.ausasteel.com\/de\/#website","url":"https:\/\/www.ausasteel.com\/de\/","name":"AUSA special steels","description":"AUSA special steels","potentialAction":[{"@type":"SearchAction","target":{"@type":"EntryPoint","urlTemplate":"https:\/\/www.ausasteel.com\/de\/?s={search_term_string}"},"query-input":{"@type":"PropertyValueSpecification","valueRequired":true,"valueName":"search_term_string"}}],"inLanguage":"de-DE"}]}},"_links":{"self":[{"href":"https:\/\/www.ausasteel.com\/de\/wp-json\/wp\/v2\/pages\/6633","targetHints":{"allow":["GET"]}}],"collection":[{"href":"https:\/\/www.ausasteel.com\/de\/wp-json\/wp\/v2\/pages"}],"about":[{"href":"https:\/\/www.ausasteel.com\/de\/wp-json\/wp\/v2\/types\/page"}],"author":[{"embeddable":true,"href":"https:\/\/www.ausasteel.com\/de\/wp-json\/wp\/v2\/users\/1"}],"replies":[{"embeddable":true,"href":"https:\/\/www.ausasteel.com\/de\/wp-json\/wp\/v2\/comments?post=6633"}],"version-history":[{"count":13,"href":"https:\/\/www.ausasteel.com\/de\/wp-json\/wp\/v2\/pages\/6633\/revisions"}],"predecessor-version":[{"id":15603,"href":"https:\/\/www.ausasteel.com\/de\/wp-json\/wp\/v2\/pages\/6633\/revisions\/15603"}],"up":[{"embeddable":true,"href":"https:\/\/www.ausasteel.com\/de\/wp-json\/wp\/v2\/pages\/13736"}],"wp:attachment":[{"href":"https:\/\/www.ausasteel.com\/de\/wp-json\/wp\/v2\/media?parent=6633"}],"curies":[{"name":"wp","href":"https:\/\/api.w.org\/{rel}","templated":true}]}}