              {"id":6631,"date":"2014-10-17T18:46:42","date_gmt":"2014-10-17T18:46:42","guid":{"rendered":"http:\/\/ausasteel.irantzu.com\/aceros-especiales-2\/"},"modified":"2019-06-19T11:19:02","modified_gmt":"2019-06-19T11:19:02","slug":"spezialstahlen","status":"publish","type":"page","link":"https:\/\/www.ausasteel.com\/de\/stahle\/spezialstahlen\/","title":{"rendered":"Spezialst\u00e4hle"},"content":{"rendered":"<div class=\"wpb-content-wrapper\"><div class=\"row\">\n<div class=\"container\">\n<h1>Spezialst\u00e4hlen<\/h1>\n<h3><strong>Spezialst\u00e4hle<\/strong> \u2013 gewalzte und geschmiedete St\u00e4hle \u2013 besitzen<strong> ein gro\u00dfes Einsatzgebiet.<\/strong> Sie bieten in allen Industriesektoren zahlreiche Verwendungsm\u00f6glichkeiten.<\/h3>\n<div class=\"container_imagen\">\n<img decoding=\"async\" alt=\"Spezialst\u00e4hlen\" title=\"Spezialst\u00e4hlen\" src=\"\/wp-content\/uploads\/2014\/10\/Spezialstahle-AUSA.jpg\">\n<\/div>\n<\/div>\n<\/div>\n<div class=\"row\">\n<div class=\"container gris\">\n[vc_widget_sidebar show_bg=&#8221;false&#8221; sidebar_id=&#8221;sidebar_4&#8243;]\n<\/div>\n<\/div>\n<div class=\"row\" id=\"ventajas\">\n<div class=\"container\">\n<h2>Vorteile<\/h2>\n<p>Unser Ziel ist es, <strong>allen Anforderungen unserer Kunden zu gen\u00fcgen<\/strong>, und die beste Garantie hierf\u00fcr sind die <strong>Professionalit\u00e4t<\/strong> unseres Mitarbeiterteams, unsere <strong>SpezialiSierung<\/strong> auf Qualit\u00e4tsst\u00e4hle und die <strong>N\u00e4he<\/strong> zu unseren Kunden.<\/p>\n<div class=\"cuadro\">\n[vc_column width=&#8221;1\/1&#8243;]<section id=\"benefits-grid-1\" class=\"benefits-grid wf-container icons-bg\"><div class=\"wf-cell wf-1-4\"><div class=\"borders\"><div class=\"text-normal\"><span class=\"benefits-grid-ico\"><img loading=\"lazy\" decoding=\"async\" src=\"https:\/\/www.ausasteel.com\/wp-content\/uploads\/2018\/08\/calidad-2.png\" width=\"200\" height=\"200\"  alt=\"\" \/><\/span><h4>QUALIT\u00c4T<\/h4><p>Wir haben ein <strong>strenges Qualit\u00e4tssicherungssystem<\/strong>, in dem alle Prozesse und Verfahren kontrolliert werden, um stets dieselbe hochwertige Materialqualit\u00e4t anbieten zu k\u00f6nnen. AUSA ist nach der Norm <a title=\"ISO_9001\" href=\"\/de\/technische-angaben\/zertifikaten-ausa\/iso-zertifikate\/\" target=\"_blank\" rel=\"noopener\">ISO 9001:2015<\/a> zertifiziert.<\/p><!-- AddThis Advanced Settings generic via filter on the_content --><\/div><\/div><\/div><div class=\"wf-cell wf-1-4\"><div class=\"borders\"><div class=\"text-normal\"><span class=\"benefits-grid-ico\"><img loading=\"lazy\" decoding=\"async\" src=\"https:\/\/www.ausasteel.com\/wp-content\/uploads\/2018\/08\/stock_mueble-2.png\" width=\"200\" height=\"200\"  alt=\"\" \/><\/span><h4>LAGER<\/h4><p>Zurzeit haben wir <strong>\u00fcber 100.000 Tonnen<\/strong> Spezialst\u00e4hle eingelagert, die auf alle unsere Lagerhallen aufgeteilt sind, um Ihnen <strong>sofortige Lieferung gew\u00e4hrleisten<\/strong> zu k\u00f6nnen.<\/p><!-- AddThis Advanced Settings generic via filter on the_content --><\/div><\/div><\/div><div class=\"wf-cell wf-1-4\"><div class=\"borders\"><div class=\"text-normal\"><span class=\"benefits-grid-ico\"><img loading=\"lazy\" decoding=\"async\" src=\"https:\/\/www.ausasteel.com\/wp-content\/uploads\/2018\/08\/experiencia-1.png\" width=\"200\" height=\"200\"  alt=\"\" \/><\/span><h4>Erfahrung<\/h4><p>Wir liefern seit 1.957 Spezialst\u00e4hle an Unternehmen aus allen Branchen der Industrie: Automobil, Schmieden, Werkzeugmaschinen, Gie\u00dfereien, Automatendrehen, Luftfahrt, Landwirtschaft\u2026<\/p><!-- AddThis Advanced Settings generic via filter on the_content --><\/div><\/div><\/div><\/section>[vc_column]\n<\/div>\n<\/div>\n<\/div>\n<div class=\"row gris\" id=\"informacion_tecnica\">\n<div class=\"container\">\n<h2>Technische Angaben<\/h2>\n<p>[vc_widget_sidebar show_bg=&#8221;false&#8221; sidebar_id=&#8221;sidebar_26&#8243;]\n<\/p><\/div>\n<\/div>\n<p><!--\n[vc_row margin_top=\"0\" margin_bottom=\"0\" padding_left=\"40\" padding_right=\"40\" bg_position=\"top\" bg_repeat=\"no-repeat\" bg_cover=\"false\" bg_attachment=\"false\" padding_top=\"40\" padding_bottom=\"40\" parallax_speed=\"0.1\" el_class=\"dt-fancy-title\"][vc_column width=\"1\/1\"][vc_column_text]\n\n\n<h2>Lieferung von Spezialst\u00e4hlen<\/h2>\n\n\n[\/vc_column_text][\/vc_column][\/vc_row][vc_row padding_left=\"40\" padding_right=\"40\" bg_position=\"top\" bg_repeat=\"no-repeat\" bg_cover=\"false\" bg_attachment=\"false\" padding_top=\"40\" padding_bottom=\"40\" parallax_speed=\"0.1\" el_class=\"texto-image\" margin_top=\"0\" margin_bottom=\"40\"][vc_column width=\"1\/2\"][vc_column_text el_class=\"description-text\"]<strong>Spezialst\u00e4hle<\/strong> \u2013 gewalzte und geschmiedete St\u00e4hle \u2013 besitzen<strong> ein gro\u00dfes Einsatzgebiet.<\/strong> Sie bieten in allen Industriesektoren zahlreiche Verwendungsm\u00f6glichkeiten.\n\nWir bei <strong>AUSA<\/strong> sind auf die <strong>Lieferung von Spezialst\u00e4hlen<\/strong> spezialiSiert. Wir zeichnen uns aus durch ausgezeichneten <strong>Lieferservice<\/strong> (strategische Lage unserer Stahllager und eigener LKW-Fuhrpark), unsere umfangreichen <strong>Lagerbest\u00e4nde<\/strong> und die stets ausgezeichnete <strong>Qualit\u00e4t<\/strong> unserer Spezialst\u00e4hle.\n\nWir k\u00f6nnen Ihnen folgende <strong>Arten von Spezialst\u00e4hlen<\/strong> anbieten:<strong> <a title=\"Kohlenstoffst\u00e4hle\" href=\"https:\/\/www.ausasteel.com\/de\/spezialstahlen\/kohlenstoffstahle\/\">Kohlenstoffst\u00e4hle<\/a>, <a title=\"Legierte geh\u00e4rtete und angelassene St\u00e4hle\" href=\"https:\/\/www.ausasteel.com\/de\/spezialstahlen\/legierte-gehartete-und-angelassene-stahle\/\">Legierte geh\u00e4rtete und angelassene St\u00e4hle<\/a>, <a title=\"Zementst\u00e4hle\" href=\"https:\/\/www.ausasteel.com\/de\/spezialstahlen\/zementstahle\/\">Zementst\u00e4hle<\/a>, <a title=\"Gebohrte Stangen\" href=\"https:\/\/www.ausasteel.com\/de\/spezialstahlen\/gebohrte-stangen\/\">Gebohrte Stangen<\/a>, <a title=\"Lagerst\u00e4hle\" href=\"https:\/\/www.ausasteel.com\/de\/spezialstahlen\/lagerstahle\/\">Lagerst\u00e4hle<\/a>, <a title=\"Federst\u00e4hle\" href=\"https:\/\/www.ausasteel.com\/de\/spezialstahlen\/federstahle\/\">Federst\u00e4hle<\/a><em>, <\/em><a title=\"Werkzeugst\u00e4hle f\u00fcr Kaltverformung\" href=\"https:\/\/www.ausasteel.com\/de\/spezialstahlen\/werkzeugstahle-fur-kaltverformung\/\">Werkzeugst\u00e4hle f\u00fcr Kaltverformung<\/a>, <a title=\"Werkzeugst\u00e4hle f\u00fcr Warmverformung\" href=\"https:\/\/www.ausasteel.com\/de\/spezialstahlen\/werkzeugstahle-fur-warmverformung\/\">Werkzeugst\u00e4hle f\u00fcr Warmverformung<\/a>, <a title=\"St\u00e4hle f\u00fcr leichte Bearbeitbarkeit\" href=\"https:\/\/www.ausasteel.com\/de\/spezialstahlen\/stahle-fur-leichte-bearbeitbarkeit\/\">St\u00e4hle f\u00fcr leichte Bearbeitbarkeit<\/a>, <a title=\"Rostfreie St\u00e4hle\" href=\"https:\/\/www.ausasteel.com\/de\/spezialstahlen\/aceros-inoxidables\/\">Rostfreie St\u00e4hle<\/a> <\/strong>und<strong> <a title=\"Borst\u00e4hle anzeigen\" href=\"https:\/\/www.ausasteel.com\/de\/spezialstahlen\/borstahle-anzeigen\/\">Borst\u00e4hle<\/a>.<\/strong>[\/vc_column_text][\/vc_column][vc_column width=\"1\/2\"][vc_column_text]<img loading=\"lazy\" decoding=\"async\" class=\"alignnone size-full wp-image-11220\" src=\"https:\/\/www.ausasteel.com\/wp-content\/uploads\/2014\/10\/Spezialstahle-AUSA.jpg\" alt=\"Spezialstahle-AUSA\" width=\"400\" height=\"400\" srcset=\"https:\/\/www.ausasteel.com\/wp-content\/uploads\/2014\/10\/Spezialstahle-AUSA.jpg 400w, https:\/\/www.ausasteel.com\/wp-content\/uploads\/2014\/10\/Spezialstahle-AUSA-150x150.jpg 150w, https:\/\/www.ausasteel.com\/wp-content\/uploads\/2014\/10\/Spezialstahle-AUSA-300x300.jpg 300w\" sizes=\"auto, (max-width: 400px) 100vw, 400px\" \/>[\/vc_column_text][\/vc_column][\/vc_row][vc_row margin_top=\"0\" margin_bottom=\"0\" padding_left=\"40\" padding_right=\"40\" bg_position=\"top\" bg_repeat=\"no-repeat\" bg_cover=\"false\" bg_attachment=\"false\" padding_top=\"40\" padding_bottom=\"40\" parallax_speed=\"0.1\" el_class=\"dt-fancy-title\" animation=\"right-to-left\"][vc_column width=\"1\/1\"][vc_column_text]\n\n\n<h2>Die Vorteile unserer Spezialst\u00e4hle<\/h2>\n\n\n[\/vc_column_text][\/vc_column][\/vc_row][vc_row margin_top=\"0\" margin_bottom=\"40\" padding_left=\"40\" padding_right=\"40\" bg_position=\"top\" bg_repeat=\"no-repeat\" bg_cover=\"false\" bg_attachment=\"false\" padding_top=\"40\" padding_bottom=\"40\" parallax_speed=\"0.1\" animation=\"scale-up\"][vc_column width=\"1\/1\"][dt_benefits_vc columns=\"2\" style=\"3\" dividers=\"true\" image_background=\"false\" image_background_color=\"#ffffff\" target_blank=\"false\" header_size=\"h1\" content_size=\"normal\" number=\"2\" orderby=\"date\" order=\"desc\" animation=\"bottom\" category=\"aceros-especiales,ventajas-de-nuestros-aceros-especiales\"][vc_column_text]Au\u00dferdem bieten wir unseren Kunden die Zusatzdienstleistungen <strong>Schneiden und Kalibrieren<\/strong> an.[\/vc_column_text][\/vc_column][\/vc_row][vc_row margin_top=\"0\" margin_bottom=\"0\" padding_left=\"40\" padding_right=\"40\" bg_position=\"top\" bg_repeat=\"no-repeat\" bg_cover=\"false\" bg_attachment=\"false\" padding_top=\"40\" padding_bottom=\"40\" parallax_speed=\"0.1\" el_class=\"dt-fancy-title\" animation=\"left-to-right\"][vc_column width=\"1\/1\"][vc_column_text]\n\n\n<h2>Erfahrung<\/h2>\n\n\n[\/vc_column_text][\/vc_column][\/vc_row][vc_row margin_top=\"0\" margin_bottom=\"0\" padding_left=\"40\" padding_right=\"40\" animation=\"fade-in\" bg_position=\"top\" bg_repeat=\"no-repeat\" bg_cover=\"false\" bg_attachment=\"false\" padding_top=\"40\" padding_bottom=\"40\" parallax_speed=\"0.1\"][vc_column width=\"1\/1\"][vc_column_text css_animation=\"bottom-to-top\"]Wir liefern seit 1.957 <strong>Spezialst\u00e4hle<\/strong> an Unternehmen aus allen Branchen der Industrie: Automobil, Schmieden, Werkzeugmaschinen, Gie\u00dfereien, Automatendrehen, Luftfahrt, Landwirtschaft...\n\nUnser Ziel ist es, <strong>allen Anforderungen unserer Kunden zu gen\u00fcgen<\/strong>, und die beste Garantie hierf\u00fcr sind die <strong>Professionalit\u00e4t<\/strong> unseres Mitarbeiterteams, unsere <strong>SpezialiSierung<\/strong> auf Qualit\u00e4tsst\u00e4hle und die <strong>N\u00e4he<\/strong> zu unseren Kunden.[\/vc_column_text][\/vc_column][\/vc_row][vc_row margin_top=\"50px\" margin_bottom=\"50px\" bg_position=\"top\" bg_repeat=\"no-repeat\" bg_cover=\"false\" bg_attachment=\"false\" padding_top=\"40\" padding_bottom=\"40\" parallax_speed=\"0.1\" padding_left=\"40\" padding_right=\"40\"][vc_column width=\"1\/1\" el_class=\"solicita-presupuesto\"][vc_raw_js]JTNDYSUyMG9uY2xpY2slM0QlMjJqUXVlcnklMjglMjdodG1sJTJDJTIwYm9keSUyNyUyOS5hbmltYXRlJTI4JTdCc2Nyb2xsVG9wJTNBalF1ZXJ5JTI4JTI3JTIzeW91ci1uYW1lJTI3JTI5Lm9mZnNldCUyOCUyOS50b3AlMjAtJTIwMjUwJTdEJTJDMTAwMCUyQyUyMGZ1bmN0aW9uJTI4JTI5JTdCalF1ZXJ5JTI4JTI3JTIzeW91ci1uYW1lJTI3JTI5LmZvY3VzJTI4JTI5JTNCalF1ZXJ5JTI4JTI3JTIzdGV4dC0xMiUyNyUyOS5hdHRyJTI4JTI3c3R5bGUlMjclMkMlMjdib3gtc2hhZG93JTNBMCUyMDAlMjAyMHB4JTIwJTIzYWFhJTNCJTI3JTI5JTNCc2V0VGltZW91dCUyOGZ1bmN0aW9uJTI4JTI5JTdCalF1ZXJ5JTI4JTI3JTIzdGV4dC0xMiUyNyUyOS5hdHRyJTI4JTI3c3R5bGUlMjclMkMlMjdib3gtc2hhZG93JTNBMCUzQiUyNyUyOSUzQiU3RCUyQzEwMDAlMjklM0IlN0QlMjklM0JyZXR1cm4lMjBmYWxzZSUzQiUyMiUyMGNsYXNzJTNEJTIyZHQtYnRuJTIwZHQtYnRuLWwlMjIlMjBzdHlsZSUzRCUyMmZvbnQtd2VpZ2h0JTNBJTIwYm9sZCUzQiUyMHBhZGRpbmctbGVmdCUzQSUyMDMwcHglM0IlMjBwYWRkaW5nLXJpZ2h0JTNBJTIwMzBweCUzQiUyMHRleHQtYWxpZ24lM0ElMjBjZW50ZXIlM0IlMjIlMjBocmVmJTNEJTIyJTIzJTIyJTNFRm9yZGVybiUyMFNpZSUyMGVpbiUyMEFuZ2Vib3QlMjBhbiUzQyUyRmElM0U=[\/vc_raw_js][\/vc_column][\/vc_row][vc_row margin_top=\"40px\" margin_bottom=\"40px\" type=\"1\" bg_color=\"#f6f6f6\" bg_position=\"top\" bg_repeat=\"no-repeat\" bg_cover=\"true\" bg_attachment=\"false\" padding_top=\"50px\" padding_bottom=\"100px\" parallax_speed=\"0.1\" padding_left=\"40\" padding_right=\"40\" el_class=\"descarga-catalogos a-center\" animation=\"scale-up\"][vc_column width=\"1\/1\"][vc_column_text]\n\n\n<h2>Downloaden Sie eine Liste unserer Spezialst\u00e4hle als PFD<\/h2>\n\n\n[\/vc_column_text][vc_column_text el_class=\"pdf-catalogo\" css=\".vc_custom_1504625587147{margin-top: 20px !important;}\"]\n\n\n<p style=\"text-align: center; font-size: 20px;\"><strong><a href=\"https:\/\/www.ausasteel.com\/wp-content\/uploads\/2017\/09\/Aceros-Especiales-AUSA1.pdf\" target=\"_blank\">AUSA Katalog Spezialst\u00e4hlen<\/a><\/strong><\/p>\n\n\n[\/vc_column_text][\/vc_column][\/vc_row][vc_row margin_top=\"0\" margin_bottom=\"0\" padding_left=\"40\" padding_right=\"40\" bg_position=\"top\" bg_repeat=\"no-repeat\" bg_cover=\"false\" bg_attachment=\"false\" padding_top=\"40\" padding_bottom=\"40\" parallax_speed=\"0.1\" el_class=\"dt-fancy-title\"][vc_column width=\"1\/1\"][vc_column_text]\n\n\n<h2>Welche Arten von Spezialst\u00e4hlen verarbeitet AUSA?<\/h2>\n\n\n[\/vc_column_text][\/vc_column][\/vc_row][vc_row margin_top=\"0\" margin_bottom=\"30\" padding_left=\"40\" padding_right=\"40\" bg_position=\"top\" bg_repeat=\"no-repeat\" bg_cover=\"false\" bg_attachment=\"false\" padding_top=\"40\" padding_bottom=\"40\" parallax_speed=\"0.1\" animation=\"fade-in\" el_class=\"dest\"][vc_column width=\"1\/1\"][vc_column_text]\n\n\n<p style=\"text-align: center;\"><strong>AUSA<\/strong> arbeitet mit Spezialst\u00e4hlen unterschiedlicher Qualit\u00e4t. Ihre Eigenschaften, Anwendungen, die chemische Zusammensetzung, \u00c4quivalenzen, thermischen Behandlungen und Abmessungen h\u00e4ngen von der gew\u00e4hlten Qualit\u00e4t ab.<\/p>\n\n\n[\/vc_column_text][\/vc_column][\/vc_row][vc_row el_class=\"menu-inferior\" margin_top=\"0\" margin_bottom=\"40px\" padding_left=\"40\" padding_right=\"40\" bg_position=\"top\" bg_repeat=\"no-repeat\" bg_cover=\"false\" bg_attachment=\"false\" padding_top=\"40\" padding_bottom=\"40\" parallax_speed=\"0.1\" animation=\"fade-in\"][vc_column width=\"1\/1\"][vc_widget_sidebar show_bg=\"false\" sidebar_id=\"sidebar_4\"][\/vc_column][\/vc_row]\n\n--><\/p>\n<\/div>","protected":false},"excerpt":{"rendered":"<p>Spezialst\u00e4hlen Spezialst\u00e4hle \u2013 gewalzte und geschmiedete St\u00e4hle \u2013 besitzen ein gro\u00dfes Einsatzgebiet. Sie bieten in allen Industriesektoren zahlreiche Verwendungsm\u00f6glichkeiten. [vc_widget_sidebar show_bg=&#8221;false&#8221; sidebar_id=&#8221;sidebar_4&#8243;] Vorteile Unser Ziel ist es, allen Anforderungen unserer Kunden zu gen\u00fcgen, und die beste Garantie hierf\u00fcr sind die Professionalit\u00e4t unseres Mitarbeiterteams, unsere SpezialiSierung auf Qualit\u00e4tsst\u00e4hle und die N\u00e4he zu unseren Kunden. [vc_column width=&#8221;1\/1&#8243;][vc_column]&hellip;<!-- AddThis Advanced Settings generic via filter on get_the_excerpt --><\/p>\n","protected":false},"author":1,"featured_media":0,"parent":13736,"menu_order":0,"comment_status":"closed","ping_status":"closed","template":"","meta":{"footnotes":""},"class_list":["post-6631","page","type-page","status-publish","hentry"],"yoast_head":"<!-- This site is optimized with the Yoast SEO plugin v26.6 - https:\/\/yoast.com\/wordpress\/plugins\/seo\/ -->\n<title>Spezialst\u00e4hle - AUSA special steels<\/title>\n<meta name=\"robots\" content=\"index, follow, max-snippet:-1, max-image-preview:large, max-video-preview:-1\" \/>\n<link rel=\"canonical\" href=\"https:\/\/www.ausasteel.com\/de\/stahle\/spezialstahlen\/\" \/>\n<meta property=\"og:locale\" content=\"de_DE\" \/>\n<meta property=\"og:type\" content=\"article\" \/>\n<meta property=\"og:title\" content=\"Spezialst\u00e4hle - AUSA special steels\" \/>\n<meta property=\"og:description\" content=\"Spezialst\u00e4hlen Spezialst\u00e4hle \u2013 gewalzte und geschmiedete St\u00e4hle \u2013 besitzen ein gro\u00dfes Einsatzgebiet. Sie bieten in allen Industriesektoren zahlreiche Verwendungsm\u00f6glichkeiten. [vc_widget_sidebar show_bg=&#8221;false&#8221; sidebar_id=&#8221;sidebar_4&#8243;] Vorteile Unser Ziel ist es, allen Anforderungen unserer Kunden zu gen\u00fcgen, und die beste Garantie hierf\u00fcr sind die Professionalit\u00e4t unseres Mitarbeiterteams, unsere SpezialiSierung auf Qualit\u00e4tsst\u00e4hle und die N\u00e4he zu unseren Kunden. [vc_column width=&#8221;1\/1&#8243;][vc_column]&hellip;\" \/>\n<meta property=\"og:url\" content=\"https:\/\/www.ausasteel.com\/de\/stahle\/spezialstahlen\/\" \/>\n<meta property=\"og:site_name\" content=\"AUSA special steels\" \/>\n<meta property=\"article:modified_time\" content=\"2019-06-19T11:19:02+00:00\" \/>\n<meta property=\"og:image\" content=\"https:\/\/www.ausasteel.com\/wp-content\/uploads\/2014\/10\/Spezialstahle-AUSA.jpg\" \/>\n<script type=\"application\/ld+json\" class=\"yoast-schema-graph\">{\"@context\":\"https:\/\/schema.org\",\"@graph\":[{\"@type\":\"WebPage\",\"@id\":\"https:\/\/www.ausasteel.com\/de\/stahle\/spezialstahlen\/\",\"url\":\"https:\/\/www.ausasteel.com\/de\/stahle\/spezialstahlen\/\",\"name\":\"Spezialst\u00e4hle - AUSA special steels\",\"isPartOf\":{\"@id\":\"https:\/\/www.ausasteel.com\/de\/#website\"},\"primaryImageOfPage\":{\"@id\":\"https:\/\/www.ausasteel.com\/de\/stahle\/spezialstahlen\/#primaryimage\"},\"image\":{\"@id\":\"https:\/\/www.ausasteel.com\/de\/stahle\/spezialstahlen\/#primaryimage\"},\"thumbnailUrl\":\"https:\/\/www.ausasteel.com\/wp-content\/uploads\/2014\/10\/Spezialstahle-AUSA.jpg\",\"datePublished\":\"2014-10-17T18:46:42+00:00\",\"dateModified\":\"2019-06-19T11:19:02+00:00\",\"breadcrumb\":{\"@id\":\"https:\/\/www.ausasteel.com\/de\/stahle\/spezialstahlen\/#breadcrumb\"},\"inLanguage\":\"de-DE\",\"potentialAction\":[{\"@type\":\"ReadAction\",\"target\":[\"https:\/\/www.ausasteel.com\/de\/stahle\/spezialstahlen\/\"]}]},{\"@type\":\"ImageObject\",\"inLanguage\":\"de-DE\",\"@id\":\"https:\/\/www.ausasteel.com\/de\/stahle\/spezialstahlen\/#primaryimage\",\"url\":\"https:\/\/www.ausasteel.com\/wp-content\/uploads\/2014\/10\/Spezialstahle-AUSA.jpg\",\"contentUrl\":\"https:\/\/www.ausasteel.com\/wp-content\/uploads\/2014\/10\/Spezialstahle-AUSA.jpg\"},{\"@type\":\"BreadcrumbList\",\"@id\":\"https:\/\/www.ausasteel.com\/de\/stahle\/spezialstahlen\/#breadcrumb\",\"itemListElement\":[{\"@type\":\"ListItem\",\"position\":1,\"name\":\"Portada\",\"item\":\"https:\/\/www.ausasteel.com\/de\/\"},{\"@type\":\"ListItem\",\"position\":2,\"name\":\"St\u00e4hle\",\"item\":\"https:\/\/www.ausasteel.com\/de\/stahle\/\"},{\"@type\":\"ListItem\",\"position\":3,\"name\":\"Spezialst\u00e4hle\"}]},{\"@type\":\"WebSite\",\"@id\":\"https:\/\/www.ausasteel.com\/de\/#website\",\"url\":\"https:\/\/www.ausasteel.com\/de\/\",\"name\":\"AUSA special steels\",\"description\":\"AUSA special steels\",\"potentialAction\":[{\"@type\":\"SearchAction\",\"target\":{\"@type\":\"EntryPoint\",\"urlTemplate\":\"https:\/\/www.ausasteel.com\/de\/?s={search_term_string}\"},\"query-input\":{\"@type\":\"PropertyValueSpecification\",\"valueRequired\":true,\"valueName\":\"search_term_string\"}}],\"inLanguage\":\"de-DE\"}]}<\/script>\n<!-- \/ Yoast SEO plugin. -->","yoast_head_json":{"title":"Spezialst\u00e4hle - AUSA special steels","robots":{"index":"index","follow":"follow","max-snippet":"max-snippet:-1","max-image-preview":"max-image-preview:large","max-video-preview":"max-video-preview:-1"},"canonical":"https:\/\/www.ausasteel.com\/de\/stahle\/spezialstahlen\/","og_locale":"de_DE","og_type":"article","og_title":"Spezialst\u00e4hle - AUSA special steels","og_description":"Spezialst\u00e4hlen Spezialst\u00e4hle \u2013 gewalzte und geschmiedete St\u00e4hle \u2013 besitzen ein gro\u00dfes Einsatzgebiet. Sie bieten in allen Industriesektoren zahlreiche Verwendungsm\u00f6glichkeiten. [vc_widget_sidebar show_bg=&#8221;false&#8221; sidebar_id=&#8221;sidebar_4&#8243;] Vorteile Unser Ziel ist es, allen Anforderungen unserer Kunden zu gen\u00fcgen, und die beste Garantie hierf\u00fcr sind die Professionalit\u00e4t unseres Mitarbeiterteams, unsere SpezialiSierung auf Qualit\u00e4tsst\u00e4hle und die N\u00e4he zu unseren Kunden. [vc_column width=&#8221;1\/1&#8243;][vc_column]&hellip;","og_url":"https:\/\/www.ausasteel.com\/de\/stahle\/spezialstahlen\/","og_site_name":"AUSA special steels","article_modified_time":"2019-06-19T11:19:02+00:00","og_image":[{"url":"https:\/\/www.ausasteel.com\/wp-content\/uploads\/2014\/10\/Spezialstahle-AUSA.jpg","type":"","width":"","height":""}],"schema":{"@context":"https:\/\/schema.org","@graph":[{"@type":"WebPage","@id":"https:\/\/www.ausasteel.com\/de\/stahle\/spezialstahlen\/","url":"https:\/\/www.ausasteel.com\/de\/stahle\/spezialstahlen\/","name":"Spezialst\u00e4hle - AUSA special steels","isPartOf":{"@id":"https:\/\/www.ausasteel.com\/de\/#website"},"primaryImageOfPage":{"@id":"https:\/\/www.ausasteel.com\/de\/stahle\/spezialstahlen\/#primaryimage"},"image":{"@id":"https:\/\/www.ausasteel.com\/de\/stahle\/spezialstahlen\/#primaryimage"},"thumbnailUrl":"https:\/\/www.ausasteel.com\/wp-content\/uploads\/2014\/10\/Spezialstahle-AUSA.jpg","datePublished":"2014-10-17T18:46:42+00:00","dateModified":"2019-06-19T11:19:02+00:00","breadcrumb":{"@id":"https:\/\/www.ausasteel.com\/de\/stahle\/spezialstahlen\/#breadcrumb"},"inLanguage":"de-DE","potentialAction":[{"@type":"ReadAction","target":["https:\/\/www.ausasteel.com\/de\/stahle\/spezialstahlen\/"]}]},{"@type":"ImageObject","inLanguage":"de-DE","@id":"https:\/\/www.ausasteel.com\/de\/stahle\/spezialstahlen\/#primaryimage","url":"https:\/\/www.ausasteel.com\/wp-content\/uploads\/2014\/10\/Spezialstahle-AUSA.jpg","contentUrl":"https:\/\/www.ausasteel.com\/wp-content\/uploads\/2014\/10\/Spezialstahle-AUSA.jpg"},{"@type":"BreadcrumbList","@id":"https:\/\/www.ausasteel.com\/de\/stahle\/spezialstahlen\/#breadcrumb","itemListElement":[{"@type":"ListItem","position":1,"name":"Portada","item":"https:\/\/www.ausasteel.com\/de\/"},{"@type":"ListItem","position":2,"name":"St\u00e4hle","item":"https:\/\/www.ausasteel.com\/de\/stahle\/"},{"@type":"ListItem","position":3,"name":"Spezialst\u00e4hle"}]},{"@type":"WebSite","@id":"https:\/\/www.ausasteel.com\/de\/#website","url":"https:\/\/www.ausasteel.com\/de\/","name":"AUSA special steels","description":"AUSA special steels","potentialAction":[{"@type":"SearchAction","target":{"@type":"EntryPoint","urlTemplate":"https:\/\/www.ausasteel.com\/de\/?s={search_term_string}"},"query-input":{"@type":"PropertyValueSpecification","valueRequired":true,"valueName":"search_term_string"}}],"inLanguage":"de-DE"}]}},"_links":{"self":[{"href":"https:\/\/www.ausasteel.com\/de\/wp-json\/wp\/v2\/pages\/6631","targetHints":{"allow":["GET"]}}],"collection":[{"href":"https:\/\/www.ausasteel.com\/de\/wp-json\/wp\/v2\/pages"}],"about":[{"href":"https:\/\/www.ausasteel.com\/de\/wp-json\/wp\/v2\/types\/page"}],"author":[{"embeddable":true,"href":"https:\/\/www.ausasteel.com\/de\/wp-json\/wp\/v2\/users\/1"}],"replies":[{"embeddable":true,"href":"https:\/\/www.ausasteel.com\/de\/wp-json\/wp\/v2\/comments?post=6631"}],"version-history":[{"count":18,"href":"https:\/\/www.ausasteel.com\/de\/wp-json\/wp\/v2\/pages\/6631\/revisions"}],"predecessor-version":[{"id":15604,"href":"https:\/\/www.ausasteel.com\/de\/wp-json\/wp\/v2\/pages\/6631\/revisions\/15604"}],"up":[{"embeddable":true,"href":"https:\/\/www.ausasteel.com\/de\/wp-json\/wp\/v2\/pages\/13736"}],"wp:attachment":[{"href":"https:\/\/www.ausasteel.com\/de\/wp-json\/wp\/v2\/media?parent=6631"}],"curies":[{"name":"wp","href":"https:\/\/api.w.org\/{rel}","templated":true}]}}