      {"id":5300,"date":"2014-10-29T18:14:49","date_gmt":"2014-10-29T18:14:49","guid":{"rendered":"http:\/\/ausasteel.irantzu.com\/informacion-tecnica\/tolerancias-dimensionales\/une-36-514-84\/"},"modified":"2019-09-11T15:48:03","modified_gmt":"2019-09-11T15:48:03","slug":"une-36-514-84","status":"publish","type":"page","link":"https:\/\/www.ausasteel.com\/de\/technische-angaben\/masstoleranzen\/une-36-514-84\/","title":{"rendered":"UNE 36-514-84"},"content":{"rendered":"<div class=\"wpb-content-wrapper\"><p>[vc_row el_class=&#8221;h2-nivel-3&#8243; margin_top=&#8221;0&#8243; margin_bottom=&#8221;0&#8243; padding_left=&#8221;40&#8243; padding_right=&#8221;40&#8243; bg_position=&#8221;top&#8221; bg_repeat=&#8221;no-repeat&#8221; bg_cover=&#8221;false&#8221; bg_attachment=&#8221;false&#8221; padding_top=&#8221;40&#8243; padding_bottom=&#8221;40&#8243; parallax_speed=&#8221;0.1&#8243;][vc_column width=&#8221;1\/1&#8243;][vc_column_text]<\/p>\n<h2>Zweck und Anwendungsbereich<\/h2>\n<p>Der Zweck der Norm ist, die Zugabe bei der Bearbeitung <strong>geschmiedeter Stahlstangen<\/strong> in freien Pressen, die durch maschinelle Bearbeitung auf ihre endg\u00fcltigen Abmessungen gebracht werden sollen, zu bestimmen.<\/p>\n<p>Sie <strong>gilt<\/strong> f\u00fcr Stahlstangen<strong> allgemeiner Verwendung<\/strong> (Standard oder hohe Qualit\u00e4t) sowie aus <strong>Spezialst\u00e4hlen<\/strong> (einschlie\u00dflich Werkzeugstahl).<\/p>\n<p>[\/vc_column_text][\/vc_column][\/vc_row][vc_row][vc_column width=&#8221;1\/1&#8243;]<div class=\"hr-thin style-dotted accent-border-color\" style=\"width: 100%;\"><\/div>[\/vc_column][\/vc_row][vc_row margin_top=&#8221;0&#8243; margin_bottom=&#8221;0&#8243; padding_left=&#8221;40&#8243; padding_right=&#8221;40&#8243; animation=&#8221;fade-in&#8221; bg_position=&#8221;top&#8221; bg_repeat=&#8221;no-repeat&#8221; bg_cover=&#8221;false&#8221; bg_attachment=&#8221;false&#8221; padding_top=&#8221;40&#8243; padding_bottom=&#8221;40&#8243; parallax_speed=&#8221;0.1&#8243; el_class=&#8221;h2-nivel-3&#8243;][vc_column width=&#8221;1\/1&#8243;][vc_column_text]<\/p>\n<h2>Tabelle Masstoleranzen<\/h2>\n<p>[\/vc_column_text][\/vc_column][\/vc_row][vc_row margin_top=&#8221;0&#8243; margin_bottom=&#8221;0&#8243; padding_left=&#8221;40&#8243; padding_right=&#8221;40&#8243; animation=&#8221;scale-up&#8221; bg_position=&#8221;top&#8221; bg_repeat=&#8221;no-repeat&#8221; bg_cover=&#8221;false&#8221; bg_attachment=&#8221;false&#8221; padding_top=&#8221;40&#8243; padding_bottom=&#8221;40&#8243; parallax_speed=&#8221;0.1&#8243;][vc_column width=&#8221;1\/2&#8243;][vc_column_text]<\/p>\n<table class=\"10058\" border=\"1\" width=\"100%\">\n<tbody>\n<tr>\n<td class=\"gris\" colspan=\"2\" scope=\"col\" style=\"text-align: center; vertical-align: middle;\"><strong>Profil<\/strong><\/td>\n<td class=\"gris\" scope=\"col\" style=\"text-align: center; vertical-align: middle;\"><img loading=\"lazy\" decoding=\"async\" class=\"aligncenter size-full wp-image-3096\" src=\"https:\/\/www.ausasteel.com\/wp-content\/uploads\/2014\/10\/Redondos.png\" alt=\"Redondos\" width=\"50\" height=\"50\" \/><\/td>\n<\/tr>\n<tr>\n<td class=\"azul\" colspan=\"2\" style=\"text-align: center; vertical-align: middle;\"><strong>Norm<\/strong><\/td>\n<td class=\"azul\" style=\"text-align: center; vertical-align: middle;\"><strong>UNE 36-514-84<\/strong><\/td>\n<\/tr>\n<tr>\n<td class=\"gris\" colspan=\"2\" style=\"text-align: center; vertical-align: middle;\"><strong>Abmessung, mm.<\/strong><\/td>\n<td class=\"gris\" style=\"text-align: center; vertical-align: middle;\"><strong>Toleranz, mm.<\/strong><\/td>\n<\/tr>\n<tr>\n<td style=\"text-align: center; vertical-align: middle;\">\u00a0&gt; 250<\/td>\n<td style=\"text-align: center; vertical-align: middle;\">\u2264 300<\/td>\n<td style=\"text-align: center; vertical-align: middle;\">\u00b16<\/td>\n<\/tr>\n<tr>\n<td style=\"text-align: center; vertical-align: middle;\">&gt; 300<\/td>\n<td style=\"text-align: center; vertical-align: middle;\">\u2264 315<\/td>\n<td style=\"text-align: center; vertical-align: middle;\">\u00b16,5<\/td>\n<\/tr>\n<tr>\n<td style=\"text-align: center; vertical-align: middle;\">&gt; 315<\/td>\n<td style=\"text-align: center; vertical-align: middle;\">\u2264 400<\/td>\n<td style=\"text-align: center; vertical-align: middle;\">\u00b17,7<\/td>\n<\/tr>\n<tr>\n<td style=\"text-align: center; vertical-align: middle;\">&gt; 400<\/td>\n<td style=\"text-align: center; vertical-align: middle;\">\u2264 500<\/td>\n<td style=\"text-align: center; vertical-align: middle;\">\u00b19,2<\/td>\n<\/tr>\n<tr>\n<td style=\"text-align: center; vertical-align: middle;\">&gt; 500<\/td>\n<td style=\"text-align: center; vertical-align: middle;\">\u2264 630<\/td>\n<td style=\"text-align: center; vertical-align: middle;\">\u00b111,0<\/td>\n<\/tr>\n<tr>\n<td style=\"text-align: center; vertical-align: middle;\">&gt; 630<\/td>\n<td style=\"text-align: center; vertical-align: middle;\">\u2264 800<\/td>\n<td style=\"text-align: center; vertical-align: middle;\">\u00b113,5<\/td>\n<\/tr>\n<tr>\n<td style=\"text-align: center; vertical-align: middle;\">&gt; 800<\/td>\n<td style=\"text-align: center; vertical-align: middle;\">\u2264 1000<\/td>\n<td style=\"text-align: center; vertical-align: middle;\">\u00b116,3<\/td>\n<\/tr>\n<\/tbody>\n<\/table>\n<p>[\/vc_column_text][\/vc_column][vc_column width=&#8221;1\/2&#8243;][vc_column_text]<\/p>\n<table class=\"10058\" border=\"1\" width=\"100%\">\n<tbody>\n<tr>\n<td class=\"gris\" colspan=\"2\" scope=\"col\" style=\"text-align: center; vertical-align: middle;\"><strong>Perfil<\/strong><\/td>\n<td class=\"gris\" scope=\"col\" style=\"text-align: center; vertical-align: middle;\"><img loading=\"lazy\" decoding=\"async\" class=\"aligncenter wp-image-3081 size-full\" src=\"https:\/\/www.ausasteel.com\/wp-content\/uploads\/2014\/10\/Cuadrados.png\" alt=\"Cuadrados\" width=\"50\" height=\"50\" \/><\/td>\n<\/tr>\n<tr>\n<td class=\"azul\" colspan=\"2\" style=\"text-align: center; vertical-align: middle;\"><strong>Norm<\/strong><\/td>\n<td class=\"azul\" style=\"text-align: center; vertical-align: middle;\"><strong>UNE 36-514-84<\/strong><\/td>\n<\/tr>\n<tr>\n<td class=\"gris\" colspan=\"2\" style=\"text-align: center; vertical-align: middle;\"><strong>Abmessung, mm.<\/strong><\/td>\n<td class=\"gris\" style=\"text-align: center; vertical-align: middle;\"><strong>Toleranz, mm.<\/strong><\/td>\n<\/tr>\n<tr>\n<td style=\"text-align: center; vertical-align: middle;\">\u00a0&gt; 120<\/td>\n<td style=\"text-align: center; vertical-align: middle;\">\u2264 150<\/td>\n<td style=\"text-align: center; vertical-align: middle;\">\u00b11,8<\/td>\n<\/tr>\n<tr>\n<td style=\"text-align: center; vertical-align: middle;\">&gt; 150<\/td>\n<td style=\"text-align: center; vertical-align: middle;\">\u2264 160<\/td>\n<td style=\"text-align: center; vertical-align: middle;\">\u00b14,2<\/td>\n<\/tr>\n<tr>\n<td style=\"text-align: center; vertical-align: middle;\">&gt; 160<\/td>\n<td style=\"text-align: center; vertical-align: middle;\">\u2264 200<\/td>\n<td style=\"text-align: center; vertical-align: middle;\">\u00b14,9<\/td>\n<\/tr>\n<tr>\n<td style=\"text-align: center; vertical-align: middle;\">&gt; 200<\/td>\n<td style=\"text-align: center; vertical-align: middle;\">\u2264 250<\/td>\n<td style=\"text-align: center; vertical-align: middle;\">\u00b15,8<\/td>\n<\/tr>\n<tr>\n<td style=\"text-align: center; vertical-align: middle;\">&gt; 250<\/td>\n<td style=\"text-align: center; vertical-align: middle;\">\u2264 315<\/td>\n<td style=\"text-align: center; vertical-align: middle;\">\u00b16,5<\/td>\n<\/tr>\n<tr>\n<td style=\"text-align: center; vertical-align: middle;\">&gt; 315<\/td>\n<td style=\"text-align: center; vertical-align: middle;\">\u2264 400<\/td>\n<td style=\"text-align: center; vertical-align: middle;\">\u00b17,7<\/td>\n<\/tr>\n<tr>\n<td style=\"text-align: center; vertical-align: middle;\">&gt; 400<\/td>\n<td style=\"text-align: center; vertical-align: middle;\">\u2264 500<\/td>\n<td style=\"text-align: center; vertical-align: middle;\">\u00b19,2<\/td>\n<\/tr>\n<tr>\n<td style=\"text-align: center; vertical-align: middle;\">&gt; 500<\/td>\n<td style=\"text-align: center; vertical-align: middle;\">\u2264 630<\/td>\n<td style=\"text-align: center; vertical-align: middle;\">\u00b111,0<\/td>\n<\/tr>\n<tr>\n<td style=\"text-align: center; vertical-align: middle;\">&gt; 630<\/td>\n<td style=\"text-align: center; vertical-align: middle;\">\u2264 800<\/td>\n<td style=\"text-align: center; vertical-align: middle;\">\u00b113,5<\/td>\n<\/tr>\n<tr>\n<td style=\"text-align: center; vertical-align: middle;\">&gt; 800<\/td>\n<td style=\"text-align: center; vertical-align: middle;\">\u2264 1000<\/td>\n<td style=\"text-align: center; vertical-align: middle;\">\u00b116,3<\/td>\n<\/tr>\n<\/tbody>\n<\/table>\n<p>[\/vc_column_text][\/vc_column][\/vc_row][vc_row margin_top=&#8221;50px&#8221; margin_bottom=&#8221;50px&#8221; bg_position=&#8221;top&#8221; bg_repeat=&#8221;no-repeat&#8221; bg_cover=&#8221;false&#8221; bg_attachment=&#8221;false&#8221; padding_top=&#8221;40&#8243; padding_bottom=&#8221;40&#8243; parallax_speed=&#8221;0.1&#8243; padding_left=&#8221;40&#8243; padding_right=&#8221;40&#8243;][vc_column width=&#8221;1\/1&#8243; el_class=&#8221;solicita-presupuesto&#8221;][vc_raw_js]JTNDYSUyMG9uY2xpY2slM0QlMjJqUXVlcnklMjglMjdodG1sJTJDJTIwYm9keSUyNyUyOS5hbmltYXRlJTI4JTdCc2Nyb2xsVG9wJTNBalF1ZXJ5JTI4JTI3JTIzeW91ci1uYW1lJTI3JTI5Lm9mZnNldCUyOCUyOS50b3AlMjAtJTIwMjUwJTdEJTJDMTAwMCUyQyUyMGZ1bmN0aW9uJTI4JTI5JTdCalF1ZXJ5JTI4JTI3JTIzeW91ci1uYW1lJTI3JTI5LmZvY3VzJTI4JTI5JTNCalF1ZXJ5JTI4JTI3JTIzdGV4dC0xMSUyNyUyOS5hdHRyJTI4JTI3c3R5bGUlMjclMkMlMjdib3gtc2hhZG93JTNBMCUyMDAlMjAyMHB4JTIwJTIzYWFhJTNCJTI3JTI5JTNCc2V0VGltZW91dCUyOGZ1bmN0aW9uJTI4JTI5JTdCalF1ZXJ5JTI4JTI3JTIzdGV4dC0xMSUyNyUyOS5hdHRyJTI4JTI3c3R5bGUlMjclMkMlMjdib3gtc2hhZG93JTNBMCUzQiUyNyUyOSUzQiU3RCUyQzEwMDAlMjklM0IlN0QlMjklM0JyZXR1cm4lMjBmYWxzZSUzQiUyMiUyMGNsYXNzJTNEJTIyZHQtYnRuJTIwZHQtYnRuLWwlMjIlMjBzdHlsZSUzRCUyMmZvbnQtd2VpZ2h0JTNBJTIwYm9sZCUzQiUyMHBhZGRpbmctbGVmdCUzQSUyMDMwcHglM0IlMjBwYWRkaW5nLXJpZ2h0JTNBJTIwMzBweCUzQiUyMHRleHQtYWxpZ24lM0ElMjBjZW50ZXIlM0IlMjIlMjBocmVmJTNEJTIyJTIzJTIyJTNFRm9yZGVybiUyMFNpZSUyMGVpbiUyMEFuZ2Vib3QlMjBhbiUzQyUyRmElM0U=[\/vc_raw_js][\/vc_column][\/vc_row][vc_row][vc_column width=&#8221;1\/1&#8243;]<div class=\"templatera_shortcode\"><div class=\"menu_tolerancias\">\n<ul class=\"menu\">\n<li><a title=\"EN 10058\" href=\"https:\/\/www.ausasteel.com\/de\/technische-angaben\/masstoleranzen\/en-10058\/\">EN 10058<\/a><\/li>\n<li><a title=\"EN 10059\" href=\"https:\/\/www.ausasteel.com\/de\/technische-angaben\/masstoleranzen\/en-10059\/\">EN 10059<\/a><\/li>\n<li><a title=\"EN 10060\" href=\"https:\/\/www.ausasteel.com\/de\/technische-angaben\/masstoleranzen\/en-10060\/\">EN 10060<\/a><\/li>\n<li><a title=\"EN 10061\" href=\"https:\/\/www.ausasteel.com\/de\/technische-angaben\/masstoleranzen\/en-10061\/\">EN 10061<\/a><\/li>\n<li><a title=\"EN 10278\" href=\"https:\/\/www.ausasteel.com\/de\/technische-angaben\/masstoleranzen\/en-10278\/\">EN 10278<\/a><\/li>\n<li><a title=\"EN 10029 Clase A\" href=\"https:\/\/www.ausasteel.com\/de\/technische-angaben\/masstoleranzen\/en-10029-klasse-a\/\">EN 10029 KLASSE A<\/a><\/li>\n<li><a title=\"EN 10297-1\" href=\"https:\/\/www.ausasteel.com\/de\/technische-angaben\/masstoleranzen\/en-10297-1\/\">EN 10297-1<\/a><\/li>\n<li><a title=\"UNE 36-514-84\" href=\"https:\/\/www.ausasteel.com\/de\/technische-angaben\/masstoleranzen\/une-36-514-84\/\">UNE 36-514-84<\/a><\/li>\n<li><a title=\"DIN 59200 A\" href=\"https:\/\/www.ausasteel.com\/de\/technische-angaben\/masstoleranzen\/din-59200\/\">DIN 59200 A<\/a><\/li>\n<\/ul>\n<\/div><!-- AddThis Advanced Settings generic via filter on the_content --><\/div>[\/vc_column][\/vc_row][vc_row][vc_column width=&#8221;1\/1&#8243;]<div class=\"hr-thin style-dotted accent-border-color\" style=\"width: 100%;\"><\/div>[\/vc_column][\/vc_row][vc_row margin_top=&#8221;0&#8243; margin_bottom=&#8221;0&#8243; padding_left=&#8221;40&#8243; padding_right=&#8221;40&#8243; bg_position=&#8221;top&#8221; bg_repeat=&#8221;no-repeat&#8221; bg_cover=&#8221;false&#8221; bg_attachment=&#8221;false&#8221; padding_top=&#8221;40&#8243; padding_bottom=&#8221;40&#8243; parallax_speed=&#8221;0.1&#8243; el_class=&#8221;a-center&#8221;][vc_column width=&#8221;1\/1&#8243;][vc_column_text]<\/p>\n<h2>Zugeh\u00f6rige technische Angaben<\/h2>\n<p>[\/vc_column_text][\/vc_column][\/vc_row][vc_row el_class=&#8221;menu-inferior ocultar-uno &#8221; margin_top=&#8221;0&#8243; margin_bottom=&#8221;40px&#8221; padding_left=&#8221;40&#8243; padding_right=&#8221;40&#8243; bg_position=&#8221;top&#8221; bg_repeat=&#8221;no-repeat&#8221; bg_cover=&#8221;false&#8221; bg_attachment=&#8221;false&#8221; padding_top=&#8221;40&#8243; padding_bottom=&#8221;40&#8243; parallax_speed=&#8221;0.1&#8243; animation=&#8221;fade-in&#8221;][vc_column width=&#8221;1\/1&#8243;][vc_widget_sidebar show_bg=&#8221;false&#8221; sidebar_id=&#8221;sidebar_26&#8243;][\/vc_column][\/vc_row]<\/p>\n<\/div>","protected":false},"excerpt":{"rendered":"<p>[vc_row el_class=&#8221;h2-nivel-3&#8243; margin_top=&#8221;0&#8243; margin_bottom=&#8221;0&#8243; padding_left=&#8221;40&#8243; padding_right=&#8221;40&#8243; bg_position=&#8221;top&#8221; bg_repeat=&#8221;no-repeat&#8221; bg_cover=&#8221;false&#8221; bg_attachment=&#8221;false&#8221; padding_top=&#8221;40&#8243; padding_bottom=&#8221;40&#8243; parallax_speed=&#8221;0.1&#8243;][vc_column width=&#8221;1\/1&#8243;][vc_column_text] Zweck und Anwendungsbereich Der Zweck der Norm ist, die Zugabe bei der Bearbeitung geschmiedeter Stahlstangen in freien Pressen, die durch maschinelle Bearbeitung auf ihre endg\u00fcltigen Abmessungen gebracht werden sollen, zu bestimmen. Sie gilt f\u00fcr Stahlstangen allgemeiner Verwendung (Standard oder hohe Qualit\u00e4t)&hellip;<!-- AddThis Advanced Settings generic via filter on get_the_excerpt --><\/p>\n","protected":false},"author":1,"featured_media":0,"parent":5264,"menu_order":0,"comment_status":"closed","ping_status":"open","template":"","meta":{"footnotes":""},"class_list":["post-5300","page","type-page","status-publish","hentry"],"yoast_head":"<!-- This site is optimized with the Yoast SEO plugin v26.6 - https:\/\/yoast.com\/wordpress\/plugins\/seo\/ -->\n<title>UNE 36-514-84 - AUSA Special Steels<\/title>\n<meta name=\"description\" content=\"Der Zweck der Norm ist, die Zugabe bei der Bearbeitung geschmiedeter Stahlstangen in freien Pressen, die durch maschinelle Bearbeitung auf...\" \/>\n<meta name=\"robots\" content=\"index, follow, max-snippet:-1, max-image-preview:large, max-video-preview:-1\" \/>\n<link rel=\"canonical\" href=\"https:\/\/www.ausasteel.com\/de\/technische-angaben\/masstoleranzen\/une-36-514-84\/\" \/>\n<meta property=\"og:locale\" content=\"de_DE\" \/>\n<meta property=\"og:type\" content=\"article\" \/>\n<meta property=\"og:title\" content=\"UNE 36-514-84 - AUSA Special Steels\" \/>\n<meta property=\"og:description\" content=\"Der Zweck der Norm ist, die Zugabe bei der Bearbeitung geschmiedeter Stahlstangen in freien Pressen, die durch maschinelle Bearbeitung auf...\" \/>\n<meta property=\"og:url\" content=\"https:\/\/www.ausasteel.com\/de\/technische-angaben\/masstoleranzen\/une-36-514-84\/\" \/>\n<meta property=\"og:site_name\" content=\"AUSA special steels\" \/>\n<meta property=\"article:modified_time\" content=\"2019-09-11T15:48:03+00:00\" \/>\n<meta property=\"og:image\" content=\"https:\/\/www.ausasteel.com\/wp-content\/uploads\/2014\/10\/Redondos.png\" \/>\n<meta name=\"twitter:label1\" content=\"Est. reading time\" \/>\n\t<meta name=\"twitter:data1\" content=\"3 minutes\" \/>\n<script type=\"application\/ld+json\" class=\"yoast-schema-graph\">{\"@context\":\"https:\/\/schema.org\",\"@graph\":[{\"@type\":\"WebPage\",\"@id\":\"https:\/\/www.ausasteel.com\/de\/technische-angaben\/masstoleranzen\/une-36-514-84\/\",\"url\":\"https:\/\/www.ausasteel.com\/de\/technische-angaben\/masstoleranzen\/une-36-514-84\/\",\"name\":\"UNE 36-514-84 - AUSA Special Steels\",\"isPartOf\":{\"@id\":\"https:\/\/www.ausasteel.com\/de\/#website\"},\"primaryImageOfPage\":{\"@id\":\"https:\/\/www.ausasteel.com\/de\/technische-angaben\/masstoleranzen\/une-36-514-84\/#primaryimage\"},\"image\":{\"@id\":\"https:\/\/www.ausasteel.com\/de\/technische-angaben\/masstoleranzen\/une-36-514-84\/#primaryimage\"},\"thumbnailUrl\":\"https:\/\/www.ausasteel.com\/wp-content\/uploads\/2014\/10\/Redondos.png\",\"datePublished\":\"2014-10-29T18:14:49+00:00\",\"dateModified\":\"2019-09-11T15:48:03+00:00\",\"description\":\"Der Zweck der Norm ist, die Zugabe bei der Bearbeitung geschmiedeter Stahlstangen in freien Pressen, die durch maschinelle Bearbeitung auf...\",\"breadcrumb\":{\"@id\":\"https:\/\/www.ausasteel.com\/de\/technische-angaben\/masstoleranzen\/une-36-514-84\/#breadcrumb\"},\"inLanguage\":\"de-DE\",\"potentialAction\":[{\"@type\":\"ReadAction\",\"target\":[\"https:\/\/www.ausasteel.com\/de\/technische-angaben\/masstoleranzen\/une-36-514-84\/\"]}]},{\"@type\":\"ImageObject\",\"inLanguage\":\"de-DE\",\"@id\":\"https:\/\/www.ausasteel.com\/de\/technische-angaben\/masstoleranzen\/une-36-514-84\/#primaryimage\",\"url\":\"https:\/\/www.ausasteel.com\/wp-content\/uploads\/2014\/10\/Redondos.png\",\"contentUrl\":\"https:\/\/www.ausasteel.com\/wp-content\/uploads\/2014\/10\/Redondos.png\"},{\"@type\":\"BreadcrumbList\",\"@id\":\"https:\/\/www.ausasteel.com\/de\/technische-angaben\/masstoleranzen\/une-36-514-84\/#breadcrumb\",\"itemListElement\":[{\"@type\":\"ListItem\",\"position\":1,\"name\":\"Portada\",\"item\":\"https:\/\/www.ausasteel.com\/de\/\"},{\"@type\":\"ListItem\",\"position\":2,\"name\":\"Technische Angaben\",\"item\":\"https:\/\/www.ausasteel.com\/de\/technische-angaben\/\"},{\"@type\":\"ListItem\",\"position\":3,\"name\":\"Masstoleranzen\",\"item\":\"https:\/\/www.ausasteel.com\/de\/technische-angaben\/masstoleranzen\/\"},{\"@type\":\"ListItem\",\"position\":4,\"name\":\"UNE 36-514-84\"}]},{\"@type\":\"WebSite\",\"@id\":\"https:\/\/www.ausasteel.com\/de\/#website\",\"url\":\"https:\/\/www.ausasteel.com\/de\/\",\"name\":\"AUSA special steels\",\"description\":\"AUSA special steels\",\"potentialAction\":[{\"@type\":\"SearchAction\",\"target\":{\"@type\":\"EntryPoint\",\"urlTemplate\":\"https:\/\/www.ausasteel.com\/de\/?s={search_term_string}\"},\"query-input\":{\"@type\":\"PropertyValueSpecification\",\"valueRequired\":true,\"valueName\":\"search_term_string\"}}],\"inLanguage\":\"de-DE\"}]}<\/script>\n<!-- \/ Yoast SEO plugin. -->","yoast_head_json":{"title":"UNE 36-514-84 - AUSA Special Steels","description":"Der Zweck der Norm ist, die Zugabe bei der Bearbeitung geschmiedeter Stahlstangen in freien Pressen, die durch maschinelle Bearbeitung auf...","robots":{"index":"index","follow":"follow","max-snippet":"max-snippet:-1","max-image-preview":"max-image-preview:large","max-video-preview":"max-video-preview:-1"},"canonical":"https:\/\/www.ausasteel.com\/de\/technische-angaben\/masstoleranzen\/une-36-514-84\/","og_locale":"de_DE","og_type":"article","og_title":"UNE 36-514-84 - AUSA Special Steels","og_description":"Der Zweck der Norm ist, die Zugabe bei der Bearbeitung geschmiedeter Stahlstangen in freien Pressen, die durch maschinelle Bearbeitung auf...","og_url":"https:\/\/www.ausasteel.com\/de\/technische-angaben\/masstoleranzen\/une-36-514-84\/","og_site_name":"AUSA special steels","article_modified_time":"2019-09-11T15:48:03+00:00","og_image":[{"url":"https:\/\/www.ausasteel.com\/wp-content\/uploads\/2014\/10\/Redondos.png","type":"","width":"","height":""}],"twitter_misc":{"Est. reading time":"3 minutes"},"schema":{"@context":"https:\/\/schema.org","@graph":[{"@type":"WebPage","@id":"https:\/\/www.ausasteel.com\/de\/technische-angaben\/masstoleranzen\/une-36-514-84\/","url":"https:\/\/www.ausasteel.com\/de\/technische-angaben\/masstoleranzen\/une-36-514-84\/","name":"UNE 36-514-84 - AUSA Special Steels","isPartOf":{"@id":"https:\/\/www.ausasteel.com\/de\/#website"},"primaryImageOfPage":{"@id":"https:\/\/www.ausasteel.com\/de\/technische-angaben\/masstoleranzen\/une-36-514-84\/#primaryimage"},"image":{"@id":"https:\/\/www.ausasteel.com\/de\/technische-angaben\/masstoleranzen\/une-36-514-84\/#primaryimage"},"thumbnailUrl":"https:\/\/www.ausasteel.com\/wp-content\/uploads\/2014\/10\/Redondos.png","datePublished":"2014-10-29T18:14:49+00:00","dateModified":"2019-09-11T15:48:03+00:00","description":"Der Zweck der Norm ist, die Zugabe bei der Bearbeitung geschmiedeter Stahlstangen in freien Pressen, die durch maschinelle Bearbeitung auf...","breadcrumb":{"@id":"https:\/\/www.ausasteel.com\/de\/technische-angaben\/masstoleranzen\/une-36-514-84\/#breadcrumb"},"inLanguage":"de-DE","potentialAction":[{"@type":"ReadAction","target":["https:\/\/www.ausasteel.com\/de\/technische-angaben\/masstoleranzen\/une-36-514-84\/"]}]},{"@type":"ImageObject","inLanguage":"de-DE","@id":"https:\/\/www.ausasteel.com\/de\/technische-angaben\/masstoleranzen\/une-36-514-84\/#primaryimage","url":"https:\/\/www.ausasteel.com\/wp-content\/uploads\/2014\/10\/Redondos.png","contentUrl":"https:\/\/www.ausasteel.com\/wp-content\/uploads\/2014\/10\/Redondos.png"},{"@type":"BreadcrumbList","@id":"https:\/\/www.ausasteel.com\/de\/technische-angaben\/masstoleranzen\/une-36-514-84\/#breadcrumb","itemListElement":[{"@type":"ListItem","position":1,"name":"Portada","item":"https:\/\/www.ausasteel.com\/de\/"},{"@type":"ListItem","position":2,"name":"Technische Angaben","item":"https:\/\/www.ausasteel.com\/de\/technische-angaben\/"},{"@type":"ListItem","position":3,"name":"Masstoleranzen","item":"https:\/\/www.ausasteel.com\/de\/technische-angaben\/masstoleranzen\/"},{"@type":"ListItem","position":4,"name":"UNE 36-514-84"}]},{"@type":"WebSite","@id":"https:\/\/www.ausasteel.com\/de\/#website","url":"https:\/\/www.ausasteel.com\/de\/","name":"AUSA special steels","description":"AUSA special steels","potentialAction":[{"@type":"SearchAction","target":{"@type":"EntryPoint","urlTemplate":"https:\/\/www.ausasteel.com\/de\/?s={search_term_string}"},"query-input":{"@type":"PropertyValueSpecification","valueRequired":true,"valueName":"search_term_string"}}],"inLanguage":"de-DE"}]}},"_links":{"self":[{"href":"https:\/\/www.ausasteel.com\/de\/wp-json\/wp\/v2\/pages\/5300","targetHints":{"allow":["GET"]}}],"collection":[{"href":"https:\/\/www.ausasteel.com\/de\/wp-json\/wp\/v2\/pages"}],"about":[{"href":"https:\/\/www.ausasteel.com\/de\/wp-json\/wp\/v2\/types\/page"}],"author":[{"embeddable":true,"href":"https:\/\/www.ausasteel.com\/de\/wp-json\/wp\/v2\/users\/1"}],"replies":[{"embeddable":true,"href":"https:\/\/www.ausasteel.com\/de\/wp-json\/wp\/v2\/comments?post=5300"}],"version-history":[{"count":5,"href":"https:\/\/www.ausasteel.com\/de\/wp-json\/wp\/v2\/pages\/5300\/revisions"}],"predecessor-version":[{"id":15887,"href":"https:\/\/www.ausasteel.com\/de\/wp-json\/wp\/v2\/pages\/5300\/revisions\/15887"}],"up":[{"embeddable":true,"href":"https:\/\/www.ausasteel.com\/de\/wp-json\/wp\/v2\/pages\/5264"}],"wp:attachment":[{"href":"https:\/\/www.ausasteel.com\/de\/wp-json\/wp\/v2\/media?parent=5300"}],"curies":[{"name":"wp","href":"https:\/\/api.w.org\/{rel}","templated":true}]}}