      {"id":5293,"date":"2014-10-29T18:13:10","date_gmt":"2014-10-29T18:13:10","guid":{"rendered":"http:\/\/ausasteel.irantzu.com\/informacion-tecnica\/tolerancias-dimensionales\/en-10029-clase\/"},"modified":"2019-09-11T15:48:35","modified_gmt":"2019-09-11T15:48:35","slug":"en-10029-klasse-a","status":"publish","type":"page","link":"https:\/\/www.ausasteel.com\/de\/technische-angaben\/masstoleranzen\/en-10029-klasse-a\/","title":{"rendered":"EN 10029 Klasse A"},"content":{"rendered":"<div class=\"wpb-content-wrapper\"><div class=\"row\">\n<div class=\"container\">\n<h1>EN 10061<\/h1>\n<h3>EN 10029 Klasse A<\/h3>\n<p>Europ\u00e4ische Norm, die die <strong>Toleranzen warmgewalzter<\/strong>, legierter oder nicht legierter <strong>Stahlbleche<\/strong> festlegt, einschlie\u00dflich rostfreier St\u00e4hle folgender Merkmale:<\/p>\n<ul class=\"standard-arrow\">\n<li>Nennst\u00e4rke zwischen 3 und 250 mm. (beide eingeschlossen)<\/li>\n<li>Nennbreite gleich oder gr\u00f6\u00dfer 600 mm.<\/li>\n<li>Minimale angegebene Streckgrenze unter 700 N\/mm\u00b2.<\/li>\n<\/ul>\n<\/div>\n<\/div>\n<div class=\"row\">\n<div class=\"container\">\n<h3>Tabelle Masstoleranzen<\/h3>\n<table class=\"10058\" border=\"1\" width=\"100%\">\n<tbody>\n<tr>\n<td class=\"gris\" colspan=\"2\" scope=\"col\" style=\"text-align: center; vertical-align: middle;\"><strong>Profil<\/strong><\/td>\n<td class=\"gris\" colspan=\"2\" scope=\"col\" style=\"text-align: center; vertical-align: middle;\"><img loading=\"lazy\" decoding=\"async\" class=\"aligncenter wp-image-3091 size-full\" src=\"https:\/\/www.ausasteel.com\/wp-content\/uploads\/2014\/10\/Planos.png\" alt=\"Planos\" width=\"80\" height=\"40\" \/><\/td>\n<\/tr>\n<tr>\n<td class=\"azul\" colspan=\"2\" style=\"text-align: center; vertical-align: middle;\"><strong>Norm<\/strong><\/td>\n<td class=\"azul\" colspan=\"2\" style=\"text-align: center; vertical-align: middle;\"><strong>EN 10029 Clase A<\/strong><\/td>\n<\/tr>\n<tr>\n<td class=\"gris\" colspan=\"2\" style=\"text-align: center; vertical-align: middle;\"><strong>Abmessung, mm.<\/strong><\/td>\n<td class=\"gris\" colspan=\"2\" style=\"text-align: center; vertical-align: middle;\"><strong>Toleranz, mm.<\/strong><\/td>\n<\/tr>\n<tr>\n<td class=\"azul\" colspan=\"4\" style=\"text-align: center; vertical-align: middle;\"><strong>St\u00e4rke<\/strong><\/td>\n<\/tr>\n<tr>\n<td style=\"text-align: center; vertical-align: middle;\">\u00a0\u2265 3<\/td>\n<td style=\"text-align: center; vertical-align: middle;\">&lt;5<\/td>\n<td style=\"text-align: center; vertical-align: middle;\">-0.4<\/td>\n<td style=\"text-align: center; vertical-align: middle;\">+0.8<\/td>\n<\/tr>\n<tr>\n<td style=\"text-align: center; vertical-align: middle;\">\u2265 5<\/td>\n<td style=\"text-align: center; vertical-align: middle;\">&lt;8<\/td>\n<td style=\"text-align: center; vertical-align: middle;\">-0.4<\/td>\n<td style=\"text-align: center; vertical-align: middle;\">+1.1<\/td>\n<\/tr>\n<tr>\n<td style=\"text-align: center; vertical-align: middle;\">\u2265 8<\/td>\n<td style=\"text-align: center; vertical-align: middle;\">&lt;15<\/td>\n<td style=\"text-align: center; vertical-align: middle;\">-0.5<\/td>\n<td style=\"text-align: center; vertical-align: middle;\">+1.2<\/td>\n<\/tr>\n<tr>\n<td class=\"azul\" colspan=\"4\" style=\"text-align: center; vertical-align: middle;\"><strong>Breite<\/strong><\/td>\n<\/tr>\n<tr>\n<td style=\"text-align: center; vertical-align: middle;\">\u2265 600<\/td>\n<td style=\"text-align: center; vertical-align: middle;\">&lt;2000<\/td>\n<td style=\"text-align: center; vertical-align: middle;\">-0<\/td>\n<td style=\"text-align: center; vertical-align: middle;\">20<\/td>\n<\/tr>\n<\/tbody>\n<\/table>\n<\/div>\n<\/div>\n<p>[vc_row][vc_column width=&#8221;1\/1&#8243;]<div class=\"templatera_shortcode\"><div class=\"menu_tolerancias\">\n<ul class=\"menu\">\n<li><a title=\"EN 10058\" href=\"https:\/\/www.ausasteel.com\/de\/technische-angaben\/masstoleranzen\/en-10058\/\">EN 10058<\/a><\/li>\n<li><a title=\"EN 10059\" href=\"https:\/\/www.ausasteel.com\/de\/technische-angaben\/masstoleranzen\/en-10059\/\">EN 10059<\/a><\/li>\n<li><a title=\"EN 10060\" href=\"https:\/\/www.ausasteel.com\/de\/technische-angaben\/masstoleranzen\/en-10060\/\">EN 10060<\/a><\/li>\n<li><a title=\"EN 10061\" href=\"https:\/\/www.ausasteel.com\/de\/technische-angaben\/masstoleranzen\/en-10061\/\">EN 10061<\/a><\/li>\n<li><a title=\"EN 10278\" href=\"https:\/\/www.ausasteel.com\/de\/technische-angaben\/masstoleranzen\/en-10278\/\">EN 10278<\/a><\/li>\n<li><a title=\"EN 10029 Clase A\" href=\"https:\/\/www.ausasteel.com\/de\/technische-angaben\/masstoleranzen\/en-10029-klasse-a\/\">EN 10029 KLASSE A<\/a><\/li>\n<li><a title=\"EN 10297-1\" href=\"https:\/\/www.ausasteel.com\/de\/technische-angaben\/masstoleranzen\/en-10297-1\/\">EN 10297-1<\/a><\/li>\n<li><a title=\"UNE 36-514-84\" href=\"https:\/\/www.ausasteel.com\/de\/technische-angaben\/masstoleranzen\/une-36-514-84\/\">UNE 36-514-84<\/a><\/li>\n<li><a title=\"DIN 59200 A\" href=\"https:\/\/www.ausasteel.com\/de\/technische-angaben\/masstoleranzen\/din-59200\/\">DIN 59200 A<\/a><\/li>\n<\/ul>\n<\/div><!-- AddThis Advanced Settings generic via filter on the_content --><\/div>[\/vc_column][\/vc_row]<\/p>\n<div class=\"row gris\" id=\"informacion_tecnica\">\n<div class=\"container\">\n<h2>Technische Angaben<\/h2>\n<p>[vc_widget_sidebar show_bg=&#8221;false&#8221; sidebar_id=&#8221;sidebar_26&#8243;]\n<\/p><\/div>\n<\/div>\n<\/div>","protected":false},"excerpt":{"rendered":"<p>EN 10061 EN 10029 Klasse A Europ\u00e4ische Norm, die die Toleranzen warmgewalzter, legierter oder nicht legierter Stahlbleche festlegt, einschlie\u00dflich rostfreier St\u00e4hle folgender Merkmale: Nennst\u00e4rke zwischen 3 und 250 mm. (beide eingeschlossen) Nennbreite gleich oder gr\u00f6\u00dfer 600 mm. Minimale angegebene Streckgrenze unter 700 N\/mm\u00b2. Tabelle Masstoleranzen Profil Norm EN 10029 Clase A Abmessung, mm. Toleranz, mm.&hellip;<!-- AddThis Advanced Settings generic via filter on get_the_excerpt --><\/p>\n","protected":false},"author":1,"featured_media":0,"parent":5264,"menu_order":0,"comment_status":"closed","ping_status":"open","template":"","meta":{"footnotes":""},"class_list":["post-5293","page","type-page","status-publish","hentry"],"yoast_head":"<!-- This site is optimized with the Yoast SEO plugin v26.6 - https:\/\/yoast.com\/wordpress\/plugins\/seo\/ -->\n<title>EN 10029 Klasse A - AUSA Special Steels<\/title>\n<meta name=\"description\" content=\"Europ\u00e4ische Norm, die die Toleranzen warmgewalzter, legierter oder nicht legierter Stahlbleche festlegt, einschlie\u00dflich rostfreier St\u00e4hle folgender Merkmale:\" \/>\n<meta name=\"robots\" content=\"index, follow, max-snippet:-1, max-image-preview:large, max-video-preview:-1\" \/>\n<link rel=\"canonical\" href=\"https:\/\/www.ausasteel.com\/de\/technische-angaben\/masstoleranzen\/en-10029-klasse-a\/\" \/>\n<meta property=\"og:locale\" content=\"de_DE\" \/>\n<meta property=\"og:type\" content=\"article\" \/>\n<meta property=\"og:title\" content=\"EN 10029 Klasse A - AUSA Special Steels\" \/>\n<meta property=\"og:description\" content=\"Europ\u00e4ische Norm, die die Toleranzen warmgewalzter, legierter oder nicht legierter Stahlbleche festlegt, einschlie\u00dflich rostfreier St\u00e4hle folgender Merkmale:\" \/>\n<meta property=\"og:url\" content=\"https:\/\/www.ausasteel.com\/de\/technische-angaben\/masstoleranzen\/en-10029-klasse-a\/\" \/>\n<meta property=\"og:site_name\" content=\"AUSA special steels\" \/>\n<meta property=\"article:modified_time\" content=\"2019-09-11T15:48:35+00:00\" \/>\n<meta property=\"og:image\" content=\"https:\/\/www.ausasteel.com\/wp-content\/uploads\/2014\/10\/Planos.png\" \/>\n<script type=\"application\/ld+json\" class=\"yoast-schema-graph\">{\"@context\":\"https:\/\/schema.org\",\"@graph\":[{\"@type\":\"WebPage\",\"@id\":\"https:\/\/www.ausasteel.com\/de\/technische-angaben\/masstoleranzen\/en-10029-klasse-a\/\",\"url\":\"https:\/\/www.ausasteel.com\/de\/technische-angaben\/masstoleranzen\/en-10029-klasse-a\/\",\"name\":\"EN 10029 Klasse A - AUSA Special Steels\",\"isPartOf\":{\"@id\":\"https:\/\/www.ausasteel.com\/de\/#website\"},\"primaryImageOfPage\":{\"@id\":\"https:\/\/www.ausasteel.com\/de\/technische-angaben\/masstoleranzen\/en-10029-klasse-a\/#primaryimage\"},\"image\":{\"@id\":\"https:\/\/www.ausasteel.com\/de\/technische-angaben\/masstoleranzen\/en-10029-klasse-a\/#primaryimage\"},\"thumbnailUrl\":\"https:\/\/www.ausasteel.com\/wp-content\/uploads\/2014\/10\/Planos.png\",\"datePublished\":\"2014-10-29T18:13:10+00:00\",\"dateModified\":\"2019-09-11T15:48:35+00:00\",\"description\":\"Europ\u00e4ische Norm, die die Toleranzen warmgewalzter, legierter oder nicht legierter Stahlbleche festlegt, einschlie\u00dflich rostfreier St\u00e4hle folgender Merkmale:\",\"breadcrumb\":{\"@id\":\"https:\/\/www.ausasteel.com\/de\/technische-angaben\/masstoleranzen\/en-10029-klasse-a\/#breadcrumb\"},\"inLanguage\":\"de-DE\",\"potentialAction\":[{\"@type\":\"ReadAction\",\"target\":[\"https:\/\/www.ausasteel.com\/de\/technische-angaben\/masstoleranzen\/en-10029-klasse-a\/\"]}]},{\"@type\":\"ImageObject\",\"inLanguage\":\"de-DE\",\"@id\":\"https:\/\/www.ausasteel.com\/de\/technische-angaben\/masstoleranzen\/en-10029-klasse-a\/#primaryimage\",\"url\":\"https:\/\/www.ausasteel.com\/wp-content\/uploads\/2014\/10\/Planos.png\",\"contentUrl\":\"https:\/\/www.ausasteel.com\/wp-content\/uploads\/2014\/10\/Planos.png\"},{\"@type\":\"BreadcrumbList\",\"@id\":\"https:\/\/www.ausasteel.com\/de\/technische-angaben\/masstoleranzen\/en-10029-klasse-a\/#breadcrumb\",\"itemListElement\":[{\"@type\":\"ListItem\",\"position\":1,\"name\":\"Portada\",\"item\":\"https:\/\/www.ausasteel.com\/de\/\"},{\"@type\":\"ListItem\",\"position\":2,\"name\":\"Technische Angaben\",\"item\":\"https:\/\/www.ausasteel.com\/de\/technische-angaben\/\"},{\"@type\":\"ListItem\",\"position\":3,\"name\":\"Masstoleranzen\",\"item\":\"https:\/\/www.ausasteel.com\/de\/technische-angaben\/masstoleranzen\/\"},{\"@type\":\"ListItem\",\"position\":4,\"name\":\"EN 10029 Klasse A\"}]},{\"@type\":\"WebSite\",\"@id\":\"https:\/\/www.ausasteel.com\/de\/#website\",\"url\":\"https:\/\/www.ausasteel.com\/de\/\",\"name\":\"AUSA special steels\",\"description\":\"AUSA special steels\",\"potentialAction\":[{\"@type\":\"SearchAction\",\"target\":{\"@type\":\"EntryPoint\",\"urlTemplate\":\"https:\/\/www.ausasteel.com\/de\/?s={search_term_string}\"},\"query-input\":{\"@type\":\"PropertyValueSpecification\",\"valueRequired\":true,\"valueName\":\"search_term_string\"}}],\"inLanguage\":\"de-DE\"}]}<\/script>\n<!-- \/ Yoast SEO plugin. -->","yoast_head_json":{"title":"EN 10029 Klasse A - AUSA Special Steels","description":"Europ\u00e4ische Norm, die die Toleranzen warmgewalzter, legierter oder nicht legierter Stahlbleche festlegt, einschlie\u00dflich rostfreier St\u00e4hle folgender Merkmale:","robots":{"index":"index","follow":"follow","max-snippet":"max-snippet:-1","max-image-preview":"max-image-preview:large","max-video-preview":"max-video-preview:-1"},"canonical":"https:\/\/www.ausasteel.com\/de\/technische-angaben\/masstoleranzen\/en-10029-klasse-a\/","og_locale":"de_DE","og_type":"article","og_title":"EN 10029 Klasse A - AUSA Special Steels","og_description":"Europ\u00e4ische Norm, die die Toleranzen warmgewalzter, legierter oder nicht legierter Stahlbleche festlegt, einschlie\u00dflich rostfreier St\u00e4hle folgender Merkmale:","og_url":"https:\/\/www.ausasteel.com\/de\/technische-angaben\/masstoleranzen\/en-10029-klasse-a\/","og_site_name":"AUSA special steels","article_modified_time":"2019-09-11T15:48:35+00:00","og_image":[{"url":"https:\/\/www.ausasteel.com\/wp-content\/uploads\/2014\/10\/Planos.png","type":"","width":"","height":""}],"schema":{"@context":"https:\/\/schema.org","@graph":[{"@type":"WebPage","@id":"https:\/\/www.ausasteel.com\/de\/technische-angaben\/masstoleranzen\/en-10029-klasse-a\/","url":"https:\/\/www.ausasteel.com\/de\/technische-angaben\/masstoleranzen\/en-10029-klasse-a\/","name":"EN 10029 Klasse A - AUSA Special Steels","isPartOf":{"@id":"https:\/\/www.ausasteel.com\/de\/#website"},"primaryImageOfPage":{"@id":"https:\/\/www.ausasteel.com\/de\/technische-angaben\/masstoleranzen\/en-10029-klasse-a\/#primaryimage"},"image":{"@id":"https:\/\/www.ausasteel.com\/de\/technische-angaben\/masstoleranzen\/en-10029-klasse-a\/#primaryimage"},"thumbnailUrl":"https:\/\/www.ausasteel.com\/wp-content\/uploads\/2014\/10\/Planos.png","datePublished":"2014-10-29T18:13:10+00:00","dateModified":"2019-09-11T15:48:35+00:00","description":"Europ\u00e4ische Norm, die die Toleranzen warmgewalzter, legierter oder nicht legierter Stahlbleche festlegt, einschlie\u00dflich rostfreier St\u00e4hle folgender Merkmale:","breadcrumb":{"@id":"https:\/\/www.ausasteel.com\/de\/technische-angaben\/masstoleranzen\/en-10029-klasse-a\/#breadcrumb"},"inLanguage":"de-DE","potentialAction":[{"@type":"ReadAction","target":["https:\/\/www.ausasteel.com\/de\/technische-angaben\/masstoleranzen\/en-10029-klasse-a\/"]}]},{"@type":"ImageObject","inLanguage":"de-DE","@id":"https:\/\/www.ausasteel.com\/de\/technische-angaben\/masstoleranzen\/en-10029-klasse-a\/#primaryimage","url":"https:\/\/www.ausasteel.com\/wp-content\/uploads\/2014\/10\/Planos.png","contentUrl":"https:\/\/www.ausasteel.com\/wp-content\/uploads\/2014\/10\/Planos.png"},{"@type":"BreadcrumbList","@id":"https:\/\/www.ausasteel.com\/de\/technische-angaben\/masstoleranzen\/en-10029-klasse-a\/#breadcrumb","itemListElement":[{"@type":"ListItem","position":1,"name":"Portada","item":"https:\/\/www.ausasteel.com\/de\/"},{"@type":"ListItem","position":2,"name":"Technische Angaben","item":"https:\/\/www.ausasteel.com\/de\/technische-angaben\/"},{"@type":"ListItem","position":3,"name":"Masstoleranzen","item":"https:\/\/www.ausasteel.com\/de\/technische-angaben\/masstoleranzen\/"},{"@type":"ListItem","position":4,"name":"EN 10029 Klasse A"}]},{"@type":"WebSite","@id":"https:\/\/www.ausasteel.com\/de\/#website","url":"https:\/\/www.ausasteel.com\/de\/","name":"AUSA special steels","description":"AUSA special steels","potentialAction":[{"@type":"SearchAction","target":{"@type":"EntryPoint","urlTemplate":"https:\/\/www.ausasteel.com\/de\/?s={search_term_string}"},"query-input":{"@type":"PropertyValueSpecification","valueRequired":true,"valueName":"search_term_string"}}],"inLanguage":"de-DE"}]}},"_links":{"self":[{"href":"https:\/\/www.ausasteel.com\/de\/wp-json\/wp\/v2\/pages\/5293","targetHints":{"allow":["GET"]}}],"collection":[{"href":"https:\/\/www.ausasteel.com\/de\/wp-json\/wp\/v2\/pages"}],"about":[{"href":"https:\/\/www.ausasteel.com\/de\/wp-json\/wp\/v2\/types\/page"}],"author":[{"embeddable":true,"href":"https:\/\/www.ausasteel.com\/de\/wp-json\/wp\/v2\/users\/1"}],"replies":[{"embeddable":true,"href":"https:\/\/www.ausasteel.com\/de\/wp-json\/wp\/v2\/comments?post=5293"}],"version-history":[{"count":9,"href":"https:\/\/www.ausasteel.com\/de\/wp-json\/wp\/v2\/pages\/5293\/revisions"}],"predecessor-version":[{"id":15897,"href":"https:\/\/www.ausasteel.com\/de\/wp-json\/wp\/v2\/pages\/5293\/revisions\/15897"}],"up":[{"embeddable":true,"href":"https:\/\/www.ausasteel.com\/de\/wp-json\/wp\/v2\/pages\/5264"}],"wp:attachment":[{"href":"https:\/\/www.ausasteel.com\/de\/wp-json\/wp\/v2\/media?parent=5293"}],"curies":[{"name":"wp","href":"https:\/\/api.w.org\/{rel}","templated":true}]}}