      {"id":5271,"date":"2014-10-29T18:05:00","date_gmt":"2014-10-29T18:05:00","guid":{"rendered":"http:\/\/ausasteel.irantzu.com\/informacion-tecnica\/tolerancias-dimensionales\/en-10058\/"},"modified":"2019-09-11T15:49:52","modified_gmt":"2019-09-11T15:49:52","slug":"en-10058","status":"publish","type":"page","link":"https:\/\/www.ausasteel.com\/de\/technische-angaben\/masstoleranzen\/en-10058\/","title":{"rendered":"EN 10058"},"content":{"rendered":"<div class=\"wpb-content-wrapper\"><div class=\"row\">\n<div class=\"container\">\n<h1>EN 10058<\/h1>\n<h3>Zweck und Anwendungsbereich<\/h3>\n<p>Europ\u00e4ische Norm, die die <strong>Nennabmessungen, Ma\u00dftoleranzen sowie die Form rechteckiger Stangen warmgewalzten Stahls<\/strong> f\u00fcr <strong>allgemeinen Einsatz<\/strong> festlegt.<\/p>\n<\/div>\n<\/div>\n<div class=\"row\">\n<div class=\"container\">\n<h3>Tabelle Masstoleranzen<\/h3>\n<table class=\"10058\" border=\"1\" width=\"100%\">\n<tbody>\n<tr>\n<td class=\"gris\" colspan=\"2\" scope=\"col\" style=\"text-align: center; vertical-align: middle;\"><strong>Profil<\/strong><\/td>\n<td class=\"gris\" scope=\"col\" style=\"text-align: center; vertical-align: middle;\"><a href=\"https:\/\/www.ausasteel.com\/wp-content\/uploads\/2014\/10\/Planos.png\" data-rel=\"lightbox-gallery-aZL9Qe7A\" data-rl_title=\"\" data-rl_caption=\"\" title=\"\"><img loading=\"lazy\" decoding=\"async\" class=\"aligncenter wp-image-3091 size-full\" src=\"https:\/\/www.ausasteel.com\/wp-content\/uploads\/2014\/10\/Planos.png\" alt=\"Planos\" width=\"80\" height=\"40\" \/><\/a><\/td>\n<\/tr>\n<tr>\n<td class=\"azul\" colspan=\"2\" style=\"text-align: center; vertical-align: middle;\"><strong>Norm<\/strong><\/td>\n<td class=\"azul\" style=\"text-align: center; vertical-align: middle;\"><strong>EN 10058<\/strong><\/td>\n<\/tr>\n<tr>\n<td class=\"gris\" colspan=\"2\" style=\"text-align: center; vertical-align: middle;\"><strong>Abmessung, mm.<\/strong><\/td>\n<td class=\"gris\" style=\"text-align: center; vertical-align: middle;\"><strong>Toleranz, mm.<\/strong><\/td>\n<\/tr>\n<tr>\n<td class=\"azul\" colspan=\"3\" rowspan=\"2\" style=\"text-align: center; vertical-align: middle;\"><strong>St\u00e4rke (Breite\u2264 <strong>150 mm.)<\/strong><\/strong><\/td>\n<\/tr>\n<tr>\n<td style=\"text-align: center; vertical-align: middle;\"><\/td>\n<td style=\"text-align: center; vertical-align: middle;\">\u2264 20<\/td>\n<td style=\"text-align: center; vertical-align: middle;\">\u00b10.5<\/td>\n<\/tr>\n<tr>\n<td style=\"text-align: center; vertical-align: middle;\">&gt; 20<\/td>\n<td style=\"text-align: center; vertical-align: middle;\">\u2264 40<\/td>\n<td style=\"text-align: center; vertical-align: middle;\">\u00b11<\/td>\n<\/tr>\n<tr>\n<td style=\"text-align: center; vertical-align: middle;\">&gt; 40<\/td>\n<td style=\"text-align: center; vertical-align: middle;\">\u2264 80<\/td>\n<td style=\"text-align: center; vertical-align: middle;\">\u00b11.5<\/td>\n<\/tr>\n<tr>\n<td class=\"azul\" colspan=\"3\" rowspan=\"2\" style=\"text-align: center; vertical-align: middle;\"><strong>Breite mm.<\/strong><\/td>\n<\/tr>\n<tr>\n<td style=\"text-align: center; vertical-align: middle;\">\u2265 10<\/td>\n<td style=\"text-align: center; vertical-align: middle;\">\u2264 40<\/td>\n<td style=\"text-align: center; vertical-align: middle;\">\u00b10.75<\/td>\n<\/tr>\n<tr>\n<td style=\"text-align: center; vertical-align: middle;\">&gt; 40<\/td>\n<td style=\"text-align: center; vertical-align: middle;\">\u2264 80<\/td>\n<td style=\"text-align: center; vertical-align: middle;\">\u00b11.0<\/td>\n<\/tr>\n<tr>\n<td style=\"text-align: center; vertical-align: middle;\">&gt; 80<\/td>\n<td style=\"text-align: center; vertical-align: middle;\">\u2264 100<\/td>\n<td style=\"text-align: center; vertical-align: middle;\">\u00b11.5<\/td>\n<\/tr>\n<tr>\n<td style=\"text-align: center; vertical-align: middle;\">&gt; 100<\/td>\n<td style=\"text-align: center; vertical-align: middle;\">\u2264 120<\/td>\n<td style=\"text-align: center; vertical-align: middle;\">\u00b12.0<\/td>\n<\/tr>\n<tr>\n<td style=\"text-align: center; vertical-align: middle;\">&gt; 120<\/td>\n<td style=\"text-align: center; vertical-align: middle;\">\u2264 150<\/td>\n<td style=\"text-align: center; vertical-align: middle;\">\u00b12.5<\/td>\n<\/tr>\n<\/tbody>\n<\/table>\n<\/div>\n<\/div>\n<p>[vc_row][vc_column width=&#8221;1\/1&#8243;]<div class=\"templatera_shortcode\"><div class=\"menu_tolerancias\">\n<ul class=\"menu\">\n<li><a title=\"EN 10058\" href=\"https:\/\/www.ausasteel.com\/de\/technische-angaben\/masstoleranzen\/en-10058\/\">EN 10058<\/a><\/li>\n<li><a title=\"EN 10059\" href=\"https:\/\/www.ausasteel.com\/de\/technische-angaben\/masstoleranzen\/en-10059\/\">EN 10059<\/a><\/li>\n<li><a title=\"EN 10060\" href=\"https:\/\/www.ausasteel.com\/de\/technische-angaben\/masstoleranzen\/en-10060\/\">EN 10060<\/a><\/li>\n<li><a title=\"EN 10061\" href=\"https:\/\/www.ausasteel.com\/de\/technische-angaben\/masstoleranzen\/en-10061\/\">EN 10061<\/a><\/li>\n<li><a title=\"EN 10278\" href=\"https:\/\/www.ausasteel.com\/de\/technische-angaben\/masstoleranzen\/en-10278\/\">EN 10278<\/a><\/li>\n<li><a title=\"EN 10029 Clase A\" href=\"https:\/\/www.ausasteel.com\/de\/technische-angaben\/masstoleranzen\/en-10029-klasse-a\/\">EN 10029 KLASSE A<\/a><\/li>\n<li><a title=\"EN 10297-1\" href=\"https:\/\/www.ausasteel.com\/de\/technische-angaben\/masstoleranzen\/en-10297-1\/\">EN 10297-1<\/a><\/li>\n<li><a title=\"UNE 36-514-84\" href=\"https:\/\/www.ausasteel.com\/de\/technische-angaben\/masstoleranzen\/une-36-514-84\/\">UNE 36-514-84<\/a><\/li>\n<li><a title=\"DIN 59200 A\" href=\"https:\/\/www.ausasteel.com\/de\/technische-angaben\/masstoleranzen\/din-59200\/\">DIN 59200 A<\/a><\/li>\n<\/ul>\n<\/div><!-- AddThis Advanced Settings generic via filter on the_content --><\/div>[\/vc_column][\/vc_row]<\/p>\n<div class=\"row gris\" id=\"informacion_tecnica\">\n<div class=\"container\">\n<h2>Technische Angaben<\/h2>\n<p>[vc_widget_sidebar show_bg=&#8221;false&#8221; sidebar_id=&#8221;sidebar_26&#8243;]\n<\/p><\/div>\n<\/div>\n<\/div>","protected":false},"excerpt":{"rendered":"<p>EN 10058 Zweck und Anwendungsbereich Europ\u00e4ische Norm, die die Nennabmessungen, Ma\u00dftoleranzen sowie die Form rechteckiger Stangen warmgewalzten Stahls f\u00fcr allgemeinen Einsatz festlegt. Tabelle Masstoleranzen Profil Norm EN 10058 Abmessung, mm. Toleranz, mm. St\u00e4rke (Breite\u2264 150 mm.) \u2264 20 \u00b10.5 &gt; 20 \u2264 40 \u00b11 &gt; 40 \u2264 80 \u00b11.5 Breite mm. \u2265 10 \u2264 40&hellip;<!-- AddThis Advanced Settings generic via filter on get_the_excerpt --><\/p>\n","protected":false},"author":1,"featured_media":0,"parent":5264,"menu_order":0,"comment_status":"closed","ping_status":"open","template":"","meta":{"footnotes":""},"class_list":["post-5271","page","type-page","status-publish","hentry"],"yoast_head":"<!-- This site is optimized with the Yoast SEO plugin v26.6 - https:\/\/yoast.com\/wordpress\/plugins\/seo\/ -->\n<title>EN 10058 - AUSA Special Steel<\/title>\n<meta name=\"description\" content=\"Europ\u00e4ische Norm, die die Nennabmessungen, Ma\u00dftoleranzen sowie die Form rechteckiger Stangen warmgewalzten Stahls f\u00fcr allgemeinen Einsatz festlegt.\" \/>\n<meta name=\"robots\" content=\"index, follow, max-snippet:-1, max-image-preview:large, max-video-preview:-1\" \/>\n<link rel=\"canonical\" href=\"https:\/\/www.ausasteel.com\/de\/technische-angaben\/masstoleranzen\/en-10058\/\" \/>\n<meta property=\"og:locale\" content=\"de_DE\" \/>\n<meta property=\"og:type\" content=\"article\" \/>\n<meta property=\"og:title\" content=\"EN 10058 - AUSA Special Steel\" \/>\n<meta property=\"og:description\" content=\"Europ\u00e4ische Norm, die die Nennabmessungen, Ma\u00dftoleranzen sowie die Form rechteckiger Stangen warmgewalzten Stahls f\u00fcr allgemeinen Einsatz festlegt.\" \/>\n<meta property=\"og:url\" content=\"https:\/\/www.ausasteel.com\/de\/technische-angaben\/masstoleranzen\/en-10058\/\" \/>\n<meta property=\"og:site_name\" content=\"AUSA special steels\" \/>\n<meta property=\"article:modified_time\" content=\"2019-09-11T15:49:52+00:00\" \/>\n<meta property=\"og:image\" content=\"https:\/\/www.ausasteel.com\/wp-content\/uploads\/2014\/10\/Planos.png\" \/>\n<script type=\"application\/ld+json\" class=\"yoast-schema-graph\">{\"@context\":\"https:\/\/schema.org\",\"@graph\":[{\"@type\":\"WebPage\",\"@id\":\"https:\/\/www.ausasteel.com\/de\/technische-angaben\/masstoleranzen\/en-10058\/\",\"url\":\"https:\/\/www.ausasteel.com\/de\/technische-angaben\/masstoleranzen\/en-10058\/\",\"name\":\"EN 10058 - AUSA Special Steel\",\"isPartOf\":{\"@id\":\"https:\/\/www.ausasteel.com\/de\/#website\"},\"primaryImageOfPage\":{\"@id\":\"https:\/\/www.ausasteel.com\/de\/technische-angaben\/masstoleranzen\/en-10058\/#primaryimage\"},\"image\":{\"@id\":\"https:\/\/www.ausasteel.com\/de\/technische-angaben\/masstoleranzen\/en-10058\/#primaryimage\"},\"thumbnailUrl\":\"https:\/\/www.ausasteel.com\/wp-content\/uploads\/2014\/10\/Planos.png\",\"datePublished\":\"2014-10-29T18:05:00+00:00\",\"dateModified\":\"2019-09-11T15:49:52+00:00\",\"description\":\"Europ\u00e4ische Norm, die die Nennabmessungen, Ma\u00dftoleranzen sowie die Form rechteckiger Stangen warmgewalzten Stahls f\u00fcr allgemeinen Einsatz festlegt.\",\"breadcrumb\":{\"@id\":\"https:\/\/www.ausasteel.com\/de\/technische-angaben\/masstoleranzen\/en-10058\/#breadcrumb\"},\"inLanguage\":\"de-DE\",\"potentialAction\":[{\"@type\":\"ReadAction\",\"target\":[\"https:\/\/www.ausasteel.com\/de\/technische-angaben\/masstoleranzen\/en-10058\/\"]}]},{\"@type\":\"ImageObject\",\"inLanguage\":\"de-DE\",\"@id\":\"https:\/\/www.ausasteel.com\/de\/technische-angaben\/masstoleranzen\/en-10058\/#primaryimage\",\"url\":\"https:\/\/www.ausasteel.com\/wp-content\/uploads\/2014\/10\/Planos.png\",\"contentUrl\":\"https:\/\/www.ausasteel.com\/wp-content\/uploads\/2014\/10\/Planos.png\"},{\"@type\":\"BreadcrumbList\",\"@id\":\"https:\/\/www.ausasteel.com\/de\/technische-angaben\/masstoleranzen\/en-10058\/#breadcrumb\",\"itemListElement\":[{\"@type\":\"ListItem\",\"position\":1,\"name\":\"Portada\",\"item\":\"https:\/\/www.ausasteel.com\/de\/\"},{\"@type\":\"ListItem\",\"position\":2,\"name\":\"Technische Angaben\",\"item\":\"https:\/\/www.ausasteel.com\/de\/technische-angaben\/\"},{\"@type\":\"ListItem\",\"position\":3,\"name\":\"Masstoleranzen\",\"item\":\"https:\/\/www.ausasteel.com\/de\/technische-angaben\/masstoleranzen\/\"},{\"@type\":\"ListItem\",\"position\":4,\"name\":\"EN 10058\"}]},{\"@type\":\"WebSite\",\"@id\":\"https:\/\/www.ausasteel.com\/de\/#website\",\"url\":\"https:\/\/www.ausasteel.com\/de\/\",\"name\":\"AUSA special steels\",\"description\":\"AUSA special steels\",\"potentialAction\":[{\"@type\":\"SearchAction\",\"target\":{\"@type\":\"EntryPoint\",\"urlTemplate\":\"https:\/\/www.ausasteel.com\/de\/?s={search_term_string}\"},\"query-input\":{\"@type\":\"PropertyValueSpecification\",\"valueRequired\":true,\"valueName\":\"search_term_string\"}}],\"inLanguage\":\"de-DE\"}]}<\/script>\n<!-- \/ Yoast SEO plugin. -->","yoast_head_json":{"title":"EN 10058 - AUSA Special Steel","description":"Europ\u00e4ische Norm, die die Nennabmessungen, Ma\u00dftoleranzen sowie die Form rechteckiger Stangen warmgewalzten Stahls f\u00fcr allgemeinen Einsatz festlegt.","robots":{"index":"index","follow":"follow","max-snippet":"max-snippet:-1","max-image-preview":"max-image-preview:large","max-video-preview":"max-video-preview:-1"},"canonical":"https:\/\/www.ausasteel.com\/de\/technische-angaben\/masstoleranzen\/en-10058\/","og_locale":"de_DE","og_type":"article","og_title":"EN 10058 - AUSA Special Steel","og_description":"Europ\u00e4ische Norm, die die Nennabmessungen, Ma\u00dftoleranzen sowie die Form rechteckiger Stangen warmgewalzten Stahls f\u00fcr allgemeinen Einsatz festlegt.","og_url":"https:\/\/www.ausasteel.com\/de\/technische-angaben\/masstoleranzen\/en-10058\/","og_site_name":"AUSA special steels","article_modified_time":"2019-09-11T15:49:52+00:00","og_image":[{"url":"https:\/\/www.ausasteel.com\/wp-content\/uploads\/2014\/10\/Planos.png","type":"","width":"","height":""}],"schema":{"@context":"https:\/\/schema.org","@graph":[{"@type":"WebPage","@id":"https:\/\/www.ausasteel.com\/de\/technische-angaben\/masstoleranzen\/en-10058\/","url":"https:\/\/www.ausasteel.com\/de\/technische-angaben\/masstoleranzen\/en-10058\/","name":"EN 10058 - AUSA Special Steel","isPartOf":{"@id":"https:\/\/www.ausasteel.com\/de\/#website"},"primaryImageOfPage":{"@id":"https:\/\/www.ausasteel.com\/de\/technische-angaben\/masstoleranzen\/en-10058\/#primaryimage"},"image":{"@id":"https:\/\/www.ausasteel.com\/de\/technische-angaben\/masstoleranzen\/en-10058\/#primaryimage"},"thumbnailUrl":"https:\/\/www.ausasteel.com\/wp-content\/uploads\/2014\/10\/Planos.png","datePublished":"2014-10-29T18:05:00+00:00","dateModified":"2019-09-11T15:49:52+00:00","description":"Europ\u00e4ische Norm, die die Nennabmessungen, Ma\u00dftoleranzen sowie die Form rechteckiger Stangen warmgewalzten Stahls f\u00fcr allgemeinen Einsatz festlegt.","breadcrumb":{"@id":"https:\/\/www.ausasteel.com\/de\/technische-angaben\/masstoleranzen\/en-10058\/#breadcrumb"},"inLanguage":"de-DE","potentialAction":[{"@type":"ReadAction","target":["https:\/\/www.ausasteel.com\/de\/technische-angaben\/masstoleranzen\/en-10058\/"]}]},{"@type":"ImageObject","inLanguage":"de-DE","@id":"https:\/\/www.ausasteel.com\/de\/technische-angaben\/masstoleranzen\/en-10058\/#primaryimage","url":"https:\/\/www.ausasteel.com\/wp-content\/uploads\/2014\/10\/Planos.png","contentUrl":"https:\/\/www.ausasteel.com\/wp-content\/uploads\/2014\/10\/Planos.png"},{"@type":"BreadcrumbList","@id":"https:\/\/www.ausasteel.com\/de\/technische-angaben\/masstoleranzen\/en-10058\/#breadcrumb","itemListElement":[{"@type":"ListItem","position":1,"name":"Portada","item":"https:\/\/www.ausasteel.com\/de\/"},{"@type":"ListItem","position":2,"name":"Technische Angaben","item":"https:\/\/www.ausasteel.com\/de\/technische-angaben\/"},{"@type":"ListItem","position":3,"name":"Masstoleranzen","item":"https:\/\/www.ausasteel.com\/de\/technische-angaben\/masstoleranzen\/"},{"@type":"ListItem","position":4,"name":"EN 10058"}]},{"@type":"WebSite","@id":"https:\/\/www.ausasteel.com\/de\/#website","url":"https:\/\/www.ausasteel.com\/de\/","name":"AUSA special steels","description":"AUSA special steels","potentialAction":[{"@type":"SearchAction","target":{"@type":"EntryPoint","urlTemplate":"https:\/\/www.ausasteel.com\/de\/?s={search_term_string}"},"query-input":{"@type":"PropertyValueSpecification","valueRequired":true,"valueName":"search_term_string"}}],"inLanguage":"de-DE"}]}},"_links":{"self":[{"href":"https:\/\/www.ausasteel.com\/de\/wp-json\/wp\/v2\/pages\/5271","targetHints":{"allow":["GET"]}}],"collection":[{"href":"https:\/\/www.ausasteel.com\/de\/wp-json\/wp\/v2\/pages"}],"about":[{"href":"https:\/\/www.ausasteel.com\/de\/wp-json\/wp\/v2\/types\/page"}],"author":[{"embeddable":true,"href":"https:\/\/www.ausasteel.com\/de\/wp-json\/wp\/v2\/users\/1"}],"replies":[{"embeddable":true,"href":"https:\/\/www.ausasteel.com\/de\/wp-json\/wp\/v2\/comments?post=5271"}],"version-history":[{"count":8,"href":"https:\/\/www.ausasteel.com\/de\/wp-json\/wp\/v2\/pages\/5271\/revisions"}],"predecessor-version":[{"id":15922,"href":"https:\/\/www.ausasteel.com\/de\/wp-json\/wp\/v2\/pages\/5271\/revisions\/15922"}],"up":[{"embeddable":true,"href":"https:\/\/www.ausasteel.com\/de\/wp-json\/wp\/v2\/pages\/5264"}],"wp:attachment":[{"href":"https:\/\/www.ausasteel.com\/de\/wp-json\/wp\/v2\/media?parent=5271"}],"curies":[{"name":"wp","href":"https:\/\/api.w.org\/{rel}","templated":true}]}}