    {"id":5260,"date":"2014-10-24T09:29:53","date_gmt":"2014-10-24T09:29:53","guid":{"rendered":"http:\/\/ausasteel.irantzu.com\/informacion-tecnica-2\/"},"modified":"2018-09-17T12:44:13","modified_gmt":"2018-09-17T12:44:13","slug":"technische-angaben","status":"publish","type":"page","link":"https:\/\/www.ausasteel.com\/de\/technische-angaben\/","title":{"rendered":"Technische Angaben"},"content":{"rendered":"<div class=\"row\">\n<div class=\"container\">\n<h1>Technische Angaben<\/h1>\n<p>Wir haben verschiedene Konverter entwickelt und einige Tabellen beigef\u00fcgt, von denen wir denken, dass sie Ihnen bei Ihrer t\u00e4glichen Arbeit n\u00fctzlich sein k\u00f6nnen: <strong>Gewichtsrechner<\/strong>, <strong>Masstoleranzen,<\/strong> <strong>U<\/strong><strong>mrechnung kg \/ Newton,<\/strong> <strong>H\u00e4rte und Festigkeitstabelle<\/strong><strong>, Toleranzen der gebohrten Stange,<\/strong> N<strong>ormen f\u00fcr die Tiefe von Oberfl\u00e4chenm\u00e4ngeln sowie einen Rechner f\u00fcr den Wert des Kohlenstoff\u00e4quivalents.<\/strong><\/p>\n<\/div>\n<\/div>\n<div class=\"row gris\" id=\"informacion_tecnica\">\n<div class=\"container\">\n<h2>Technische Angaben<\/h2>\n<p>[vc_widget_sidebar show_bg=&#8221;false&#8221; sidebar_id=&#8221;sidebar_26&#8243;]\n<\/p><\/div>\n<\/div><!-- AddThis Advanced Settings generic via filter on the_content -->","protected":false},"excerpt":{"rendered":"<p>Technische Angaben Wir haben verschiedene Konverter entwickelt und einige Tabellen beigef\u00fcgt, von denen wir denken, dass sie Ihnen bei Ihrer t\u00e4glichen Arbeit n\u00fctzlich sein k\u00f6nnen: Gewichtsrechner, Masstoleranzen, Umrechnung kg \/ Newton, H\u00e4rte und Festigkeitstabelle, Toleranzen der gebohrten Stange, Normen f\u00fcr die Tiefe von Oberfl\u00e4chenm\u00e4ngeln sowie einen Rechner f\u00fcr den Wert des Kohlenstoff\u00e4quivalents. Technische Angaben [vc_widget_sidebar&hellip;<!-- AddThis Advanced Settings generic via filter on get_the_excerpt --><\/p>\n","protected":false},"author":1,"featured_media":0,"parent":0,"menu_order":0,"comment_status":"closed","ping_status":"closed","template":"","meta":{"footnotes":""},"class_list":["post-5260","page","type-page","status-publish","hentry"],"yoast_head":"<!-- This site is optimized with the Yoast SEO plugin v26.6 - https:\/\/yoast.com\/wordpress\/plugins\/seo\/ -->\n<title>Technische Angaben - AUSA Special Steels<\/title>\n<meta name=\"description\" content=\"Wir haben verschiedene Konverter entwickelt und einige Tabellen beigef\u00fcgt, von denen wir denken, dass sie Ihnen bei Ihrer t\u00e4glichen Arbeit n\u00fctzlich sein k\u00f6nnen.\" \/>\n<meta name=\"robots\" content=\"index, follow, max-snippet:-1, max-image-preview:large, max-video-preview:-1\" \/>\n<link rel=\"canonical\" href=\"https:\/\/www.ausasteel.com\/de\/technische-angaben\/\" \/>\n<meta property=\"og:locale\" content=\"de_DE\" \/>\n<meta property=\"og:type\" content=\"article\" \/>\n<meta property=\"og:title\" content=\"Technische Angaben - AUSA Special Steels\" \/>\n<meta property=\"og:description\" content=\"Wir haben verschiedene Konverter entwickelt und einige Tabellen beigef\u00fcgt, von denen wir denken, dass sie Ihnen bei Ihrer t\u00e4glichen Arbeit n\u00fctzlich sein k\u00f6nnen.\" \/>\n<meta property=\"og:url\" content=\"https:\/\/www.ausasteel.com\/de\/technische-angaben\/\" \/>\n<meta property=\"og:site_name\" content=\"AUSA special steels\" \/>\n<meta property=\"article:modified_time\" content=\"2018-09-17T12:44:13+00:00\" \/>\n<script type=\"application\/ld+json\" class=\"yoast-schema-graph\">{\"@context\":\"https:\/\/schema.org\",\"@graph\":[{\"@type\":\"WebPage\",\"@id\":\"https:\/\/www.ausasteel.com\/de\/technische-angaben\/\",\"url\":\"https:\/\/www.ausasteel.com\/de\/technische-angaben\/\",\"name\":\"Technische Angaben - AUSA Special Steels\",\"isPartOf\":{\"@id\":\"https:\/\/www.ausasteel.com\/de\/#website\"},\"datePublished\":\"2014-10-24T09:29:53+00:00\",\"dateModified\":\"2018-09-17T12:44:13+00:00\",\"description\":\"Wir haben verschiedene Konverter entwickelt und einige Tabellen beigef\u00fcgt, von denen wir denken, dass sie Ihnen bei Ihrer t\u00e4glichen Arbeit n\u00fctzlich sein k\u00f6nnen.\",\"breadcrumb\":{\"@id\":\"https:\/\/www.ausasteel.com\/de\/technische-angaben\/#breadcrumb\"},\"inLanguage\":\"de-DE\",\"potentialAction\":[{\"@type\":\"ReadAction\",\"target\":[\"https:\/\/www.ausasteel.com\/de\/technische-angaben\/\"]}]},{\"@type\":\"BreadcrumbList\",\"@id\":\"https:\/\/www.ausasteel.com\/de\/technische-angaben\/#breadcrumb\",\"itemListElement\":[{\"@type\":\"ListItem\",\"position\":1,\"name\":\"Portada\",\"item\":\"https:\/\/www.ausasteel.com\/de\/\"},{\"@type\":\"ListItem\",\"position\":2,\"name\":\"Technische Angaben\"}]},{\"@type\":\"WebSite\",\"@id\":\"https:\/\/www.ausasteel.com\/de\/#website\",\"url\":\"https:\/\/www.ausasteel.com\/de\/\",\"name\":\"AUSA special steels\",\"description\":\"AUSA special steels\",\"potentialAction\":[{\"@type\":\"SearchAction\",\"target\":{\"@type\":\"EntryPoint\",\"urlTemplate\":\"https:\/\/www.ausasteel.com\/de\/?s={search_term_string}\"},\"query-input\":{\"@type\":\"PropertyValueSpecification\",\"valueRequired\":true,\"valueName\":\"search_term_string\"}}],\"inLanguage\":\"de-DE\"}]}<\/script>\n<!-- \/ Yoast SEO plugin. -->","yoast_head_json":{"title":"Technische Angaben - AUSA Special Steels","description":"Wir haben verschiedene Konverter entwickelt und einige Tabellen beigef\u00fcgt, von denen wir denken, dass sie Ihnen bei Ihrer t\u00e4glichen Arbeit n\u00fctzlich sein k\u00f6nnen.","robots":{"index":"index","follow":"follow","max-snippet":"max-snippet:-1","max-image-preview":"max-image-preview:large","max-video-preview":"max-video-preview:-1"},"canonical":"https:\/\/www.ausasteel.com\/de\/technische-angaben\/","og_locale":"de_DE","og_type":"article","og_title":"Technische Angaben - AUSA Special Steels","og_description":"Wir haben verschiedene Konverter entwickelt und einige Tabellen beigef\u00fcgt, von denen wir denken, dass sie Ihnen bei Ihrer t\u00e4glichen Arbeit n\u00fctzlich sein k\u00f6nnen.","og_url":"https:\/\/www.ausasteel.com\/de\/technische-angaben\/","og_site_name":"AUSA special steels","article_modified_time":"2018-09-17T12:44:13+00:00","schema":{"@context":"https:\/\/schema.org","@graph":[{"@type":"WebPage","@id":"https:\/\/www.ausasteel.com\/de\/technische-angaben\/","url":"https:\/\/www.ausasteel.com\/de\/technische-angaben\/","name":"Technische Angaben - AUSA Special Steels","isPartOf":{"@id":"https:\/\/www.ausasteel.com\/de\/#website"},"datePublished":"2014-10-24T09:29:53+00:00","dateModified":"2018-09-17T12:44:13+00:00","description":"Wir haben verschiedene Konverter entwickelt und einige Tabellen beigef\u00fcgt, von denen wir denken, dass sie Ihnen bei Ihrer t\u00e4glichen Arbeit n\u00fctzlich sein k\u00f6nnen.","breadcrumb":{"@id":"https:\/\/www.ausasteel.com\/de\/technische-angaben\/#breadcrumb"},"inLanguage":"de-DE","potentialAction":[{"@type":"ReadAction","target":["https:\/\/www.ausasteel.com\/de\/technische-angaben\/"]}]},{"@type":"BreadcrumbList","@id":"https:\/\/www.ausasteel.com\/de\/technische-angaben\/#breadcrumb","itemListElement":[{"@type":"ListItem","position":1,"name":"Portada","item":"https:\/\/www.ausasteel.com\/de\/"},{"@type":"ListItem","position":2,"name":"Technische Angaben"}]},{"@type":"WebSite","@id":"https:\/\/www.ausasteel.com\/de\/#website","url":"https:\/\/www.ausasteel.com\/de\/","name":"AUSA special steels","description":"AUSA special steels","potentialAction":[{"@type":"SearchAction","target":{"@type":"EntryPoint","urlTemplate":"https:\/\/www.ausasteel.com\/de\/?s={search_term_string}"},"query-input":{"@type":"PropertyValueSpecification","valueRequired":true,"valueName":"search_term_string"}}],"inLanguage":"de-DE"}]}},"_links":{"self":[{"href":"https:\/\/www.ausasteel.com\/de\/wp-json\/wp\/v2\/pages\/5260","targetHints":{"allow":["GET"]}}],"collection":[{"href":"https:\/\/www.ausasteel.com\/de\/wp-json\/wp\/v2\/pages"}],"about":[{"href":"https:\/\/www.ausasteel.com\/de\/wp-json\/wp\/v2\/types\/page"}],"author":[{"embeddable":true,"href":"https:\/\/www.ausasteel.com\/de\/wp-json\/wp\/v2\/users\/1"}],"replies":[{"embeddable":true,"href":"https:\/\/www.ausasteel.com\/de\/wp-json\/wp\/v2\/comments?post=5260"}],"version-history":[{"count":5,"href":"https:\/\/www.ausasteel.com\/de\/wp-json\/wp\/v2\/pages\/5260\/revisions"}],"predecessor-version":[{"id":14416,"href":"https:\/\/www.ausasteel.com\/de\/wp-json\/wp\/v2\/pages\/5260\/revisions\/14416"}],"wp:attachment":[{"href":"https:\/\/www.ausasteel.com\/de\/wp-json\/wp\/v2\/media?parent=5260"}],"curies":[{"name":"wp","href":"https:\/\/api.w.org\/{rel}","templated":true}]}}