    {"id":5241,"date":"2014-10-18T17:17:07","date_gmt":"2014-10-18T17:17:07","guid":{"rendered":"http:\/\/ausasteel.irantzu.com\/inicio-3\/"},"modified":"2019-09-03T14:26:16","modified_gmt":"2019-09-03T14:26:16","slug":"inicio","status":"publish","type":"page","link":"https:\/\/www.ausasteel.com\/de\/","title":{"rendered":"Start"},"content":{"rendered":"<div class=\"wpb-content-wrapper\"><div class=\"home\">\n<div id=\"intro_ausa\" class=\"row\">\n<div class=\"container\">\n<div class=\"col-md-12 titulo_seccion\">\n<h2>AUSA<\/h2>\n<h3>A partner for your ideas<\/h3>\n<\/div>\n<\/div>\n<div class=\"container\">\n<div class=\"col-md-6 bloque_enlace\">\n<div><img decoding=\"async\" src=\"\/wp-content\/uploads\/2018\/08\/aceros_especiales.jpg\" alt=\"Special Steels\" \/><a class=\"caja_enlace\" title=\"Spezialst\u00e4hlen\" href=\"\/de\/spezialstahlen\/\"><br \/>\n<span class=\"titulo_caja\">Spezialst\u00e4hlen<\/span><br \/>\n<span class=\"texto_caja\">Breite Palette an <strong>gewalzten und geschmiedeten St\u00e4hlen auf Lager mit sofortiger Lieferung<\/strong>.<\/span><br \/>\n<span class=\"btn_ausa\">Unsere Spezialst\u00e4hle anzeigen<\/span><br \/>\n<\/a><\/div>\n<\/div>\n<div class=\"col-md-6 bloque_enlace\">\n<div><img decoding=\"async\" src=\"\/wp-content\/uploads\/2018\/08\/aceros_calibrados.jpg\" alt=\"Kalibrierte St\u00e4hle\" \/><a class=\"caja_enlace\" title=\"Kalibrierte St\u00e4hle\" href=\"\/de\/stahle\/kalibrierten-stahlen\/\"><br \/>\n<span class=\"titulo_caja\">Kalibrierte St\u00e4hle<\/span><br \/>\n<span class=\"texto_caja\">Wir stellen kalibrierte, kaltgezogene St\u00e4hle her. <strong>Gro\u00dfer Lagerbestand mit sofortiger Lieferung. <\/strong><\/span><br \/>\n<span class=\"btn_ausa\">Unsere kalibrierten St\u00e4hle anzeigen<\/span><br \/>\n<\/a><\/div>\n<\/div>\n<\/div>\n<\/div>\n<div id=\"informacion_tecnica\" class=\"row\">\n<div class=\"container\">\n<div class=\"col-md-12 titulo\">\n<h2>Technische Angaben<\/h2>\n<\/div>\n<\/div>\n<div class=\"container herramientas\">\n<div class=\"col-md-6 bloque_enlace_outline\">\n<div><a class=\"caja_enlace\" title=\"Gewichtsrechner\" href=\"\/de\/technische-angaben\/gewichtsrechner\/\"><br \/>\n<span class=\"col-md-8\"><br \/>\n<span class=\"titulo_caja\">Gewichtsrechner<\/span><br \/>\n<span class=\"texto_caja\">Berechnen Sie das<strong> theoretische Gewicht des Materials<\/strong> sowie seinen <strong>Preis pro Tonne<\/strong>.<\/span><br \/>\n<span class=\"btn_ausa_outline\">Zum Gewichtsrechner<\/span><br \/>\n<\/span><br \/>\n<span class=\"col-md-4\"><br \/>\n<img decoding=\"async\" title=\"Gewichtsrechner\" src=\"\/img\/icons\/calculadora_naranja.svg\" alt=\"Gewichtsrechner\" \/><br \/>\n<\/span><br \/>\n<\/a><\/div>\n<\/div>\n<div class=\"col-md-6 bloque_enlace_outline\">\n<div><a class=\"caja_enlace\" title=\"Dimensional Tolerances\" href=\"\/en\/technical-information\/dimensional-tolerances\/\"><br \/>\n<span class=\"col-md-8\"><br \/>\n<span class=\"titulo_caja\">Masstoleranzen<\/span><br \/>\n<span class=\"texto_caja\">Klassifizierung der oberen und unteren Grenzen der Materialien laut Norm.<\/span><br \/>\n<span class=\"btn_ausa_outline\">Zu den Masstoleranzen<\/span><br \/>\n<\/span><br \/>\n<span class=\"col-md-4\"><br \/>\n<img decoding=\"async\" title=\"Masstoleranzen\" src=\"\/img\/icons\/calibre_naranja.svg\" alt=\"Masstoleranzen\" \/><br \/>\n<\/span><br \/>\n<\/a><\/div>\n<\/div>\n<\/div>\n<\/div>\n<div id=\"contacta\" class=\"row\">\n<div class=\"container\">\n<div class=\"col-md-12 titulo\">\n<h2>Kontaktieren Sie uns und senden Sie uns Ihre Anfrage<\/h2>\n<\/div>\n<div>\n<p>Haben Sie Fragen bez\u00fcglich unserer Werkstoffe?, Ben\u00f6tigen Sie einen Kostenvoranschlag?<br \/>\n<a class=\"btn_ausa\" title=\"Contact\" href=\"\/de\/kontakt\">Kontakt<\/a><\/p>\n<\/div>\n<\/div>\n<\/div>\n<div id=\"historia\" class=\"row\">\n<div class=\"container columna_imagen\">\n<div class=\"col-md-6\">\n<div class=\"titulo\">\n<h2>Lieferung von Spezialst\u00e4hlen und herstellung kalibrierter St\u00e4hle seit 1957<\/h2>\n<h3><strong>AUSA<\/strong> ist f\u00fcr alle <strong>Branchen der Industrie<\/strong> t\u00e4tig: Werkzeugmaschinen, Schmieden, Automobil, Automatendrehen, Gie\u00dfereien, Luftfahrt, Eisenbahn, Landwirtschaft, etc.<\/h3>\n<\/div>\n<div>\n<p>Wir sind spezialisiert auf den <strong>Vertrieb von Spezialst\u00e4hlen<\/strong> \u2013 gewalzte und in Umwandlung und Schnitt geschmiedete St\u00e4hle \u2013 sowie auf die Herstellung von <strong>kalibrierten, kaltgezogenen St\u00e4hlen<\/strong>.<\/p>\n<p>Wir haben Auslieferungszentren in <strong><a href=\"\/de\/uber-ausa\/vitoria-spanien\/\">Vitoria<\/a>, Barcelona, Valencia, Zaragoza, Sevilla, Valladolid und Madrid (Spanien) , <a href=\"\/de\/uber-ausa\/luttich-belgien\/\">L\u00fcttich <\/a><\/strong>(Belgien) und <a href=\"\/de\/uber-ausa\/galati-rumanien\/\"><strong>Galati<\/strong><\/a> (Rum\u00e4nien), die sicherstellen, dass Sie Ihr Material p\u00fcnktlich in Ihrem Werk haben.<\/p>\n<p><strong>AUSA<\/strong> verf\u00fcgt \u00fcber ein Netzwerk, das ihnen erm\u00f6glicht, an jeden beliebigen Ort der Welt zu gelangen.<\/p>\n<p><a class=\"btn_ausa_invertido\" title=\"Spezialst\u00e4hlen\" href=\"\/de\/spezialstahlen\/\">Unsere Spezialst\u00e4hle anzeigen<\/a><a class=\"btn_ausa_invertido\" title=\"Kalibrierten St\u00e4hle\" href=\"\/de\/kalibrierten-stahlen\/\">Unsere kalibrierten St\u00e4hle anzeigen<\/a><\/p>\n<\/div>\n<\/div>\n<div class=\"col-md-6\">\n<div class=\"container_imagen\"><img decoding=\"async\" src=\"\/wp-content\/uploads\/2014\/10\/Aceros-Especiales-Calibrados-AUSA.jpg\" alt=\"Lieferung von Spezialst\u00e4hlen und herstellung kalibrierter St\u00e4hle seit 1957\" \/><\/div>\n<\/div>\n<\/div>\n<\/div>\n<div id=\"caracteristicas\" class=\"row\">\n<div class=\"container\">\n<div class=\"col-md-3 col-sm-6\">\n<div class=\"icono\"><img decoding=\"async\" class=\"wp-image-2745 size-full alignnone\" title=\"Stock\" src=\"\/img\/icons\/stock.svg\" alt=\"Stock\" \/><\/div>\n<p><strong>Gro\u00dfe Material-Lagerbest\u00e4nde mit zahlreichen Artikelnummern<\/strong> in unseren Auslieferungszentren<\/p>\n<\/div>\n<div class=\"col-md-3 col-sm-6\">\n<div class=\"icono\"><img decoding=\"async\" class=\"wp-image-2745 size-full alignnone\" title=\"Fleet\" src=\"\/img\/icons\/transporte.svg\" alt=\"Fleet\" \/><\/div>\n<p><strong>Eigener LKW-Fuhrpark<\/strong> und <strong>sofortige Lieferung<\/strong>.<\/p>\n<\/div>\n<div class=\"col-md-3 col-sm-6\">\n<div class=\"icono\"><img decoding=\"async\" class=\"wp-image-2745 size-full alignnone\" title=\"Team\" src=\"\/img\/icons\/equipo.svg\" alt=\"Team\" \/><\/div>\n<p>Ein <strong>Expertenteam<\/strong> mit langj\u00e4hriger Erfahrung auf seinem Gebiet.<\/p>\n<\/div>\n<div class=\"col-md-3 col-sm-6\">\n<div class=\"icono\"><img decoding=\"async\" class=\"wp-image-2745 size-full alignnone\" title=\"Quality\" src=\"\/img\/icons\/iso.svg\" alt=\"Quality\" \/><\/div>\n<p><strong>Strenges Qualit\u00e4tssicherungssystem <\/strong>laut der Norm ISO 9001:2008.<\/p>\n<\/div>\n<\/div>\n<\/div>\n<div id=\"blog\" class=\"row\">\n<div class=\"container\">\n<div class=\"col-md-12 titulo\">\n<h2 style=\"text-align: center;\">Unser blog<\/h2>\n<\/div>\n<div class=\"col-md-12\"><div class=\"wf-container shortcode-blog-posts description-under-image iso-grid\" data-padding=\"20px\" data-width=\"370px\">\n<div class=\"wf-cell\" data-date=\"2018-01-25T14:35:17+00:00\" data-name=\"ISO9001: 2015 Was ist neu?\" data-post-id=\"13096\">\n<article class=\"post-13096 post type-post status-publish format-standard has-post-thumbnail hentry category-artikel tag-ausa-steel tag-iso\">\n\n\t<div class=\"blog-media wf-td\"><p><a href=\"https:\/\/www.ausasteel.com\/de\/iso9001-2015-was-ist-neu\/\" class=\"alignnone rollover\" ><img loading=\"lazy\" decoding=\"async\" class=\"preload-me\" src=\"https:\/\/www.ausasteel.com\/wp-content\/uploads\/2018\/01\/infografi\u0301a-ausa3A-555x395.jpg\" alt=\"\" title=\"infografi\u0301a-ausa3A\" width=\"555\" height=\"395\"  \/><\/a><\/p><\/div>\n\t<div class=\"blog-content wf-td\">\n\t\t<h2 class=\"entry-title\">\n\t\t\t<a href=\"https:\/\/www.ausasteel.com\/de\/iso9001-2015-was-ist-neu\/\" title=\"ISO9001: 2015 Was ist neu?\" rel=\"bookmark\">ISO9001: 2015 Was ist neu?<\/a>\n\t\t<\/h2>\n\n\t\t\n\t\t      <p>Nach dem Artikel \u201eStahl und ISO-Normen\u201c, wo wir die Standardisierung von ISO International Organization in Produkten wie Stahl diskutiert, stellen wir unter den wichtigsten Auswirkungen der \u00dcberpr\u00fcfung der h\u00e4ufigsten ISO-Norm : ISO 9001. Die von den meisten Unternehmen zur Zertifizierung ihres Qualit\u00e4tssystems gew\u00e4hlte Norm ISO 9001 soll die Einhaltung der Kundenanforderungen und die kontinuierliche Verbesserung&hellip;<!-- AddThis Advanced Settings generic via filter on get_the_excerpt --><\/p>\n\n\t\t<div class=\"post-format entry-meta\">&nbsp;<\/div>\n\t\t<a href=\"https:\/\/www.ausasteel.com\/de\/iso9001-2015-was-ist-neu\/\" class=\"details more-link\" rel=\"nofollow\">Details<\/a>\n\t\t\t<\/div>\n<\/article><!-- #post-13096 -->\n\n<\/div>\n<div class=\"wf-cell\" data-date=\"2017-11-16T15:03:27+00:00\" data-name=\"5 SCHL\u00dcSSEL AUF STAHL HEUTE\" data-post-id=\"12700\">\n<article class=\"post-12700 post type-post status-publish format-standard has-post-thumbnail hentry category-artikel category-blog-de\">\n\n\t<div class=\"blog-media wf-td\"><p><a href=\"https:\/\/www.ausasteel.com\/de\/5-schlussel-auf-stahl-heute\/\" class=\"alignnone rollover\" ><img loading=\"lazy\" decoding=\"async\" class=\"preload-me\" src=\"https:\/\/www.ausasteel.com\/wp-content\/uploads\/2017\/11\/5-SCHL\u00dcSSEL-AUF-STAHL-HEUTE-web-555x385.jpg\" alt=\"\" title=\"5-SCHL\u00dcSSEL-AUF-STAHL-HEUTE&#8212;web\" width=\"555\" height=\"385\"  \/><\/a><\/p><\/div>\n\t<div class=\"blog-content wf-td\">\n\t\t<h2 class=\"entry-title\">\n\t\t\t<a href=\"https:\/\/www.ausasteel.com\/de\/5-schlussel-auf-stahl-heute\/\" title=\"5 SCHL\u00dcSSEL AUF STAHL HEUTE\" rel=\"bookmark\">5 SCHL\u00dcSSEL AUF STAHL HEUTE<\/a>\n\t\t<\/h2>\n\n\t\t\n\t\t  <div class=\"wpb-content-wrapper\"><p>[vc_row][vc_column width=&#8221;1\/1&#8243;][vc_column_text]<a href=\"https:\/\/www.ausasteel.com\/wp-content\/uploads\/2017\/11\/5-SCHL\u00dcSSEL-AUF-STAHL-HEUTE.jpg\" data-rel=\"lightbox-gallery-bGlnaHRib3gtZ2FsbGVyeS1ab3ViYnRudA==\" data-rl_title=\"\" data-rl_caption=\"\" data-rl_title=\"\" data-rl_caption=\"\" title=\"\"><img loading=\"lazy\" decoding=\"async\" class=\"alignnone size-full wp-image-12701\" src=\"https:\/\/www.ausasteel.com\/wp-content\/uploads\/2017\/11\/5-SCHL\u00dcSSEL-AUF-STAHL-HEUTE.jpg\" alt=\"5-SCHL\u00dcSSEL-AUF-STAHL-HEUTE\" width=\"1200\" height=\"1697\" srcset=\"https:\/\/www.ausasteel.com\/wp-content\/uploads\/2017\/11\/5-SCHL\u00dcSSEL-AUF-STAHL-HEUTE.jpg 1200w, https:\/\/www.ausasteel.com\/wp-content\/uploads\/2017\/11\/5-SCHL\u00dcSSEL-AUF-STAHL-HEUTE-212x300.jpg 212w, https:\/\/www.ausasteel.com\/wp-content\/uploads\/2017\/11\/5-SCHL\u00dcSSEL-AUF-STAHL-HEUTE-724x1024.jpg 724w\" sizes=\"auto, (max-width: 1200px) 100vw, 1200px\" \/><\/a>[\/vc_column_text][\/vc_column][\/vc_row]<\/p>\n<\/div><!-- AddThis Advanced Settings generic via filter on the_content -->\n\t\t<div class=\"post-format entry-meta\">&nbsp;<\/div>\n\t\t\n\t\t\t<\/div>\n<\/article><!-- #post-12700 -->\n\n<\/div>\n<div class=\"wf-cell\" data-date=\"2017-10-09T16:20:45+00:00\" data-name=\"KONNOSSEMENT IN 5 SCHRITTEN\" data-post-id=\"12649\">\n<article class=\"post-12649 post type-post status-publish format-standard has-post-thumbnail hentry category-artikel\">\n\n\t<div class=\"blog-media wf-td\"><p><a href=\"https:\/\/www.ausasteel.com\/de\/konnossement-in-5-schritten\/\" class=\"alignnone rollover\" ><img loading=\"lazy\" decoding=\"async\" class=\"preload-me\" src=\"https:\/\/www.ausasteel.com\/wp-content\/uploads\/2017\/10\/bill-of-lading-DE-555x370.jpg\" alt=\"\" title=\"bill-of-lading-DE\" width=\"555\" height=\"370\"  \/><\/a><\/p><\/div>\n\t<div class=\"blog-content wf-td\">\n\t\t<h2 class=\"entry-title\">\n\t\t\t<a href=\"https:\/\/www.ausasteel.com\/de\/konnossement-in-5-schritten\/\" title=\"KONNOSSEMENT IN 5 SCHRITTEN\" rel=\"bookmark\">KONNOSSEMENT IN 5 SCHRITTEN<\/a>\n\t\t<\/h2>\n\n\t\t\n\t\t      <p>Mehr als 80% der weltweiten internationalen Warentransporte, einschlie\u00dflich Stahl, werden haupts\u00e4chlich aus wirtschaftlichen Gr\u00fcnden auf See * durchgef\u00fchrt. Die Trockeng\u00fcterschifffahrt, einschlie\u00dflich Stahl, w\u00e4chst schneller als das Welt-BIP. Das Konnossement, dessen Abk\u00fcrzung B \/ L (Bill of Lading auf Englisch), ist eines der wesentlichen Dokumente, die f\u00fcr dieses Transportmittel verwendet werden. In diesen f\u00fcnf Punkten. 1.&hellip;<!-- AddThis Advanced Settings generic via filter on get_the_excerpt --><\/p>\n\n\t\t<div class=\"post-format entry-meta\">&nbsp;<\/div>\n\t\t<a href=\"https:\/\/www.ausasteel.com\/de\/konnossement-in-5-schritten\/\" class=\"details more-link\" rel=\"nofollow\">Details<\/a>\n\t\t\t<\/div>\n<\/article><!-- #post-12649 -->\n\n<\/div><\/div><\/div>\n<\/div>\n<\/div>\n<\/div>\n<\/div>","protected":false},"excerpt":{"rendered":"<p>AUSA A partner for your ideas Spezialst\u00e4hlen Breite Palette an gewalzten und geschmiedeten St\u00e4hlen auf Lager mit sofortiger Lieferung. Unsere Spezialst\u00e4hle anzeigen Kalibrierte St\u00e4hle Wir stellen kalibrierte, kaltgezogene St\u00e4hle her. Gro\u00dfer Lagerbestand mit sofortiger Lieferung. Unsere kalibrierten St\u00e4hle anzeigen Technische Angaben Gewichtsrechner Berechnen Sie das theoretische Gewicht des Materials sowie seinen Preis pro Tonne. Zum&hellip;<!-- AddThis Advanced Settings generic via filter on get_the_excerpt --><\/p>\n","protected":false},"author":1,"featured_media":0,"parent":0,"menu_order":0,"comment_status":"closed","ping_status":"closed","template":"","meta":{"footnotes":""},"class_list":["post-5241","page","type-page","status-publish","hentry"],"yoast_head":"<!-- This site is optimized with the Yoast SEO plugin v26.6 - https:\/\/yoast.com\/wordpress\/plugins\/seo\/ -->\n<title>Lieferung von Spezialst\u00e4hle und Kalibrierte St\u00e4hle - AUSA<\/title>\n<meta name=\"description\" content=\"F\u00fchrender Anbieter von Spezialst\u00e4hle und St\u00e4hle kalibriert Unternehmen. Gro\u00dfer Bestand an Materialien LKW-Flotte und ISO 9001: 2008.\" \/>\n<meta name=\"robots\" content=\"index, follow, max-snippet:-1, max-image-preview:large, max-video-preview:-1\" \/>\n<link rel=\"canonical\" href=\"https:\/\/www.ausasteel.com\/de\/\" \/>\n<meta property=\"og:locale\" content=\"de_DE\" \/>\n<meta property=\"og:type\" content=\"article\" \/>\n<meta property=\"og:title\" content=\"Lieferung von Spezialst\u00e4hle und Kalibrierte St\u00e4hle - AUSA\" \/>\n<meta property=\"og:description\" content=\"F\u00fchrender Anbieter von Spezialst\u00e4hle und St\u00e4hle kalibriert Unternehmen. Gro\u00dfer Bestand an Materialien LKW-Flotte und ISO 9001: 2008.\" \/>\n<meta property=\"og:url\" content=\"https:\/\/www.ausasteel.com\/de\/\" \/>\n<meta property=\"og:site_name\" content=\"AUSA special steels\" \/>\n<meta property=\"article:modified_time\" content=\"2019-09-03T14:26:16+00:00\" \/>\n<meta name=\"twitter:label1\" content=\"Est. reading time\" \/>\n\t<meta name=\"twitter:data1\" content=\"1 minute\" \/>\n<script type=\"application\/ld+json\" class=\"yoast-schema-graph\">{\"@context\":\"https:\/\/schema.org\",\"@graph\":[{\"@type\":\"WebPage\",\"@id\":\"https:\/\/www.ausasteel.com\/de\/\",\"url\":\"https:\/\/www.ausasteel.com\/de\/\",\"name\":\"Lieferung von Spezialst\u00e4hle und Kalibrierte St\u00e4hle - AUSA\",\"isPartOf\":{\"@id\":\"https:\/\/www.ausasteel.com\/de\/#website\"},\"datePublished\":\"2014-10-18T17:17:07+00:00\",\"dateModified\":\"2019-09-03T14:26:16+00:00\",\"description\":\"F\u00fchrender Anbieter von Spezialst\u00e4hle und St\u00e4hle kalibriert Unternehmen. Gro\u00dfer Bestand an Materialien LKW-Flotte und ISO 9001: 2008.\",\"breadcrumb\":{\"@id\":\"https:\/\/www.ausasteel.com\/de\/#breadcrumb\"},\"inLanguage\":\"de-DE\",\"potentialAction\":[{\"@type\":\"ReadAction\",\"target\":[\"https:\/\/www.ausasteel.com\/de\/\"]}]},{\"@type\":\"BreadcrumbList\",\"@id\":\"https:\/\/www.ausasteel.com\/de\/#breadcrumb\",\"itemListElement\":[{\"@type\":\"ListItem\",\"position\":1,\"name\":\"Portada\",\"item\":\"https:\/\/www.ausasteel.com\/de\/\"},{\"@type\":\"ListItem\",\"position\":2,\"name\":\"Start\"}]},{\"@type\":\"WebSite\",\"@id\":\"https:\/\/www.ausasteel.com\/de\/#website\",\"url\":\"https:\/\/www.ausasteel.com\/de\/\",\"name\":\"AUSA special steels\",\"description\":\"AUSA special steels\",\"potentialAction\":[{\"@type\":\"SearchAction\",\"target\":{\"@type\":\"EntryPoint\",\"urlTemplate\":\"https:\/\/www.ausasteel.com\/de\/?s={search_term_string}\"},\"query-input\":{\"@type\":\"PropertyValueSpecification\",\"valueRequired\":true,\"valueName\":\"search_term_string\"}}],\"inLanguage\":\"de-DE\"}]}<\/script>\n<!-- \/ Yoast SEO plugin. -->","yoast_head_json":{"title":"Lieferung von Spezialst\u00e4hle und Kalibrierte St\u00e4hle - AUSA","description":"F\u00fchrender Anbieter von Spezialst\u00e4hle und St\u00e4hle kalibriert Unternehmen. Gro\u00dfer Bestand an Materialien LKW-Flotte und ISO 9001: 2008.","robots":{"index":"index","follow":"follow","max-snippet":"max-snippet:-1","max-image-preview":"max-image-preview:large","max-video-preview":"max-video-preview:-1"},"canonical":"https:\/\/www.ausasteel.com\/de\/","og_locale":"de_DE","og_type":"article","og_title":"Lieferung von Spezialst\u00e4hle und Kalibrierte St\u00e4hle - AUSA","og_description":"F\u00fchrender Anbieter von Spezialst\u00e4hle und St\u00e4hle kalibriert Unternehmen. Gro\u00dfer Bestand an Materialien LKW-Flotte und ISO 9001: 2008.","og_url":"https:\/\/www.ausasteel.com\/de\/","og_site_name":"AUSA special steels","article_modified_time":"2019-09-03T14:26:16+00:00","twitter_misc":{"Est. reading time":"1 minute"},"schema":{"@context":"https:\/\/schema.org","@graph":[{"@type":"WebPage","@id":"https:\/\/www.ausasteel.com\/de\/","url":"https:\/\/www.ausasteel.com\/de\/","name":"Lieferung von Spezialst\u00e4hle und Kalibrierte St\u00e4hle - AUSA","isPartOf":{"@id":"https:\/\/www.ausasteel.com\/de\/#website"},"datePublished":"2014-10-18T17:17:07+00:00","dateModified":"2019-09-03T14:26:16+00:00","description":"F\u00fchrender Anbieter von Spezialst\u00e4hle und St\u00e4hle kalibriert Unternehmen. Gro\u00dfer Bestand an Materialien LKW-Flotte und ISO 9001: 2008.","breadcrumb":{"@id":"https:\/\/www.ausasteel.com\/de\/#breadcrumb"},"inLanguage":"de-DE","potentialAction":[{"@type":"ReadAction","target":["https:\/\/www.ausasteel.com\/de\/"]}]},{"@type":"BreadcrumbList","@id":"https:\/\/www.ausasteel.com\/de\/#breadcrumb","itemListElement":[{"@type":"ListItem","position":1,"name":"Portada","item":"https:\/\/www.ausasteel.com\/de\/"},{"@type":"ListItem","position":2,"name":"Start"}]},{"@type":"WebSite","@id":"https:\/\/www.ausasteel.com\/de\/#website","url":"https:\/\/www.ausasteel.com\/de\/","name":"AUSA special steels","description":"AUSA special steels","potentialAction":[{"@type":"SearchAction","target":{"@type":"EntryPoint","urlTemplate":"https:\/\/www.ausasteel.com\/de\/?s={search_term_string}"},"query-input":{"@type":"PropertyValueSpecification","valueRequired":true,"valueName":"search_term_string"}}],"inLanguage":"de-DE"}]}},"_links":{"self":[{"href":"https:\/\/www.ausasteel.com\/de\/wp-json\/wp\/v2\/pages\/5241","targetHints":{"allow":["GET"]}}],"collection":[{"href":"https:\/\/www.ausasteel.com\/de\/wp-json\/wp\/v2\/pages"}],"about":[{"href":"https:\/\/www.ausasteel.com\/de\/wp-json\/wp\/v2\/types\/page"}],"author":[{"embeddable":true,"href":"https:\/\/www.ausasteel.com\/de\/wp-json\/wp\/v2\/users\/1"}],"replies":[{"embeddable":true,"href":"https:\/\/www.ausasteel.com\/de\/wp-json\/wp\/v2\/comments?post=5241"}],"version-history":[{"count":26,"href":"https:\/\/www.ausasteel.com\/de\/wp-json\/wp\/v2\/pages\/5241\/revisions"}],"predecessor-version":[{"id":15843,"href":"https:\/\/www.ausasteel.com\/de\/wp-json\/wp\/v2\/pages\/5241\/revisions\/15843"}],"wp:attachment":[{"href":"https:\/\/www.ausasteel.com\/de\/wp-json\/wp\/v2\/media?parent=5241"}],"curies":[{"name":"wp","href":"https:\/\/api.w.org\/{rel}","templated":true}]}}